{"id":10308,"date":"2016-11-16T12:50:43","date_gmt":"2016-11-16T12:50:43","guid":{"rendered":"http:\/\/www.elche.es\/va\/participacio-ciutadana\/pressupost-participatiu\/autorreglamento-2016\/"},"modified":"2022-04-05T12:44:03","modified_gmt":"2022-04-05T11:44:03","slug":"autorreglament-2016","status":"publish","type":"page","link":"https:\/\/www.elche.es\/va\/participacio-ciutadana\/pressupost-participatiu\/proces-participatiu-2016\/autorreglament-2016\/","title":{"rendered":"Autoreglament 2016"},"content":{"rendered":"<div class=\"wpb-content-wrapper\"><p>[vc_row full_width=&#8221;stretch_row&#8221; css=&#8221;.vc_custom_1475488224066{background-color: #dddde0 !important;}&#8221;][vc_column][vc_column_text]<nav aria-label=\"breadcrumbs\">\n            <div class=\"breadcrumb-container theme1\">\n                <ol>\n                                    <\/ol>\n            <\/div>\n        <\/nav>    <script type=\"application\/ld+json\">\n        {\n            \"@context\": \"http:\/\/schema.org\",\n            \"@type\": \"BreadcrumbList\",\n            \"itemListElement\": [\n                            ]\n        }\n    <\/script>\n    <style type=\"text\/css\">\n        .breadcrumb-container {\n            font-size: 13px;\n        }\n\n        .breadcrumb-container ul {\n            margin: 0;\n            padding: 0;\n        }\n\n        .breadcrumb-container li {\n            box-sizing: unset;\n            display: inline-block;\n            margin: 0;\n            padding: 0;\n        }\n\n        .breadcrumb-container li a {\n            box-sizing: unset;\n            padding: 0 10px;\n        }\n\n        .breadcrumb-container {\n            font-size: 3 !important;\n                    }\n\n        .breadcrumb-container li a {\n            color: #0a0a0a !important;\n            font-size: 3 !important;\n            line-height: 3 !important;\n                    }\n\n        .breadcrumb-container li .separator {\n            font-size: 3 !important;\n                    }\n\n        .breadcrumb-container li:last-child .separator {\n            display: none;\n        }\n    <\/style>\n    <style type=\"text\/css\">\n        .breadcrumb-container.theme1 li {\n            margin: 0;\n            padding: 0;\n        }\n        .breadcrumb-container.theme1 a {\n            background: ;\n            display: inline-block;\n            margin: 0 5px;\n            padding: 5px 10px;\n            text-decoration: none;\n        }\n    <\/style>\n        <style type=\"text\/css\">\n            <\/style>\n    <script>\n            <\/script>\n[\/vc_column_text][\/vc_column][\/vc_row][vc_row css=&#8221;.vc_custom_1475488264405{padding-bottom: 40px !important;}&#8221; el_id=&#8221;bloque_basica&#8221;][vc_column]<h3 class=\"sc_title sc_title_regular margin_top_tiny\">Autoreglament 2016<\/h3>[vc_single_image image=&#8221;8198&#8243; img_size=&#8221;full&#8221; css=&#8221;.vc_custom_1479300970424{padding-bottom: 20px !important;}&#8221;][vc_column_text]<\/p>\n<div id=\"content\" class=\"withsidebar span8\">\n<div id=\"content-inner\">\n<div id=\"content-zone\">\n<div class=\"contentbody\">\n<p>L&#8217; Autoreglament del Pressupost Participatiu \u00e9s un document revisat cada any per la Comissi\u00f3 del Autorreglament del Pressupost Participatiu, la qual est\u00e0 formada per dos representants de cada grup motor. Aquest document s&#8217;adapta a la realitat del nostre municipi, organitzant i regulant el proc\u00e9s participatiu.<\/p>\n<h4>Document per al 2016:<\/h4>\n<\/div>\n<div class=\"blockContainer blocks False\"><\/div>\n<\/div>\n<\/div>\n<\/div>\n<p>[\/vc_column_text]\r\n        <p>\r\n        <span class=\"enlaces-titulo\"> Autoreglament 2016 \u00b7 Versi\u00f3 castell\u00e0 <\/span> <span><a class=\"enlaces-link\" target='_blank'href=\"https:\/\/www.elche.es\/wp-content\/uploads\/2022\/03\/Autorreglamento-2016-CAST.pdf \">Veure enlla\u00e7<\/a><\/span>\r\n        <br>\r\n        <span class=\"enlaces-descripcion\"><\/span>\r\n        <\/p>\r\n        <hr class=\"enlaces-separador\">\r\n        \r\n        <p>\r\n        <span class=\"enlaces-titulo\"> Autoreglament 2016 \u00b7 Versi\u00f3 valenci\u00e0 <\/span> <span><a class=\"enlaces-link\" target='_blank'href=\"https:\/\/www.elche.es\/wp-content\/uploads\/2022\/03\/Autoreglament-2016-VAL.pdf \">Veure enlla\u00e7<\/a><\/span>\r\n        <br>\r\n        <span class=\"enlaces-descripcion\"><\/span>\r\n        <\/p>\r\n        <hr class=\"enlaces-separador\">\r\n        [\/vc_column][\/vc_row]<\/p>\n<\/div>","protected":false},"excerpt":{"rendered":"<p>[vc_row full_width=&#8221;stretch_row&#8221; css=&#8221;.vc_custom_1475488224066{background-color: #dddde0 !important;}&#8221;][vc_column][vc_column_text][\/vc_column_text][\/vc_column][\/vc_row][vc_row css=&#8221;.vc_custom_1475488264405{padding-bottom: 40px !important;}&#8221; el_id=&#8221;bloque_basica&#8221;][vc_column][vc_single_image image=&#8221;8198&#8243; img_size=&#8221;full&#8221; css=&#8221;.vc_custom_1479300970424{padding-bottom: 20px !important;}&#8221;][vc_column_text] L&#8217; Autoreglament del Pressupost Participatiu \u00e9s un document revisat cada any per la Comissi\u00f3 del Autorreglament [&hellip;]<\/p>\n","protected":false},"author":131,"featured_media":0,"parent":12695,"menu_order":0,"comment_status":"closed","ping_status":"closed","template":"","meta":{"footnotes":""},"class_list":["post-10308","page","type-page","status-publish","hentry"],"_links":{"self":[{"href":"https:\/\/www.elche.es\/va\/wp-json\/wp\/v2\/pages\/10308","targetHints":{"allow":["GET"]}}],"collection":[{"href":"https:\/\/www.elche.es\/va\/wp-json\/wp\/v2\/pages"}],"about":[{"href":"https:\/\/www.elche.es\/va\/wp-json\/wp\/v2\/types\/page"}],"author":[{"embeddable":true,"href":"https:\/\/www.elche.es\/va\/wp-json\/wp\/v2\/users\/131"}],"replies":[{"embeddable":true,"href":"https:\/\/www.elche.es\/va\/wp-json\/wp\/v2\/comments?post=10308"}],"version-history":[{"count":0,"href":"https:\/\/www.elche.es\/va\/wp-json\/wp\/v2\/pages\/10308\/revisions"}],"up":[{"embeddable":true,"href":"https:\/\/www.elche.es\/va\/wp-json\/wp\/v2\/pages\/12695"}],"wp:attachment":[{"href":"https:\/\/www.elche.es\/va\/wp-json\/wp\/v2\/media?parent=10308"}],"curies":[{"name":"wp","href":"https:\/\/api.w.org\/{rel}","templated":true}]}}