{"id":108892,"date":"2019-04-11T10:13:46","date_gmt":"2019-04-11T09:13:46","guid":{"rendered":"http:\/\/www.elche.es\/va\/barrios-elche\/los-palmerales\/"},"modified":"2021-05-31T08:59:50","modified_gmt":"2021-05-31T07:59:50","slug":"los-palmerales","status":"publish","type":"page","link":"https:\/\/www.elche.es\/va\/barrios-elche\/los-palmerales\/","title":{"rendered":"Els Palmerars"},"content":{"rendered":"<div class=\"wpb-content-wrapper\"><p>[vc_row full_width=&#8221;stretch_row&#8221; css=&#8221;.vc_custom_1554973557136{padding-top: 120px !important;padding-right: 120px !important;padding-bottom: 270px !important;padding-left: 120px !important;background-image: url(https:\/\/www.elche.es\/wp-content\/uploads\/2019\/04\/DIBUJO-3-5.jpg?id=88733) !important;background-position: center !important;background-repeat: no-repeat !important;background-size: cover !important;}&#8221; el_id=&#8221;bloque_titulo&#8221;][vc_column][vc_custom_heading text=&#8221;&#8221; font_container=&#8221;tag:h2|text_align:center|color:%23ffffff&#8221; google_fonts=&#8221;font_family:Ubuntu%3A300%2C300italic%2Cregular%2Citalic%2C500%2C500italic%2C700%2C700italic|font_style:700%20bold%20regular%3A700%3Anormal&#8221; css=&#8221;.vc_custom_1553079987463{padding-top: 80px !important;}&#8221; el_class=&#8221;sombraTitulo&#8221;][\/vc_column][\/vc_row][vc_row full_width=&#8221;stretch_row&#8221; css=&#8221;.vc_custom_1475484188729{background-color: #dddde0 !important;}&#8221;][vc_column][vc_column_text]<nav aria-label=\"breadcrumbs\">\n            <div class=\"breadcrumb-container theme1\">\n                <ol>\n                                    <\/ol>\n            <\/div>\n        <\/nav>    <script type=\"application\/ld+json\">\n        {\n            \"@context\": \"http:\/\/schema.org\",\n            \"@type\": \"BreadcrumbList\",\n            \"itemListElement\": [\n                            ]\n        }\n    <\/script>\n    <style type=\"text\/css\">\n        .breadcrumb-container {\n            font-size: 13px;\n        }\n\n        .breadcrumb-container ul {\n            margin: 0;\n            padding: 0;\n        }\n\n        .breadcrumb-container li {\n            box-sizing: unset;\n            display: inline-block;\n            margin: 0;\n            padding: 0;\n        }\n\n        .breadcrumb-container li a {\n            box-sizing: unset;\n            padding: 0 10px;\n        }\n\n        .breadcrumb-container {\n            font-size: 3 !important;\n                    }\n\n        .breadcrumb-container li a {\n            color: #0a0a0a !important;\n            font-size: 3 !important;\n            line-height: 3 !important;\n                    }\n\n        .breadcrumb-container li .separator {\n            font-size: 3 !important;\n                    }\n\n        .breadcrumb-container li:last-child .separator {\n            display: none;\n        }\n    <\/style>\n    <style type=\"text\/css\">\n        .breadcrumb-container.theme1 li {\n            margin: 0;\n            padding: 0;\n        }\n        .breadcrumb-container.theme1 a {\n            background: ;\n            display: inline-block;\n            margin: 0 5px;\n            padding: 5px 10px;\n            text-decoration: none;\n        }\n    <\/style>\n        <style type=\"text\/css\">\n            <\/style>\n    <script>\n            <\/script>\n[\/vc_column_text][\/vc_column][\/vc_row][vc_row full_width=&#8221;stretch_row&#8221; css=&#8221;.vc_custom_1552305369801{padding-bottom: 40px !important;background-color: #fcfeff !important;}&#8221;][vc_column]<h3 class=\"sc_title sc_title_regular\" style=\"margin-top: 1.05em;margin-bottom: 0.35em;\">Els Palmerars<\/h3>[\/vc_column][\/vc_row][vc_row full_width=&#8221;stretch_row&#8221; css=&#8221;.vc_custom_1526542805591{padding-bottom: 40px !important;background-color: #ffffff !important;}&#8221; el_id=&#8221;bloque_basica&#8221;][vc_column width=&#8221;1\/2&#8243;][vc_column_text css=&#8221;.vc_custom_1580212915492{padding-bottom: 30px !important;}&#8221;]DELIMITACI\u00d3 I LOCALITZACI\u00d3<\/p>\n<p>El barri de Palmerars est\u00e0 situat en el sud del pl\u00e0nol de la ciutat enfront del barri de Sant Antoni i envoltat dels horts de palmeres patrimoni de la humanitat. Pertany al districte 2 i abasta les seccions censals 9 i 10, els l\u00edmits de les quals s\u00f3n l&#8217;avinguda de Santa Pola, la carretera N-340 d&#8217;Alacant a M\u00farcia i els carrers Avet i Mangraner.<\/p>\n<p>DESCRIPCI\u00d3<\/p>\n<p>Palmerars \u00e9s un barri residencial, d&#8217;aproximadament 1.300 habitatges de promoci\u00f3 p\u00fablica que va comen\u00e7ar a habitar-se l&#8217;any 1981. Est\u00e0 enclavat en un dels espais m\u00e9s atractius de la ciutat per trobar-se al costat del palmerar hist\u00f2ric de la ciutat i en el nus de comunicaci\u00f3 que formen les carreteres d&#8217;Alacant-M\u00farcia i Santa Pola. Al seu costat es troba l&#8217;Hospital General Universitari d&#8217;Elx. La major part dels habitatges formen grans blocs amb un disseny molt particular (per la qual cosa va ser anomenat popularment \u201cels b\u00fanquers\u201d) cadascun amb diferent nombre d&#8217;habitatges i altures de tres o quatre plantes. Encara que al barri tamb\u00e9 hi ha un grup d&#8217;habitatges promoguts per l&#8217;Ajuntament que s\u00f3n d&#8217;aspecte m\u00e9s convencional. Com el seu ve\u00ed Sant Antoni, \u00e9s un barri d&#8217;actuaci\u00f3 preferent en les pol\u00edtiques urban\u00edstiques i socials per la seua vulnerabilitat econ\u00f2mica, social i residencial. En el barri es troben dos col\u00b7legis, una guarderia, un institut d&#8217;educaci\u00f3 secund\u00e0ria, un centre social, unes instal\u00b7lacions esportives municipals i la Ciutat de la Just\u00edcia d&#8217;Elx.[\/vc_column_text][\/vc_column][vc_column width=&#8221;1\/2&#8243;][vc_empty_space height=&#8221;20px&#8221;]<figure class=\"sc_image  sc_image_shape_square\"><img decoding=\"async\" src=\"https:\/\/www.elche.es\/wp-content\/uploads\/2019\/03\/palmerales_edit.jpg\" alt=\"\" \/><\/figure>[\/vc_column][\/vc_row][vc_row full_width=&#8221;stretch_row&#8221; css=&#8221;.vc_custom_1551965378767{padding-bottom: 40px !important;background-color: #ffffff !important;}&#8221;][vc_column css=&#8221;.vc_custom_1551965333569{background-color: #ffffff !important;}&#8221;]<div id=\"sc_tabs_695139500\" class=\"sc_tabs sc_tabs_style_2\" data-active=\"0\"><ul class=\"sc_tabs_titles\"><li class=\"sc_tabs_title first\"><a href=\"#sc_tab_1551875701317_9\" class=\"theme_button\" id=\"sc_tab_1551875701317_9_tab\">Hist\u00f2ria<\/a><\/li><li class=\"sc_tabs_title last\"><a href=\"#sc_tab_1550826118_2_45\" class=\"theme_button\" id=\"sc_tab_1550826118_2_45_tab\">Dades<\/a><\/li><\/ul><div id=\"sc_tab_1551875701317_9\" class=\"sc_tabs_content odd first\">[vc_column_text]HIST\u00d2RIA<\/p>\n<div id=\"attachment_87016\" style=\"width: 610px\" class=\"wp-caption alignright\"><img loading=\"lazy\" decoding=\"async\" aria-describedby=\"caption-attachment-87016\" class=\"wp-image-87016\" src=\"https:\/\/www.elche.es\/wp-content\/uploads\/2019\/04\/el_barrio_de_los_palmerales_antiguo-1980.jpg\" alt=\"el_barrio_de_los_palmerales_antiguo 1980\" width=\"600\" height=\"379\" srcset=\"https:\/\/www.elche.es\/wp-content\/uploads\/2019\/04\/el_barrio_de_los_palmerales_antiguo-1980.jpg 747w, https:\/\/www.elche.es\/wp-content\/uploads\/2019\/04\/el_barrio_de_los_palmerales_antiguo-1980-300x190.jpg 300w\" sizes=\"auto, (max-width: 600px) 100vw, 600px\" \/><p id=\"caption-attachment-87016\" class=\"wp-caption-text\">Els Palmerars als anys 80<\/p><\/div>\n<p>El barri dels Palmerars ja figurava en 1961 entre les actuacions estatals d&#8217;habitatge protegit dirigit a la poblaci\u00f3 amb escassos recursos econ\u00f2mics encara que fins a 1973 no es van comen\u00e7ar a construir els 1.300 habitatges dels quals es van fer els primers lliuraments l&#8217;any 1981, \u00e9s a dir, vint anys despr\u00e9s de planificat, en un moment econ\u00f2mic-social bastant diferent. Es van edificar sobre m\u00e9s de 300.000 m\u00b2 on abans hi havia unes quantes cases d&#8217;esbarjo de la burgesia il\u00b7licitana amb jard\u00ed i bastant vegetaci\u00f3 que van ser expropiades. Un periodista local informava, a l&#8217;octubre de 1973, del retard en la construcci\u00f3 de la qual estava cridada a ser una \u201czona il\u00b7licitana de bon veure\u201d.<\/p>\n<p>Els habitatges es van construir de forma accelerada, en esc\u00e0s temps, malgrat el termini transcorregut des que es va planificar l&#8217;operaci\u00f3 i en el moment de l&#8217;adjudicaci\u00f3 ja presentaven un mal estat. Se&#8217;ls deien els b\u00fanquers per les xicotetes finestres i les formes arredonides de les seues fa\u00e7anes. Mesuren entre 80 i 100 m\u00b2.<\/p>\n<p>Pr\u00e8viament sobre el solar en el qual s&#8217;anava a edificar es van instal\u00b7lar unes cases prefabricades que van acollir poblaci\u00f3 gitana, que s&#8217;havia desallotjat de les barraques existents al municipi per al seu reallotjament en els nous habitatges.<\/p>\n<p>Per part seua, l&#8217;Ajuntament d&#8217;Elx, a trav\u00e9s del Patronat Municipal de l&#8217;Habitatge, va construir al mateix barri 240 habitatges m\u00e9s, en 5 blocs de 4 altures que van comen\u00e7ar a entregar-se a meitat dels anys 80.<\/p>\n<p>En el cens de 1991 Palmerars va arribar a tindre 5.384 habitants i era el que comptava amb major proporci\u00f3 de poblaci\u00f3 infantil. El 1996 el 43,2% de la seua poblaci\u00f3 era menor de 20 anys.<\/p>\n<p>En l&#8217;actualitat, el barri compta amb menys habitatges que quan es va construir ja que tres blocs (dos al carrer Mangraner i part d&#8217;un altre del carrer Llimoner) dels 15 blocs que va promoure el Ministeri de l&#8217;Habitatge van ser demolits en els anys 1999 i 2000 a causa del seu lamentable estat de conservaci\u00f3 i els problemes de conviv\u00e8ncia. Per al record queda el fam\u00f3s \u201c<em>Corral de la Pacheca<\/em>\u201d.<\/p>\n<p>En 1988 els Palmerars va ser declarat per la Generalitat Valenciana &#8220;Barri d&#8217;Acci\u00f3 Preferent&#8221;, a fi de dur a terme actuacions per a la seua regeneraci\u00f3 i per a la promoci\u00f3 del benestar social. Des de llavors les administracions han realitzat diferents intervencions, tant socials com urban\u00edstiques, i han creat al barri, o a les seues proximitats, equipaments educatius i administratius com la Comiss\u00e0ria de Policia Nacional, la Caserna de la Gu\u00e0rdia Civil (2008), el nou Centre Social (2006) o la Ciutat de la Just\u00edcia (2010).<\/p>\n<p>L&#8217;Ajuntament d&#8217;Elx ha incl\u00f2s en el projecte europeu EDUSI (2017-2023) el barri dels Palmerars per a dur a terme actuacions per a la millora de les condicions de vida dels seus i de les seues habitants.[\/vc_column_text]<\/div><div id=\"sc_tab_1550826118_2_45\" class=\"sc_tabs_content even\"><h5 class=\"sc_title sc_title_regular margin_top_null\" style=\"margin-top: 1.05em;margin-bottom: 0.35em;\">Indicadors sociodemogr\u00e0fics<\/h5>[vc_row_inner][vc_column_inner width=&#8221;1\/2&#8243; offset=&#8221;vc_col-xs-12&#8243;][vc_column_text css=&#8221;.vc_custom_1580213819885{padding-bottom: 30px !important;}&#8221;]<\/p>\n<h6>Padr\u00f3 Municipal d&#8217;Habitants 2018:<\/h6>\n<table width=\"100%\">\n<tbody>\n<tr>\n<td>Nombre d&#8217;habitants<\/td>\n<td style=\"text-align: right;\">3.828<\/td>\n<\/tr>\n<tr>\n<td>Percentatge de variaci\u00f3 de la poblaci\u00f3 2008-2018<\/td>\n<td style=\"text-align: right;\">-4,7<\/td>\n<\/tr>\n<tr>\n<td>Percentatge de dones<\/td>\n<td style=\"text-align: right;\">49,3<\/td>\n<\/tr>\n<tr>\n<td>Percentatge d&#8217;homes<\/td>\n<td style=\"text-align: right;\">50,7<\/td>\n<\/tr>\n<tr>\n<td>Edat mitjana<\/td>\n<td style=\"text-align: right;\">35,7<\/td>\n<\/tr>\n<tr>\n<td>Percentatge de poblaci\u00f3 amb m\u00e9s de 64 anys<\/td>\n<td style=\"text-align: right;\">10,8<\/td>\n<\/tr>\n<tr>\n<td>Percentatge de poblaci\u00f3 estrangera<\/td>\n<td style=\"text-align: right;\">1,9<\/td>\n<\/tr>\n<tr>\n<td>Densitat de poblaci\u00f3 (hab\/ha)<\/td>\n<td style=\"text-align: right;\">135,4<\/td>\n<\/tr>\n<\/tbody>\n<\/table>\n<p>[\/vc_column_text][\/vc_column_inner][vc_column_inner width=&#8221;1\/2&#8243;][vc_column_text css=&#8221;.vc_custom_1580213947797{padding-bottom: 30px !important;}&#8221;]<\/p>\n<h6>Cens de Poblaci\u00f3 i Habitatge 2011:<\/h6>\n<table width=\"100%\">\n<tbody>\n<tr>\n<td>Nivell mitj\u00e0 d&#8217;estudis (rang de 0 a 5)<\/td>\n<td style=\"text-align: right;\">2,0<\/td>\n<\/tr>\n<tr>\n<td>Total llars<\/td>\n<td style=\"text-align: right;\">1.270<\/td>\n<\/tr>\n<tr>\n<td>Mitjana de persones per llar<\/td>\n<td style=\"text-align: right;\">3,0<\/td>\n<\/tr>\n<tr>\n<td>Percentatge de llars unipersonals<\/td>\n<td style=\"text-align: right;\">*<\/td>\n<\/tr>\n<tr>\n<td>Percentatge d&#8217;habitatges amb m\u00e9s de 30 anys<\/td>\n<td style=\"text-align: right;\">76,5<\/td>\n<\/tr>\n<tr>\n<td>Percentatge de poblaci\u00f3 ocupada<\/td>\n<td style=\"text-align: right;\">18,5<\/td>\n<\/tr>\n<tr>\n<td>Percentatge de poblaci\u00f3 aturada<\/td>\n<td style=\"text-align: right;\">38,9<\/td>\n<\/tr>\n<tr>\n<td>Percentatge de poblaci\u00f3 inactiva<\/td>\n<td style=\"text-align: right;\">42,6<\/td>\n<\/tr>\n<\/tbody>\n<\/table>\n<p>[\/vc_column_text][\/vc_column_inner][\/vc_row_inner]<\/div><\/div>[vc_empty_space][\/vc_column][\/vc_row][vc_row full_width=&#8221;stretch_row&#8221; css=&#8221;.vc_custom_1526557035024{padding-top: 50px !important;padding-bottom: 40px !important;background-image: url(https:\/\/www.elche.es\/wp-content\/uploads\/2016\/07\/palmeral.png?id=1044) !important;}&#8221;][vc_column]<h3 class=\"sc_title sc_title_regular sc_align_center margin_top_tiny\" style=\"text-align:center;\"><span style=\"color: #ffffff;\">Enlaces\u00a0<\/span><\/h3><div id=\"sc_section_177544100\" class=\"sc_section column-1_1\"><div class=\"sc_section_inner sc_scroll_controls sc_scroll_controls_horizontal sc_scroll_controls_type_side\"><div id=\"sc_section_177544100_scroll\" class=\"sc_scroll sc_scroll_horizontal swiper-slider-container scroll-container\" style=\"\"><div class=\"sc_scroll_wrapper swiper-wrapper\"><div class=\"sc_scroll_slide swiper-slide\"><div class=\"columns_wrap sc_columns columns_nofluid sc_columns_count_3\"><div class=\"column-1_3 sc_column_item sc_column_item_1 odd first\">\r\n        <div id=\"enlacesInteresantes\">\r\n            <div class=\"post_item post_item_opportuniti post_item_opportuniti_3 post_format_standard odd\">\r\n               <div class=\"post_featured\">\r\n                  <div class=\"post_thumb\">\r\n                     <a class=\"hover_icon hover_icon_link\" target='_blank' href=\"https:\/\/www.elche.es\/barrios-elche\/fiestas-barrios\/\"><img loading=\"lazy\" decoding=\"async\" class=\"wp-post-image\" width=\"740\" height=\"584\" src=\"https:\/\/www.elche.es\/wp-content\/uploads\/2019\/02\/San-Pascual_Inma2.jpg\"><\/a> \r\n                  <\/div>\r\n               <\/div>\r\n               <div class=\"post_content isotope_item_content\">\r\n                  <h4 class=\"post_title\"><a target='_blank' href=\"https:\/\/www.elche.es\/barrios-elche\/fiestas-barrios\/\">Fiestas de los barrios de Elche<\/a><\/h4>\r\n                  <div class=\"post_descr\">\r\n                     <p> <a style=\"color: white;\" target='_blank'href=\"https:\/\/www.elche.es\/barrios-elche\/fiestas-barrios\/\">Fiestas populares<\/a><\/p>\r\n                  <\/div>\r\n               <\/div>\r\n            <\/div>\r\n       <\/div><\/div><div class=\"column-1_3 sc_column_item sc_column_item_2 even\">\r\n        <div id=\"enlacesInteresantes\">\r\n            <div class=\"post_item post_item_opportuniti post_item_opportuniti_3 post_format_standard odd\">\r\n               <div class=\"post_featured\">\r\n                  <div class=\"post_thumb\">\r\n                     <a class=\"hover_icon hover_icon_link\" target='_blank' href=\"https:\/\/www.elche.es\/servicios-municipales-barrios\/\"><img loading=\"lazy\" decoding=\"async\" class=\"wp-post-image\" width=\"740\" height=\"584\" src=\"https:\/\/www.elche.es\/wp-content\/uploads\/2017\/03\/omac-1.jpg\"><\/a> \r\n                  <\/div>\r\n               <\/div>\r\n               <div class=\"post_content isotope_item_content\">\r\n                  <h4 class=\"post_title\"><a target='_blank' href=\"https:\/\/www.elche.es\/servicios-municipales-barrios\/\">Directorio de tel\u00e9fonos y direcciones<\/a><\/h4>\r\n                  <div class=\"post_descr\">\r\n                     <p> <a style=\"color: white;\" target='_blank'href=\"https:\/\/www.elche.es\/servicios-municipales-barrios\/\">Servicios municipales<\/a><\/p>\r\n                  <\/div>\r\n               <\/div>\r\n            <\/div>\r\n       <\/div><\/div><div class=\"column-1_3 sc_column_item sc_column_item_3 odd\">\r\n        <div id=\"enlacesInteresantes\">\r\n            <div class=\"post_item post_item_opportuniti post_item_opportuniti_3 post_format_standard odd\">\r\n               <div class=\"post_featured\">\r\n                  <div class=\"post_thumb\">\r\n                     <a class=\"hover_icon hover_icon_link\" target='_blank' href=\"https:\/\/www.elche.es\/estadisticas-barrios\/\"><img loading=\"lazy\" decoding=\"async\" class=\"wp-post-image\" width=\"740\" height=\"584\" src=\"https:\/\/www.elche.es\/wp-content\/uploads\/2019\/02\/Estadisticas.jpg\"><\/a> \r\n                  <\/div>\r\n               <\/div>\r\n               <div class=\"post_content isotope_item_content\">\r\n                  <h4 class=\"post_title\"><a target='_blank' href=\"https:\/\/www.elche.es\/estadisticas-barrios\/\">Estad\u00edsticas y documentaci\u00f3n sobre los barrios<\/a><\/h4>\r\n                  <div class=\"post_descr\">\r\n                     <p> <a style=\"color: white;\" target='_blank'href=\"https:\/\/www.elche.es\/estadisticas-barrios\/\">Informaci\u00f3n socioecon\u00f3mica<\/a><\/p>\r\n                  <\/div>\r\n               <\/div>\r\n            <\/div>\r\n       <\/div><\/div><\/div><\/div><\/div><div id=\"sc_section_177544100_scroll_bar\" class=\"sc_scroll_bar sc_scroll_bar_horizontal sc_section_177544100_scroll_bar\"><\/div><\/div><div class=\"sc_scroll_controls_wrap\"><a class=\"sc_scroll_prev\" href=\"#\"><\/a><a class=\"sc_scroll_next\" href=\"#\"><\/a><\/div><\/div><\/div>[\/vc_column][\/vc_row][vc_row full_width=&#8221;stretch_row&#8221; css=&#8221;.vc_custom_1475148968456{padding-bottom: 40px !important;background-color: #dedde0 !important;}&#8221; el_id=&#8221;bloque_noticias&#8221;][vc_column][\/vc_column][\/vc_row]<\/p>\n<\/div>","protected":false},"excerpt":{"rendered":"<p>[vc_row full_width=&#8221;stretch_row&#8221; css=&#8221;.vc_custom_1554973557136{padding-top: 120px !important;padding-right: 120px !important;padding-bottom: 270px !important;padding-left: 120px !important;background-image: url(https:\/\/www.elche.es\/wp-content\/uploads\/2019\/04\/DIBUJO-3-5.jpg?id=88733) !important;background-position: center !important;background-repeat: no-repeat !important;background-size: cover !important;}&#8221; el_id=&#8221;bloque_titulo&#8221;][vc_column][vc_custom_heading text=&#8221;&#8221; font_container=&#8221;tag:h2|text_align:center|color:%23ffffff&#8221; google_fonts=&#8221;font_family:Ubuntu%3A300%2C300italic%2Cregular%2Citalic%2C500%2C500italic%2C700%2C700italic|font_style:700%20bold%20regular%3A700%3Anormal&#8221; css=&#8221;.vc_custom_1553079987463{padding-top: 80px !important;}&#8221; el_class=&#8221;sombraTitulo&#8221;][\/vc_column][\/vc_row][vc_row full_width=&#8221;stretch_row&#8221; css=&#8221;.vc_custom_1475484188729{background-color: #dddde0 [&hellip;]<\/p>\n","protected":false},"author":131,"featured_media":0,"parent":105237,"menu_order":0,"comment_status":"closed","ping_status":"closed","template":"","meta":{"footnotes":""},"class_list":["post-108892","page","type-page","status-publish","hentry"],"_links":{"self":[{"href":"https:\/\/www.elche.es\/va\/wp-json\/wp\/v2\/pages\/108892","targetHints":{"allow":["GET"]}}],"collection":[{"href":"https:\/\/www.elche.es\/va\/wp-json\/wp\/v2\/pages"}],"about":[{"href":"https:\/\/www.elche.es\/va\/wp-json\/wp\/v2\/types\/page"}],"author":[{"embeddable":true,"href":"https:\/\/www.elche.es\/va\/wp-json\/wp\/v2\/users\/131"}],"replies":[{"embeddable":true,"href":"https:\/\/www.elche.es\/va\/wp-json\/wp\/v2\/comments?post=108892"}],"version-history":[{"count":0,"href":"https:\/\/www.elche.es\/va\/wp-json\/wp\/v2\/pages\/108892\/revisions"}],"up":[{"embeddable":true,"href":"https:\/\/www.elche.es\/va\/wp-json\/wp\/v2\/pages\/105237"}],"wp:attachment":[{"href":"https:\/\/www.elche.es\/va\/wp-json\/wp\/v2\/media?parent=108892"}],"curies":[{"name":"wp","href":"https:\/\/api.w.org\/{rel}","templated":true}]}}