{"id":109404,"date":"2019-04-17T08:10:19","date_gmt":"2019-04-17T07:10:19","guid":{"rendered":"http:\/\/www.elche.es\/va\/barrios-elche\/plaza-de-barcelona\/"},"modified":"2020-01-31T14:11:25","modified_gmt":"2020-01-31T13:11:25","slug":"plaza-de-barcelona","status":"publish","type":"page","link":"https:\/\/www.elche.es\/va\/barrios-elche\/plaza-de-barcelona\/","title":{"rendered":"Pla\u00e7a de Barcelona"},"content":{"rendered":"<div class=\"wpb-content-wrapper\"><p>[vc_row full_width=&#8221;stretch_row&#8221; css=&#8221;.vc_custom_1555412385010{padding-top: 120px !important;padding-right: 120px !important;padding-bottom: 270px !important;padding-left: 120px !important;background-image: url(https:\/\/www.elche.es\/wp-content\/uploads\/2019\/04\/DIBUJO-9.jpg?id=89347) !important;background-position: center !important;background-repeat: no-repeat !important;background-size: cover !important;}&#8221; el_id=&#8221;bloque_titulo&#8221;][vc_column][vc_custom_heading text=&#8221;&#8221; font_container=&#8221;tag:h2|text_align:center|color:%23ffffff&#8221; google_fonts=&#8221;font_family:Ubuntu%3A300%2C300italic%2Cregular%2Citalic%2C500%2C500italic%2C700%2C700italic|font_style:700%20bold%20regular%3A700%3Anormal&#8221; css=&#8221;.vc_custom_1553079987463{padding-top: 80px !important;}&#8221; el_class=&#8221;sombraTitulo&#8221;][\/vc_column][\/vc_row][vc_row full_width=&#8221;stretch_row&#8221; css=&#8221;.vc_custom_1475484188729{background-color: #dddde0 !important;}&#8221;][vc_column][vc_column_text]<nav aria-label=\"breadcrumbs\">\n            <div class=\"breadcrumb-container theme1\">\n                <ol>\n                                    <\/ol>\n            <\/div>\n        <\/nav>    <script type=\"application\/ld+json\">\n        {\n            \"@context\": \"http:\/\/schema.org\",\n            \"@type\": \"BreadcrumbList\",\n            \"itemListElement\": [\n                            ]\n        }\n    <\/script>\n    <style type=\"text\/css\">\n        .breadcrumb-container {\n            font-size: 13px;\n        }\n\n        .breadcrumb-container ul {\n            margin: 0;\n            padding: 0;\n        }\n\n        .breadcrumb-container li {\n            box-sizing: unset;\n            display: inline-block;\n            margin: 0;\n            padding: 0;\n        }\n\n        .breadcrumb-container li a {\n            box-sizing: unset;\n            padding: 0 10px;\n        }\n\n        .breadcrumb-container {\n            font-size: 3 !important;\n                    }\n\n        .breadcrumb-container li a {\n            color: #0a0a0a !important;\n            font-size: 3 !important;\n            line-height: 3 !important;\n                    }\n\n        .breadcrumb-container li .separator {\n            font-size: 3 !important;\n                    }\n\n        .breadcrumb-container li:last-child .separator {\n            display: none;\n        }\n    <\/style>\n    <style type=\"text\/css\">\n        .breadcrumb-container.theme1 li {\n            margin: 0;\n            padding: 0;\n        }\n        .breadcrumb-container.theme1 a {\n            background: ;\n            display: inline-block;\n            margin: 0 5px;\n            padding: 5px 10px;\n            text-decoration: none;\n        }\n    <\/style>\n        <style type=\"text\/css\">\n            <\/style>\n    <script>\n            <\/script>\n[\/vc_column_text][\/vc_column][\/vc_row][vc_row full_width=&#8221;stretch_row&#8221; css=&#8221;.vc_custom_1552305369801{padding-bottom: 40px !important;background-color: #fcfeff !important;}&#8221;][vc_column]<h3 class=\"sc_title sc_title_regular\" style=\"margin-top: 1.05em;margin-bottom: 0.35em;\">Pla\u00e7a de Barcelona<\/h3>[\/vc_column][\/vc_row][vc_row full_width=&#8221;stretch_row&#8221; css=&#8221;.vc_custom_1526542805591{padding-bottom: 40px !important;background-color: #ffffff !important;}&#8221; el_id=&#8221;bloque_basica&#8221;][vc_column width=&#8221;1\/2&#8243;][vc_column_text css=&#8221;.vc_custom_1580476258971{padding-bottom: 30px !important;}&#8221;]DELIMITACI\u00d3 I LOCALITZACI\u00d3<\/p>\n<p>El barri de Pla\u00e7a de Barcelona es troba a Carr\u00fas, la part nord-oest d&#8217;Elx, entre dos eixos viaris principals com s\u00f3n les avingudes de la Llibertat i de Novelda, mentre a l&#8217;est est\u00e0 el barri de Cam\u00ed dels Magres i al nord el de Pla\u00e7a 1r de Maig. Pertany al districte 3, seccions censals 5, 6, 7, 8, 9, 10, 23 i 28. Els carrers que el voregen s\u00f3n les avingudes abans esmentades i els carrers Manuel Vicente Pastor, Germans Gonz\u00e1lvez Selva, Cam\u00ed dels Magres. Olegario Domarco Seller i Jos\u00e9 Romero L\u00f3pez per l&#8217;est i pel nord Esperidi\u00f3n Porta Requesens, Arturo Salvetti\u00a0Pardo i Germans Navarro Caracena.<\/p>\n<p>DESCRIPCI\u00d3<\/p>\n<p>La pla\u00e7a de Barcelona \u00e9s la refer\u00e8ncia, el centre neur\u00e0lgic de Carr\u00fas, la major zona d&#8217;expansi\u00f3 urbana dels anys 60 i 70 d&#8217;Elx. Pla\u00e7a de Barcelona \u00e9s un barri obrer de gents vingudes d&#8217;altres regions d&#8217;Espanya que des de principis d&#8217;aquest segle s&#8217;ha convertit en el \u201cnucli de la multiculturalitat\u201d per tindre el major \u00edndex d&#8217;immigraci\u00f3 estrangera. Dues vies principals de la ciutat el recorren pel sud-est: l&#8217;avinguda de la Llibertat i l&#8217;avinguda de Novelda. Aquesta \u00faltima es dirigeix cap al pol\u00edgon de Carr\u00fas, el m\u00e9s important centre empresarial al nucli urb\u00e0; els seus carrers sempre estan concorreguts i plens de comer\u00e7os, bars i negocis com el carrer Diagonal, que creua el barri en la direcci\u00f3 del seu nom, o el carrer Nit de l\u2019Alba. Molt animat \u00e9s tamb\u00e9 el mercat ambulant de venda no sedent\u00e0ria que s&#8217;instal\u00b7la als carrers adjacents a la pla\u00e7a.[\/vc_column_text][\/vc_column][vc_column width=&#8221;1\/2&#8243;][vc_empty_space height=&#8221;20px&#8221;]<figure class=\"sc_image  sc_image_shape_square\"><a href=\"https:\/\/www.google.com\/maps\/d\/embed?mid=1bBWlsIbytLzsw98jsVyHESx-jKBbq0nA&#038;ll=38.27225528215255%2C-0.7069320500631875&#038;z=17\"><img decoding=\"async\" src=\"https:\/\/www.elche.es\/wp-content\/uploads\/2019\/04\/Plaza-de-barcelona_edit-e1554204557705.jpg\" alt=\"\" \/><\/a><\/figure>[\/vc_column][\/vc_row][vc_row full_width=&#8221;stretch_row&#8221; css=&#8221;.vc_custom_1551965378767{padding-bottom: 40px !important;background-color: #ffffff !important;}&#8221;][vc_column css=&#8221;.vc_custom_1551965333569{background-color: #ffffff !important;}&#8221;]<div id=\"sc_tabs_63155577\" class=\"sc_tabs sc_tabs_style_2\" data-active=\"0\"><ul class=\"sc_tabs_titles\"><li class=\"sc_tabs_title first\"><a href=\"#sc_tab_1551875701317_9\" class=\"theme_button\" id=\"sc_tab_1551875701317_9_tab\">Hist\u00f2ria<\/a><\/li><li class=\"sc_tabs_title last\"><a href=\"#sc_tab_1550826118_2_45\" class=\"theme_button\" id=\"sc_tab_1550826118_2_45_tab\">Dades<\/a><\/li><\/ul><div id=\"sc_tab_1551875701317_9\" class=\"sc_tabs_content odd first\">[vc_column_text]HIST\u00d2RIA<\/p>\n<div id=\"attachment_89464\" style=\"width: 510px\" class=\"wp-caption alignright\"><img loading=\"lazy\" decoding=\"async\" aria-describedby=\"caption-attachment-89464\" class=\"wp-image-89464\" src=\"https:\/\/www.elche.es\/wp-content\/uploads\/2019\/04\/Plaza-Barcelona-a\u00a6os-60-cpi-1024x659.jpg\" width=\"500\" height=\"322\" srcset=\"https:\/\/www.elche.es\/wp-content\/uploads\/2019\/04\/Plaza-Barcelona-a\u00a6os-60-cpi-1024x659.jpg 1024w, https:\/\/www.elche.es\/wp-content\/uploads\/2019\/04\/Plaza-Barcelona-a\u00a6os-60-cpi-300x193.jpg 300w, https:\/\/www.elche.es\/wp-content\/uploads\/2019\/04\/Plaza-Barcelona-a\u00a6os-60-cpi-768x494.jpg 768w, https:\/\/www.elche.es\/wp-content\/uploads\/2019\/04\/Plaza-Barcelona-a\u00a6os-60-cpi.jpg 1535w\" sizes=\"auto, (max-width: 500px) 100vw, 500px\" \/><p id=\"caption-attachment-89464\" class=\"wp-caption-text\">Pla\u00e7a de Barcelona, anys 60<\/p><\/div>\n<p>En la primera etapa d&#8217;ocupaci\u00f3 dels barris situats al nord de la via del tren -que creuava Elx en superf\u00edcie on ara est\u00e0 l&#8217;avinguda de la Llibertat- els terrenys pertanyien a la pedania de Carr\u00fas d&#8217;ac\u00ed el nom d&#8217;aquesta zona. Va ser el m\u00e9s important dels eixamples de la ciutat per la seua extensi\u00f3, capacitat d&#8217;allotjament i rapidesa d&#8217;ocupaci\u00f3. El ge\u00f2graf Vicente Gonz\u00e1lvez P\u00e9rez el va titular aix\u00ed \u201cCarr\u00fas: una nova ciutat d&#8217;immigrants\u201d.<\/p>\n<p>L&#8217;avinguda de Novelda el divideix en dos: Carr\u00fas Est i Carr\u00fas Oest. Carr\u00fas va comen\u00e7ar a habitar-se en els anys 50 per la part del cam\u00ed dels Magros i va seguir per la pla\u00e7a de Barcelona. En una foto a\u00e8ria dels anys 1929\/30 nom\u00e9s es distingeixen en tot Carr\u00fas algunes finques agr\u00edcoles i, en el que hui \u00e9s el barri de Pla\u00e7a de Barcelona, l&#8217;Stadium Elx o Camp de Futbol de Don Jerem\u00edas (1923) que va albergar els partits del recentment fundat Elx CF fins que es va inaugurar el camp d&#8217;Altabix. Aquest desapareixeria amb la urbanitzaci\u00f3 de la zona als anys 50. En aquelles dates ja apareix la f\u00e0brica de Jayton i alguns grups de casetes de planta baixa i pati interior d&#8217;estil rural, i \u00e9s tamb\u00e9 quan comen\u00e7a l&#8217;arribada d&#8217;immigraci\u00f3 a Elx atreta per la puixant ind\u00fastria del cal\u00e7at. Als anys 60 aquesta immigraci\u00f3 comen\u00e7ar\u00e0 a desbordar-se i la poblaci\u00f3 d&#8217;Elx es duplicaria en tan sols deu anys. A la zona de Carr\u00fas Est va augmentar la densitat de poblaci\u00f3 en una relaci\u00f3 constatada entre densitat i immigrats per l&#8217;alta ocupaci\u00f3 dels habitatges que suposava una mitjana de 4,5 persones per llar. El percentatge de persones nascudes fora del municipi era pr\u00e0cticament del 100%. En aquests anys es va construir el col\u00b7legi nacional Ramiro de Ledesma (1962) hui Giner de los Rios i la pla\u00e7a de Barcelona es trobava enjardinada, per\u00f2 sense asfaltar com la resta de carrers. En 1970 es va inaugurar el mercat de prove\u00efments en la mateixa pla\u00e7a. En els anys 70 ja s&#8217;havia reblit el barri i presentava una fisonomia semblant a l&#8217;actual. Per tant, en tan sols dues d\u00e8cades es va edificar \u201cuna nova ciutat d&#8217;immigrants\u201d castellans i andalusos treballadors del cal\u00e7at i la construcci\u00f3.<\/p>\n<p>Les vies del ferrocarril dividien la ciutat per l&#8217;est en dues parts fins que el tren va ser soterrat als anys 70, i l&#8217;espai alliberat en la superf\u00edcie va quedar sense asfaltar i es va usar durant anys com a aparcament, fins que es va comen\u00e7ar, en 1982, el primer tram de la construcci\u00f3 de l&#8217;avinguda de la Llibertat des del pont del ferrocarril fins a l&#8217;avinguda de Novelda.<\/p>\n<p>La major part dels edificis del barri s\u00f3n en altura de 5 o 6 plantes, encara que ocasionalment trobem algunes de les primeres casetes de planta baixa o planta baixa i un pis com \u00e9s el cas del grup d&#8217;habitatges situat a l&#8217;esquena del col\u00b7legi Giner de los Rios. Tamb\u00e9 roman alguna nau o magatzem industrial. El parc d&#8217;habitatges \u00e9s un dels m\u00e9s envellits de la ciutat a causa de la seua escassa renovaci\u00f3.<\/p>\n<p>El barri de Pla\u00e7a de Barcelona ha rebut una segona onada d&#8217;immigrants, en els primers anys del segle XXI, atreta de nou per la bonan\u00e7a econ\u00f2mica per\u00f2 en aquesta ocasi\u00f3 procedents de l&#8217;estranger sobretot del Marroc, Romania i Col\u00f2mbia encara que hi ha fins a 30 nacionalitats diferents. El 30% dels seus habitants ha nascut a l&#8217;estranger. La fisonomia del barri no ha canviat, per\u00f2 la seua idiosincr\u00e0sia s\u00ed.[\/vc_column_text]<\/div><div id=\"sc_tab_1550826118_2_45\" class=\"sc_tabs_content even\"><h5 class=\"sc_title sc_title_regular margin_top_null\" style=\"margin-top: 1.05em;margin-bottom: 0.35em;\">Indicadors sociodemogr\u00e0fics<\/h5>[vc_row_inner][vc_column_inner width=&#8221;1\/2&#8243; offset=&#8221;vc_col-xs-12&#8243;][vc_column_text css=&#8221;.vc_custom_1580476118393{padding-bottom: 30px !important;}&#8221;]<\/p>\n<h6>Padr\u00f3 Municipal d&#8217;Habitants 2018:<\/h6>\n<table width=\"100%\">\n<tbody>\n<tr>\n<td>Nombre d&#8217;habitants<\/td>\n<td style=\"text-align: right\">9.531<\/td>\n<\/tr>\n<tr>\n<td>Percentatge de variaci\u00f3 de la poblaci\u00f3 2008-2018<\/td>\n<td style=\"text-align: right\">-10,4<\/td>\n<\/tr>\n<tr>\n<td>Percentatge de dones<\/td>\n<td style=\"text-align: right\">49,0<\/td>\n<\/tr>\n<tr>\n<td>Percentatge d&#8217;homes<\/td>\n<td style=\"text-align: right\">51,0<\/td>\n<\/tr>\n<tr>\n<td>Edat mitjana<\/td>\n<td style=\"text-align: right\">42,5<\/td>\n<\/tr>\n<tr>\n<td>Percentatge de poblaci\u00f3 amb m\u00e9s de 64 anys<\/td>\n<td style=\"text-align: right\">18,7<\/td>\n<\/tr>\n<tr>\n<td>Percentatge de poblaci\u00f3 estrangera<\/td>\n<td style=\"text-align: right\">26,6<\/td>\n<\/tr>\n<tr>\n<td>Densitat de poblaci\u00f3 (hab\/ha)<\/td>\n<td style=\"text-align: right\">445,7<\/td>\n<\/tr>\n<\/tbody>\n<\/table>\n<p>[\/vc_column_text][\/vc_column_inner][vc_column_inner width=&#8221;1\/2&#8243;][vc_column_text css=&#8221;.vc_custom_1580476100197{padding-bottom: 30px !important;}&#8221;]<\/p>\n<h6>Cens de Poblaci\u00f3 i Habitatge 2011:<\/h6>\n<table width=\"100%\">\n<tbody>\n<tr>\n<td>Nivell mitj\u00e0 d&#8217;estudis (rang de 0 a 5)<\/td>\n<td style=\"text-align: right\">2,3<\/td>\n<\/tr>\n<tr>\n<td>Total llars<\/td>\n<td style=\"text-align: right\">3.970<\/td>\n<\/tr>\n<tr>\n<td>Mitjana de persones per llar<\/td>\n<td style=\"text-align: right\">2,8<\/td>\n<\/tr>\n<tr>\n<td>Percentatge de llars unipersonals<\/td>\n<td style=\"text-align: right\">18,8<\/td>\n<\/tr>\n<tr>\n<td>Percentatge d&#8217;habitatges amb m\u00e9s de 30 anys<\/td>\n<td style=\"text-align: right\">89,1<\/td>\n<\/tr>\n<tr>\n<td>Percentatge de poblaci\u00f3 ocupada<\/td>\n<td style=\"text-align: right\">26,0<\/td>\n<\/tr>\n<tr>\n<td>Percentatge de poblaci\u00f3 aturada<\/td>\n<td style=\"text-align: right\">27,2<\/td>\n<\/tr>\n<tr>\n<td>Percentatge de poblaci\u00f3 inactiva<\/td>\n<td style=\"text-align: right\">46,8<\/td>\n<\/tr>\n<\/tbody>\n<\/table>\n<p>[\/vc_column_text][\/vc_column_inner][\/vc_row_inner]<\/div><\/div>[vc_empty_space][\/vc_column][\/vc_row][vc_row full_width=&#8221;stretch_row&#8221; css=&#8221;.vc_custom_1526557035024{padding-top: 50px !important;padding-bottom: 40px !important;background-image: url(https:\/\/www.elche.es\/wp-content\/uploads\/2016\/07\/palmeral.png?id=1044) !important;}&#8221;][vc_column]<h3 class=\"sc_title sc_title_regular sc_align_center margin_top_tiny\" style=\"text-align:center;\"><span style=\"color: #ffffff\">Enlaces\u00a0<\/span><\/h3><div id=\"sc_section_1441482535\" class=\"sc_section column-1_1\"><div class=\"sc_section_inner sc_scroll_controls sc_scroll_controls_horizontal sc_scroll_controls_type_side\"><div id=\"sc_section_1441482535_scroll\" class=\"sc_scroll sc_scroll_horizontal swiper-slider-container scroll-container\" style=\"\"><div class=\"sc_scroll_wrapper swiper-wrapper\"><div class=\"sc_scroll_slide swiper-slide\"><div class=\"columns_wrap sc_columns columns_nofluid sc_columns_count_3\"><div class=\"column-1_3 sc_column_item sc_column_item_1 odd first\">\r\n        <div id=\"enlacesInteresantes\">\r\n            <div class=\"post_item post_item_opportuniti post_item_opportuniti_3 post_format_standard odd\">\r\n               <div class=\"post_featured\">\r\n                  <div class=\"post_thumb\">\r\n                     <a class=\"hover_icon hover_icon_link\" target='_blank' href=\"https:\/\/www.elche.es\/barrios-elche\/fiestas-barrios\/\"><img loading=\"lazy\" decoding=\"async\" class=\"wp-post-image\" width=\"740\" height=\"584\" src=\"https:\/\/www.elche.es\/wp-content\/uploads\/2019\/02\/San-Pascual_Inma2.jpg\"><\/a> \r\n                  <\/div>\r\n               <\/div>\r\n               <div class=\"post_content isotope_item_content\">\r\n                  <h4 class=\"post_title\"><a target='_blank' href=\"https:\/\/www.elche.es\/barrios-elche\/fiestas-barrios\/\">Fiestas de los barrios de Elche<\/a><\/h4>\r\n                  <div class=\"post_descr\">\r\n                     <p> <a style=\"color: white;\" target='_blank'href=\"https:\/\/www.elche.es\/barrios-elche\/fiestas-barrios\/\">Fiestas populares <\/a><\/p>\r\n                  <\/div>\r\n               <\/div>\r\n            <\/div>\r\n       <\/div><\/div><div class=\"column-1_3 sc_column_item sc_column_item_2 even\">\r\n        <div id=\"enlacesInteresantes\">\r\n            <div class=\"post_item post_item_opportuniti post_item_opportuniti_3 post_format_standard odd\">\r\n               <div class=\"post_featured\">\r\n                  <div class=\"post_thumb\">\r\n                     <a class=\"hover_icon hover_icon_link\" target='_blank' href=\"https:\/\/www.elche.es\/servicios-municipales-barrios\/\"><img loading=\"lazy\" decoding=\"async\" class=\"wp-post-image\" width=\"740\" height=\"584\" src=\"https:\/\/www.elche.es\/wp-content\/uploads\/2017\/03\/omac-1.jpg\"><\/a> \r\n                  <\/div>\r\n               <\/div>\r\n               <div class=\"post_content isotope_item_content\">\r\n                  <h4 class=\"post_title\"><a target='_blank' href=\"https:\/\/www.elche.es\/servicios-municipales-barrios\/\">Directorio de tel\u00e9fonos y direcciones<\/a><\/h4>\r\n                  <div class=\"post_descr\">\r\n                     <p> <a style=\"color: white;\" target='_blank'href=\"https:\/\/www.elche.es\/servicios-municipales-barrios\/\">Servicios municipales<\/a><\/p>\r\n                  <\/div>\r\n               <\/div>\r\n            <\/div>\r\n       <\/div><\/div><div class=\"column-1_3 sc_column_item sc_column_item_3 odd\">\r\n        <div id=\"enlacesInteresantes\">\r\n            <div class=\"post_item post_item_opportuniti post_item_opportuniti_3 post_format_standard odd\">\r\n               <div class=\"post_featured\">\r\n                  <div class=\"post_thumb\">\r\n                     <a class=\"hover_icon hover_icon_link\" target='_blank' href=\"https:\/\/www.elche.es\/estadisticas-barrios\/\"><img loading=\"lazy\" decoding=\"async\" class=\"wp-post-image\" width=\"740\" height=\"584\" src=\"https:\/\/www.elche.es\/wp-content\/uploads\/2019\/02\/Estadisticas.jpg\"><\/a> \r\n                  <\/div>\r\n               <\/div>\r\n               <div class=\"post_content isotope_item_content\">\r\n                  <h4 class=\"post_title\"><a target='_blank' href=\"https:\/\/www.elche.es\/estadisticas-barrios\/\">Estad\u00edsticas y documentaci\u00f3n sobre los barrios<\/a><\/h4>\r\n                  <div class=\"post_descr\">\r\n                     <p> <a style=\"color: white;\" target='_blank'href=\"https:\/\/www.elche.es\/estadisticas-barrios\/\">Informaci\u00f3n socioecon\u00f3mica<\/a><\/p>\r\n                  <\/div>\r\n               <\/div>\r\n            <\/div>\r\n       <\/div><\/div><\/div><\/div><\/div><div id=\"sc_section_1441482535_scroll_bar\" class=\"sc_scroll_bar sc_scroll_bar_horizontal sc_section_1441482535_scroll_bar\"><\/div><\/div><div class=\"sc_scroll_controls_wrap\"><a class=\"sc_scroll_prev\" href=\"#\"><\/a><a class=\"sc_scroll_next\" href=\"#\"><\/a><\/div><\/div><\/div>[\/vc_column][\/vc_row][vc_row full_width=&#8221;stretch_row&#8221; css=&#8221;.vc_custom_1475148968456{padding-bottom: 40px !important;background-color: #dedde0 !important;}&#8221; el_id=&#8221;bloque_noticias&#8221;][vc_column][\/vc_column][\/vc_row]<\/p>\n<\/div>","protected":false},"excerpt":{"rendered":"<p>[vc_row full_width=&#8221;stretch_row&#8221; css=&#8221;.vc_custom_1555412385010{padding-top: 120px !important;padding-right: 120px !important;padding-bottom: 270px !important;padding-left: 120px !important;background-image: url(https:\/\/www.elche.es\/wp-content\/uploads\/2019\/04\/DIBUJO-9.jpg?id=89347) !important;background-position: center !important;background-repeat: no-repeat !important;background-size: cover !important;}&#8221; el_id=&#8221;bloque_titulo&#8221;][vc_column][vc_custom_heading text=&#8221;&#8221; font_container=&#8221;tag:h2|text_align:center|color:%23ffffff&#8221; google_fonts=&#8221;font_family:Ubuntu%3A300%2C300italic%2Cregular%2Citalic%2C500%2C500italic%2C700%2C700italic|font_style:700%20bold%20regular%3A700%3Anormal&#8221; css=&#8221;.vc_custom_1553079987463{padding-top: 80px !important;}&#8221; el_class=&#8221;sombraTitulo&#8221;][\/vc_column][\/vc_row][vc_row full_width=&#8221;stretch_row&#8221; css=&#8221;.vc_custom_1475484188729{background-color: #dddde0 [&hellip;]<\/p>\n","protected":false},"author":131,"featured_media":0,"parent":105237,"menu_order":0,"comment_status":"closed","ping_status":"closed","template":"","meta":{"footnotes":""},"class_list":["post-109404","page","type-page","status-publish","hentry"],"_links":{"self":[{"href":"https:\/\/www.elche.es\/va\/wp-json\/wp\/v2\/pages\/109404","targetHints":{"allow":["GET"]}}],"collection":[{"href":"https:\/\/www.elche.es\/va\/wp-json\/wp\/v2\/pages"}],"about":[{"href":"https:\/\/www.elche.es\/va\/wp-json\/wp\/v2\/types\/page"}],"author":[{"embeddable":true,"href":"https:\/\/www.elche.es\/va\/wp-json\/wp\/v2\/users\/131"}],"replies":[{"embeddable":true,"href":"https:\/\/www.elche.es\/va\/wp-json\/wp\/v2\/comments?post=109404"}],"version-history":[{"count":0,"href":"https:\/\/www.elche.es\/va\/wp-json\/wp\/v2\/pages\/109404\/revisions"}],"up":[{"embeddable":true,"href":"https:\/\/www.elche.es\/va\/wp-json\/wp\/v2\/pages\/105237"}],"wp:attachment":[{"href":"https:\/\/www.elche.es\/va\/wp-json\/wp\/v2\/media?parent=109404"}],"curies":[{"name":"wp","href":"https:\/\/api.w.org\/{rel}","templated":true}]}}