{"id":116090,"date":"2020-04-29T18:45:36","date_gmt":"2020-04-29T17:45:36","guid":{"rendered":"http:\/\/www.elche.es\/va\/?page_id=116090"},"modified":"2022-04-11T08:36:16","modified_gmt":"2022-04-11T07:36:16","slug":"programa-absentisme-escolar","status":"publish","type":"page","link":"https:\/\/www.elche.es\/va\/educacio\/programa-absentisme-escolar\/","title":{"rendered":"Programa Absentisme Escolar"},"content":{"rendered":"<div class=\"wpb-content-wrapper\"><p>[vc_row full_width=&#8221;stretch_row&#8221; content_placement=&#8221;middle&#8221; css=&#8221;.vc_custom_1588160717559{padding-top: 240px !important;padding-right: 120px !important;padding-bottom: 240px !important;padding-left: 120px !important;background-image: url(https:\/\/www.elche.es\/wp-content\/uploads\/2020\/04\/Imagen-Absentismo.jpg?id=116033) !important;background-position: center !important;background-repeat: no-repeat !important;background-size: contain !important;}&#8221; el_id=&#8221;bloque_titulo&#8221;][vc_column][vc_custom_heading text=&#8221;&#8221; font_container=&#8221;tag:h2|font_size:Ubuntu|text_align:center&#8221;][\/vc_column][\/vc_row][vc_row][vc_column]<div class=\"templatera_shortcode\"><div id=\"bloque_menu_enlaces\" data-vc-full-width=\"true\" data-vc-full-width-init=\"false\" data-vc-stretch-content=\"true\" class=\"vc_row wpb_row vc_row-fluid bloque_menu_paginas bloquemnuestop vc_custom_1621932290718 vc_row-has-fill vc_row-no-padding\"><div class=\"enlacesdeportes wpb_column vc_column_container vc_col-sm-12\"><div class=\"vc_column-inner\"><div class=\"wpb_wrapper\">\r\n        \r\n        <a class=\"menuVC\"  href=\"https:\/\/www.elche.es\/va\/educacio\/campanya-escolaritzacio\/escoles-infantils-municipals-2\/\"> <span> Escoles Infantils Municipals <\/span><\/a>\r\n        \r\n        <a class=\"menuVC\"  href=\"https:\/\/www.elche.es\/va\/educacio\/calendari-escolar\/\"> <span> Calendari <\/span><\/a>\r\n        \r\n        <a class=\"menuVC\"  href=\"https:\/\/www.elche.es\/va\/educacio\/campanya-escolaritzacio-a-elx\/\"> <span> Escolaritzaci\u00f3 <\/span><\/a>\r\n        \r\n        <a class=\"menuVC\"  href=\"https:\/\/www.elche.es\/va\/educacio\/centres-educatius\/\"> <span> Centres Educatius <\/span><\/a>\r\n        \r\n        <a class=\"menuVC\"  href=\"https:\/\/www.fpelx.es\/\"> <span> FP <\/span><\/a>\r\n        \r\n        <a class=\"menuVC\"  href=\"https:\/\/www.elche.es\/va\/educacio\/becas-y-subvenciones\/\"> <span> Beques i Subvencions <\/span><\/a>\r\n        \r\n        <a class=\"menuVC\"  href=\"https:\/\/www.elche.es\/va\/educacio\/servicios-y-actividades\/\"> <span> Serveis i Activitats <\/span><\/a>\r\n        \r\n        <a class=\"menuVC\"  href=\"https:\/\/www.elche.es\/va\/educacio\/programa-absentisme-escolar\/\"> <span> Absentisme escolar <\/span><\/a>\r\n        \r\n        <a class=\"menuVC\"  href=\"https:\/\/www.elche.es\/va\/educacio\/tramites\/\"> <span> Tr\u00e0mits <\/span><\/a>\r\n        \r\n        <a class=\"menuVC\"  href=\"https:\/\/www.elche.es\/va\/normativa-educacio-a-elx\/\"> <span> Normativa <\/span><\/a><\/div><\/div><\/div><\/div><div class=\"vc_row-full-width vc_clearfix\"><\/div><\/div>[\/vc_column][\/vc_row][vc_row full_width=&#8221;stretch_row&#8221; css=&#8221;.vc_custom_1475484188729{background-color: #dddde0 !important;}&#8221;][vc_column][vc_column_text]<nav aria-label=\"breadcrumbs\">\n            <div class=\"breadcrumb-container theme1\">\n                <ol>\n                                    <\/ol>\n            <\/div>\n        <\/nav>    <script type=\"application\/ld+json\">\n        {\n            \"@context\": \"http:\/\/schema.org\",\n            \"@type\": \"BreadcrumbList\",\n            \"itemListElement\": [\n                            ]\n        }\n    <\/script>\n    <style type=\"text\/css\">\n        .breadcrumb-container {\n            font-size: 13px;\n        }\n\n        .breadcrumb-container ul {\n            margin: 0;\n            padding: 0;\n        }\n\n        .breadcrumb-container li {\n            box-sizing: unset;\n            display: inline-block;\n            margin: 0;\n            padding: 0;\n        }\n\n        .breadcrumb-container li a {\n            box-sizing: unset;\n            padding: 0 10px;\n        }\n\n        .breadcrumb-container {\n            font-size: 3 !important;\n                    }\n\n        .breadcrumb-container li a {\n            color: #0a0a0a !important;\n            font-size: 3 !important;\n            line-height: 3 !important;\n                    }\n\n        .breadcrumb-container li .separator {\n            font-size: 3 !important;\n                    }\n\n        .breadcrumb-container li:last-child .separator {\n            display: none;\n        }\n    <\/style>\n    <style type=\"text\/css\">\n        .breadcrumb-container.theme1 li {\n            margin: 0;\n            padding: 0;\n        }\n        .breadcrumb-container.theme1 a {\n            background: ;\n            display: inline-block;\n            margin: 0 5px;\n            padding: 5px 10px;\n            text-decoration: none;\n        }\n    <\/style>\n        <style type=\"text\/css\">\n            <\/style>\n    <script>\n            <\/script>\n[\/vc_column_text][\/vc_column][\/vc_row][vc_row][vc_column][vc_empty_space][\/vc_column][\/vc_row][vc_row][vc_column]<div class=\"columns_wrap sc_columns columns_nofluid sc_columns_count_2\"><div class=\"column-1_2 sc_column_item sc_column_item_1 odd first\"><div class=\"vc_empty_space\"   style=\"height: 32px\"><span class=\"vc_empty_space_inner\"><\/span><\/div>\n\t<div class=\"wpb_text_column wpb_content_element\" >\n\t\t<div class=\"wpb_wrapper\">\n\t\t\t<p>El programa es podria definir com la coordinaci\u00f3 d&#8217;una s\u00e8rie d&#8217;accions, estructurades en el Protocol d&#8217;Absentisme, de presa de consci\u00e8ncia, informaci\u00f3, formaci\u00f3 i, en els casos que procedeix, den\u00fancia cap als pares i mares d&#8217;alumnes absentistes.<\/p>\n<p>Va dirigit a les mares i\u00a0 pares i alumnes que presenten indicadors d&#8217;absentisme escolar i t\u00e9 com a objectiu general la normalitzaci\u00f3 de l&#8217;assist\u00e8ncia en aquells\/es menors que presenten absentisme.<\/p>\n\n\t\t<\/div>\n\t<\/div>\n<\/div><div class=\"column-1_2 sc_column_item sc_column_item_2 even\"><div class=\"vc_empty_space\"   style=\"height: 32px\"><span class=\"vc_empty_space_inner\"><\/span><\/div>\r\n        <p>\r\n        <span class=\"enlaces-titulo\"> Protocol d'actuaci\u00f3 davant situacions d'absentisme escolar Comunitat Valenciana <\/span> <span><a class=\"enlaces-link\" href=\"https:\/\/ceice.gva.es\/es\/web\/inclusioeducativa\/protocols#absentisme \">Veure enlla\u00e7<\/a><\/span>\r\n        <br>\r\n        <span class=\"enlaces-descripcion\"><\/span>\r\n        <\/p>\r\n        <hr class=\"enlaces-separador\">\r\n        \r\n        <p>\r\n        <span class=\"enlaces-titulo\"> Programa d'Absentisme Escolar <\/span> <span><a class=\"enlaces-link\" href=\"https:\/\/www.elche.es\/wp-content\/uploads\/2017\/10\/RESUMEN-PROGRAMA-ABSENT.pdf \">Veure enlla\u00e7<\/a><\/span>\r\n        <br>\r\n        <span class=\"enlaces-descripcion\"><\/span>\r\n        <\/p>\r\n        <hr class=\"enlaces-separador\">\r\n        \r\n        <p>\r\n        <span class=\"enlaces-titulo\"> Video Campanya Absentisme Escolar <\/span> <span><a class=\"enlaces-link\" href=\"https:\/\/youtu.be\/2hw6jeNxcQE \">Veure enlla\u00e7<\/a><\/span>\r\n        <br>\r\n        <span class=\"enlaces-descripcion\"><\/span>\r\n        <\/p>\r\n        <hr class=\"enlaces-separador\">\r\n        \r\n        <p>\r\n        <span class=\"enlaces-titulo\"> Premi Ministeri Educaci\u00f3 Programa Municipal Absentisme <\/span> <span><a class=\"enlaces-link\" href=\"https:\/\/www.elche.es\/2017\/12\/el-ministerio-de-educacion-premia-al-ayuntamiento-de-elche-por-su-programa-contra-el-absentismo-escolar\/ \">Veure enlla\u00e7<\/a><\/span>\r\n        <br>\r\n        <span class=\"enlaces-descripcion\"><\/span>\r\n        <\/p>\r\n        <hr class=\"enlaces-separador\">\r\n        \r\n        <p>\r\n        <span class=\"enlaces-titulo\"> Dades estad\u00edstics a Elx 2018 <\/span> <span><a class=\"enlaces-link\" href=\"`{`infogram id=``7437f748-bb4f-4a01-8275-be775115b8bd`` prefix=``TrK`` format=``interactive`` title=``Absentisme escolar```}` \">Veure enlla\u00e7<\/a><\/span>\r\n        <br>\r\n        <span class=\"enlaces-descripcion\"><\/span>\r\n        <\/p>\r\n        <hr class=\"enlaces-separador\">\r\n        <\/div><\/div>[\/vc_column][\/vc_row][vc_row][vc_column][vc_empty_space][\/vc_column][\/vc_row][vc_row][vc_column]<div id='modulo_datos_contacto'> <p class='titulo_datos_contacto'>Dades de contacte <\/p> <hr><p class=\"contactoArea\"> <i class=\"fa fa-map-marker\" aria-hidden=\"true\"><\/i>C\/ Manuel L\u00f3pez Quereda, 2, 1\u00ba<\/p><p class=\"contactoArea\"><i class=\"fa fa-phone\" aria-hidden=\"true\"><\/i>96 665 82 58<\/p><p class=\"contactoArea\"><i class=\"fa fa-envelope\" aria-hidden=\"true\"><\/i><a href=\"mailto:absentismo@elche.es\"> absentismo@elche.es<\/a><\/p><div id='contacto-rrss'><\/div><\/div>[\/vc_column][\/vc_row]<\/p>\n<\/div>","protected":false},"excerpt":{"rendered":"Escoles Infantils Municipals Calendari Escolaritzaci\u00f3 Centres Educatius FP Beques i Subvencions Serveis i Activitats Absentisme escolar Tr\u00e0mits Normativa El programa es podria definir com la coordinaci\u00f3 d'una s\u00e8rie d'accions, estructurades [...]","protected":false},"author":131,"featured_media":0,"parent":4782,"menu_order":4,"comment_status":"closed","ping_status":"closed","template":"","meta":{"footnotes":""},"class_list":["post-116090","page","type-page","status-publish","hentry"],"_links":{"self":[{"href":"https:\/\/www.elche.es\/va\/wp-json\/wp\/v2\/pages\/116090","targetHints":{"allow":["GET"]}}],"collection":[{"href":"https:\/\/www.elche.es\/va\/wp-json\/wp\/v2\/pages"}],"about":[{"href":"https:\/\/www.elche.es\/va\/wp-json\/wp\/v2\/types\/page"}],"author":[{"embeddable":true,"href":"https:\/\/www.elche.es\/va\/wp-json\/wp\/v2\/users\/131"}],"replies":[{"embeddable":true,"href":"https:\/\/www.elche.es\/va\/wp-json\/wp\/v2\/comments?post=116090"}],"version-history":[{"count":0,"href":"https:\/\/www.elche.es\/va\/wp-json\/wp\/v2\/pages\/116090\/revisions"}],"up":[{"embeddable":true,"href":"https:\/\/www.elche.es\/va\/wp-json\/wp\/v2\/pages\/4782"}],"wp:attachment":[{"href":"https:\/\/www.elche.es\/va\/wp-json\/wp\/v2\/media?parent=116090"}],"curies":[{"name":"wp","href":"https:\/\/api.w.org\/{rel}","templated":true}]}}