{"id":116123,"date":"2020-04-30T10:18:06","date_gmt":"2020-04-30T09:18:06","guid":{"rendered":"http:\/\/www.elche.es\/va\/?page_id=116123"},"modified":"2022-06-08T09:52:07","modified_gmt":"2022-06-08T08:52:07","slug":"barris-inclusius","status":"publish","type":"page","link":"https:\/\/www.elche.es\/va\/derechos-sociales\/cartera-de-serveis\/servei-dinclusio-social\/barris-inclusius\/","title":{"rendered":"BARRIS INCLUSIUS"},"content":{"rendered":"<div class=\"wpb-content-wrapper\"><p>[vc_row full_width=&#8221;stretch_row&#8221; css=&#8221;.vc_custom_1588055346406{padding-top: 120px !important;padding-right: 120px !important;padding-bottom: 270px !important;padding-left: 120px !important;background-image: url(https:\/\/www.elche.es\/wp-content\/uploads\/2017\/04\/collage-barrios-inclusivos.png?id=115917) !important;background-position: center !important;background-repeat: no-repeat !important;background-size: cover !important;}&#8221; el_id=&#8221;bloque_titulo&#8221;][vc_column][vc_custom_heading text=&#8221;Barris Inclusius&#8221; font_container=&#8221;tag:h2|text_align:center|color:%23ffffff&#8221; google_fonts=&#8221;font_family:Ubuntu%3A300%2C300italic%2Cregular%2Citalic%2C500%2C500italic%2C700%2C700italic|font_style:700%20bold%20regular%3A700%3Anormal&#8221; css=&#8221;.vc_custom_1588237564935{padding-top: 80px !important;}&#8221; el_class=&#8221;sombraTitulo&#8221;][\/vc_column][\/vc_row][vc_row full_width=&#8221;stretch_row&#8221; css=&#8221;.vc_custom_1475488224066{background-color: #dddde0 !important;}&#8221;][vc_column][vc_column_text]<nav aria-label=\"breadcrumbs\">\n            <div class=\"breadcrumb-container theme1\">\n                <ol>\n                                    <\/ol>\n            <\/div>\n        <\/nav>    <script type=\"application\/ld+json\">\n        {\n            \"@context\": \"http:\/\/schema.org\",\n            \"@type\": \"BreadcrumbList\",\n            \"itemListElement\": [\n                            ]\n        }\n    <\/script>\n    <style type=\"text\/css\">\n        .breadcrumb-container {\n            font-size: 13px;\n        }\n\n        .breadcrumb-container ul {\n            margin: 0;\n            padding: 0;\n        }\n\n        .breadcrumb-container li {\n            box-sizing: unset;\n            display: inline-block;\n            margin: 0;\n            padding: 0;\n        }\n\n        .breadcrumb-container li a {\n            box-sizing: unset;\n            padding: 0 10px;\n        }\n\n        .breadcrumb-container {\n            font-size: 3 !important;\n                    }\n\n        .breadcrumb-container li a {\n            color: #0a0a0a !important;\n            font-size: 3 !important;\n            line-height: 3 !important;\n                    }\n\n        .breadcrumb-container li .separator {\n            font-size: 3 !important;\n                    }\n\n        .breadcrumb-container li:last-child .separator {\n            display: none;\n        }\n    <\/style>\n    <style type=\"text\/css\">\n        .breadcrumb-container.theme1 li {\n            margin: 0;\n            padding: 0;\n        }\n        .breadcrumb-container.theme1 a {\n            background: ;\n            display: inline-block;\n            margin: 0 5px;\n            padding: 5px 10px;\n            text-decoration: none;\n        }\n    <\/style>\n        <style type=\"text\/css\">\n            <\/style>\n    <script>\n            <\/script>\n[\/vc_column_text][\/vc_column][\/vc_row][vc_row css=&#8221;.vc_custom_1588014318929{padding-bottom: 40px !important;}&#8221; el_id=&#8221;bloque_basica&#8221;][vc_column width=&#8221;1\/2&#8243;]<h3 class=\"sc_title sc_title_regular margin_top_tiny\">Barris Inclusius<\/h3>[vc_column_text]El barri dels Palmerars es mobilitza per un barri m\u00e9s saludable davant el coronavirus. Persones del barri comparteixen amb els seus ve\u00efns i ve\u00efnes la necessitat de mantindre les recomanacions i mesures de protecci\u00f3 de manera responsable.<\/p>\n<p>Ac\u00ed pots veure els seus missatges: <a href=\"https:\/\/youtu.be\/iS6keln6N8M\">https:\/\/youtu.be\/iS6keln6N8M<\/a><\/p>\n<p>&nbsp;<\/p>\n<p>El Servei de Dinamitzaci\u00f3 Comunit\u00e0ria <em>Elx Conviu<\/em> treballa de forma m\u00e9s intensa i coordinada en determinats barris de la nostra ciutat, per a refor\u00e7ar amb les seues i els seus habitants i amb les seues associacions, la conviv\u00e8ncia social, les relacions socials, la creaci\u00f3 de xarxes de suport i solidaritat, el coneixement compartit de les necessitats del barri i el treball conjunt per a abordar aquestes necessitats.<\/p>\n<p>Totes les actuacions i projectes s\u00f3n obertes i van dirigides a tota la poblaci\u00f3. Si b\u00e9, tamb\u00e9 desenvolupa i col\u00b7labora en activitats orientades a grups espec\u00edfics: inf\u00e0ncia, joventut, persones majors, etc.<\/p>\n<p>Aquest programa compta amb el suport de la Conselleria d&#8217;Igualtat i Pol\u00edtiques Inclusives de la Generalitat Valenciana.<\/p>\n<p><strong>Actualment treballem en dos Barris<\/strong><\/p>\n<p><strong><span style=\"color: #ff6600;\"><em>Barri Inclusiu<\/em> als Palmerars<\/span><\/strong>. L&#8217;equip aborda les seg\u00fcents \u00e0rees<\/p>\n<p><strong>Socioeducativa<\/strong>: mediant entre els centres escolars, les fam\u00edlies i el barri. Aix\u00ed com un treball en xarxa amb el Centre Juvenil, l&#8217;Escola d&#8217;Estiu i el Ludoclub.<br \/>\n<strong>Habitatge<\/strong>: secundant i capacitant en l&#8217;organitzaci\u00f3 i millora de la conviv\u00e8ncia de la comunitat , i amb l&#8217;Entitat d&#8217;Infraestructura i S\u00f2l de la Generalitat Valenciana.<br \/>\n<strong>Promoci\u00f3 de la Salut<\/strong>: amb projectes dirigits als factors socials i culturals que afecten i fomenten la promoci\u00f3 de la salut i la prevenci\u00f3 de malalties.<br \/>\n<strong>Animaci\u00f3 sociocultural<\/strong>: Activitats durant el temps d&#8217;oci de car\u00e0cter positiu en funci\u00f3 de les necessitats i de les demandes.<br \/>\n<strong>Comunit\u00e0ria:<\/strong> actuacions de conviv\u00e8ncia i millora de les relacions del barri, amb el ve\u00efnat, les associacions ve\u00efnals i la poblaci\u00f3 gitana.<\/p>\n<p><span style=\"color: #ff6600;\"><strong><em>Barri <span style=\"color: #ff6600;\">Inclusiu<\/span><\/em> a Carr\u00fas<\/strong><\/span>. L&#8217;equip aborda les seg\u00fcents \u00e0rees<\/p>\n<p><strong>Comunit\u00e0ria<\/strong>: Actuacions de reflexi\u00f3 i coneixement compartit sobre el barri i les seues necessitats.<br \/>\n<strong>Socioeducativa<\/strong>: col\u00b7laborant amb els centres educatius del barri en proc\u00e9s d&#8217;implicaci\u00f3 de l&#8217;alumnat en aquest, aix\u00ed com secundant i mediant amb les fam\u00edlies.<br \/>\n<strong>Promoci\u00f3 de la Salut<\/strong>: Amb projectes dirigits als factors socials i culturals que afecten i fomenten la promoci\u00f3 de la salut i la prevenci\u00f3 de malalties.<\/p>\n<p>&nbsp;<\/p>\n<p><span style=\"color: #ff6600;\"><strong>Comissi\u00f3 del Poble Gitano<\/strong><\/span><\/p>\n<p>Des d&#8217;aquests barris inclusius, donat el volum important de poblaci\u00f3 gitana que existeix en aquests barri, s&#8217;ha creat una Comissi\u00f3 Local del Poble Gitano, creada en 2018 que treballa en xarxa i coordinadament en el proc\u00e9s d&#8217;integraci\u00f3 social d&#8217;aquest col\u00b7lectiu, en diferents \u00e0mbits: educatiu, laboral, salut, antigitanisme i\u00a0 participaci\u00f3.[\/vc_column_text][\/vc_column][vc_column width=&#8221;1\/2&#8243;][vc_empty_space][vc_single_image image=&#8221;200252&#8243; img_size=&#8221;large&#8221; alignment=&#8221;center&#8221; css=&#8221;.vc_custom_1654675530838{padding-top: 150px !important;padding-left: 100px !important;}&#8221;][vc_empty_space][vc_single_image image=&#8221;200254&#8243; img_size=&#8221;large&#8221; alignment=&#8221;center&#8221; css=&#8221;.vc_custom_1654675551427{padding-top: 150px !important;padding-left: 100px !important;}&#8221;][\/vc_column][\/vc_row][vc_row][\/vc_row][vc_column][vc_empty_space height=&#8221;64px&#8221;][\/vc_column]<div class=\"sc_content content_wrap\"><\/div>[vc_column_text]<\/p>\n<div class=\"contentDescription\"><\/div>\n<p>[\/vc_column_text]<\/p>\n<\/div>","protected":false},"excerpt":{"rendered":"<p>[vc_row full_width=&#8221;stretch_row&#8221; css=&#8221;.vc_custom_1588055346406{padding-top: 120px !important;padding-right: 120px !important;padding-bottom: 270px !important;padding-left: 120px !important;background-image: url(https:\/\/www.elche.es\/wp-content\/uploads\/2017\/04\/collage-barrios-inclusivos.png?id=115917) !important;background-position: center !important;background-repeat: no-repeat !important;background-size: cover !important;}&#8221; el_id=&#8221;bloque_titulo&#8221;][vc_column][vc_custom_heading text=&#8221;Barris Inclusius&#8221; font_container=&#8221;tag:h2|text_align:center|color:%23ffffff&#8221; google_fonts=&#8221;font_family:Ubuntu%3A300%2C300italic%2Cregular%2Citalic%2C500%2C500italic%2C700%2C700italic|font_style:700%20bold%20regular%3A700%3Anormal&#8221; css=&#8221;.vc_custom_1588237564935{padding-top: 80px !important;}&#8221; el_class=&#8221;sombraTitulo&#8221;][\/vc_column][\/vc_row][vc_row full_width=&#8221;stretch_row&#8221; css=&#8221;.vc_custom_1475488224066{background-color: [&hellip;]<\/p>\n","protected":false},"author":15,"featured_media":0,"parent":183800,"menu_order":0,"comment_status":"closed","ping_status":"closed","template":"","meta":{"footnotes":""},"class_list":["post-116123","page","type-page","status-publish","hentry"],"_links":{"self":[{"href":"https:\/\/www.elche.es\/va\/wp-json\/wp\/v2\/pages\/116123","targetHints":{"allow":["GET"]}}],"collection":[{"href":"https:\/\/www.elche.es\/va\/wp-json\/wp\/v2\/pages"}],"about":[{"href":"https:\/\/www.elche.es\/va\/wp-json\/wp\/v2\/types\/page"}],"author":[{"embeddable":true,"href":"https:\/\/www.elche.es\/va\/wp-json\/wp\/v2\/users\/15"}],"replies":[{"embeddable":true,"href":"https:\/\/www.elche.es\/va\/wp-json\/wp\/v2\/comments?post=116123"}],"version-history":[{"count":0,"href":"https:\/\/www.elche.es\/va\/wp-json\/wp\/v2\/pages\/116123\/revisions"}],"up":[{"embeddable":true,"href":"https:\/\/www.elche.es\/va\/wp-json\/wp\/v2\/pages\/183800"}],"wp:attachment":[{"href":"https:\/\/www.elche.es\/va\/wp-json\/wp\/v2\/media?parent=116123"}],"curies":[{"name":"wp","href":"https:\/\/api.w.org\/{rel}","templated":true}]}}