{"id":118237,"date":"2020-05-26T14:18:44","date_gmt":"2020-05-26T13:18:44","guid":{"rendered":"http:\/\/www.elche.es\/va\/?page_id=118237"},"modified":"2022-06-10T12:47:03","modified_gmt":"2022-06-10T11:47:03","slug":"estrategia-de-promocio-de-la-salut","status":"publish","type":"page","link":"https:\/\/www.elche.es\/va\/derechos-sociales\/cartera-de-serveis\/servei-daccio-comunitaria\/promocio-de-la-salut\/estrategia-de-promocio-de-la-salut\/","title":{"rendered":"ESTRAT\u00c8GIA DE PROMOCI\u00d3 DE LA SALUT"},"content":{"rendered":"<div class=\"wpb-content-wrapper\"><p>[vc_row full_width=&#8221;stretch_row&#8221; css=&#8221;.vc_custom_1654860304860{padding-top: 120px !important;padding-right: 120px !important;padding-bottom: 270px !important;padding-left: 120px !important;background-image: url(https:\/\/www.elche.es\/wp-content\/uploads\/2022\/04\/Estrategia_abajo_2_ow.jpg?id=200037) !important;background-position: center !important;background-repeat: no-repeat !important;background-size: cover !important;}&#8221;][vc_column][vc_custom_heading text=&#8221;Estrat\u00e8gia de Promoci\u00f3 de la Salut i Prevenci\u00f3 del Sistema Nacional de Salut&#8221; font_container=&#8221;tag:h2|text_align:center|color:%23dd3333&#8243; google_fonts=&#8221;font_family:Ubuntu%3A300%2C300italic%2Cregular%2Citalic%2C500%2C500italic%2C700%2C700italic|font_style:700%20bold%20regular%3A700%3Anormal&#8221; css=&#8221;.vc_custom_1654861533410{padding-top: 80px !important;}&#8221; el_class=&#8221;sombraTitulo&#8221;][\/vc_column][\/vc_row][vc_row full_width=&#8221;stretch_row&#8221; css=&#8221;.vc_custom_1475484188729{background-color: #dddde0 !important;}&#8221;][vc_column][vc_column_text]<nav aria-label=\"breadcrumbs\">\n            <div class=\"breadcrumb-container theme1\">\n                <ol>\n                                    <\/ol>\n            <\/div>\n        <\/nav>    <script type=\"application\/ld+json\">\n        {\n            \"@context\": \"http:\/\/schema.org\",\n            \"@type\": \"BreadcrumbList\",\n            \"itemListElement\": [\n                            ]\n        }\n    <\/script>\n    <style type=\"text\/css\">\n        .breadcrumb-container {\n            font-size: 13px;\n        }\n\n        .breadcrumb-container ul {\n            margin: 0;\n            padding: 0;\n        }\n\n        .breadcrumb-container li {\n            box-sizing: unset;\n            display: inline-block;\n            margin: 0;\n            padding: 0;\n        }\n\n        .breadcrumb-container li a {\n            box-sizing: unset;\n            padding: 0 10px;\n        }\n\n        .breadcrumb-container {\n            font-size: 3 !important;\n                    }\n\n        .breadcrumb-container li a {\n            color: #0a0a0a !important;\n            font-size: 3 !important;\n            line-height: 3 !important;\n                    }\n\n        .breadcrumb-container li .separator {\n            font-size: 3 !important;\n                    }\n\n        .breadcrumb-container li:last-child .separator {\n            display: none;\n        }\n    <\/style>\n    <style type=\"text\/css\">\n        .breadcrumb-container.theme1 li {\n            margin: 0;\n            padding: 0;\n        }\n        .breadcrumb-container.theme1 a {\n            background: ;\n            display: inline-block;\n            margin: 0 5px;\n            padding: 5px 10px;\n            text-decoration: none;\n        }\n    <\/style>\n        <style type=\"text\/css\">\n            <\/style>\n    <script>\n            <\/script>\n[\/vc_column_text][\/vc_column][\/vc_row][vc_row css=&#8221;.vc_custom_1654860487585{padding-top: 120px !important;padding-right: 120px !important;padding-bottom: 270px !important;padding-left: 120px !important;background-position: center !important;background-repeat: no-repeat !important;background-size: cover !important;}&#8221;][vc_column width=&#8221;1\/2&#8243;][vc_column_text]L\u2019Estrat\u00e8gia de Promoci\u00f3 de la Salut i Prevenci\u00f3 en el Sistema Nacional de Salut (EPSP)<\/p>\n<p>T\u00e9 com a objectiu general la promoci\u00f3 de la salut i la prevenci\u00f3 per a poder ampliar els anys de vida en bona salut i lliure discapacitat. Per a aix\u00f2, aquesta Estrat\u00e8gia, proposa el desenvolupament progressiu d\u2019intervencions dirigides a promocionar la salut, previndre les malalties, les lesions i la discapacitat, actuant de manera integral sobre factors com l\u2019activitat f\u00edsica, l\u2019alimentaci\u00f3, el tabac, l\u2019alcohol i el benestar emocional, incloent-hi com a \u00e0rees priorit\u00e0ries els primers anys de vida i la poblaci\u00f3 major..<\/p>\n<p>L\u2019Ajuntament d\u2019Elx, a trav\u00e9s de la Regidoria d\u2019Igualtat, Drets Socials i Pol\u00edtiques Inclusives, manifesta la seua voluntat de treballar en aquesta l\u00ednia per a millorar el benestar social de la ciutadania, i proposar l\u2019adhesi\u00f3 a l\u2019Estrat\u00e8gia el 8 d\u2019octubre de 2015, de manera coordinada amb les regidories de Sanitat i Participaci\u00f3.<\/p>\n<p>Aquesta Estrat\u00e8gia proposa el desenvolupament progressiu d\u2019intervencions identificades com a bones pr\u00e0ctiques i basades en l\u2019evid\u00e8ncia cient\u00edfica, dirigides a promocionar la salut, previndre les malalties, les lesions i la discapacitat, actuant de manera integral sobre factors com l\u2019activitat f\u00edsica, l\u2019alimentaci\u00f3, el tabac, l\u2019alcohol i el benestar emocional, tenint en compte els entorns en els quals viu la poblaci\u00f3 i amb una vocaci\u00f3 d\u2019universalitat de les intervencions.<\/p>\n<p>Entre les actuacions que contempla, destaquen:<\/p>\n<ul>\n<li>Facilitar informaci\u00f3 de qualitat perqu\u00e8 les persones puguen desenvolupar estils de vida saludables.<\/li>\n<li>Fomentar relacions de col\u00b7laboraci\u00f3 entre els recursos (sanitaris o no) disponibles per a promoure estils de vida m\u00e9s saludables.<\/li>\n<\/ul>\n<p>L\u2019EPSP comparteix bona part dels objectius i principis metodol\u00f2gics del Servei de Dinamitzaci\u00f3 Comunit\u00e0ria de l\u2019Ajuntament d\u2019Elx, considerant la participaci\u00f3 social i l\u2019acci\u00f3 intersectorial com a elements clau per al manteniment i millora de la salut de la poblaci\u00f3.<\/p>\n<p>Impulsar espais i relacions de col\u00b7laboraci\u00f3 entre les diferents administracions i entitats que intervenen en els barris en la implementaci\u00f3 de l\u2019EPSP.<\/p>\n<ul>\n<li>Facilitar instruments als agents socials i institucions per a la millora de la coordinaci\u00f3, la comunicaci\u00f3 i el coneixement de la situaci\u00f3 de salut des del desenvolupament de processos de treball comunitari.<\/li>\n<li>Potenciar el treball amb la inf\u00e0ncia i la joventut, de manera que es millore la protecci\u00f3 i promoci\u00f3 de la salut en aquestes franges poblacionals.<\/li>\n<li>Promocionar l\u2019envelliment saludable i la visi\u00f3 positiva de la vellesa, i aix\u00ed refor\u00e7ar que les persones majors romanguen actives i part\u00edcips.<\/li>\n<\/ul>\n<p>&nbsp;<\/p>\n<p>Per a disposar de m\u00e9s informaci\u00f3 sobre aquests temes, punxa en els seg\u00fcents enlla\u00e7os:<\/p>\n<p><a href=\"https:\/\/www.sanidad.gob.es\/profesionales\/saludPublica\/prevPromocion\/Estrategia\/estrategiaPromocionyPrevencion.htm\" target=\"_blank\" rel=\"noopener\">Estrat\u00e8gia de Promoci\u00f3 de la Salut i Prevenci\u00f3 del Sistema Nacional de Salut<\/a><\/p>\n<p><a href=\"https:\/\/estilosdevidasaludable.sanidad.gob.es\/\" target=\"_blank\" rel=\"noopener\">Estils de vida saludable\u00a0<\/a><\/p>\n<p><a href=\"https:\/\/localizasalud.sanidad.gob.es\/maparecursos\/main\/Menu.action\" target=\"_blank\" rel=\"noopener\">Localitza salut\u00a0<\/a><\/p>\n<p>[\/vc_column_text][\/vc_column][vc_column width=&#8221;1\/2&#8243;][vc_single_image image=&#8221;116613&#8243; img_size=&#8221;large&#8221;][\/vc_column][\/vc_row][vc_column][\/vc_column]<\/p>\n<\/div>","protected":false},"excerpt":{"rendered":"<p>[vc_row full_width=&#8221;stretch_row&#8221; css=&#8221;.vc_custom_1654860304860{padding-top: 120px !important;padding-right: 120px !important;padding-bottom: 270px !important;padding-left: 120px !important;background-image: url(https:\/\/www.elche.es\/wp-content\/uploads\/2022\/04\/Estrategia_abajo_2_ow.jpg?id=200037) !important;background-position: center !important;background-repeat: no-repeat !important;background-size: cover !important;}&#8221;][vc_column][vc_custom_heading text=&#8221;Estrat\u00e8gia de Promoci\u00f3 de la Salut i Prevenci\u00f3 del Sistema Nacional [&hellip;]<\/p>\n","protected":false},"author":15,"featured_media":0,"parent":118235,"menu_order":0,"comment_status":"closed","ping_status":"closed","template":"","meta":{"footnotes":""},"class_list":["post-118237","page","type-page","status-publish","hentry"],"_links":{"self":[{"href":"https:\/\/www.elche.es\/va\/wp-json\/wp\/v2\/pages\/118237","targetHints":{"allow":["GET"]}}],"collection":[{"href":"https:\/\/www.elche.es\/va\/wp-json\/wp\/v2\/pages"}],"about":[{"href":"https:\/\/www.elche.es\/va\/wp-json\/wp\/v2\/types\/page"}],"author":[{"embeddable":true,"href":"https:\/\/www.elche.es\/va\/wp-json\/wp\/v2\/users\/15"}],"replies":[{"embeddable":true,"href":"https:\/\/www.elche.es\/va\/wp-json\/wp\/v2\/comments?post=118237"}],"version-history":[{"count":0,"href":"https:\/\/www.elche.es\/va\/wp-json\/wp\/v2\/pages\/118237\/revisions"}],"up":[{"embeddable":true,"href":"https:\/\/www.elche.es\/va\/wp-json\/wp\/v2\/pages\/118235"}],"wp:attachment":[{"href":"https:\/\/www.elche.es\/va\/wp-json\/wp\/v2\/media?parent=118237"}],"curies":[{"name":"wp","href":"https:\/\/api.w.org\/{rel}","templated":true}]}}