{"id":118290,"date":"2020-05-27T09:37:57","date_gmt":"2020-05-27T08:37:57","guid":{"rendered":"http:\/\/www.elche.es\/va\/?page_id=118290"},"modified":"2020-05-27T09:42:43","modified_gmt":"2020-05-27T08:42:43","slug":"xarxa-salut","status":"publish","type":"page","link":"https:\/\/www.elche.es\/va\/derechos-sociales\/cartera-de-serveis\/servei-daccio-comunitaria\/promocio-de-la-salut\/xarxa-salut\/","title":{"rendered":"XARXA SALUT"},"content":{"rendered":"<div class=\"wpb-content-wrapper\"><p>[vc_row full_width=&#8221;stretch_row&#8221; css=&#8221;.vc_custom_1588747285520{padding-top: 120px !important;padding-right: 120px !important;padding-bottom: 270px !important;padding-left: 120px !important;background-image: url(https:\/\/www.elche.es\/wp-content\/uploads\/2020\/05\/collage-xarxa-salut.png?id=116639) !important;background-position: center !important;background-repeat: no-repeat !important;background-size: cover !important;}&#8221;][vc_column][vc_custom_heading text=&#8221;&#8221; font_container=&#8221;tag:h2|text_align:center|color:%23ffffff&#8221; google_fonts=&#8221;font_family:Ubuntu%3A300%2C300italic%2Cregular%2Citalic%2C500%2C500italic%2C700%2C700italic|font_style:700%20bold%20regular%3A700%3Anormal&#8221; css=&#8221;.vc_custom_1588832471537{padding-top: 80px !important;}&#8221; el_class=&#8221;sombraTitulo&#8221;][\/vc_column][\/vc_row][vc_row full_width=&#8221;stretch_row&#8221; css=&#8221;.vc_custom_1588747323309{background-color: #dddde0 !important;}&#8221;][vc_column][vc_column_text]<nav aria-label=\"breadcrumbs\">\n            <div class=\"breadcrumb-container theme1\">\n                <ol>\n                                    <\/ol>\n            <\/div>\n        <\/nav>    <script type=\"application\/ld+json\">\n        {\n            \"@context\": \"http:\/\/schema.org\",\n            \"@type\": \"BreadcrumbList\",\n            \"itemListElement\": [\n                            ]\n        }\n    <\/script>\n    <style type=\"text\/css\">\n        .breadcrumb-container {\n            font-size: 13px;\n        }\n\n        .breadcrumb-container ul {\n            margin: 0;\n            padding: 0;\n        }\n\n        .breadcrumb-container li {\n            box-sizing: unset;\n            display: inline-block;\n            margin: 0;\n            padding: 0;\n        }\n\n        .breadcrumb-container li a {\n            box-sizing: unset;\n            padding: 0 10px;\n        }\n\n        .breadcrumb-container {\n            font-size: 3 !important;\n                    }\n\n        .breadcrumb-container li a {\n            color: #0a0a0a !important;\n            font-size: 3 !important;\n            line-height: 3 !important;\n                    }\n\n        .breadcrumb-container li .separator {\n            font-size: 3 !important;\n                    }\n\n        .breadcrumb-container li:last-child .separator {\n            display: none;\n        }\n    <\/style>\n    <style type=\"text\/css\">\n        .breadcrumb-container.theme1 li {\n            margin: 0;\n            padding: 0;\n        }\n        .breadcrumb-container.theme1 a {\n            background: ;\n            display: inline-block;\n            margin: 0 5px;\n            padding: 5px 10px;\n            text-decoration: none;\n        }\n    <\/style>\n        <style type=\"text\/css\">\n            <\/style>\n    <script>\n            <\/script>\n[\/vc_column_text][\/vc_column][\/vc_row][vc_row][vc_column]<div class=\"columns_wrap sc_columns columns_nofluid sc_columns_count_2\"><div class=\"column-1_2 sc_column_item sc_column_item_1 odd first\"><h2 class=\"sc_title sc_title_regular\">Xarxa Salut<\/h2>[vc_column_text]L\u2019Ajuntament d\u2019Elx s\u2019adhereix a la Xarxa Salut l\u2019octubre de 2016,\u00a0i mostra aix\u00ed el seu comprom\u00eds als objectius i als plantejaments del IV Pla de Salut de la Comunitat Valenciana, la qual cosa va significar que, des de la Mesa Intersectorial de Salut, s\u2019ha estat treballant en les diferents etapes a les quals es va comprometre:<\/p>\n<ul>\n<li>Estudi Diagn\u00f2stic dels problemes i necessitats en la nostra ciutat en material de promoci\u00f3 de la salut.<\/li>\n<li>Proposta d\u2019actuacions en el marc d\u2019un Pla Local de Promoci\u00f3 de la Salut.<\/li>\n<\/ul>\n<p>En els seg\u00fcents enlla\u00e7os\u00a0pots trobar tota la informaci\u00f3 relativa a<\/p>\n<p><a href=\"https:\/\/www.sp.san.gva.es\/sscc\/opciones4.jsp?Idioma=va&amp;perfil=inst&amp;Opcion=SANMS52&amp;Nivel=2&amp;MenuSup=SANMS&amp;CodPunto=3838&amp;menuRaizPortal=SANMS\" target=\"_blank\"><span style=\"color: #ff6600\"> Xarxa Salut<\/span><\/a><\/p>\n<p><a href=\"https:\/\/www.elche.es\/wp-content\/uploads\/2020\/05\/IV_PLAN-DE-SALUD_CV_2016_Castellano_web.pdf\" target=\"_blank\">IV Pla de Salut de la Comunitat Valenciana<\/a>[\/vc_column_text][vc_empty_space el_class=&#8221; Hacer referencia a nuestra adhesi\u00f3n y quiz\u00e1 enlace al documento de adhesi\u00f3n del municipio. Poner enlace a la web de la Conseller\u00eda: https:\/\/www.sp.san.gva.es\/sscc\/opciones4.jsp?menuRaizPortal=SANMS&amp;CodPunto=3838&amp;Opcion=SANMS52&amp;MenuSup=SANMS&amp;Nivel=2 &#8220;][vc_empty_space]<\/div><div class=\"column-1_2 sc_column_item sc_column_item_2 even\">[vc_empty_space height=&#8221;100px&#8221;][vc_single_image image=&#8221;114621&#8243; img_size=&#8221;full&#8221; alignment=&#8221;center&#8221; css=&#8221;.vc_custom_1588346926559{padding-top: 200px !important;padding-left: 120px !important;}&#8221;][vc_empty_space height=&#8221;100px&#8221;]<\/div><\/div>[vc_empty_space height=&#8221;100px&#8221;][\/vc_column][\/vc_row][vc_row full_width=&#8221;stretch_row&#8221; el_id=&#8221;bloque_noticias&#8221; css=&#8221;.vc_custom_1507891860115{padding-bottom: 40px !important;background-color: #dedde0 !important;}&#8221;][vc_column]<div class=\"sc_section aligncenter\"><div class=\"sc_section_inner\"><div class=\"sc_content content_wrap\"><h3 class=\"sc_title sc_title_regular sc_align_left margin_top_small\" style=\"text-align:left;\">Not\u00edcies<\/h3><div id=\"sc_blogger_1176716704\" class=\"sc_blogger layout_masonews_3 template_masonews  sc_blogger_horizontal sc_scroll_controls sc_scroll_controls_type_top sc_scroll_controls_horizontal no_description\"><div id=\"sc_blogger_1176716704_scroll\" class=\"sc_scroll sc_scroll_horizontal sc_slider_noresize swiper-slider-container scroll-container\" style=\"width:100%;\"><div class=\"sc_scroll_wrapper swiper-wrapper\"><div class=\"sc_scroll_slide swiper-slide\"><div class=\"isotope_wrap\" data-columns=\"3\">\t\t<div class=\"isotope_item isotope_item_masonews isotope_item_masonews_3 isotope_column_3\t\t\t\t\t\">\r\n\t\t\t<div class=\"post_item post_item_masonews post_item_masonews_3\t\t\t\t  post_format_standard odd\">\r\n\t\t\t\t\r\n\t\t\t\t\t\t\t\t\t<div class=\"post_featured\">\r\n\t\t\t\t\t\t\t<div class=\"post_thumb\" data-image=\"https:\/\/www.elche.es\/wp-content\/uploads\/2025\/09\/El-proximo-lunes-comienza-el-plazo-de-preinscripcion-en-los-talleres-de-los-centros-sociales-y-civicos.jpg\" data-title=\"El pr\u00f2xim dilluns 1 de setembre comen\u00e7a el termini de preinscripci\u00f3 de la nova edici\u00f3 dels tallers socials\">\n\t<a class=\"hover_icon hover_icon_link\" href=\"https:\/\/www.elche.es\/va\/2025\/09\/el-proxim-dilluns-1-de-setembre-comenca-el-termini-de-preinscripcio-de-la-nova-edicio-dels-tallers-socials\/\"><img loading=\"lazy\" decoding=\"async\" class=\"wp-post-image\" width=\"370\" height=\"190\" alt=\"El pr\u00f2xim dilluns 1 de setembre comen\u00e7a el termini de preinscripci\u00f3 de la nova edici\u00f3 dels tallers socials\" src=\"https:\/\/www.elche.es\/wp-content\/uploads\/2025\/09\/El-proximo-lunes-comienza-el-plazo-de-preinscripcion-en-los-talleres-de-los-centros-sociales-y-civicos-370x190.jpg\"><\/a>\t<\/div>\n\t\t\t\t\t\t<\/div>\r\n\t\t\t\t\r\n\t\t\t\t<div class=\"post_content isotope_item_content\">\r\n\t\t\t\t\t\r\n\t\t\t\t\t    <div class=\"post_info\">\n            <span\n            class=\"post_info_item post_info_posted\">            <a href=\"https:\/\/www.elche.es\/va\/2025\/09\/el-proxim-dilluns-1-de-setembre-comenca-el-termini-de-preinscripcio-de-la-nova-edicio-dels-tallers-socials\/\"\n               class=\"post_info_date\">1 Setembre, 2025<\/a><\/span>\n        <\/div>\n\t\t\t\t\t\t\t<h5 class=\"post_title\"><a href=\"https:\/\/www.elche.es\/va\/2025\/09\/el-proxim-dilluns-1-de-setembre-comenca-el-termini-de-preinscripcio-de-la-nova-edicio-dels-tallers-socials\/\">El pr\u00f2xim dilluns 1 de setembre comen\u00e7a el termini de preinscripci\u00f3 de la nova edici\u00f3 dels tallers socials<\/a><\/h5>\r\n\t\t\t\t\t\t\t\r\n\t\t\t\t\t<div class=\"post_descr\">\r\n\t\t\t\t\t\t    <div class=\"post_info\">\n            \n           \n        <\/div>\n\t\t\t\t\t<\/div>\r\n\r\n\t\t\t\t<\/div>\t\t\t\t<!-- \/.post_content -->\r\n\t\t\t<\/div>\t<!-- \/.post_item -->\r\n\t\t<\/div>\t\t\t\t\t\t<!-- \/.isotope_item -->\r\n\t\t\t\t<div class=\"isotope_item isotope_item_masonews isotope_item_masonews_3 isotope_column_3\t\t\t\t\t\">\r\n\t\t\t<div class=\"post_item post_item_masonews post_item_masonews_3\t\t\t\t  post_format_standard even\">\r\n\t\t\t\t\r\n\t\t\t\t\t\t\t\t\t<div class=\"post_featured\">\r\n\t\t\t\t\t\t\t<div class=\"post_thumb\" data-image=\"https:\/\/www.elche.es\/wp-content\/uploads\/2023\/08\/Imagenes-web-1200-x-700-2.jpg\" data-title=\"Este dilluns comen\u00e7a el termini de preinscripci\u00f3 en els tallers dels centres socials i c\u00edvics del municipi\">\n\t<a class=\"hover_icon hover_icon_link\" href=\"https:\/\/www.elche.es\/va\/2023\/08\/este-dilluns-comenca-el-termini-de-preinscripcio-en-els-tallers-dels-centres-socials-i-civics-del-municipi\/\"><img loading=\"lazy\" decoding=\"async\" class=\"wp-post-image\" width=\"370\" height=\"190\" alt=\"Este dilluns comen\u00e7a el termini de preinscripci\u00f3 en els tallers dels centres socials i c\u00edvics del municipi\" src=\"https:\/\/www.elche.es\/wp-content\/uploads\/2023\/08\/Imagenes-web-1200-x-700-2-370x190.jpg\"><\/a>\t<\/div>\n\t\t\t\t\t\t<\/div>\r\n\t\t\t\t\r\n\t\t\t\t<div class=\"post_content isotope_item_content\">\r\n\t\t\t\t\t\r\n\t\t\t\t\t    <div class=\"post_info\">\n            <span\n            class=\"post_info_item post_info_posted\">            <a href=\"https:\/\/www.elche.es\/va\/2023\/08\/este-dilluns-comenca-el-termini-de-preinscripcio-en-els-tallers-dels-centres-socials-i-civics-del-municipi\/\"\n               class=\"post_info_date\">25 Agost, 2023<\/a><\/span>\n        <\/div>\n\t\t\t\t\t\t\t<h5 class=\"post_title\"><a href=\"https:\/\/www.elche.es\/va\/2023\/08\/este-dilluns-comenca-el-termini-de-preinscripcio-en-els-tallers-dels-centres-socials-i-civics-del-municipi\/\">Este dilluns comen\u00e7a el termini de preinscripci\u00f3 en els tallers dels centres socials i c\u00edvics del municipi<\/a><\/h5>\r\n\t\t\t\t\t\t\t\r\n\t\t\t\t\t<div class=\"post_descr\">\r\n\t\t\t\t\t\t    <div class=\"post_info\">\n            \n           \n        <\/div>\n\t\t\t\t\t<\/div>\r\n\r\n\t\t\t\t<\/div>\t\t\t\t<!-- \/.post_content -->\r\n\t\t\t<\/div>\t<!-- \/.post_item -->\r\n\t\t<\/div>\t\t\t\t\t\t<!-- \/.isotope_item -->\r\n\t\t\t\t<div class=\"isotope_item isotope_item_masonews isotope_item_masonews_3 isotope_column_3\t\t\t\t\t\">\r\n\t\t\t<div class=\"post_item post_item_masonews post_item_masonews_3\t\t\t\t  post_format_standard odd\">\r\n\t\t\t\t\r\n\t\t\t\t\t\t\t\t\t<div class=\"post_featured\">\r\n\t\t\t\t\t\t\t<div class=\"post_thumb\" data-image=\"https:\/\/www.elche.es\/wp-content\/uploads\/2023\/08\/TALLERES-SOCIALES.jpg\" data-title=\"Acci\u00f3 Social oferta per al pr\u00f2xim curs 225 tallers en centres socials i c\u00edvics de tot el municipi\">\n\t<a class=\"hover_icon hover_icon_link\" href=\"https:\/\/www.elche.es\/va\/2023\/08\/accio-social-oferta-per-al-proxim-curs-225-tallers-en-centres-socials-i-civics-de-tot-el-municipi\/\"><img loading=\"lazy\" decoding=\"async\" class=\"wp-post-image\" width=\"370\" height=\"190\" alt=\"Acci\u00f3 Social oferta per al pr\u00f2xim curs 225 tallers en centres socials i c\u00edvics de tot el municipi\" src=\"https:\/\/www.elche.es\/wp-content\/uploads\/2023\/08\/TALLERES-SOCIALES-370x190.jpg\"><\/a>\t<\/div>\n\t\t\t\t\t\t<\/div>\r\n\t\t\t\t\r\n\t\t\t\t<div class=\"post_content isotope_item_content\">\r\n\t\t\t\t\t\r\n\t\t\t\t\t    <div class=\"post_info\">\n            <span\n            class=\"post_info_item post_info_posted\">            <a href=\"https:\/\/www.elche.es\/va\/2023\/08\/accio-social-oferta-per-al-proxim-curs-225-tallers-en-centres-socials-i-civics-de-tot-el-municipi\/\"\n               class=\"post_info_date\">9 Agost, 2023<\/a><\/span>\n        <\/div>\n\t\t\t\t\t\t\t<h5 class=\"post_title\"><a href=\"https:\/\/www.elche.es\/va\/2023\/08\/accio-social-oferta-per-al-proxim-curs-225-tallers-en-centres-socials-i-civics-de-tot-el-municipi\/\">Acci\u00f3 Social oferta per al pr\u00f2xim curs 225 tallers en centres socials i c\u00edvics de tot el municipi<\/a><\/h5>\r\n\t\t\t\t\t\t\t\r\n\t\t\t\t\t<div class=\"post_descr\">\r\n\t\t\t\t\t\t    <div class=\"post_info\">\n            \n           \n        <\/div>\n\t\t\t\t\t<\/div>\r\n\r\n\t\t\t\t<\/div>\t\t\t\t<!-- \/.post_content -->\r\n\t\t\t<\/div>\t<!-- \/.post_item -->\r\n\t\t<\/div>\t\t\t\t\t\t<!-- \/.isotope_item -->\r\n\t\t\t\t<div class=\"isotope_item isotope_item_masonews isotope_item_masonews_3 isotope_column_3\t\t\t\t\t\">\r\n\t\t\t<div class=\"post_item post_item_masonews post_item_masonews_3\t\t\t\t  post_format_standard even\">\r\n\t\t\t\t\r\n\t\t\t\t\t\t\t\t\t<div class=\"post_featured\">\r\n\t\t\t\t\t\t\t<div class=\"post_thumb\" data-image=\"https:\/\/www.elche.es\/wp-content\/uploads\/2022\/08\/1.-Imagenes-web-Tw-FB-1200-x-700-18.jpg\" data-title=\"L&#8217;1 de setembre s&#8217;obri el termini per a inscriure&#8217;s en una nova edici\u00f3 del programa d&#8217;animaci\u00f3 sociocultural\">\n\t<a class=\"hover_icon hover_icon_link\" href=\"https:\/\/www.elche.es\/va\/2022\/08\/l1-de-setembre-sobri-el-termini-per-a-inscriures-en-una-nova-edicio-del-programa-danimacio-sociocultural\/\"><img loading=\"lazy\" decoding=\"async\" class=\"wp-post-image\" width=\"370\" height=\"190\" alt=\"L&#8217;1 de setembre s&#8217;obri el termini per a inscriure&#8217;s en una nova edici\u00f3 del programa d&#8217;animaci\u00f3 sociocultural\" src=\"https:\/\/www.elche.es\/wp-content\/uploads\/2022\/08\/1.-Imagenes-web-Tw-FB-1200-x-700-18-370x190.jpg\"><\/a>\t<\/div>\n\t\t\t\t\t\t<\/div>\r\n\t\t\t\t\r\n\t\t\t\t<div class=\"post_content isotope_item_content\">\r\n\t\t\t\t\t\r\n\t\t\t\t\t    <div class=\"post_info\">\n            <span\n            class=\"post_info_item post_info_posted\">            <a href=\"https:\/\/www.elche.es\/va\/2022\/08\/l1-de-setembre-sobri-el-termini-per-a-inscriures-en-una-nova-edicio-del-programa-danimacio-sociocultural\/\"\n               class=\"post_info_date\">19 Agost, 2022<\/a><\/span>\n        <\/div>\n\t\t\t\t\t\t\t<h5 class=\"post_title\"><a href=\"https:\/\/www.elche.es\/va\/2022\/08\/l1-de-setembre-sobri-el-termini-per-a-inscriures-en-una-nova-edicio-del-programa-danimacio-sociocultural\/\">L&#8217;1 de setembre s&#8217;obri el termini per a inscriure&#8217;s en una nova edici\u00f3 del programa d&#8217;animaci\u00f3 sociocultural<\/a><\/h5>\r\n\t\t\t\t\t\t\t\r\n\t\t\t\t\t<div class=\"post_descr\">\r\n\t\t\t\t\t\t    <div class=\"post_info\">\n            \n           \n        <\/div>\n\t\t\t\t\t<\/div>\r\n\r\n\t\t\t\t<\/div>\t\t\t\t<!-- \/.post_content -->\r\n\t\t\t<\/div>\t<!-- \/.post_item -->\r\n\t\t<\/div>\t\t\t\t\t\t<!-- \/.isotope_item -->\r\n\t\t\t\t<div class=\"isotope_item isotope_item_masonews isotope_item_masonews_3 isotope_column_3\t\t\t\t\t\">\r\n\t\t\t<div class=\"post_item post_item_masonews post_item_masonews_3\t\t\t\t  post_format_standard odd\">\r\n\t\t\t\t\r\n\t\t\t\t\t\t\t\t\t<div class=\"post_featured\">\r\n\t\t\t\t\t\t\t<div class=\"post_thumb\" data-image=\"https:\/\/www.elche.es\/wp-content\/uploads\/2022\/06\/Animacion-sociocultural-.jpg\" data-title=\"La clausura del programa d\u2019animaci\u00f3 sociocultural omple el Centre de Congressos d\u2019activitats per a tota la poblaci\u00f3\">\n\t<a class=\"hover_icon hover_icon_link\" href=\"https:\/\/www.elche.es\/va\/2022\/06\/la-clausura-del-programa-danimacio-sociocultural-omple-el-centre-de-congressos-dactivitats-per-a-tota-la-poblacio\/\"><img loading=\"lazy\" decoding=\"async\" class=\"wp-post-image\" width=\"370\" height=\"190\" alt=\"La clausura del programa d\u2019animaci\u00f3 sociocultural omple el Centre de Congressos d\u2019activitats per a tota la poblaci\u00f3\" src=\"https:\/\/www.elche.es\/wp-content\/uploads\/2022\/06\/Animacion-sociocultural--370x190.jpg\"><\/a>\t<\/div>\n\t\t\t\t\t\t<\/div>\r\n\t\t\t\t\r\n\t\t\t\t<div class=\"post_content isotope_item_content\">\r\n\t\t\t\t\t\r\n\t\t\t\t\t    <div class=\"post_info\">\n            <span\n            class=\"post_info_item post_info_posted\">            <a href=\"https:\/\/www.elche.es\/va\/2022\/06\/la-clausura-del-programa-danimacio-sociocultural-omple-el-centre-de-congressos-dactivitats-per-a-tota-la-poblacio\/\"\n               class=\"post_info_date\">23 Juny, 2022<\/a><\/span>\n        <\/div>\n\t\t\t\t\t\t\t<h5 class=\"post_title\"><a href=\"https:\/\/www.elche.es\/va\/2022\/06\/la-clausura-del-programa-danimacio-sociocultural-omple-el-centre-de-congressos-dactivitats-per-a-tota-la-poblacio\/\">La clausura del programa d\u2019animaci\u00f3 sociocultural omple el Centre de Congressos d\u2019activitats per a tota la poblaci\u00f3<\/a><\/h5>\r\n\t\t\t\t\t\t\t\r\n\t\t\t\t\t<div class=\"post_descr\">\r\n\t\t\t\t\t\t    <div class=\"post_info\">\n            \n           \n        <\/div>\n\t\t\t\t\t<\/div>\r\n\r\n\t\t\t\t<\/div>\t\t\t\t<!-- \/.post_content -->\r\n\t\t\t<\/div>\t<!-- \/.post_item -->\r\n\t\t<\/div>\t\t\t\t\t\t<!-- \/.isotope_item -->\r\n\t\t\t\t<div class=\"isotope_item isotope_item_masonews isotope_item_masonews_3 isotope_column_3\t\t\t\t\t\">\r\n\t\t\t<div class=\"post_item post_item_masonews post_item_masonews_3\t\t\t\t  post_format_standard even last\">\r\n\t\t\t\t\r\n\t\t\t\t\t\t\t\t\t<div class=\"post_featured\">\r\n\t\t\t\t\t\t\t<div class=\"post_thumb\" data-image=\"https:\/\/www.elche.es\/wp-content\/uploads\/2022\/06\/Mariano-Valera.jpg\" data-title=\"Prop de 2.600 persones participen en els tallers que la Regidoria de Drets Socials impulsa als centres socials d&#8217;Elx durant tot l&#8217;any\">\n\t<a class=\"hover_icon hover_icon_link\" href=\"https:\/\/www.elche.es\/va\/2022\/06\/prop-de-2-600-persones-participen-en-els-tallers-que-la-regidoria-de-drets-socials-impulsa-als-centres-socials-delx-durant-tot-lany\/\"><img loading=\"lazy\" decoding=\"async\" class=\"wp-post-image\" width=\"370\" height=\"190\" alt=\"Prop de 2.600 persones participen en els tallers que la Regidoria de Drets Socials impulsa als centres socials d&#8217;Elx durant tot l&#8217;any\" src=\"https:\/\/www.elche.es\/wp-content\/uploads\/2022\/06\/Mariano-Valera-370x190.jpg\"><\/a>\t<\/div>\n\t\t\t\t\t\t<\/div>\r\n\t\t\t\t\r\n\t\t\t\t<div class=\"post_content isotope_item_content\">\r\n\t\t\t\t\t\r\n\t\t\t\t\t    <div class=\"post_info\">\n            <span\n            class=\"post_info_item post_info_posted\">            <a href=\"https:\/\/www.elche.es\/va\/2022\/06\/prop-de-2-600-persones-participen-en-els-tallers-que-la-regidoria-de-drets-socials-impulsa-als-centres-socials-delx-durant-tot-lany\/\"\n               class=\"post_info_date\">21 Juny, 2022<\/a><\/span>\n        <\/div>\n\t\t\t\t\t\t\t<h5 class=\"post_title\"><a href=\"https:\/\/www.elche.es\/va\/2022\/06\/prop-de-2-600-persones-participen-en-els-tallers-que-la-regidoria-de-drets-socials-impulsa-als-centres-socials-delx-durant-tot-lany\/\">Prop de 2.600 persones participen en els tallers que la Regidoria de Drets Socials impulsa als centres socials d&#8217;Elx durant tot l&#8217;any<\/a><\/h5>\r\n\t\t\t\t\t\t\t\r\n\t\t\t\t\t<div class=\"post_descr\">\r\n\t\t\t\t\t\t    <div class=\"post_info\">\n            \n           \n        <\/div>\n\t\t\t\t\t<\/div>\r\n\r\n\t\t\t\t<\/div>\t\t\t\t<!-- \/.post_content -->\r\n\t\t\t<\/div>\t<!-- \/.post_item -->\r\n\t\t<\/div>\t\t\t\t\t\t<!-- \/.isotope_item -->\r\n\t\t<\/div><\/div><\/div><div id=\"sc_blogger_1176716704_scroll_bar\" class=\"sc_scroll_bar sc_scroll_bar_horizontal sc_blogger_1176716704_scroll_bar\"><\/div><\/div><div class=\"sc_scroll_controls_wrap\"><a class=\"sc_scroll_prev\" href=\"#\"><\/a><a class=\"sc_scroll_next\" href=\"#\"><\/a><\/div><\/div><a href=\"https:\/\/www.elche.es\/categoria\/animacion-sociocultural\/\" class=\"sc_button sc_button_square sc_button_style_filled style_original sc_button_size_small\" style=\" padding: 0.3em 0.8em 0.30em; font-size: 23px; text-transform: none;\">M\u00e9s not\u00edcies<\/a><\/div><\/div><\/div>[\/vc_column][\/vc_row][vc_row full_width=&#8221;stretch_row&#8221; css=&#8221;.vc_custom_1469617963813{padding-bottom: 40px !important;background-color: #fffcfc !important;}&#8221;][vc_column]<h3 class=\"sc_title sc_title_regular sc_align_left\" style=\"text-align:left;\">Propers\u00a0esdeveniments<\/h3><div class=\"sc_section aligncenter\"><div class=\"sc_section_inner\"><div class=\"sc_content content_wrap scheme_original\"><div id=\"sc_blogger_1094278923\" class=\"sc_blogger layout_classic_4 template_classic  sc_blogger_horizontal no_description\"><div class=\"isotope_wrap\" data-columns=\"4\"><\/div><\/div><a href=\"https:\/\/www.elche.es\/calendario-eventos\/categoria\/animacion-sociocultural\/\" class=\"sc_button sc_button_square sc_button_style_filled style_original sc_button_size_small\" style=\" padding: 0.3em 0.8em 0.30em; font-size: 23px; text-transform: none;\">M\u00e9s esdeveniments<\/a><\/div><\/div><\/div>[\/vc_column][\/vc_row][vc_row full_width=&#8221;stretch_row&#8221; css=&#8221;.vc_custom_1469618345683{padding-top: 50px !important;padding-bottom: 40px !important;background-image: url(https:\/\/www.elche.es\/wp-content\/uploads\/2016\/07\/palmeral.png?id=1044) !important;}&#8221;][vc_column]<h3 class=\"sc_title sc_title_regular sc_align_center margin_top_tiny\" style=\"text-align:center;\"><span style=\"color: #ffffff\">Enlaces\u00a0<\/span><\/h3><div id=\"sc_section_946730977\" class=\"sc_section column-1_1\"><div class=\"sc_section_inner sc_scroll_controls sc_scroll_controls_horizontal sc_scroll_controls_type_side\"><div id=\"sc_section_946730977_scroll\" class=\"sc_scroll sc_scroll_horizontal swiper-slider-container scroll-container\" style=\"\"><div class=\"sc_scroll_wrapper swiper-wrapper\"><div class=\"sc_scroll_slide swiper-slide\"><div class=\"columns_wrap sc_columns columns_nofluid sc_columns_count_1\"><div class=\"column-1_1 sc_column_item sc_column_item_1 odd first\">\r\n        <div id=\"enlacesInteresantes\">\r\n            <div class=\"post_item post_item_opportuniti post_item_opportuniti_3 post_format_standard odd\">\r\n               <div class=\"post_featured\">\r\n                  <div class=\"post_thumb\">\r\n                     <a class=\"hover_icon hover_icon_link\" target='_blank' href=\"https:\/\/www.elche.es\/elche-saludable\/\"><img loading=\"lazy\" decoding=\"async\" class=\"wp-post-image\" width=\"740\" height=\"584\" src=\"https:\/\/www.elche.es\/wp-content\/uploads\/2017\/04\/Impresi\u00f3n-de-p\u00e1gina-completa-1.jpg\"><\/a> \r\n                  <\/div>\r\n               <\/div>\r\n               <div class=\"post_content isotope_item_content\">\r\n                  <h4 class=\"post_title\"><a target='_blank' href=\"https:\/\/www.elche.es\/elche-saludable\/\"><\/a><\/h4>\r\n                  <div class=\"post_descr\">\r\n                     <p> <a style=\"color: white;\" target='_blank'href=\"https:\/\/www.elche.es\/elche-saludable\/\">Setmana de la Salut 2018<\/a><\/p>\r\n                  <\/div>\r\n               <\/div>\r\n            <\/div>\r\n       <\/div><\/div><\/div><\/div><\/div><div id=\"sc_section_946730977_scroll_bar\" class=\"sc_scroll_bar sc_scroll_bar_horizontal sc_section_946730977_scroll_bar\"><\/div><\/div><div class=\"sc_scroll_controls_wrap\"><a class=\"sc_scroll_prev\" href=\"#\"><\/a><a class=\"sc_scroll_next\" href=\"#\"><\/a><\/div><\/div><\/div>[\/vc_column][\/vc_row]<\/p>\n<\/div>","protected":false},"excerpt":{"rendered":"<p>[vc_row full_width=&#8221;stretch_row&#8221; css=&#8221;.vc_custom_1588747285520{padding-top: 120px !important;padding-right: 120px !important;padding-bottom: 270px !important;padding-left: 120px !important;background-image: url(https:\/\/www.elche.es\/wp-content\/uploads\/2020\/05\/collage-xarxa-salut.png?id=116639) !important;background-position: center !important;background-repeat: no-repeat !important;background-size: cover !important;}&#8221;][vc_column][vc_custom_heading text=&#8221;&#8221; font_container=&#8221;tag:h2|text_align:center|color:%23ffffff&#8221; google_fonts=&#8221;font_family:Ubuntu%3A300%2C300italic%2Cregular%2Citalic%2C500%2C500italic%2C700%2C700italic|font_style:700%20bold%20regular%3A700%3Anormal&#8221; css=&#8221;.vc_custom_1588832471537{padding-top: 80px !important;}&#8221; el_class=&#8221;sombraTitulo&#8221;][\/vc_column][\/vc_row][vc_row full_width=&#8221;stretch_row&#8221; css=&#8221;.vc_custom_1588747323309{background-color: #dddde0 !important;}&#8221;][vc_column][vc_column_text][\/vc_column_text][\/vc_column][\/vc_row][vc_row][vc_column][vc_empty_space [&hellip;]<\/p>\n","protected":false},"author":15,"featured_media":0,"parent":118235,"menu_order":0,"comment_status":"closed","ping_status":"closed","template":"","meta":{"footnotes":""},"class_list":["post-118290","page","type-page","status-publish","hentry"],"_links":{"self":[{"href":"https:\/\/www.elche.es\/va\/wp-json\/wp\/v2\/pages\/118290","targetHints":{"allow":["GET"]}}],"collection":[{"href":"https:\/\/www.elche.es\/va\/wp-json\/wp\/v2\/pages"}],"about":[{"href":"https:\/\/www.elche.es\/va\/wp-json\/wp\/v2\/types\/page"}],"author":[{"embeddable":true,"href":"https:\/\/www.elche.es\/va\/wp-json\/wp\/v2\/users\/15"}],"replies":[{"embeddable":true,"href":"https:\/\/www.elche.es\/va\/wp-json\/wp\/v2\/comments?post=118290"}],"version-history":[{"count":0,"href":"https:\/\/www.elche.es\/va\/wp-json\/wp\/v2\/pages\/118290\/revisions"}],"up":[{"embeddable":true,"href":"https:\/\/www.elche.es\/va\/wp-json\/wp\/v2\/pages\/118235"}],"wp:attachment":[{"href":"https:\/\/www.elche.es\/va\/wp-json\/wp\/v2\/media?parent=118290"}],"curies":[{"name":"wp","href":"https:\/\/api.w.org\/{rel}","templated":true}]}}