{"id":118295,"date":"2020-05-27T09:52:40","date_gmt":"2020-05-27T08:52:40","guid":{"rendered":"http:\/\/www.elche.es\/va\/?page_id=118295"},"modified":"2024-04-04T10:01:18","modified_gmt":"2024-04-04T08:01:18","slug":"mesa-intersectorial-de-salut","status":"publish","type":"page","link":"https:\/\/www.elche.es\/va\/derechos-sociales\/cartera-de-serveis\/servei-daccio-comunitaria\/promocio-de-la-salut\/mesa-intersectorial-de-salut\/","title":{"rendered":"MESA INTERSECTORIAL DE SALUT"},"content":{"rendered":"<div class=\"wpb-content-wrapper\"><p>[vc_row full_width=&#8221;stretch_row&#8221; css=&#8221;.vc_custom_1588745502829{padding-top: 120px !important;padding-right: 120px !important;padding-bottom: 270px !important;padding-left: 120px !important;background-image: url(https:\/\/www.elche.es\/wp-content\/uploads\/2020\/05\/collage-mesa-intersectorial-de-salud.png?id=116616) !important;background-position: center !important;background-repeat: no-repeat !important;background-size: cover !important;}&#8221; el_id=&#8221;bloque_titulo&#8221;][vc_column][vc_custom_heading text=&#8221;Mesa Intersectorial de Salut&#8221; font_container=&#8221;tag:h2|text_align:center|color:%23ffffff&#8221; google_fonts=&#8221;font_family:Ubuntu%3A300%2C300italic%2Cregular%2Citalic%2C500%2C500italic%2C700%2C700italic|font_style:700%20bold%20regular%3A700%3Anormal&#8221; css=&#8221;.vc_custom_1590569179207{padding-top: 80px !important;}&#8221; el_class=&#8221;sombraTitulo&#8221;][\/vc_column][\/vc_row][vc_row full_width=&#8221;stretch_row&#8221; css=&#8221;.vc_custom_1475488224066{background-color: #dddde0 !important;}&#8221;][vc_column][vc_column_text]<nav aria-label=\"breadcrumbs\">\n            <div class=\"breadcrumb-container theme1\">\n                <ol>\n                                    <\/ol>\n            <\/div>\n        <\/nav>    <script type=\"application\/ld+json\">\n        {\n            \"@context\": \"http:\/\/schema.org\",\n            \"@type\": \"BreadcrumbList\",\n            \"itemListElement\": [\n                            ]\n        }\n    <\/script>\n    <style type=\"text\/css\">\n        .breadcrumb-container {\n            font-size: 13px;\n        }\n\n        .breadcrumb-container ul {\n            margin: 0;\n            padding: 0;\n        }\n\n        .breadcrumb-container li {\n            box-sizing: unset;\n            display: inline-block;\n            margin: 0;\n            padding: 0;\n        }\n\n        .breadcrumb-container li a {\n            box-sizing: unset;\n            padding: 0 10px;\n        }\n\n        .breadcrumb-container {\n            font-size: 3 !important;\n                    }\n\n        .breadcrumb-container li a {\n            color: #0a0a0a !important;\n            font-size: 3 !important;\n            line-height: 3 !important;\n                    }\n\n        .breadcrumb-container li .separator {\n            font-size: 3 !important;\n                    }\n\n        .breadcrumb-container li:last-child .separator {\n            display: none;\n        }\n    <\/style>\n    <style type=\"text\/css\">\n        .breadcrumb-container.theme1 li {\n            margin: 0;\n            padding: 0;\n        }\n        .breadcrumb-container.theme1 a {\n            background: ;\n            display: inline-block;\n            margin: 0 5px;\n            padding: 5px 10px;\n            text-decoration: none;\n        }\n    <\/style>\n        <style type=\"text\/css\">\n            <\/style>\n    <script>\n            <\/script>\n[\/vc_column_text][\/vc_column][\/vc_row][vc_row css=&#8221;.vc_custom_1588014318929{padding-bottom: 40px !important;}&#8221; el_id=&#8221;bloque_basica&#8221;][vc_column width=&#8221;1\/2&#8243;]<h3 class=\"sc_title sc_title_regular margin_top_tiny\"><\/p>\n<p>Mesa Intersectorial de Salut<\/p>\n<p><\/h3>[vc_column_text]La Mesa Intersectorial de Salut, liderada per la Regidoria de Sanitat, i en col\u00b7laboraci\u00f3 amb la Regidoria de Drets Socials, treballa amb l&#8217;objectiu de desenvolupar un Pla de Salut Local en mat\u00e8ria de promoci\u00f3 i prevenci\u00f3 de la salut.<\/p>\n<p>El projecte inicial ha sigut consensuat i treballat per la Mesa Intersectorial abans de l\u2019aprovaci\u00f3 final d\u2019aquest i constitueix un comprom\u00eds fonamental de l&#8217;Ajuntament d&#8217;Elx amb la promoci\u00f3 de la salut. L&#8217;Ajuntament d&#8217;Elx es troba adherit a l&#8217;Estrat\u00e8gia de Promoci\u00f3 de la Salut i Prevenci\u00f3 del Sistema Nacional de Salut i a la Xarxa Salut de la Generalitat Valenciana des de 2017; i per a complir amb els objectius marcats, els components de la taula planifiquen diferents propostes que desenvolupen un Pla Local de Promoci\u00f3 de la Salut.<\/p>\n<p><span style=\"color: #ff6600;\"><strong>Composici\u00f3<\/strong><\/span><\/p>\n<p>Est\u00e0 composta per representants t\u00e8cnics dels seg\u00fcents departaments municipals i entitats de la localitat.<a href=\"https:\/\/www.elche.es\/wp-content\/uploads\/2020\/05\/Miembros-Mesa-Intersectorial-de-Salud.pdf\" target=\"_blank\" rel=\"noopener\"> ENLLA\u00c7<\/a>[\/vc_column_text][\/vc_column][vc_column width=&#8221;1\/2&#8243;][vc_single_image image=&#8221;116612&#8243; img_size=&#8221;large&#8221; alignment=&#8221;center&#8221; css=&#8221;.vc_custom_1588745580562{padding-top: 150px !important;padding-left: 100px !important;}&#8221;][vc_single_image image=&#8221;116621&#8243; img_size=&#8221;large&#8221; css=&#8221;.vc_custom_1588745723473{padding-top: 150px !important;padding-left: 120px !important;}&#8221;][\/vc_column][\/vc_row][vc_row][\/vc_row][vc_column][vc_empty_space height=&#8221;64px&#8221;][\/vc_column]<div class=\"sc_content content_wrap\"><\/div>[vc_column_text]<\/p>\n<div class=\"contentDescription\"><\/div>\n<p>[\/vc_column_text]<\/p>\n<\/div>","protected":false},"excerpt":{"rendered":"<p>[vc_row full_width=&#8221;stretch_row&#8221; css=&#8221;.vc_custom_1588745502829{padding-top: 120px !important;padding-right: 120px !important;padding-bottom: 270px !important;padding-left: 120px !important;background-image: url(https:\/\/www.elche.es\/wp-content\/uploads\/2020\/05\/collage-mesa-intersectorial-de-salud.png?id=116616) !important;background-position: center !important;background-repeat: no-repeat !important;background-size: cover !important;}&#8221; el_id=&#8221;bloque_titulo&#8221;][vc_column][vc_custom_heading text=&#8221;Mesa Intersectorial de Salut&#8221; font_container=&#8221;tag:h2|text_align:center|color:%23ffffff&#8221; google_fonts=&#8221;font_family:Ubuntu%3A300%2C300italic%2Cregular%2Citalic%2C500%2C500italic%2C700%2C700italic|font_style:700%20bold%20regular%3A700%3Anormal&#8221; css=&#8221;.vc_custom_1590569179207{padding-top: 80px !important;}&#8221; el_class=&#8221;sombraTitulo&#8221;][\/vc_column][\/vc_row][vc_row [&hellip;]<\/p>\n","protected":false},"author":15,"featured_media":0,"parent":118235,"menu_order":0,"comment_status":"closed","ping_status":"closed","template":"","meta":{"footnotes":""},"class_list":["post-118295","page","type-page","status-publish","hentry"],"_links":{"self":[{"href":"https:\/\/www.elche.es\/va\/wp-json\/wp\/v2\/pages\/118295","targetHints":{"allow":["GET"]}}],"collection":[{"href":"https:\/\/www.elche.es\/va\/wp-json\/wp\/v2\/pages"}],"about":[{"href":"https:\/\/www.elche.es\/va\/wp-json\/wp\/v2\/types\/page"}],"author":[{"embeddable":true,"href":"https:\/\/www.elche.es\/va\/wp-json\/wp\/v2\/users\/15"}],"replies":[{"embeddable":true,"href":"https:\/\/www.elche.es\/va\/wp-json\/wp\/v2\/comments?post=118295"}],"version-history":[{"count":1,"href":"https:\/\/www.elche.es\/va\/wp-json\/wp\/v2\/pages\/118295\/revisions"}],"predecessor-version":[{"id":286840,"href":"https:\/\/www.elche.es\/va\/wp-json\/wp\/v2\/pages\/118295\/revisions\/286840"}],"up":[{"embeddable":true,"href":"https:\/\/www.elche.es\/va\/wp-json\/wp\/v2\/pages\/118235"}],"wp:attachment":[{"href":"https:\/\/www.elche.es\/va\/wp-json\/wp\/v2\/media?parent=118295"}],"curies":[{"name":"wp","href":"https:\/\/api.w.org\/{rel}","templated":true}]}}