{"id":118298,"date":"2020-05-27T10:02:09","date_gmt":"2020-05-27T09:02:09","guid":{"rendered":"http:\/\/www.elche.es\/va\/?page_id=118298"},"modified":"2022-10-14T09:50:51","modified_gmt":"2022-10-14T08:50:51","slug":"condueix-la-teua-salut","status":"publish","type":"page","link":"https:\/\/www.elche.es\/va\/derechos-sociales\/cartera-de-serveis\/servei-daccio-comunitaria\/promocio-de-la-salut\/condueix-la-teua-salut\/","title":{"rendered":"CONDUEIX LA TEUA SALUT"},"content":{"rendered":"<div class=\"wpb-content-wrapper\"><p>[vc_row full_width=&#8221;stretch_row_content_no_spaces&#8221; css=&#8221;.vc_custom_1663588492163{background-position: center !important;background-repeat: no-repeat !important;background-size: cover !important;}&#8221; el_class=&#8221;cuadrocabecerafoto&#8221;][vc_column][vc_single_image image=&#8221;216928&#8243; img_size=&#8221;full&#8221; alignment=&#8221;center&#8221; el_class=&#8221;cabecerasolofoto&#8221;][\/vc_column][\/vc_row][vc_row full_width=&#8221;stretch_row&#8221; css=&#8221;.vc_custom_1475488224066{background-color: #dddde0 !important;}&#8221;][vc_column][vc_column_text]<nav aria-label=\"breadcrumbs\">\n            <div class=\"breadcrumb-container theme1\">\n                <ol>\n                                    <\/ol>\n            <\/div>\n        <\/nav>    <script type=\"application\/ld+json\">\n        {\n            \"@context\": \"http:\/\/schema.org\",\n            \"@type\": \"BreadcrumbList\",\n            \"itemListElement\": [\n                            ]\n        }\n    <\/script>\n    <style type=\"text\/css\">\n        .breadcrumb-container {\n            font-size: 13px;\n        }\n\n        .breadcrumb-container ul {\n            margin: 0;\n            padding: 0;\n        }\n\n        .breadcrumb-container li {\n            box-sizing: unset;\n            display: inline-block;\n            margin: 0;\n            padding: 0;\n        }\n\n        .breadcrumb-container li a {\n            box-sizing: unset;\n            padding: 0 10px;\n        }\n\n        .breadcrumb-container {\n            font-size: 3 !important;\n                    }\n\n        .breadcrumb-container li a {\n            color: #0a0a0a !important;\n            font-size: 3 !important;\n            line-height: 3 !important;\n                    }\n\n        .breadcrumb-container li .separator {\n            font-size: 3 !important;\n                    }\n\n        .breadcrumb-container li:last-child .separator {\n            display: none;\n        }\n    <\/style>\n    <style type=\"text\/css\">\n        .breadcrumb-container.theme1 li {\n            margin: 0;\n            padding: 0;\n        }\n        .breadcrumb-container.theme1 a {\n            background: ;\n            display: inline-block;\n            margin: 0 5px;\n            padding: 5px 10px;\n            text-decoration: none;\n        }\n    <\/style>\n        <style type=\"text\/css\">\n            <\/style>\n    <script>\n            <\/script>\n[\/vc_column_text][\/vc_column][\/vc_row][vc_row][vc_column][vc_column_text css=&#8221;.vc_custom_1665129641621{margin-top: 40px !important;}&#8221;]Aquest projecte \u00e9s una continuaci\u00f3 del que es va iniciar l&#8217;any 2021 i se situa al barri dels Palmerars i al barri de Carr\u00fas d&#8217;Elx, barris considerats inclusius per part d&#8217;aquest Ajuntament i de la Conselleria d&#8217;Igualtat i Pol\u00edtiques Inclusives de la Generalitat Valenciana, la qual cosa implica el desenvolupament d&#8217;un treball comunitari des del Servei de Dinamitzaci\u00f3 Comunit\u00e0ria Elx Conviu de la Regidoria d&#8217;Igualtat, Drets Socials i Pol\u00edtiques Inclusives, des del qual, l&#8217;equip planifica i desenvolupa intervencions integrals i integrades amb la finalitat de donar resposta als problemes socials, econ\u00f2mics, ambientals, demogr\u00e0fics i f\u00edsics, a partir d&#8217;un diagn\u00f2stic de necessitats, mancances i riscos als territoris, considerats barris vulnerables.<\/p>\n<p>Els objectius que pretenem aconseguir amb aquest projecte es concreten a formar ve\u00efns dels barris com a agents de salut comunit\u00e0ria per a afavorir la promoci\u00f3 de la salut perqu\u00e8 les persones augmenten el control sobre la seua salut i la milloren. Tamb\u00e9 es pret\u00e9n ensenyar la poblaci\u00f3 a identificar les conductes per a promoure o protegir la salut, aix\u00ed com les conductes de risc per a la salut i finalment, facilitar l&#8217;acc\u00e9s de la poblaci\u00f3 a la informaci\u00f3 i als recursos sanitaris, aix\u00ed com afavorir la seua capacitat per a utilitzar-los amb efic\u00e0cia i en benefici del seu empoderament per a la salut.[\/vc_column_text][\/vc_column][\/vc_row][vc_row css=&#8221;.vc_custom_1588014318929{padding-bottom: 40px !important;}&#8221; el_id=&#8221;bloque_basica&#8221;][vc_column width=&#8221;1\/2&#8243;][vc_empty_space][vc_column_text]<\/p>\n<p style=\"text-align: justify;\"><strong>PARTICIPA EN L&#8217;ENQUESTA DE SALUT. Et portar\u00e0 molt poc temps i contribuir\u00e0s a millorar la salut del municipi. Gr\u00e0cies.<\/strong><\/p>\n<p><a href=\"https:\/\/forms.office.com\/r\/3yR7eTmT4i\" target=\"_blank\" rel=\"noopener\">https:\/\/forms.office.com\/r\/3yR7eTmT4i<\/a>[\/vc_column_text][vc_empty_space]<h3 class=\"sc_title sc_title_regular margin_top_tiny\">RECURSOS PER A LA TEUA SALUT<\/h3>\r\n        <p>\r\n        <span class=\"enlaces-titulo\"> FUNDACI\u00d3 ESPANYOLA DEL COR <\/span> <span><a class=\"enlaces-link\" target='_blank'href=\"https:\/\/fundaciondelcorazon.com\/prevencion\/riesgo-cardiovascular.HTML \">Veure enlla\u00e7<\/a><\/span>\r\n        <br>\r\n        <span class=\"enlaces-descripcion\"><\/span>\r\n        <\/p>\r\n        <hr class=\"enlaces-separador\">\r\n        \r\n        <p>\r\n        <span class=\"enlaces-titulo\"> ESTILS DE VIDA SALUDABLES <\/span> <span><a class=\"enlaces-link\" target='_blank'href=\"https:\/\/estilosdevidasaludable.sanidad.gob.es\/ \">Veure enlla\u00e7<\/a><\/span>\r\n        <br>\r\n        <span class=\"enlaces-descripcion\"><\/span>\r\n        <\/p>\r\n        <hr class=\"enlaces-separador\">\r\n        \r\n        <p>\r\n        <span class=\"enlaces-titulo\"> SALUT MENTAL <\/span> <span><a class=\"enlaces-link\" target='_blank'href=\"https:\/\/www.sanidad.gob.es\/ciudadanos\/saludMental\/home.htm \">Veure enlla\u00e7<\/a><\/span>\r\n        <br>\r\n        <span class=\"enlaces-descripcion\"><\/span>\r\n        <\/p>\r\n        <hr class=\"enlaces-separador\">\r\n        \r\n        <p>\r\n        <span class=\"enlaces-titulo\"> SALUT BUCODENTAL <\/span> <span><a class=\"enlaces-link\" target='_blank'href=\"http:\/\/www.sp.san.gva.es\/sscc\/plan.jsp?CodPlan=201&amp;Opcion=SANMS1147910&amp;MenuSup=SANMS1147&amp;Nivel=2#b1 \">Veure enlla\u00e7<\/a><\/span>\r\n        <br>\r\n        <span class=\"enlaces-descripcion\"><\/span>\r\n        <\/p>\r\n        <hr class=\"enlaces-separador\">\r\n        \r\n        <p>\r\n        <span class=\"enlaces-titulo\"> UNITAT PREVENCI\u00d3 COMUNIT\u00c0RIA DE CONDUCTES ADDICTIVES <\/span> <span><a class=\"enlaces-link\" target='_blank'href=\"https:\/\/www.elche.es\/derechos-sociales\/cartera-de-servicios\/servicios-de-accion-comunitaria\/upcca\/ \">Veure enlla\u00e7<\/a><\/span>\r\n        <br>\r\n        <span class=\"enlaces-descripcion\"><\/span>\r\n        <\/p>\r\n        <hr class=\"enlaces-separador\">\r\n        \r\n        <p>\r\n        <span class=\"enlaces-titulo\"> PREVENCI\u00d3 DE C\u00c0NCER <\/span> <span><a class=\"enlaces-link\" target='_blank'href=\"http:\/\/www.sp.san.gva.es\/sscc\/opciones4.jsp?Opcion=PREVCAN&amp;MenuSup=SANMS1&amp;Nivel=2 \">Veure enlla\u00e7<\/a><\/span>\r\n        <br>\r\n        <span class=\"enlaces-descripcion\"><\/span>\r\n        <\/p>\r\n        <hr class=\"enlaces-separador\">\r\n        [\/vc_column][vc_column width=&#8221;1\/2&#8243;][vc_single_image image=&#8221;216945&#8243; img_size=&#8221;full&#8221; onclick=&#8221;custom_link&#8221; img_link_target=&#8221;_blank&#8221; css=&#8221;.vc_custom_1665737417328{margin-top: 40px !important;}&#8221; link=&#8221;https:\/\/www.elche.es\/wp-content\/uploads\/2022\/10\/conduce-tu-salud-A3-WEB-VAL.pdf&#8221;][\/vc_column][\/vc_row][vc_row][vc_column][vc_column_text]<\/p>\n<hr \/>\n<p>[\/vc_column_text][vc_empty_space height=&#8221;30px&#8221;][vc_single_image image=&#8221;216949&#8243; img_size=&#8221;full&#8221; alignment=&#8221;center&#8221; onclick=&#8221;link_image&#8221;][vc_empty_space height=&#8221;64px&#8221;][\/vc_column][\/vc_row]<\/p>\n<\/div>","protected":false},"excerpt":{"rendered":"<p>[vc_row full_width=&#8221;stretch_row_content_no_spaces&#8221; css=&#8221;.vc_custom_1663588492163{background-position: center !important;background-repeat: no-repeat !important;background-size: cover !important;}&#8221; el_class=&#8221;cuadrocabecerafoto&#8221;][vc_column][vc_single_image image=&#8221;216928&#8243; img_size=&#8221;full&#8221; alignment=&#8221;center&#8221; el_class=&#8221;cabecerasolofoto&#8221;][\/vc_column][\/vc_row][vc_row full_width=&#8221;stretch_row&#8221; css=&#8221;.vc_custom_1475488224066{background-color: #dddde0 !important;}&#8221;][vc_column][vc_column_text][\/vc_column_text][\/vc_column][\/vc_row][vc_row][vc_column][vc_column_text css=&#8221;.vc_custom_1665129641621{margin-top: 40px !important;}&#8221;]Aquest projecte \u00e9s una continuaci\u00f3 del que es va iniciar [&hellip;]<\/p>\n","protected":false},"author":15,"featured_media":0,"parent":118235,"menu_order":0,"comment_status":"closed","ping_status":"closed","template":"","meta":{"footnotes":""},"class_list":["post-118298","page","type-page","status-publish","hentry"],"_links":{"self":[{"href":"https:\/\/www.elche.es\/va\/wp-json\/wp\/v2\/pages\/118298","targetHints":{"allow":["GET"]}}],"collection":[{"href":"https:\/\/www.elche.es\/va\/wp-json\/wp\/v2\/pages"}],"about":[{"href":"https:\/\/www.elche.es\/va\/wp-json\/wp\/v2\/types\/page"}],"author":[{"embeddable":true,"href":"https:\/\/www.elche.es\/va\/wp-json\/wp\/v2\/users\/15"}],"replies":[{"embeddable":true,"href":"https:\/\/www.elche.es\/va\/wp-json\/wp\/v2\/comments?post=118298"}],"version-history":[{"count":0,"href":"https:\/\/www.elche.es\/va\/wp-json\/wp\/v2\/pages\/118298\/revisions"}],"up":[{"embeddable":true,"href":"https:\/\/www.elche.es\/va\/wp-json\/wp\/v2\/pages\/118235"}],"wp:attachment":[{"href":"https:\/\/www.elche.es\/va\/wp-json\/wp\/v2\/media?parent=118298"}],"curies":[{"name":"wp","href":"https:\/\/api.w.org\/{rel}","templated":true}]}}