{"id":118305,"date":"2020-05-27T10:34:40","date_gmt":"2020-05-27T09:34:40","guid":{"rendered":"http:\/\/www.elche.es\/va\/?page_id=118305"},"modified":"2022-06-21T11:40:39","modified_gmt":"2022-06-21T10:40:39","slug":"activat-per-la-teua-salut","status":"publish","type":"page","link":"https:\/\/www.elche.es\/va\/derechos-sociales\/cartera-de-serveis\/servei-daccio-comunitaria\/promocio-de-la-salut\/activat-per-la-teua-salut\/","title":{"rendered":"ACTIVA&#8217;T PER LA TEUA SALUT"},"content":{"rendered":"<div class=\"wpb-content-wrapper\"><p>[vc_row full_width=&#8221;stretch_row&#8221; css=&#8221;.vc_custom_1475484188729{background-color: #dddde0 !important;}&#8221;][vc_column][vc_column_text]<nav aria-label=\"breadcrumbs\">\n            <div class=\"breadcrumb-container theme1\">\n                <ol>\n                                    <\/ol>\n            <\/div>\n        <\/nav>    <script type=\"application\/ld+json\">\n        {\n            \"@context\": \"http:\/\/schema.org\",\n            \"@type\": \"BreadcrumbList\",\n            \"itemListElement\": [\n                            ]\n        }\n    <\/script>\n    <style type=\"text\/css\">\n        .breadcrumb-container {\n            font-size: 13px;\n        }\n\n        .breadcrumb-container ul {\n            margin: 0;\n            padding: 0;\n        }\n\n        .breadcrumb-container li {\n            box-sizing: unset;\n            display: inline-block;\n            margin: 0;\n            padding: 0;\n        }\n\n        .breadcrumb-container li a {\n            box-sizing: unset;\n            padding: 0 10px;\n        }\n\n        .breadcrumb-container {\n            font-size: 3 !important;\n                    }\n\n        .breadcrumb-container li a {\n            color: #0a0a0a !important;\n            font-size: 3 !important;\n            line-height: 3 !important;\n                    }\n\n        .breadcrumb-container li .separator {\n            font-size: 3 !important;\n                    }\n\n        .breadcrumb-container li:last-child .separator {\n            display: none;\n        }\n    <\/style>\n    <style type=\"text\/css\">\n        .breadcrumb-container.theme1 li {\n            margin: 0;\n            padding: 0;\n        }\n        .breadcrumb-container.theme1 a {\n            background: ;\n            display: inline-block;\n            margin: 0 5px;\n            padding: 5px 10px;\n            text-decoration: none;\n        }\n    <\/style>\n        <style type=\"text\/css\">\n            <\/style>\n    <script>\n            <\/script>\n[\/vc_column_text][\/vc_column][\/vc_row][vc_row full_width=&#8221;stretch_row&#8221; css=&#8221;.vc_custom_1588335580237{padding-top: 120px !important;padding-right: 120px !important;padding-bottom: 270px !important;padding-left: 120px !important;background-image: url(https:\/\/www.elche.es\/wp-content\/uploads\/2020\/05\/collage-promocion-salud.png?id=116247) !important;background-position: center !important;background-repeat: no-repeat !important;background-size: cover !important;}&#8221; el_id=&#8221;bloque_titulo&#8221;][vc_column][vc_custom_heading text=&#8221;Activa&#8217;t per la teua salut&#8221; font_container=&#8221;tag:h2|text_align:center|color:%23ffffff&#8221; google_fonts=&#8221;font_family:Ubuntu%3A300%2C300italic%2Cregular%2Citalic%2C500%2C500italic%2C700%2C700italic|font_style:700%20bold%20regular%3A700%3Anormal&#8221; css=&#8221;.vc_custom_1634205250167{padding-top: 80px !important;}&#8221; el_class=&#8221;sombraTitulo&#8221;][\/vc_column][\/vc_row][vc_row full_width=&#8221;stretch_row&#8221; css=&#8221;.vc_custom_1475488224066{background-color: #dddde0 !important;}&#8221;][vc_column][vc_column_text]<nav aria-label=\"breadcrumbs\">\n            <div class=\"breadcrumb-container theme1\">\n                <ol>\n                                    <\/ol>\n            <\/div>\n        <\/nav>    <script type=\"application\/ld+json\">\n        {\n            \"@context\": \"http:\/\/schema.org\",\n            \"@type\": \"BreadcrumbList\",\n            \"itemListElement\": [\n                            ]\n        }\n    <\/script>\n    <style type=\"text\/css\">\n        .breadcrumb-container {\n            font-size: 13px;\n        }\n\n        .breadcrumb-container ul {\n            margin: 0;\n            padding: 0;\n        }\n\n        .breadcrumb-container li {\n            box-sizing: unset;\n            display: inline-block;\n            margin: 0;\n            padding: 0;\n        }\n\n        .breadcrumb-container li a {\n            box-sizing: unset;\n            padding: 0 10px;\n        }\n\n        .breadcrumb-container {\n            font-size: 3 !important;\n                    }\n\n        .breadcrumb-container li a {\n            color: #0a0a0a !important;\n            font-size: 3 !important;\n            line-height: 3 !important;\n                    }\n\n        .breadcrumb-container li .separator {\n            font-size: 3 !important;\n                    }\n\n        .breadcrumb-container li:last-child .separator {\n            display: none;\n        }\n    <\/style>\n    <style type=\"text\/css\">\n        .breadcrumb-container.theme1 li {\n            margin: 0;\n            padding: 0;\n        }\n        .breadcrumb-container.theme1 a {\n            background: ;\n            display: inline-block;\n            margin: 0 5px;\n            padding: 5px 10px;\n            text-decoration: none;\n        }\n    <\/style>\n        <style type=\"text\/css\">\n            <\/style>\n    <script>\n            <\/script>\n[\/vc_column_text][\/vc_column][\/vc_row][vc_row full_width=&#8221;stretch_row&#8221; css=&#8221;.vc_custom_1475488224066{background-color: #dddde0 !important;}&#8221;][vc_column]<h3 class=\"sc_title sc_title_regular margin_top_tiny\">Activa&#8217;t per la teua salut<\/h3>[vc_column_text]La Regidoria de Sanitat i Salut P\u00fablica i Benestar Animal, i el Servei de Dinamitzaci\u00f3 Comunit\u00e0ria \u201cElx Conviu\u201d de la Regidoria d&#8217;Igualtat, Drets Socials i Pol\u00edtiques Inclusives, des d&#8217;un treball conjunt i coordinat, han lidera l&#8217;elaboraci\u00f3 de l&#8217;Estrat\u00e8gia Local de Promoci\u00f3 de la Salut.<\/p>\n<p>Un comprom\u00eds davant la ciutadania il\u00b7licitana, i davant l&#8217;Estrat\u00e8gia de Promoci\u00f3 de la Salut i Prevenci\u00f3 en el Sistema Nacional de Salut (EPSP) del Ministeri de Sanitat i Salut P\u00fablica, i la Xarxa Salut de la Conselleria de Sanitat i Salut P\u00fablica de la Generalitat Valenciana, de les quals forma part aquest Ajuntament, i des de la participaci\u00f3 de la Mesa Intersectorial de Salut i les seues comissions de treball.<\/p>\n<p><strong>L&#8217;Estrat\u00e8gia Local de Promoci\u00f3 de la Salut<\/strong>\u00a0t\u00e9\u00a0com a <strong>missi\u00f3<\/strong> facilitar un marc com\u00fa per a la promoci\u00f3 de la salut implicant i coordinant activament les estructures municipals rellevants en la salut comunit\u00e0ria, altres administracions p\u00fabliques amb actuaci\u00f3 directa al municipi i altres sectors de la societat, mitjan\u00e7ant el foment de la participaci\u00f3 de les persones, entitats i col\u00b7lectius per a incrementar la seua autonomia i capacitat per a exercir un major control sobre la salut en un municipi saludable i sostenible.<\/p>\n<p>A conseq\u00fc\u00e8ncia d&#8217;aix\u00f2, l&#8217;Estrat\u00e8gia pret\u00e9n promoure al municipi d&#8217;Elx un empoderament per a la salut individual i comunit\u00e0ria mitjan\u00e7ant el qual les persones, les fam\u00edlies i la comunitat adquirisquen una major capacitat per a prendre decisions i exercir control sobre la seua salut amb la finalitat d&#8217;aconseguir una major influ\u00e8ncia sobre els determinants de la salut i la qualitat de vida del municipi.[\/vc_column_text][vc_empty_space height=&#8221;64px&#8221;]\r\n        <p>\r\n        <span class=\"enlaces-titulo\"> Estrat\u00e8gia Local de Promoci\u00f3 de la Salut 2022-2025 <\/span> <span><a class=\"enlaces-link\" href=\"https:\/\/www.elche.es\/wp-content\/uploads\/2021\/11\/Certificado-acuerdo-JGL-estrategia-local-salud-1.pdf \">Veure enlla\u00e7<\/a><\/span>\r\n        <br>\r\n        <span class=\"enlaces-descripcion\"><\/span>\r\n        <\/p>\r\n        <hr class=\"enlaces-separador\">\r\n        [vc_empty_space height=&#8221;64px&#8221;][\/vc_column][\/vc_row][vc_row css=&#8221;.vc_custom_1588014318929{padding-bottom: 40px !important;}&#8221; el_id=&#8221;bloque_basica&#8221;][vc_column width=&#8221;1\/2&#8243;][vc_column_text]<span style=\"color: #ff6600;\"><strong>VII Jornades Salut Comunit\u00e0ria<\/strong><\/span><\/p>\n<p>En el marc de l&#8217;Estrat\u00e8gia de Promoci\u00f3 de la Salut i Prevenci\u00f3 en el Sistema Nacional de Salut (EPSP) i la Xarxa Salut de la Comunitat Valenciana, el Servei de Dinamitzaci\u00f3 Comunit\u00e0ria Elx Conviu de la Regidoria d&#8217;Igualtat, Drets Socials i Pol\u00edtiques Inclusives, en coordinaci\u00f3 i en col\u00b7laboraci\u00f3 amb els integrants de la Mesa Intersectorial de Salut presenta la <strong>VII Jornada de Salut en l&#8217;\u00e0mbit Comunitari<\/strong>, la principal finalitat de la qual \u00e9s la presentaci\u00f3\u00a0de l&#8217;<strong>Estrat\u00e8gia Local de Promoci\u00f3 de la Salut 2022-2025.<\/strong><\/p>\n<p>La Jornada tindr\u00e0 lloc el 21 d&#8217;octubre de 2021 en modalitat en l\u00ednia amb tallers presencials, dirigits a la ciutadania en general, als professionals, a les associacions i als col\u00b7lectius que treballen en l&#8217;\u00e0mbit de la prevenci\u00f3 i de la promoci\u00f3 de la salut.<\/p>\n<p>Consulta <a href=\"https:\/\/www.elche.es\/wp-content\/uploads\/2021\/09\/A3-VII-Jornadas-salud-VAL.pdf\" target=\"_blank\" rel=\"noopener\">EL PROGRAMA DE LES JORNADES<\/a>.[\/vc_column_text][\/vc_column][vc_column width=&#8221;1\/2&#8243;][vc_single_image image=&#8221;166441&#8243; img_size=&#8221;large&#8221; alignment=&#8221;center&#8221; onclick=&#8221;link_image&#8221; css=&#8221;.vc_custom_1634204946352{padding-top: 100px !important;padding-left: 100px !important;}&#8221;][\/vc_column][\/vc_row][vc_row][\/vc_row][vc_column][vc_empty_space height=&#8221;64px&#8221;][\/vc_column]<div class=\"sc_content content_wrap\"><\/div>[vc_column_text]<\/p>\n<div class=\"contentDescription\"><\/div>\n<p>[\/vc_column_text]<\/p>\n<\/div>","protected":false},"excerpt":{"rendered":"<p>[vc_row full_width=&#8221;stretch_row&#8221; css=&#8221;.vc_custom_1475484188729{background-color: #dddde0 !important;}&#8221;][vc_column][vc_column_text][\/vc_column_text][\/vc_column][\/vc_row][vc_row full_width=&#8221;stretch_row&#8221; css=&#8221;.vc_custom_1588335580237{padding-top: 120px !important;padding-right: 120px !important;padding-bottom: 270px !important;padding-left: 120px !important;background-image: url(https:\/\/www.elche.es\/wp-content\/uploads\/2020\/05\/collage-promocion-salud.png?id=116247) !important;background-position: center !important;background-repeat: no-repeat !important;background-size: cover !important;}&#8221; el_id=&#8221;bloque_titulo&#8221;][vc_column][vc_custom_heading text=&#8221;Activa&#8217;t per la teua salut&#8221; font_container=&#8221;tag:h2|text_align:center|color:%23ffffff&#8221; [&hellip;]<\/p>\n","protected":false},"author":15,"featured_media":0,"parent":118235,"menu_order":0,"comment_status":"closed","ping_status":"closed","template":"","meta":{"footnotes":""},"class_list":["post-118305","page","type-page","status-publish","hentry"],"_links":{"self":[{"href":"https:\/\/www.elche.es\/va\/wp-json\/wp\/v2\/pages\/118305","targetHints":{"allow":["GET"]}}],"collection":[{"href":"https:\/\/www.elche.es\/va\/wp-json\/wp\/v2\/pages"}],"about":[{"href":"https:\/\/www.elche.es\/va\/wp-json\/wp\/v2\/types\/page"}],"author":[{"embeddable":true,"href":"https:\/\/www.elche.es\/va\/wp-json\/wp\/v2\/users\/15"}],"replies":[{"embeddable":true,"href":"https:\/\/www.elche.es\/va\/wp-json\/wp\/v2\/comments?post=118305"}],"version-history":[{"count":0,"href":"https:\/\/www.elche.es\/va\/wp-json\/wp\/v2\/pages\/118305\/revisions"}],"up":[{"embeddable":true,"href":"https:\/\/www.elche.es\/va\/wp-json\/wp\/v2\/pages\/118235"}],"wp:attachment":[{"href":"https:\/\/www.elche.es\/va\/wp-json\/wp\/v2\/media?parent=118305"}],"curies":[{"name":"wp","href":"https:\/\/api.w.org\/{rel}","templated":true}]}}