{"id":11954,"date":"2017-01-16T11:56:34","date_gmt":"2017-01-16T10:56:34","guid":{"rendered":"http:\/\/www.elche.es\/va\/cultura\/consell-de-cultura-delx\/"},"modified":"2018-06-06T12:50:59","modified_gmt":"2018-06-06T11:50:59","slug":"consell-de-cultura-delx","status":"publish","type":"page","link":"https:\/\/www.elche.es\/va\/cultura\/consell-de-cultura-delx\/","title":{"rendered":"Consell de Cultura d&#8217;Elx"},"content":{"rendered":"<div class=\"wpb-content-wrapper\"><p>[vc_row full_width=&#8221;stretch_row&#8221; css=&#8221;.vc_custom_1475488224066{background-color: #dddde0 !important;}&#8221;][vc_column][vc_column_text]<nav aria-label=\"breadcrumbs\">\n            <div class=\"breadcrumb-container theme1\">\n                <ol>\n                                    <\/ol>\n            <\/div>\n        <\/nav>    <script type=\"application\/ld+json\">\n        {\n            \"@context\": \"http:\/\/schema.org\",\n            \"@type\": \"BreadcrumbList\",\n            \"itemListElement\": [\n                            ]\n        }\n    <\/script>\n    <style type=\"text\/css\">\n        .breadcrumb-container {\n            font-size: 13px;\n        }\n\n        .breadcrumb-container ul {\n            margin: 0;\n            padding: 0;\n        }\n\n        .breadcrumb-container li {\n            box-sizing: unset;\n            display: inline-block;\n            margin: 0;\n            padding: 0;\n        }\n\n        .breadcrumb-container li a {\n            box-sizing: unset;\n            padding: 0 10px;\n        }\n\n        .breadcrumb-container {\n            font-size: 3 !important;\n                    }\n\n        .breadcrumb-container li a {\n            color: #0a0a0a !important;\n            font-size: 3 !important;\n            line-height: 3 !important;\n                    }\n\n        .breadcrumb-container li .separator {\n            font-size: 3 !important;\n                    }\n\n        .breadcrumb-container li:last-child .separator {\n            display: none;\n        }\n    <\/style>\n    <style type=\"text\/css\">\n        .breadcrumb-container.theme1 li {\n            margin: 0;\n            padding: 0;\n        }\n        .breadcrumb-container.theme1 a {\n            background: ;\n            display: inline-block;\n            margin: 0 5px;\n            padding: 5px 10px;\n            text-decoration: none;\n        }\n    <\/style>\n        <style type=\"text\/css\">\n            <\/style>\n    <script>\n            <\/script>\n[\/vc_column_text][\/vc_column][\/vc_row][vc_row css=&#8221;.vc_custom_1475488264405{padding-bottom: 40px !important;}&#8221; el_id=&#8221;bloque_basica&#8221;][vc_column width=&#8221;2\/3&#8243;]<h3 class=\"sc_title sc_title_regular margin_top_tiny\">Consell de Cultura d&#8217;Elx<\/h3>[vc_single_image image=&#8221;11941&#8243; img_size=&#8221;full&#8221; css=&#8221;.vc_custom_1484563967998{padding-bottom: 20px !important;}&#8221;][vc_column_text]<\/p>\n<h4>QU\u00c8 \u00c9S EL CONSELL DE CULTURA D&#8217;ELX?<\/h4>\n<p>El Consell Local de Cultura d\u2019Elx \u00e9s el nou \u00f2rgan assessor del Ple municipal en mat\u00e8ria cultural, un f\u00f2rum de participaci\u00f3 ciutadana fonamental per a:<\/p>\n<ul>\n<li>Debatre sobre les pol\u00edtiques culturals.<\/li>\n<li>Fomentar i canalitzar la participaci\u00f3 de les persones i dels diferents sectors socials.<\/li>\n<li>Potenciar la creaci\u00f3 i la difusi\u00f3 art\u00edstica.<\/li>\n<li>Col\u00b7laborar en la igualtat ciutadana en l&#8217;acc\u00e9s a la cultura.<\/li>\n<li>Fomentar la normalitzaci\u00f3 del valenci\u00e0 en la cultura.<\/li>\n<li>Participar en l&#8217;elaboraci\u00f3 del Pla Estrat\u00e8gic de la Cultura.<\/li>\n<li>Proposar mesures per a promoure i preservar el patrimoni cultural.<\/li>\n<li>Propiciar la integraci\u00f3 de la ciutadania provinent de la immigraci\u00f3.<\/li>\n<li>Propiciar la col\u00b7laboraci\u00f3 amb les pol\u00edtiques culturals dels municipis pr\u00f2xims.<\/li>\n<\/ul>\n<h4>QUI HI POT PARTICIPAR?<\/h4>\n<p>Col\u00b7lectius, empreses, organitzacions, protagonistes i qualsevol persona interessada en la cultura de la ciutat. No s&#8217;exigeixen requisits previs.<\/p>\n<h4><\/h4>\n<h4>APROVACI\u00d3 DEFINITIVA DEL REGLAMENT DEL CONSELL LOCAL DE CULTURA D&#8217;ELX<\/h4>\n<p class=\"m_5254515920686371376gmail-Normal\">L&#8217;expedient de Reglament del Consell Local de Cultura d&#8217;Elx, aprovat inicialment per l&#8217;Excm. Ajuntament d&#8217;Elx en sessi\u00f3 de ple celebrada el 25 d&#8217;abril del 2017, es va exposar al p\u00fablic durant trenta dies sense que s\u2019hi presentaren al\u00b7legacions, reclamacions o suggeriments, per la qual cosa es va elevar a definitiu i va ser publicat en el <a href=\"http:\/\/www.dip-alicante.es\/bop2\/pdftotal\/2017\/07\/06_128\/2017_007392.pdf\">\u201cButllet\u00ed Oficial de la Prov\u00edncia d&#8217;Alacant\u201d, BOP, el 6 de juliol del 2017.<\/a><\/p>\n<h4>EN QUINES COMISSIONS ES PODEN INSCRIURE ELS CIUTADANS?<\/h4>\n<p>Tots els ciutadans que ho desitgen poden inscriure&#8217;s en una d&#8217;aquestes dotze comissions permanents:<\/p>\n<ul>\n<li>Arts pl\u00e0stiques<\/li>\n<li>Arts esc\u00e8niques i circenses<\/li>\n<li>M\u00fasica<\/li>\n<li>Lletres, c\u00f2mics, publicacions i biblioteques<\/li>\n<li>Cultura urbana<\/li>\n<li>Audiovisual, cine i fotografia<\/li>\n<li>Patrimoni UNESCO<\/li>\n<li>Patrimoni cultural, arquitectura, hist\u00f2ria i identitat<\/li>\n<li>Cultura popular i tradicional<\/li>\n<li>Festivals<\/li>\n<li>Cultura cient\u00edfica<\/li>\n<li>Barris, pedanies i participaci\u00f3 ve\u00efnal<\/li>\n<li>Comissi\u00f3 transversal, que inclour\u00e0 temes relatius a la gesti\u00f3 cultural en general, ind\u00fastries culturals i ocupaci\u00f3, formaci\u00f3, voluntariat i uns altres assumptes que afecten el conjunt de la cultura i que no s&#8217;inclouen en l&#8217;\u00e0mbit espec\u00edfic d&#8217;uns altres comissions.<\/li>\n<\/ul>\n<p><strong>LLISTAT PROVISIONAL DE COMISSIONS PERMANENTS DEL CONSELL DE CULTURA D&#8217;ELX<\/strong><\/p>\n<p>Una vegada complit el termini de vint dies naturals per a inscriure&#8217;s en les Comissions Permanents, a partir del dilluns\u00a023 d&#8217;octubre a les 13.00 h arranca el termini de\u00a0deu dies naturals per a al\u00b7legacions, que\u00a0hauran fer-se a trav\u00e9s de l&#8217;OMAC i adre\u00e7ades a la Regidoria de Cultura, correu electr\u00f2nic\u00a0<a href=\"mailto:cultura@elx.es\" target=\"_blank\">cultura@elx.es<\/a>, o personant-se directament en les oficines de la Regidoria,\u00a0C\/Sants Metges, 3.<\/p>\n<p>Per a comprovar el llistat de persones, associacions i entitats inscrites en el llistat provisional de les Comissions, clica en l&#8217;enlla\u00e7 seg\u00fcent:<\/p>\n<p><a href=\"https:\/\/www.elche.es\/download\/provisional-comisiones-permanentes-consell-de-cultura\/\">LLISTAT PROVISIONAL DE COMISSIONS PERMANENTS DEL CONSELL DE CULTURA D&#8217;ELX.<\/a><\/p>\n<p>[\/vc_column_text][vc_empty_space]\r\n        <p>\r\n        <span class=\"enlaces-titulo\"> Reglament definitiu del Consell <\/span> <span><a class=\"enlaces-link\" target='_blank'href=\"http:\/\/www.dip-alicante.es\/bop2\/pdftotal\/2017\/07\/06_128\/2017_007392.pdf \">Veure enlla\u00e7<\/a><\/span>\r\n        <br>\r\n        <span class=\"enlaces-descripcion\">Publicaci\u00f3 del reglament definitiu del Consell Local de Cultura d'Elx en el Butllet\u00ed Oficial de la Prov\u00edncia d'Alacant (BOP)<\/span>\r\n        <\/p>\r\n        <hr class=\"enlaces-separador\">\r\n        \r\n        <p>\r\n        <span class=\"enlaces-titulo\"> Fitxa d'inscripci\u00f3 a les comissions permanents del Consell Local de Cultura <\/span> <span><a class=\"enlaces-link\" target='_blank'href=\"https:\/\/www.elche.es\/wp-content\/uploads\/2017\/09\/Fitxa-de-inscripci%C3%B3-a-comissions-permanents-del-consell-de-cultura.pdf \">Veure enlla\u00e7<\/a><\/span>\r\n        <br>\r\n        <span class=\"enlaces-descripcion\">Full d'inscripci\u00f3 per a les diferents comissions permanents del Consell Local de Cultura d'Elx. Ha de ser lliurat en la Regidoria de Cultura del 21 de setembre al 10 d'octubre de 2017.<br \/>\n<\/span>\r\n        <\/p>\r\n        <hr class=\"enlaces-separador\">\r\n        \r\n        <p>\r\n        <span class=\"enlaces-titulo\"> Acta de constituci\u00f3 de la comissi\u00f3 permanent de Barris i pedanies <\/span> <span><a class=\"enlaces-link\" target='_blank'href=\"https:\/\/www.elche.es\/wp-content\/uploads\/2018\/01\/acta-comisi\u00f3n-barrios-y-pedan\u00edas-consell-cultura.pdf \">Veure enlla\u00e7<\/a><\/span>\r\n        <br>\r\n        <span class=\"enlaces-descripcion\"><\/span>\r\n        <\/p>\r\n        <hr class=\"enlaces-separador\">\r\n        \r\n        <p>\r\n        <span class=\"enlaces-titulo\"> Acta de constituci\u00f3 de la comissi\u00f3 permanent de Patrimoni cultural, arquitectura, hist\u00f2ria i identitat <\/span> <span><a class=\"enlaces-link\" target='_blank'href=\"https:\/\/www.elche.es\/wp-content\/uploads\/2018\/01\/acta-comisi%C3%B3n-patrimonio-consell-cultura.pdf \">Veure enlla\u00e7<\/a><\/span>\r\n        <br>\r\n        <span class=\"enlaces-descripcion\"><\/span>\r\n        <\/p>\r\n        <hr class=\"enlaces-separador\">\r\n        [\/vc_column][vc_column width=&#8221;1\/3&#8243; css=&#8221;.vc_custom_1474385237096{padding-top: 50px !important;padding-bottom: 50px !important;}&#8221;][vc_widget_sidebar sidebar_id=&#8221;sidebar_custom_2&#8243;][\/vc_column][\/vc_row]<\/p>\n<\/div>","protected":false},"excerpt":{"rendered":"<p>[vc_row full_width=&#8221;stretch_row&#8221; css=&#8221;.vc_custom_1475488224066{background-color: #dddde0 !important;}&#8221;][vc_column][vc_column_text][\/vc_column_text][\/vc_column][\/vc_row][vc_row css=&#8221;.vc_custom_1475488264405{padding-bottom: 40px !important;}&#8221; el_id=&#8221;bloque_basica&#8221;][vc_column width=&#8221;2\/3&#8243;][vc_single_image image=&#8221;11941&#8243; img_size=&#8221;full&#8221; css=&#8221;.vc_custom_1484563967998{padding-bottom: 20px !important;}&#8221;][vc_column_text] QU\u00c8 \u00c9S EL CONSELL DE CULTURA D&#8217;ELX? El Consell Local de Cultura d\u2019Elx \u00e9s el [&hellip;]<\/p>\n","protected":false},"author":131,"featured_media":0,"parent":4201,"menu_order":0,"comment_status":"closed","ping_status":"closed","template":"","meta":{"footnotes":""},"class_list":["post-11954","page","type-page","status-publish","hentry"],"_links":{"self":[{"href":"https:\/\/www.elche.es\/va\/wp-json\/wp\/v2\/pages\/11954","targetHints":{"allow":["GET"]}}],"collection":[{"href":"https:\/\/www.elche.es\/va\/wp-json\/wp\/v2\/pages"}],"about":[{"href":"https:\/\/www.elche.es\/va\/wp-json\/wp\/v2\/types\/page"}],"author":[{"embeddable":true,"href":"https:\/\/www.elche.es\/va\/wp-json\/wp\/v2\/users\/131"}],"replies":[{"embeddable":true,"href":"https:\/\/www.elche.es\/va\/wp-json\/wp\/v2\/comments?post=11954"}],"version-history":[{"count":0,"href":"https:\/\/www.elche.es\/va\/wp-json\/wp\/v2\/pages\/11954\/revisions"}],"up":[{"embeddable":true,"href":"https:\/\/www.elche.es\/va\/wp-json\/wp\/v2\/pages\/4201"}],"wp:attachment":[{"href":"https:\/\/www.elche.es\/va\/wp-json\/wp\/v2\/media?parent=11954"}],"curies":[{"name":"wp","href":"https:\/\/api.w.org\/{rel}","templated":true}]}}