{"id":123034,"date":"2020-08-05T10:29:30","date_gmt":"2020-08-05T09:29:30","guid":{"rendered":"http:\/\/www.elche.es\/va\/cultura\/formulario-de-inscripcion-cinema-al-carrer-2020\/"},"modified":"2020-08-05T10:29:30","modified_gmt":"2020-08-05T09:29:30","slug":"formulario-de-inscripcion-cinema-al-carrer-2020","status":"publish","type":"page","link":"https:\/\/www.elche.es\/va\/cultura\/formulario-de-inscripcion-cinema-al-carrer-2020\/","title":{"rendered":"Formulario de inscripci\u00f3n &#8220;Cinema al carrer 2020&#8221;"},"content":{"rendered":"<div class=\"wpb-content-wrapper\"><p>[vc_row full_width=&#8221;stretch_row&#8221; css=&#8221;.vc_custom_1475488224066{background-color: #dddde0 !important;}&#8221;][vc_column][vc_column_text]<nav aria-label=\"breadcrumbs\">\n            <div class=\"breadcrumb-container theme1\">\n                <ol>\n                                    <\/ol>\n            <\/div>\n        <\/nav>    <script type=\"application\/ld+json\">\n        {\n            \"@context\": \"http:\/\/schema.org\",\n            \"@type\": \"BreadcrumbList\",\n            \"itemListElement\": [\n                            ]\n        }\n    <\/script>\n    <style type=\"text\/css\">\n        .breadcrumb-container {\n            font-size: 13px;\n        }\n\n        .breadcrumb-container ul {\n            margin: 0;\n            padding: 0;\n        }\n\n        .breadcrumb-container li {\n            box-sizing: unset;\n            display: inline-block;\n            margin: 0;\n            padding: 0;\n        }\n\n        .breadcrumb-container li a {\n            box-sizing: unset;\n            padding: 0 10px;\n        }\n\n        .breadcrumb-container {\n            font-size: 3 !important;\n                    }\n\n        .breadcrumb-container li a {\n            color: #0a0a0a !important;\n            font-size: 3 !important;\n            line-height: 3 !important;\n                    }\n\n        .breadcrumb-container li .separator {\n            font-size: 3 !important;\n                    }\n\n        .breadcrumb-container li:last-child .separator {\n            display: none;\n        }\n    <\/style>\n    <style type=\"text\/css\">\n        .breadcrumb-container.theme1 li {\n            margin: 0;\n            padding: 0;\n        }\n        .breadcrumb-container.theme1 a {\n            background: ;\n            display: inline-block;\n            margin: 0 5px;\n            padding: 5px 10px;\n            text-decoration: none;\n        }\n    <\/style>\n        <style type=\"text\/css\">\n            <\/style>\n    <script>\n            <\/script>\n[\/vc_column_text][\/vc_column][\/vc_row][vc_row css=&#8221;.vc_custom_1475488264405{padding-bottom: 40px !important;}&#8221; el_id=&#8221;bloque_basica&#8221;][vc_column width=&#8221;2\/3&#8243;]<h3 class=\"sc_title sc_title_regular margin_top_tiny\">Formulario de inscripci\u00f3n &#8220;Cinema al carrer 2020&#8221;<\/h3>[vc_single_image image=&#8221;123031&#8243; img_size=&#8221;full&#8221; css=&#8221;.vc_custom_1596620013728{padding-bottom: 20px !important;}&#8221;][vc_column_text]<\/p>\n<div>Si desea asistir a alguna de las proyecciones gratuitas de la campa\u00f1a &#8220;Cinema al carrer 2020&#8221;, descargue este formulario editable y escriba los datos requeridos para reservar sus butacas. Una vez completada la informaci\u00f3n, debe remitirlo por correo electr\u00f3nico a la siguiente direcci\u00f3n: cinemacarrer@elche.es<\/div>\n<div><\/div>\n<div><\/div>\n<div>A la vuelta de su correo recibir\u00e1 la confirmaci\u00f3n de su reserva, un requisito imprescindible para cumplir con los protocolos de seguridad de la Covid-19.<\/div>\n<div><\/div>\n<div><\/div>\n<div>Gracias por su colaboraci\u00f3n. Elx Cultura. Ajuntament d&#8217;Elx.<\/div>\n<p>&nbsp;<\/p>\n<p><a href=\"https:\/\/www.elche.es\/wp-content\/uploads\/2020\/08\/Formulario-cinema-al-carrer-2020editable1.pdf\" target=\"_blank\">Formulario de inscripci\u00f3n<\/a>[\/vc_column_text][\/vc_column][vc_column width=&#8221;1\/3&#8243; css=&#8221;.vc_custom_1474385237096{padding-top: 50px !important;padding-bottom: 50px !important;}&#8221;][vc_widget_sidebar sidebar_id=&#8221;sidebar_custom_2&#8243;][\/vc_column][\/vc_row]<\/p>\n<\/div>","protected":false},"excerpt":{"rendered":"<p>[vc_row full_width=&#8221;stretch_row&#8221; css=&#8221;.vc_custom_1475488224066{background-color: #dddde0 !important;}&#8221;][vc_column][vc_column_text][\/vc_column_text][\/vc_column][\/vc_row][vc_row css=&#8221;.vc_custom_1475488264405{padding-bottom: 40px !important;}&#8221; el_id=&#8221;bloque_basica&#8221;][vc_column width=&#8221;2\/3&#8243;][vc_single_image image=&#8221;123031&#8243; img_size=&#8221;full&#8221; css=&#8221;.vc_custom_1596620013728{padding-bottom: 20px !important;}&#8221;][vc_column_text] Si desea asistir a alguna de las proyecciones gratuitas de la campa\u00f1a &#8220;Cinema al carrer [&hellip;]<\/p>\n","protected":false},"author":10,"featured_media":0,"parent":4201,"menu_order":0,"comment_status":"closed","ping_status":"closed","template":"","meta":{"footnotes":""},"class_list":["post-123034","page","type-page","status-publish","hentry"],"_links":{"self":[{"href":"https:\/\/www.elche.es\/va\/wp-json\/wp\/v2\/pages\/123034","targetHints":{"allow":["GET"]}}],"collection":[{"href":"https:\/\/www.elche.es\/va\/wp-json\/wp\/v2\/pages"}],"about":[{"href":"https:\/\/www.elche.es\/va\/wp-json\/wp\/v2\/types\/page"}],"author":[{"embeddable":true,"href":"https:\/\/www.elche.es\/va\/wp-json\/wp\/v2\/users\/10"}],"replies":[{"embeddable":true,"href":"https:\/\/www.elche.es\/va\/wp-json\/wp\/v2\/comments?post=123034"}],"version-history":[{"count":0,"href":"https:\/\/www.elche.es\/va\/wp-json\/wp\/v2\/pages\/123034\/revisions"}],"up":[{"embeddable":true,"href":"https:\/\/www.elche.es\/va\/wp-json\/wp\/v2\/pages\/4201"}],"wp:attachment":[{"href":"https:\/\/www.elche.es\/va\/wp-json\/wp\/v2\/media?parent=123034"}],"curies":[{"name":"wp","href":"https:\/\/api.w.org\/{rel}","templated":true}]}}