{"id":125610,"date":"2020-09-23T08:40:44","date_gmt":"2020-09-23T07:40:44","guid":{"rendered":"http:\/\/www.elche.es\/va\/?page_id=125610"},"modified":"2022-02-03T09:52:54","modified_gmt":"2022-02-03T08:52:54","slug":"ajudes-economiques-covid-19","status":"publish","type":"page","link":"https:\/\/www.elche.es\/va\/promocion-economica\/ajudes-economiques-covid-19\/","title":{"rendered":"Ajudes econ\u00f2miques Covid-19"},"content":{"rendered":"<div class=\"wpb-content-wrapper\"><p>[vc_row][vc_column][vc_column_text]<nav aria-label=\"breadcrumbs\">\n            <div class=\"breadcrumb-container theme1\">\n                <ol>\n                                    <\/ol>\n            <\/div>\n        <\/nav>    <script type=\"application\/ld+json\">\n        {\n            \"@context\": \"http:\/\/schema.org\",\n            \"@type\": \"BreadcrumbList\",\n            \"itemListElement\": [\n                            ]\n        }\n    <\/script>\n    <style type=\"text\/css\">\n        .breadcrumb-container {\n            font-size: 13px;\n        }\n\n        .breadcrumb-container ul {\n            margin: 0;\n            padding: 0;\n        }\n\n        .breadcrumb-container li {\n            box-sizing: unset;\n            display: inline-block;\n            margin: 0;\n            padding: 0;\n        }\n\n        .breadcrumb-container li a {\n            box-sizing: unset;\n            padding: 0 10px;\n        }\n\n        .breadcrumb-container {\n            font-size: 3 !important;\n                    }\n\n        .breadcrumb-container li a {\n            color: #0a0a0a !important;\n            font-size: 3 !important;\n            line-height: 3 !important;\n                    }\n\n        .breadcrumb-container li .separator {\n            font-size: 3 !important;\n                    }\n\n        .breadcrumb-container li:last-child .separator {\n            display: none;\n        }\n    <\/style>\n    <style type=\"text\/css\">\n        .breadcrumb-container.theme1 li {\n            margin: 0;\n            padding: 0;\n        }\n        .breadcrumb-container.theme1 a {\n            background: ;\n            display: inline-block;\n            margin: 0 5px;\n            padding: 5px 10px;\n            text-decoration: none;\n        }\n    <\/style>\n        <style type=\"text\/css\">\n            <\/style>\n    <script>\n            <\/script>\n[\/vc_column_text][\/vc_column][\/vc_row][vc_row css=&#8221;.vc_custom_1612780495109{margin-top: 40px !important;}&#8221;][vc_column]<div class=\"sc_section\"><div class=\"sc_section_inner\"><h2 class=\"sc_section_title sc_item_title\">AJUDES ECON\u00d2MIQUES COVID19<\/h2><figure class=\"sc_image  sc_image_shape_square\"><img decoding=\"async\" src=\"https:\/\/www.elche.es\/wp-content\/uploads\/2021\/02\/cartel-resistir_v4_val-3.jpg\" alt=\"\" \/><\/figure><\/div><\/div>[\/vc_column][\/vc_row][vc_row css=&#8221;.vc_custom_1612783299446{margin-top: 40px !important;margin-bottom: 40px !important;}&#8221;][vc_column css=&#8221;.vc_custom_1612785534219{margin-right: 10px !important;border-top-width: 2px !important;border-right-width: 2px !important;border-bottom-width: 2px !important;border-left-width: 2px !important;padding-right: 10px !important;border-left-color: #899093 !important;border-left-style: solid !important;border-right-color: #899093 !important;border-right-style: solid !important;border-top-color: #899093 !important;border-top-style: solid !important;border-bottom-color: #899093 !important;border-bottom-style: solid !important;}&#8221;][vc_custom_heading text=&#8221;Ajudes directes PAR\u00c8NTESI&#8221; font_container=&#8221;tag:h3|text_align:center|color:%23ff0000&#8243; use_theme_fonts=&#8221;yes&#8221; css=&#8221;.vc_custom_1612866957647{margin-top: -30px !important;margin-bottom: 0px !important;padding-right: 30px !important;}&#8221;][vc_custom_heading text=&#8221;Programa Par\u00e8ntesi&#8221; font_container=&#8221;tag:p|text_align:center&#8221; use_theme_fonts=&#8221;yes&#8221;][vc_column_text css=&#8221;.vc_custom_1612866991009{margin-top: 10px !important;}&#8221;]<strong>Gestionat per Ajuntament d&#8217;Elx<\/strong>[\/vc_column_text][vc_column_text css=&#8221;.vc_custom_1631003313712{margin-top: 10px !important;}&#8221;]<span style=\"color: #ff0000\"><strong>S&#8217;EXIMEIX ELS SOL\u00b7LICITANTS DE TROBAR-SE AL CORRENT EN EL COMPLIMENT DE LES OBLIGACIONS TRIBUT\u00c0RIES O DAVANT LA SEGURETAT SOCIAL.<\/strong><\/span><\/p>\n<p>Una vegada finalitzada la convocat\u00f2ria d&#8217;Ajudes Directes Par\u00e8ntesis, a l&#8217;empara del que estableix l&#8217;article 8.4 del Decret llei 1\/2021, de 22 de gener del Consell, pel qual s&#8217;aprova el Pla Resistir, que inclou <span class=\"hiddenGrammarError\">ajudes par\u00e8ntesi<\/span> en cada municipi per als sectors m\u00e9s afectats per la pand\u00e8mia, s&#8217;aprova la Convocat\u00f2ria d&#8217;Ajudes Directes Par\u00e8ntesis 2, finan\u00e7ades en un 62,5% per la Generalitat Valenciana, en un 22,5% per la Diputaci\u00f3 Provincial d&#8217;Alacant i en un 15% per l&#8217;Ajuntament d\u2019Elx, per a compensar l&#8217;impacte econ\u00f2mic patit pels sectors m\u00e9s afectats per la pand\u00e8mia provocada per la <span class=\"hiddenSpellError\">Covid<\/span>-19.[\/vc_column_text][vc_btn title=&#8221;Resum de la convocat\u00f2ria i llista de tots els sectors que es poden beneficiar&#8221; color=&#8221;primary&#8221; size=&#8221;lg&#8221; align=&#8221;center&#8221; button_block=&#8221;true&#8221; link=&#8221;url:https%3A%2F%2Fwww.elche.es%2Fwp-content%2Fuploads%2F2021%2F04%2FResumen-Practico-Parentesis-2-2.pdf|target:_blank&#8221; css=&#8221;.vc_custom_1631004161991{margin-top: 20px !important;}&#8221;][vc_btn title=&#8221;Convocat\u00f2ria d&#8217;Ajudes Directes Par\u00e8ntesis 2&#8243; color=&#8221;primary&#8221; size=&#8221;lg&#8221; align=&#8221;center&#8221; button_block=&#8221;true&#8221; link=&#8221;url:https%3A%2F%2Fwww.elche.es%2Fwp-content%2Fuploads%2F2021%2F04%2FConvocatoria-Ayudas-Parentesis-2-definitiva.pdf|target:_blank&#8221; css=&#8221;.vc_custom_1631004180482{margin-top: 20px !important;}&#8221;][vc_btn title=&#8221;Recomanacions per a la correcta presentaci\u00f3 de la documentaci\u00f3&#8221; color=&#8221;primary&#8221; size=&#8221;lg&#8221; align=&#8221;center&#8221; button_block=&#8221;true&#8221; link=&#8221;url:https%3A%2F%2Fwww.elche.es%2Fwp-content%2Fuploads%2F2021%2F02%2FRecomendaciones-para-la-presentaci%C3%B3n-de-las-ayudas-Par%C3%A9ntesis.pdf|target:_blank&#8221; css=&#8221;.vc_custom_1631004201968{margin-top: 20px !important;}&#8221;][vc_column_text css=&#8221;.vc_custom_1643794545774{margin-top: 10px !important;}&#8221;]Dirigida a persones treballadores aut\u00f2nomes i microempreses amb un m\u00e0xim de 10 persones treballadores, que exercisquen en el municipi d&#8217;Elx algunes de les activitats enumerades en l&#8217;Annex I de la Convocat\u00f2ria d&#8217;Ajudes Directes Par\u00e8ntesis 2, i que complisquen amb els requisits establits en aquesta convocat\u00f2ria.<\/p>\n<h4><strong>QUANTIA DE LES AJUDES<\/strong><\/h4>\n<p>Les quanties de l&#8217;ajuda a atorgar als beneficiaris, pr\u00e8via la corresponent justificaci\u00f3, seran les seg\u00fcents:<\/p>\n<ul>\n<li>Una quantitat fixa de 1.200 \u20ac per cada aut\u00f2nom o microempresa amb un m\u00e0xim de 10 treballadors a data d&#8217;entrada en vigor del Decret Llei 1\/2021 (27 de gener de 2021).<\/li>\n<li>Una quantitat fixa de 100 \u20ac per treballador afiliat a la Seguretat Social a data 31 de desembre de 2020, fins a un m\u00e0xim de deu. A aquests efecte, els aut\u00f2noms col\u00b7laboradors tindran la consideraci\u00f3 de persona treballadora afiliada.<\/li>\n<\/ul>\n<p><strong>Queden excloses aquelles persones treballadores aut\u00f2nomes o microempreses que hagueren resultat benefici\u00e0ries de les anteriors ajudes directes Par\u00e8ntesis.<\/strong><\/p>\n<h4><strong>CONSIGNACI\u00d3 PRESSUPOST\u00c0RIA<\/strong><\/h4>\n<p>La quantia destinada a atendre aquestes subvencions ascendeix a un import total de <strong>3.300.000,00 <\/strong>\u20ac.<\/p>\n<p>En el cas que l&#8217;import destinat a atendre les subvencions sol\u00b7licitades no fora suficient, s&#8217;estableixen unes quanties addicionals m\u00e0ximes de <strong>400.000,00 \u20ac<\/strong>.<\/p>\n<p><strong>Tot aix\u00f2, amb la finalitat d&#8217;atendre la totalitat de sol\u00b7licituds presentades.<\/strong><\/p>\n<h4><strong>TERMINI DE PRESENTACI\u00d3 DE LES SOL\u00b7LICITUDS<\/strong><\/h4>\n<p>El termini de presentaci\u00f3 de sol\u00b7licituds ser\u00e0 de<strong> 15 dies h\u00e0bils<\/strong> a comptar des de l&#8217;endem\u00e0 a la publicaci\u00f3 de l&#8217;extracte de la convocat\u00f2ria en el <em>Butllet\u00ed Oficial de la Prov\u00edncia d&#8217;Alacant<\/em>.<\/p>\n<p><strong>Del 30 d&#8217;abril fins al 20 de maig de 2021, ambd\u00f3s inclusivament.<br \/>\n<\/strong><\/p>\n<h4><strong>COM ES PRESENTEN LES SOL\u00b7LICITUDS<\/strong><\/h4>\n<p>Les sol\u00b7licituds es presentaran \u00fanicament i exclusivament a trav\u00e9s de la Seu Electr\u00f2nica de l&#8217;Ajuntament d&#8217;Elx, <a href=\"https:\/\/sede.elche.es\" target=\"_blank\" rel=\"noopener noreferrer\"><strong>https:\/\/sede.elche.es<\/strong><\/a>, en l&#8217;apartat de \u00ab<strong>TR\u00c0MITS DESTACATS\u00bb<\/strong>, tr\u00e0mit \u00ab<strong>AJUDES DIRECTES PAR\u00c8NTESIS 2\u00bb<\/strong>, emplenant el formulari sol\u00b7licitud i adjuntant-hi la documentaci\u00f3 requerida.<\/p>\n<h4><strong>TEL\u00c8FONS DE CONTACTE<br \/>\n<\/strong><\/h4>\n<p>966658282 Oficina Municipal de Tramitaci\u00f3 d&#8217;Ajudes<\/p>\n<p>966658200 Promoci\u00f3 Econ\u00f2mica<\/p>\n<p>966658040 Ocupaci\u00f3 i Formaci\u00f3[\/vc_column_text][vc_btn title=&#8221;Accedir a la seu&#8221; color=&#8221;primary&#8221; size=&#8221;lg&#8221; align=&#8221;center&#8221; button_block=&#8221;true&#8221; link=&#8221;url:https%3A%2F%2Fsede.elche.es%2Fsta%2FCarpetaPublic%2FdoEvent%3FAPP_CODE%3DSTA%26PAGE_CODE%3DPTS2_HOME%26lang%3DCA|target:_blank&#8221; css=&#8221;.vc_custom_1643794903073{margin-top: 20px !important;}&#8221;][\/vc_column][\/vc_row][vc_row css=&#8221;.vc_custom_1612784950760{margin-top: 40px !important;margin-bottom: 40px !important;}&#8221;][vc_column width=&#8221;1\/2&#8243; css=&#8221;.vc_custom_1612782003976{margin-right: 10px !important;border-top-width: 2px !important;border-right-width: 2px !important;border-bottom-width: 2px !important;border-left-width: 2px !important;padding-right: 10px !important;border-left-color: #899093 !important;border-left-style: solid !important;border-right-color: #899093 !important;border-right-style: solid !important;border-top-color: #899093 !important;border-top-style: solid !important;border-bottom-color: #899093 !important;border-bottom-style: solid !important;}&#8221;][vc_custom_heading text=&#8221;Ajudes del Fons Social Europeu&#8221; font_container=&#8221;tag:h6|text_align:center|color:%23ff0008&#8243; use_theme_fonts=&#8221;yes&#8221; css=&#8221;.vc_custom_1631004266800{margin-top: -30px !important;padding-right: 30px !important;}&#8221;][vc_column_text css=&#8221;.vc_custom_1631004345878{margin-top: 10px !important;}&#8221;]<b>Fons<\/b>: 32,7 milions \u20ac<\/p>\n<p><b>Ajudes<\/b><\/p>\n<p><u>Pimes<\/u>:<\/p>\n<ul>\n<li>600 \u20ac per treballador jornada completa<\/li>\n<li>300 \u20ac per treballador 1\/2 jornada<\/li>\n<\/ul>\n<p><u>Aut\u00f2noms:<\/u><\/p>\n<ul>\n<li>600 \u20ac<\/li>\n<\/ul>\n<p><b>Objectiu<br \/>\n<\/b>Mantenir els llocs de treball afectats per la crisi<\/p>\n<p><b>Termini<\/b>: fins al 17 de febrer[\/vc_column_text][vc_btn title=&#8221;Acc\u00e9s Labora GVA&#8221; color=&#8221;primary&#8221; size=&#8221;lg&#8221; align=&#8221;center&#8221; button_block=&#8221;true&#8221; link=&#8221;url:https%3A%2F%2Flabora.gva.es%2Fva%2Fempreses%2Fbusque-ajudes-subvencions%2Fajudes-foment-de-l-ocupacio|target:_blank&#8221; css=&#8221;.vc_custom_1643795479140{margin-top: 20px !important;}&#8221;][\/vc_column][vc_column width=&#8221;1\/2&#8243; css=&#8221;.vc_custom_1612782019856{margin-left: 10px !important;border-top-width: 2px !important;border-right-width: 2px !important;border-bottom-width: 2px !important;border-left-width: 2px !important;border-left-color: #899093 !important;border-left-style: solid !important;border-right-color: #899093 !important;border-right-style: solid !important;border-top-color: #899093 !important;border-top-style: solid !important;border-bottom-color: #899093 !important;border-bottom-style: solid !important;}&#8221;][vc_custom_heading text=&#8221;Pr\u00e9stecs bonificats&#8221; font_container=&#8221;tag:h6|text_align:center|color:%23ff0008&#8243; use_theme_fonts=&#8221;yes&#8221; css=&#8221;.vc_custom_1631004280184{margin-top: -30px !important;padding-right: 30px !important;}&#8221;][vc_column_text css=&#8221;.vc_custom_1631004377732{margin-top: 10px !important;}&#8221;]<strong>Destinataris: <\/strong>Sector HORECA<\/p>\n<p><strong>Inter\u00e9s<\/strong>: Euribor + 0,5%<\/p>\n<p><strong>Amortitzaci\u00f3: <\/strong>Fins a 5 anys, 1 de car\u00e8ncia. 30% a fons perdut no reemborsable.<strong><br \/>\n<\/strong><\/p>\n<p><strong>Capital a sol\u00b7licitar<\/strong>: Entre 15.000 i 750.000\u20ac<\/p>\n<p><strong>Termini de sol\u00b7licitud<\/strong>: Fins al 15 de juny[\/vc_column_text][vc_btn title=&#8221;Acc\u00e9s sol\u00b7licitud&#8221; color=&#8221;primary&#8221; size=&#8221;lg&#8221; align=&#8221;center&#8221; button_block=&#8221;true&#8221; link=&#8221;url:https%3A%2F%2Fprestamos.ivf.es%2Fva%2Fprestecs%2Flinia-financament-bonificat-ivf-liquiditat-covid-19-2%2F|target:_blank&#8221; css=&#8221;.vc_custom_1643795595225{margin-top: 20px !important;}&#8221;][\/vc_column][\/vc_row][vc_row][vc_column css=&#8221;.vc_custom_1612786267585{margin-bottom: 20px !important;}&#8221;][vc_column_text]<\/p>\n<hr \/>\n<p>[\/vc_column_text][\/vc_column][\/vc_row][vc_row css=&#8221;.vc_custom_1612785649266{margin-bottom: 40px !important;}&#8221;][vc_column width=&#8221;1\/2&#8243; css=&#8221;.vc_custom_1612782003976{margin-right: 10px !important;border-top-width: 2px !important;border-right-width: 2px !important;border-bottom-width: 2px !important;border-left-width: 2px !important;padding-right: 10px !important;border-left-color: #899093 !important;border-left-style: solid !important;border-right-color: #899093 !important;border-right-style: solid !important;border-top-color: #899093 !important;border-top-style: solid !important;border-bottom-color: #899093 !important;border-bottom-style: solid !important;}&#8221;][vc_custom_heading text=&#8221;Subvencions Reactiva&#8217;t Elx&#8221; font_container=&#8221;tag:h6|text_align:center&#8221; use_theme_fonts=&#8221;yes&#8221; css=&#8221;.vc_custom_1631004412825{margin-top: -30px !important;padding-right: 30px !important;}&#8221;][vc_column_text css=&#8221;.vc_custom_1631004485015{margin-top: 10px !important;}&#8221;]Subvencions directes amb un pressupost de 3,4 milions d&#8217;euros, convocades per l&#8217;Ajuntament d&#8217;Elx, per a compensar la reducci\u00f3 d&#8217;ingressos produ\u00efda a conseq\u00fc\u00e8ncia de la pand\u00e8mia provocada per la <span class=\"hiddenSpellError\">Covid<\/span>-19 i proporcionar suport econ\u00f2mic a les persones aut\u00f2nomes i a les microempreses il\u00b7licitanes.[\/vc_column_text][vc_column_text css=&#8221;.vc_custom_1643878349623{margin-top: 10px !important;}&#8221;]<span style=\"color: #ff0000;\">PROCEDIMENT FINALITZAT<\/span>[\/vc_column_text][vc_btn title=&#8221;Llistat de beneficiaris&#8221; color=&#8221;primary&#8221; size=&#8221;lg&#8221; align=&#8221;center&#8221; button_block=&#8221;true&#8221; link=&#8221;url:http%3A%2F%2Felche.es%2Fwp-content%2Fuploads%2F2020%2F11%2FListado-beneficiacios-reactivat-elx-2.pdf|target:_blank&#8221; css=&#8221;.vc_custom_1631004538561{margin-top: 20px !important;}&#8221; el_class=&#8221;ocultar&#8221;][vc_btn title=&#8221;Llistat de desestimacions&#8221; color=&#8221;primary&#8221; size=&#8221;lg&#8221; align=&#8221;center&#8221; button_block=&#8221;true&#8221; link=&#8221;url:http%3A%2F%2Felche.es%2Fwp-content%2Fuploads%2F2020%2F11%2FListado-desestimaciones-reactivat-elx-2.pdf|target:_blank&#8221; css=&#8221;.vc_custom_1631004562680{margin-top: 20px !important;}&#8221; el_class=&#8221;ocultar&#8221;][vc_btn title=&#8221;Llistat de ren\u00fancies&#8221; color=&#8221;primary&#8221; size=&#8221;lg&#8221; align=&#8221;center&#8221; button_block=&#8221;true&#8221; link=&#8221;url:http%3A%2F%2Felche.es%2Fwp-content%2Fuploads%2F2020%2F11%2FListado-renuncias-reactivat-elx-2.pdf|target:_blank&#8221; css=&#8221;.vc_custom_1631004579162{margin-top: 20px !important;}&#8221; el_class=&#8221;ocultar&#8221;][vc_btn title=&#8221;Convocat\u00f2ria&#8221; color=&#8221;primary&#8221; size=&#8221;lg&#8221; align=&#8221;center&#8221; button_block=&#8221;true&#8221; link=&#8221;url:http%3A%2F%2Felche.es%2Fwp-content%2Fuploads%2F2020%2F09%2FEdicto-Convocatoria-Ayudas-REACTIVAT-ELX.pdf||target:%20_blank&#8221; el_class=&#8221;ocultar&#8221;][vc_btn title=&#8221;Seu electr\u00f2nica&#8221; color=&#8221;primary&#8221; size=&#8221;lg&#8221; align=&#8221;center&#8221; button_block=&#8221;true&#8221; link=&#8221;url:https%3A%2F%2Fsede.elche.es%2F||target:%20_blank&#8221; el_class=&#8221;ocultar&#8221;][\/vc_column][vc_column width=&#8221;1\/2&#8243; css=&#8221;.vc_custom_1612782019856{margin-left: 10px !important;border-top-width: 2px !important;border-right-width: 2px !important;border-bottom-width: 2px !important;border-left-width: 2px !important;border-left-color: #899093 !important;border-left-style: solid !important;border-right-color: #899093 !important;border-right-style: solid !important;border-top-color: #899093 !important;border-top-style: solid !important;border-bottom-color: #899093 !important;border-bottom-style: solid !important;}&#8221;][vc_custom_heading text=&#8221;Subvencions Elx-Tabliments&#8221; font_container=&#8221;tag:h6|text_align:center&#8221; use_theme_fonts=&#8221;yes&#8221; css=&#8221;.vc_custom_1631004421853{margin-top: -30px !important;padding-right: 30px !important;}&#8221;][vc_column_text css=&#8221;.vc_custom_1631004513741{margin-top: 10px !important;}&#8221;]Subvencions directes amb un pressupost d&#8217;1 mili\u00f3 d&#8217;euros, convocades per l&#8217;Ajuntament d&#8217;Elx, i que estan destinades per a ajudar en el pagament de les despeses de lloguer o dels interessos d&#8217;amortitzaci\u00f3 dels pr\u00e9stecs sol\u00b7licitats per a l&#8217;adquisici\u00f3 d&#8217;un local vinculat a un negoci.[\/vc_column_text][vc_column_text css=&#8221;.vc_custom_1643878365120{margin-top: 10px !important;}&#8221;]<span style=\"color: #ff0000;\">PROCEDIMENT FINALITZAT<\/span>[\/vc_column_text][vc_btn title=&#8221;Convocat\u00f2ria&#8221; color=&#8221;primary&#8221; size=&#8221;lg&#8221; align=&#8221;center&#8221; button_block=&#8221;true&#8221; link=&#8221;url:http%3A%2F%2Felche.es%2Fwp-content%2Fuploads%2F2020%2F09%2FConvocatoria-ayudas-Elx-tabliments.pdf||target:%20_blank&#8221; css=&#8221;.vc_custom_1631004525563{margin-top: 20px !important;}&#8221; el_class=&#8221;ocultar&#8221;][vc_btn title=&#8221;Seu electr\u00f2nica&#8221; color=&#8221;primary&#8221; size=&#8221;lg&#8221; align=&#8221;center&#8221; button_block=&#8221;true&#8221; link=&#8221;url:https%3A%2F%2Fsede.elche.es%2F||target:%20_blank&#8221; css=&#8221;.vc_custom_1631004549871{margin-top: 20px !important;}&#8221; el_class=&#8221;ocultar&#8221;][\/vc_column][vc_column][\/vc_column][\/vc_row][vc_row][vc_column][vc_column_text][\/vc_column_text][\/vc_column][\/vc_row]<\/p>\n<\/div>","protected":false},"excerpt":{"rendered":"<p>[vc_row][vc_column][vc_column_text][\/vc_column_text][\/vc_column][\/vc_row][vc_row css=&#8221;.vc_custom_1612780495109{margin-top: 40px !important;}&#8221;][vc_column][\/vc_column][\/vc_row][vc_row css=&#8221;.vc_custom_1612783299446{margin-top: 40px !important;margin-bottom: 40px !important;}&#8221;][vc_column css=&#8221;.vc_custom_1612785534219{margin-right: 10px !important;border-top-width: 2px !important;border-right-width: 2px !important;border-bottom-width: 2px !important;border-left-width: 2px !important;padding-right: 10px !important;border-left-color: #899093 !important;border-left-style: solid !important;border-right-color: #899093 !important;border-right-style: solid !important;border-top-color: [&hellip;]<\/p>\n","protected":false},"author":15,"featured_media":0,"parent":6892,"menu_order":0,"comment_status":"closed","ping_status":"closed","template":"","meta":{"footnotes":""},"class_list":["post-125610","page","type-page","status-publish","hentry"],"_links":{"self":[{"href":"https:\/\/www.elche.es\/va\/wp-json\/wp\/v2\/pages\/125610","targetHints":{"allow":["GET"]}}],"collection":[{"href":"https:\/\/www.elche.es\/va\/wp-json\/wp\/v2\/pages"}],"about":[{"href":"https:\/\/www.elche.es\/va\/wp-json\/wp\/v2\/types\/page"}],"author":[{"embeddable":true,"href":"https:\/\/www.elche.es\/va\/wp-json\/wp\/v2\/users\/15"}],"replies":[{"embeddable":true,"href":"https:\/\/www.elche.es\/va\/wp-json\/wp\/v2\/comments?post=125610"}],"version-history":[{"count":0,"href":"https:\/\/www.elche.es\/va\/wp-json\/wp\/v2\/pages\/125610\/revisions"}],"up":[{"embeddable":true,"href":"https:\/\/www.elche.es\/va\/wp-json\/wp\/v2\/pages\/6892"}],"wp:attachment":[{"href":"https:\/\/www.elche.es\/va\/wp-json\/wp\/v2\/media?parent=125610"}],"curies":[{"name":"wp","href":"https:\/\/api.w.org\/{rel}","templated":true}]}}