{"id":12695,"date":"2017-01-25T11:17:50","date_gmt":"2017-01-25T10:17:50","guid":{"rendered":"http:\/\/www.elche.es\/va\/proceso-participativo-2016\/"},"modified":"2018-02-13T13:26:28","modified_gmt":"2018-02-13T12:26:28","slug":"proces-participatiu-2016","status":"publish","type":"page","link":"https:\/\/www.elche.es\/va\/participacio-ciutadana\/pressupost-participatiu\/proces-participatiu-2016\/","title":{"rendered":"Proc\u00e9s Participatiu 2016"},"content":{"rendered":"<div class=\"wpb-content-wrapper\"><p>[vc_row full_width=&#8221;stretch_row&#8221; css=&#8221;.vc_custom_1475488224066{background-color: #dddde0 !important;}&#8221;][vc_column][vc_column_text]<nav aria-label=\"breadcrumbs\">\n            <div class=\"breadcrumb-container theme1\">\n                <ol>\n                                    <\/ol>\n            <\/div>\n        <\/nav>    <script type=\"application\/ld+json\">\n        {\n            \"@context\": \"http:\/\/schema.org\",\n            \"@type\": \"BreadcrumbList\",\n            \"itemListElement\": [\n                            ]\n        }\n    <\/script>\n    <style type=\"text\/css\">\n        .breadcrumb-container {\n            font-size: 13px;\n        }\n\n        .breadcrumb-container ul {\n            margin: 0;\n            padding: 0;\n        }\n\n        .breadcrumb-container li {\n            box-sizing: unset;\n            display: inline-block;\n            margin: 0;\n            padding: 0;\n        }\n\n        .breadcrumb-container li a {\n            box-sizing: unset;\n            padding: 0 10px;\n        }\n\n        .breadcrumb-container {\n            font-size: 3 !important;\n                    }\n\n        .breadcrumb-container li a {\n            color: #0a0a0a !important;\n            font-size: 3 !important;\n            line-height: 3 !important;\n                    }\n\n        .breadcrumb-container li .separator {\n            font-size: 3 !important;\n                    }\n\n        .breadcrumb-container li:last-child .separator {\n            display: none;\n        }\n    <\/style>\n    <style type=\"text\/css\">\n        .breadcrumb-container.theme1 li {\n            margin: 0;\n            padding: 0;\n        }\n        .breadcrumb-container.theme1 a {\n            background: ;\n            display: inline-block;\n            margin: 0 5px;\n            padding: 5px 10px;\n            text-decoration: none;\n        }\n    <\/style>\n        <style type=\"text\/css\">\n            <\/style>\n    <script>\n            <\/script>\n[\/vc_column_text][\/vc_column][\/vc_row][vc_row css=&#8221;.vc_custom_1475488264405{padding-bottom: 40px !important;}&#8221; el_id=&#8221;bloque_basica&#8221;][vc_column width=&#8221;2\/3&#8243;]<h3 class=\"sc_title sc_title_regular margin_top_tiny\">Pressupost Participatiu: Proc\u00e9s Participatiu 2016<\/h3>[vc_single_image image=&#8221;9061&#8243; img_size=&#8221;full&#8221; css=&#8221;.vc_custom_1485334793298{padding-bottom: 20px !important;}&#8221;][vc_column_text]En els seg\u00fcents enlla\u00e7os trobar\u00e0s tota la informaci\u00f3 referent al proc\u00e9s de 2016 del Pressupost Participatiu.[\/vc_column_text][\/vc_column][vc_column width=&#8221;1\/3&#8243; css=&#8221;.vc_custom_1474385237096{padding-top: 50px !important;padding-bottom: 50px !important;}&#8221;][vc_widget_sidebar sidebar_id=&#8221;sidebar_custom_2&#8243;][\/vc_column][\/vc_row][vc_row][vc_column width=&#8221;1\/3&#8243;]\r\n        <div id=\"enlacesInteresantes\">\r\n            <div class=\"post_item post_item_opportuniti post_item_opportuniti_3 post_format_standard odd\">\r\n               <div class=\"post_featured\">\r\n                  <div class=\"post_thumb\">\r\n                     <a class=\"hover_icon hover_icon_link\"  href=\"https:\/\/www.elche.es\/va\/participacio-ciutadana\/pressupost-participatiu\/autorreglament-2016\/\"><img loading=\"lazy\" decoding=\"async\" class=\"wp-post-image\" width=\"740\" height=\"584\" src=\"https:\/\/www.elche.es\/wp-content\/uploads\/2016\/10\/baner-decorativo-5.jpg\"><\/a> \r\n                  <\/div>\r\n               <\/div>\r\n               <div class=\"post_content isotope_item_content\">\r\n                  <h4 class=\"post_title\"><a  href=\"https:\/\/www.elche.es\/va\/participacio-ciutadana\/pressupost-participatiu\/autorreglament-2016\/\">L' Autoreglament organitza i regula el proc\u00e9s participatiu<\/a><\/h4>\r\n                  <div class=\"post_descr\">\r\n                     <p> <a style=\"color: white;\" href=\"https:\/\/www.elche.es\/va\/participacio-ciutadana\/pressupost-participatiu\/autorreglament-2016\/\">Autoreglament 2016<\/a><\/p>\r\n                  <\/div>\r\n               <\/div>\r\n            <\/div>\r\n       <\/div>[\/vc_column][vc_column width=&#8221;1\/3&#8243;]\r\n        <div id=\"enlacesInteresantes\">\r\n            <div class=\"post_item post_item_opportuniti post_item_opportuniti_3 post_format_standard odd\">\r\n               <div class=\"post_featured\">\r\n                  <div class=\"post_thumb\">\r\n                     <a class=\"hover_icon hover_icon_link\"  href=\"https:\/\/www.elche.es\/va\/participacio-ciutadana\/pressupost-participatiu\/presentacio-del-proces\/\"><img loading=\"lazy\" decoding=\"async\" class=\"wp-post-image\" width=\"740\" height=\"584\" src=\"https:\/\/www.elche.es\/wp-content\/uploads\/2016\/10\/baner-decorativo-1.jpg\"><\/a> \r\n                  <\/div>\r\n               <\/div>\r\n               <div class=\"post_content isotope_item_content\">\r\n                  <h4 class=\"post_title\"><a  href=\"https:\/\/www.elche.es\/va\/participacio-ciutadana\/pressupost-participatiu\/presentacio-del-proces\/\">Explicaci\u00f3 del proc\u00e9s del Pressupost Participatiu 2016<\/a><\/h4>\r\n                  <div class=\"post_descr\">\r\n                     <p> <a style=\"color: white;\" href=\"https:\/\/www.elche.es\/va\/participacio-ciutadana\/pressupost-participatiu\/presentacio-del-proces\/\">Presentaci\u00f3 del proc\u00e9s<\/a><\/p>\r\n                  <\/div>\r\n               <\/div>\r\n            <\/div>\r\n       <\/div>[\/vc_column][vc_column width=&#8221;1\/3&#8243;]\r\n        <div id=\"enlacesInteresantes\">\r\n            <div class=\"post_item post_item_opportuniti post_item_opportuniti_3 post_format_standard odd\">\r\n               <div class=\"post_featured\">\r\n                  <div class=\"post_thumb\">\r\n                     <a class=\"hover_icon hover_icon_link\"  href=\"https:\/\/www.elche.es\/va\/participacio-ciutadana\/pressupost-participatiu\/dades-pressupost-participatiu\/\"><img loading=\"lazy\" decoding=\"async\" class=\"wp-post-image\" width=\"740\" height=\"584\" src=\"https:\/\/www.elche.es\/wp-content\/uploads\/2016\/10\/baner-decorativo-4.jpg\"><\/a> \r\n                  <\/div>\r\n               <\/div>\r\n               <div class=\"post_content isotope_item_content\">\r\n                  <h4 class=\"post_title\"><a  href=\"https:\/\/www.elche.es\/va\/participacio-ciutadana\/pressupost-participatiu\/dades-pressupost-participatiu\/\">Dades sobre les propostes presentades i les votacions<\/a><\/h4>\r\n                  <div class=\"post_descr\">\r\n                     <p> <a style=\"color: white;\" href=\"https:\/\/www.elche.es\/va\/participacio-ciutadana\/pressupost-participatiu\/dades-pressupost-participatiu\/\">Dades Pressupost Participatiu 2016<\/a><\/p>\r\n                  <\/div>\r\n               <\/div>\r\n            <\/div>\r\n       <\/div>[\/vc_column][\/vc_row][vc_row][vc_column][vc_empty_space][\/vc_column][\/vc_row]<\/p>\n<\/div>","protected":false},"excerpt":{"rendered":"<p>[vc_row full_width=&#8221;stretch_row&#8221; css=&#8221;.vc_custom_1475488224066{background-color: #dddde0 !important;}&#8221;][vc_column][vc_column_text][\/vc_column_text][\/vc_column][\/vc_row][vc_row css=&#8221;.vc_custom_1475488264405{padding-bottom: 40px !important;}&#8221; el_id=&#8221;bloque_basica&#8221;][vc_column width=&#8221;2\/3&#8243;][vc_single_image image=&#8221;9061&#8243; img_size=&#8221;full&#8221; css=&#8221;.vc_custom_1485334793298{padding-bottom: 20px !important;}&#8221;][vc_column_text]En els seg\u00fcents enlla\u00e7os trobar\u00e0s tota la informaci\u00f3 referent al proc\u00e9s de 2016 del Pressupost Participatiu.[\/vc_column_text][\/vc_column][vc_column [&hellip;]<\/p>\n","protected":false},"author":20,"featured_media":0,"parent":6928,"menu_order":0,"comment_status":"closed","ping_status":"closed","template":"","meta":{"footnotes":""},"class_list":["post-12695","page","type-page","status-publish","hentry"],"_links":{"self":[{"href":"https:\/\/www.elche.es\/va\/wp-json\/wp\/v2\/pages\/12695","targetHints":{"allow":["GET"]}}],"collection":[{"href":"https:\/\/www.elche.es\/va\/wp-json\/wp\/v2\/pages"}],"about":[{"href":"https:\/\/www.elche.es\/va\/wp-json\/wp\/v2\/types\/page"}],"author":[{"embeddable":true,"href":"https:\/\/www.elche.es\/va\/wp-json\/wp\/v2\/users\/20"}],"replies":[{"embeddable":true,"href":"https:\/\/www.elche.es\/va\/wp-json\/wp\/v2\/comments?post=12695"}],"version-history":[{"count":0,"href":"https:\/\/www.elche.es\/va\/wp-json\/wp\/v2\/pages\/12695\/revisions"}],"up":[{"embeddable":true,"href":"https:\/\/www.elche.es\/va\/wp-json\/wp\/v2\/pages\/6928"}],"wp:attachment":[{"href":"https:\/\/www.elche.es\/va\/wp-json\/wp\/v2\/media?parent=12695"}],"curies":[{"name":"wp","href":"https:\/\/api.w.org\/{rel}","templated":true}]}}