{"id":13168,"date":"2017-02-01T12:14:09","date_gmt":"2017-02-01T11:14:09","guid":{"rendered":"http:\/\/www.elche.es\/va\/participacio-ciutadana\/asociacionismo\/"},"modified":"2023-02-24T08:50:28","modified_gmt":"2023-02-24T07:50:28","slug":"associacionisme","status":"publish","type":"page","link":"https:\/\/www.elche.es\/va\/participacio-ciutadana\/associacionisme\/","title":{"rendered":"Associacionisme"},"content":{"rendered":"<div class=\"wpb-content-wrapper\"><p>[vc_row][vc_column]<figure class=\"sc_image  sc_image_shape_square\"><img decoding=\"async\" src=\"https:\/\/www.elche.es\/wp-content\/uploads\/2017\/02\/cartelELXparticipaalargado.jpg\" alt=\"\" \/><\/figure>[vc_column_text]<nav aria-label=\"breadcrumbs\">\n            <div class=\"breadcrumb-container theme1\">\n                <ol>\n                                    <\/ol>\n            <\/div>\n        <\/nav>    <script type=\"application\/ld+json\">\n        {\n            \"@context\": \"http:\/\/schema.org\",\n            \"@type\": \"BreadcrumbList\",\n            \"itemListElement\": [\n                            ]\n        }\n    <\/script>\n    <style type=\"text\/css\">\n        .breadcrumb-container {\n            font-size: 13px;\n        }\n\n        .breadcrumb-container ul {\n            margin: 0;\n            padding: 0;\n        }\n\n        .breadcrumb-container li {\n            box-sizing: unset;\n            display: inline-block;\n            margin: 0;\n            padding: 0;\n        }\n\n        .breadcrumb-container li a {\n            box-sizing: unset;\n            padding: 0 10px;\n        }\n\n        .breadcrumb-container {\n            font-size: 3 !important;\n                    }\n\n        .breadcrumb-container li a {\n            color: #0a0a0a !important;\n            font-size: 3 !important;\n            line-height: 3 !important;\n                    }\n\n        .breadcrumb-container li .separator {\n            font-size: 3 !important;\n                    }\n\n        .breadcrumb-container li:last-child .separator {\n            display: none;\n        }\n    <\/style>\n    <style type=\"text\/css\">\n        .breadcrumb-container.theme1 li {\n            margin: 0;\n            padding: 0;\n        }\n        .breadcrumb-container.theme1 a {\n            background: ;\n            display: inline-block;\n            margin: 0 5px;\n            padding: 5px 10px;\n            text-decoration: none;\n        }\n    <\/style>\n        <style type=\"text\/css\">\n            <\/style>\n    <script>\n            <\/script>\n[\/vc_column_text]<h3 class=\"sc_title sc_title_regular\">ASSOCIACIONISME<\/h3>[vc_column_text]Entre les principals finalitats de la Regidoria de Participaci\u00f3 i Associacionisme de l&#8217;Ajuntamentd\u2019Elx estan el foment de l&#8217;associacionisme en el nostre municipi, l&#8217;enfortiment del teixit associatiu, l&#8217;assessorament, formaci\u00f3 i suport a les diferents associacions existents aix\u00ed com la dinamitzaci\u00f3 i el suport de les diferents iniciatives de la societat civil per la millora del municipi.<\/p>\n<p>Anualment es convoquen subvencions per a associacions ve\u00efnals dirigides a incentivar i facilitar els projectes d&#8217;aquestes, fonamentalment aquells de contingut participatiu.<\/p>\n<p>A m\u00e9s, es gestiona el Registre Municipal d&#8217;Entitats Ciutadanes.[\/vc_column_text][vc_empty_space][\/vc_column][\/vc_row][vc_row][vc_column]\r\n        <p>\r\n        <span class=\"enlaces-titulo\"> Subvencions <\/span> <span><a class=\"enlaces-link\" target='_blank'href=\"https:\/\/sede.elche.es\/sta\/CarpetaPublic\/doEvent?APP_CODE=STA&amp;PAGE_CODE=CATALOGO&amp;DETALLE=6269000000564013899500&amp;lang=CA \">Veure enlla\u00e7<\/a><\/span>\r\n        <br>\r\n        <span class=\"enlaces-descripcion\">Subvencions per a associacions ve\u00efnals<\/span>\r\n        <\/p>\r\n        <hr class=\"enlaces-separador\">\r\n        \r\n        <p>\r\n        <span class=\"enlaces-titulo\"> Documents d'Inter\u00e8s <\/span> <span><a class=\"enlaces-link\" href=\"https:\/\/www.elche.es\/va\/participacio-ciutadana\/associacionisme\/registre-municipal-dentitats-ciutadanes\/ \">Veure enlla\u00e7<\/a><\/span>\r\n        <br>\r\n        <span class=\"enlaces-descripcion\">Guia d'introducci\u00f3 a l'associacionisme, formularis per a la inscripci\u00f3 en el Registre d'Associacions de la Comunitat Valenciana i tr\u00e0mits per a la inscripci\u00f3 en el Registre Municipal d'Entitats Ciutadanes.<\/span>\r\n        <\/p>\r\n        <hr class=\"enlaces-separador\">\r\n        \r\n        <p>\r\n        <span class=\"enlaces-titulo\"> Directori d'Associacions <\/span> <span><a class=\"enlaces-link\" href=\"https:\/\/www.elche.es\/va\/participacio-ciutadana\/associacionisme\/directori-dassociacions\/ \">Veure enlla\u00e7<\/a><\/span>\r\n        <br>\r\n        <span class=\"enlaces-descripcion\">Accedeix al directori d'associacions del Registre d'Entitats Ciutadanes de l'Ajuntament d'Elx<\/span>\r\n        <\/p>\r\n        <hr class=\"enlaces-separador\">\r\n        [\/vc_column][\/vc_row][vc_row][vc_column][vc_raw_html el_class=&#8221;oculto&#8221;]JTNDc2NyaXB0JTIwaWQlM0QlMjJpbmZvZ3JhbV8wXzMxMmE3YzIyLWY1MTYtNDY0OC1iMjgyLTM5YTU5NGNkMmU5ZiUyMiUyMHRpdGxlJTNEJTIyQXNzb2NpYWNpb25zJTIyJTIwc3JjJTNEJTIyaHR0cHMlM0ElMkYlMkZlLmluZm9ncmFtLmNvbSUyRmpzJTJGZGlzdCUyRmVtYmVkLmpzJTNGSEQxJTIyJTIwdHlwZSUzRCUyMnRleHQlMkZqYXZhc2NyaXB0JTIyJTNFJTNDJTJGc2NyaXB0JTNF[\/vc_raw_html][\/vc_column][\/vc_row][vc_row][vc_column][vc_empty_space][vc_single_image image=&#8221;238822&#8243; img_size=&#8221;medium&#8221; alignment=&#8221;center&#8221; onclick=&#8221;link_image&#8221;][vc_empty_space][vc_single_image image=&#8221;238824&#8243; img_size=&#8221;medium&#8221; alignment=&#8221;center&#8221; onclick=&#8221;link_image&#8221;][\/vc_column][\/vc_row][vc_row][vc_column][\/vc_column][\/vc_row]<\/p>\n<\/div>","protected":false},"excerpt":{"rendered":"<p>[vc_row][vc_column][vc_column_text][\/vc_column_text][vc_column_text]Entre les principals finalitats de la Regidoria de Participaci\u00f3 i Associacionisme de l&#8217;Ajuntamentd\u2019Elx estan el foment de l&#8217;associacionisme en el nostre municipi, l&#8217;enfortiment del teixit associatiu, l&#8217;assessorament, formaci\u00f3 i suport [&hellip;]<\/p>\n","protected":false},"author":20,"featured_media":0,"parent":6880,"menu_order":0,"comment_status":"closed","ping_status":"closed","template":"","meta":{"footnotes":""},"class_list":["post-13168","page","type-page","status-publish","hentry"],"_links":{"self":[{"href":"https:\/\/www.elche.es\/va\/wp-json\/wp\/v2\/pages\/13168","targetHints":{"allow":["GET"]}}],"collection":[{"href":"https:\/\/www.elche.es\/va\/wp-json\/wp\/v2\/pages"}],"about":[{"href":"https:\/\/www.elche.es\/va\/wp-json\/wp\/v2\/types\/page"}],"author":[{"embeddable":true,"href":"https:\/\/www.elche.es\/va\/wp-json\/wp\/v2\/users\/20"}],"replies":[{"embeddable":true,"href":"https:\/\/www.elche.es\/va\/wp-json\/wp\/v2\/comments?post=13168"}],"version-history":[{"count":0,"href":"https:\/\/www.elche.es\/va\/wp-json\/wp\/v2\/pages\/13168\/revisions"}],"up":[{"embeddable":true,"href":"https:\/\/www.elche.es\/va\/wp-json\/wp\/v2\/pages\/6880"}],"wp:attachment":[{"href":"https:\/\/www.elche.es\/va\/wp-json\/wp\/v2\/media?parent=13168"}],"curies":[{"name":"wp","href":"https:\/\/api.w.org\/{rel}","templated":true}]}}