{"id":13171,"date":"2017-02-01T12:24:30","date_gmt":"2017-02-01T11:24:30","guid":{"rendered":"http:\/\/www.elche.es\/va\/participacio-ciutadana\/procesos-participativos\/"},"modified":"2025-05-14T10:30:58","modified_gmt":"2025-05-14T08:30:58","slug":"processos-participatius","status":"publish","type":"page","link":"https:\/\/www.elche.es\/va\/participacio-ciutadana\/processos-participatius\/","title":{"rendered":"Processos Participatius"},"content":{"rendered":"<div class=\"wpb-content-wrapper\"><p>[vc_row full_width=&#8221;stretch_row&#8221; css=&#8221;.vc_custom_1654840425908{background-image: url(https:\/\/www.elche.es\/wp-content\/uploads\/2017\/02\/micro2.jpg?id=13135) !important;background-position: center !important;background-repeat: no-repeat !important;background-size: cover !important;}&#8221; el_class=&#8221;slidersecciones&#8221;][vc_column][vc_custom_heading text=&#8221;PROCESSOS PARTICIPATIUS&#8221; font_container=&#8221;tag:h2|text_align:center|color:%23ffffff&#8221; google_fonts=&#8221;font_family:Ubuntu%3A300%2C300italic%2Cregular%2Citalic%2C500%2C500italic%2C700%2C700italic|font_style:700%20bold%20regular%3A700%3Anormal&#8221; css=&#8221;.vc_custom_1654840438534{padding-top: 80px !important;}&#8221; el_class=&#8221;sombraTitulo cabeceramovil&#8221;][\/vc_column][\/vc_row][vc_row full_width=&#8221;stretch_row&#8221; css=&#8221;.vc_custom_1475484188729{background-color: #dddde0 !important;}&#8221;][vc_column][vc_column_text]<nav aria-label=\"breadcrumbs\">\n            <div class=\"breadcrumb-container theme1\">\n                <ol>\n                                    <\/ol>\n            <\/div>\n        <\/nav>    <script type=\"application\/ld+json\">\n        {\n            \"@context\": \"http:\/\/schema.org\",\n            \"@type\": \"BreadcrumbList\",\n            \"itemListElement\": [\n                            ]\n        }\n    <\/script>\n    <style type=\"text\/css\">\n        .breadcrumb-container {\n            font-size: 13px;\n        }\n\n        .breadcrumb-container ul {\n            margin: 0;\n            padding: 0;\n        }\n\n        .breadcrumb-container li {\n            box-sizing: unset;\n            display: inline-block;\n            margin: 0;\n            padding: 0;\n        }\n\n        .breadcrumb-container li a {\n            box-sizing: unset;\n            padding: 0 10px;\n        }\n\n        .breadcrumb-container {\n            font-size: 3 !important;\n                    }\n\n        .breadcrumb-container li a {\n            color: #0a0a0a !important;\n            font-size: 3 !important;\n            line-height: 3 !important;\n                    }\n\n        .breadcrumb-container li .separator {\n            font-size: 3 !important;\n                    }\n\n        .breadcrumb-container li:last-child .separator {\n            display: none;\n        }\n    <\/style>\n    <style type=\"text\/css\">\n        .breadcrumb-container.theme1 li {\n            margin: 0;\n            padding: 0;\n        }\n        .breadcrumb-container.theme1 a {\n            background: ;\n            display: inline-block;\n            margin: 0 5px;\n            padding: 5px 10px;\n            text-decoration: none;\n        }\n    <\/style>\n        <style type=\"text\/css\">\n            <\/style>\n    <script>\n            <\/script>\n[\/vc_column_text][\/vc_column][\/vc_row][vc_row][vc_column]<h3 class=\"sc_title sc_title_regular margin_top_tiny\">Processos Participatius<\/h3>[vc_column_text]A continuaci\u00f3 es mostren els diferents processos participatius organitzats per la Regidoria de Participaci\u00f3.[\/vc_column_text][vc_empty_space][vc_column_text css=&#8221;&#8221;]Els processos i consultes des de 2023 es podran veure en les consultes p\u00fabliques des del seg\u00fcent enlla\u00e7: <a href=\"https:\/\/www.elche.es\/va\/participacio-ciutadana\/consultes-publiques\/\">Veure consultes<\/a>.[\/vc_column_text][vc_empty_space][\/vc_column][\/vc_row][vc_row][vc_column]<h5 class=\"sc_title sc_title_regular subtitulosapartados \" style=\"````\"><strong>Processos anteriors 2023<\/strong><\/p>\n<p><\/h5>\r\n        <p>\r\n        <span class=\"enlaces-titulo\"> Estudi d'integraci\u00f3 paisatg\u00edstica de l'estudi de detall a l'\u00e0rea de repartiment n\u00fam. 59 del pla general d'Elx <\/span> <span><a class=\"enlaces-link\" target='_blank'href=\"https:\/\/www.elche.es\/va\/urbanisme\/estudi-dintegracio-paisatgistica-de-lestudi-de-detall-a-larea-de-repartiment-num-59-del-pla-general-delx\/ \">Veure enlla\u00e7<\/a><\/span>\r\n        <br>\r\n        <span class=\"enlaces-descripcion\">Aquesta ENQUESTA pertanyent al Pla de Participaci\u00f3 P\u00fablica de l'Estudi de Detall A l'\u00e0rea de repartiment n\u00fam. 59 del Pla General d'Elx, situat a l'illa conformada pels carrers Advocats d'Atocha, Llimoner, Morera i Eucaliptus.<\/p>\n<p>Addicionalment a aquest tr\u00e0mit i durant el mateix termini, com a empleades i empleats municipals, us informem de l'exist\u00e8ncia d'una b\u00fastia de correu, reglamentodeae@elche.es, on aix\u00ed mateix podeu presentar propostes al projecte de la norma que s'elabore.<\/span>\r\n        <\/p>\r\n        <hr class=\"enlaces-separador\">\r\n        \r\n        <p>\r\n        <span class=\"enlaces-titulo\"> Consulta p\u00fablica previ a l'elaboraci\u00f3 del projecte del Reglament d'Administraci\u00f3 Electr\u00f2nica a l'Ajuntament <\/span> <span><a class=\"enlaces-link\" target='_blank'href=\"https:\/\/sede.elche.es\/sta\/CarpetaPublic\/doEvent?APP_CODE=STA&amp;PAGE_CODE=PTS2_TABLON&amp;DETALLE=3223600035838305807922&amp;lang=CA \">Veure enlla\u00e7<\/a><\/span>\r\n        <br>\r\n        <span class=\"enlaces-descripcion\">S'ha obert un per\u00edode de consulta p\u00fablica previ a l'elaboraci\u00f3 del projecte del Reglament d'Administraci\u00f3 Electr\u00f2nica a l'Ajuntament, per a la ciutadania i altres entitats i col\u00b7lectius que puguen veure's afectats o que tinguen inter\u00e9s en aquest. El termini estar\u00e0 obert fins al 3 de mar\u00e7 de 2023, sense perjudici del posterior sotmetiment a informaci\u00f3 p\u00fablica, tant del projecte que s'aprove com de l'acord d'aprovaci\u00f3 inicial plenari.<\/p>\n<p>Addicionalment a aquest tr\u00e0mit i durant el mateix termini, com a empleades i empleats municipals, us informem de l'exist\u00e8ncia d'una b\u00fastia de correu, reglamentodeae@elche.es, on aix\u00ed mateix podeu presentar propostes al projecte de la norma que s'elabore.<\/span>\r\n        <\/p>\r\n        <hr class=\"enlaces-separador\">\r\n        \r\n        <p>\r\n        <span class=\"enlaces-titulo\"> Estudi d'integraci\u00f3 paisatg\u00edstica de l'estudi de detall a l'\u00e0rea de repartiment n\u00fam. 39 del pla general d'elx. nous regs del progr\u00e9s <\/span> <span><a class=\"enlaces-link\" target='_blank'href=\"https:\/\/www.elche.es\/va\/urbanisme\/estudi-dintegracio-paisatgistica-de-lestudi-de-detall-a-larea-de-repartiment-num-39-del-pla-general-delx-nous-regs-del-progres\/ \">Veure enlla\u00e7<\/a><\/span>\r\n        <br>\r\n        <span class=\"enlaces-descripcion\">Aquesta ENQUESTA pertany al Pla de Participaci\u00f3 P\u00fablica de l'Estudi de Detall en l'\u00e0rea de repartiment n\u00fam. 39 del Pla General d'Elx, Nous Regs El Progr\u00e9s, situat a l'illa conformada pels carrers Empedrat, Corredora, Hospital i Pla\u00e7a de la Constituci\u00f3.<\/span>\r\n        <\/p>\r\n        <hr class=\"enlaces-separador\">\r\n        \r\n        <p>\r\n        <span class=\"enlaces-titulo\"> Pressupost Participatiu <\/span> <span><a class=\"enlaces-link\" target='_blank'href=\"https:\/\/www.elche.es\/va\/participacio-ciutadana\/pressupost-participatiu\/ \">Veure enlla\u00e7<\/a><\/span>\r\n        <br>\r\n        <span class=\"enlaces-descripcion\">Nova convocat\u00f2ria 2023-2024, es decidir\u00e0 la destinaci\u00f3 de 800.000,00\u20ac per a inversions al municipi<\/span>\r\n        <\/p>\r\n        <hr class=\"enlaces-separador\">\r\n        \r\n        <p>\r\n        <span class=\"enlaces-titulo\"> Q\u00fcestionari participaci\u00f3 p\u00fablica estudi d'integraci\u00f3 paisatg\u00edstica del projecte de declaraci\u00f3 com a paratge natural municipal del pant\u00e0 i de les serres del nord <\/span> <span><a class=\"enlaces-link\" target='_blank'href=\"https:\/\/www.elche.es\/va\/medi-ambient\/enquesta-medi-ambient-2022\/ \">Veure enlla\u00e7<\/a><\/span>\r\n        <br>\r\n        <span class=\"enlaces-descripcion\"><\/span>\r\n        <\/p>\r\n        <hr class=\"enlaces-separador\">\r\n        \r\n        <p>\r\n        <span class=\"enlaces-titulo\"> Enquesta de participaci\u00f3 ciutadana per a l'elaboraci\u00f3 del I Pla LGTBI d'Elx <\/span> <span><a class=\"enlaces-link\" target='_blank'href=\"https:\/\/forms.office.com\/r\/CjC5nc8MN6 \">Veure enlla\u00e7<\/a><\/span>\r\n        <br>\r\n        <span class=\"enlaces-descripcion\">Des de l'Ajuntament d'Elx s'ha posat en marxa l'elaboraci\u00f3 del I Pla LGTBI. En el marc d'elaboraci\u00f3 del present Pla, s'ha dissenyat aquest q\u00fcestionari amb l'objectiu de con\u00e9ixer quina \u00e9s la percepci\u00f3, les necessitats i les propostes de la ciutadania i aix\u00ed, poder millorar la situaci\u00f3 de la poblaci\u00f3 LGTBI.<br \/>\nLa informaci\u00f3 ser\u00e0 tractada de manera confidencial i an\u00f2nima, per la qual cosa li demanem que responga amb la major sinceritat possible.<\/span>\r\n        <\/p>\r\n        <hr class=\"enlaces-separador\">\r\n        \r\n        <p>\r\n        <span class=\"enlaces-titulo\"> Consulta P\u00fablica de l'Ordenan\u00e7a Municipal Reguladora de la Mobilitat Sostenible al terme municipal d'Elx <\/span> <span><a class=\"enlaces-link\" target='_blank'href=\"https:\/\/www.elche.es\/va\/2022\/10\/lajuntament-trau-a-consulta-publica-lordenanca-de-mobilitat-sostenible-que-regula-lus-dels-patinets\/ \">Veure enlla\u00e7<\/a><\/span>\r\n        <br>\r\n        <span class=\"enlaces-descripcion\">A proposta de la tinenta d'Alcalde de Mobilitat Sostenible, i de conformitat amb l'article 133 de la Llei 39\/2015, d'1 d'octubre, del Procediment Administratiu Com\u00fa de les Administracions P\u00fabliques, amb data 14 d'octubre de 2022 s'aprova per la Junta de Govern Local el sotmetiment a Consulta P\u00fablica de l'Ordenan\u00e7a Municipal reguladora de la Mobilitat Sostenible, per la qual cosa es procedeix a la inserci\u00f3 en la p\u00e0gina web de l'Excm. Ajuntament d'Elx del text de l'esmentada ordenan\u00e7a perqu\u00e8 en el termini de 20 dies h\u00e0bils (del 17 octubre al 14 novembre 2022) s'efectuen els suggeriments que es consideren pertinents, a trav\u00e9s d'inst\u00e0ncia general presentada a l'OMAC o en la seu electr\u00f2nica.<\/span>\r\n        <\/p>\r\n        <hr class=\"enlaces-separador\">\r\n        \r\n        <p>\r\n        <span class=\"enlaces-titulo\"> Q\u00fcestionari participaci\u00f3 p\u00fablica estudi de paisatge del pla especial de proteccion del palmerar d'elx (proc\u00e9s finalitzat) <\/span> <span><a class=\"enlaces-link\" target='_blank'href=\"https:\/\/www.elche.es\/va\/urbanisme\/questionari-participacio-publica-finalitzat\/ \">Veure enlla\u00e7<\/a><\/span>\r\n        <br>\r\n        <span class=\"enlaces-descripcion\">Valoraci\u00f3 d'unitats de paisatge i valoraci\u00f3 de recursos paisatg\u00edstics<\/span>\r\n        <\/p>\r\n        <hr class=\"enlaces-separador\">\r\n        \r\n        <p>\r\n        <span class=\"enlaces-titulo\"> Volutariat pel valenci\u00e0 <\/span> <span><a class=\"enlaces-link\" href=\"https:\/\/www.elche.es\/va\/aviva-elx\/voluntariat\/el-voluntariat-pel-valencia-a-elx\/ \">Veure enlla\u00e7<\/a><\/span>\r\n        <br>\r\n        <span class=\"enlaces-descripcion\">Proc\u00e9s participatiu de posada en com\u00fa de persones que volen iniciar-se en el coneixement i la pr\u00e0ctica del valenci\u00e0.<\/span>\r\n        <\/p>\r\n        <hr class=\"enlaces-separador\">\r\n        \r\n        <p>\r\n        <span class=\"enlaces-titulo\"> Pla Integral de Joventut <\/span> <span><a class=\"enlaces-link\" href=\"http:\/\/elche.citizink.com\/ \">Veure enlla\u00e7<\/a><\/span>\r\n        <br>\r\n        <span class=\"enlaces-descripcion\">Invitaci\u00f3 a participar en el disseny del Pla Integral de Joventut. Regidoria de Joventut. (proc\u00e9s finalitzat). Resultats disponibles.<\/span>\r\n        <\/p>\r\n        <hr class=\"enlaces-separador\">\r\n        \r\n        <p>\r\n        <span class=\"enlaces-titulo\"> Participaci\u00f3 ciutadana en els Plens <\/span> <span><a class=\"enlaces-link\" href=\"https:\/\/www.elche.es\/va\/participacio-ciutadana\/participacio-ciudatana-en-els-plens\/ \">Veure enlla\u00e7<\/a><\/span>\r\n        <br>\r\n        <span class=\"enlaces-descripcion\">Informaci\u00f3 relacionada amb la intervenci\u00f3 en el Ple municipal formulant una pregunta o un prec.<\/span>\r\n        <\/p>\r\n        <hr class=\"enlaces-separador\">\r\n        \r\n        <p>\r\n        <span class=\"enlaces-titulo\"> B\u00fastia de la ciutadania <\/span> <span><a class=\"enlaces-link\" href=\"https:\/\/www.elche.es\/va\/oficina-municipal-datencio-ciutadana-omac\/bustia-de-la-ciutadania\/ \">Veure enlla\u00e7<\/a><\/span>\r\n        <br>\r\n        <span class=\"enlaces-descripcion\"><\/span>\r\n        <\/p>\r\n        <hr class=\"enlaces-separador\">\r\n        \r\n        <p>\r\n        <span class=\"enlaces-titulo\"> Projecte de Ciutats Amigables amb les Persones Majors <\/span> <span><a class=\"enlaces-link\" href=\"https:\/\/www.elche.es\/va\/majors\/ciutats-amigables\/ \">Veure enlla\u00e7<\/a><\/span>\r\n        <br>\r\n        <span class=\"enlaces-descripcion\">Proc\u00e9s participatiu corresponent als Grups Focals duts a terme l'any 2021<\/span>\r\n        <\/p>\r\n        <hr class=\"enlaces-separador\">\r\n        \r\n        <p>\r\n        <span class=\"enlaces-titulo\"> Pla de Mobilitat Urbana Sostenible del Municipi d'Elx - PMUS <\/span> <span><a class=\"enlaces-link\" href=\"https:\/\/www.elche.es\/va\/mobilitat\/movilitat-sostenible\/ \">Veure enlla\u00e7<\/a><\/span>\r\n        <br>\r\n        <span class=\"enlaces-descripcion\">La Regidoria de Mobilitat Urbana de l'Ajuntament d'Elx, est\u00e0 actualitzant el Pla de Mobilitat Urbana Sostenible (PMUS).<\/span>\r\n        <\/p>\r\n        <hr class=\"enlaces-separador\">\r\n        [\/vc_column][\/vc_row][vc_row][vc_column][vc_column_text]<span class=\"enlaces-titulo\"><strong>Consulta ve\u00efnal de representants a les pedanies<\/strong> (proc\u00e9s finalitzat)\u00a0<\/span><br \/>\n<span class=\"enlaces-descripcion\">Proc\u00e9s d&#8217;elecci\u00f3 democr\u00e0tica dels pedanis del municipi posat en marxa per l&#8217;Ajuntament d&#8217;Elx.<\/span><\/p>\n<hr class=\"enlaces-separador\" \/>\n<p>[\/vc_column_text][\/vc_column][\/vc_row][vc_row][vc_column][vc_column_text]<span class=\"enlaces-descripcion\"><strong>Consulta pr\u00e8via del projecte de reglament de gesti\u00f3 de borses de treball de la instituci\u00f3 local<\/strong> (proc\u00e9s finalitzat).<br \/>\nUn reglament que pret\u00e9n modernitzar la gesti\u00f3 d&#8217;aquestes per a fer-les m\u00e9s accessibles i transparents per a tota la ciutadania.<br \/>\nHi ha hagut un per\u00edode de consulta pr\u00e8via perqu\u00e8 tota la ciutadania realitzara les contribucions necess\u00e0ries, sobre la base de l&#8217;article 133 de la Llei 39\/2015, d&#8217;1 d&#8217;octubre, del Procediment Administratiu Com\u00fa de les Administracions P\u00fabliques, a fi d&#8217;incorporar millores a la futura normativa.<br \/>\nLa manera de participaci\u00f3 ha sigut a trav\u00e9s de la seu electr\u00f2nica, el termini de participaci\u00f3 ha sigut des del 4 fins al 25 de febrer de 2022 i han sigut dos el nombre de suggeriments rebuts per part de la ciutadania. <a href=\"https:\/\/www.elche.es\/va\/2022\/02\/lajuntament-sotmet-a-consulta-previa-el-projecte-de-reglament-de-gestio-de-borses-de-treball\/\" target=\"_blank\" rel=\"noopener\">+ info<\/a><\/span><\/p>\n<hr class=\"enlaces-separador\" \/>\n<p>[\/vc_column_text][\/vc_column][\/vc_row]<\/p>\n<\/div>","protected":false},"excerpt":{"rendered":"<p>[vc_row full_width=&#8221;stretch_row&#8221; css=&#8221;.vc_custom_1654840425908{background-image: url(https:\/\/www.elche.es\/wp-content\/uploads\/2017\/02\/micro2.jpg?id=13135) !important;background-position: center !important;background-repeat: no-repeat !important;background-size: cover !important;}&#8221; el_class=&#8221;slidersecciones&#8221;][vc_column][vc_custom_heading text=&#8221;PROCESSOS PARTICIPATIUS&#8221; font_container=&#8221;tag:h2|text_align:center|color:%23ffffff&#8221; google_fonts=&#8221;font_family:Ubuntu%3A300%2C300italic%2Cregular%2Citalic%2C500%2C500italic%2C700%2C700italic|font_style:700%20bold%20regular%3A700%3Anormal&#8221; css=&#8221;.vc_custom_1654840438534{padding-top: 80px !important;}&#8221; el_class=&#8221;sombraTitulo cabeceramovil&#8221;][\/vc_column][\/vc_row][vc_row full_width=&#8221;stretch_row&#8221; css=&#8221;.vc_custom_1475484188729{background-color: #dddde0 !important;}&#8221;][vc_column][vc_column_text][\/vc_column_text][\/vc_column][\/vc_row][vc_row][vc_column][vc_column_text]A continuaci\u00f3 es mostren els diferents [&hellip;]<\/p>\n","protected":false},"author":20,"featured_media":0,"parent":6880,"menu_order":0,"comment_status":"closed","ping_status":"closed","template":"","meta":{"footnotes":""},"class_list":["post-13171","page","type-page","status-publish","hentry"],"_links":{"self":[{"href":"https:\/\/www.elche.es\/va\/wp-json\/wp\/v2\/pages\/13171","targetHints":{"allow":["GET"]}}],"collection":[{"href":"https:\/\/www.elche.es\/va\/wp-json\/wp\/v2\/pages"}],"about":[{"href":"https:\/\/www.elche.es\/va\/wp-json\/wp\/v2\/types\/page"}],"author":[{"embeddable":true,"href":"https:\/\/www.elche.es\/va\/wp-json\/wp\/v2\/users\/20"}],"replies":[{"embeddable":true,"href":"https:\/\/www.elche.es\/va\/wp-json\/wp\/v2\/comments?post=13171"}],"version-history":[{"count":3,"href":"https:\/\/www.elche.es\/va\/wp-json\/wp\/v2\/pages\/13171\/revisions"}],"predecessor-version":[{"id":336118,"href":"https:\/\/www.elche.es\/va\/wp-json\/wp\/v2\/pages\/13171\/revisions\/336118"}],"up":[{"embeddable":true,"href":"https:\/\/www.elche.es\/va\/wp-json\/wp\/v2\/pages\/6880"}],"wp:attachment":[{"href":"https:\/\/www.elche.es\/va\/wp-json\/wp\/v2\/media?parent=13171"}],"curies":[{"name":"wp","href":"https:\/\/api.w.org\/{rel}","templated":true}]}}