{"id":13385,"date":"2017-02-07T08:56:46","date_gmt":"2017-02-07T07:56:46","guid":{"rendered":"http:\/\/www.elche.es\/va\/?page_id=13385"},"modified":"2019-11-13T12:50:36","modified_gmt":"2019-11-13T11:50:36","slug":"pressupost-participatiu-2017","status":"publish","type":"page","link":"https:\/\/www.elche.es\/va\/participacio-ciutadana\/pressupost-participatiu\/pressupost-participatiu-2017\/","title":{"rendered":"Pressupost Participatiu 2017"},"content":{"rendered":"<div class=\"wpb-content-wrapper\"><p>[vc_row full_width=&#8221;stretch_row&#8221; css=&#8221;.vc_custom_1496315485075{padding-top: 120px !important;padding-right: 120px !important;padding-bottom: 270px !important;padding-left: 120px !important;background-image: url(https:\/\/www.elche.es\/wp-content\/uploads\/2016\/10\/baner-trazado-otro-1.jpg?id=25247) !important;background-position: center !important;background-repeat: no-repeat !important;background-size: cover !important;}&#8221;][vc_column][vc_custom_heading text=&#8221;Pressupost Participatiu 2017&#8243; font_container=&#8221;tag:h2|text_align:center|color:%23ffffff&#8221; google_fonts=&#8221;font_family:Ubuntu%3A300%2C300italic%2Cregular%2Citalic%2C500%2C500italic%2C700%2C700italic|font_style:700%20bold%20regular%3A700%3Anormal&#8221; css=&#8221;.vc_custom_1496315495335{padding-top: 80px !important;}&#8221; el_class=&#8221;sombraTitulo&#8221;][\/vc_column][\/vc_row][vc_row full_width=&#8221;stretch_row&#8221; css=&#8221;.vc_custom_1475484188729{background-color: #dddde0 !important;}&#8221;][vc_column][vc_column_text]<nav aria-label=\"breadcrumbs\">\n            <div class=\"breadcrumb-container theme1\">\n                <ol>\n                                    <\/ol>\n            <\/div>\n        <\/nav>    <script type=\"application\/ld+json\">\n        {\n            \"@context\": \"http:\/\/schema.org\",\n            \"@type\": \"BreadcrumbList\",\n            \"itemListElement\": [\n                            ]\n        }\n    <\/script>\n    <style type=\"text\/css\">\n        .breadcrumb-container {\n            font-size: 13px;\n        }\n\n        .breadcrumb-container ul {\n            margin: 0;\n            padding: 0;\n        }\n\n        .breadcrumb-container li {\n            box-sizing: unset;\n            display: inline-block;\n            margin: 0;\n            padding: 0;\n        }\n\n        .breadcrumb-container li a {\n            box-sizing: unset;\n            padding: 0 10px;\n        }\n\n        .breadcrumb-container {\n            font-size: 3 !important;\n                    }\n\n        .breadcrumb-container li a {\n            color: #0a0a0a !important;\n            font-size: 3 !important;\n            line-height: 3 !important;\n                    }\n\n        .breadcrumb-container li .separator {\n            font-size: 3 !important;\n                    }\n\n        .breadcrumb-container li:last-child .separator {\n            display: none;\n        }\n    <\/style>\n    <style type=\"text\/css\">\n        .breadcrumb-container.theme1 li {\n            margin: 0;\n            padding: 0;\n        }\n        .breadcrumb-container.theme1 a {\n            background: ;\n            display: inline-block;\n            margin: 0 5px;\n            padding: 5px 10px;\n            text-decoration: none;\n        }\n    <\/style>\n        <style type=\"text\/css\">\n            <\/style>\n    <script>\n            <\/script>\n[\/vc_column_text][\/vc_column][\/vc_row][vc_row][vc_column]<h3 class=\"sc_title sc_title_regular margin_top_tiny\">Pressupost Participatiu: Proc\u00e9s Participatiu de 2017<\/h3><figure class=\"sc_image  sc_image_shape_square\"><img decoding=\"async\" src=\"https:\/\/www.elche.es\/wp-content\/uploads\/2017\/02\/Proces-2017.pptx.jpg\" alt=\"\" \/><\/figure><h3 class=\"sc_title sc_title_regular margin_top_tiny\">Dades sobre les propostes presentades el 2017<\/h3>[vc_empty_space][vc_raw_html]JTNDZGl2JTIwY2xhc3MlM0QlMjJpbmZvZ3JhbS1lbWJlZCUyMiUyMGRhdGEtaWQlM0QlMjJjb3B5X3ByZXNzdXBvc3RfcGFydGljaXBhdGl1JTIyJTIwZGF0YS10eXBlJTNEJTIyaW50ZXJhY3RpdmUlMjIlMjBkYXRhLXRpdGxlJTNEJTIyUFJFU1NVUE9TVCUyMFBBUlRJQ0lQQVRJVSUyMDIwMTclM0ElMjBEYWRlcyUyMFByZXNlbnRhY2klQzMlQjMlMjBkZSUyMFByb3Bvc3RlcyUyMiUzRSUzQyUyRmRpdiUzRSUzQ3NjcmlwdCUzRSUyMWZ1bmN0aW9uJTI4ZSUyQ3QlMkNzJTJDaSUyOSU3QnZhciUyMG4lM0QlMjJJbmZvZ3JhbUVtYmVkcyUyMiUyQ28lM0RlLmdldEVsZW1lbnRzQnlUYWdOYW1lJTI4JTIyc2NyaXB0JTIyJTI5JTJDZCUzRG8lNUIwJTVEJTJDciUzRCUyRiU1RWh0dHAlM0ElMkYudGVzdCUyOGUubG9jYXRpb24lMjklM0YlMjJodHRwJTNBJTIyJTNBJTIyaHR0cHMlM0ElMjIlM0JpZiUyOCUyRiU1RSU1QyUyRiU3QjIlN0QlMkYudGVzdCUyOGklMjklMjYlMjYlMjhpJTNEciUyQmklMjklMkN3aW5kb3clNUJuJTVEJTI2JTI2d2luZG93JTVCbiU1RC5pbml0aWFsaXplZCUyOXdpbmRvdyU1Qm4lNUQucHJvY2VzcyUyNiUyNndpbmRvdyU1Qm4lNUQucHJvY2VzcyUyOCUyOSUzQmVsc2UlMjBpZiUyOCUyMWUuZ2V0RWxlbWVudEJ5SWQlMjhzJTI5JTI5JTdCdmFyJTIwYSUzRGUuY3JlYXRlRWxlbWVudCUyOCUyMnNjcmlwdCUyMiUyOSUzQmEuYXN5bmMlM0QxJTJDYS5pZCUzRHMlMkNhLnNyYyUzRGklMkNkLnBhcmVudE5vZGUuaW5zZXJ0QmVmb3JlJTI4YSUyQ2QlMjklN0QlN0QlMjhkb2N1bWVudCUyQzAlMkMlMjJpbmZvZ3JhbS1hc3luYyUyMiUyQyUyMiUyRiUyRmUuaW5mb2dyLmFtJTJGanMlMkZkaXN0JTJGZW1iZWQtbG9hZGVyLW1pbi5qcyUyMiUyOSUzQiUzQyUyRnNjcmlwdCUzRSUzQ2RpdiUyMHN0eWxlJTNEJTIycGFkZGluZyUzQThweCUyMDAlM0Jmb250LWZhbWlseSUzQUFyaWFsJTIxaW1wb3J0YW50JTNCZm9udC1zaXplJTNBMTNweCUyMWltcG9ydGFudCUzQmxpbmUtaGVpZ2h0JTNBMTVweCUyMWltcG9ydGFudCUzQnRleHQtYWxpZ24lM0FjZW50ZXIlM0Jib3JkZXItdG9wJTNBMXB4JTIwc29saWQlMjAlMjNkYWRhZGElM0JtYXJnaW4lM0EwJTIwMzBweCUyMiUzRSUzQ2ElMjBocmVmJTNEJTIyaHR0cHMlM0ElMkYlMkZpbmZvZ3IuYW0lMkZjb3B5X3ByZXNzdXBvc3RfcGFydGljaXBhdGl1JTIyJTIwc3R5bGUlM0QlMjJjb2xvciUzQSUyMzk4OTg5OCUyMWltcG9ydGFudCUzQnRleHQtZGVjb3JhdGlvbiUzQW5vbmUlMjFpbXBvcnRhbnQlM0IlMjIlMjB0YXJnZXQlM0QlMjJfYmxhbmslMjIlMjByZWwlM0QlMjJub2ZvbGxvdyUyMiUzRVBSRVNTVVBPU1QlMjBQQVJUSUNJUEFUSVUlMjAyMDE3JTNBJTIwRGFkZXMlMjBQcmVzZW50YWNpJUMzJUIzJTIwZGUlMjBQcm9wb3N0ZXMlM0MlMkZhJTNFJTNDYnIlM0UlM0NhJTIwaHJlZiUzRCUyMmh0dHBzJTNBJTJGJTJGaW5mb2dyLmFtJTJGY3JlYXRlJTJGcGllLWNoYXJ0JTNGdXRtX3NvdXJjZSUzRGVtYmVkX2JvdHRvbSUyNnV0bV9tZWRpdW0lM0RzZW8lMjZ1dG1fY2FtcGFpZ24lM0RwaWVfY2hhcnQlMjIlMjBzdHlsZSUzRCUyMmNvbG9yJTNBJTIzOTg5ODk4JTIxaW1wb3J0YW50JTNCdGV4dC1kZWNvcmF0aW9uJTNBbm9uZSUyMWltcG9ydGFudCUzQiUyMiUyMHRhcmdldCUzRCUyMl9ibGFuayUyMiUyMHJlbCUzRCUyMm5vZm9sbG93JTIyJTNFQ3JlYXRlJTIwcGllJTIwY2hhcnRzJTNDJTJGYSUzRSUzQyUyRmRpdiUzRQ==[\/vc_raw_html][vc_empty_space][vc_raw_html]JTBBJTNDZGl2JTIwY2xhc3MlM0QlMjJpbmZvZ3JhbS1lbWJlZCUyMiUyMGRhdGEtaWQlM0QlMjJiNGE3ODZiMS0yNTIxLTQxNTYtYjRjZi0zNWVkOGE2NTgxZGIlMjIlMjBkYXRhLXR5cGUlM0QlMjJpbnRlcmFjdGl2ZSUyMiUyMGRhdGEtdGl0bGUlM0QlMjJWb3RhY2lvbnMlMjAyMDE3JTIwUHJlc3N1cG9zdCUyMFBhcnRpY2lwYXRpdSUyMiUzRSUzQyUyRmRpdiUzRSUzQ3NjcmlwdCUzRSUyMWZ1bmN0aW9uJTI4ZSUyQ3QlMkNzJTJDaSUyOSU3QnZhciUyMG4lM0QlMjJJbmZvZ3JhbUVtYmVkcyUyMiUyQ28lM0RlLmdldEVsZW1lbnRzQnlUYWdOYW1lJTI4JTIyc2NyaXB0JTIyJTI5JTJDZCUzRG8lNUIwJTVEJTJDciUzRCUyRiU1RWh0dHAlM0ElMkYudGVzdCUyOGUubG9jYXRpb24lMjklM0YlMjJodHRwJTNBJTIyJTNBJTIyaHR0cHMlM0ElMjIlM0JpZiUyOCUyRiU1RSU1QyUyRiU3QjIlN0QlMkYudGVzdCUyOGklMjklMjYlMjYlMjhpJTNEciUyQmklMjklMkN3aW5kb3clNUJuJTVEJTI2JTI2d2luZG93JTVCbiU1RC5pbml0aWFsaXplZCUyOXdpbmRvdyU1Qm4lNUQucHJvY2VzcyUyNiUyNndpbmRvdyU1Qm4lNUQucHJvY2VzcyUyOCUyOSUzQmVsc2UlMjBpZiUyOCUyMWUuZ2V0RWxlbWVudEJ5SWQlMjhzJTI5JTI5JTdCdmFyJTIwYSUzRGUuY3JlYXRlRWxlbWVudCUyOCUyMnNjcmlwdCUyMiUyOSUzQmEuYXN5bmMlM0QxJTJDYS5pZCUzRHMlMkNhLnNyYyUzRGklMkNkLnBhcmVudE5vZGUuaW5zZXJ0QmVmb3JlJTI4YSUyQ2QlMjklN0QlN0QlMjhkb2N1bWVudCUyQzAlMkMlMjJpbmZvZ3JhbS1hc3luYyUyMiUyQyUyMmh0dHBzJTNBJTJGJTJGZS5pbmZvZ3JhbS5jb20lMkZqcyUyRmRpc3QlMkZlbWJlZC1sb2FkZXItbWluLmpzJTIyJTI5JTNCJTNDJTJGc2NyaXB0JTNF[\/vc_raw_html][vc_empty_space][vc_column_text css_animation=&#8221;right-to-left&#8221;]Accedeix a les propostes presentades i al llistat de propostes viables i no viables en els seg\u00fcents enlla\u00e7os:[\/vc_column_text][vc_empty_space]\r\n        <p>\r\n        <span class=\"enlaces-titulo\"> Propostes Presentades 2017 <\/span> <span><a class=\"enlaces-link\" href=\"https:\/\/www.elche.es\/va\/participacio-ciutadana\/pressupost-participatiu\/pressupost-participatiu-2017\/propuestas-presentadas-al-pressupost-participatiu-2017\/ \">Veure enlla\u00e7<\/a><\/span>\r\n        <br>\r\n        <span class=\"enlaces-descripcion\"><\/span>\r\n        <\/p>\r\n        <hr class=\"enlaces-separador\">\r\n        \r\n        <p>\r\n        <span class=\"enlaces-titulo\"> Propostes Viables i No Viables Pressupost Participatiu 2017 <\/span> <span><a class=\"enlaces-link\" href=\"https:\/\/www.elche.es\/va\/participacio-ciutadana\/pressupost-participatiu\/pressupost-participatiu-2017\/propuestas-viables-pressupost-participatiu-2017\/ \">Veure enlla\u00e7<\/a><\/span>\r\n        <br>\r\n        <span class=\"enlaces-descripcion\"><\/span>\r\n        <\/p>\r\n        <hr class=\"enlaces-separador\">\r\n        \r\n        <p>\r\n        <span class=\"enlaces-titulo\"> Propostes Triades Pressupost Participatiu 2017 <\/span> <span><a class=\"enlaces-link\" href=\"https:\/\/www.elche.es\/wp-content\/uploads\/2019\/11\/Propuestas-2017_.pdf \">Veure enlla\u00e7<\/a><\/span>\r\n        <br>\r\n        <span class=\"enlaces-descripcion\"><\/span>\r\n        <\/p>\r\n        <hr class=\"enlaces-separador\">\r\n        \r\n        <p>\r\n        <span class=\"enlaces-titulo\"> Dades obertes pressupost participatiu 2017 <\/span> <span><a class=\"enlaces-link\" href=\"https:\/\/www.elche.es\/wp-content\/uploads\/2018\/03\/2018-DATOS-ABIERTOS-1.xls \">Veure enlla\u00e7<\/a><\/span>\r\n        <br>\r\n        <span class=\"enlaces-descripcion\"><\/span>\r\n        <\/p>\r\n        <hr class=\"enlaces-separador\">\r\n        [vc_empty_space]<h3 class=\"sc_title sc_title_regular margin_top_tiny\">Millores en el proc\u00e9s de 2017 del Pressupost Participatiu<\/h3>[vc_column_text css_animation=&#8221;right-to-left&#8221;]L&#8217;Equip de la Regidoria de Participaci\u00f3, gr\u00e0cies a les aportacions al llarg de tot el proc\u00e9s, tant en les diverses reunions, com amb els q\u00fcestionaris enviats, les diferents jornades participatives o la jornada d&#8217;avaluaci\u00f3 que va tenir lloc el 28 gener 2017 , ha pogut obtenir una visi\u00f3 global de les diferents fases del Pressupost Participatiu. \u00c9s una visi\u00f3 compartida i diversa emanada des dels ve\u00efns i ve\u00efnes, el teixit associatiu, els pedanis i ped\u00e0nies, els t\u00e8cnics municipals i els membres del govern municipal.<\/p>\n<p>A partir de totes aquestes aportacions, des de la Regidoria de Participaci\u00f3 hem pogut fer una nova guia que busca la millora i simplificaci\u00f3 d&#8217;alguns aspectes del proc\u00e9s de cara a la nova edici\u00f3 de 2017.<\/p>\n<p>Pots descarregar el document complet en els enlla\u00e7os que es mostren a continuaci\u00f3.<\/p>\n<p>[\/vc_column_text][vc_empty_space]\r\n        <p>\r\n        <span class=\"enlaces-titulo\"> Guia en Valenci\u00e0 <\/span> <span><a class=\"enlaces-link\" href=\"https:\/\/www.elche.es\/wp-content\/uploads\/2017\/03\/Gu\u00eda-Pressupost-Participatiu-2017-CAS.pdf \">Veure enlla\u00e7<\/a><\/span>\r\n        <br>\r\n        <span class=\"enlaces-descripcion\"><\/span>\r\n        <\/p>\r\n        <hr class=\"enlaces-separador\">\r\n        [\/vc_column][\/vc_row][vc_row][vc_column][vc_empty_space][vc_column_text css_animation=&#8221;right-to-left&#8221;]<strong>Normes del Pressupost Participatiu<\/strong>: el document explicatiu del proc\u00e9s de 2017 s&#8217;ha organitzat cronol\u00f2gicament per millorar la seua comprensi\u00f3.<\/p>\n<p><strong>Zones del Pressupost Participatiu<\/strong>: com a novetat, es proposa traslladar el barri d&#8217;Els Palmerars de la zona 6 (Altabix, Ciutat Esportiva i Universit\u00e0ria, la Llotja, Ciutat Jard\u00ed, Sant Antoni, Travalon, Camp de Futbol) a la zona 7 (Ports Encarnades , la Tripa, el Raval de Sant Joan, el Salvador, la Vila, Pataes, Barrera, les Cases d&#8217;Ferr\u00e1ndez), per a garantir una distribuci\u00f3 territorial m\u00e9s justa i solid\u00e0ria.<\/p>\n<p>El <strong>termini de presentaci\u00f3<\/strong> de propostes s&#8217;ha <strong>ampliat<\/strong> dotze dies en resposta a la petici\u00f3 de la ciutadania.<\/p>\n<p>Aix\u00ed mateix, s&#8217;ha establert un <strong>nou sistema per optimitzar la feina dels \/ les t\u00e8cnics \/ ques municipals<\/strong>, per a evitar retards en el lliurament dels informes.<\/p>\n<p>L&#8217;Assemblea de Presentaci\u00f3 de propostes s&#8217;ha suprimit per a no perjudicar aquelles persones que no pugan acudir a presentar la seua proposta en la data assenyalada. &#8220;<strong>Les propostes es faran p\u00fabliques agrupades per zones i classificades segons la seua viabilitat<\/strong>. Els proponents podran presentar al\u00b7legacions a aquelles de les seues propostes que no hagen resultat viables durant el per\u00edode de temps que estableix la Regidoria de Participaci\u00f3 &#8220;.<\/p>\n<p>Amb l&#8217;objecte de simplificar el proc\u00e9s, evitar l&#8217;exc\u00e9s de reunions i ampliar la participaci\u00f3 en la valoraci\u00f3 de propostes a tota la ciutadania, en lloc de les tres comissions del proc\u00e9s anterior: comissi\u00f3 de autoreglament, valoraci\u00f3 i seguiment,<strong> la Regidoria de Participaci\u00f3 recollir\u00e0 totes les aportacions ciutadanes per a introduir en cada proc\u00e9s les millores pertinents mitjan\u00e7ant una proposta p\u00fablica de guia de funcionament del proc\u00e9s, incorporar\u00e0 la valoraci\u00f3 de t\u00e8cnics municipals per a prioritzara les propostesen base a uns criteris de solidaritat i just\u00edcia distributiva, i far\u00e0 p\u00fablic i accessible a qualsevol persona interessada l&#8217;estat d&#8217;execuci\u00f3 de les propostes<\/strong>.<\/p>\n<p><strong>Pel que fa a l&#8217;Assemblea Oberta per a l&#8217;Elaboraci\u00f3 de Llistat Acordat de Propostes, les associacions ve\u00efnals de cada zona en qu\u00e8 es divideix el Pressupost Participatiu seran les responsables de la seua coordinaci\u00f3<\/strong>. Es pot aprovar en aquesta assemblea un llistat acordat i tancat de propostes entre tots els assistents a la mateixa. El llistat acordat s&#8217;ha d&#8217;ajustar als mateixos criteris que s&#8217;estableixen per a la votaci\u00f3. Tant les Associacions Ve\u00efnals, com els col\u00b7lectius de la ciutadania, podran organitzar els actes que consideren oportuns per tal d&#8217;aconseguir la m\u00e0xima difusi\u00f3 i coneixement de les propostes presentades a cada zona, i generar espais de debat i reflexi\u00f3 conjunta.<\/p>\n<p>Finalment, s&#8217;ha simplificat el sistema de votaci\u00f3, reduint les limitacions per a la selecci\u00f3 de propostes: <strong>caldr\u00e0 triar un m\u00ednim de 6 propostes<\/strong>, i aquestes hauran d&#8217;anar numerades per ordre de prefer\u00e8ncia, amb l&#8217;objectiu de promoure la solidaritat i diversitat en les propostes. La llista final de propostes de cada zona es realitzar\u00e0 sumant la puntuaci\u00f3 obtinguda en la votaci\u00f3 ciutadana i els punts atorgats a les valoracions t\u00e9cniques.[\/vc_column_text][\/vc_column][\/vc_row][vc_row][vc_column][vc_empty_space][\/vc_column][\/vc_row][vc_row][vc_column][\/vc_column][\/vc_row]<\/p>\n<\/div>","protected":false},"excerpt":{"rendered":"<p>[vc_row full_width=&#8221;stretch_row&#8221; css=&#8221;.vc_custom_1496315485075{padding-top: 120px !important;padding-right: 120px !important;padding-bottom: 270px !important;padding-left: 120px !important;background-image: url(https:\/\/www.elche.es\/wp-content\/uploads\/2016\/10\/baner-trazado-otro-1.jpg?id=25247) !important;background-position: center !important;background-repeat: no-repeat !important;background-size: cover !important;}&#8221;][vc_column][vc_custom_heading text=&#8221;Pressupost Participatiu 2017&#8243; font_container=&#8221;tag:h2|text_align:center|color:%23ffffff&#8221; google_fonts=&#8221;font_family:Ubuntu%3A300%2C300italic%2Cregular%2Citalic%2C500%2C500italic%2C700%2C700italic|font_style:700%20bold%20regular%3A700%3Anormal&#8221; css=&#8221;.vc_custom_1496315495335{padding-top: 80px !important;}&#8221; el_class=&#8221;sombraTitulo&#8221;][\/vc_column][\/vc_row][vc_row full_width=&#8221;stretch_row&#8221; css=&#8221;.vc_custom_1475484188729{background-color: [&hellip;]<\/p>\n","protected":false},"author":20,"featured_media":0,"parent":6928,"menu_order":0,"comment_status":"closed","ping_status":"closed","template":"","meta":{"footnotes":""},"class_list":["post-13385","page","type-page","status-publish","hentry"],"_links":{"self":[{"href":"https:\/\/www.elche.es\/va\/wp-json\/wp\/v2\/pages\/13385","targetHints":{"allow":["GET"]}}],"collection":[{"href":"https:\/\/www.elche.es\/va\/wp-json\/wp\/v2\/pages"}],"about":[{"href":"https:\/\/www.elche.es\/va\/wp-json\/wp\/v2\/types\/page"}],"author":[{"embeddable":true,"href":"https:\/\/www.elche.es\/va\/wp-json\/wp\/v2\/users\/20"}],"replies":[{"embeddable":true,"href":"https:\/\/www.elche.es\/va\/wp-json\/wp\/v2\/comments?post=13385"}],"version-history":[{"count":0,"href":"https:\/\/www.elche.es\/va\/wp-json\/wp\/v2\/pages\/13385\/revisions"}],"up":[{"embeddable":true,"href":"https:\/\/www.elche.es\/va\/wp-json\/wp\/v2\/pages\/6928"}],"wp:attachment":[{"href":"https:\/\/www.elche.es\/va\/wp-json\/wp\/v2\/media?parent=13385"}],"curies":[{"name":"wp","href":"https:\/\/api.w.org\/{rel}","templated":true}]}}