{"id":140166,"date":"2021-03-29T09:10:47","date_gmt":"2021-03-29T08:10:47","guid":{"rendered":"https:\/\/www.elche.es\/?page_id=140166"},"modified":"2025-02-19T12:28:30","modified_gmt":"2025-02-19T10:28:30","slug":"cerimonies-civils","status":"publish","type":"page","link":"https:\/\/www.elche.es\/va\/cerimonies-civils\/","title":{"rendered":"CERIM\u00d2NIES CIVILS"},"content":{"rendered":"<div class=\"wpb-content-wrapper\"><p>[vc_row full_width=&#8221;stretch_row&#8221; css=&#8221;.vc_custom_1614937241454{padding-top: 40px !important;padding-right: 40px !important;padding-bottom: 40px !important;padding-left: 40px !important;background-image: url(https:\/\/www.elche.es\/wp-content\/uploads\/2021\/03\/slider-01.jpg?id=137772) !important;background-position: center !important;background-repeat: no-repeat !important;background-size: cover !important;}&#8221;][vc_column][vc_custom_heading text=&#8221;CERIM\u00d2NIES CIVILS&#8221; font_container=&#8221;tag:h2|text_align:center|color:%23ffffff&#8221; google_fonts=&#8221;font_family:Ubuntu%3A300%2C300italic%2Cregular%2Citalic%2C500%2C500italic%2C700%2C700italic|font_style:700%20bold%20regular%3A700%3Anormal&#8221; el_class=&#8221;sombraTitulo cabeceramovil novisible&#8221;][\/vc_column][\/vc_row][vc_row content_placement=&#8221;middle&#8221;][vc_column]<div class=\"templatera_shortcode\"><div id=\"bloque_menu_enlaces\" data-vc-full-width=\"true\" data-vc-full-width-init=\"false\" data-vc-stretch-content=\"true\" class=\"vc_row wpb_row vc_row-fluid bloque_menu_paginas bloquemnuestop abajoslider vc_custom_1631786392630 vc_row-has-fill vc_row-no-padding\"><div class=\"wpb_column vc_column_container vc_col-sm-12\"><div class=\"vc_column-inner\"><div class=\"wpb_wrapper\">\r\n        \r\n        <a class=\"menuVC\"  href=\"https:\/\/www.elche.es\/va\/tramits-de-les-cerimonies-civils\/\"> <span> Tr\u00e1mits <\/span><\/a>\r\n        \r\n        <a class=\"menuVC\"  href=\"https:\/\/www.elche.es\/va\/prereservas-cerimonies-civils\/\"> <span> Prereserva <\/span><\/a>\r\n        \r\n        <a class=\"menuVC\"  href=\"https:\/\/www.elche.es\/va\/normes-generals-cerimonies-civils\/\"> <span> Normes generals <\/span><\/a>\r\n        \r\n        <a class=\"menuVC\"  href=\"https:\/\/www.elche.es\/va\/cerimonies-civils-matrimonis-i-acolliments\/\"> <span> Cerim\u00f2nies <\/span><\/a><\/div><\/div><\/div><\/div><div class=\"vc_row-full-width vc_clearfix\"><\/div><\/div>[\/vc_column][\/vc_row][vc_row full_width=&#8221;stretch_row&#8221; content_placement=&#8221;middle&#8221; css=&#8221;.vc_custom_1645790167498{background-color: #dddcdf !important;}&#8221;][vc_column][vc_column_text]<nav aria-label=\"breadcrumbs\">\n            <div class=\"breadcrumb-container theme1\">\n                <ol>\n                                    <\/ol>\n            <\/div>\n        <\/nav>    <script type=\"application\/ld+json\">\n        {\n            \"@context\": \"http:\/\/schema.org\",\n            \"@type\": \"BreadcrumbList\",\n            \"itemListElement\": [\n                            ]\n        }\n    <\/script>\n    <style type=\"text\/css\">\n        .breadcrumb-container {\n            font-size: 13px;\n        }\n\n        .breadcrumb-container ul {\n            margin: 0;\n            padding: 0;\n        }\n\n        .breadcrumb-container li {\n            box-sizing: unset;\n            display: inline-block;\n            margin: 0;\n            padding: 0;\n        }\n\n        .breadcrumb-container li a {\n            box-sizing: unset;\n            padding: 0 10px;\n        }\n\n        .breadcrumb-container {\n            font-size: 3 !important;\n                    }\n\n        .breadcrumb-container li a {\n            color: #0a0a0a !important;\n            font-size: 3 !important;\n            line-height: 3 !important;\n                    }\n\n        .breadcrumb-container li .separator {\n            font-size: 3 !important;\n                    }\n\n        .breadcrumb-container li:last-child .separator {\n            display: none;\n        }\n    <\/style>\n    <style type=\"text\/css\">\n        .breadcrumb-container.theme1 li {\n            margin: 0;\n            padding: 0;\n        }\n        .breadcrumb-container.theme1 a {\n            background: ;\n            display: inline-block;\n            margin: 0 5px;\n            padding: 5px 10px;\n            text-decoration: none;\n        }\n    <\/style>\n        <style type=\"text\/css\">\n            <\/style>\n    <script>\n            <\/script>\n[\/vc_column_text][\/vc_column][\/vc_row][vc_row full_width=&#8221;stretch_row_content_no_spaces&#8221; content_placement=&#8221;middle&#8221; css=&#8221;.vc_custom_1645789323224{padding-top: 30px !important;background-color: #ffffff !important;}&#8221;][vc_column]<div class=\"sc_section aligncenter\"><div class=\"sc_section_inner\"><h1 class=\"sc_title sc_title_regular titulo-pagina margin_top_small\">Cerim\u00f2nies Civils<\/h1><div class=\"sc_content content_wrap\"><div class=\"columns_wrap sc_columns columns_nofluid sc_columns_count_2\"><div class=\"column-1_2 sc_column_item sc_column_item_1 odd first\">\n\t<div class=\"wpb_text_column wpb_content_element\" >\n\t\t<div class=\"wpb_wrapper\">\n\t\t\t<p style=\"text-align: center;\">Obert el calendari de <strong>Cerim\u00f2nies Civils<br \/>\n<\/strong>de l\u2019Ajuntament per al <strong>2026<\/strong><\/p>\n\n\t\t<\/div>\n\t<\/div>\n\n\t<div  class=\"wpb_single_image wpb_content_element vc_align_&#8221;center&#8221; wpb_content_element\">\n\t\t\n\t\t<figure class=\"wpb_wrapper vc_figure\">\n\t\t\t<div class=\"vc_single_image-wrapper   vc_box_border_grey\"><\/div>\n\t\t<\/figure>\n\t<\/div>\n<\/div><div class=\"column-1_2 sc_column_item sc_column_item_2 even\">\n\t<div class=\"wpb_text_column wpb_content_element\" >\n\t\t<div class=\"wpb_wrapper\">\n\t\t\t<p style=\"text-align: left;\">Des de l&#8217;Antiguitat, en totes les societats s&#8217;han celebrat de manera especial els esdeveniments socials m\u00e9s importants de la vida de les persones, entre els quals destaquen el naixement i l&#8217;aparellament en la vida adulta, que dona origen a una nova fam\u00edlia.<\/p>\n<p style=\"text-align: left;\">L&#8217;Ajuntament d&#8217;Elx, en el marc d&#8217;un Estat que es defineix aconfessional en la Constituci\u00f3 Espanyola, assumeix com un dels seus serveis als ciutadans la possibilitat de celebrar aquest tipus de cerim\u00f2nies civils, per als que aix\u00ed ho desitgen, des de la toler\u00e0ncia i el respecte, a les diferents creences, tradicions i cultures.<\/p>\n<p style=\"text-align: left;\">Transcorreguts 25 anys des que la Llei 35\/1994, de 23 de desembre, va estendre a tots els alcaldes la facultat d&#8217;autoritzar matrimonis, aquest Ajuntament ha impulsat l&#8217;aprovaci\u00f3 d&#8217;un Reglament que pret\u00e9n donar resposta a la demanda de la ciutadania, de celebraci\u00f3 dels diferents actes civils; no sols els matrimonis sin\u00f3 tamb\u00e9 els de benvinguda a la ciutadania del nounat.<\/p>\n<p style=\"text-align: left;\">El <a href=\"https:\/\/www.elche.es\/wp-content\/uploads\/2021\/04\/REGLAMENT-DE-CERIMONIES-CIVILS.pdf\" target=\"_blank\" rel=\"noopener noreferrer\">Projecte de Reglament Municipal de Cerim\u00f2nies Civils<\/a> es troba en per\u00edode de consulta p\u00fablica fins al 5 d&#8217;abril, perqu\u00e8 els ve\u00efns i les ve\u00efnes d&#8217;Elx puguen realitzar suggeriments i aportacions a aquest, a trav\u00e9s de la seu electr\u00f2nica.<\/p>\n\n\t\t<\/div>\n\t<\/div>\n<a href=\"https:\/\/www.elche.es\/wp-content\/uploads\/2021\/07\/20210702-Reglamento-de-Ceremonias-Civiles-del-Ayuntamiento-de-Elche.pdf\"><strong>Reglament de Cerim\u00f2nies Civils<\/strong><\/a><\/div><\/div>\n\t<div  class=\"wpb_single_image wpb_content_element vc_align_&#8221;center&#8221; wpb_content_element\">\n\t\t\n\t\t<figure class=\"wpb_wrapper vc_figure\">\n\t\t\t<div class=\"vc_single_image-wrapper   vc_box_border_grey\"><\/div>\n\t\t<\/figure>\n\t<\/div>\n<\/div>\n\t<div class=\"wpb_text_column wpb_content_element &#8221;h1titulo&#8221;\" >\n\t\t<div class=\"wpb_wrapper\">\n\t\t\t<h1 style=\"text-align: center;\"><span style=\"color: #00a997;\">Les cerim\u00f2nies civils a l&#8217;Ajuntament d&#8217;Elx<\/span><\/h1>\n<p style=\"text-align: center;\"><strong>Tindran lloc els dissabtes habilitats a aquest efecte a les<\/strong><br \/>\n<strong>10.00, 11.00, 12.00 i 13.00 hores<\/strong><\/p>\n<p style=\"text-align: center;\">o<\/p>\n<p style=\"text-align: center;\"><strong>18.00, 19.00, 20.00 i 21.00 hores<\/strong><br \/>\nal <strong>Sal\u00f3 de Plens de la Casa Consistorial<\/strong><\/p>\n<p style=\"text-align: center;\"><strong>\u00a0<\/strong><\/p>\n\n\t\t<\/div>\n\t<\/div>\n<\/div><\/div>[\/vc_column][\/vc_row][vc_row css=&#8221;.vc_custom_1611136988447{padding-top: 80px !important;background-color: #ffffff !important;}&#8221;][vc_column width=&#8221;1\/4&#8243;]<div id='modulo_datos_contacto'> <p class='titulo_datos_contacto'>Dades de contacte <\/p> <hr><p class=\"contactoArea\"> <i class=\"fa fa-map-marker\" aria-hidden=\"true\"><\/i>Plac\u0327a de Baix, 1 | 03202<\/p><p class=\"contactoArea\"><i class=\"fa fa-phone\" aria-hidden=\"true\"><\/i>Tel. 96 665 8030<\/p><p class=\"contactoArea\"><i class=\"fa fa-envelope\" aria-hidden=\"true\"><\/i><a href=\"mailto:ceremonias@elche.es\"> ceremonias@elche.es<\/a><\/p><div id='contacto-rrss'><\/div><\/div>[\/vc_column][vc_column width=&#8221;3\/4&#8243;][sbs_wpb_openstreetmap map_style=&#8221;OpenStreetMap.DE&#8221; external_link_openstreetmap=&#8221;&#8221; ctrl_mouse_zoom=&#8221;true&#8221; latitude=&#8221;38.265449124220694&#8243; longitude=&#8221;-0.6988956049089384&#8243;][sbs_wpb_marker marker_source=&#8221;coordinates&#8221; marker_color=&#8221;red&#8221; marker_latitude=&#8221;38.265449124220694&#8243; marker_longitude=&#8221;-0.6988956049089384&#8243;][\/sbs_wpb_marker][\/sbs_wpb_openstreetmap][\/vc_column][\/vc_row]<\/p>\n<\/div>","protected":false},"excerpt":{"rendered":"CERIM\u00d2NIES CIVILS Tr\u00e1mits Prereserva Normes generals Cerim\u00f2nies Cerim\u00f2nies Civils Obert el calendari de Cerim\u00f2nies Civils de l\u2019Ajuntament per al 2026 Des de l'Antiguitat, en totes les societats s'han celebrat de [...]","protected":false},"author":139,"featured_media":0,"parent":0,"menu_order":0,"comment_status":"closed","ping_status":"closed","template":"","meta":{"footnotes":""},"class_list":["post-140166","page","type-page","status-publish","hentry"],"_links":{"self":[{"href":"https:\/\/www.elche.es\/va\/wp-json\/wp\/v2\/pages\/140166","targetHints":{"allow":["GET"]}}],"collection":[{"href":"https:\/\/www.elche.es\/va\/wp-json\/wp\/v2\/pages"}],"about":[{"href":"https:\/\/www.elche.es\/va\/wp-json\/wp\/v2\/types\/page"}],"author":[{"embeddable":true,"href":"https:\/\/www.elche.es\/va\/wp-json\/wp\/v2\/users\/139"}],"replies":[{"embeddable":true,"href":"https:\/\/www.elche.es\/va\/wp-json\/wp\/v2\/comments?post=140166"}],"version-history":[{"count":5,"href":"https:\/\/www.elche.es\/va\/wp-json\/wp\/v2\/pages\/140166\/revisions"}],"predecessor-version":[{"id":326679,"href":"https:\/\/www.elche.es\/va\/wp-json\/wp\/v2\/pages\/140166\/revisions\/326679"}],"wp:attachment":[{"href":"https:\/\/www.elche.es\/va\/wp-json\/wp\/v2\/media?parent=140166"}],"curies":[{"name":"wp","href":"https:\/\/api.w.org\/{rel}","templated":true}]}}