{"id":140430,"date":"2021-03-29T09:10:08","date_gmt":"2021-03-29T08:10:08","guid":{"rendered":"https:\/\/www.elche.es\/?page_id=140430"},"modified":"2023-02-22T13:13:00","modified_gmt":"2023-02-22T12:13:00","slug":"tramits-de-les-cerimonies-civils","status":"publish","type":"page","link":"https:\/\/www.elche.es\/va\/cerimonies-civils\/tramits-de-les-cerimonies-civils\/","title":{"rendered":"Tr\u00e0mits de les cerim\u00f2nies civils"},"content":{"rendered":"<div class=\"wpb-content-wrapper\"><p>[vc_row full_width=&#8221;stretch_row&#8221; css=&#8221;.vc_custom_1612439031937{padding-top: 40px !important;padding-right: 40px !important;padding-bottom: 40px !important;padding-left: 40px !important;background-image: url(https:\/\/www.elche.es\/wp-content\/uploads\/2021\/02\/slider-tramites.jpg?id=134006) !important;background-position: center !important;background-repeat: no-repeat !important;background-size: cover !important;}&#8221;][vc_column][vc_custom_heading text=&#8221;TR\u00c0MITS CERIM\u00d2NIES CIVILS&#8221; font_container=&#8221;tag:h2|text_align:center|color:%23ffffff&#8221; google_fonts=&#8221;font_family:Ubuntu%3A300%2C300italic%2Cregular%2Citalic%2C500%2C500italic%2C700%2C700italic|font_style:700%20bold%20regular%3A700%3Anormal&#8221; el_class=&#8221;sombraTitulo cabeceramovil&#8221;][\/vc_column][\/vc_row][vc_row content_placement=&#8221;middle&#8221;][vc_column]<div class=\"templatera_shortcode\"><div id=\"bloque_menu_enlaces\" data-vc-full-width=\"true\" data-vc-full-width-init=\"false\" data-vc-stretch-content=\"true\" class=\"vc_row wpb_row vc_row-fluid bloque_menu_paginas bloquemnuestop abajoslider vc_custom_1631786392630 vc_row-has-fill vc_row-no-padding\"><div class=\"wpb_column vc_column_container vc_col-sm-12\"><div class=\"vc_column-inner\"><div class=\"wpb_wrapper\">\r\n        \r\n        <a class=\"menuVC\"  href=\"https:\/\/www.elche.es\/va\/tramits-de-les-cerimonies-civils\/\"> <span> Tr\u00e1mits <\/span><\/a>\r\n        \r\n        <a class=\"menuVC\"  href=\"https:\/\/www.elche.es\/va\/prereservas-cerimonies-civils\/\"> <span> Prereserva <\/span><\/a>\r\n        \r\n        <a class=\"menuVC\"  href=\"https:\/\/www.elche.es\/va\/normes-generals-cerimonies-civils\/\"> <span> Normes generals <\/span><\/a>\r\n        \r\n        <a class=\"menuVC\"  href=\"https:\/\/www.elche.es\/va\/cerimonies-civils-matrimonis-i-acolliments\/\"> <span> Cerim\u00f2nies <\/span><\/a><\/div><\/div><\/div><\/div><div class=\"vc_row-full-width vc_clearfix\"><\/div><\/div>[\/vc_column][\/vc_row][vc_row full_width=&#8221;stretch_row&#8221; css=&#8221;.vc_custom_1611056997271{background-color: #dddcdf !important;}&#8221;][vc_column offset=&#8221;vc_hidden-xs&#8221;][vc_column_text]<nav aria-label=\"breadcrumbs\">\n            <div class=\"breadcrumb-container theme1\">\n                <ol>\n                                    <\/ol>\n            <\/div>\n        <\/nav>    <script type=\"application\/ld+json\">\n        {\n            \"@context\": \"http:\/\/schema.org\",\n            \"@type\": \"BreadcrumbList\",\n            \"itemListElement\": [\n                            ]\n        }\n    <\/script>\n    <style type=\"text\/css\">\n        .breadcrumb-container {\n            font-size: 13px;\n        }\n\n        .breadcrumb-container ul {\n            margin: 0;\n            padding: 0;\n        }\n\n        .breadcrumb-container li {\n            box-sizing: unset;\n            display: inline-block;\n            margin: 0;\n            padding: 0;\n        }\n\n        .breadcrumb-container li a {\n            box-sizing: unset;\n            padding: 0 10px;\n        }\n\n        .breadcrumb-container {\n            font-size: 3 !important;\n                    }\n\n        .breadcrumb-container li a {\n            color: #0a0a0a !important;\n            font-size: 3 !important;\n            line-height: 3 !important;\n                    }\n\n        .breadcrumb-container li .separator {\n            font-size: 3 !important;\n                    }\n\n        .breadcrumb-container li:last-child .separator {\n            display: none;\n        }\n    <\/style>\n    <style type=\"text\/css\">\n        .breadcrumb-container.theme1 li {\n            margin: 0;\n            padding: 0;\n        }\n        .breadcrumb-container.theme1 a {\n            background: ;\n            display: inline-block;\n            margin: 0 5px;\n            padding: 5px 10px;\n            text-decoration: none;\n        }\n    <\/style>\n        <style type=\"text\/css\">\n            <\/style>\n    <script>\n            <\/script>\n[\/vc_column_text][\/vc_column][\/vc_row][vc_row full_width=&#8221;stretch_row_content_no_spaces&#8221; content_placement=&#8221;middle&#8221; css=&#8221;.vc_custom_1611043207973{padding-top: 60px !important;background-color: #ffffff !important;}&#8221;][vc_column]<div class=\"sc_section aligncenter\"><div class=\"sc_section_inner\"><div class=\"sc_content content_wrap\"><h5 class=\"sc_title sc_title_regular sc_align_center margin_top_null\" style=\"text-align:center;\">TR\u00c0MITS I RESERVES DE LES CERIM\u00d2NIES CIVILS<\/h5><\/div><\/div><\/div>[\/vc_column][\/vc_row][vc_row full_width=&#8221;stretch_row_content_no_spaces&#8221; content_placement=&#8221;middle&#8221; css=&#8221;.vc_custom_1611043207973{padding-top: 60px !important;background-color: #ffffff !important;}&#8221;][vc_column]<div class=\"sc_section aligncenter\"><div class=\"sc_section_inner\"><div class=\"sc_content content_wrap\"><h4 class=\"sc_title sc_title_regular sc_align_center margin_top_null\" style=\"text-align:center;\">MATRIMONIS<\/h4>\n\t<div class=\"wpb_text_column wpb_content_element\" >\n\t\t<div class=\"wpb_wrapper\">\n\t\t\t<div style=\"text-align: left;\">\n<p>Els contraents que desitgen celebrar el matrimoni civil a l&#8217;Ajuntament d&#8217;Elx hauran de realitzar la <strong>prereserva de data i hora de la celebraci\u00f3<\/strong>:<\/p>\n<p style=\"text-align: center;\">Entrant en: <a href=\"https:\/\/app.elche.es\/aplicaciones\/ReservasBodas\/\" target=\"_blank\" rel=\"noopener noreferrer\">PRERESERVA<\/a><br \/>\no<br \/>\nTrucant al tel\u00e8fon: <a href=\"tel:966658030\">966 658 030<\/a><\/p>\n<\/div>\n\n\t\t<\/div>\n\t<\/div>\n<h5 class=\"sc_title sc_title_regular subtitulosapartados margin_top_medium margin_bottom_null\">REGISTRE CIVIL<\/h5>\n\t<div class=\"wpb_text_column wpb_content_element\" >\n\t\t<div class=\"wpb_wrapper\">\n\t\t\t<p><strong>\u00c9S IMPRESCINDIBLE<\/strong> iniciar el procediment en el <strong>REGISTRE CIVIL<\/strong> d&#8217;Elx situat en la c\/ Abogados de Atocha n\u00fam. 21, si no s&#8217;ha fet amb anterioritat a la prereserva.<\/p>\n<p>A trav\u00e9s d&#8217;aquest procediment previ a la celebraci\u00f3 de matrimoni, els contraents acrediten, per mitj\u00e0 de l&#8217;expedient tramitat, que reuneixen els requisits de capacitat establits en el Codi Civil per a contraure matrimoni, segons la legislaci\u00f3 vigent.<\/p>\n<p style=\"text-align: left;\">Podr\u00e0 trobar tota la informaci\u00f3 en el seg\u00fcent enlla\u00e7: <a href=\"http:\/\/registrocivil.gva.es\/va\/matrimonio-civil\">http:\/\/registrocivil.gva.es\/va\/matrimonio-civil\/<\/a>\u00a0 o a trav\u00e9s dels tel\u00e8fons:<\/p>\n<p style=\"text-align: center;\"><strong>966 917 038<\/strong><br \/>\n<strong>966 917 039<\/strong><br \/>\n<strong>966 917 040<\/strong><\/p>\n\n\t\t<\/div>\n\t<\/div>\n<h5 class=\"sc_title sc_title_regular subtitulosapartados margin_top_medium margin_bottom_null\">AJUNTAMENT D&#8217;ELX<\/h5>\n\t<div class=\"wpb_text_column wpb_content_element &#8221;text-align:left;&#8221;\" >\n\t\t<div class=\"wpb_wrapper\">\n\t\t\t<p style=\"text-align: left;\">Transcorregut <strong>10 DIES<\/strong> des que es va realitzar la <strong>prereserva<\/strong> en aquest ajuntament, es formalitzar\u00e0 la <strong>reserva definitiva<\/strong> i es presentar\u00e0 la documentaci\u00f3 indicada a trav\u00e9s d&#8217;una de les seg\u00fcents opcions:<\/p>\n<ul style=\"text-align: left;\">\n<li>Oficines Municipals\u00a0 <a href=\"https:\/\/www.elche.es\/va\/oficina-municipal-datencio-ciutadana-omac\/\" target=\"_blank\" rel=\"noopener noreferrer\">Atenci\u00f3 <\/a><a href=\"https:\/\/www.elche.es\/va\/oficina-municipal-datencio-ciutadana-omac\/\" target=\"_blank\" rel=\"noopener noreferrer\">Ciutadana (OMAC)<\/a><\/li>\n<li>Seu electr\u00f2nica <a href=\"https:\/\/sede.elche.es\/sta\/CarpetaPublic\/doEvent?APP_CODE=STA&amp;PAGE_CODE=PTS2_HOME&amp;lang=CA\" target=\"_blank\" rel=\"noopener noreferrer\">https:\/\/sede.elche.es\/<\/a><\/li>\n<\/ul>\n<p style=\"text-align: left;\"><strong>CONFIRMACI\u00d3 DE LA RESERVA<\/strong>: Les autoritzacions per a celebrar l&#8217;acte es concedeixen per l&#8217;ordre de prereserva, sempre que es confirme posteriorment amb la reserva formal, presentada en el Registre de la Seu Electr\u00f2nica de l&#8217;Ajuntament, la qual atorga el dret de prefer\u00e8ncia quant a la data i hora de la cerim\u00f2nia.<\/p>\n<p style=\"text-align: left;\"><strong>DOCUMENTACI\u00d3<\/strong>:<\/p>\n<ul style=\"text-align: left;\">\n<li>Sol\u00b7licitud de reserva A421 indicant (data-hora, nom i cognoms dels c\u00f2njuges i dels padrins). <a href=\"https:\/\/www.elche.es\/wp-content\/uploads\/2021\/02\/A421-RESERVA-DE-FECHA-PARA-MATRIMONIO-CIVIL.pdf\">Descarregar sol\u00b7licitud<\/a>.<\/li>\n<li>Fotoc\u00f2pia dels DNI, passaport o NIE de les persones contraents.<\/li>\n<li>Fotoc\u00f2pia dels DNI, passaport o NIE dels testimonis, majors d&#8217;edat, que es personaran el dia de la cerim\u00f2nia.<\/li>\n<\/ul>\n<p style=\"text-align: left;\">En cas de no formalitzar la reserva definitiva quedar\u00e0 <strong>CANCEL\u00b7LADA<\/strong> autom\u00e0ticament la seua <strong>PRERESERVA<\/strong>, i quedar\u00e0 disponible la data cancel\u00b7lada per a aquelles parelles que desitgen celebrar el seu matrimoni civil en aquesta data.<\/p>\n\n\t\t<\/div>\n\t<\/div>\n\n\t<div class=\"wpb_text_column wpb_content_element\" >\n\t\t<div class=\"wpb_wrapper\">\n\t\t\t<p style=\"text-align: left;\"><strong>ES PRESENTAR\u00c0 TRES MESOS ABANS DE LA CERIM\u00d2NIA<\/strong><\/p>\n<ul>\n<li style=\"text-align: left;\">Document acreditatiu del pagament de la taxa el tr\u00e0mit de la qual podr\u00e0 realitzar en el seg\u00fcent enlla\u00e7: <a href=\"https:\/\/aplicaciones.elche.es\/autoliquidaciones\/\" target=\"_blank\" rel=\"noopener noreferrer\">https:\/\/aplicacions.elx.es\/Autoliquidacions\/<\/a><\/li>\n<li style=\"text-align: left;\">Autoritzaci\u00f3 judicial o document acreditatiu d&#8217;estar tramitant la seua sol\u00b7licitud en el Registre Civil.<\/li>\n<\/ul>\n\n\t\t<\/div>\n\t<\/div>\n\n\t<div class=\"wpb_text_column wpb_content_element\" >\n\t\t<div class=\"wpb_wrapper\">\n\t\t\t<p><strong>ANUL\u00b7LACI\u00d3 DE LA RESERVA<\/strong>: En cas que, per motius imputables als interessats, s&#8217;anul\u00b7le la reserva confirmada per a una cerim\u00f2nia, haur\u00e0 de ser comunicat per escrit a trav\u00e9s de la Seu Electr\u00f2nica de l&#8217;Ajuntament o per l&#8217;OMAC, i poder recuperar el 80% de la taxa en cas d&#8217;haver sigut ja abonada.<\/p>\n\n\t\t<\/div>\n\t<\/div>\n<\/div><\/div><\/div>[\/vc_column][\/vc_row][vc_row full_width=&#8221;stretch_row_content_no_spaces&#8221; content_placement=&#8221;middle&#8221; css=&#8221;.vc_custom_1611043207973{padding-top: 60px !important;background-color: #ffffff !important;}&#8221;][vc_column]<div class=\"sc_section aligncenter\"><div class=\"sc_section_inner\"><div class=\"sc_content content_wrap\"><h4 class=\"sc_title sc_title_regular sc_align_center margin_top_null\" style=\"text-align:center;\">ACOLLIMENTS<\/h4>\n\t<div class=\"wpb_text_column wpb_content_element\" >\n\t\t<div class=\"wpb_wrapper\">\n\t\t\t<p style=\"text-align: left;\">Els pares o tutors del menor que desitgen donar la benvinguda ciutadana als seus fills hauran d&#8217;efectuar una preserva de la data desitjada a trav\u00e9s de:<\/p>\n<p style=\"text-align: left;\">\u00a0 \u00a0 \u00a0 \u00a0 \u00a0 \u00a0 \u00a0 \u00a0 \u00a0 \u00a0 \u00a0 \u00a0 \u00a0 \u00a0 \u00a0 \u00a0 \u00a0 \u00a0 \u00a0 \u00a0 \u00a0 \u00a0 \u00a0 \u00a0 \u00a0 \u00a0 \u00a0 \u00a0 \u00a0 \u00a0 \u00a0 \u00a0 \u00a0 \u00a0 \u00a0 \u00a0 \u00a0 \u00a0 \u00a0 \u00a0 \u00a0Trucant al tel\u00e8fon: <a href=\"http:\/\/TEL:966 658 030\">966 658 030<\/a><\/p>\n<p style=\"text-align: left;\">Transcorregut 10 DIES des que es va realitzar la prereserva en aquest Ajuntament, es formalitzar\u00e0 la reserva definitiva presentant la documentaci\u00f3 indicada a trav\u00e9s d&#8217;una de les seg\u00fcents opcions:<\/p>\n<ul style=\"text-align: left;\">\n<li>Oficines Municipals d&#8217;<a href=\"https:\/\/www.elche.es\/va\/oficina-municipal-datencio-ciutadana-omac\/\" target=\"_blank\" rel=\"noopener noreferrer\">Atenci\u00f3n Ciudadana (OMAC)<\/a><\/li>\n<li>Seu electr\u00f2nica <a href=\"https:\/\/sede.elche.es\/sta\/CarpetaPublic\/doEvent?APP_CODE=STA&amp;PAGE_CODE=CATALOGO&amp;DETALLE=6269000019944614407922&amp;lang=CA\">https:\/\/sede.elche.es\/<\/a><\/li>\n<\/ul>\n<p style=\"text-align: left;\"><strong>DOCUMENTACI\u00d3<\/strong>:<\/p>\n<ul style=\"text-align: left;\">\n<li>\u00a0Sol\u00b7licitud de reserva (data-hora, nom i cognoms dels pares\/tutors i del menor).\u00a0<a href=\"https:\/\/www.elche.es\/wp-content\/uploads\/2021\/06\/A013-Solicitud-de-reserva-acogimiento-civil.pdf\" target=\"_blank\" rel=\"noopener\"><strong>Descarrega l&#8217;impr\u00e9s<\/strong><\/a>.<\/li>\n<li>C\u00f2pia compulsada del Llibre de fam\u00edlia, o certificat de naixement on s&#8217;acredite la paternitat, o resoluci\u00f3 judicial per la qual es concedeix la tutela del menor (\u00e9s suficient un d&#8217;aquests tres documents).<\/li>\n<li>C\u00f2pia DNI dels dos progenitors sol\u00b7licitants.<\/li>\n<li>Document acreditatiu del pagament de la taxa, el tr\u00e0mit del qual es podr\u00e0 realitzar en el seg\u00fcent enlla\u00e7: <a href=\"https:\/\/aplicaciones.elche.es\/Autoliquidaciones\/\">https:\/\/aplicacions.elx.es\/Autoliquidacions\/<\/a>.<\/li>\n<li>L&#8217;Ajuntament comprovar\u00e0 d&#8217;ofici el requisit de l&#8217;empadronament.<\/li>\n<\/ul>\n<p style=\"text-align: left;\"><strong>CONFIRMACI\u00d3 DE LA RESERVA<\/strong>: Les autoritzacions per a celebrar l&#8217;acte es concedeixen per l&#8217;ordre de prereserva, sempre que es confirme posteriorment amb la reserva formal, presentada en el Registre de la Seu Electr\u00f2nica de l&#8217;Ajuntament, la qual atorga el dret de prefer\u00e8ncia quant a la data i hora de la cerim\u00f2nia.<\/p>\n<p style=\"text-align: left;\">En cas de no formalitzar la reserva definitiva quedar\u00e0 <strong>CANCEL\u00b7LADA<\/strong> autom\u00e0ticament la seua <strong>PRERESERVA<\/strong>, i quedar\u00e0 disponible la data cancel\u00b7lada per a aquelles persones que desitgen celebrar el seu acolliment en aquesta data.<\/p>\n<p style=\"text-align: left;\"><strong>ANUL\u00b7LACI\u00d3 DE LA RESERVA<\/strong>: En cas que, per motius imputables als interessats, s&#8217;anul\u00b7le la reserva confirmada per a una cerim\u00f2nia, haur\u00e0 de ser comunicat per escrit a trav\u00e9s de la Seu Electr\u00f2nica de l&#8217;Ajuntament o per l&#8217;OMAC, i es podr\u00e0 recuperar el 80% de la taxa en cas d&#8217;haver sigut ja abonada.<\/p>\n\n\t\t<\/div>\n\t<\/div>\n<\/div><\/div><\/div>[\/vc_column][\/vc_row][vc_row css=&#8221;.vc_custom_1611136988447{padding-top: 80px !important;background-color: #ffffff !important;}&#8221;][vc_column width=&#8221;1\/4&#8243;]<div id='modulo_datos_contacto'> <p class='titulo_datos_contacto'>Dades de contacte <\/p> <hr><p class=\"contactoArea\"> <i class=\"fa fa-map-marker\" aria-hidden=\"true\"><\/i>Plac\u0327a de Baix, 1 | 03202<\/p><p class=\"contactoArea\"><i class=\"fa fa-phone\" aria-hidden=\"true\"><\/i>Tel. 96 665 8030<\/p><p class=\"contactoArea\"><i class=\"fa fa-envelope\" aria-hidden=\"true\"><\/i><a href=\"mailto:ceremonias@elche.es\"> ceremonias@elche.es<\/a><\/p><div id='contacto-rrss'><\/div><\/div>[\/vc_column][vc_column width=&#8221;3\/4&#8243;][sbs_wpb_openstreetmap map_style=&#8221;openstreetmap_de&#8221; zoom=&#8221;17&#8243; ctrl_mouse_zoom=&#8221;true&#8221; latitude=&#8221;38.26547&#8243; longitude=&#8221;-0.69909&#8243;][sbs_wpb_marker marker_source=&#8221;coordinates&#8221; marker_color=&#8221;red&#8221; marker_latitude=&#8221;38.26547&#8243; marker_longitude=&#8221;-0.69909&#8243;][\/sbs_wpb_marker][\/sbs_wpb_openstreetmap][\/vc_column][\/vc_row]<\/p>\n<\/div>","protected":false},"excerpt":{"rendered":"TR\u00c0MITS CERIM\u00d2NIES CIVILS Tr\u00e1mits Prereserva Normes generals Cerim\u00f2nies TR\u00c0MITS I RESERVES DE LES CERIM\u00d2NIES CIVILSMATRIMONIS Els contraents que desitgen celebrar el matrimoni civil a l'Ajuntament d'Elx hauran de realitzar la [...]","protected":false},"author":139,"featured_media":0,"parent":140166,"menu_order":0,"comment_status":"closed","ping_status":"closed","template":"","meta":{"footnotes":""},"class_list":["post-140430","page","type-page","status-publish","hentry"],"_links":{"self":[{"href":"https:\/\/www.elche.es\/va\/wp-json\/wp\/v2\/pages\/140430","targetHints":{"allow":["GET"]}}],"collection":[{"href":"https:\/\/www.elche.es\/va\/wp-json\/wp\/v2\/pages"}],"about":[{"href":"https:\/\/www.elche.es\/va\/wp-json\/wp\/v2\/types\/page"}],"author":[{"embeddable":true,"href":"https:\/\/www.elche.es\/va\/wp-json\/wp\/v2\/users\/139"}],"replies":[{"embeddable":true,"href":"https:\/\/www.elche.es\/va\/wp-json\/wp\/v2\/comments?post=140430"}],"version-history":[{"count":0,"href":"https:\/\/www.elche.es\/va\/wp-json\/wp\/v2\/pages\/140430\/revisions"}],"up":[{"embeddable":true,"href":"https:\/\/www.elche.es\/va\/wp-json\/wp\/v2\/pages\/140166"}],"wp:attachment":[{"href":"https:\/\/www.elche.es\/va\/wp-json\/wp\/v2\/media?parent=140430"}],"curies":[{"name":"wp","href":"https:\/\/api.w.org\/{rel}","templated":true}]}}