{"id":140634,"date":"2021-03-12T13:03:23","date_gmt":"2021-03-12T12:03:23","guid":{"rendered":"https:\/\/www.elche.es\/esports\/historia-del-deporte-ilicitano\/"},"modified":"2022-02-10T10:38:50","modified_gmt":"2022-02-10T09:38:50","slug":"historia-del-deporte-ilicitano","status":"publish","type":"page","link":"https:\/\/www.elche.es\/va\/esports\/historia-del-deporte-ilicitano\/","title":{"rendered":"Historia del Deporte Ilicitano"},"content":{"rendered":"<div class=\"wpb-content-wrapper\"><p>[vc_row full_width=&#8221;stretch_row&#8221; css=&#8221;.vc_custom_1615811234460{background-color: #dddde0 !important;}&#8221;][vc_column][vc_column_text]<nav aria-label=\"breadcrumbs\">\n            <div class=\"breadcrumb-container theme1\">\n                <ol>\n                                    <\/ol>\n            <\/div>\n        <\/nav>    <script type=\"application\/ld+json\">\n        {\n            \"@context\": \"http:\/\/schema.org\",\n            \"@type\": \"BreadcrumbList\",\n            \"itemListElement\": [\n                            ]\n        }\n    <\/script>\n    <style type=\"text\/css\">\n        .breadcrumb-container {\n            font-size: 13px;\n        }\n\n        .breadcrumb-container ul {\n            margin: 0;\n            padding: 0;\n        }\n\n        .breadcrumb-container li {\n            box-sizing: unset;\n            display: inline-block;\n            margin: 0;\n            padding: 0;\n        }\n\n        .breadcrumb-container li a {\n            box-sizing: unset;\n            padding: 0 10px;\n        }\n\n        .breadcrumb-container {\n            font-size: 3 !important;\n                    }\n\n        .breadcrumb-container li a {\n            color: #0a0a0a !important;\n            font-size: 3 !important;\n            line-height: 3 !important;\n                    }\n\n        .breadcrumb-container li .separator {\n            font-size: 3 !important;\n                    }\n\n        .breadcrumb-container li:last-child .separator {\n            display: none;\n        }\n    <\/style>\n    <style type=\"text\/css\">\n        .breadcrumb-container.theme1 li {\n            margin: 0;\n            padding: 0;\n        }\n        .breadcrumb-container.theme1 a {\n            background: ;\n            display: inline-block;\n            margin: 0 5px;\n            padding: 5px 10px;\n            text-decoration: none;\n        }\n    <\/style>\n        <style type=\"text\/css\">\n            <\/style>\n    <script>\n            <\/script>\n[\/vc_column_text][\/vc_column][\/vc_row][vc_row full_width=&#8221;stretch_row&#8221; css=&#8221;.vc_custom_1615550133648{background-image: url(https:\/\/www.elche.es\/wp-content\/uploads\/2021\/03\/Portada-Historia-del-Deporte-Ilicitano.jpg?id=138909) !important;background-position: center !important;background-repeat: no-repeat !important;background-size: cover !important;}&#8221; el_class=&#8221;slidersecciones&#8221;][vc_column][vc_custom_heading text=&#8221;HIST\u00d2RIA DE L&#8217;ESPORT IL\u00b7LICIT\u00c0&#8221; font_container=&#8221;tag:h2|text_align:center|color:%23ffffff&#8221; google_fonts=&#8221;font_family:Ubuntu%3A300%2C300italic%2Cregular%2Citalic%2C500%2C500italic%2C700%2C700italic|font_style:700%20bold%20regular%3A700%3Anormal&#8221; el_class=&#8221;sombraTitulo cabeceramovil&#8221;][\/vc_column][\/vc_row][vc_row full_width=&#8221;stretch_row&#8221; css=&#8221;.vc_custom_1615812561639{background-color: #f3f3f3 !important;background-position: center !important;background-repeat: no-repeat !important;background-size: cover !important;}&#8221; el_class=&#8221;slidersecciones&#8221;][vc_column][vc_column_text]<\/p>\n<h5 style=\"text-align: center;\">Gamb\u00edn Hern\u00e1ndez Santiago, (2007). Historia del Deporte Ilicitano. Elche. Ajuntament d&#8217;Elx.<\/h5>\n<p>[\/vc_column_text][\/vc_column][\/vc_row][vc_row][vc_column width=&#8221;1\/4&#8243;][vc_hoverbox image=&#8221;138732&#8243; primary_title=&#8221;&#8221; hover_title=&#8221;Vicente Clavel&#8221;]Va donar ombra i fruits a l&#8217;esport il\u00b7licit\u00e0 durant 40 anys. De les seues arrels van brollar clubs, instal\u00b7lacions\u00a0 i noves vocacions. Pioner, creador i organitzador d&#8217;activitats des dels anys 20.[\/vc_hoverbox][vc_empty_space][\/vc_column][vc_column width=&#8221;1\/4&#8243;][vc_hoverbox image=&#8221;138750&#8243; primary_title=&#8221;&#8221; hover_title=&#8221;Jos\u00e9 Candela Penalva&#8221;]Nascut a Crevillent, la seua vida va transc\u00f3rrer a Elx. Esportista irrepetible, amb for\u00e7a interior, segur i decidit, va practicar atletisme, boxa, futbol\u00a0 i handbol. Va donar moltes alegries als il\u00b7licitans en els anys 60.[\/vc_hoverbox][vc_empty_space][\/vc_column][vc_column width=&#8221;1\/4&#8243;][vc_hoverbox image=&#8221;138763&#8243; primary_title=&#8221;&#8221; hover_title=&#8221;Manuel Ja\u00e9n&#8221;]Amb una clara i rotunda vocaci\u00f3 esportiva, la seua vida \u00e9s una successi\u00f3 d&#8217;activitats i iniciatives que van enfortir el seu esperit, i van ajudar successives generacions d&#8217;il\u00b7licitans a practicar atletisme i muntanyisme.[\/vc_hoverbox][vc_empty_space][\/vc_column][vc_column width=&#8221;1\/4&#8243;][vc_hoverbox image=&#8221;140432&#8243; primary_title=&#8221;&#8221; hover_title=&#8221;Emilio Villanueva Puig&#8221;]\u00c9s l&#8217;esportista m\u00e9s complet que ha donat la ciutat d&#8217;Elx. Al Parc Esportiu dels anys cinquanta, entre les s\u00e9quies de reg que vorejaven els seus camps de terra, jugava al futbol, b\u00e0squet, nataci\u00f3 i atletisme, sense ordre ni prefer\u00e8ncia.[\/vc_hoverbox][vc_empty_space][\/vc_column][\/vc_row][vc_row][vc_column width=&#8221;1\/4&#8243;][vc_empty_space][\/vc_column][vc_column width=&#8221;1\/4&#8243;][vc_hoverbox image=&#8221;140448&#8243; primary_title=&#8221;&#8221; hover_title=&#8221;Tom\u00e1s Santana S\u00e1nchez&#8221;]La seua for\u00e7a de voluntat i el desig de viure intensament fa que es bolque apassionadament en l&#8217;esport. Amb un entusiasme contagi\u00f3s, forma el primer equip de b\u00e0squet en cadira de rodes d&#8217;Espanya en 1969.[\/vc_hoverbox][vc_empty_space][\/vc_column][vc_column width=&#8221;1\/4&#8243;][vc_hoverbox image=&#8221;138901&#8243; primary_title=&#8221;&#8221; hover_title=&#8221;Jos\u00e9 Mar\u00eda Garc\u00eda&#8221;]Sempre amb la bicicleta com a icona i prolongaci\u00f3 de la seua pr\u00f2pia vida, Jos\u00e9 Mar\u00eda Garc\u00eda D\u00edez es va exercitar pels camins de les pedanies il\u00b7licitanes. Cartagena, Orihuela i M\u00farcia van con\u00e9ixer dels seus triomfs, en temps de tubulars croats al pit.[\/vc_hoverbox][vc_empty_space][\/vc_column][vc_column width=&#8221;1\/4&#8243;][\/vc_column][\/vc_row][vc_row][vc_column width=&#8221;1\/3&#8243;][vc_hoverbox image=&#8221;140420&#8243; primary_title=&#8221;&#8221; hover_title=&#8221;Alfredo Chazarra Mart\u00ednez&#8221;]Home clau en el desenvolupament esportiu de la ciutat d&#8217;Elx. Alfredo sembre va caminar entre les seues condicions f\u00edsiques innates per a destacar en esports de for\u00e7a i la seua activitat com a promotor d&#8217;iniciatives i ensenyaments esportius.[\/vc_hoverbox][vc_empty_space][\/vc_column][vc_column width=&#8221;1\/3&#8243;][vc_hoverbox image=&#8221;140541&#8243; primary_title=&#8221;&#8221; hover_title=&#8221;Isabel Fern\u00e1ndez Guti\u00e9rrez&#8221;]Les extraordin\u00e0ries condicions f\u00edsiques, voluntat per al treball i enorme capacitat de concentraci\u00f3, la converteixen en una de les esportistes m\u00e9s importants de la hist\u00f2ria de la Comunitat Valenciana i la millor judoka de tots els temps.[\/vc_hoverbox][vc_empty_space][\/vc_column][vc_column width=&#8221;1\/3&#8243;][vc_hoverbox image=&#8221;140545&#8243; primary_title=&#8221;&#8221; hover_title=&#8221;Jos\u00e9 Francisco Aldeguer Valenzuela&#8221;]Posseeix la traject\u00f2ria m\u00e9s ascendent i brillant de tots els entrenadors de la Comunitat Valenciana. Despr\u00e9s de 30 anys de treball en tots els \u00e0mbits de l&#8217;esport professional, en el 2004 va participar en les Olimp\u00edades d&#8217;Atenes, com a seleccionador nacional d&#8217;handbol.[\/vc_hoverbox][vc_empty_space][\/vc_column][\/vc_row][vc_row][vc_column width=&#8221;1\/3&#8243;][vc_icon icon_fontawesome=&#8221;fas fa-running&#8221; el_class=&#8221;ocultar&#8221;][vc_empty_space][vc_empty_space]<div id='modulo_datos_contacto'> <p class='titulo_datos_contacto'>Dades de contacte <\/p> <hr><p class=\"contactoArea\"> <i class=\"fa fa-map-marker\" aria-hidden=\"true\"><\/i>Avda. de la Universidad de Elche, 86.<\/p><p class=\"contactoArea\"><i class=\"fa fa-phone\" aria-hidden=\"true\"><\/i>966 658 122<\/p><p class=\"contactoArea\"><i class=\"fa fa-fax\" aria-hidden=\"true\"><\/i>966 658 123<\/p><p class=\"contactoArea\"><i class=\"fa fa-envelope\" aria-hidden=\"true\"><\/i><a href=\"mailto:deportes@elche.es\"> deportes@elche.es<\/a><\/p><div id='contacto-rrss'><span  style=\" padding-left: 0px; \" class=\"contactoArea rrss\"><a target=\"_blank\" href=\"https:\/\/www.facebook.com\/Elche-Ciudad-de-Deportes-Elx-Ciutat-dEsports-1215100851863825\/\"> <i class=\"fa fa-facebook-square\" aria-hidden=\"true\"><\/i><\/a><\/span><span style=\" padding-left: 0px; \" class=\"contactoArea rrss\"><a target=\"_blank\" href=\"https:\/\/twitter.com\/esportselx?lang=es\"><i class=\"fa fa-twitter\" aria-hidden=\"true\"><\/i><\/a><\/span><\/div><\/div>[vc_empty_space][vc_empty_space][vc_empty_space][vc_empty_space][\/vc_column][vc_column width=&#8221;1\/3&#8243;][vc_empty_space][vc_empty_space][vc_single_image image=&#8221;118903&#8243; img_size=&#8221;medium&#8221; alignment=&#8221;center&#8221;][\/vc_column][vc_column width=&#8221;1\/3&#8243;][vc_empty_space][sbs_wpb_openstreetmap map_style=&#8221;OpenStreetMap.DE&#8221; external_link_openstreetmap=&#8221;&#8221; map_height=&#8221;100&#8243; ctrl_mouse_zoom=&#8221;true&#8221; latitude=&#8221;38.272729&#8243; longitude=&#8221;-0.671595&#8243;][sbs_wpb_marker marker_source=&#8221;coordinates&#8221; marker_color=&#8221;red&#8221; marker_latitude=&#8221;38.272729&#8243; marker_longitude=&#8221;-0.671595&#8243;][\/sbs_wpb_marker][\/sbs_wpb_openstreetmap][\/vc_column][\/vc_row][vc_column][\/vc_column][vc_column][\/vc_column]<div class=\"sc_content content_wrap\"><\/div>\n<\/div>","protected":false},"excerpt":{"rendered":"<p>[vc_row full_width=&#8221;stretch_row&#8221; css=&#8221;.vc_custom_1615811234460{background-color: #dddde0 !important;}&#8221;][vc_column][vc_column_text][\/vc_column_text][\/vc_column][\/vc_row][vc_row full_width=&#8221;stretch_row&#8221; css=&#8221;.vc_custom_1615550133648{background-image: url(https:\/\/www.elche.es\/wp-content\/uploads\/2021\/03\/Portada-Historia-del-Deporte-Ilicitano.jpg?id=138909) !important;background-position: center !important;background-repeat: no-repeat !important;background-size: cover !important;}&#8221; el_class=&#8221;slidersecciones&#8221;][vc_column][vc_custom_heading text=&#8221;HIST\u00d2RIA DE L&#8217;ESPORT IL\u00b7LICIT\u00c0&#8221; font_container=&#8221;tag:h2|text_align:center|color:%23ffffff&#8221; google_fonts=&#8221;font_family:Ubuntu%3A300%2C300italic%2Cregular%2Citalic%2C500%2C500italic%2C700%2C700italic|font_style:700%20bold%20regular%3A700%3Anormal&#8221; el_class=&#8221;sombraTitulo cabeceramovil&#8221;][\/vc_column][\/vc_row][vc_row full_width=&#8221;stretch_row&#8221; css=&#8221;.vc_custom_1615812561639{background-color: #f3f3f3 !important;background-position: center !important;background-repeat: [&hellip;]<\/p>\n","protected":false},"author":26,"featured_media":0,"parent":22611,"menu_order":0,"comment_status":"closed","ping_status":"closed","template":"page.php","meta":{"footnotes":""},"class_list":["post-140634","page","type-page","status-publish","hentry"],"_links":{"self":[{"href":"https:\/\/www.elche.es\/va\/wp-json\/wp\/v2\/pages\/140634","targetHints":{"allow":["GET"]}}],"collection":[{"href":"https:\/\/www.elche.es\/va\/wp-json\/wp\/v2\/pages"}],"about":[{"href":"https:\/\/www.elche.es\/va\/wp-json\/wp\/v2\/types\/page"}],"author":[{"embeddable":true,"href":"https:\/\/www.elche.es\/va\/wp-json\/wp\/v2\/users\/26"}],"replies":[{"embeddable":true,"href":"https:\/\/www.elche.es\/va\/wp-json\/wp\/v2\/comments?post=140634"}],"version-history":[{"count":0,"href":"https:\/\/www.elche.es\/va\/wp-json\/wp\/v2\/pages\/140634\/revisions"}],"up":[{"embeddable":true,"href":"https:\/\/www.elche.es\/va\/wp-json\/wp\/v2\/pages\/22611"}],"wp:attachment":[{"href":"https:\/\/www.elche.es\/va\/wp-json\/wp\/v2\/media?parent=140634"}],"curies":[{"name":"wp","href":"https:\/\/api.w.org\/{rel}","templated":true}]}}