{"id":142247,"date":"2021-04-15T11:17:04","date_gmt":"2021-04-15T10:17:04","guid":{"rendered":"https:\/\/www.elche.es\/?page_id=142247"},"modified":"2025-05-08T09:54:28","modified_gmt":"2025-05-08T07:54:28","slug":"programa-dajudes-per-al-pagament-del-rebut-de-aigua","status":"publish","type":"page","link":"https:\/\/www.elche.es\/va\/programa-dajudes-per-al-pagament-del-rebut-de-aigua\/","title":{"rendered":"Programa d&#8217;ajudes per al pagament del rebut de AIGUA"},"content":{"rendered":"<div class=\"wpb-content-wrapper\"><p>[vc_row full_width=&#8221;stretch_row&#8221; css=&#8221;.vc_custom_1615879163903{background-image: url(https:\/\/www.elche.es\/wp-content\/uploads\/2016\/10\/baner-AE.jpg?id=3857) !important;background-position: center !important;background-repeat: no-repeat !important;background-size: cover !important;}&#8221; el_class=&#8221;slidersecciones&#8221;][vc_column][vc_custom_heading text=&#8221;AJUDES PER AL PAGAMENT DEL REBUT DE L&#8217;AIGUA 2025&#8243; font_container=&#8221;tag:h2|text_align:center|color:%23ffffff&#8221; google_fonts=&#8221;font_family:Ubuntu%3A300%2C300italic%2Cregular%2Citalic%2C500%2C500italic%2C700%2C700italic|font_style:700%20bold%20regular%3A700%3Anormal&#8221; css=&#8221;&#8221; el_class=&#8221;sombraTitulo cabeceramovil&#8221;][\/vc_column][\/vc_row][vc_row full_width=&#8221;stretch_row&#8221; css=&#8221;.vc_custom_1742209119157{padding-top: 50px !important;padding-bottom: 40px !important;}&#8221;][vc_column]<h3 class=\"sc_title sc_title_regular sc_align_center margin_top_tiny\" style=\"````text-align:center;\">COM SOL\u00b7LICITE L&#8217;AJUDA<\/h3><div class=\"sc_section\" style=\"background-color:#ffffff;\"><div class=\"sc_section_inner\"><div class=\"sc_section_overlay\" style=\"\"><div class=\"sc_section_content padding_on\" style=\"\"><blockquote class=\"sc_quote sc_quote_style_bordered\" style=\"````\"><p><\/p>\n<h4 style=\"font-size: 22px;\">Lloc:<\/h4>\n<p style=\"font-size: 18px;\"><strong>Les sol\u00b7licituds podran realitzar-se en termini \u00fanic: fins al 30 de maig 2025, b\u00e9 de manera telem\u00e0tica a trav\u00e9s de la Seu Electr\u00f2nica del Consistori o presencialment, amb cita pr\u00e8via a les <a href=\"https:\/\/www.elche.es\/oficina-municipal-de-atencion-ciudadana-omac\/cita-previa-omac-centro\/\" target=\"_blank\" rel=\"noopener noreferrer\">OMAC<\/a>.<\/strong><\/p>\n<p><\/p><\/blockquote>[vc_column_text css=&#8221;&#8221;]Pot realitzar el tr\u00e0mit des dels seg\u00fcents dos mitjans:[\/vc_column_text][vc_empty_space height=&#8221;5px&#8221;][vc_row_inner][vc_column_inner width=&#8221;1\/2&#8243;]<a href=\"https:\/\/sede.elche.es\/sta\/CarpetaPublic\/doEvent?APP_CODE=STA&PAGE_CODE=CATALOGO&DETALLE=6269000036045697607922\" target=\"_blank\" class=\"sc_button sc_button_square sc_button_style_filled style_original sc_button_size_large alignleft btndentropagina margin_top_small margin_right_small margin_bottom_tiny margin_left_null\" style=\"````\">SEU ELECTR\u00d2NICA<\/a>[\/vc_column_inner][vc_column_inner width=&#8221;1\/2&#8243;]<a href=\"https:\/\/www.elche.es\/oficina-municipal-de-atencion-ciudadana-omac\/\" target=\"_blank\" class=\"sc_button sc_button_square sc_button_style_filled style_original sc_button_size_large alignleft btndentropagina margin_top_small margin_right_small margin_bottom_tiny margin_left_null\" style=\"````\">CITA PR\u00c8VIA OMAC<\/a>[\/vc_column_inner][\/vc_row_inner][vc_empty_space height=&#8221;5px&#8221;][vc_empty_space]<blockquote class=\"sc_quote sc_quote_style_bordered\" style=\"````\"><p><\/p>\n<h4 style=\"font-size: 22px;\">Termini:<\/h4>\n<p style=\"font-size: 18px;\">FINS AL 30 DE MAIG DE 2025.<\/p>\n<p><\/p><\/blockquote>[vc_empty_space]<\/div><\/div><\/div><\/div>[\/vc_column][\/vc_row]<\/p>\n<\/div>","protected":false},"excerpt":{"rendered":"<p>[vc_row full_width=&#8221;stretch_row&#8221; css=&#8221;.vc_custom_1615879163903{background-image: url(https:\/\/www.elche.es\/wp-content\/uploads\/2016\/10\/baner-AE.jpg?id=3857) !important;background-position: center !important;background-repeat: no-repeat !important;background-size: cover !important;}&#8221; el_class=&#8221;slidersecciones&#8221;][vc_column][vc_custom_heading text=&#8221;AJUDES PER AL PAGAMENT DEL REBUT DE L&#8217;AIGUA 2025&#8243; font_container=&#8221;tag:h2|text_align:center|color:%23ffffff&#8221; google_fonts=&#8221;font_family:Ubuntu%3A300%2C300italic%2Cregular%2Citalic%2C500%2C500italic%2C700%2C700italic|font_style:700%20bold%20regular%3A700%3Anormal&#8221; css=&#8221;&#8221; el_class=&#8221;sombraTitulo cabeceramovil&#8221;][\/vc_column][\/vc_row][vc_row full_width=&#8221;stretch_row&#8221; css=&#8221;.vc_custom_1742209119157{padding-top: 50px !important;padding-bottom: [&hellip;]<\/p>\n","protected":false},"author":139,"featured_media":0,"parent":0,"menu_order":0,"comment_status":"closed","ping_status":"closed","template":"","meta":{"footnotes":""},"class_list":["post-142247","page","type-page","status-publish","hentry"],"_links":{"self":[{"href":"https:\/\/www.elche.es\/va\/wp-json\/wp\/v2\/pages\/142247","targetHints":{"allow":["GET"]}}],"collection":[{"href":"https:\/\/www.elche.es\/va\/wp-json\/wp\/v2\/pages"}],"about":[{"href":"https:\/\/www.elche.es\/va\/wp-json\/wp\/v2\/types\/page"}],"author":[{"embeddable":true,"href":"https:\/\/www.elche.es\/va\/wp-json\/wp\/v2\/users\/139"}],"replies":[{"embeddable":true,"href":"https:\/\/www.elche.es\/va\/wp-json\/wp\/v2\/comments?post=142247"}],"version-history":[{"count":3,"href":"https:\/\/www.elche.es\/va\/wp-json\/wp\/v2\/pages\/142247\/revisions"}],"predecessor-version":[{"id":335409,"href":"https:\/\/www.elche.es\/va\/wp-json\/wp\/v2\/pages\/142247\/revisions\/335409"}],"wp:attachment":[{"href":"https:\/\/www.elche.es\/va\/wp-json\/wp\/v2\/media?parent=142247"}],"curies":[{"name":"wp","href":"https:\/\/api.w.org\/{rel}","templated":true}]}}