{"id":14672,"date":"2017-02-20T12:14:41","date_gmt":"2017-02-20T11:14:41","guid":{"rendered":"http:\/\/www.elche.es\/va\/perfil-del-contractant-de-lajuntament-delx\/mesa-de-contratacion\/"},"modified":"2023-08-02T09:56:59","modified_gmt":"2023-08-02T07:56:59","slug":"mesa-de-contractacio","status":"publish","type":"page","link":"https:\/\/www.elche.es\/va\/perfil-del-contractant-de-lajuntament-delx\/mesa-de-contractacio\/","title":{"rendered":"Mesa de Contractaci\u00f3"},"content":{"rendered":"<div class=\"wpb-content-wrapper\"><p>[vc_row full_width=&#8221;stretch_row&#8221; css=&#8221;.vc_custom_1475488224066{background-color: #dddde0 !important;}&#8221;][vc_column][vc_column_text]<nav aria-label=\"breadcrumbs\">\n            <div class=\"breadcrumb-container theme1\">\n                <ol>\n                                    <\/ol>\n            <\/div>\n        <\/nav>    <script type=\"application\/ld+json\">\n        {\n            \"@context\": \"http:\/\/schema.org\",\n            \"@type\": \"BreadcrumbList\",\n            \"itemListElement\": [\n                            ]\n        }\n    <\/script>\n    <style type=\"text\/css\">\n        .breadcrumb-container {\n            font-size: 13px;\n        }\n\n        .breadcrumb-container ul {\n            margin: 0;\n            padding: 0;\n        }\n\n        .breadcrumb-container li {\n            box-sizing: unset;\n            display: inline-block;\n            margin: 0;\n            padding: 0;\n        }\n\n        .breadcrumb-container li a {\n            box-sizing: unset;\n            padding: 0 10px;\n        }\n\n        .breadcrumb-container {\n            font-size: 3 !important;\n                    }\n\n        .breadcrumb-container li a {\n            color: #0a0a0a !important;\n            font-size: 3 !important;\n            line-height: 3 !important;\n                    }\n\n        .breadcrumb-container li .separator {\n            font-size: 3 !important;\n                    }\n\n        .breadcrumb-container li:last-child .separator {\n            display: none;\n        }\n    <\/style>\n    <style type=\"text\/css\">\n        .breadcrumb-container.theme1 li {\n            margin: 0;\n            padding: 0;\n        }\n        .breadcrumb-container.theme1 a {\n            background: ;\n            display: inline-block;\n            margin: 0 5px;\n            padding: 5px 10px;\n            text-decoration: none;\n        }\n    <\/style>\n        <style type=\"text\/css\">\n            <\/style>\n    <script>\n            <\/script>\n[\/vc_column_text][\/vc_column][\/vc_row][vc_row css=&#8221;.vc_custom_1475488264405{padding-bottom: 40px !important;}&#8221; el_id=&#8221;bloque_basica&#8221;][vc_column]<h3 class=\"sc_title sc_title_regular margin_top_tiny\">MESA PERMANENT DE CONTRACTACI\u00d3<\/h3>[vc_column_text]<strong>COMPOSICI\u00d3<\/strong><\/p>\n<p>Per acord de la Junta de Govern Local, de data 22 de setembre de 2023, s&#8217;aprova la modificaci\u00f3 de la <a href=\"https:\/\/www.elche.es\/wp-content\/uploads\/2023\/07\/15.-Certificado_acuerdo-Mesa-Contratacion-2.pdf\" target=\"_blank\" rel=\"noopener\">mesa de contractaci\u00f3<\/a> i queda aix\u00ed constitu\u00efda:<\/p>\n<p><strong>President<\/strong>:<br \/>\nRegidor de Contractaci\u00f3 Fons Europeus i Serveis P\u00fablics, Jos\u00e9 Claudio Guilabert G\u00f3mez i substitut qualsevol membre de la Corporaci\u00f3 del grup municipal del Partit Popular.<\/p>\n<p><strong>Vocals<\/strong>:<br \/>\n&#8211; El Sotssecretari Acctal. i titular de l&#8217;Assessoria Jur\u00eddica, Jos\u00e9 Ignacio Fern\u00e1ndez Mart\u00edn, substitut\/a qualsevol T\u00e8cnic\/a d&#8217;Administraci\u00f3 General de Contractaci\u00f3.<br \/>\n&#8211; La Interventora Acctal., Montserrat Gonz\u00e1lez \u00dabeda, substitut\/a qualsevol Cap de Servei o Secci\u00f3 de la Intervenci\u00f3 municipal.<\/p>\n<p><strong>Secret\u00e0ria de la Mesa:<\/strong><\/p>\n<p>La Coordinadora d&#8217;\u00c0rea de Contractaci\u00f3, Rosal\u00eda G\u00f3mez Barroso, substitut\/a qualsevol T\u00e8cnic\/a d&#8217;Administraci\u00f3 General de Contractaci\u00f3.<\/p>\n<p><em>La composici\u00f3 de la Mesa es publicar\u00e0 en el perfil del contractant de l&#8217;Ajuntament d&#8217;Elx, allotjat en la Plataforma de Contractaci\u00f3 del Sector P\u00fablic.<\/em>[\/vc_column_text][vc_empty_space][vc_column_text]<\/p>\n<h5>ENLLA\u00c7OS A LA PLATAFORMA DE CONTRACTACI\u00d3 DEL SECTOR P\u00daBLIC<\/h5>\n<p>[\/vc_column_text]\r\n        <p>\r\n        <span class=\"enlaces-titulo\"> Tinent alcalde de Contractaci\u00f3 <\/span> <span><a class=\"enlaces-link\" target='_blank'href=\"https:\/\/contrataciondelestado.es\/wps\/portal\/!ut\/p\/b1\/hc1NDoIwFATgs3AA8l4Riiyr8mcUQbTSbghRY0oEjRpFTi8at-jsJvkyAxKETixqU5MQBzKQdXFXh-KmTnVxBAFS2jnjbsJCZ4D-MnbRGC077S26isCrolGVavc7WEGGZp6Ww_N8m16Ssk2aqBXPyE4fZO4Q7iUuG9dP_XHV3j-S9u6iAZuOiI5gTxj-X5AfYg3GJp_ymKahjxgG3mS2Jhb6Bv2CHxdRcKr2UEmliwxLk2naC3Xy8As!\/dl4\/d5\/L0lDUmlTUSEhL3dHa0FKRnNBLzRKVXFDQSEhL2Nh\/ \">Veure enlla\u00e7<\/a><\/span>\r\n        <br>\r\n        <span class=\"enlaces-descripcion\">PROCEDIMENTS NEGOCIATS I CONTRACTES MENORS<\/span>\r\n        <\/p>\r\n        <hr class=\"enlaces-separador\">\r\n        \r\n        <p>\r\n        <span class=\"enlaces-titulo\"> Junta de Govern Local <\/span> <span><a class=\"enlaces-link\" target='_blank'href=\"https:\/\/contrataciondelestado.es\/wps\/portal\/!ut\/p\/b1\/hc7LDoIwEAXQb-EDzEx5FFlWBcQHimil3RCixJQIGGOM8vVW4xad3U1O7h2QIAbEoS61CfEgA9kUd3UqbqptijMIkNLNGfcTFnkWhpu1j-Zoo3Ww0hGB18VD1aorj7CFDO08rYaX5SG9JlWXPOJOPONFiLj0CA8Sn8XyOD-j8d6RtLcXTdhrIjTBnmP4v0F-iGONbT7ja5pG-pFoGkwWO-JgaNIv-DERT9u6hFqqgciwsplhvADrcP-7\/dl4\/d5\/L0lDUmlTUSEhL3dHa0FKRnNBLzRKVXFDQSEhL2Nh\/ \">Veure enlla\u00e7<\/a><\/span>\r\n        <br>\r\n        <span class=\"enlaces-descripcion\">RESTA DE CONTRACTES<\/span>\r\n        <\/p>\r\n        <hr class=\"enlaces-separador\">\r\n        [\/vc_column][\/vc_row][vc_row css=&#8221;.vc_custom_1475488264405{padding-bottom: 40px !important;}&#8221; el_id=&#8221;bloque_basica&#8221;][vc_column][vc_empty_space height=&#8221;20px&#8221;][\/vc_column][\/vc_row]<\/p>\n<\/div>","protected":false},"excerpt":{"rendered":"<p>[vc_row full_width=&#8221;stretch_row&#8221; css=&#8221;.vc_custom_1475488224066{background-color: #dddde0 !important;}&#8221;][vc_column][vc_column_text][\/vc_column_text][\/vc_column][\/vc_row][vc_row css=&#8221;.vc_custom_1475488264405{padding-bottom: 40px !important;}&#8221; el_id=&#8221;bloque_basica&#8221;][vc_column][vc_column_text]COMPOSICI\u00d3 Per acord de la Junta de Govern Local, de data 22 de setembre de 2023, s&#8217;aprova la modificaci\u00f3 de la mesa [&hellip;]<\/p>\n","protected":false},"author":9,"featured_media":0,"parent":6921,"menu_order":20,"comment_status":"closed","ping_status":"closed","template":"","meta":{"footnotes":""},"class_list":["post-14672","page","type-page","status-publish","hentry"],"_links":{"self":[{"href":"https:\/\/www.elche.es\/va\/wp-json\/wp\/v2\/pages\/14672","targetHints":{"allow":["GET"]}}],"collection":[{"href":"https:\/\/www.elche.es\/va\/wp-json\/wp\/v2\/pages"}],"about":[{"href":"https:\/\/www.elche.es\/va\/wp-json\/wp\/v2\/types\/page"}],"author":[{"embeddable":true,"href":"https:\/\/www.elche.es\/va\/wp-json\/wp\/v2\/users\/9"}],"replies":[{"embeddable":true,"href":"https:\/\/www.elche.es\/va\/wp-json\/wp\/v2\/comments?post=14672"}],"version-history":[{"count":3,"href":"https:\/\/www.elche.es\/va\/wp-json\/wp\/v2\/pages\/14672\/revisions"}],"predecessor-version":[{"id":259384,"href":"https:\/\/www.elche.es\/va\/wp-json\/wp\/v2\/pages\/14672\/revisions\/259384"}],"up":[{"embeddable":true,"href":"https:\/\/www.elche.es\/va\/wp-json\/wp\/v2\/pages\/6921"}],"wp:attachment":[{"href":"https:\/\/www.elche.es\/va\/wp-json\/wp\/v2\/media?parent=14672"}],"curies":[{"name":"wp","href":"https:\/\/api.w.org\/{rel}","templated":true}]}}