{"id":14954,"date":"2017-02-27T13:47:04","date_gmt":"2017-02-27T12:47:04","guid":{"rendered":"http:\/\/www.elche.es\/va\/ajuntament-delx\/organigrama-politico-administrativo\/"},"modified":"2025-07-02T14:20:26","modified_gmt":"2025-07-02T12:20:26","slug":"organigrama-politic-administratiu","status":"publish","type":"page","link":"https:\/\/www.elche.es\/va\/ajuntament-delx\/organigrama-politic-administratiu\/","title":{"rendered":"Organigrama politicoadministratiu"},"content":{"rendered":"<div class=\"wpb-content-wrapper\"><p>[vc_row][vc_column]<div class=\"templatera_shortcode\"><div data-vc-full-width=\"true\" data-vc-full-width-init=\"false\" class=\"vc_row wpb_row vc_row-fluid slidersecciones vc_custom_1611649768217 vc_row-has-fill\"><div class=\"wpb_column vc_column_container vc_col-sm-12\"><div class=\"vc_column-inner\"><div class=\"wpb_wrapper\"><h2 style=\"color: #ffffff;text-align: center;font-family:Ubuntu;font-weight:700;font-style:normal\" class=\"vc_custom_heading vc_do_custom_heading sombraTitulo cabeceramovil\" >AJUNTAMENT D'ELX<\/h2><\/div><\/div><\/div><\/div><div class=\"vc_row-full-width vc_clearfix\"><\/div><\/div>[\/vc_column][\/vc_row][vc_row][vc_column]<div class=\"templatera_shortcode\"><div id=\"bloque_menu_enlaces\" data-vc-full-width=\"true\" data-vc-full-width-init=\"false\" data-vc-stretch-content=\"true\" class=\"vc_row wpb_row vc_row-fluid bloquemnuestop vc_custom_1629977340156 vc_row-has-fill vc_row-no-padding\"><div class=\"wpb_column vc_column_container vc_col-sm-12\"><div class=\"vc_column-inner\"><div class=\"wpb_wrapper\">\r\n        \r\n        <a class=\"menuVC\"  href=\"https:\/\/www.elche.es\/va\/ajuntament-delx\/organizacio-municipal\/\"> <span> Organitzaci\u00f3 <\/span><\/a>\r\n        \r\n        <a class=\"menuVC\"  href=\"https:\/\/www.elche.es\/va\/ajuntament-delx\/corporacio-municipal\/\"> <span> Corporaci\u00f3 <\/span><\/a>\r\n        \r\n        <a class=\"menuVC\"  href=\"https:\/\/www.elche.es\/va\/ajuntament-delx\/composicio-del-govern-municipal\/\"> <span> El Ple <\/span><\/a>\r\n        \r\n        <a class=\"menuVC\"  href=\"https:\/\/www.elche.es\/va\/ajuntament-delx\/grups-politics\/\"> <span> Grups pol\u00edtics <\/span><\/a>\r\n        \r\n        <a class=\"menuVC\"  href=\"https:\/\/www.elche.es\/va\/ajuntament-delx\/societats-municipals\/\"> <span> Societats municipals <\/span><\/a>\r\n        \r\n        <a class=\"menuVC\"  href=\"https:\/\/www.elche.es\/va\/ajuntament-delx\/plans-i-programes\/\"> <span> Plans i programes <\/span><\/a>\r\n        \r\n        <a class=\"menuVC\"  href=\"https:\/\/www.elche.es\/va\/ajuntament-delx\/informacion-sobre-actuaciones-de-los-miembros-de-la-oposicion-relacionadas-con-el-control-de-gobierno\/\"> <span> Control de govern <\/span><\/a>\r\n        \r\n        <a class=\"menuVC\"  href=\"https:\/\/www.elche.es\/va\/ajuntament-delx\/resolucions-judicials\/\"> <span> Resolucions judicials <\/span><\/a>\r\n        \r\n        <a class=\"menuVC\"  href=\"https:\/\/www.elche.es\/va\/agenda-institucional\/\"> <span> Agenda institucional <\/span><\/a><\/div><\/div><\/div><\/div><div class=\"vc_row-full-width vc_clearfix\"><\/div>\r\n<\/div>[\/vc_column][\/vc_row][vc_row full_width=&#8221;stretch_row&#8221; css=&#8221;.vc_custom_1475488224066{background-color: #dddde0 !important;}&#8221;][vc_column][vc_column_text]<nav aria-label=\"breadcrumbs\">\n            <div class=\"breadcrumb-container theme1\">\n                <ol>\n                                    <\/ol>\n            <\/div>\n        <\/nav>    <script type=\"application\/ld+json\">\n        {\n            \"@context\": \"http:\/\/schema.org\",\n            \"@type\": \"BreadcrumbList\",\n            \"itemListElement\": [\n                            ]\n        }\n    <\/script>\n    <style type=\"text\/css\">\n        .breadcrumb-container {\n            font-size: 13px;\n        }\n\n        .breadcrumb-container ul {\n            margin: 0;\n            padding: 0;\n        }\n\n        .breadcrumb-container li {\n            box-sizing: unset;\n            display: inline-block;\n            margin: 0;\n            padding: 0;\n        }\n\n        .breadcrumb-container li a {\n            box-sizing: unset;\n            padding: 0 10px;\n        }\n\n        .breadcrumb-container {\n            font-size: 3 !important;\n                    }\n\n        .breadcrumb-container li a {\n            color: #0a0a0a !important;\n            font-size: 3 !important;\n            line-height: 3 !important;\n                    }\n\n        .breadcrumb-container li .separator {\n            font-size: 3 !important;\n                    }\n\n        .breadcrumb-container li:last-child .separator {\n            display: none;\n        }\n    <\/style>\n    <style type=\"text\/css\">\n        .breadcrumb-container.theme1 li {\n            margin: 0;\n            padding: 0;\n        }\n        .breadcrumb-container.theme1 a {\n            background: ;\n            display: inline-block;\n            margin: 0 5px;\n            padding: 5px 10px;\n            text-decoration: none;\n        }\n    <\/style>\n        <style type=\"text\/css\">\n            <\/style>\n    <script>\n            <\/script>\n[\/vc_column_text][\/vc_column][\/vc_row][vc_row css=&#8221;.vc_custom_1475488264405{padding-bottom: 40px !important;}&#8221; el_id=&#8221;bloque_basica&#8221;][vc_column]<h3 class=\"sc_title sc_title_regular transparenciastitulos margin_top_tiny\">Organigrama politicoadministratiu<\/h3>\r\n        <p>\r\n        <span class=\"enlaces-titulo\"> Creaci\u00f3 i de reordenaci\u00f3 de les \u00c0rees Municipals. <\/span> <span><a class=\"enlaces-link\" target='_blank'href=\"https:\/\/www.elche.es\/wp-content\/uploads\/2023\/07\/Certificado_acuerdo_reordenacion-areas.pdf \">Veure enlla\u00e7<\/a><\/span>\r\n        <br>\r\n        <span class=\"enlaces-descripcion\"><\/span>\r\n        <\/p>\r\n        <hr class=\"enlaces-separador\">\r\n        [vc_raw_html css=&#8221;.vc_custom_1751458802514{margin-top: 40px !important;}&#8221;]JTNDZGl2JTIwY2xhc3MlM0QlMjJjb250YWluZXJyJTIyJTNFJTBBJTIwJTIwJTNDaDElMjBjbGFzcyUzRCUyMmxldmVsLTElMjByZWN0YW5nbGUlMjIlM0VBTENBTEQlQzMlOERBJTNDYnIlM0UlMEElM0NzdHJvbmclM0VQYWJsbyUyMFJ1eiUyMFZpbGxhbnVldmElM0MlMkZzdHJvbmclM0UlM0MlMkZoMSUzRSUwQSUyMCUyMCUzQ29sJTIwY2xhc3MlM0QlMjJsZXZlbC0yLXdyYXBwZXIlMjIlM0UlMEElMDklMjAlMjAlMEElMjAlMjAlMjAlMjAlM0NsaSUzRSUwQSUyMCUyMCUyMCUyMCUyMCUyMCUzQ2gyJTIwY2xhc3MlM0QlMjJsZXZlbC0yJTIwcmVjdGFuZ2xlJTIyJTNFVmljZWFsY2FsZGUlMjBpJTIwUmVnaWRvciUyMGQlMjdFc3RyYXQlQzMlQThnaWElMjBNdW5pY2lwYWwlM0NiciUzRSUwQSUzQ3N0cm9uZyUzRUZyYW5jaXNjbyUyMEpvcyVDMyVBOSUyMFNvbGVyJTIwT2JyZXJvJTNDJTJGc3Ryb25nJTNFJTNDJTJGaDIlM0UlMEElMjAlMjAlMjAlMjAlMjAlMjAlMEElMjAlMjAlMjAlMjAlMjAlMEElMjAlMjAlMjAlMjAlM0MlMkZsaSUzRSUwQSUwOSUyMCUyMCUwQSUwOSUyMCUyMCUwQSUyMCUyMCUyMCUyMCUzQ2xpJTNFJTBBJTIwJTIwJTIwJTIwJTIwJTIwJTNDaDIlMjBjbGFzcyUzRCUyMmxldmVsLTIlMjByZWN0YW5nbGUlMjIlM0VSZWdpZG9yYSUyMGRlJTIwRmVzdGVqb3MlMjBpJTIwU2FuaXRhdCUzQ2JyJTNFJTBBJTNDc3Ryb25nJTNFSW5tYWN1bGFkYSUyME1vcmElMjBNYWRyaWQlM0MlMkZzdHJvbmclM0UlM0MlMkZoMiUzRSUwQSUyMCUyMCUyMCUyMCUyMCUyMCUyMCUyMCUyMCUzQyUyRmxpJTNFJTBBJTA5JTA5JTA5JTNDbGklM0UlMEElMjAlMjAlMjAlMjAlMjAlMjAlM0NoMiUyMGNsYXNzJTNEJTIybGV2ZWwtMiUyMHJlY3RhbmdsZSUyMiUzRVJlZ2lkb3IlMjBkZSUyMFNlcnZpY2lzJTIwaSUyMGVzcGFpcyUyMHAlQzMlQkFibGljcyUyQyUyMGlubm92YWNpJUMzJUIzJTJDJTIwY29udHJhY3RhY2klQzMlQjMlMjBpJTIwRm9ucyUyMEV1cm9wZXVzJTNDYnIlM0UlMEElM0NzdHJvbmclM0VKb3MlQzMlQTklMjBDbGF1ZGlvJTIwR3VpbGFiZXJ0JTIwRyVDMyVCM21leiUzQyUyRnN0cm9uZyUzRSUzQyUyRmgyJTNFJTBBJTIwJTIwJTIwJTIwJTIwJTIwJTIwJTIwJTNDJTJGbGklM0UlMEElMDklMDklMDklMEElMDklMDklMDklM0NsaSUzRSUwQSUyMCUyMCUyMCUyMCUyMCUyMCUzQ2gyJTIwY2xhc3MlM0QlMjJsZXZlbC0yJTIwcmVjdGFuZ2xlJTIyJTNFUmVnaWRvciUyMGQlMjdBY2NpJUMzJUIzJTIwU29jaWFsJTNDYnIlM0UlMEElM0NzdHJvbmclM0VDZWxpYSUyMExhc3RyYSUyMEQlQzMlQURheiUzQyUyRnN0cm9uZyUzRSUzQyUyRmgyJTNFJTBBJTIwJTIwJTIwJTIwJTIwJTIwJTIwJTIwJTNDJTJGbGklM0UlMEElMDklMjAlMjAlMEElMDklMjAlMjAlM0NsaSUzRSUwQSUwOSUyMCUyMCUwQSUwOSUwOSUyMCUyMCUzQ2gyJTIwY2xhc3MlM0QlMjJsZXZlbC0yJTIwcmVjdGFuZ2xlJTIyJTNFUmVnaWRvciUyMGRlJTIwUmVsYWNpb25zJTIwSW5zdGl0dWNpb25hbHMlMkMlMjBSZWN1cnMlMjBIdW1hbnMlMjBpJTIwQWlndWElM0NiciUzRSUwQSUzQ3N0cm9uZyUzRUp1YW4lMjBkZSUyMERpb3MlMjBOYXZhcnJvJTIwQ2FiYWxsZXJvJTNDJTJGc3Ryb25nJTNFJTNDJTJGaDIlM0UlMjAlMjAlMEElMDklMjAlMjAlMEElMDklMjAlMjAlM0MlMkZsaSUzRSUwQSUwOSUyMCUyMCUzQ2xpJTNFJTBBJTA5JTIwJTIwJTBBJTA5JTA5JTIwJTIwJTNDaDIlMjBjbGFzcyUzRCUyMmxldmVsLTIlMjByZWN0YW5nbGUlMjIlM0VSZWdpZG9yYSUyMGRlJTIwVHVyaXNtZSUyMGklMjBDdWx0dXJhJTNDYnIlM0UlMEElM0NzdHJvbmclM0VJcmVuZSUyMFJ1aXolMjBOb3J0ZXMlM0MlMkZzdHJvbmclM0UlM0MlMkZoMiUzRSUyMCUyMCUwQSUwOSUyMCUyMCUwQSUwOSUyMCUyMCUzQyUyRmxpJTNFJTBBJTA5JTIwJTIwJTNDbGklM0UlMEElMDklMjAlMjAlMEElMDklMDklMjAlMjAlM0NoMiUyMGNsYXNzJTNEJTIybGV2ZWwtMiUyMHJlY3RhbmdsZSUyMiUzRVJlZ2lkb3JhJTIwZGUlMjBUcmFuc3BhciVDMyVBOG5jaWElMkMlMjBQYXJ0aWNpcGFjaSVDMyVCMyUyQyUyMERpc3RyaWN0ZXMlMkMlMjBCaWJsaW90ZXF1ZXMlMkMlMjBNZXJjYXRzJTIwaSUyME1lcmNhdHMlMjBBbWJ1bGFudHMlM0NiciUzRSUwQSUzQ3N0cm9uZyUzRU0lQzIlQUElMjBEb2xvcmVzJTIwU2VybmElMjBTZXJyYW5vJTNDJTJGc3Ryb25nJTNFJTNDJTJGaDIlM0UlMjAlMjAlMEElMDklMjAlMjAlMEElMDklMjAlMjAlM0MlMkZsaSUzRSUwQSUwOSUyMCUyMCUzQ2xpJTNFJTBBJTA5JTIwJTIwJTBBJTA5JTA5JTIwJTIwJTNDaDIlMjBjbGFzcyUzRCUyMmxldmVsLTIlMjByZWN0YW5nbGUlMjIlM0VSZWdpZG9yYSUyMGQlMjdFZHVjYWNpJUMzJUIzJTJDJTIwRGlzY2FwYWNpdGF0JTIwaSUyMEpvdmVudHV0JTNDYnIlM0UlMEElM0NzdHJvbmclM0VNYXIlQzMlQURhJTIwQm9ubWF0JUMzJUFEJTIwQW1vciVDMyVCM3MlM0MlMkZzdHJvbmclM0UlM0MlMkZoMiUzRSUyMCUyMCUwQSUwOSUyMCUyMCUwQSUwOSUyMCUyMCUzQyUyRmxpJTNFJTBBJTA5JTIwJTIwJTNDbGklM0UlMEElMDklMjAlMjAlMEElM0NoMiUyMGNsYXNzJTNEJTIybGV2ZWwtMiUyMHJlY3RhbmdsZSUyMiUzRVJlZ2lkb3JhJTIwRG9uYSUyQyUyMENvbWVyJUMzJUE3JTJDJTIwSG9zdGFsZXJpYSUyMGklMjBkJTI3T2JlcnR1cmVzJTNDYnIlM0UlMEElM0NzdHJvbmclM0VDYXJpZGFkJTIwTWFydCVDMyVBRG5leiUyMEhlcm4lQzMlQTFuZGV6JTNDJTJGc3Ryb25nJTNFJTNDJTJGaDIlM0UlMjAlMjAlMEElMDklMjAlMjAlMEElMDklMjAlMjAlM0MlMkZsaSUzRSUwQSUwOSUwOSUyMCUyMCUzQ2xpJTNFJTBBJTA5JTIwJTIwJTBBJTNDaDIlMjBjbGFzcyUzRCUyMmxldmVsLTIlMjByZWN0YW5nbGUlMjIlM0VSZWdpZG9yJTIwTWVkaSUyMEFtYmllbnQlMjBpJTIwRXNwb3J0cyUzQ2JyJTNFJTBBJTNDc3Ryb25nJTNFSm9zJUMzJUE5JTIwQW50b25pbyUyMFJvbSVDMyVBMW4lMjBCZW50aWN1YWdhJTNDJTJGc3Ryb25nJTNFJTNDJTJGaDIlM0UlMjAlMjAlMEElMDklMjAlMjAlMEElMDklMjAlMjAlM0MlMkZsaSUzRSUyMCUyMCUwQSUwOSUwQSUwOSUyMCUyMCUzQ2xpJTNFJTBBJTA5JTIwJTIwJTBBJTA5JTA5JTIwJTIwJTNDaDIlMjBjbGFzcyUzRCUyMmxldmVsLTIlMjByZWN0YW5nbGUlMjIlM0VSZWdpZG9yYSUyMGRlJTIwRmFtJUMzJUFEbGlhJTIwaSUyME1ham9ycyUzQ2JyJTNFJTBBJTNDc3Ryb25nJTNFQXVyb3JhJTIwUm9kaWwlMjBNYXJ0JUMzJUFEbmV6JTNDJTJGc3Ryb25nJTNFJTNDJTJGaDIlM0UlMjAlMjAlMEElMDklMjAlMjAlMEElMDklMjAlMjAlM0MlMkZsaSUzRSUwQSUwOSUyMCUyMCUwQSUwOSUyMCUyMCUzQ2xpJTNFJTBBJTA5JTIwJTIwJTBBJTA5JTA5JTIwJTIwJTNDaDIlMjBjbGFzcyUzRCUyMmxldmVsLTIlMjByZWN0YW5nbGUlMjIlM0VSZWdpZG9yJTIwZGUlMjBQcm9tb2NpJUMzJUIzJTIwRWNvbiVDMyVCMm1pY2ElMkMlMjBGb3JtYWNpJUMzJUIzJTIwaSUyME9jdXBhY2klQzMlQjMlM0NiciUzRSUwQSUzQ3N0cm9uZyUzRVNhbXVlbCUyMFJ1aXolMjBUZW5hJTNDJTJGc3Ryb25nJTNFJTNDJTJGaDIlM0UlMjAlMjAlMEElMDklMjAlMjAlMEElMDklMjAlMjAlM0MlMkZsaSUzRSUwQSUwOSUyMCUyMCUwQSUwOSUyMCUyMCUzQ2xpJTNFJTBBJTA5JTIwJTIwJTBBJTA5JTA5JTIwJTIwJTNDaDIlMjBjbGFzcyUzRCUyMmxldmVsLTIlMjByZWN0YW5nbGUlMjIlM0VSZWdpZG9yJTIwZGUlMjBQZWRhbmllcyUyQyUyMENhbXAlMjBkJTI3RWx4JTIwaSUyMFZlcnRlYnJhY2klQzMlQjMlMjBUZXJyaXRvcmlhbCUzQ2JyJTNFJTBBJTNDc3Ryb25nJTNFUGVkcm8lMjBKb3MlQzMlQTklMjBTJUMzJUExZXolMjBTJUMzJUExbmNoZXolM0MlMkZzdHJvbmclM0UlM0MlMkZoMiUzRSUyMCUyMCUwQSUwOSUyMCUyMCUwQSUwOSUyMCUyMCUzQyUyRmxpJTNFJTBBJTA5JTA5JTIwJTIwJTBBJTIwJTIwJTNDJTJGb2wlM0UlMEElM0MlMkZkaXYlM0UlMEE=[\/vc_raw_html][\/vc_column][\/vc_row]<\/p>\n<\/div>","protected":false},"excerpt":{"rendered":"AJUNTAMENT D'ELX Organitzaci\u00f3 Corporaci\u00f3 El Ple Grups pol\u00edtics Societats municipals Plans i programes Control de govern Resolucions judicials Agenda institucional Organigrama politicoadministratiu Creaci\u00f3 i de reordenaci\u00f3 de les \u00c0rees Municipals. [...]","protected":false},"author":131,"featured_media":0,"parent":6804,"menu_order":0,"comment_status":"closed","ping_status":"closed","template":"","meta":{"footnotes":""},"class_list":["post-14954","page","type-page","status-publish","hentry"],"_links":{"self":[{"href":"https:\/\/www.elche.es\/va\/wp-json\/wp\/v2\/pages\/14954","targetHints":{"allow":["GET"]}}],"collection":[{"href":"https:\/\/www.elche.es\/va\/wp-json\/wp\/v2\/pages"}],"about":[{"href":"https:\/\/www.elche.es\/va\/wp-json\/wp\/v2\/types\/page"}],"author":[{"embeddable":true,"href":"https:\/\/www.elche.es\/va\/wp-json\/wp\/v2\/users\/131"}],"replies":[{"embeddable":true,"href":"https:\/\/www.elche.es\/va\/wp-json\/wp\/v2\/comments?post=14954"}],"version-history":[{"count":5,"href":"https:\/\/www.elche.es\/va\/wp-json\/wp\/v2\/pages\/14954\/revisions"}],"predecessor-version":[{"id":340136,"href":"https:\/\/www.elche.es\/va\/wp-json\/wp\/v2\/pages\/14954\/revisions\/340136"}],"up":[{"embeddable":true,"href":"https:\/\/www.elche.es\/va\/wp-json\/wp\/v2\/pages\/6804"}],"wp:attachment":[{"href":"https:\/\/www.elche.es\/va\/wp-json\/wp\/v2\/media?parent=14954"}],"curies":[{"name":"wp","href":"https:\/\/api.w.org\/{rel}","templated":true}]}}