{"id":152234,"date":"2021-06-17T09:50:35","date_gmt":"2021-06-17T08:50:35","guid":{"rendered":"https:\/\/www.elche.es\/joventut\/carnet-jove\/"},"modified":"2025-01-13T09:27:17","modified_gmt":"2025-01-13T07:27:17","slug":"carnet-jove","status":"publish","type":"page","link":"https:\/\/www.elche.es\/va\/juventud\/cij\/carnet-jove\/","title":{"rendered":"Carnet Jove"},"content":{"rendered":"<div class=\"wpb-content-wrapper\"><p>[vc_row full_width=&#8221;stretch_row&#8221; css=&#8221;.vc_custom_1623910747535{background-image: url(https:\/\/www.elche.es\/wp-content\/uploads\/2021\/06\/carnet-jove-anverso-y-reverso.png?id=151251) !important;background-position: center !important;background-repeat: no-repeat !important;background-size: cover !important;}&#8221; el_id=&#8221;bloque_titulo&#8221; el_class=&#8221;slidersecciones&#8221;][vc_column][vc_custom_heading text=&#8221;CARNET JOVE&#8221; font_container=&#8221;tag:h2|text_align:center|color:%23ffffff&#8221; google_fonts=&#8221;font_family:Ubuntu%3A300%2C300italic%2Cregular%2Citalic%2C500%2C500italic%2C700%2C700italic|font_style:700%20bold%20regular%3A700%3Anormal&#8221; el_class=&#8221;sombraTitulo cabeceramovil&#8221;][\/vc_column][\/vc_row][vc_row][vc_column]<div class=\"templatera_shortcode\"><div id=\"bloque_menu_enlaces\" data-vc-full-width=\"true\" data-vc-full-width-init=\"false\" data-vc-stretch-content=\"true\" class=\"vc_row wpb_row vc_row-fluid bloquemnuestop vc_custom_1621934949028 vc_row-has-fill vc_row-no-padding\"><div class=\"centrado-texto wpb_column vc_column_container vc_col-sm-12\"><div class=\"vc_column-inner\"><div class=\"wpb_wrapper\">\r\n        \r\n        <a class=\"menuVC\"  href=\"https:\/\/www.elche.es\/va\/juventud\/\"> <span> Inici <\/span><\/a>\r\n        \r\n        <a class=\"menuVC\" target='_blank' href=\"https:\/\/www.elche.es\/wp-content\/uploads\/2026\/01\/Plan-joven-2026-2029-Elche.pdf\"> <span> Pla Jove 2026-2029 <\/span><\/a>\r\n        \r\n        <a class=\"menuVC\"  href=\"https:\/\/www.elche.es\/va\/juventud\/cursos-y-talleres\/\"> <span> Cursos i tallers <\/span><\/a>\r\n        \r\n        <a class=\"menuVC\" target='_blank' href=\"https:\/\/elche.i2a.es\/CronosWeb3\/Login\"> <span> Inscripcions <\/span><\/a>\r\n        \r\n        <a class=\"menuVC\"  href=\"https:\/\/www.elche.es\/va\/juventud\/directorio\/\"> <span> Directori <\/span><\/a>\r\n        \r\n        <a class=\"menuVC\"  href=\"https:\/\/www.elche.es\/va\/juventud\/contacto-juventud\/\"> <span> Contacte <\/span><\/a>\n\t<div class=\"wpb_raw_code wpb_raw_html wpb_content_element boletinjuventud ocultar\" >\n\t\t<div class=\"wpb_wrapper\">\n\t\t\t&nbsp;\n\n<span class=\"mj-w-button mj-w-btn\" data-token=\"3c0184fdbaba3a3aa1134c11046fe6fe\">Subscriu-te a la nostra NEWSLETTER!<\/span>\n\t\t<\/div>\n\t<\/div>\n<\/div><\/div><\/div><\/div><div class=\"vc_row-full-width vc_clearfix\"><\/div>\r\n<\/div>[\/vc_column][\/vc_row][vc_row full_width=&#8221;stretch_row&#8221; css=&#8221;.vc_custom_1475486881904{background-color: #dddde0 !important;}&#8221;][vc_column][vc_column_text]<nav aria-label=\"breadcrumbs\">\n            <div class=\"breadcrumb-container theme1\">\n                <ol>\n                                    <\/ol>\n            <\/div>\n        <\/nav>    <script type=\"application\/ld+json\">\n        {\n            \"@context\": \"http:\/\/schema.org\",\n            \"@type\": \"BreadcrumbList\",\n            \"itemListElement\": [\n                            ]\n        }\n    <\/script>\n    <style type=\"text\/css\">\n        .breadcrumb-container {\n            font-size: 13px;\n        }\n\n        .breadcrumb-container ul {\n            margin: 0;\n            padding: 0;\n        }\n\n        .breadcrumb-container li {\n            box-sizing: unset;\n            display: inline-block;\n            margin: 0;\n            padding: 0;\n        }\n\n        .breadcrumb-container li a {\n            box-sizing: unset;\n            padding: 0 10px;\n        }\n\n        .breadcrumb-container {\n            font-size: 3 !important;\n                    }\n\n        .breadcrumb-container li a {\n            color: #0a0a0a !important;\n            font-size: 3 !important;\n            line-height: 3 !important;\n                    }\n\n        .breadcrumb-container li .separator {\n            font-size: 3 !important;\n                    }\n\n        .breadcrumb-container li:last-child .separator {\n            display: none;\n        }\n    <\/style>\n    <style type=\"text\/css\">\n        .breadcrumb-container.theme1 li {\n            margin: 0;\n            padding: 0;\n        }\n        .breadcrumb-container.theme1 a {\n            background: ;\n            display: inline-block;\n            margin: 0 5px;\n            padding: 5px 10px;\n            text-decoration: none;\n        }\n    <\/style>\n        <style type=\"text\/css\">\n            <\/style>\n    <script>\n            <\/script>\n[\/vc_column_text][\/vc_column][\/vc_row][vc_row full_width=&#8221;stretch_row&#8221;][vc_column][vc_empty_space]<h3 class=\"sc_title sc_title_regular margin_top_tiny margin_bottom_tiny\" style=\"margin-top: 4.05em;margin-bottom: 1.35em;\">Carnet Jove<\/h3>[vc_empty_space][\/vc_column][\/vc_row][vc_row][vc_column][vc_tta_accordion][vc_tta_section title=&#8221;Qu\u00e8 \u00e9s?&#8221; tab_id=&#8221;1624273246588-e6d3aa39-26d7&#8243;][vc_column_text]El Carnet Jove \u00e9s una targeta personal v\u00e0lida a tota Espanya i en els pa\u00efsos europeus adherits al Carnet Jove Europeu (European Youth Card, EYCA). T&#8217;ofereix <a href=\"https:\/\/ivaj.gva.es\/va\/descuentos\" target=\"_blank\" rel=\"noopener\">descomptes<\/a> en comer\u00e7os, transports, museus, espectacles, esports, etc., i en activitats organitzades per l&#8217;IVAJ. Tamb\u00e9 funciona com a Carnet d&#8217;Alberguista, adm\u00e9s en els 60 pa\u00efsos que formen la xarxa Hostelling International (HI), amb milers de descomptes en tot el m\u00f3n.<\/p>\n<p>Et recomanem que consultes sempre les respectives p\u00e0gines web per a saber quins descomptes hi ha en cada moment, ja que canvien sovint.[\/vc_column_text][\/vc_tta_section][vc_tta_section title=&#8221;Qui pot sol\u00b7licitar-lo?&#8221; tab_id=&#8221;1624273246608-2c57fe15-22e1&#8243;][vc_column_text]El pots obtenir si tens <strong>entre 14 i 30 anys<\/strong>, ambd\u00f3s inclusivament, i resideixes en la Comunitat Valenciana.[\/vc_column_text][\/vc_tta_section][vc_tta_section title=&#8221;Quant costa?&#8221; tab_id=&#8221;1624273341693-22b7d8ba-8fc6&#8243;][vc_column_text]A partir de l&#8217;1 de gener de 2023, el Carnet Jove \u00e9s gratu\u00eft.[\/vc_column_text][\/vc_tta_section][vc_tta_section title=&#8221;On s&#8217;obt\u00e9?&#8221; tab_id=&#8221;1624273373233-2c747d8f-e6e5&#8243;][vc_column_text]<\/p>\n<ul>\n<li><strong>Targeta cl\u00e0ssica<\/strong>: en la nostra <a href=\"https:\/\/sede.elche.es\/sta\/CarpetaPublic\/doEvent?APP_CODE=STA&amp;PAGE_CODE=PTS2_HOME&amp;lang=CA\" target=\"_blank\" rel=\"noopener\">seu electr\u00f2nica<\/a>\u00a0 o en el <a href=\"https:\/\/www.elche.es\/va\/juventud\/cij\/\">Centre d&#8217;Informaci\u00f3 Juvenil<\/a> (amb cita pr\u00e8via).<\/li>\n<li><strong>Targeta financera<\/strong> (de d\u00e8bit): en <a href=\"https:\/\/www.caixabank.cat\/particular\/targetes\/carnet-jove.html\">Bankia-CaixaBank<\/a>, <a href=\"https:\/\/www.imaginbank.com\/carnet-jove-valencia_es.html?afl=afl:nc-carnetjovevalencia\">ImaginBank<\/a>, <a href=\"https:\/\/www.grupocooperativocajamar.es\/es\/particulares\/productos-y-servicios\/tarjetas\/carnet-jove\/\">Grupo Cooperativo Cajamar<\/a>, <a href=\"http:\/\/www.avcc.es\/carnet-jove-2\/?lang=es\">Associaci\u00f3 Valenciana de Cooperatives\u00a0 de Cr\u00e8dit (AVCC)<\/a> i <a href=\"https:\/\/clientes.caixaontinyent.es\/carnet-joven-particulares\">Caixa Ontinyent<\/a>.<\/li>\n<\/ul>\n<p>[\/vc_column_text][\/vc_tta_section][vc_tta_section title=&#8221;Com se sol\u00b7licita?&#8221; tab_id=&#8221;1624273403908-fc12dceb-215d&#8221;][vc_column_text]<\/p>\n<ul>\n<li>En l\u00ednia: clica &#8220;Presentar una nova sol\u00b7licitud a l&#8217;Ajuntament&#8221; a la nostra <a href=\"https:\/\/sede.elche.es\/\">seu electr\u00f2nica<\/a> i busca &#8220;Carnet Jove&#8221;. Segueix les <a href=\"https:\/\/sede.elche.es\/sta\/docs\/GetDocumentServlet?CUD=14154576004664774304&amp;HASH_CUD=48a472b0c04f0b09bd1873b63e7b888b5ad14d8d&amp;APP_CODE=STA\">instruccions<\/a> que t&#8217;indiquem i et telefonarem perqu\u00e8 vingues a recollir el teu carnet quan estiga llest.<\/li>\n<li>En el <a href=\"https:\/\/www.elche.es\/va\/juventud\/cij\/\">Centre d&#8217;Informaci\u00f3 Juvenil<\/a>: demana cita i porta&#8217;ns tota la documentaci\u00f3. T&#8217;entregarem el carnet en el moment.<\/li>\n<\/ul>\n<p>[\/vc_column_text][\/vc_tta_section][vc_tta_section title=&#8221;Contacte i cita pr\u00e8via&#8221; tab_id=&#8221;1624273619599-9ada6c39-8e6d&#8221;][vc_column_text css=&#8221;&#8221;]<\/p>\n<p data-fontsize=\"18\">Si tens dubtes o vols ampliar informaci\u00f3, envia&#8217;ns la teua consulta o demana cita a trav\u00e9s <a href=\"mailto:juventud@elche.es\">juventud@elche.es<\/a> i t&#8217;atendrem de manera personalitzada. Tamb\u00e9 pots enviar-nos un WhatsApp al <a href=\"https:\/\/wa.me\/34673694753\">673 694 753<\/a>.<\/p>\n<p>L&#8217;horari del <a href=\"https:\/\/www.elche.es\/va\/locations\/centro-de-informacion-juvenil\/\">Centre d&#8217;Informaci\u00f3 Juvenil<\/a> \u00e9s de dilluns a divendres, de 9.00 a 14.00. Tamb\u00e9 obri els dimarts de vesprada, de 16.00 a 18.00.[\/vc_column_text][vc_empty_space][\/vc_tta_section][vc_tta_section title=&#8221;Et pot interessar&#8221; tab_id=&#8221;1624273649902-d24cbf96-a363&#8243;]\r\n        <p>\r\n        <span class=\"enlaces-titulo\"> P\u00e0gina web de la EYCA <\/span> <span><a class=\"enlaces-link\" target='_blank'href=\"https:\/\/www.eyca.org\/ \">Veure enlla\u00e7<\/a><\/span>\r\n        <br>\r\n        <span class=\"enlaces-descripcion\">Informaci\u00f3 sobre la European Youth Card (en angl\u00e9s).<\/span>\r\n        <\/p>\r\n        <hr class=\"enlaces-separador\">\r\n        \r\n        <p>\r\n        <span class=\"enlaces-titulo\"> P\u00e0gina web de la REAJ <\/span> <span><a class=\"enlaces-link\" target='_blank'href=\"https:\/\/descuentos.reaj.com\/ \">Veure enlla\u00e7<\/a><\/span>\r\n        <br>\r\n        <span class=\"enlaces-descripcion\">Informaci\u00f3 sobre descomptes de la Xarxa Espanyola d'Albergs Juvenils<\/span>\r\n        <\/p>\r\n        <hr class=\"enlaces-separador\">\r\n        \r\n        <p>\r\n        <span class=\"enlaces-titulo\"> P\u00e0gina web de la HI <\/span> <span><a class=\"enlaces-link\" target='_blank'href=\"https:\/\/www.hihostels.com\/es \">Veure enlla\u00e7<\/a><\/span>\r\n        <br>\r\n        <span class=\"enlaces-descripcion\">Informaci\u00f3 sobre la xarxa mundial d'albergs juvenils<\/span>\r\n        <\/p>\r\n        <hr class=\"enlaces-separador\">\r\n        \r\n        <p>\r\n        <span class=\"enlaces-titulo\"> Carnet d'Alberguista <\/span> <span><a class=\"enlaces-link\" target='_blank'href=\"https:\/\/reaj.com\/informacion\/ \">Veure enlla\u00e7<\/a><\/span>\r\n        <br>\r\n        <span class=\"enlaces-descripcion\">Com i on obtenir el Carnet d'Alberguista<\/span>\r\n        <\/p>\r\n        <hr class=\"enlaces-separador\">\r\n        \r\n        <p>\r\n        <span class=\"enlaces-titulo\"> Carnet Internacional d'Estudiant <\/span> <span><a class=\"enlaces-link\" target='_blank'href=\"https:\/\/isic.es\/carne-isic-para-estudiantes\/?gclid=Cj0KCQjwlMaGBhD3ARIsAPvWd6iegoKRwnrpD7Cj2XVJyDwoiv0qio1SIykxzsNJFbXICAzYXR_UAOUaAhXDEALw_wcB \">Veure enlla\u00e7<\/a><\/span>\r\n        <br>\r\n        <span class=\"enlaces-descripcion\">Qu\u00e8 \u00e9s i com obtenir l'ISIC<\/span>\r\n        <\/p>\r\n        <hr class=\"enlaces-separador\">\r\n        [\/vc_tta_section][\/vc_tta_accordion][\/vc_column][\/vc_row][vc_row][vc_column]<div class=\"templatera_shortcode\"><div data-vc-full-width=\"true\" data-vc-full-width-init=\"false\" class=\"vc_row wpb_row vc_row-fluid vc_custom_1619599214211\"><div class=\"wpb_column vc_column_container vc_col-sm-6\"><div class=\"vc_column-inner\"><div class=\"wpb_wrapper\"><div id='modulo_datos_contacto'> <p class='titulo_datos_contacto'>Dades de contacte <\/p> <hr><p class=\"contactoArea\"> <i class=\"fa fa-map-marker\" aria-hidden=\"true\"><\/i>C\/ Curtidors 23 | 03203 Elche<\/p><p class=\"contactoArea\"><i class=\"fa fa-phone\" aria-hidden=\"true\"><\/i>96 665 80 60<\/p><p class=\"contactoArea\"><i class=\"fa fa-envelope\" aria-hidden=\"true\"><\/i><a href=\"mailto:juventud@elche.es\"> juventud@elche.es<\/a><\/p><div id='contacto-rrss'><\/div><\/div><div class=\"vc_icon_element vc_icon_element-outer vc_do_icon vc_icon_element-align-left\"><div class=\"vc_icon_element-inner vc_icon_element-color-black vc_icon_element-size-lg vc_icon_element-style- vc_icon_element-background-color-grey\" ><span class=\"vc_icon_element-icon fab fa-whatsapp\" ><\/span><a class=\"vc_icon_element-link\" href=\"https:\/\/wa.me\/34673694753\"  title=\"\" target=\"_self\"><\/a><\/div><\/div><div class=\"vc_icon_element vc_icon_element-outer vc_do_icon vc_icon_element-align-left\"><div class=\"vc_icon_element-inner vc_icon_element-color-black vc_icon_element-size-lg vc_icon_element-style- vc_icon_element-background-color-grey\" ><span class=\"vc_icon_element-icon fab fa-facebook-square\" ><\/span><a class=\"vc_icon_element-link\" href=\"https:\/\/www.facebook.com\/elchejuventud\"  title=\"\" target=\"_blank\"><\/a><\/div><\/div><div class=\"vc_icon_element vc_icon_element-outer vc_do_icon vc_icon_element-align-left\"><div class=\"vc_icon_element-inner vc_icon_element-color-black vc_icon_element-size-lg vc_icon_element-style- vc_icon_element-background-color-grey\" ><span class=\"vc_icon_element-icon fab fa-twitter-square\" ><\/span><a class=\"vc_icon_element-link\" href=\"https:\/\/twitter.com\/elchejuventud\"  title=\"\" target=\"_blank\"><\/a><\/div><\/div><div class=\"vc_icon_element vc_icon_element-outer vc_do_icon vc_icon_element-align-left\"><div class=\"vc_icon_element-inner vc_icon_element-color-black vc_icon_element-size-lg vc_icon_element-style- vc_icon_element-background-color-grey\" ><span class=\"vc_icon_element-icon fab fa-instagram\" ><\/span><a class=\"vc_icon_element-link\" href=\"https:\/\/www.instagram.com\/elchejuventud\/\"  title=\"\" target=\"_blank\"><\/a><\/div><\/div><div class=\"vc_icon_element vc_icon_element-outer vc_do_icon vc_icon_element-align-left\"><div class=\"vc_icon_element-inner vc_icon_element-color-black vc_icon_element-size-md vc_icon_element-style- vc_icon_element-background-color-grey\" ><span class=\"vc_icon_element-icon fas fa-microphone\" ><\/span><a class=\"vc_icon_element-link\" href=\"http:\/\/radio.elche.es:8000\/stream\"  title=\"Streaming de Radio Joven Digital\" target=\"_self\"><\/a><\/div><\/div><\/div><\/div><\/div><div class=\"iconosjuventud wpb_column vc_column_container vc_col-sm-6\"><div class=\"vc_column-inner\"><div class=\"wpb_wrapper\"><div\r\n                id=\"sbs-openstreetmap-block-69e30d5149039\" \r\n                class=\"sbs_openstreetmap_module\" \r\n                data-map-style=\"OpenStreetMap.DE\"\r\n                data-map-style-key=\"\"\r\n                data-zoom=\"15\" \r\n                data-ctrl-mouse-zoom=\"true\" \r\n                data-latitude=\"38.256430\" \r\n                data-longitude=\"-0.692154\" \r\n                data-routing=\"false\" \r\n                data-destination-marker=\"0\" \r\n                data-router=\"osrmv1\" \r\n                data-router-key=\"\" \r\n                data-show-attribution=\"true\" \r\n                data-geocoder=\"nominatim\" \r\n                data-geocoder-key=\"\" \r\n                data-center-marker=\"0\"\r\n                data-marker-list='[{\"marker_source\":\"coordinates\",\"marker_address\":\"\",\"marker_latitude\":\"38.2564299\",\"marker_longitude\":\"-0.6921543,18\",\"marker_center\":\"true\",\"marker_icon\":\"\",\"marker_color\":\"red\"}]'>\r\n                <div class=\"sbs_openstreetmap_container\" style=\"padding-bottom: 50%\"><\/div>\r\n                <div class=\"marker_list\">\r\n                    <div class=\"marker_element\" data-marker-source=\"coordinates\" data-marker-address=\"\" data-marker-latitude=\"38.256430\" data-marker-longitude=\"-0.692154\" data-marker-icon=\"\" data-marker-color=\"red\" data-marker-text=\"\">Marker <span class=\"marker_number\"><\/span> (lat: 38.2564299, lng: -0.6921543,18)<\/div>                <\/div>\r\n            <\/div><\/div><\/div><\/div><\/div><div class=\"vc_row-full-width vc_clearfix\"><\/div><div class=\"vc_row wpb_row vc_row-fluid\"><div class=\"wpb_column vc_column_container vc_col-sm-12\"><div class=\"vc_column-inner\"><div class=\"wpb_wrapper\">\n\t<div class=\"wpb_raw_code wpb_raw_html wpb_content_element\" >\n\t\t<div class=\"wpb_wrapper\">\n\t\t\t<style>.vc_icon_element.vc_icon_element-outer.vc_icon_element-align-left {text-align: left;float: left;}<\/style>\n\t\t<\/div>\n\t<\/div>\n<\/div><\/div><\/div><\/div><\/div>[\/vc_column][\/vc_row][vc_row el_class=&#8221;ocultar&#8221;][vc_column][sbs_wpb_openstreetmap map_style=&#8221;openstreetmap_de&#8221; ctrl_mouse_zoom=&#8221;&#8221;][\/sbs_wpb_openstreetmap][\/vc_column][\/vc_row][vc_row][vc_column][vc_empty_space][\/vc_column][\/vc_row]<\/p>\n<\/div>","protected":false},"excerpt":{"rendered":"CARNET JOVE Inici Pla Jove 2026-2029 Cursos i tallers Inscripcions Directori Contacte &nbsp; Subscriu-te a la nostra NEWSLETTER! Carnet JoveQu\u00e8 \u00e9s? El Carnet Jove \u00e9s una targeta personal v\u00e0lida a [...]","protected":false},"author":108,"featured_media":0,"parent":152265,"menu_order":0,"comment_status":"closed","ping_status":"closed","template":"","meta":{"footnotes":""},"class_list":["post-152234","page","type-page","status-publish","hentry"],"_links":{"self":[{"href":"https:\/\/www.elche.es\/va\/wp-json\/wp\/v2\/pages\/152234","targetHints":{"allow":["GET"]}}],"collection":[{"href":"https:\/\/www.elche.es\/va\/wp-json\/wp\/v2\/pages"}],"about":[{"href":"https:\/\/www.elche.es\/va\/wp-json\/wp\/v2\/types\/page"}],"author":[{"embeddable":true,"href":"https:\/\/www.elche.es\/va\/wp-json\/wp\/v2\/users\/108"}],"replies":[{"embeddable":true,"href":"https:\/\/www.elche.es\/va\/wp-json\/wp\/v2\/comments?post=152234"}],"version-history":[{"count":1,"href":"https:\/\/www.elche.es\/va\/wp-json\/wp\/v2\/pages\/152234\/revisions"}],"predecessor-version":[{"id":322355,"href":"https:\/\/www.elche.es\/va\/wp-json\/wp\/v2\/pages\/152234\/revisions\/322355"}],"up":[{"embeddable":true,"href":"https:\/\/www.elche.es\/va\/wp-json\/wp\/v2\/pages\/152265"}],"wp:attachment":[{"href":"https:\/\/www.elche.es\/va\/wp-json\/wp\/v2\/media?parent=152234"}],"curies":[{"name":"wp","href":"https:\/\/api.w.org\/{rel}","templated":true}]}}