{"id":152265,"date":"2021-06-23T07:31:41","date_gmt":"2021-06-23T06:31:41","guid":{"rendered":"https:\/\/www.elche.es\/joventut\/cij\/"},"modified":"2025-03-20T15:03:38","modified_gmt":"2025-03-20T13:03:38","slug":"cij","status":"publish","type":"page","link":"https:\/\/www.elche.es\/va\/juventud\/cij\/","title":{"rendered":"Centre d&#8217;Informaci\u00f3 Juvenil"},"content":{"rendered":"<div class=\"wpb-content-wrapper\"><p>[vc_row full_width=&#8221;stretch_row&#8221; css=&#8221;.vc_custom_1624270942465{background-image: url(https:\/\/www.elche.es\/wp-content\/uploads\/2021\/05\/IMG_4518.jpg?id=147794) !important;background-position: center !important;background-repeat: no-repeat !important;background-size: cover !important;}&#8221; el_id=&#8221;bloque_titulo&#8221; el_class=&#8221;slidersecciones&#8221;][vc_column][vc_custom_heading text=&#8221;CENTRE D&#8217;INFORMACI\u00d3 JUVENIL&#8221; font_container=&#8221;tag:h2|text_align:center|color:%23ffffff&#8221; google_fonts=&#8221;font_family:Ubuntu%3A300%2C300italic%2Cregular%2Citalic%2C500%2C500italic%2C700%2C700italic|font_style:700%20bold%20regular%3A700%3Anormal&#8221; el_class=&#8221;sombraTitulo cabeceramovil&#8221;][\/vc_column][\/vc_row][vc_row][vc_column]<div class=\"templatera_shortcode\"><div id=\"bloque_menu_enlaces\" data-vc-full-width=\"true\" data-vc-full-width-init=\"false\" data-vc-stretch-content=\"true\" class=\"vc_row wpb_row vc_row-fluid bloquemnuestop vc_custom_1621934949028 vc_row-has-fill vc_row-no-padding\"><div class=\"centrado-texto wpb_column vc_column_container vc_col-sm-12\"><div class=\"vc_column-inner\"><div class=\"wpb_wrapper\">\r\n        \r\n        <a class=\"menuVC\"  href=\"https:\/\/www.elche.es\/va\/juventud\/\"> <span> Inici <\/span><\/a>\r\n        \r\n        <a class=\"menuVC\" target='_blank' href=\"https:\/\/www.elche.es\/wp-content\/uploads\/2026\/01\/Plan-joven-2026-2029-Elche.pdf\"> <span> Pla Jove 2026-2029 <\/span><\/a>\r\n        \r\n        <a class=\"menuVC\"  href=\"https:\/\/www.elche.es\/va\/juventud\/cursos-y-talleres\/\"> <span> Cursos i tallers <\/span><\/a>\r\n        \r\n        <a class=\"menuVC\" target='_blank' href=\"https:\/\/elche.i2a.es\/CronosWeb3\/Login\"> <span> Inscripcions <\/span><\/a>\r\n        \r\n        <a class=\"menuVC\"  href=\"https:\/\/www.elche.es\/va\/juventud\/directorio\/\"> <span> Directori <\/span><\/a>\r\n        \r\n        <a class=\"menuVC\"  href=\"https:\/\/www.elche.es\/va\/juventud\/contacto-juventud\/\"> <span> Contacte <\/span><\/a>\n\t<div class=\"wpb_raw_code wpb_raw_html wpb_content_element boletinjuventud ocultar\" >\n\t\t<div class=\"wpb_wrapper\">\n\t\t\t&nbsp;\n\n<span class=\"mj-w-button mj-w-btn\" data-token=\"3c0184fdbaba3a3aa1134c11046fe6fe\">Subscriu-te a la nostra NEWSLETTER!<\/span>\n\t\t<\/div>\n\t<\/div>\n<\/div><\/div><\/div><\/div><div class=\"vc_row-full-width vc_clearfix\"><\/div>\r\n<\/div>[\/vc_column][\/vc_row][vc_row full_width=&#8221;stretch_row&#8221; css=&#8221;.vc_custom_1475486881904{background-color: #dddde0 !important;}&#8221;][vc_column][vc_column_text]<nav aria-label=\"breadcrumbs\">\n            <div class=\"breadcrumb-container theme1\">\n                <ol>\n                                    <\/ol>\n            <\/div>\n        <\/nav>    <script type=\"application\/ld+json\">\n        {\n            \"@context\": \"http:\/\/schema.org\",\n            \"@type\": \"BreadcrumbList\",\n            \"itemListElement\": [\n                            ]\n        }\n    <\/script>\n    <style type=\"text\/css\">\n        .breadcrumb-container {\n            font-size: 13px;\n        }\n\n        .breadcrumb-container ul {\n            margin: 0;\n            padding: 0;\n        }\n\n        .breadcrumb-container li {\n            box-sizing: unset;\n            display: inline-block;\n            margin: 0;\n            padding: 0;\n        }\n\n        .breadcrumb-container li a {\n            box-sizing: unset;\n            padding: 0 10px;\n        }\n\n        .breadcrumb-container {\n            font-size: 3 !important;\n                    }\n\n        .breadcrumb-container li a {\n            color: #0a0a0a !important;\n            font-size: 3 !important;\n            line-height: 3 !important;\n                    }\n\n        .breadcrumb-container li .separator {\n            font-size: 3 !important;\n                    }\n\n        .breadcrumb-container li:last-child .separator {\n            display: none;\n        }\n    <\/style>\n    <style type=\"text\/css\">\n        .breadcrumb-container.theme1 li {\n            margin: 0;\n            padding: 0;\n        }\n        .breadcrumb-container.theme1 a {\n            background: ;\n            display: inline-block;\n            margin: 0 5px;\n            padding: 5px 10px;\n            text-decoration: none;\n        }\n    <\/style>\n        <style type=\"text\/css\">\n            <\/style>\n    <script>\n            <\/script>\n[\/vc_column_text][\/vc_column][\/vc_row][vc_row full_width=&#8221;stretch_row&#8221;][vc_column]<h3 class=\"sc_title sc_title_regular margin_top_tiny margin_bottom_tiny\" style=\"margin-top: 4.05em;margin-bottom: 1.35em;\">Centre d&#8217;Informaci\u00f3 Juvenil<\/h3>[vc_column_text css=&#8221;&#8221;]El Centre d&#8217;Informaci\u00f3 Juvenil \u00e9s un servei gratu\u00eft on podr\u00e0s informar-te i assessorar-te sobre els temes que t&#8217;interessen:<\/p>\n<ul>\n<li>Formaci\u00f3, ocupaci\u00f3 i habitatge<\/li>\n<li>Cultura, oci i temps lliure<\/li>\n<li>Participaci\u00f3 (voluntariat, associacionisme&#8230;)<\/li>\n<li>Benestar afectivosexual<\/li>\n<li>Programes europeus (voluntariat, intercanvis&#8230;)<\/li>\n<li>Drets i deures<\/li>\n<\/ul>\n<p>En la nostra oficina tamb\u00e9 pots obtenir el <a href=\"https:\/\/www.elche.es\/va\/cij\/carnet-jove\/\">Carnet Jove<\/a> i inscriure&#8217;t en el <a href=\"https:\/\/www.sepe.es\/HomeSepe\/ca\/Personas\/encontrar-trabajo\/Garantia-Juvenil.html\">Sistema Nacional de Garantia Juvenil<\/a>.<\/p>\n<p>El Centre d&#8217;Informaci\u00f3 Juvenil obri de dilluns a divendres, de 9.00 a 14.00, i tamb\u00e9 els dimarts i dijous de 16.00 a 18.00 h.<\/p>\n<p>El servici d&#8217;informaci\u00f3 europea obri de dilluns a divendres, de 9.00 a 14.00, i tamb\u00e9 els dijous de 16.00 a 18.00 h.[\/vc_column_text][\/vc_column][\/vc_row][vc_row full_width=&#8221;stretch_row&#8221;][vc_column][vc_empty_space]<h4 class=\"sc_title sc_title_regular margin_top_tiny margin_bottom_tiny\" style=\"margin-top: 4.05em;margin-bottom: 1.35em;\">Serveis d&#8217;assessorament<\/h4>[vc_tta_accordion][vc_tta_section title=&#8221;Assessorament afectivosexual&#8221; tab_id=&#8221;1624437408006-71802da9-632a&#8221;][vc_column_text]La Regidoria de Joventut t&#8217;ofereix un servei gratu\u00eft i confidencial d&#8217;informaci\u00f3 i assessorament sobre:<\/p>\n<ul>\n<li>Educaci\u00f3 afectivosexual<\/li>\n<li>Aclaraciment de dubtes i mites sobre sexualitat<\/li>\n<li>M\u00e8todes anticonceptius<\/li>\n<li>Infeccions de transmissi\u00f3 sexual (ITS) i VIH<\/li>\n<li>Derivaci\u00f3 a altres recursos<\/li>\n<\/ul>\n<p>Si no podem resoldre la teua consulta, t&#8217;indicarem el recurs en el qual podran ajudar-te.[\/vc_column_text][\/vc_tta_section][vc_tta_section title=&#8221;Assessorament sobre voluntariat europeu&#8221; tab_id=&#8221;1624437408029-392cf340-9e4b&#8221;][vc_column_text]<\/p>\n<p data-fontsize=\"18\">Eurodesk \u00e9s una xarxa europea d&#8217;informaci\u00f3 per a joves amb m\u00e9s de 1600 punts d&#8217;informaci\u00f3 en 36 pa\u00efsos europeus. En el nostre lloc Eurodesk podem assessorar-te sobre qualsevol programa o iniciativa europea que t&#8217;interesse:<\/p>\n<ul>\n<li data-fontsize=\"18\">Beques<\/li>\n<li data-fontsize=\"18\">Pr\u00e0ctiques<\/li>\n<li data-fontsize=\"18\">Participaci\u00f3<\/li>\n<li data-fontsize=\"18\">Formaci\u00f3<\/li>\n<li data-fontsize=\"18\">Concursos<\/li>\n<\/ul>\n<p>A m\u00e9s, som organitzaci\u00f3 d&#8217;enviament del programa de voluntariat europeu CES i podem ajudar-te a trobar el projecte que t&#8217;interesse i realitzar la teua candidatura. Trobar\u00e0s m\u00e9s informaci\u00f3 <a href=\"https:\/\/www.elche.es\/va\/juventud\/cij\/movilidad-europea\/\" target=\"_blank\" rel=\"noopener\">ac\u00ed<\/a>.<\/p>\n<p>Aquest servei funciona de dilluns a divendres, de 9.00 a 14.00, i tamb\u00e9 els dijous de 16.00 a 18.00.[\/vc_column_text][\/vc_tta_section][vc_tta_section title=&#8221;Assessorament jur\u00eddic&#8221; tab_id=&#8221;1624437428174-5dbcf753-22ca&#8221;][vc_column_text]<\/p>\n<p data-fontsize=\"18\">L&#8217;assessoria jur\u00eddica \u00e9s un servei gratu\u00eft per a joves de 18 a 30 anys, en el qual t&#8217;orientarem sobre els teus drets legals i les vies que existeixen perqu\u00e8 pugues exercir-los per tu mateix.<\/p>\n<p>[\/vc_column_text][\/vc_tta_section][\/vc_tta_accordion][\/vc_column][\/vc_row][vc_row full_width=&#8221;stretch_row&#8221; css=&#8221;.vc_custom_1619589808456{margin-top: 30px !important;margin-bottom: 50px !important;}&#8221;][vc_column][vc_empty_space]<h4 class=\"sc_title sc_title_regular margin_top_tiny margin_bottom_tiny\" style=\"margin-top: 4.05em;margin-bottom: 1.35em;\">Contacte i cita pr\u00e8via<\/h4>[vc_column_text css=&#8221;&#8221;]Si tens dubtes o vols ampliar informaci\u00f3, envia&#8217;ns la teua consulta o demana cita a trav\u00e9s <a href=\"mailto:juventud@elche.es\">juventud@elche.es<\/a> i t&#8217;atendrem de manera personalitzada.<\/p>\n<p>Tamb\u00e9 pots enviar-nos un missatge de WhatsApp al <a href=\"https:\/\/wa.me\/34673694753\">673 694 753<\/a>.[\/vc_column_text][vc_empty_space][\/vc_column][\/vc_row][vc_row full_width=&#8221;stretch_row&#8221; css=&#8221;.vc_custom_1627368189780{padding-top: 50px !important;padding-bottom: 40px !important;background-image: url(https:\/\/www.elche.es\/wp-content\/uploads\/2017\/12\/palmeral_cabecera-e1514289867944.png?id=44312) !important;}&#8221;][vc_column]<h3 class=\"sc_title sc_title_regular sc_align_left margin_top_tiny\" style=\"text-align:left;color:#ffffff;\">Continguts destacats<\/h3><div class=\"sc_section column-1_1\"><div class=\"sc_section_inner\"><div class=\"columns_wrap sc_columns columns_fluid sc_columns_count_2\"><div class=\"column-1_2 sc_column_item sc_column_item_1 odd first\">\r\n        <div id=\"enlacesInteresantes\">\r\n            <div class=\"post_item post_item_opportuniti post_item_opportuniti_3 post_format_standard odd\">\r\n               <div class=\"post_featured\">\r\n                  <div class=\"post_thumb\">\r\n                     <a class=\"hover_icon hover_icon_link\" target='_blank' href=\"https:\/\/ivaj.gva.es\/va\/carnetjove\"><img loading=\"lazy\" decoding=\"async\" class=\"wp-post-image\" width=\"740\" height=\"584\" src=\"https:\/\/www.elche.es\/wp-content\/uploads\/2021\/07\/CarnetJove.png\"><\/a> \r\n                  <\/div>\r\n               <\/div>\r\n               <div class=\"post_content isotope_item_content\">\r\n                  <h4 class=\"post_title\"><a target='_blank' href=\"https:\/\/ivaj.gva.es\/va\/carnetjove\"><\/a><\/h4>\r\n                  <div class=\"post_descr\">\r\n                     <p> <a style=\"color: white;\" target='_blank'href=\"https:\/\/ivaj.gva.es\/va\/carnetjove\">Carnet Jove<\/a><\/p>\r\n                  <\/div>\r\n               <\/div>\r\n            <\/div>\r\n       <\/div><\/div><div class=\"column-1_2 sc_column_item sc_column_item_2 even\">\r\n        <div id=\"enlacesInteresantes\">\r\n            <div class=\"post_item post_item_opportuniti post_item_opportuniti_3 post_format_standard odd\">\r\n               <div class=\"post_featured\">\r\n                  <div class=\"post_thumb\">\r\n                     <a class=\"hover_icon hover_icon_link\"  href=\"https:\/\/www.elche.es\/va\/juventud\/cij\/movilidad-europea\/\"><img loading=\"lazy\" decoding=\"async\" class=\"wp-post-image\" width=\"740\" height=\"584\" src=\"https:\/\/www.elche.es\/wp-content\/uploads\/2021\/08\/VOLUNTARIADO-EUROPEO-1.png\"><\/a> \r\n                  <\/div>\r\n               <\/div>\r\n               <div class=\"post_content isotope_item_content\">\r\n                  <h4 class=\"post_title\"><a  href=\"https:\/\/www.elche.es\/va\/juventud\/cij\/movilidad-europea\/\"><\/a><\/h4>\r\n                  <div class=\"post_descr\">\r\n                     <p> <a style=\"color: white;\" href=\"https:\/\/www.elche.es\/va\/juventud\/cij\/movilidad-europea\/\">Cos Europeu de Solidaritat<\/a><\/p>\r\n                  <\/div>\r\n               <\/div>\r\n            <\/div>\r\n       <\/div><\/div><\/div><\/div><\/div>[\/vc_column][\/vc_row][vc_row][vc_column]<div class=\"templatera_shortcode\"><div data-vc-full-width=\"true\" data-vc-full-width-init=\"false\" class=\"vc_row wpb_row vc_row-fluid vc_custom_1619599214211\"><div class=\"wpb_column vc_column_container vc_col-sm-6\"><div class=\"vc_column-inner\"><div class=\"wpb_wrapper\"><div id='modulo_datos_contacto'> <p class='titulo_datos_contacto'>Dades de contacte <\/p> <hr><p class=\"contactoArea\"> <i class=\"fa fa-map-marker\" aria-hidden=\"true\"><\/i>C\/ Curtidors 23 | 03203 Elche<\/p><p class=\"contactoArea\"><i class=\"fa fa-phone\" aria-hidden=\"true\"><\/i>96 665 80 60<\/p><p class=\"contactoArea\"><i class=\"fa fa-envelope\" aria-hidden=\"true\"><\/i><a href=\"mailto:juventud@elche.es\"> juventud@elche.es<\/a><\/p><div id='contacto-rrss'><\/div><\/div><div class=\"vc_icon_element vc_icon_element-outer vc_do_icon vc_icon_element-align-left\"><div class=\"vc_icon_element-inner vc_icon_element-color-black vc_icon_element-size-lg vc_icon_element-style- vc_icon_element-background-color-grey\" ><span class=\"vc_icon_element-icon fab fa-whatsapp\" ><\/span><a class=\"vc_icon_element-link\" href=\"https:\/\/wa.me\/34673694753\"  title=\"\" target=\"_self\"><\/a><\/div><\/div><div class=\"vc_icon_element vc_icon_element-outer vc_do_icon vc_icon_element-align-left\"><div class=\"vc_icon_element-inner vc_icon_element-color-black vc_icon_element-size-lg vc_icon_element-style- vc_icon_element-background-color-grey\" ><span class=\"vc_icon_element-icon fab fa-facebook-square\" ><\/span><a class=\"vc_icon_element-link\" href=\"https:\/\/www.facebook.com\/elchejuventud\"  title=\"\" target=\"_blank\"><\/a><\/div><\/div><div class=\"vc_icon_element vc_icon_element-outer vc_do_icon vc_icon_element-align-left\"><div class=\"vc_icon_element-inner vc_icon_element-color-black vc_icon_element-size-lg vc_icon_element-style- vc_icon_element-background-color-grey\" ><span class=\"vc_icon_element-icon fab fa-twitter-square\" ><\/span><a class=\"vc_icon_element-link\" href=\"https:\/\/twitter.com\/elchejuventud\"  title=\"\" target=\"_blank\"><\/a><\/div><\/div><div class=\"vc_icon_element vc_icon_element-outer vc_do_icon vc_icon_element-align-left\"><div class=\"vc_icon_element-inner vc_icon_element-color-black vc_icon_element-size-lg vc_icon_element-style- vc_icon_element-background-color-grey\" ><span class=\"vc_icon_element-icon fab fa-instagram\" ><\/span><a class=\"vc_icon_element-link\" href=\"https:\/\/www.instagram.com\/elchejuventud\/\"  title=\"\" target=\"_blank\"><\/a><\/div><\/div><div class=\"vc_icon_element vc_icon_element-outer vc_do_icon vc_icon_element-align-left\"><div class=\"vc_icon_element-inner vc_icon_element-color-black vc_icon_element-size-md vc_icon_element-style- vc_icon_element-background-color-grey\" ><span class=\"vc_icon_element-icon fas fa-microphone\" ><\/span><a class=\"vc_icon_element-link\" href=\"http:\/\/radio.elche.es:8000\/stream\"  title=\"Streaming de Radio Joven Digital\" target=\"_self\"><\/a><\/div><\/div><\/div><\/div><\/div><div class=\"iconosjuventud wpb_column vc_column_container vc_col-sm-6\"><div class=\"vc_column-inner\"><div class=\"wpb_wrapper\"><div\r\n                id=\"sbs-openstreetmap-block-69e30ac6f31b6\" \r\n                class=\"sbs_openstreetmap_module\" \r\n                data-map-style=\"OpenStreetMap.DE\"\r\n                data-map-style-key=\"\"\r\n                data-zoom=\"15\" \r\n                data-ctrl-mouse-zoom=\"true\" \r\n                data-latitude=\"38.256430\" \r\n                data-longitude=\"-0.692154\" \r\n                data-routing=\"false\" \r\n                data-destination-marker=\"0\" \r\n                data-router=\"osrmv1\" \r\n                data-router-key=\"\" \r\n                data-show-attribution=\"true\" \r\n                data-geocoder=\"nominatim\" \r\n                data-geocoder-key=\"\" \r\n                data-center-marker=\"0\"\r\n                data-marker-list='[{\"marker_source\":\"coordinates\",\"marker_address\":\"\",\"marker_latitude\":\"38.2564299\",\"marker_longitude\":\"-0.6921543,18\",\"marker_center\":\"true\",\"marker_icon\":\"\",\"marker_color\":\"red\"}]'>\r\n                <div class=\"sbs_openstreetmap_container\" style=\"padding-bottom: 50%\"><\/div>\r\n                <div class=\"marker_list\">\r\n                    <div class=\"marker_element\" data-marker-source=\"coordinates\" data-marker-address=\"\" data-marker-latitude=\"38.256430\" data-marker-longitude=\"-0.692154\" data-marker-icon=\"\" data-marker-color=\"red\" data-marker-text=\"\">Marker <span class=\"marker_number\"><\/span> (lat: 38.2564299, lng: -0.6921543,18)<\/div>                <\/div>\r\n            <\/div><\/div><\/div><\/div><\/div><div class=\"vc_row-full-width vc_clearfix\"><\/div><div class=\"vc_row wpb_row vc_row-fluid\"><div class=\"wpb_column vc_column_container vc_col-sm-12\"><div class=\"vc_column-inner\"><div class=\"wpb_wrapper\">\n\t<div class=\"wpb_raw_code wpb_raw_html wpb_content_element\" >\n\t\t<div class=\"wpb_wrapper\">\n\t\t\t<style>.vc_icon_element.vc_icon_element-outer.vc_icon_element-align-left {text-align: left;float: left;}<\/style>\n\t\t<\/div>\n\t<\/div>\n<\/div><\/div><\/div><\/div><\/div>[\/vc_column][\/vc_row][vc_row el_class=&#8221;ocultar&#8221;][vc_column][sbs_wpb_openstreetmap map_style=&#8221;openstreetmap_de&#8221; ctrl_mouse_zoom=&#8221;&#8221;][\/sbs_wpb_openstreetmap][\/vc_column][\/vc_row]<\/p>\n<\/div>","protected":false},"excerpt":{"rendered":"CENTRE D'INFORMACI\u00d3 JUVENIL Inici Pla Jove 2026-2029 Cursos i tallers Inscripcions Directori Contacte &nbsp; Subscriu-te a la nostra NEWSLETTER! Centre d'Informaci\u00f3 Juvenil El Centre d'Informaci\u00f3 Juvenil \u00e9s un servei gratu\u00eft [...]","protected":false},"author":108,"featured_media":0,"parent":157227,"menu_order":0,"comment_status":"closed","ping_status":"closed","template":"","meta":{"footnotes":""},"class_list":["post-152265","page","type-page","status-publish","hentry"],"_links":{"self":[{"href":"https:\/\/www.elche.es\/va\/wp-json\/wp\/v2\/pages\/152265","targetHints":{"allow":["GET"]}}],"collection":[{"href":"https:\/\/www.elche.es\/va\/wp-json\/wp\/v2\/pages"}],"about":[{"href":"https:\/\/www.elche.es\/va\/wp-json\/wp\/v2\/types\/page"}],"author":[{"embeddable":true,"href":"https:\/\/www.elche.es\/va\/wp-json\/wp\/v2\/users\/108"}],"replies":[{"embeddable":true,"href":"https:\/\/www.elche.es\/va\/wp-json\/wp\/v2\/comments?post=152265"}],"version-history":[{"count":2,"href":"https:\/\/www.elche.es\/va\/wp-json\/wp\/v2\/pages\/152265\/revisions"}],"predecessor-version":[{"id":329762,"href":"https:\/\/www.elche.es\/va\/wp-json\/wp\/v2\/pages\/152265\/revisions\/329762"}],"up":[{"embeddable":true,"href":"https:\/\/www.elche.es\/va\/wp-json\/wp\/v2\/pages\/157227"}],"wp:attachment":[{"href":"https:\/\/www.elche.es\/va\/wp-json\/wp\/v2\/media?parent=152265"}],"curies":[{"name":"wp","href":"https:\/\/api.w.org\/{rel}","templated":true}]}}