{"id":157209,"date":"2021-06-03T12:10:00","date_gmt":"2021-06-03T11:10:00","guid":{"rendered":"https:\/\/www.elche.es\/juventud\/ocio-y-tiempo-libre\/cursos-y-talleres\/radio-joven-digital\/"},"modified":"2025-01-16T14:18:55","modified_gmt":"2025-01-16T12:18:55","slug":"radio-joven-digital","status":"publish","type":"page","link":"https:\/\/www.elche.es\/va\/juventud\/ocio-y-tiempo-libre\/radio-joven-digital\/","title":{"rendered":"Radio Joven Digital"},"content":{"rendered":"<div class=\"wpb-content-wrapper\"><p>[vc_row full_width=&#8221;stretch_row&#8221; css=&#8221;.vc_custom_1624355490581{background-image: url(https:\/\/www.elche.es\/wp-content\/uploads\/2021\/06\/radiojoveelx1_baja.jpg?id=152010) !important;background-position: center !important;background-repeat: no-repeat !important;background-size: cover !important;}&#8221; el_id=&#8221;bloque_titulo&#8221; el_class=&#8221;slidersecciones&#8221;][vc_column][vc_custom_heading text=&#8221;RADIO JOVEN DIGITAL&#8221; font_container=&#8221;tag:h2|text_align:center|color:%23ffffff&#8221; google_fonts=&#8221;font_family:Ubuntu%3A300%2C300italic%2Cregular%2Citalic%2C500%2C500italic%2C700%2C700italic|font_style:700%20bold%20regular%3A700%3Anormal&#8221; el_class=&#8221;sombraTitulo cabeceramovil&#8221;][\/vc_column][\/vc_row][vc_row][vc_column]<div class=\"templatera_shortcode\"><div id=\"bloque_menu_enlaces\" data-vc-full-width=\"true\" data-vc-full-width-init=\"false\" data-vc-stretch-content=\"true\" class=\"vc_row wpb_row vc_row-fluid bloquemnuestop vc_custom_1621934949028 vc_row-has-fill vc_row-no-padding\"><div class=\"centrado-texto wpb_column vc_column_container vc_col-sm-12\"><div class=\"vc_column-inner\"><div class=\"wpb_wrapper\">\r\n        \r\n        <a class=\"menuVC\"  href=\"https:\/\/www.elche.es\/va\/juventud\/\"> <span> Inici <\/span><\/a>\r\n        \r\n        <a class=\"menuVC\" target='_blank' href=\"https:\/\/www.elche.es\/wp-content\/uploads\/2026\/01\/Plan-joven-2026-2029-Elche.pdf\"> <span> Pla Jove 2026-2029 <\/span><\/a>\r\n        \r\n        <a class=\"menuVC\"  href=\"https:\/\/www.elche.es\/va\/juventud\/cursos-y-talleres\/\"> <span> Cursos i tallers <\/span><\/a>\r\n        \r\n        <a class=\"menuVC\" target='_blank' href=\"https:\/\/elche.i2a.es\/CronosWeb3\/Login\"> <span> Inscripcions <\/span><\/a>\r\n        \r\n        <a class=\"menuVC\"  href=\"https:\/\/www.elche.es\/va\/juventud\/directorio\/\"> <span> Directori <\/span><\/a>\r\n        \r\n        <a class=\"menuVC\"  href=\"https:\/\/www.elche.es\/va\/juventud\/contacto-juventud\/\"> <span> Contacte <\/span><\/a>\n\t<div class=\"wpb_raw_code wpb_raw_html wpb_content_element boletinjuventud ocultar\" >\n\t\t<div class=\"wpb_wrapper\">\n\t\t\t&nbsp;\n\n<span class=\"mj-w-button mj-w-btn\" data-token=\"3c0184fdbaba3a3aa1134c11046fe6fe\">Subscriu-te a la nostra NEWSLETTER!<\/span>\n\t\t<\/div>\n\t<\/div>\n<\/div><\/div><\/div><\/div><div class=\"vc_row-full-width vc_clearfix\"><\/div>\r\n<\/div>[\/vc_column][\/vc_row][vc_row full_width=&#8221;stretch_row&#8221; css=&#8221;.vc_custom_1475486881904{background-color: #dddde0 !important;}&#8221;][vc_column][vc_column_text]<nav aria-label=\"breadcrumbs\">\n            <div class=\"breadcrumb-container theme1\">\n                <ol>\n                                    <\/ol>\n            <\/div>\n        <\/nav>    <script type=\"application\/ld+json\">\n        {\n            \"@context\": \"http:\/\/schema.org\",\n            \"@type\": \"BreadcrumbList\",\n            \"itemListElement\": [\n                            ]\n        }\n    <\/script>\n    <style type=\"text\/css\">\n        .breadcrumb-container {\n            font-size: 13px;\n        }\n\n        .breadcrumb-container ul {\n            margin: 0;\n            padding: 0;\n        }\n\n        .breadcrumb-container li {\n            box-sizing: unset;\n            display: inline-block;\n            margin: 0;\n            padding: 0;\n        }\n\n        .breadcrumb-container li a {\n            box-sizing: unset;\n            padding: 0 10px;\n        }\n\n        .breadcrumb-container {\n            font-size: 3 !important;\n                    }\n\n        .breadcrumb-container li a {\n            color: #0a0a0a !important;\n            font-size: 3 !important;\n            line-height: 3 !important;\n                    }\n\n        .breadcrumb-container li .separator {\n            font-size: 3 !important;\n                    }\n\n        .breadcrumb-container li:last-child .separator {\n            display: none;\n        }\n    <\/style>\n    <style type=\"text\/css\">\n        .breadcrumb-container.theme1 li {\n            margin: 0;\n            padding: 0;\n        }\n        .breadcrumb-container.theme1 a {\n            background: ;\n            display: inline-block;\n            margin: 0 5px;\n            padding: 5px 10px;\n            text-decoration: none;\n        }\n    <\/style>\n        <style type=\"text\/css\">\n            <\/style>\n    <script>\n            <\/script>\n[\/vc_column_text][\/vc_column][\/vc_row][vc_row full_width=&#8221;stretch_row&#8221;][vc_column]<h3 class=\"sc_title sc_title_regular margin_top_tiny margin_bottom_tiny\" style=\"margin-top: 4.05em;margin-bottom: 1.35em;\">Radio Joven Digital<\/h3>[\/vc_column][\/vc_row][vc_row][vc_column][vc_empty_space][vc_column_text]Escolta Radio Joven Digital clicant en aquests botons:[\/vc_column_text][vc_empty_space]<div class=\"columns_wrap sc_columns columns_nofluid sc_columns_count_2\"><div class=\"column-1_2 sc_column_item sc_column_item_1 odd first\"><div class=\"vc_btn3-container vc_btn3-&#8221;center&#8221; vc_do_btn\" ><button class=\"vc_general vc_btn3 vc_btn3-size-md vc_btn3-shape-rounded vc_btn3-style-&#8221;custom&#8221; vc_btn3-color-grey\">&#8221;RJD<\/button><\/div><\/div><div class=\"column-1_2 sc_column_item sc_column_item_2 even\"><div class=\"vc_btn3-container vc_btn3-&#8221;center&#8221; vc_do_btn\" ><button class=\"vc_general vc_btn3 vc_btn3-size-md vc_btn3-shape-rounded vc_btn3-style-&#8221;custom&#8221; vc_btn3-color-grey\">&#8221;P\u00f2dcast<\/button><\/div><\/div><\/div>[\/vc_column][\/vc_row][vc_row full_width=&#8221;stretch_row&#8221; css=&#8221;.vc_custom_1619589808456{margin-top: 30px !important;margin-bottom: 50px !important;}&#8221;][vc_column][vc_tta_accordion][vc_tta_section title=&#8221;Qu\u00e8 \u00e9s?&#8221; tab_id=&#8221;1624354397282-39912cac-6bbc&#8221;][vc_column_text]Radio Joven Digital \u00e9s un programa d&#8217;oci educatiu inclusiu, alternatiu i saludable per a joves del municipi amb edats compreses entre els 12 i 30 anys.<\/p>\n<p>Configurada com una emissora-taller de r\u00e0dio, aquest servei permet a les persones joves emprendre els seus projectes en forma de programes radiof\u00f2nics i p\u00f2dcast, configurant cada any una graella de programaci\u00f3 amb continguts cent per cent locals i de tem\u00e0tiques variades.[\/vc_column_text][\/vc_tta_section][vc_tta_section title=&#8221;Com participar?&#8221; tab_id=&#8221;1624354397308-53e64363-9d7b&#8221;][vc_column_text]Vols fer un programa de r\u00e0dio o un p\u00f2dcast? T&#8217;apeteix aprendre a fer guions, falques, presentar can\u00e7ons\u2026? Formes part d&#8217;un grup de joves amb alguna cosa interessant que comptar? Perqu\u00e8 no t&#8217;ho penses, ompli la sol\u00b7licitud de participaci\u00f3 i porta-la a qualsevol OMAC. Recorda que les associacions han de presentar la seua sol\u00b7licitud a trav\u00e9s de la <a href=\"https:\/\/sede.elche.es\/sta\/CarpetaPublic\/doEvent?APP_CODE=STA&amp;PAGE_CODE=PTS2_HOME&amp;lang=CA\">seu electr\u00f2nica<\/a>.<\/p>\n<p>Si tens qualsevol dubte, telefona&#8217;ns al 96 665 80 60.<\/p>\n<p>Recorda que el per\u00edode prioritari de lliurament de sol\u00b7licituds \u00e9s el compr\u00e9s entre juliol i setembre. Durant la resta de l&#8217;any pots continuar presentant la teua sol\u00b7licitud, per\u00f2 el teu programa ser\u00e0 situat en funci\u00f3 dels horaris i dies disponibles despr\u00e9s de la formalitzaci\u00f3 de la graella de programaci\u00f3.<\/p>\n<ul>\n<li>Sol\u00b7licitud: <a href=\"https:\/\/sede.elche.es\/sta\/docs\/GetDocumentServlet?CUD=13524514413362672036&amp;HASH_CUD=43b9776dc97805861b4f0a37624ce0f1e278405e&amp;APP_CODE=STA\">veure document<\/a>.<\/li>\n<li>Condicions de participaci\u00f3 i normes de funcionamen: <a href=\"https:\/\/sede.elche.es\/sta\/docs\/GetDocumentServlet?CUD=13524476725006634225&amp;HASH_CUD=a5f83697ed2d0db63a5e1c36a5c6f24163a664ac&amp;APP_CODE=STA\">veure document<\/a>.<\/li>\n<\/ul>\n<p>[\/vc_column_text][\/vc_tta_section][vc_tta_section title=&#8221;Programaci\u00f3 2023-2024&#8243; tab_id=&#8221;1632808092965-ffff7bbb-f295&#8243;][vc_single_image image=&#8221;322784&#8243; img_size=&#8221;large&#8221; alignment=&#8221;center&#8221; css=&#8221;&#8221;][\/vc_tta_section][\/vc_tta_accordion][\/vc_column][\/vc_row][vc_row][vc_column]<div class=\"templatera_shortcode\"><div data-vc-full-width=\"true\" data-vc-full-width-init=\"false\" class=\"vc_row wpb_row vc_row-fluid vc_custom_1619599214211\"><div class=\"wpb_column vc_column_container vc_col-sm-6\"><div class=\"vc_column-inner\"><div class=\"wpb_wrapper\"><div id='modulo_datos_contacto'> <p class='titulo_datos_contacto'>Dades de contacte <\/p> <hr><p class=\"contactoArea\"> <i class=\"fa fa-map-marker\" aria-hidden=\"true\"><\/i>C\/ Curtidors 23 | 03203 Elche<\/p><p class=\"contactoArea\"><i class=\"fa fa-phone\" aria-hidden=\"true\"><\/i>96 665 80 60<\/p><p class=\"contactoArea\"><i class=\"fa fa-envelope\" aria-hidden=\"true\"><\/i><a href=\"mailto:juventud@elche.es\"> juventud@elche.es<\/a><\/p><div id='contacto-rrss'><\/div><\/div><div class=\"vc_icon_element vc_icon_element-outer vc_do_icon vc_icon_element-align-left\"><div class=\"vc_icon_element-inner vc_icon_element-color-black vc_icon_element-size-lg vc_icon_element-style- vc_icon_element-background-color-grey\" ><span class=\"vc_icon_element-icon fab fa-whatsapp\" ><\/span><a class=\"vc_icon_element-link\" href=\"https:\/\/wa.me\/34673694753\"  title=\"\" target=\"_self\"><\/a><\/div><\/div><div class=\"vc_icon_element vc_icon_element-outer vc_do_icon vc_icon_element-align-left\"><div class=\"vc_icon_element-inner vc_icon_element-color-black vc_icon_element-size-lg vc_icon_element-style- vc_icon_element-background-color-grey\" ><span class=\"vc_icon_element-icon fab fa-facebook-square\" ><\/span><a class=\"vc_icon_element-link\" href=\"https:\/\/www.facebook.com\/elchejuventud\"  title=\"\" target=\"_blank\"><\/a><\/div><\/div><div class=\"vc_icon_element vc_icon_element-outer vc_do_icon vc_icon_element-align-left\"><div class=\"vc_icon_element-inner vc_icon_element-color-black vc_icon_element-size-lg vc_icon_element-style- vc_icon_element-background-color-grey\" ><span class=\"vc_icon_element-icon fab fa-twitter-square\" ><\/span><a class=\"vc_icon_element-link\" href=\"https:\/\/twitter.com\/elchejuventud\"  title=\"\" target=\"_blank\"><\/a><\/div><\/div><div class=\"vc_icon_element vc_icon_element-outer vc_do_icon vc_icon_element-align-left\"><div class=\"vc_icon_element-inner vc_icon_element-color-black vc_icon_element-size-lg vc_icon_element-style- vc_icon_element-background-color-grey\" ><span class=\"vc_icon_element-icon fab fa-instagram\" ><\/span><a class=\"vc_icon_element-link\" href=\"https:\/\/www.instagram.com\/elchejuventud\/\"  title=\"\" target=\"_blank\"><\/a><\/div><\/div><div class=\"vc_icon_element vc_icon_element-outer vc_do_icon vc_icon_element-align-left\"><div class=\"vc_icon_element-inner vc_icon_element-color-black vc_icon_element-size-md vc_icon_element-style- vc_icon_element-background-color-grey\" ><span class=\"vc_icon_element-icon fas fa-microphone\" ><\/span><a class=\"vc_icon_element-link\" href=\"http:\/\/radio.elche.es:8000\/stream\"  title=\"Streaming de Radio Joven Digital\" target=\"_self\"><\/a><\/div><\/div><\/div><\/div><\/div><div class=\"iconosjuventud wpb_column vc_column_container vc_col-sm-6\"><div class=\"vc_column-inner\"><div class=\"wpb_wrapper\"><div\r\n                id=\"sbs-openstreetmap-block-69e325717c2d9\" \r\n                class=\"sbs_openstreetmap_module\" \r\n                data-map-style=\"OpenStreetMap.DE\"\r\n                data-map-style-key=\"\"\r\n                data-zoom=\"15\" \r\n                data-ctrl-mouse-zoom=\"true\" \r\n                data-latitude=\"38.256430\" \r\n                data-longitude=\"-0.692154\" \r\n                data-routing=\"false\" \r\n                data-destination-marker=\"0\" \r\n                data-router=\"osrmv1\" \r\n                data-router-key=\"\" \r\n                data-show-attribution=\"true\" \r\n                data-geocoder=\"nominatim\" \r\n                data-geocoder-key=\"\" \r\n                data-center-marker=\"0\"\r\n                data-marker-list='[{\"marker_source\":\"coordinates\",\"marker_address\":\"\",\"marker_latitude\":\"38.2564299\",\"marker_longitude\":\"-0.6921543,18\",\"marker_center\":\"true\",\"marker_icon\":\"\",\"marker_color\":\"red\"}]'>\r\n                <div class=\"sbs_openstreetmap_container\" style=\"padding-bottom: 50%\"><\/div>\r\n                <div class=\"marker_list\">\r\n                    <div class=\"marker_element\" data-marker-source=\"coordinates\" data-marker-address=\"\" data-marker-latitude=\"38.256430\" data-marker-longitude=\"-0.692154\" data-marker-icon=\"\" data-marker-color=\"red\" data-marker-text=\"\">Marker <span class=\"marker_number\"><\/span> (lat: 38.2564299, lng: -0.6921543,18)<\/div>                <\/div>\r\n            <\/div><\/div><\/div><\/div><\/div><div class=\"vc_row-full-width vc_clearfix\"><\/div><div class=\"vc_row wpb_row vc_row-fluid\"><div class=\"wpb_column vc_column_container vc_col-sm-12\"><div class=\"vc_column-inner\"><div class=\"wpb_wrapper\">\n\t<div class=\"wpb_raw_code wpb_raw_html wpb_content_element\" >\n\t\t<div class=\"wpb_wrapper\">\n\t\t\t<style>.vc_icon_element.vc_icon_element-outer.vc_icon_element-align-left {text-align: left;float: left;}<\/style>\n\t\t<\/div>\n\t<\/div>\n<\/div><\/div><\/div><\/div><\/div>[\/vc_column][\/vc_row][vc_row el_class=&#8221;ocultar&#8221;][vc_column][sbs_wpb_openstreetmap map_style=&#8221;openstreetmap_de&#8221; ctrl_mouse_zoom=&#8221;&#8221;][\/sbs_wpb_openstreetmap][\/vc_column][\/vc_row]<\/p>\n<\/div>","protected":false},"excerpt":{"rendered":"RADIO JOVEN DIGITAL Inici Pla Jove 2026-2029 Cursos i tallers Inscripcions Directori Contacte &nbsp; Subscriu-te a la nostra NEWSLETTER! Radio Joven Digital Escolta Radio Joven Digital clicant en aquests botons: [...]","protected":false},"author":108,"featured_media":0,"parent":157203,"menu_order":0,"comment_status":"closed","ping_status":"closed","template":"","meta":{"footnotes":""},"class_list":["post-157209","page","type-page","status-publish","hentry"],"_links":{"self":[{"href":"https:\/\/www.elche.es\/va\/wp-json\/wp\/v2\/pages\/157209","targetHints":{"allow":["GET"]}}],"collection":[{"href":"https:\/\/www.elche.es\/va\/wp-json\/wp\/v2\/pages"}],"about":[{"href":"https:\/\/www.elche.es\/va\/wp-json\/wp\/v2\/types\/page"}],"author":[{"embeddable":true,"href":"https:\/\/www.elche.es\/va\/wp-json\/wp\/v2\/users\/108"}],"replies":[{"embeddable":true,"href":"https:\/\/www.elche.es\/va\/wp-json\/wp\/v2\/comments?post=157209"}],"version-history":[{"count":3,"href":"https:\/\/www.elche.es\/va\/wp-json\/wp\/v2\/pages\/157209\/revisions"}],"predecessor-version":[{"id":322789,"href":"https:\/\/www.elche.es\/va\/wp-json\/wp\/v2\/pages\/157209\/revisions\/322789"}],"up":[{"embeddable":true,"href":"https:\/\/www.elche.es\/va\/wp-json\/wp\/v2\/pages\/157203"}],"wp:attachment":[{"href":"https:\/\/www.elche.es\/va\/wp-json\/wp\/v2\/media?parent=157209"}],"curies":[{"name":"wp","href":"https:\/\/api.w.org\/{rel}","templated":true}]}}