{"id":157401,"date":"2021-08-06T11:50:40","date_gmt":"2021-08-06T10:50:40","guid":{"rendered":"https:\/\/www.elche.es\/?page_id=157401"},"modified":"2021-10-27T09:23:19","modified_gmt":"2021-10-27T08:23:19","slug":"pagina-de-ayuda","status":"publish","type":"page","link":"https:\/\/www.elche.es\/va\/juventud\/ocio-y-tiempo-libre\/pagina-de-ayuda\/","title":{"rendered":"P\u00e0gina d&#8217;ajuda"},"content":{"rendered":"<div class=\"wpb-content-wrapper\"><p>[vc_row full_width=&#8221;stretch_row&#8221; css=&#8221;.vc_custom_1619604130960{background-image: url(https:\/\/www.elche.es\/wp-content\/uploads\/2021\/04\/cursos-juventud.jpg?id=144044) !important;background-position: center !important;background-repeat: no-repeat !important;background-size: cover !important;}&#8221; el_id=&#8221;bloque_titulo&#8221; el_class=&#8221;slidersecciones&#8221;][vc_column][vc_custom_heading text=&#8221;ACTIVITATS, TALLERS i CURSOS&#8221; font_container=&#8221;tag:h2|text_align:center|color:%23ffffff&#8221; google_fonts=&#8221;font_family:Ubuntu%3A300%2C300italic%2Cregular%2Citalic%2C500%2C500italic%2C700%2C700italic|font_style:700%20bold%20regular%3A700%3Anormal&#8221; el_class=&#8221;sombraTitulo cabeceramovil&#8221;][\/vc_column][\/vc_row][vc_row][vc_column]<div class=\"templatera_shortcode\"><div id=\"bloque_menu_enlaces\" data-vc-full-width=\"true\" data-vc-full-width-init=\"false\" data-vc-stretch-content=\"true\" class=\"vc_row wpb_row vc_row-fluid bloquemnuestop vc_custom_1621934949028 vc_row-has-fill vc_row-no-padding\"><div class=\"centrado-texto wpb_column vc_column_container vc_col-sm-12\"><div class=\"vc_column-inner\"><div class=\"wpb_wrapper\">\r\n        \r\n        <a class=\"menuVC\"  href=\"https:\/\/www.elche.es\/va\/juventud\/\"> <span> Inici <\/span><\/a>\r\n        \r\n        <a class=\"menuVC\" target='_blank' href=\"https:\/\/www.elche.es\/wp-content\/uploads\/2026\/01\/Plan-joven-2026-2029-Elche.pdf\"> <span> Pla Jove 2026-2029 <\/span><\/a>\r\n        \r\n        <a class=\"menuVC\"  href=\"https:\/\/www.elche.es\/va\/juventud\/cursos-y-talleres\/\"> <span> Cursos i tallers <\/span><\/a>\r\n        \r\n        <a class=\"menuVC\" target='_blank' href=\"https:\/\/elche.i2a.es\/CronosWeb3\/Login\"> <span> Inscripcions <\/span><\/a>\r\n        \r\n        <a class=\"menuVC\"  href=\"https:\/\/www.elche.es\/va\/juventud\/directorio\/\"> <span> Directori <\/span><\/a>\r\n        \r\n        <a class=\"menuVC\"  href=\"https:\/\/www.elche.es\/va\/juventud\/contacto-juventud\/\"> <span> Contacte <\/span><\/a>\n\t<div class=\"wpb_raw_code wpb_raw_html wpb_content_element boletinjuventud ocultar\" >\n\t\t<div class=\"wpb_wrapper\">\n\t\t\t&nbsp;\n\n<span class=\"mj-w-button mj-w-btn\" data-token=\"3c0184fdbaba3a3aa1134c11046fe6fe\">Subscriu-te a la nostra NEWSLETTER!<\/span>\n\t\t<\/div>\n\t<\/div>\n<\/div><\/div><\/div><\/div><div class=\"vc_row-full-width vc_clearfix\"><\/div>\r\n<\/div>[\/vc_column][\/vc_row][vc_row full_width=&#8221;stretch_row&#8221; css=&#8221;.vc_custom_1475486881904{background-color: #dddde0 !important;}&#8221;][vc_column][vc_column_text]<nav aria-label=\"breadcrumbs\">\n            <div class=\"breadcrumb-container theme1\">\n                <ol>\n                                    <\/ol>\n            <\/div>\n        <\/nav>    <script type=\"application\/ld+json\">\n        {\n            \"@context\": \"http:\/\/schema.org\",\n            \"@type\": \"BreadcrumbList\",\n            \"itemListElement\": [\n                            ]\n        }\n    <\/script>\n    <style type=\"text\/css\">\n        .breadcrumb-container {\n            font-size: 13px;\n        }\n\n        .breadcrumb-container ul {\n            margin: 0;\n            padding: 0;\n        }\n\n        .breadcrumb-container li {\n            box-sizing: unset;\n            display: inline-block;\n            margin: 0;\n            padding: 0;\n        }\n\n        .breadcrumb-container li a {\n            box-sizing: unset;\n            padding: 0 10px;\n        }\n\n        .breadcrumb-container {\n            font-size: 3 !important;\n                    }\n\n        .breadcrumb-container li a {\n            color: #0a0a0a !important;\n            font-size: 3 !important;\n            line-height: 3 !important;\n                    }\n\n        .breadcrumb-container li .separator {\n            font-size: 3 !important;\n                    }\n\n        .breadcrumb-container li:last-child .separator {\n            display: none;\n        }\n    <\/style>\n    <style type=\"text\/css\">\n        .breadcrumb-container.theme1 li {\n            margin: 0;\n            padding: 0;\n        }\n        .breadcrumb-container.theme1 a {\n            background: ;\n            display: inline-block;\n            margin: 0 5px;\n            padding: 5px 10px;\n            text-decoration: none;\n        }\n    <\/style>\n        <style type=\"text\/css\">\n            <\/style>\n    <script>\n            <\/script>\n[\/vc_column_text][\/vc_column][\/vc_row][vc_row full_width=&#8221;stretch_row&#8221;][vc_column]<h3 class=\"sc_title sc_title_regular margin_top_tiny margin_bottom_tiny\" style=\"margin-top: 4.05em;margin-bottom: 1.35em;\">Ajuda amb el portal d&#8217;inscripcions<\/h3>[\/vc_column][\/vc_row][vc_row full_width=&#8221;stretch_row&#8221; css=&#8221;.vc_custom_1620896005034{margin-top: 60px !important;margin-bottom: 50px !important;}&#8221;][vc_column][vc_column_text]Hem simplificat el proc\u00e9s per a apuntar-se a les nostres activitats, tallers i cursos. A partir d&#8217;ara ja no haur\u00e0s de deixar les teues dades cada vegada, bastar\u00e0 amb crear un perfil en el nostre nou portal. T&#8217;expliquem com.[\/vc_column_text][\/vc_column][\/vc_row][vc_row][vc_column]<div class=\"sc_section\"><div class=\"sc_section_inner\"><h4 class=\"sc_title sc_title_regular\">Ajuda per a registrar-se en el portal d&#8217;inscripcions<\/h4><div class=\"vc_empty_space\"   style=\"height: 32px\"><span class=\"vc_empty_space_inner\"><\/span><\/div>\n\t<div class=\"wpb_text_column wpb_content_element\" >\n\t\t<div class=\"wpb_wrapper\">\n\t\t\t<p>La primera vegada que t&#8217;apuntes a les nostres activitats, tallers i cursos, haur\u00e0s de registrar-te. Et demanarem les teues dades personals i a partir d&#8217;aleshores podr\u00e0s entrar directament amb l&#8217;identificador i la contrasenya que hages triat.<\/p>\n\n\t\t<\/div>\n\t<\/div>\n<div class=\"vc_empty_space\"   style=\"height: 32px\"><span class=\"vc_empty_space_inner\"><\/span><\/div>\n\t<div class=\"wpb_video_widget wpb_content_element vc_clearfix   vc_video-aspect-ratio-169 vc_video-el-width-&#8221;70&#8243; vc_video-align-&#8221;center&#8221;\" >\n\t\t<div class=\"wpb_wrapper\">\n\t\t\t\n\t\t\t<div class=\"wpb_video_wrapper\"><a href=\"\">&#8221;https:\/\/youtu.be\/hZ3OCzHeWJY&#8221;<\/a><\/div>\n\t\t<\/div>\n\t<\/div>\n<div class=\"vc_btn3-container vc_btn3-&#8221;center&#8221; vc_do_btn\" ><button class=\"vc_general vc_btn3 vc_btn3-size-md vc_btn3-shape-&#8221;square&#8221; vc_btn3-style-&#8221;custom&#8221; vc_btn3-color-grey\">&#8221;REGISTRAR-ME<\/button><\/div><div class=\"vc_empty_space\"   style=\"height: 32px\"><span class=\"vc_empty_space_inner\"><\/span><\/div><\/div><\/div>[\/vc_column][\/vc_row][vc_row][vc_column]<div class=\"sc_section\"><div class=\"sc_section_inner\"><h4 class=\"sc_title sc_title_regular\">Ajuda per a apuntar-se a les activitats<\/h4><div class=\"vc_empty_space\"   style=\"height: 32px\"><span class=\"vc_empty_space_inner\"><\/span><\/div>\n\t<div class=\"wpb_text_column wpb_content_element\" >\n\t\t<div class=\"wpb_wrapper\">\n\t\t\t<p>Per a apuntar-te a les nostres activitats, haur\u00e0s d&#8217;accedir al portal amb l&#8217;identificador i la contrasenya que vas triar en registrar-te. A continuaci\u00f3 veur\u00e0s diverses opcions; fes clic en el bot\u00f3 &#8220;Inscripci\u00f3 en classes&#8221;.<\/p>\n\n\t\t<\/div>\n\t<\/div>\n<div class=\"vc_empty_space\"   style=\"height: 32px\"><span class=\"vc_empty_space_inner\"><\/span><\/div>\n\t<div class=\"wpb_video_widget wpb_content_element vc_clearfix   vc_video-aspect-ratio-169 vc_video-el-width-&#8221;70&#8243; vc_video-align-&#8221;center&#8221;\" >\n\t\t<div class=\"wpb_wrapper\">\n\t\t\t\n\t\t\t<div class=\"wpb_video_wrapper\"><a href=\"\">&#8221;https:\/\/youtu.be\/9pEPjs0nMBE&#8221;<\/a><\/div>\n\t\t<\/div>\n\t<\/div>\n<div class=\"vc_btn3-container vc_btn3-&#8221;center&#8221; vc_do_btn\" ><button class=\"vc_general vc_btn3 vc_btn3-size-md vc_btn3-shape-&#8221;square&#8221; vc_btn3-style-&#8221;custom&#8221; vc_btn3-color-grey\">&#8221;REGISTRAR-ME<\/button><\/div><div class=\"vc_empty_space\"   style=\"height: 32px\"><span class=\"vc_empty_space_inner\"><\/span><\/div><\/div><\/div>[\/vc_column][\/vc_row][vc_row][vc_column]<div class=\"sc_section\"><div class=\"sc_section_inner\"><h4 class=\"sc_title sc_title_regular\">M\u00e9s ajuda<\/h4><div class=\"vc_empty_space\"   style=\"height: 32px\"><span class=\"vc_empty_space_inner\"><\/span><\/div>\n\t<div class=\"wpb_text_column wpb_content_element\" >\n\t\t<div class=\"wpb_wrapper\">\n\t\t\t<p>Si no recordes el teu identificador o contrasenya, o tens qualsevol altre problema, posa&#8217;t en contacte amb nosaltres i t&#8217;atendrem de manera personalitzada de dilluns a divendres, de 9.00 a 14.00 (excepte festius).<\/p>\n<p>&nbsp;<\/p>\n<ul>\n<li>WhatsApp: <a href=\"https:\/\/wa.me\/34662622477\">662 622 477<\/a><\/li>\n<li>Tel\u00e8fon: <a href=\"tel:+34966658060\">96 665 80 60<\/a><\/li>\n<li>Correu-e: <a href=\"mailto:cronosjuventud@elche.es\">cronosjuventud@elche.es<\/a><\/li>\n<\/ul>\n\n\t\t<\/div>\n\t<\/div>\n<div class=\"vc_empty_space\"   style=\"height: 32px\"><span class=\"vc_empty_space_inner\"><\/span><\/div><\/div><\/div>[\/vc_column][\/vc_row][vc_row][vc_column][\/vc_column][\/vc_row][vc_row el_class=&#8221;ocultar&#8221;][vc_column][sbs_wpb_openstreetmap map_style=&#8221;openstreetmap_de&#8221; ctrl_mouse_zoom=&#8221;&#8221;][\/sbs_wpb_openstreetmap][\/vc_column][\/vc_row]<\/p>\n<\/div>","protected":false},"excerpt":{"rendered":"ACTIVITATS, TALLERS i CURSOS Inici Pla Jove 2026-2029 Cursos i tallers Inscripcions Directori Contacte &nbsp; Subscriu-te a la nostra NEWSLETTER! Ajuda amb el portal d'inscripcions Hem simplificat el proc\u00e9s per [...]","protected":false},"author":108,"featured_media":0,"parent":157203,"menu_order":0,"comment_status":"closed","ping_status":"closed","template":"","meta":{"footnotes":""},"class_list":["post-157401","page","type-page","status-publish","hentry"],"_links":{"self":[{"href":"https:\/\/www.elche.es\/va\/wp-json\/wp\/v2\/pages\/157401","targetHints":{"allow":["GET"]}}],"collection":[{"href":"https:\/\/www.elche.es\/va\/wp-json\/wp\/v2\/pages"}],"about":[{"href":"https:\/\/www.elche.es\/va\/wp-json\/wp\/v2\/types\/page"}],"author":[{"embeddable":true,"href":"https:\/\/www.elche.es\/va\/wp-json\/wp\/v2\/users\/108"}],"replies":[{"embeddable":true,"href":"https:\/\/www.elche.es\/va\/wp-json\/wp\/v2\/comments?post=157401"}],"version-history":[{"count":0,"href":"https:\/\/www.elche.es\/va\/wp-json\/wp\/v2\/pages\/157401\/revisions"}],"up":[{"embeddable":true,"href":"https:\/\/www.elche.es\/va\/wp-json\/wp\/v2\/pages\/157203"}],"wp:attachment":[{"href":"https:\/\/www.elche.es\/va\/wp-json\/wp\/v2\/media?parent=157401"}],"curies":[{"name":"wp","href":"https:\/\/api.w.org\/{rel}","templated":true}]}}