{"id":15761,"date":"2017-03-08T10:30:02","date_gmt":"2017-03-08T09:30:02","guid":{"rendered":"http:\/\/www.elche.es\/va\/perfil-del-contractant-de-lajuntament-delx\/expedientes-en-licitacion\/"},"modified":"2022-04-07T11:13:23","modified_gmt":"2022-04-07T10:13:23","slug":"expedients-en-licitacio","status":"publish","type":"page","link":"https:\/\/www.elche.es\/va\/perfil-del-contractant-de-lajuntament-delx\/expedients-en-licitacio\/","title":{"rendered":"Expedients en licitaci\u00f3"},"content":{"rendered":"<div class=\"wpb-content-wrapper\"><p>[vc_row full_width=&#8221;stretch_row&#8221; css=&#8221;.vc_custom_1475488224066{background-color: #dddde0 !important;}&#8221;][vc_column][vc_column_text]<nav aria-label=\"breadcrumbs\">\n            <div class=\"breadcrumb-container theme1\">\n                <ol>\n                                    <\/ol>\n            <\/div>\n        <\/nav>    <script type=\"application\/ld+json\">\n        {\n            \"@context\": \"http:\/\/schema.org\",\n            \"@type\": \"BreadcrumbList\",\n            \"itemListElement\": [\n                            ]\n        }\n    <\/script>\n    <style type=\"text\/css\">\n        .breadcrumb-container {\n            font-size: 13px;\n        }\n\n        .breadcrumb-container ul {\n            margin: 0;\n            padding: 0;\n        }\n\n        .breadcrumb-container li {\n            box-sizing: unset;\n            display: inline-block;\n            margin: 0;\n            padding: 0;\n        }\n\n        .breadcrumb-container li a {\n            box-sizing: unset;\n            padding: 0 10px;\n        }\n\n        .breadcrumb-container {\n            font-size: 3 !important;\n                    }\n\n        .breadcrumb-container li a {\n            color: #0a0a0a !important;\n            font-size: 3 !important;\n            line-height: 3 !important;\n                    }\n\n        .breadcrumb-container li .separator {\n            font-size: 3 !important;\n                    }\n\n        .breadcrumb-container li:last-child .separator {\n            display: none;\n        }\n    <\/style>\n    <style type=\"text\/css\">\n        .breadcrumb-container.theme1 li {\n            margin: 0;\n            padding: 0;\n        }\n        .breadcrumb-container.theme1 a {\n            background: ;\n            display: inline-block;\n            margin: 0 5px;\n            padding: 5px 10px;\n            text-decoration: none;\n        }\n    <\/style>\n        <style type=\"text\/css\">\n            <\/style>\n    <script>\n            <\/script>\n[\/vc_column_text][\/vc_column][\/vc_row][vc_row css=&#8221;.vc_custom_1475488264405{padding-bottom: 40px !important;}&#8221; el_id=&#8221;bloque_basica&#8221;][vc_column width=&#8221;2\/3&#8243;]<h3 class=\"sc_title sc_title_regular margin_top_tiny\">Expedients en licitaci\u00f3<\/h3>[vc_column_text]Pots con\u00e9ixer totes les licitacions publicades en el Perfil de Contractant de l&#8217;Ajuntament d\u2019Elx a trav\u00e9s del cercador de la plataforma.[\/vc_column_text][vc_empty_space]<a href=\"https:\/\/contrataciondelestado.es\/wps\/portal\/!ut\/p\/b1\/hc7LDoIwEAXQb-EDzEx5FFlWBcQHimil3RCixJQIGGOM8vVW4xad3U1O7h2QIAbEoS61CfEgA9kUd3UqbqptijMIkNLNGfcTFnkWhpu1j-Zoo3Ww0hGB18VD1aorj7CFDO08rYaX5SG9JlWXPOJOPONFiLj0CA8Sn8XyOD-j8d6RtLcXTdhrIjTBnmP4v0F-iGONbT7ja5pG-pFoGkwWO-JgaNIv-DERT9u6hFqqgciwsplhvADrcP-7\/dl4\/d5\/L0lDUmlTUSEhL3dHa0FKRnNBLzRKVXFDQSEhL2Nh\/\" target=\"blank\" class=\"sc_button sc_button_square sc_button_style_filled style_original sc_button_size_large margin_bottom_medium\">ENLLA\u00c7 ALS EXPEDIENTS EN LICITACI\u00d3: JUNTA DE GOVERN<\/a><a href=\"https:\/\/contrataciondelestado.es\/wps\/portal\/!ut\/p\/b1\/hc1NDoIwFATgs3AA8l4Riiyr8mcUQbTSbghRY0oEjRpFTi8at-jsJvkyAxKETixqU5MQBzKQdXFXh-KmTnVxBAFS2jnjbsJCZ4D-MnbRGC077S26isCrolGVavc7WEGGZp6Ww_N8m16Ssk2aqBXPyE4fZO4Q7iUuG9dP_XHV3j-S9u6iAZuOiI5gTxj-X5AfYg3GJp_ymKahjxgG3mS2Jhb6Bv2CHxdRcKr2UEmliwxLk2naC3Xy8As!\/dl4\/d5\/L0lDUmlTUSEhL3dHa0FKRnNBLzRKVXFDQSEhL2Nh\/\" target=\"blank\" class=\"sc_button sc_button_square sc_button_style_filled style_original sc_button_size_large margin_bottom_medium\">ENLLA\u00c7 ALS EXPEDIENTS EN LICITACI\u00d3: TT. ALCALDE CONTRACTACI\u00d3<\/a><a href=\"https:\/\/contrataciondelestado.es\/wps\/portal\/!ut\/p\/b1\/hc3LDoIwFATQb-EDzL3lUWVZlZcRpCCVdmOIElMiaowxyNeLxq06u0lOZkCBHBGHjqlNiAslqFN114fqps-n6ggSlBpvmfA4i1wLgyz10Jxmg_ZXQ0UQbdXpVvf1HtZQor3Nm8kl3uVX3vS8S3r5SNa7HmOXCJ97bGk5xYUbrx9Fv-6iCZuByIHglzD8v6DexLFmtliIlOZRgBiF_nxZEAcDk37Aj4skPLc1tEqPZImNzQzjCRDzQ4A!\/dl4\/d5\/L0lDUmlTUSEhL3dHa0FKRnNBLzRKVXFDQSEhL2Nh\/\" target=\"blank\" class=\"sc_button sc_button_square sc_button_style_filled style_original sc_button_size_large oculto margin_bottom_medium\">ENLLA\u00c7 ALS EXPEDIENTS EN LICITACI\u00d3: \u00c0REA DE CULTURA<\/a>[vc_column_text]Una vegada en la plataforma prema licitacions per a accedir al cercador dels expedients. En aquest enlla\u00e7 l&#8217;\u00f2rgan de contractaci\u00f3 \u00e9s la Junta de Govern.[\/vc_column_text][vc_empty_space][vc_single_image image=&#8221;15733&#8243; img_size=&#8221;full&#8221; alignment=&#8221;center&#8221;][\/vc_column][vc_column width=&#8221;1\/3&#8243; css=&#8221;.vc_custom_1474385237096{padding-top: 50px !important;padding-bottom: 50px !important;}&#8221;][vc_widget_sidebar sidebar_id=&#8221;sidebar_custom_2&#8243;][\/vc_column][\/vc_row]<\/p>\n<\/div>","protected":false},"excerpt":{"rendered":"<p>[vc_row full_width=&#8221;stretch_row&#8221; css=&#8221;.vc_custom_1475488224066{background-color: #dddde0 !important;}&#8221;][vc_column][vc_column_text][\/vc_column_text][\/vc_column][\/vc_row][vc_row css=&#8221;.vc_custom_1475488264405{padding-bottom: 40px !important;}&#8221; el_id=&#8221;bloque_basica&#8221;][vc_column width=&#8221;2\/3&#8243;][vc_column_text]Pots con\u00e9ixer totes les licitacions publicades en el Perfil de Contractant de l&#8217;Ajuntament d\u2019Elx a trav\u00e9s del cercador de la plataforma.[\/vc_column_text][vc_empty_space][vc_column_text]Una [&hellip;]<\/p>\n","protected":false},"author":131,"featured_media":0,"parent":6921,"menu_order":0,"comment_status":"closed","ping_status":"closed","template":"","meta":{"footnotes":""},"class_list":["post-15761","page","type-page","status-publish","hentry"],"_links":{"self":[{"href":"https:\/\/www.elche.es\/va\/wp-json\/wp\/v2\/pages\/15761","targetHints":{"allow":["GET"]}}],"collection":[{"href":"https:\/\/www.elche.es\/va\/wp-json\/wp\/v2\/pages"}],"about":[{"href":"https:\/\/www.elche.es\/va\/wp-json\/wp\/v2\/types\/page"}],"author":[{"embeddable":true,"href":"https:\/\/www.elche.es\/va\/wp-json\/wp\/v2\/users\/131"}],"replies":[{"embeddable":true,"href":"https:\/\/www.elche.es\/va\/wp-json\/wp\/v2\/comments?post=15761"}],"version-history":[{"count":0,"href":"https:\/\/www.elche.es\/va\/wp-json\/wp\/v2\/pages\/15761\/revisions"}],"up":[{"embeddable":true,"href":"https:\/\/www.elche.es\/va\/wp-json\/wp\/v2\/pages\/6921"}],"wp:attachment":[{"href":"https:\/\/www.elche.es\/va\/wp-json\/wp\/v2\/media?parent=15761"}],"curies":[{"name":"wp","href":"https:\/\/api.w.org\/{rel}","templated":true}]}}