{"id":158658,"date":"2021-04-27T10:38:43","date_gmt":"2021-04-27T09:38:43","guid":{"rendered":"https:\/\/www.elche.es\/juventud\/ocio-y-tiempo-libre\/cursos-y-talleres\/"},"modified":"2025-02-27T12:40:57","modified_gmt":"2025-02-27T10:40:57","slug":"cursos-y-talleres","status":"publish","type":"page","link":"https:\/\/www.elche.es\/va\/juventud\/ocio-y-tiempo-libre\/cursos-y-talleres\/","title":{"rendered":"Cursos i tallers"},"content":{"rendered":"<div class=\"wpb-content-wrapper\"><p>[vc_row full_width=&#8221;stretch_row&#8221; css=&#8221;.vc_custom_1645530130151{background-image: url(https:\/\/www.elche.es\/wp-content\/uploads\/2022\/02\/BANNER-OCIO.jpg?id=184935) !important;background-position: center !important;background-repeat: no-repeat !important;background-size: cover !important;}&#8221; el_id=&#8221;bloque_titulo&#8221; el_class=&#8221;slidersecciones&#8221;][vc_column][vc_custom_heading text=&#8221;Activitats, cursos i tallers&#8221; font_container=&#8221;tag:h2|text_align:center|color:%23ffffff&#8221; google_fonts=&#8221;font_family:Ubuntu%3A300%2C300italic%2Cregular%2Citalic%2C500%2C500italic%2C700%2C700italic|font_style:700%20bold%20regular%3A700%3Anormal&#8221; el_class=&#8221;sombraTitulo cabeceramovil&#8221;][\/vc_column][\/vc_row][vc_row][vc_column]<div class=\"templatera_shortcode\"><div id=\"bloque_menu_enlaces\" data-vc-full-width=\"true\" data-vc-full-width-init=\"false\" data-vc-stretch-content=\"true\" class=\"vc_row wpb_row vc_row-fluid bloquemnuestop vc_custom_1621934949028 vc_row-has-fill vc_row-no-padding\"><div class=\"centrado-texto wpb_column vc_column_container vc_col-sm-12\"><div class=\"vc_column-inner\"><div class=\"wpb_wrapper\">\r\n        \r\n        <a class=\"menuVC\"  href=\"https:\/\/www.elche.es\/va\/juventud\/\"> <span> Inici <\/span><\/a>\r\n        \r\n        <a class=\"menuVC\" target='_blank' href=\"https:\/\/www.elche.es\/wp-content\/uploads\/2026\/01\/Plan-joven-2026-2029-Elche.pdf\"> <span> Pla Jove 2026-2029 <\/span><\/a>\r\n        \r\n        <a class=\"menuVC\"  href=\"https:\/\/www.elche.es\/va\/juventud\/cursos-y-talleres\/\"> <span> Cursos i tallers <\/span><\/a>\r\n        \r\n        <a class=\"menuVC\" target='_blank' href=\"https:\/\/elche.i2a.es\/CronosWeb3\/Login\"> <span> Inscripcions <\/span><\/a>\r\n        \r\n        <a class=\"menuVC\"  href=\"https:\/\/www.elche.es\/va\/juventud\/directorio\/\"> <span> Directori <\/span><\/a>\r\n        \r\n        <a class=\"menuVC\"  href=\"https:\/\/www.elche.es\/va\/juventud\/contacto-juventud\/\"> <span> Contacte <\/span><\/a>\n\t<div class=\"wpb_raw_code wpb_raw_html wpb_content_element boletinjuventud ocultar\" >\n\t\t<div class=\"wpb_wrapper\">\n\t\t\t&nbsp;\n\n<span class=\"mj-w-button mj-w-btn\" data-token=\"3c0184fdbaba3a3aa1134c11046fe6fe\">Subscriu-te a la nostra NEWSLETTER!<\/span>\n\t\t<\/div>\n\t<\/div>\n<\/div><\/div><\/div><\/div><div class=\"vc_row-full-width vc_clearfix\"><\/div>\r\n<\/div>[\/vc_column][\/vc_row][vc_row full_width=&#8221;stretch_row&#8221; css=&#8221;.vc_custom_1475486881904{background-color: #dddde0 !important;}&#8221;][vc_column][vc_column_text]<nav aria-label=\"breadcrumbs\">\n            <div class=\"breadcrumb-container theme1\">\n                <ol>\n                                    <\/ol>\n            <\/div>\n        <\/nav>    <script type=\"application\/ld+json\">\n        {\n            \"@context\": \"http:\/\/schema.org\",\n            \"@type\": \"BreadcrumbList\",\n            \"itemListElement\": [\n                            ]\n        }\n    <\/script>\n    <style type=\"text\/css\">\n        .breadcrumb-container {\n            font-size: 13px;\n        }\n\n        .breadcrumb-container ul {\n            margin: 0;\n            padding: 0;\n        }\n\n        .breadcrumb-container li {\n            box-sizing: unset;\n            display: inline-block;\n            margin: 0;\n            padding: 0;\n        }\n\n        .breadcrumb-container li a {\n            box-sizing: unset;\n            padding: 0 10px;\n        }\n\n        .breadcrumb-container {\n            font-size: 3 !important;\n                    }\n\n        .breadcrumb-container li a {\n            color: #0a0a0a !important;\n            font-size: 3 !important;\n            line-height: 3 !important;\n                    }\n\n        .breadcrumb-container li .separator {\n            font-size: 3 !important;\n                    }\n\n        .breadcrumb-container li:last-child .separator {\n            display: none;\n        }\n    <\/style>\n    <style type=\"text\/css\">\n        .breadcrumb-container.theme1 li {\n            margin: 0;\n            padding: 0;\n        }\n        .breadcrumb-container.theme1 a {\n            background: ;\n            display: inline-block;\n            margin: 0 5px;\n            padding: 5px 10px;\n            text-decoration: none;\n        }\n    <\/style>\n        <style type=\"text\/css\">\n            <\/style>\n    <script>\n            <\/script>\n[\/vc_column_text][\/vc_column][\/vc_row][vc_row css=&#8221;.vc_custom_1676016996521{margin-top: 50px !important;}&#8221;][vc_column]<h3 class=\"sc_title sc_title_regular margin_top_tiny margin_bottom_tiny\" style=\"margin-top: 4.05em;margin-bottom: 1.35em;\">Activitats, tallers i cursos per a joves<\/h3>[vc_column_text]En aquesta p\u00e0gina trobar\u00e0s un llistat de les activitats, tallers i cursos que ha preparat la Regidoria de Joventut. Si vols ampliar informaci\u00f3 sobre alguna d&#8217;aquestes, fes clic en el nom de l&#8217;activitat.[\/vc_column_text][vc_empty_space][vc_column_text]<strong>&#8220;Si el\/la jove necessita adaptaci\u00f3 (f\u00edsica, intel\u00b7lectual o sensorial) durant el taller, ser\u00e0 necessari posar-se en contacte amb nosaltres amb anterioritat a la realitzaci\u00f3 d&#8217;aquest, telefonant al 966658060 o enviant un correu electr\u00f2nic a <a href=\"mailto:juventud@elche.es\">juventud@elche.es<\/a>.&#8221;<\/strong>[\/vc_column_text][vc_empty_space][\/vc_column][\/vc_row][vc_row el_class=&#8221;cuadrostandarfondo&#8221;][vc_column][vc_column_text css=&#8221;.vc_custom_1676273242898{margin-bottom: 10px !important;}&#8221;]<\/p>\n<h5><strong>Activitats sense inscripci\u00f3<\/strong><\/h5>\n<p>[\/vc_column_text][vc_column_text]A m\u00e9s dels tallers i cursos, a les nostres sales tamb\u00e9 pots quedar amb els teus col\u00b7legues per a passar l&#8217;estona, xarrar o jugar a diferents jocs. Consulta l&#8217;horari de la sala m\u00e9s pr\u00f2xima i vine a con\u00e9ixer-la![\/vc_column_text][vc_empty_space][vc_column_text]\n<table id=\"tablepress-125\" class=\"tablepress tablepress-id-125\">\n<thead>\n<tr class=\"row-1\">\n\t<th class=\"column-1\">ACTIVITAT<\/th><td class=\"column-2\"><\/td><th class=\"column-3\">SALA<\/th><th class=\"column-4\">DIES<\/th><th class=\"column-5\">HORARI<\/th><th class=\"column-6\">UBICACI\u00d3<\/th>\n<\/tr>\n<\/thead>\n<tbody class=\"row-striping\">\n<tr class=\"row-2\">\n\t<td class=\"column-1\">En aquests moments no hi ha activitats programades.<\/td><td class=\"column-2\"><\/td><td class=\"column-3\"><\/td><td class=\"column-4\"><\/td><td class=\"column-5\"><\/td><td class=\"column-6\"><\/td>\n<\/tr>\n<\/tbody>\n<\/table>\n<!-- #tablepress-125 from cache -->[\/vc_column_text][vc_empty_space][\/vc_column][\/vc_row][vc_row css=&#8221;.vc_custom_1676019126516{margin-top: 60px !important;margin-bottom: 50px !important;}&#8221; el_class=&#8221;cuadrostandarfondo&#8221;][vc_column][vc_column_text css=&#8221;.vc_custom_1676273286119{margin-bottom: 10px !important;}&#8221;]<\/p>\n<h5><strong>Activitats amb inscripci\u00f3<\/strong><\/h5>\n<p>[\/vc_column_text][vc_column_text]Recorda que, per a poder inscriure&#8217;t en les nostres activitats, has de registrar-te en el portal d&#8217;inscripcions. Si ja ho has fet, inicia sessi\u00f3 amb l&#8217;identificador i la contrasenya que vas triar en donar-te d&#8217;alta.[\/vc_column_text][vc_empty_space]<div class=\"columns_wrap sc_columns columns_nofluid sc_columns_count_2\"><div class=\"column-1_2 sc_column_item sc_column_item_1 odd first\"><div class=\"vc_btn3-container vc_btn3-&#8221;center&#8221; vc_do_btn\" ><button class=\"vc_general vc_btn3 vc_btn3-size-md vc_btn3-shape-&#8221;square&#8221; vc_btn3-style-&#8221;custom&#8221; vc_btn3-color-grey\">&#8221;REGISTRAR-ME<\/button><\/div><\/div><div class=\"column-1_2 sc_column_item sc_column_item_2 even\"><div class=\"vc_btn3-container vc_btn3-&#8221;center&#8221; vc_do_btn\" ><button class=\"vc_general vc_btn3 vc_btn3-size-md vc_btn3-shape-&#8221;square&#8221; vc_btn3-style-&#8221;custom&#8221; vc_btn3-color-grey\">&#8221;AJUDA<\/button><\/div><\/div><\/div>[vc_row_inner][vc_column_inner][vc_empty_space][vc_column_text css=&#8221;.vc_custom_1676273350584{margin-bottom: 10px !important;}&#8221;]<\/p>\n<p style=\"text-align: left;\"><span style=\"font-size: 14pt;\"><strong>Activitats d&#8217;oci educatiu<\/strong><\/span><\/p>\n<p>[\/vc_column_text][vc_column_text]\n<table id=\"tablepress-68\" class=\"tablepress tablepress-id-68\">\n<thead>\n<tr class=\"row-1\">\n\t<th class=\"column-1\">ACTIVITAT<\/th><th class=\"column-2\">LLOC<\/th><th class=\"column-3\">DATES<\/th><th class=\"column-4\">EDATS<\/th><td class=\"column-5\"><\/td>\n<\/tr>\n<\/thead>\n<tbody class=\"row-striping row-hover\">\n<tr class=\"row-2\">\n\t<td class=\"column-1\"><i>En aquests moments no hi ha activitats programades.<\/i><\/td><td class=\"column-2\"><\/td><td class=\"column-3\"><\/td><td class=\"column-4\"><\/td><td class=\"column-5\"><\/td>\n<\/tr>\n<\/tbody>\n<\/table>\n<!-- #tablepress-68 from cache -->[\/vc_column_text][\/vc_column_inner][\/vc_row_inner][vc_row_inner][vc_column_inner width=&#8221;1\/3&#8243;][\/vc_column_inner][vc_column_inner width=&#8221;1\/3&#8243;][vc_btn title=&#8221;INSCRIURE&#8217;M&#8221; style=&#8221;custom&#8221; custom_background=&#8221;#00a997&#8243; custom_text=&#8221;#ffffff&#8221; shape=&#8221;square&#8221; align=&#8221;center&#8221; button_block=&#8221;true&#8221; link=&#8221;url:https%3A%2F%2Felche.i2a.es%2FCronosWeb3%2FLogin&#8221;][\/vc_column_inner][vc_column_inner width=&#8221;1\/3&#8243;][\/vc_column_inner][\/vc_row_inner][vc_row_inner][vc_column_inner][vc_empty_space][vc_column_text css=&#8221;.vc_custom_1676273361393{margin-bottom: 10px !important;}&#8221;]<\/p>\n<p style=\"text-align: left;\"><span style=\"font-size: 14pt;\"><strong>Cursos de formaci\u00f3<\/strong><\/span><\/p>\n<p>[\/vc_column_text][vc_column_text]\n<table id=\"tablepress-67\" class=\"tablepress tablepress-id-67\">\n<thead>\n<tr class=\"row-1\">\n\t<th class=\"column-1\">CURS<\/th><th class=\"column-2\">LLOC<\/th><th class=\"column-3\">DATES<\/th><th class=\"column-4\">EDATS<\/th><td class=\"column-5\"><\/td>\n<\/tr>\n<\/thead>\n<tbody class=\"row-striping\">\n<tr class=\"row-2\">\n\t<td class=\"column-1\"><i>En aquests moments no hi ha cursos programats.<\/i><\/td><td class=\"column-2\"><\/td><td class=\"column-3\"><\/td><td class=\"column-4\"><\/td><td class=\"column-5\"><\/td>\n<\/tr>\n<\/tbody>\n<\/table>\n<!-- #tablepress-67 from cache -->[\/vc_column_text][\/vc_column_inner][\/vc_row_inner][vc_row_inner][vc_column_inner width=&#8221;1\/3&#8243;][\/vc_column_inner][vc_column_inner width=&#8221;1\/3&#8243;][vc_btn title=&#8221;INSCRIURE&#8217;M&#8221; style=&#8221;custom&#8221; custom_background=&#8221;#00a997&#8243; custom_text=&#8221;#ffffff&#8221; shape=&#8221;square&#8221; align=&#8221;center&#8221; button_block=&#8221;true&#8221; link=&#8221;url:https%3A%2F%2Felche.i2a.es%2FCronosWeb3%2FLogin&#8221;][\/vc_column_inner][vc_column_inner width=&#8221;1\/3&#8243;][\/vc_column_inner][\/vc_row_inner][\/vc_column][vc_column][\/vc_column][\/vc_row][vc_row css=&#8221;.vc_custom_1628250943961{margin-top: 50px !important;}&#8221;][vc_column width=&#8221;1\/3&#8243;][\/vc_column][vc_column width=&#8221;1\/3&#8243;][\/vc_column][vc_column width=&#8221;1\/3&#8243;][\/vc_column][\/vc_row][vc_row full_width=&#8221;stretch_row&#8221; css=&#8221;.vc_custom_1658229512498{margin-top: 60px !important;margin-bottom: 50px !important;}&#8221; el_class=&#8221;ocultar&#8221;][vc_column][vc_column_text]Por favor, antes de inscribirte, lee los <a href=\"https:\/\/www.elche.es\/wp-content\/uploads\/2021\/05\/CRITERIOS-DE-INSCRIPCION-EN-ACTIVIDADES-DE-JUVENTUD.pdf\">criterios de inscripci\u00f3n en actividades de Juventud<\/a>.<\/p>\n<p><strong>NOTA INFORMATIVA EN RELACI\u00d3 A LA COVID-19:<\/strong><\/p>\n<ul>\n<li>\u00c9s obligatori acudir a les activitats amb mascareta.<\/li>\n<li>Per a participar en les activitats d&#8217;oci \u00e9s obligatori firmar el full d&#8217;<em>Acceptaci\u00f3 de condicions i consentiment de participaci\u00f3 en activitats d&#8217;oci educatiu juvenil i infantil<\/em>.<\/li>\n<li>Les nostres activitats d&#8217;oci educatiu compleixen les condicions descrites en la <a href=\"http:\/\/dogv.gva.es\/datos\/2020\/06\/15\/pdf\/2020_4514.pdf\"><em>RESOLUCI\u00d3 de 13 de juny de 2020, de la Vicepresid\u00e8ncia i Conselleria d&#8217;Igualtat i Pol\u00edtiques Inclusives, per la qual s&#8217;estableix el pla de transici\u00f3 en la nova normalitat, en el context de crisi sanit\u00e0ria ocasionada per la covid-19, dels serveis i programes de l&#8217;Institut Valenci\u00e0 de la Joventut i de les activitats i instal\u00b7lacions de temps lliure i oci educatiu compreses en el seu \u00e0mbit de compet\u00e8ncies<\/em><\/a>, aix\u00ed com les mesures covid-19 m\u00e9s recents, que pots consultar <a href=\"https:\/\/infocoronavirus.gva.es\/es\/infocoronavirus\" target=\"_blank\" rel=\"noopener\">ac\u00ed<\/a>.<\/li>\n<\/ul>\n<p>[\/vc_column_text][vc_single_image onclick=&#8221;link_image&#8221; el_class=&#8221;ocultar&#8221;][\/vc_column][\/vc_row][vc_row][vc_column]<div class=\"templatera_shortcode\"><div data-vc-full-width=\"true\" data-vc-full-width-init=\"false\" class=\"vc_row wpb_row vc_row-fluid vc_custom_1619599214211\"><div class=\"wpb_column vc_column_container vc_col-sm-6\"><div class=\"vc_column-inner\"><div class=\"wpb_wrapper\"><div id='modulo_datos_contacto'> <p class='titulo_datos_contacto'>Dades de contacte <\/p> <hr><p class=\"contactoArea\"> <i class=\"fa fa-map-marker\" aria-hidden=\"true\"><\/i>C\/ Curtidors 23 | 03203 Elche<\/p><p class=\"contactoArea\"><i class=\"fa fa-phone\" aria-hidden=\"true\"><\/i>96 665 80 60<\/p><p class=\"contactoArea\"><i class=\"fa fa-envelope\" aria-hidden=\"true\"><\/i><a href=\"mailto:juventud@elche.es\"> juventud@elche.es<\/a><\/p><div id='contacto-rrss'><\/div><\/div><div class=\"vc_icon_element vc_icon_element-outer vc_do_icon vc_icon_element-align-left\"><div class=\"vc_icon_element-inner vc_icon_element-color-black vc_icon_element-size-lg vc_icon_element-style- vc_icon_element-background-color-grey\" ><span class=\"vc_icon_element-icon fab fa-whatsapp\" ><\/span><a class=\"vc_icon_element-link\" href=\"https:\/\/wa.me\/34673694753\"  title=\"\" target=\"_self\"><\/a><\/div><\/div><div class=\"vc_icon_element vc_icon_element-outer vc_do_icon vc_icon_element-align-left\"><div class=\"vc_icon_element-inner vc_icon_element-color-black vc_icon_element-size-lg vc_icon_element-style- vc_icon_element-background-color-grey\" ><span class=\"vc_icon_element-icon fab fa-facebook-square\" ><\/span><a class=\"vc_icon_element-link\" href=\"https:\/\/www.facebook.com\/elchejuventud\"  title=\"\" target=\"_blank\"><\/a><\/div><\/div><div class=\"vc_icon_element vc_icon_element-outer vc_do_icon vc_icon_element-align-left\"><div class=\"vc_icon_element-inner vc_icon_element-color-black vc_icon_element-size-lg vc_icon_element-style- vc_icon_element-background-color-grey\" ><span class=\"vc_icon_element-icon fab fa-twitter-square\" ><\/span><a class=\"vc_icon_element-link\" href=\"https:\/\/twitter.com\/elchejuventud\"  title=\"\" target=\"_blank\"><\/a><\/div><\/div><div class=\"vc_icon_element vc_icon_element-outer vc_do_icon vc_icon_element-align-left\"><div class=\"vc_icon_element-inner vc_icon_element-color-black vc_icon_element-size-lg vc_icon_element-style- vc_icon_element-background-color-grey\" ><span class=\"vc_icon_element-icon fab fa-instagram\" ><\/span><a class=\"vc_icon_element-link\" href=\"https:\/\/www.instagram.com\/elchejuventud\/\"  title=\"\" target=\"_blank\"><\/a><\/div><\/div><div class=\"vc_icon_element vc_icon_element-outer vc_do_icon vc_icon_element-align-left\"><div class=\"vc_icon_element-inner vc_icon_element-color-black vc_icon_element-size-md vc_icon_element-style- vc_icon_element-background-color-grey\" ><span class=\"vc_icon_element-icon fas fa-microphone\" ><\/span><a class=\"vc_icon_element-link\" href=\"http:\/\/radio.elche.es:8000\/stream\"  title=\"Streaming de Radio Joven Digital\" target=\"_self\"><\/a><\/div><\/div><\/div><\/div><\/div><div class=\"iconosjuventud wpb_column vc_column_container vc_col-sm-6\"><div class=\"vc_column-inner\"><div class=\"wpb_wrapper\"><div\r\n                id=\"sbs-openstreetmap-block-69e33527bd86c\" \r\n                class=\"sbs_openstreetmap_module\" \r\n                data-map-style=\"OpenStreetMap.DE\"\r\n                data-map-style-key=\"\"\r\n                data-zoom=\"15\" \r\n                data-ctrl-mouse-zoom=\"true\" \r\n                data-latitude=\"38.256430\" \r\n                data-longitude=\"-0.692154\" \r\n                data-routing=\"false\" \r\n                data-destination-marker=\"0\" \r\n                data-router=\"osrmv1\" \r\n                data-router-key=\"\" \r\n                data-show-attribution=\"true\" \r\n                data-geocoder=\"nominatim\" \r\n                data-geocoder-key=\"\" \r\n                data-center-marker=\"0\"\r\n                data-marker-list='[{\"marker_source\":\"coordinates\",\"marker_address\":\"\",\"marker_latitude\":\"38.2564299\",\"marker_longitude\":\"-0.6921543,18\",\"marker_center\":\"true\",\"marker_icon\":\"\",\"marker_color\":\"red\"}]'>\r\n                <div class=\"sbs_openstreetmap_container\" style=\"padding-bottom: 50%\"><\/div>\r\n                <div class=\"marker_list\">\r\n                    <div class=\"marker_element\" data-marker-source=\"coordinates\" data-marker-address=\"\" data-marker-latitude=\"38.256430\" data-marker-longitude=\"-0.692154\" data-marker-icon=\"\" data-marker-color=\"red\" data-marker-text=\"\">Marker <span class=\"marker_number\"><\/span> (lat: 38.2564299, lng: -0.6921543,18)<\/div>                <\/div>\r\n            <\/div><\/div><\/div><\/div><\/div><div class=\"vc_row-full-width vc_clearfix\"><\/div><div class=\"vc_row wpb_row vc_row-fluid\"><div class=\"wpb_column vc_column_container vc_col-sm-12\"><div class=\"vc_column-inner\"><div class=\"wpb_wrapper\">\n\t<div class=\"wpb_raw_code wpb_raw_html wpb_content_element\" >\n\t\t<div class=\"wpb_wrapper\">\n\t\t\t<style>.vc_icon_element.vc_icon_element-outer.vc_icon_element-align-left {text-align: left;float: left;}<\/style>\n\t\t<\/div>\n\t<\/div>\n<\/div><\/div><\/div><\/div><\/div>[\/vc_column][\/vc_row][vc_row el_class=&#8221;ocultar&#8221;][vc_column][sbs_wpb_openstreetmap map_style=&#8221;openstreetmap_de&#8221; ctrl_mouse_zoom=&#8221;&#8221;][\/sbs_wpb_openstreetmap][\/vc_column][\/vc_row]<\/p>\n<\/div>","protected":false},"excerpt":{"rendered":"Activitats, cursos i tallers Inici Pla Jove 2026-2029 Cursos i tallers Inscripcions Directori Contacte &nbsp; Subscriu-te a la nostra NEWSLETTER! Activitats, tallers i cursos per a joves En aquesta p\u00e0gina [...]","protected":false},"author":108,"featured_media":0,"parent":157203,"menu_order":0,"comment_status":"closed","ping_status":"closed","template":"","meta":{"footnotes":""},"class_list":["post-158658","page","type-page","status-publish","hentry"],"_links":{"self":[{"href":"https:\/\/www.elche.es\/va\/wp-json\/wp\/v2\/pages\/158658","targetHints":{"allow":["GET"]}}],"collection":[{"href":"https:\/\/www.elche.es\/va\/wp-json\/wp\/v2\/pages"}],"about":[{"href":"https:\/\/www.elche.es\/va\/wp-json\/wp\/v2\/types\/page"}],"author":[{"embeddable":true,"href":"https:\/\/www.elche.es\/va\/wp-json\/wp\/v2\/users\/108"}],"replies":[{"embeddable":true,"href":"https:\/\/www.elche.es\/va\/wp-json\/wp\/v2\/comments?post=158658"}],"version-history":[{"count":5,"href":"https:\/\/www.elche.es\/va\/wp-json\/wp\/v2\/pages\/158658\/revisions"}],"predecessor-version":[{"id":327486,"href":"https:\/\/www.elche.es\/va\/wp-json\/wp\/v2\/pages\/158658\/revisions\/327486"}],"up":[{"embeddable":true,"href":"https:\/\/www.elche.es\/va\/wp-json\/wp\/v2\/pages\/157203"}],"wp:attachment":[{"href":"https:\/\/www.elche.es\/va\/wp-json\/wp\/v2\/media?parent=158658"}],"curies":[{"name":"wp","href":"https:\/\/api.w.org\/{rel}","templated":true}]}}