{"id":160090,"date":"2021-09-07T12:12:43","date_gmt":"2021-09-07T11:12:43","guid":{"rendered":"https:\/\/www.elche.es\/?page_id=160090"},"modified":"2022-04-01T14:05:19","modified_gmt":"2022-04-01T13:05:19","slug":"recursos-para-autonomos-y-empresas-2","status":"publish","type":"page","link":"https:\/\/www.elche.es\/va\/promocion-economica\/emprendimiento\/recursos-para-autonomos-y-empresas-2\/","title":{"rendered":"Recursos per a aut\u00f2noms i empreses"},"content":{"rendered":"<div class=\"wpb-content-wrapper\"><p>[vc_row][vc_column]<h1 class=\"sc_title sc_title_regular\"><strong>Recursos per a aut\u00f2noms i empreses<\/strong><\/h1>[vc_column_text]Els aut\u00f2noms, pimes i empreses del municipi d&#8217;Elx podran trobar subvencions i finan\u00e7ament per a iniciar i promoure els seus negocis, finan\u00e7ar determinats costos, inversions, o actuacions innovadores, que contribu\u00efsquen a millorar, en definitiva, la seua competitivitat en el mercat.[\/vc_column_text][vc_empty_space]<h2 class=\"sc_title sc_title_regular\">Financiaci\u00f3<\/h2><div class=\"sc_toggles\"><div class=\"sc_toggles_item odd first\"><h5 class=\"sc_toggles_title\"><span class=\"sc_toggles_icon sc_toggles_icon_closed icon-plus\"><\/span><span class=\"sc_toggles_icon sc_toggles_icon_opened icon-minus\"><\/span>L\u00ednies de finan\u00e7ament Institut Valenci\u00e0 de Finances (IVF) per a aut\u00f2noms, pimes i microempreses)<\/h5><div class=\"sc_toggles_content\">[vc_column_text]<strong><span dir=\"ltr\">1.L\u00ednia Financiaci\u00f3 Bonificada IVF-Liquiditat Covid19<\/span><\/strong><\/p>\n<ul>\n<li><strong><span dir=\"ltr\">Instrument<\/span><\/strong><span dir=\"ltr\">: ajudes directes al sector HORECA i les seues activitats connexes, aix\u00ed com a la inversi\u00f3 empresarial, la digitalitzaci\u00f3 o l&#8217;adequaci\u00f3 d&#8217;espais de treball, amb criteris d&#8217;inclusi\u00f3 social i sostenibilitat mediambiental.<\/span><\/li>\n<li><span dir=\"ltr\"><strong>Import<\/strong>: <\/span><span dir=\"ltr\"> valor nominal del pr\u00e8stec entre 15.000 \u2013 5.000.000 (750.000\u20ac si <\/span><span dir=\"ltr\">aut\u00f2nom o microempresa, o 2.500.000\u20ac si PIME) d&#8217;euros.<\/span><\/li>\n<li><span dir=\"ltr\"><strong>Termini\/Car\u00e8ncia<\/strong>: <\/span><span dir=\"ltr\">De 3 a 6 anys amb un m\u00e0xim de 2 anys de manca.<\/span><\/li>\n<li><span dir=\"ltr\"><strong>Comissions<\/strong>:<\/span><span dir=\"ltr\"> sense comissions d&#8217;obertura ni cancel\u00b7laci\u00f3. <\/span><\/li>\n<li><strong><span dir=\"ltr\">Tipus d&#8217;Inter\u00e9s: <\/span><\/strong><span dir=\"ltr\">suma del tipus d&#8217;inter\u00e9s EURIBOR a un any, amb l\u00edmit inferior 0%, i un Marge que es determinar\u00e0 atenent la qualificaci\u00f3 credit\u00edcia del sol\u00b7licitant.<\/span><\/li>\n<li><span dir=\"ltr\"><a href=\"https:\/\/prestamos.ivf.es\/va\/prestecs\/linia-financament-bonificat-ivf-liquiditat-covid-19\/\" target=\"_blank\" rel=\"noopener\"><strong>M\u00e9s informaci\u00f3<\/strong><\/a><\/span><\/li>\n<\/ul>\n<p><span dir=\"ltr\"><strong>2. L\u00ednia IVF &#8211; FEDER Pr\u00e9stecs Participatius<\/strong><\/span><\/p>\n<ul>\n<li><span dir=\"ltr\"><strong>Objecte<\/strong>:<\/span><span dir=\"ltr\"> Finan\u00e7ar el creixement d&#8217;empreses de recent creaci\u00f3, prioritzant la innovaci\u00f3, a trav\u00e9s de la coinversi\u00f3 al costat d&#8217;altres inversors privats en projectes desenvolupats per empreses la seu social de les quals, establiment o sucursal de producci\u00f3 o de desenvolupament d&#8217;activitat es trobe radicat a la Comunitat Valenciana<\/span><span dir=\"ltr\">.<\/span><\/li>\n<li><span dir=\"ltr\"><strong>Instrument<\/strong>: Pr\u00e9stec participatiu<\/span><\/li>\n<li><span dir=\"ltr\"><strong>Import<\/strong>: <\/span><span dir=\"ltr\">25.000-300.000 euros per pime finan\u00e7ada, subjecte a l&#8217;import de la coinversi\u00f3 per part d&#8217;inversors privats<\/span><span dir=\"ltr\">.<\/span><\/li>\n<li><span dir=\"ltr\"><strong>Termini\/Car\u00e8ncia<\/strong>: m\u00e0xim de 7 anys, amb possibilitat de manca per a l&#8217;amortitzaci\u00f3 de capital de fins a 3 anys<\/span><span dir=\"ltr\">.<\/span><\/li>\n<li><span dir=\"ltr\"><strong>Comissions<\/strong>: Comissi\u00f3 de cancel\u00b7laci\u00f3 anticipada: 10% de la quantia amortitzada<\/span><\/li>\n<li><span dir=\"ltr\"><strong>Tipus d&#8217;Inter\u00e9s<\/strong>: <\/span><span dir=\"ltr\">(ver condicions) <\/span><\/li>\n<li><span dir=\"ltr\"><a href=\"https:\/\/prestamos.ivf.es\/va\/prestecs\/linia-ivf-feder-prestecs-participatius\/\" target=\"_blank\" rel=\"noopener\"><strong>M\u00e9s informaci\u00f3<\/strong><\/a><\/span><\/li>\n<\/ul>\n<p><strong><span dir=\"ltr\">3. L\u00ednia IVF &#8211; FEDER Pr\u00e9stecs Participatius CORONAVIRUS<\/span><span dir=\"ltr\">.<\/span><\/strong><\/p>\n<ul>\n<li><strong><span dir=\"ltr\">Objecte<\/span><\/strong><span dir=\"ltr\">: Finan\u00e7ar projectes empresarials de petites i mitjanes empreses la seu social de les quals, establiment o sucursal de producci\u00f3 o de desenvolupament d&#8217;activitat es trobe radicat a la Comunitat Valenciana.<\/span><\/li>\n<li><strong><span dir=\"ltr\">Instrument<\/span><\/strong><span dir=\"ltr\">: Pr\u00e9stec subordinat. <\/span><\/li>\n<li><strong><span dir=\"ltr\">Import<\/span><\/strong><span dir=\"ltr\">: valor nominal entre 300.000 i 2.000.000 euros per a projectes disruptius, i entre 25.000 i 500.000 euros per als no disruptius (Pr\u00e9stec Participatiu Coronavirus).<\/span><\/li>\n<li><span dir=\"ltr\"><strong>Termini\/Car\u00e8ncia<\/strong>: de fins a deu anys (projectes disruptius), i entre 6 i 10 anys (no disruptius), possibilitat en tots dos casos d&#8217;un per\u00edode de car\u00e8ncia d&#8217;amortitzaci\u00f3 de capital de fins a tres anys<\/span><span dir=\"ltr\">.<\/span><\/li>\n<li><span dir=\"ltr\"><strong>Comissions<\/strong>: <\/span><span dir=\"ltr\">sense comissions.<\/span><\/li>\n<li><span dir=\"ltr\"><strong>Tipus d&#8217;Inter\u00e9s<\/strong>: <\/span><span dir=\"ltr\">veure condicions en \u00abM\u00e9s informaci\u00f3\u00bb. <\/span><\/li>\n<li><strong><span dir=\"ltr\">Termini d&#8217;amortitzaci\u00f3<\/span><\/strong><span dir=\"ltr\">: de fins a deu anys (projectes disruptius), i de 6 a 10 anys (projectes no disruptius, com el Pr\u00e9stec Participatiu Coronavirus). Possibilitat en ambd\u00f3s casos d&#8217;un per\u00edode de car\u00e8ncia d&#8217;amortitzaci\u00f3 de capital de fins a tres anys<\/span><span dir=\"ltr\">.<\/span><\/li>\n<li><span dir=\"ltr\"><a href=\"https:\/\/bit.ly\/3d3VMTK\" target=\"_blank\" rel=\"noopener\"><strong>M\u00e9s informaci\u00f3<\/strong><\/a><\/span><\/li>\n<\/ul>\n<p><span dir=\"ltr\"><strong>4. L\u00ednia de Microcr\u00e8dits FSE Comunitat Valenciana 2014-2020.<\/strong> <\/span><\/p>\n<ul>\n<li><span dir=\"ltr\"><strong>Objecte<\/strong>:<\/span><span dir=\"ltr\"> Finan\u00e7ar a trav\u00e9s de microcr\u00e8dits la posada en marxa d&#8217;activitats empresarials o professionals per persones desocupades (demandants d&#8217;ocupaci\u00f3) o subocupades (demandants de millora d&#8217;ocupaci\u00f3) que residisquen a la Comunitat Valenciana, o manteniment d&#8217;activitats ja iniciades per demandants de millora d&#8217;ocupaci\u00f3 amb una antiguitat no superior a 12 mesos des de la data d&#8217;alta de la seua activitat econ\u00f2mica<\/span><span dir=\"ltr\">.<\/span><\/li>\n<li><span dir=\"ltr\"><strong>Projectes finan\u00e7ables<\/strong>: Inversions i despeses associades a la creaci\u00f3 i a la posada en marxa d&#8217;una activitat empresarial o professional<\/span><span dir=\"ltr\">.<\/span><\/li>\n<li><span dir=\"ltr\"><strong>Instrument<\/strong>: Pr\u00e9stec amb riscos compartits segons l&#8217;instrument financer definit en l&#8217;Annex II del Reglament d&#8217;Execuci\u00f3 (UE) n\u00fam. 964\/2014 de la Comissi\u00f3 d&#8217;11 de setembre de 2014<\/span><span dir=\"ltr\">.<\/span><\/li>\n<li><span dir=\"ltr\"><strong>Import<\/strong>: fins a 25.000 euros, podent representar fins al 100% de les necessitats de finan\u00e7ament derivades de la creaci\u00f3, posada en marxa i manteniment de l&#8217;activitat empresarial o professional<\/span><span dir=\"ltr\">.<\/span><\/li>\n<li><span dir=\"ltr\"><strong>Termini\/Car\u00e8ncia<\/strong>: entre 3 i 8 anys, amb possibilitat d&#8217;establir per\u00edodes de car\u00e8ncia d&#8217;amortitzaci\u00f3 de capital superiors a 1 any<\/span><span dir=\"ltr\">.<\/span><\/li>\n<li><span dir=\"ltr\"><strong>Comissions<\/strong>: Si escau, les que determine l&#8217;intermediari financer<\/span><span dir=\"ltr\">.<\/span><\/li>\n<li><span dir=\"ltr\"><strong>Tipus d&#8217;Inter\u00e9s<\/strong>:<\/span><span dir=\"ltr\"> l&#8217;establit per l&#8217;intermediari financer, minorat per l&#8217;avantatge financer de la contribuci\u00f3 p\u00fablica al programa. El tipus d&#8217;inter\u00e9s resultant no excedir\u00e0 del 3%<\/span><span dir=\"ltr\">.<\/span><\/li>\n<li><span dir=\"ltr\"><a href=\"https:\/\/bit.ly\/3fdpd8vo\"><strong>M\u00e9s informaci\u00f3<\/strong><\/a><\/span><\/li>\n<\/ul>\n<p><strong><span dir=\"ltr\">5. Altres l\u00ednies de pr\u00e9stecs IVF per a grans empreses.<\/span><\/strong><\/p>\n<ul>\n<li><span dir=\"ltr\"><strong><a href=\"https:\/\/prestamos.ivf.es\/\" target=\"_blank\" rel=\"noopener\">M\u00e9s informaci\u00f3<\/a><\/strong><\/span><\/li>\n<\/ul>\n<p>[\/vc_column_text]<\/div><\/div><div class=\"sc_toggles_item even\"><h5 class=\"sc_toggles_title\"><span class=\"sc_toggles_icon sc_toggles_icon_closed icon-plus\"><\/span><span class=\"sc_toggles_icon sc_toggles_icon_opened icon-minus\"><\/span>L\u00ednies de finan\u00e7ament ICO per a empreses\/emprenedors<\/h5><div class=\"sc_toggles_content\">\r\n        <p>\r\n        <span class=\"enlaces-titulo\"> L\u00ednies de finan\u00e7ament per a empreses i emprenedors <\/span> <span><a class=\"enlaces-link\" target='_blank'href=\"https:\/\/www.ico.es\/ca\/ico-empresas-y-emprendedores \">Veure enlla\u00e7<\/a><\/span>\r\n        <br>\r\n        <span class=\"enlaces-descripcion\"><\/span>\r\n        <\/p>\r\n        <hr class=\"enlaces-separador\">\r\n        <\/div><\/div><\/div><h2 class=\"sc_title sc_title_regular\">Subvencions<\/h2><div class=\"sc_toggles\"><div class=\"sc_toggles_item odd first\"><h5 class=\"sc_toggles_title\"><span class=\"sc_toggles_icon sc_toggles_icon_closed icon-plus\"><\/span><span class=\"sc_toggles_icon sc_toggles_icon_opened icon-minus\"><\/span>Ajudes aut\u00f2noms\/pimes\/micropimes Ajuntament d'Elx<\/h5><div class=\"sc_toggles_content\">[vc_column_text]<span dir=\"ltr\"><strong><br \/>\nSUBVENCIONS ELX EMPR\u00c9N 2021, ATORGADES PER L&#8217;AJUNTAMENT D&#8217;ELX<br \/>\n<\/strong><\/span><\/p>\n<ul>\n<li><span dir=\"ltr\"><strong>Objecte: <\/strong>Promoure l&#8217;emprenedoria entre la societat il\u00b7licitana. Servir d&#8217;est\u00edmul per a la creaci\u00f3 de noves empreses i noves ocupacions en l&#8217;\u00e0mbit de l&#8217;economia del municipi d&#8217;Elx.<\/span><\/li>\n<li><span dir=\"ltr\"><strong>Beneficiaris: <\/strong>persones f\u00edsiques i jur\u00eddiques que situen els seus negocis al municipi d&#8217;Elx, i la data del qual d&#8217;alta d&#8217;activitats en el cens tributari es realitze entre el 01-01-2020 i el 15-<br \/>\n09-2021.<\/span><\/li>\n<li><span dir=\"ltr\"><strong>Actuacions Subvencionables: <\/strong>despeses qualificades com a \u00abInversi\u00f3\u00bb segons el pla general de comptabilitat. Subvenci\u00f3 a concedir d&#8217;entre 2000 i 3000 \u20ac.<\/span><\/li>\n<li><span dir=\"ltr\"><strong>Cost subvencionable:<\/strong> inversions de m\u00ednim 3.000\u20ac sense IVA.<\/span><\/li>\n<li><span dir=\"ltr\"><strong>Termini de presentaci\u00f3: <\/strong>des de la publicaci\u00f3 de les bases en el BOP de la prov\u00edncia d&#8217;Alacant, fins al 15 de setembre de 2021.<\/span><\/li>\n<li><span dir=\"ltr\"><strong><a href=\"https:\/\/www.elche.es\/va\/promocion-economica\/emprendimiento\/asesoramiento-emprendedores-2\/subvenciones-elche-emprende\/\" target=\"_blank\" rel=\"noopener\">M\u00e9s informaci\u00f3<\/a><br \/>\n<\/strong><br \/>\n<\/span><\/li>\n<\/ul>\n<p><span dir=\"ltr\">\u00a0<\/span><\/p>\n<p><span dir=\"ltr\">\u00a0<\/span>[\/vc_column_text]<\/div><\/div><div class=\"sc_toggles_item even\"><h5 class=\"sc_toggles_title\"><span class=\"sc_toggles_icon sc_toggles_icon_closed icon-plus\"><\/span><span class=\"sc_toggles_icon sc_toggles_icon_opened icon-minus\"><\/span>Ajudes aut\u00f2noms\/pimes\/micropime's altres entitats<\/h5><div class=\"sc_toggles_content\">[vc_column_text]<span dir=\"ltr\"><strong>1.EAUTOE 2021- AJUDES A PERSONES DESOCUPADES QUE ACCEDISQUEN A LA SEUA OCUPACI\u00d3 A TRAV\u00c9S DE LA CREACI\u00d3 D&#8217;ACTIVITAT EMPRESARIAL COM A TREBALLADOR AUT\u00d2NOM EN PROJECTES INNOVADORS PER A L&#8217;EXERCICI 2021<\/strong><\/span><\/p>\n<p><span dir=\"ltr\"><strong>Objecte<\/strong>: Fomentar l&#8217;emprenedoria. Projectes considerats com a innovadors: -Projectes empresarials que oferisquen alguna novetat o millora sobre productes o serveis existents-Activitats empresarials o professionals en les quals es detecte una falta d&#8217;oferta en el territori on la persona treballadora aut\u00f2noma vaja a prestar serveis.-Idees de negoci, en sectors madurs, que donen resposta a necessitats no cobertes.<\/span><\/p>\n<p><span dir=\"ltr\"><strong>Beneficiaris<\/strong>: persones desocupades que es constitu\u00efsquen en personal treballador aut\u00f2nom o per compte propi.<\/span><\/p>\n<p><span dir=\"ltr\"><strong>Termini de presentaci\u00f3<\/strong>: persones desocupades que \u00e9s constitu\u00efsquen en personal treballador aut\u00f2nom o per compte propi.<\/span><\/p>\n<p><span dir=\"ltr\"><a href=\"https:\/\/labora.gva.es\/va\/ciutadania\/busque-ajudes-subvencions\/ajudes-foment-de-l-ocupacio\/-\/asset_publisher\/eLgUuSsd70Zp\/content\/eautoe-2021-ayudas-a-personas-desempleadas-que-accedan-a-su-empleo-a-traves-de-la-creacion-de-actividad-empresarial-como-trabajador-autonomo-en-proyec\"><strong>M\u00e9s informaci\u00f3<\/strong><\/a><\/span><\/p>\n<p><span dir=\"ltr\"><strong>2.AJUDES PER A EMPRESES QUE CONTRACTEN DONES<\/strong><\/span><\/p>\n<p><span dir=\"ltr\"><strong>Objete<\/strong>: Ajudar empreses que decidisquen contractar determinats col\u00b7lectius de dones. <\/span><\/p>\n<p><span dir=\"ltr\"><strong>Beneficiaris<\/strong>: Empreses que contracten dones amb les seg\u00fcents caracter\u00edstiques -Dones desocupades de llarga duraci\u00f3 -Dones v\u00edctimes de viol\u00e8ncia de g\u00e8nere -Dones amb discapacitat -Dones en situaci\u00f3 d&#8217;exclusi\u00f3 social.<\/span><\/p>\n<p><span dir=\"ltr\"><a href=\"https:\/\/contratalas.com\/\"><strong> M\u00e9s informaci\u00f3<\/strong><\/a><\/span><\/p>\n<p><span dir=\"ltr\"><strong>3.ALTRES AJUDES VIGENTS<\/strong><\/span><\/p>\n<p><a href=\"https:\/\/www.galsurdealicante.es\/ayudas-leader-2\/\" target=\"_blank\" rel=\"noopener\"><strong>Ajudes LEADER 2021<\/strong><\/a>-per a creaci\u00f3 i millora d&#8217;empreses en zones rurals de la Comunitat Valenciana. Termini sol\u00b7licitud: 04\/08\/2021 a 15\/09\/2021.<\/p>\n<p>L\u00ednia d&#8217;ajuda d&#8217;empreses no agr\u00edcoles en zones rurals: quantia fins al 100% de la inversi\u00f3 amb un m\u00e0xim de 70.000 \u20ac per a projectes de creaci\u00f3 de nous negocis. I de fins al 30% i m\u00e0xim 21.000 \u20ac per a projectes de millora d&#8217;empresa.<\/p>\n<p>L\u00ednia d&#8217;ajudes per a petites empreses agroaliment\u00e0ries: quantia fins al 40% de la inversi\u00f3 amb un m\u00e0xim de 28.000 \u20ac per projectes tant de creaci\u00f3 com de millora. Les empreses tenen com a requisit que tinguen situades les inversions al territori LEADER del sud d&#8217;Alacant.<\/p>\n<p><a href=\"https:\/\/www.galsurdealicante.es\/ayudas-leader-2\/\" target=\"_blank\" rel=\"noopener\">\u00a0M\u00e9s informaci\u00f3<\/a>: Grup d&#8217;Acci\u00f3 Local ASIR: tecnico@galsurdealicante.es; tel\u00e8fono 640 02 89 45 (telefonada o whatsapp)<\/p>\n<p><strong><a href=\"https:\/\/bstartup.bancsabadell.com\/ca\/inversio\/\" target=\"_blank\" rel=\"noopener\">Suport a l&#8217;Economia Verda des del Banc Sabadell<\/a><\/strong><\/p>\n<p><span dir=\"ltr\"><a href=\"https:\/\/www.ivace.es\/index.php\/val\/ajudes\/internacional\/ajudes-a-la-internacionalitzacio-de-les-empreses-2021\/54625-ajudes-als-plans-de-seguiment-dels-programes-de-tutories-d-internacionalitzacio-de-les-pimes-de-la-c-v-2021\" target=\"_blank\" rel=\"noopener\"><strong>Ajudes IVACE a la internacionalitzaci\u00f3<\/strong><\/a><\/span><\/p>\n<p><span dir=\"ltr\"><a href=\"https:\/\/www.ivace.es\/index.php\/val\/ajudes\/ajudes-vigents\" target=\"_blank\" rel=\"noopener\"><strong>Ajudes IVACE (innovaci\u00f3, efici\u00e8ncia energ\u00e8tica, digitalitzaci\u00f3, I+D+I)<\/strong><\/a><br \/>\n<\/span><\/p>\n<p><a href=\"https:\/\/www.camaralicante.com\/innovacion-y-tic\/innocamaras-2021\/\" target=\"_blank\" rel=\"noopener\"><strong>Ajudes Programa InnoC\u00e1maras-Implantaci\u00f3 Solucions Innovadores 2021<\/strong><\/a><\/p>\n<p><span dir=\"ltr\"><a href=\"https:\/\/www.cdti.es\/index.asp?TR=C&amp;IDR=1687\" target=\"_blank\" rel=\"noopener\"><strong>Ajudes CDTI<\/strong><\/a><\/span><\/p>\n<p><span dir=\"ltr\"><a href=\"https:\/\/www.seimed.eu\/\" target=\"_blank\" rel=\"noopener\"><strong>Oportunitats de negoci a Europa<\/strong><\/a>: acc\u00e9s a finan\u00e7ament, cerca de socis internacionals, tecnologia, comercialitzaci\u00f3, desenvolupament d&#8217;idees innovadores<\/span><strong><span dir=\"ltr\"><br \/>\n<\/span><\/strong>[\/vc_column_text]<\/div><\/div><\/div><h2 class=\"sc_title sc_title_regular\">Microcr\u00e8dits<\/h2>[vc_column_text]L&#8217;objectiu \u00e9s disposar d&#8217;una \u00e0mplia oferta de productes i de serveis financers dirigits a col\u00b7lectius de professionals i d&#8217;empresaris que permeten executar els seus projectes d&#8217;expansi\u00f3, d&#8217;ampliaci\u00f3 i de desenvolupament dels seus negocis.<\/p>\n<p>Despr\u00e9s de contactar amb diferents entitats financeres per a negociar paquets de finan\u00e7ament espec\u00edfics per a emprenedors, una vegada analitzades les diferents propostes presentades, l&#8217;Ajuntament ha considerat la conveni\u00e8ncia de signar un conveni de col\u00b7laboraci\u00f3 amb les seg\u00fcents entitats: <strong>Banc de Sabadell, La Caixa (MicroBank).<\/strong>[\/vc_column_text][vc_empty_space]<div class=\"sc_toggles\"><div class=\"sc_toggles_item odd first\"><h5 class=\"sc_toggles_title\"><span class=\"sc_toggles_icon sc_toggles_icon_closed icon-plus\"><\/span><span class=\"sc_toggles_icon sc_toggles_icon_opened icon-minus\"><\/span>Sabadell<\/h5><div class=\"sc_toggles_content\"><div class=\"columns_wrap sc_columns columns_nofluid sc_columns_count_2\"><div class=\"column-1_2 sc_column_item sc_column_item_1 odd first\"><figure class=\"sc_image  sc_image_shape_square\"><a href=\"https:\/\/www.elche.es\/wp-content\/uploads\/2021\/03\/365057-oferta-emprendedores.pdf\"><img decoding=\"async\" src=\"https:\/\/www.elche.es\/wp-content\/uploads\/2018\/03\/SabadellCAM.png\" alt=\"\" \/><\/a><\/figure><\/div><div class=\"column-1_2 sc_column_item sc_column_item_2 even\">[vc_column_text]<a href=\"https:\/\/www.elche.es\/wp-content\/uploads\/2021\/03\/365057-oferta-emprendedores.pdf\" target=\"_blank\" rel=\"noopener noreferrer\">Informaci\u00f3 Sabadell<\/a>[\/vc_column_text]<\/div><\/div><\/div><\/div><div class=\"sc_toggles_item even\"><h5 class=\"sc_toggles_title\"><span class=\"sc_toggles_icon sc_toggles_icon_closed icon-plus\"><\/span><span class=\"sc_toggles_icon sc_toggles_icon_opened icon-minus\"><\/span>MicroBank<\/h5><div class=\"sc_toggles_content\"><div class=\"columns_wrap sc_columns columns_nofluid sc_columns_count_2\"><div class=\"column-1_2 sc_column_item sc_column_item_1 odd first\"><figure class=\"sc_image  sc_image_shape_square\"><a href=\"https:\/\/www.elche.es\/wp-content\/uploads\/2018\/03\/condiciones-economicas-microbank-2016.pdf\"><img decoding=\"async\" src=\"https:\/\/www.elche.es\/wp-content\/uploads\/2021\/09\/logo-caixabank.png\" alt=\"\" \/><\/a><\/figure><\/div><div class=\"column-1_2 sc_column_item sc_column_item_2 even\">[vc_column_text]<a href=\"https:\/\/www.elche.es\/wp-content\/uploads\/2018\/03\/condiciones-economicas-microbank-2016.pdf\" target=\"_blank\" rel=\"noopener noreferrer\">Informaci\u00f3 MicroBank La Caixa<\/a>[\/vc_column_text]<\/div><\/div><\/div><\/div><\/div><h2 class=\"sc_title sc_title_regular\">Altres recursos<\/h2><div class=\"sc_toggles\"><div class=\"sc_toggles_item odd first\"><h5 class=\"sc_toggles_title\"><span class=\"sc_toggles_icon sc_toggles_icon_closed icon-plus\"><\/span><span class=\"sc_toggles_icon sc_toggles_icon_opened icon-minus\"><\/span>Guia per a l'elaboraci\u00f3 del pla d'empresa<\/h5><div class=\"sc_toggles_content\">[vc_column_text]<a href=\"https:\/\/www.elche.es\/wp-content\/uploads\/2021\/06\/Guia-Plan-de-Empresa-rellenable.pdf\" target=\"_blank\" rel=\"noopener\">Guia emplenable per a l&#8217;elaboraci\u00f3 del pla d&#8217;empresa<\/a>[\/vc_column_text]<\/div><\/div><div class=\"sc_toggles_item even\"><h5 class=\"sc_toggles_title\"><span class=\"sc_toggles_icon sc_toggles_icon_closed icon-plus\"><\/span><span class=\"sc_toggles_icon sc_toggles_icon_opened icon-minus\"><\/span>Segell Empresa Conciliadora<\/h5><div class=\"sc_toggles_content\">[vc_column_text]La concessi\u00f3 d&#8217;aquest segell distintiu t\u00e9 un doble objectiu: d&#8217;una banda, recon\u00e9ixer a aquelles empreses que tenen establides mesures per a la conciliaci\u00f3 de la vida laboral, familiar i personal dins de la seua organitzaci\u00f3 i, per un altre, incentivar la posada en marxa d&#8217;aquestes mesures en la gesti\u00f3 dels recursos humans de les empreses.<\/p>\n<p>El termini de presentaci\u00f3 de sol\u00b7licituds ser\u00e0 des del dia 13 de maig fins al dia 18 de juny de 2021.<\/p>\n<p>Podran optar al segell distintiu \u201cEmpresa Conciliadora\u201d, les empreses legalment constitu\u00efdes, que estiguen situades i que exercisquen la seua activitat al terme municipal d&#8217;Elx, sempre que complisquen els seg\u00fcents requisits:<\/p>\n<p>\u2013 Que tinguen car\u00e0cter privat, independentment de la seua forma jur\u00eddica, grand\u00e0ria i sector de pertinen\u00e7a.<\/p>\n<p>\u2013 Que estiguen al corrent de totes les seues obligacions fiscals i tribut\u00e0ries, aix\u00ed com de Seguretat Social.<\/p>\n<p>\u2013 No haver sigut sancionades per resoluci\u00f3 ferma per la comissi\u00f3 d&#8217;una infracci\u00f3 molt greu en mat\u00e8ria d&#8217;igualtat de conformitat amb el que es disposa en l&#8217;article 46 bis del text ref\u00f3s de la Llei sobre infraccions i sancions d&#8217;ordre social, aprovat pel Reial decret legislatiu 5\/2000, de 4 d&#8217;agost.<\/p>\n<p>\u2013 Que presenten millores de la normativa vigent en mat\u00e8ria de conciliaci\u00f3 de la vida laboral, familiar i personal.<\/p>\n<p class=\"western\">Las empresas pueden optar a las siguientes modalidades:<\/p>\n<p>Microempresa: fins a 10 persones treballadores.<\/p>\n<p>Petita empresa: des d&#8217;11 fins a 50 persones treballadores.<\/p>\n<p>Mitjana empresa: des de 51 fins a 250 persones treballadores.<\/p>\n<p>Grans Empreses: M\u00e9s de 250 persones treballadores.<\/p>\n<p><a href=\"https:\/\/www.elche.es\/wp-content\/uploads\/2021\/05\/BASES-SELLO-2021-BOP.pdf\" target=\"_blank\" rel=\"noopener\">Bases Segell Empresa Conciliadora Edici\u00f3 2021<\/a><\/p>\n<p><a href=\"https:\/\/www.elche.es\/wp-content\/uploads\/2021\/05\/A178-Solicitud-distintivo-conciliadora_MODIFICACION_rellenable.pdf\" target=\"_blank\" rel=\"noopener\">Full de sol\u00b7licitud Edici\u00f3 2021<\/a>[\/vc_column_text]<\/div><\/div><\/div>[vc_empty_space height=&#8221;60px&#8221;][\/vc_column][\/vc_row]<\/p>\n<\/div>","protected":false},"excerpt":{"rendered":"<p>[vc_row][vc_column][vc_column_text]Els aut\u00f2noms, pimes i empreses del municipi d&#8217;Elx podran trobar subvencions i finan\u00e7ament per a iniciar i promoure els seus negocis, finan\u00e7ar determinats costos, inversions, o actuacions innovadores, que contribu\u00efsquen [&hellip;]<\/p>\n","protected":false},"author":97,"featured_media":0,"parent":160086,"menu_order":0,"comment_status":"closed","ping_status":"closed","template":"","meta":{"footnotes":""},"class_list":["post-160090","page","type-page","status-publish","hentry"],"_links":{"self":[{"href":"https:\/\/www.elche.es\/va\/wp-json\/wp\/v2\/pages\/160090","targetHints":{"allow":["GET"]}}],"collection":[{"href":"https:\/\/www.elche.es\/va\/wp-json\/wp\/v2\/pages"}],"about":[{"href":"https:\/\/www.elche.es\/va\/wp-json\/wp\/v2\/types\/page"}],"author":[{"embeddable":true,"href":"https:\/\/www.elche.es\/va\/wp-json\/wp\/v2\/users\/97"}],"replies":[{"embeddable":true,"href":"https:\/\/www.elche.es\/va\/wp-json\/wp\/v2\/comments?post=160090"}],"version-history":[{"count":0,"href":"https:\/\/www.elche.es\/va\/wp-json\/wp\/v2\/pages\/160090\/revisions"}],"up":[{"embeddable":true,"href":"https:\/\/www.elche.es\/va\/wp-json\/wp\/v2\/pages\/160086"}],"wp:attachment":[{"href":"https:\/\/www.elche.es\/va\/wp-json\/wp\/v2\/media?parent=160090"}],"curies":[{"name":"wp","href":"https:\/\/api.w.org\/{rel}","templated":true}]}}