{"id":161066,"date":"2021-09-13T10:27:35","date_gmt":"2021-09-13T09:27:35","guid":{"rendered":"https:\/\/www.elche.es\/?page_id=161066"},"modified":"2025-03-27T10:32:44","modified_gmt":"2025-03-27T08:32:44","slug":"cooperacion-al-desarrollo-2","status":"publish","type":"page","link":"https:\/\/www.elche.es\/va\/derechos-sociales\/cartera-de-serveis\/cooperacion-al-desarrollo-2\/","title":{"rendered":"Cooperaci\u00f3"},"content":{"rendered":"<div class=\"wpb-content-wrapper\"><p>[vc_row full_width=&#8221;stretch_row&#8221; css=&#8221;.vc_custom_1626695442272{background: #2abab5 url(https:\/\/www.elche.es\/wp-content\/uploads\/2021\/07\/african-beautiful-black-1108822-scaled.jpg?id=154646) !important;background-position: center !important;background-repeat: no-repeat !important;background-size: cover !important;}&#8221; el_id=&#8221;bloque_titulo&#8221; el_class=&#8221;slidersecciones&#8221;][vc_column][vc_custom_heading text=&#8221;Cooperaci\u00f3&#8221; font_container=&#8221;tag:h2|text_align:center|color:%23ffffff&#8221; google_fonts=&#8221;font_family:Ubuntu%3A300%2C300italic%2Cregular%2Citalic%2C500%2C500italic%2C700%2C700italic|font_style:700%20bold%20regular%3A700%3Anormal&#8221; el_class=&#8221;sombraTitulo cabeceramovil&#8221;][\/vc_column][\/vc_row][vc_row][vc_column]<div class=\"templatera_shortcode\"><div id=\"bloque_menu_enlaces\" data-vc-full-width=\"true\" data-vc-full-width-init=\"false\" data-vc-stretch-content=\"true\" class=\"vc_row wpb_row vc_row-fluid bloque_menu_paginas bloquemnuestop vc_custom_1620974689153 vc_row-has-fill vc_row-no-padding\"><div class=\"wpb_column vc_column_container vc_col-sm-12\"><div class=\"vc_column-inner\"><div class=\"wpb_wrapper\">\r\n        \r\n        <a class=\"menuVC\"  href=\"https:\/\/www.elche.es\/va\/derechos-sociales\/cartera-de-serveis\/cooperacion-al-desarrollo-2\/que-hacemos\/\"> <span> Qu\u00e8 fem? <\/span><\/a>\r\n        \r\n        <a class=\"menuVC\"  href=\"https:\/\/www.elche.es\/va\/derechos-sociales\/cartera-de-serveis\/cooperacion-al-desarrollo-2\/actualidad-e-interes\/\"> <span> Actualitat i inter\u00e9s <\/span><\/a>\r\n        \r\n        <a class=\"menuVC\"  href=\"https:\/\/www.elche.es\/va\/derechos-sociales\/cartera-de-serveis\/cooperacion-al-desarrollo-2\/cooperacion-al-desarrollo\/\"> <span> Contacte <\/span><\/a>\r\n        \r\n        <a class=\"menuVC\"  href=\"https:\/\/www.elche.es\/va\/derechos-sociales\/cartera-de-serveis\/cooperacion-al-desarrollo-2\/solidaritat-amb-ucraina\/\"> <span> Solidaritat amb Ucra\u00efna <\/span><\/a><\/div><\/div><\/div><\/div><div class=\"vc_row-full-width vc_clearfix\"><\/div><\/div>[\/vc_column][\/vc_row][vc_row full_width=&#8221;stretch_row&#8221; css=&#8221;.vc_custom_1475484188729{background-color: #dddde0 !important;}&#8221;][vc_column][vc_column_text]<nav aria-label=\"breadcrumbs\">\n            <div class=\"breadcrumb-container theme1\">\n                <ol>\n                                    <\/ol>\n            <\/div>\n        <\/nav>    <script type=\"application\/ld+json\">\n        {\n            \"@context\": \"http:\/\/schema.org\",\n            \"@type\": \"BreadcrumbList\",\n            \"itemListElement\": [\n                            ]\n        }\n    <\/script>\n    <style type=\"text\/css\">\n        .breadcrumb-container {\n            font-size: 13px;\n        }\n\n        .breadcrumb-container ul {\n            margin: 0;\n            padding: 0;\n        }\n\n        .breadcrumb-container li {\n            box-sizing: unset;\n            display: inline-block;\n            margin: 0;\n            padding: 0;\n        }\n\n        .breadcrumb-container li a {\n            box-sizing: unset;\n            padding: 0 10px;\n        }\n\n        .breadcrumb-container {\n            font-size: 3 !important;\n                    }\n\n        .breadcrumb-container li a {\n            color: #0a0a0a !important;\n            font-size: 3 !important;\n            line-height: 3 !important;\n                    }\n\n        .breadcrumb-container li .separator {\n            font-size: 3 !important;\n                    }\n\n        .breadcrumb-container li:last-child .separator {\n            display: none;\n        }\n    <\/style>\n    <style type=\"text\/css\">\n        .breadcrumb-container.theme1 li {\n            margin: 0;\n            padding: 0;\n        }\n        .breadcrumb-container.theme1 a {\n            background: ;\n            display: inline-block;\n            margin: 0 5px;\n            padding: 5px 10px;\n            text-decoration: none;\n        }\n    <\/style>\n        <style type=\"text\/css\">\n            <\/style>\n    <script>\n            <\/script>\n[\/vc_column_text][\/vc_column][\/vc_row][vc_row css=&#8221;.vc_custom_1743063747802{margin-top: 20px !important;margin-bottom: 20px !important;}&#8221;][vc_column width=&#8221;1\/2&#8243;][vc_single_image image=&#8221;330745&#8243; img_size=&#8221;full&#8221; alignment=&#8221;center&#8221; onclick=&#8221;link_image&#8221; css=&#8221;&#8221;][\/vc_column][vc_column width=&#8221;1\/2&#8243;][vc_single_image image=&#8221;330747&#8243; img_size=&#8221;full&#8221; alignment=&#8221;center&#8221; onclick=&#8221;link_image&#8221; css=&#8221;&#8221;][\/vc_column][\/vc_row][vc_row full_width=&#8221;stretch_row&#8221; css=&#8221;.vc_custom_1478090960522{padding-bottom: 30px !important;background-color: #ffffff !important;}&#8221;][vc_column]<div class=\"sc_content content_wrap\"><div class=\"columns_wrap sc_columns columns_nofluid sc_columns_count_2 history \"><div class=\"column-1_2 sc_column_item sc_column_item_1 odd first\"><h3 class=\"sc_title sc_title_regular margin_top_small margin_bottom_null\" style=\"margin-top: 4.05em;margin-bottom: 1.35em;\">Cooperaci\u00f3<\/h3>\n\t<div class=\"wpb_text_column wpb_content_element &#8221;short_text&#8221;\" >\n\t\t<div class=\"wpb_wrapper\">\n\t\t\t<p>Des de la Regidoria de Cooperaci\u00f3 impulsem actuacions\u00a0que,\u00a0realitzades per actors p\u00fablics o privats, estan destinades a\u00a0la\u00a0<strong>lluita contra la pobresa<\/strong>\u00a0<strong>i la injust\u00edcia social<\/strong> en els pa\u00efsos m\u00e9s desafavorits, i a promoure un desenvolupament sostenible i equitatiu.<\/p>\n<p>La nostra activitat gira al voltant a <strong>tres eixos<\/strong> estrat\u00e8gics:<\/p>\n<p><strong>SENSIBILITZACI\u00d3<\/strong>, destinada a mantindre la poblaci\u00f3 informada sobre les terribles condicions de pobresa en el m\u00f3n i les causes i estructures que les perpetuen, de cara a la mobilitzaci\u00f3 d\u2019accions compromeses amb la seua erradicaci\u00f3 i la recerca de models m\u00e9s justos de desenvolupament hum\u00e0.<\/p>\n<p><strong>EDUCACI\u00d3 PER AL DESENVOLUPAMENT<\/strong>, entesa com un proc\u00e9s per a generar consci\u00e8ncies cr\u00edtiques i per a desenrotllar una personalitat responsable i activa, fonamentalment en la inf\u00e0ncia i la joventut, a fi de construir una nova societat basada en la ciutadania global, i\u00a0 compromesa amb la solidaritat, la just\u00edcia, la pau, la igualtat de drets i oportunitats entre dones i homes, la participaci\u00f3 democr\u00e0tica, i la cura del medi ambient.<\/p>\n<p><strong>PROJECTES DE COOPERACI\u00d3<\/strong>,\u00a0a trav\u00e9s de subvencions als programes d\u2019intervenci\u00f3 d\u2019ONG en \u00e0mbits com la sanitat, l\u2019educaci\u00f3, les infraestructures, el medi ambient, la igualtat de g\u00e8nere, etc., en\u00a0regions amb d\u00e8ficit de desenvolupament, aix\u00ed com la intervenci\u00f3 directa de l\u2019Ajuntament d\u2019Elx a trav\u00e9s de projectes propis.<\/p>\n\n\t\t<\/div>\n\t<\/div>\n<\/div><div class=\"column-1_2 sc_column_item sc_column_item_2 even\"><div id=\"sc_section_896549659\" class=\"sc_section margin_right_large margin_left_large aligncenter\"><div class=\"sc_section_inner\"><div id=\"sc_section_896549659_scroll\" class=\"sc_scroll sc_scroll_horizontal swiper-slider-container scroll-container\" style=\"\"><div class=\"sc_scroll_wrapper swiper-wrapper\"><div class=\"sc_scroll_slide swiper-slide\"><div class=\"vc_empty_space\"   style=\"height: 32px\"><span class=\"vc_empty_space_inner\"><\/span><\/div><div class=\"vc_empty_space\"   style=\"height: 32px\"><span class=\"vc_empty_space_inner\"><\/span><\/div><\/div><\/div><div id=\"sc_section_896549659_scroll_bar\" class=\"sc_scroll_bar sc_scroll_bar_horizontal sc_section_896549659_scroll_bar\"><\/div><\/div><\/div><\/div><div class=\"vc_btn3-container vc_btn3-inline vc_do_btn\" ><button class=\"vc_general vc_btn3 vc_btn3-size-md vc_btn3-shape-rounded vc_btn3-style-&#8221;custom&#8221; vc_btn3-color-grey\">&#8221;Cooperaci\u00f3<\/button><\/div><div class=\"vc_empty_space\"   style=\"height: 1px\"><span class=\"vc_empty_space_inner\"><\/span><\/div><div class=\"vc_btn3-container vc_btn3-inline vc_do_btn\" ><button class=\"vc_general vc_btn3 vc_btn3-size-md vc_btn3-shape-rounded vc_btn3-style-&#8221;custom&#8221; vc_btn3-color-grey\">&#8221;Consell<\/button><\/div><div class=\"vc_empty_space\"   style=\"height: 1px\"><span class=\"vc_empty_space_inner\"><\/span><\/div><div class=\"vc_btn3-container vc_btn3-inline vc_do_btn\" ><button class=\"vc_general vc_btn3 vc_btn3-size-md vc_btn3-shape-rounded vc_btn3-style-&#8221;custom&#8221; vc_btn3-color-grey\">&#8221;Funcions&#8221;<\/button><\/div><div class=\"vc_empty_space\"   style=\"height: 1px\"><span class=\"vc_empty_space_inner\"><\/span><\/div><\/div><\/div><\/div>[\/vc_column][\/vc_row][vc_row full_width=&#8221;stretch_row&#8221; css=&#8221;.vc_custom_1475148968456{padding-bottom: 40px !important;background-color: #dedde0 !important;}&#8221; el_id=&#8221;bloque_noticias&#8221;][vc_column]<div class=\"sc_section aligncenter\"><div class=\"sc_section_inner\"><div class=\"sc_content content_wrap scheme_original\"><h3 class=\"sc_title sc_title_regular sc_align_left\" style=\"text-align:left;\">Not\u00edcies<\/h3><div id=\"noticias\" class=\"sc_blogger layout_masonry_3 template_masonry  sc_blogger_horizontal sc_scroll_controls sc_scroll_controls_type_side sc_scroll_controls_horizontal\" style=\"p { font-size: 0.81em; }\"><div id=\"noticias_scroll\" class=\"sc_scroll sc_scroll_horizontal sc_slider_noresize swiper-slider-container scroll-container\" style=\"width:100%;\"><div class=\"sc_scroll_wrapper swiper-wrapper\"><div class=\"sc_scroll_slide swiper-slide\"><div class=\"isotope_wrap\" data-columns=\"3\">\t\t<div class=\"classicnoticias isotope_item isotope_item_masonry isotope_item_masonry_3 isotope_column_3\t\t\t\t\t\">\n\t\t\t<div class=\"post_item post_item_masonry post_item_masonry_3\t\t\t\t  post_format_standard odd\">\n\t\t\t\t\n\t\t\t\t\t\t\t\t\t<div class=\"post_featured\">\n\t\t\t\t\t\t\t<div class=\"post_thumb\" data-image=\"https:\/\/www.elche.es\/wp-content\/uploads\/2026\/04\/WhatsApp-Image-2026-04-16-at-08.31.19-1-scaled.jpeg\" data-title=\"Elx intensifica les fumigacions contra els mosquits en tot el terme municipal\">\n\t<a class=\"hover_icon hover_icon_link\" href=\"https:\/\/www.elche.es\/va\/2026\/04\/elx-intensifica-les-fumigacions-contra-els-mosquits-en-tot-el-terme-municipal\/\"><img loading=\"lazy\" decoding=\"async\" class=\"wp-post-image\" width=\"370\" height=\"190\" alt=\"Elx intensifica les fumigacions contra els mosquits en tot el terme municipal\" src=\"https:\/\/www.elche.es\/wp-content\/uploads\/2026\/04\/WhatsApp-Image-2026-04-16-at-08.31.19-1-scaled-370x190.jpeg\"><\/a>\t<\/div>\n\t\t\t\t\t\t<\/div>\n\t\t\t\t\n\t\t\t\t<div class=\"post_content isotope_item_content\">\n\t\t\t\t\t\n\t\t\t\t\t    <div class=\"post_info\">\n            <span\n            class=\"post_info_item post_info_posted\">            <a href=\"https:\/\/www.elche.es\/va\/2026\/04\/elx-intensifica-les-fumigacions-contra-els-mosquits-en-tot-el-terme-municipal\/\"\n               class=\"post_info_date\">16 Abril, 2026<\/a><\/span>\n            \n           \n        <\/div>\n\t\t\t\t\t\t\t\n\t\t\t\t\t\t\t<h5 class=\"post_title\"><a href=\"https:\/\/www.elche.es\/va\/2026\/04\/elx-intensifica-les-fumigacions-contra-els-mosquits-en-tot-el-terme-municipal\/\">Elx intensifica les fumigacions contra els mosquits en tot el terme municipal <\/a><\/h5>\n\t\t\t\t\t\t\t\n\t\t\t\t\t<div class=\"post_descr\">\n\t\t\t\t\t\tEstes setmanes els tractaments larvicides se centren en la zona del Clot de Galvany i en diversos focus del nucli urb\u00e0 i els equips adulticides actuen en els Arenals del[...]<a href=\"https:\/\/www.elche.es\/va\/2026\/04\/elx-intensifica-les-fumigacions-contra-els-mosquits-en-tot-el-terme-municipal\/\" class=\"post_readmore\"><span class=\"post_readmore_label\">Llegir m\u00e9s<\/span><\/a>\t\t\t\t\t<\/div>\n\n\t\t\t\t<\/div>\t\t\t\t<!-- \/.post_content -->\n\t\t\t<\/div>\t<!-- \/.post_item -->\n\t\t<\/div>\t\t\t\t\t\t<!-- \/.isotope_item -->\n\t\t\t\t<div class=\"classicnoticias isotope_item isotope_item_masonry isotope_item_masonry_3 isotope_column_3\t\t\t\t\t\">\n\t\t\t<div class=\"post_item post_item_masonry post_item_masonry_3\t\t\t\t  post_format_standard even\">\n\t\t\t\t\n\t\t\t\t\t\t\t\t\t<div class=\"post_featured\">\n\t\t\t\t\t\t\t<div class=\"post_thumb\" data-image=\"https:\/\/www.elche.es\/wp-content\/uploads\/2026\/04\/WhatsApp-Image-2026-04-16-at-11.40.45.jpeg\" data-title=\"Elx inicia un nou contracte per a la renovaci\u00f3 de voreres en el Pla-Sector V i pedanies\">\n\t<a class=\"hover_icon hover_icon_link\" href=\"https:\/\/www.elche.es\/va\/2026\/04\/elx-inicia-un-nou-contracte-per-a-la-renovacio-de-voreres-en-el-pla-sector-v-i-pedanies\/\"><img loading=\"lazy\" decoding=\"async\" class=\"wp-post-image\" width=\"370\" height=\"190\" alt=\"Elx inicia un nou contracte per a la renovaci\u00f3 de voreres en el Pla-Sector V i pedanies\" src=\"https:\/\/www.elche.es\/wp-content\/uploads\/2026\/04\/WhatsApp-Image-2026-04-16-at-11.40.45-370x190.jpeg\"><\/a>\t<\/div>\n\t\t\t\t\t\t<\/div>\n\t\t\t\t\n\t\t\t\t<div class=\"post_content isotope_item_content\">\n\t\t\t\t\t\n\t\t\t\t\t    <div class=\"post_info\">\n            <span\n            class=\"post_info_item post_info_posted\">            <a href=\"https:\/\/www.elche.es\/va\/2026\/04\/elx-inicia-un-nou-contracte-per-a-la-renovacio-de-voreres-en-el-pla-sector-v-i-pedanies\/\"\n               class=\"post_info_date\">16 Abril, 2026<\/a><\/span>\n            \n           \n        <\/div>\n\t\t\t\t\t\t\t\n\t\t\t\t\t\t\t<h5 class=\"post_title\"><a href=\"https:\/\/www.elche.es\/va\/2026\/04\/elx-inicia-un-nou-contracte-per-a-la-renovacio-de-voreres-en-el-pla-sector-v-i-pedanies\/\">Elx inicia un nou contracte per a la renovaci\u00f3 de voreres en el Pla-Sector V i pedanies <\/a><\/h5>\n\t\t\t\t\t\t\t\n\t\t\t\t\t<div class=\"post_descr\">\n\t\t\t\t\t\tLa inversi\u00f3 ascendix a 450.000 euros amb l'objectiu que les obres comencen el mes de juny L'Ajuntament d'Elx ha iniciat un nou contracte per a la renovaci\u00f3 de voreres en[...]<a href=\"https:\/\/www.elche.es\/va\/2026\/04\/elx-inicia-un-nou-contracte-per-a-la-renovacio-de-voreres-en-el-pla-sector-v-i-pedanies\/\" class=\"post_readmore\"><span class=\"post_readmore_label\">Llegir m\u00e9s<\/span><\/a>\t\t\t\t\t<\/div>\n\n\t\t\t\t<\/div>\t\t\t\t<!-- \/.post_content -->\n\t\t\t<\/div>\t<!-- \/.post_item -->\n\t\t<\/div>\t\t\t\t\t\t<!-- \/.isotope_item -->\n\t\t\t\t<div class=\"classicnoticias isotope_item isotope_item_masonry isotope_item_masonry_3 isotope_column_3\t\t\t\t\t\">\n\t\t\t<div class=\"post_item post_item_masonry post_item_masonry_3\t\t\t\t  post_format_standard odd\">\n\t\t\t\t\n\t\t\t\t\t\t\t\t\t<div class=\"post_featured\">\n\t\t\t\t\t\t\t<div class=\"post_thumb\" data-image=\"https:\/\/www.elche.es\/wp-content\/uploads\/2026\/04\/WhatsApp-Image-2026-04-16-at-12.14.54.jpeg\" data-title=\"Elx inicia projecte pilot per a la transformaci\u00f3 digital de les sales d&#8217;estudi municipals\">\n\t<a class=\"hover_icon hover_icon_link\" href=\"https:\/\/www.elche.es\/va\/2026\/04\/elx-inicia-projecte-pilot-per-a-la-transformacio-digital-de-les-sales-destudi-municipals\/\"><img loading=\"lazy\" decoding=\"async\" class=\"wp-post-image\" width=\"370\" height=\"190\" alt=\"Elx inicia projecte pilot per a la transformaci\u00f3 digital de les sales d&#8217;estudi municipals\" src=\"https:\/\/www.elche.es\/wp-content\/uploads\/2026\/04\/WhatsApp-Image-2026-04-16-at-12.14.54-370x190.jpeg\"><\/a>\t<\/div>\n\t\t\t\t\t\t<\/div>\n\t\t\t\t\n\t\t\t\t<div class=\"post_content isotope_item_content\">\n\t\t\t\t\t\n\t\t\t\t\t    <div class=\"post_info\">\n            <span\n            class=\"post_info_item post_info_posted\">            <a href=\"https:\/\/www.elche.es\/va\/2026\/04\/elx-inicia-projecte-pilot-per-a-la-transformacio-digital-de-les-sales-destudi-municipals\/\"\n               class=\"post_info_date\">16 Abril, 2026<\/a><\/span>\n            \n           \n        <\/div>\n\t\t\t\t\t\t\t\n\t\t\t\t\t\t\t<h5 class=\"post_title\"><a href=\"https:\/\/www.elche.es\/va\/2026\/04\/elx-inicia-projecte-pilot-per-a-la-transformacio-digital-de-les-sales-destudi-municipals\/\">Elx inicia projecte pilot per a la transformaci\u00f3 digital de les sales d&#8217;estudi muni ... <\/a><\/h5>\n\t\t\t\t\t\t\t\n\t\t\t\t\t<div class=\"post_descr\">\n\t\t\t\t\t\tLa Junta de Govern aprova la sol\u00b7licitud d'una subvenci\u00f3 a la Conselleria de Turisme i Innovaci\u00f3 per a la modernitzaci\u00f3 de la sala d'estudis d'Altabix L'Ajuntament d'Elx, a trav\u00e9s de[...]<a href=\"https:\/\/www.elche.es\/va\/2026\/04\/elx-inicia-projecte-pilot-per-a-la-transformacio-digital-de-les-sales-destudi-municipals\/\" class=\"post_readmore\"><span class=\"post_readmore_label\">Llegir m\u00e9s<\/span><\/a>\t\t\t\t\t<\/div>\n\n\t\t\t\t<\/div>\t\t\t\t<!-- \/.post_content -->\n\t\t\t<\/div>\t<!-- \/.post_item -->\n\t\t<\/div>\t\t\t\t\t\t<!-- \/.isotope_item -->\n\t\t\t\t<div class=\"classicnoticias isotope_item isotope_item_masonry isotope_item_masonry_3 isotope_column_3\t\t\t\t\t\">\n\t\t\t<div class=\"post_item post_item_masonry post_item_masonry_3\t\t\t\t  post_format_standard even\">\n\t\t\t\t\n\t\t\t\t\t\t\t\t\t<div class=\"post_featured\">\n\t\t\t\t\t\t\t<div class=\"post_thumb\" data-image=\"https:\/\/www.elche.es\/wp-content\/uploads\/2026\/04\/WhatsApp-Image-2026-04-16-at-11.00.07.jpeg\" data-title=\"Elx acull este dissabte la III Carrera Ciclista Femenina\">\n\t<a class=\"hover_icon hover_icon_link\" href=\"https:\/\/www.elche.es\/va\/2026\/04\/elx-acull-este-dissabte-la-iii-carrera-ciclista-femenina\/\"><img loading=\"lazy\" decoding=\"async\" class=\"wp-post-image\" width=\"370\" height=\"190\" alt=\"Elx acull este dissabte la III Carrera Ciclista Femenina\" src=\"https:\/\/www.elche.es\/wp-content\/uploads\/2026\/04\/WhatsApp-Image-2026-04-16-at-11.00.07-370x190.jpeg\"><\/a>\t<\/div>\n\t\t\t\t\t\t<\/div>\n\t\t\t\t\n\t\t\t\t<div class=\"post_content isotope_item_content\">\n\t\t\t\t\t\n\t\t\t\t\t    <div class=\"post_info\">\n            <span\n            class=\"post_info_item post_info_posted\">            <a href=\"https:\/\/www.elche.es\/va\/2026\/04\/elx-acull-este-dissabte-la-iii-carrera-ciclista-femenina\/\"\n               class=\"post_info_date\">16 Abril, 2026<\/a><\/span>\n            \n           \n        <\/div>\n\t\t\t\t\t\t\t\n\t\t\t\t\t\t\t<h5 class=\"post_title\"><a href=\"https:\/\/www.elche.es\/va\/2026\/04\/elx-acull-este-dissabte-la-iii-carrera-ciclista-femenina\/\">Elx acull este dissabte la III Carrera Ciclista Femenina <\/a><\/h5>\n\t\t\t\t\t\t\t\n\t\t\t\t\t<div class=\"post_descr\">\n\t\t\t\t\t\tLa prova reunir\u00e0 m\u00e9s de 120 ciclistes de diferents categories en una cita que pret\u00e9n posar en valor l'esport femen\u00ed i la igualtat d'oportunitats Elx ser\u00e0 escenari dissabte que ve,[...]<a href=\"https:\/\/www.elche.es\/va\/2026\/04\/elx-acull-este-dissabte-la-iii-carrera-ciclista-femenina\/\" class=\"post_readmore\"><span class=\"post_readmore_label\">Llegir m\u00e9s<\/span><\/a>\t\t\t\t\t<\/div>\n\n\t\t\t\t<\/div>\t\t\t\t<!-- \/.post_content -->\n\t\t\t<\/div>\t<!-- \/.post_item -->\n\t\t<\/div>\t\t\t\t\t\t<!-- \/.isotope_item -->\n\t\t\t\t<div class=\"classicnoticias isotope_item isotope_item_masonry isotope_item_masonry_3 isotope_column_3\t\t\t\t\t\">\n\t\t\t<div class=\"post_item post_item_masonry post_item_masonry_3\t\t\t\t  post_format_standard odd\">\n\t\t\t\t\n\t\t\t\t\t\t\t\t\t<div class=\"post_featured\">\n\t\t\t\t\t\t\t<div class=\"post_thumb\" data-image=\"https:\/\/www.elche.es\/wp-content\/uploads\/2025\/09\/Suben-las-visitas-infantiles-a-las-Bibliotecas-Municipales-durante-este-ano-.jpeg\" data-title=\"Clubs de lectura, tallers infantils i bookcrossing en l&#8217;agenda de Biblioteques d&#8217;abril\">\n\t<a class=\"hover_icon hover_icon_link\" href=\"https:\/\/www.elche.es\/va\/2026\/04\/clubs-de-lectura-tallers-infantils-i-bookcrossing-en-lagenda-de-biblioteques-dabril\/\"><img loading=\"lazy\" decoding=\"async\" class=\"wp-post-image\" width=\"370\" height=\"190\" alt=\"Clubs de lectura, tallers infantils i bookcrossing en l&#8217;agenda de Biblioteques d&#8217;abril\" src=\"https:\/\/www.elche.es\/wp-content\/uploads\/2025\/09\/Suben-las-visitas-infantiles-a-las-Bibliotecas-Municipales-durante-este-ano--370x190.jpeg\"><\/a>\t<\/div>\n\t\t\t\t\t\t<\/div>\n\t\t\t\t\n\t\t\t\t<div class=\"post_content isotope_item_content\">\n\t\t\t\t\t\n\t\t\t\t\t    <div class=\"post_info\">\n            <span\n            class=\"post_info_item post_info_posted\">            <a href=\"https:\/\/www.elche.es\/va\/2026\/04\/clubs-de-lectura-tallers-infantils-i-bookcrossing-en-lagenda-de-biblioteques-dabril\/\"\n               class=\"post_info_date\">16 Abril, 2026<\/a><\/span>\n            \n           \n        <\/div>\n\t\t\t\t\t\t\t\n\t\t\t\t\t\t\t<h5 class=\"post_title\"><a href=\"https:\/\/www.elche.es\/va\/2026\/04\/clubs-de-lectura-tallers-infantils-i-bookcrossing-en-lagenda-de-biblioteques-dabril\/\">Clubs de lectura, tallers infantils i bookcrossing en l&#8217;agenda de Biblioteques d&#82 ... <\/a><\/h5>\n\t\t\t\t\t\t\t\n\t\t\t\t\t<div class=\"post_descr\">\n\t\t\t\t\t\tLa programaci\u00f3 tamb\u00e9 inclou activitats familiars en diferents espais de la Xarxa de Biblioteques Municipals d'Elx AGENDA BIBLIOTEQUESLa Xarxa de Biblioteques Municipals d'Elx ha organitzat diferents activitats durant el mes[...]<a href=\"https:\/\/www.elche.es\/va\/2026\/04\/clubs-de-lectura-tallers-infantils-i-bookcrossing-en-lagenda-de-biblioteques-dabril\/\" class=\"post_readmore\"><span class=\"post_readmore_label\">Llegir m\u00e9s<\/span><\/a>\t\t\t\t\t<\/div>\n\n\t\t\t\t<\/div>\t\t\t\t<!-- \/.post_content -->\n\t\t\t<\/div>\t<!-- \/.post_item -->\n\t\t<\/div>\t\t\t\t\t\t<!-- \/.isotope_item -->\n\t\t\t\t<div class=\"classicnoticias isotope_item isotope_item_masonry isotope_item_masonry_3 isotope_column_3\t\t\t\t\t\">\n\t\t\t<div class=\"post_item post_item_masonry post_item_masonry_3\t\t\t\t  post_format_standard even last\">\n\t\t\t\t\n\t\t\t\t\t\t\t\t\t<div class=\"post_featured\">\n\t\t\t\t\t\t\t<div class=\"post_thumb\" data-image=\"https:\/\/www.elche.es\/wp-content\/uploads\/2026\/04\/Nueva-Zonificacion-Accion-Social-1.png\" data-title=\"Elx acull este dissabte la tradicional marxa per la visibilitat de l&#8217;autisme\">\n\t<a class=\"hover_icon hover_icon_link\" href=\"https:\/\/www.elche.es\/va\/2026\/04\/elx-acull-este-dissabte-la-tradicional-marxa-per-la-visibilitat-de-lautisme\/\"><img loading=\"lazy\" decoding=\"async\" class=\"wp-post-image\" width=\"370\" height=\"190\" alt=\"Elx acull este dissabte la tradicional marxa per la visibilitat de l&#8217;autisme\" src=\"https:\/\/www.elche.es\/wp-content\/uploads\/2026\/04\/Nueva-Zonificacion-Accion-Social-1-370x190.png\"><\/a>\t<\/div>\n\t\t\t\t\t\t<\/div>\n\t\t\t\t\n\t\t\t\t<div class=\"post_content isotope_item_content\">\n\t\t\t\t\t\n\t\t\t\t\t    <div class=\"post_info\">\n            <span\n            class=\"post_info_item post_info_posted\">            <a href=\"https:\/\/www.elche.es\/va\/2026\/04\/elx-acull-este-dissabte-la-tradicional-marxa-per-la-visibilitat-de-lautisme\/\"\n               class=\"post_info_date\">16 Abril, 2026<\/a><\/span>\n            \n           \n        <\/div>\n\t\t\t\t\t\t\t\n\t\t\t\t\t\t\t<h5 class=\"post_title\"><a href=\"https:\/\/www.elche.es\/va\/2026\/04\/elx-acull-este-dissabte-la-tradicional-marxa-per-la-visibilitat-de-lautisme\/\">Elx acull este dissabte la tradicional marxa per la visibilitat de l&#8217;autisme <\/a><\/h5>\n\t\t\t\t\t\t\t\n\t\t\t\t\t<div class=\"post_descr\">\n\t\t\t\t\t\tA partir de les 11.00 hores partir\u00e0 des de l'Oficina de Turisme fins a la pla\u00e7a de Baix, on hi haur\u00e0 lectura de manifest i tallers per a tota la[...]<a href=\"https:\/\/www.elche.es\/va\/2026\/04\/elx-acull-este-dissabte-la-tradicional-marxa-per-la-visibilitat-de-lautisme\/\" class=\"post_readmore\"><span class=\"post_readmore_label\">Llegir m\u00e9s<\/span><\/a>\t\t\t\t\t<\/div>\n\n\t\t\t\t<\/div>\t\t\t\t<!-- \/.post_content -->\n\t\t\t<\/div>\t<!-- \/.post_item -->\n\t\t<\/div>\t\t\t\t\t\t<!-- \/.isotope_item -->\n\t\t<\/div><\/div><\/div><div id=\"noticias_scroll_bar\" class=\"sc_scroll_bar sc_scroll_bar_horizontal noticias_scroll_bar\"><\/div><\/div><div class=\"sc_scroll_controls_wrap\"><a class=\"sc_scroll_prev\" href=\"#\"><\/a><a class=\"sc_scroll_next\" href=\"#\"><\/a><\/div><\/div><a href=\"https:\/\/www.elche.es\/categoria\/cooperacion\/\" class=\"sc_button sc_button_square sc_button_style_filled style_original sc_button_size_small boton3d margin_top_medium\">M\u00e9s not\u00edcies<\/a><\/div><\/div><\/div>[\/vc_column][\/vc_row][vc_row full_width=&#8221;stretch_row&#8221; css=&#8221;.vc_custom_1469617963813{padding-bottom: 40px !important;background-color: #fffcfc !important;}&#8221;][vc_column]<div class=\"sc_section aligncenter\"><div class=\"sc_section_inner\"><div class=\"sc_content content_wrap scheme_original\"><h3 class=\"sc_title sc_title_regular sc_align_left\" style=\"text-align:left;\">Propers esdeveniments<\/h3><a href=\"https:\/\/www.elche.es\/va\/mec-category\/cooperacio\/\" class=\"sc_button sc_button_square sc_button_style_filled style_original sc_button_size_small boton3d \">M\u00e9s esdeveniments<\/a><\/div><\/div><\/div>[\/vc_column][\/vc_row][vc_row][vc_column][vc_icon el_class=&#8221;ocultar&#8221;][\/vc_column][\/vc_row]<\/p>\n<\/div>","protected":false},"excerpt":{"rendered":"A partir de les 11.00 hores partir\u00e0 des de l'Oficina de Turisme fins a la pla\u00e7a de Baix, on hi haur\u00e0 lectura de manifest i tallers per a tota la [...]","protected":false},"author":131,"featured_media":0,"parent":18625,"menu_order":0,"comment_status":"closed","ping_status":"closed","template":"","meta":{"footnotes":""},"class_list":["post-161066","page","type-page","status-publish","hentry"],"_links":{"self":[{"href":"https:\/\/www.elche.es\/va\/wp-json\/wp\/v2\/pages\/161066","targetHints":{"allow":["GET"]}}],"collection":[{"href":"https:\/\/www.elche.es\/va\/wp-json\/wp\/v2\/pages"}],"about":[{"href":"https:\/\/www.elche.es\/va\/wp-json\/wp\/v2\/types\/page"}],"author":[{"embeddable":true,"href":"https:\/\/www.elche.es\/va\/wp-json\/wp\/v2\/users\/131"}],"replies":[{"embeddable":true,"href":"https:\/\/www.elche.es\/va\/wp-json\/wp\/v2\/comments?post=161066"}],"version-history":[{"count":5,"href":"https:\/\/www.elche.es\/va\/wp-json\/wp\/v2\/pages\/161066\/revisions"}],"predecessor-version":[{"id":330751,"href":"https:\/\/www.elche.es\/va\/wp-json\/wp\/v2\/pages\/161066\/revisions\/330751"}],"up":[{"embeddable":true,"href":"https:\/\/www.elche.es\/va\/wp-json\/wp\/v2\/pages\/18625"}],"wp:attachment":[{"href":"https:\/\/www.elche.es\/va\/wp-json\/wp\/v2\/media?parent=161066"}],"curies":[{"name":"wp","href":"https:\/\/api.w.org\/{rel}","templated":true}]}}