{"id":16409,"date":"2017-03-14T10:58:38","date_gmt":"2017-03-14T09:58:38","guid":{"rendered":"http:\/\/www.elche.es\/va\/majors\/tarjeta-dorada\/"},"modified":"2024-05-21T09:01:24","modified_gmt":"2024-05-21T07:01:24","slug":"tarjeta-dorada","status":"publish","type":"page","link":"https:\/\/www.elche.es\/va\/mayores\/tarjeta-dorada\/","title":{"rendered":"Targeta Daurada"},"content":{"rendered":"<div class=\"wpb-content-wrapper\"><p>[vc_row full_width=&#8221;stretch_row&#8221; css=&#8221;.vc_custom_1475488224066{background-color: #dddde0 !important;}&#8221;][vc_column][vc_column_text]<nav aria-label=\"breadcrumbs\">\n            <div class=\"breadcrumb-container theme1\">\n                <ol>\n                                    <\/ol>\n            <\/div>\n        <\/nav>    <script type=\"application\/ld+json\">\n        {\n            \"@context\": \"http:\/\/schema.org\",\n            \"@type\": \"BreadcrumbList\",\n            \"itemListElement\": [\n                            ]\n        }\n    <\/script>\n    <style type=\"text\/css\">\n        .breadcrumb-container {\n            font-size: 13px;\n        }\n\n        .breadcrumb-container ul {\n            margin: 0;\n            padding: 0;\n        }\n\n        .breadcrumb-container li {\n            box-sizing: unset;\n            display: inline-block;\n            margin: 0;\n            padding: 0;\n        }\n\n        .breadcrumb-container li a {\n            box-sizing: unset;\n            padding: 0 10px;\n        }\n\n        .breadcrumb-container {\n            font-size: 3 !important;\n                    }\n\n        .breadcrumb-container li a {\n            color: #0a0a0a !important;\n            font-size: 3 !important;\n            line-height: 3 !important;\n                    }\n\n        .breadcrumb-container li .separator {\n            font-size: 3 !important;\n                    }\n\n        .breadcrumb-container li:last-child .separator {\n            display: none;\n        }\n    <\/style>\n    <style type=\"text\/css\">\n        .breadcrumb-container.theme1 li {\n            margin: 0;\n            padding: 0;\n        }\n        .breadcrumb-container.theme1 a {\n            background: ;\n            display: inline-block;\n            margin: 0 5px;\n            padding: 5px 10px;\n            text-decoration: none;\n        }\n    <\/style>\n        <style type=\"text\/css\">\n            <\/style>\n    <script>\n            <\/script>\n[\/vc_column_text][\/vc_column][\/vc_row][vc_row][vc_column]<div class=\"sc_content content_wrap\">[vc_empty_space]<h3 class=\"sc_title sc_title_regular sc_align_center margin_top_tiny\" style=\"text-align:center;\">Targeta Daurada<\/h3>[vc_empty_space][vc_column_text]Totes aquelles persones majors i\/o pensionistes que estiguen empadronades en el terme municipal d&#8217;Elx tenen l&#8217;oportunitat de poder gaudir de diversos serveis gratu\u00efts com l&#8217;acc\u00e9s al bus urb\u00e0, a les instal\u00b7lacions esportives municipals (piscines, sales de gimn\u00e0stica\u2026), als museus municipals i a la filmoteca, gr\u00e0cies a la <strong>TARGETA DAURADA<\/strong>.[\/vc_column_text][vc_empty_space]<div class=\"columns_wrap sc_columns columns_nofluid sc_columns_count_2\"><div class=\"column-1_2 sc_column_item sc_column_item_1 odd first\">[vc_column_text]<\/p>\n<div style=\"border: 2px black solid; padding: 10px; background-color: #f8f8ff;\">\n<p style=\"text-align: center;\"><span style=\"text-decoration: underline;\"><strong>Poden sol\u00b7licitar-la<\/strong><\/span><\/p>\n<ul style=\"margin-top: 20px;\">\n<li>Persones majors, a partir dels 65 anys.<\/li>\n<li>Perceptors de pensi\u00f3 de jubilaci\u00f3 menors de 65 anys (no jubilaci\u00f3 parcial).<\/li>\n<li>Perceptors de pensi\u00f3 no contributiva.<\/li>\n<li>Perceptors de pensi\u00f3 per incapacitat permanent absoluta.<\/li>\n<li>Perceptors de pensi\u00f3 d&#8217;orfandat amb minusvalidesa.<\/li>\n<li>Causants de prestaci\u00f3 familiar per fill a c\u00e0rrec.<\/li>\n<li>Perceptors de pensi\u00f3 de viudetat en atur i sense prestaci\u00f3 per desocupaci\u00f3.<\/li>\n<li>Perceptors de pensi\u00f3 per incapacitat permanent total en atur i sense prestaci\u00f3 per desocupaci\u00f3.<\/li>\n<li>C\u00f2njuges de pensionistes, majors de 60 anys, en atur i sense prestaci\u00f3 per desocupaci\u00f3.<\/li>\n<\/ul>\n<\/div>\n<div style=\"border: 2px black solid; padding: 10px; margin-top: 20px; margin-bottom: 20px; background-color: #f8f8ff;\">\n<p style=\"text-align: center;\"><span style=\"text-decoration: underline;\"><strong>Documents requerits<\/strong><\/span><\/p>\n<ul style=\"margin-top: 20px;\">\n<li>Impr\u00e9s de sol\u00b7licitud de la targeta, disponible a l\u2019OMAC , o a trav\u00e9s d&#8217;aquesta web.<\/li>\n<li>Fotografia recent grand\u00e0ria carnet.<\/li>\n<li>Fotoc\u00f2pia del DNI.<\/li>\n<li>Justificant d&#8217;ingr\u00e9s de la taxa corresponent (4,20 \u20ac mitjan\u00e7ant targeta de cr\u00e8dit o en qualsevol entitat col\u00b7laboradora).<\/li>\n<li>Certificat de pensi\u00f3, en els casos de jubilaci\u00f3, pensi\u00f3 no contributiva, pensi\u00f3 de viudetat, pensi\u00f3 per incapacitat permanent total, pensi\u00f3 per incapacitat permanent absoluta, prestaci\u00f3 familiar per fill a c\u00e0rrec i pensi\u00f3 per orfandat per ra\u00f3 de minusvalidesa. Se sol\u00b7licita a l\u2019INNSS, al c\/ Fra Jaume Torres, n\u00fam 32, tel. 966 630 670.<\/li>\n<li>Vida laboral, en els casos de viudetat, pensi\u00f3 per incapacitat total i c\u00f2njuge de pensionista major de 60 anys. Si s&#8217;ha cotitzat, se sol\u00b7licita en seg-social.es o a la Tresoreria General de la Seguretat Social en l\u2019av. de Santa Pola, n\u00fam 1, tel. 965 454 875). Quan no s&#8217;ha cotitzat, se sol\u00b7licita a la Tresoreria General de la Seguretat Social en l\u2019av. de Santa Pola, n\u00fam 1, tel. 965 454 875) o telefonant al 901 502 050.<\/li>\n<\/ul>\n<p>*Tota la documentaci\u00f3 requerida es presentar\u00e0 i registrar\u00e0 en qualsevol oficina d&#8217;atenci\u00f3 al ciutad\u00e0 (OMAC), i es resoldr\u00e0 en dos mesos aproximadament.<\/p>\n<\/div>\n<p>[\/vc_column_text]<\/div><div class=\"column-1_2 sc_column_item sc_column_item_2 even\">[vc_empty_space height=&#8221;128px&#8221;][vc_single_image image=&#8221;16878&#8243; img_size=&#8221;720&#215;1075&#8243; alignment=&#8221;center&#8221; css=&#8221;.vc_custom_1496742661209{padding-bottom: 20px !important;}&#8221;]<\/div><\/div>[vc_empty_space]\r\n        <p>\r\n        <span class=\"enlaces-titulo\"> Ordenan\u00e7a Targeta Daurada <\/span> <span><a class=\"enlaces-link\" target='_blank'href=\"https:\/\/www.elche.es\/wp-content\/uploads\/2017\/05\/ORDENANZA_REGULADORA_DEL_ACCESO_GRATUITO_AL_AUTOBUS_PARA_MAYORES_Y_PENSIONISTAS.pdf \">Veure enlla\u00e7<\/a><\/span>\r\n        <br>\r\n        <span class=\"enlaces-descripcion\"><\/span>\r\n        <\/p>\r\n        <hr class=\"enlaces-separador\">\r\n        \r\n        <p>\r\n        <span class=\"enlaces-titulo\"> Sol\u00b7licitud Targeta <\/span> <span><a class=\"enlaces-link\" target='_blank'href=\"https:\/\/sede.elche.es\/sta\/CarpetaPublic\/doEvent?APP_CODE=STA&amp;PAGE_CODE=CATALOGO&amp;DETALLE=6269000000563964699500&amp;lang=CA \">Veure enlla\u00e7<\/a><\/span>\r\n        <br>\r\n        <span class=\"enlaces-descripcion\"><\/span>\r\n        <\/p>\r\n        <hr class=\"enlaces-separador\">\r\n        \r\n        <p>\r\n        <span class=\"enlaces-titulo\"> Duplicat Targeta <\/span> <span><a class=\"enlaces-link\" target='_blank'href=\"https:\/\/sede.elche.es\/sta\/CarpetaPublic\/doEvent?APP_CODE=STA&amp;PAGE_CODE=CATALOGO&amp;DETALLE=6269000000564055799500&amp;lang=CA \">Veure enlla\u00e7<\/a><\/span>\r\n        <br>\r\n        <span class=\"enlaces-descripcion\"><\/span>\r\n        <\/p>\r\n        <hr class=\"enlaces-separador\">\r\n        [vc_empty_space][vc_column_text]*M\u00e9s informaci\u00f3 en els centres socials, oficines OMAC i en el tel\u00e8fon 96 665 82 63.[\/vc_column_text][vc_empty_space]<\/div>[\/vc_column][\/vc_row]<\/p>\n<\/div>","protected":false},"excerpt":{"rendered":"<p>[vc_row full_width=&#8221;stretch_row&#8221; css=&#8221;.vc_custom_1475488224066{background-color: #dddde0 !important;}&#8221;][vc_column][vc_column_text][\/vc_column_text][\/vc_column][\/vc_row][vc_row][vc_column][\/vc_column][\/vc_row]<\/p>\n","protected":false},"author":46,"featured_media":0,"parent":16348,"menu_order":0,"comment_status":"closed","ping_status":"closed","template":"","meta":{"footnotes":""},"class_list":["post-16409","page","type-page","status-publish","hentry"],"_links":{"self":[{"href":"https:\/\/www.elche.es\/va\/wp-json\/wp\/v2\/pages\/16409","targetHints":{"allow":["GET"]}}],"collection":[{"href":"https:\/\/www.elche.es\/va\/wp-json\/wp\/v2\/pages"}],"about":[{"href":"https:\/\/www.elche.es\/va\/wp-json\/wp\/v2\/types\/page"}],"author":[{"embeddable":true,"href":"https:\/\/www.elche.es\/va\/wp-json\/wp\/v2\/users\/46"}],"replies":[{"embeddable":true,"href":"https:\/\/www.elche.es\/va\/wp-json\/wp\/v2\/comments?post=16409"}],"version-history":[{"count":3,"href":"https:\/\/www.elche.es\/va\/wp-json\/wp\/v2\/pages\/16409\/revisions"}],"predecessor-version":[{"id":300868,"href":"https:\/\/www.elche.es\/va\/wp-json\/wp\/v2\/pages\/16409\/revisions\/300868"}],"up":[{"embeddable":true,"href":"https:\/\/www.elche.es\/va\/wp-json\/wp\/v2\/pages\/16348"}],"wp:attachment":[{"href":"https:\/\/www.elche.es\/va\/wp-json\/wp\/v2\/media?parent=16409"}],"curies":[{"name":"wp","href":"https:\/\/api.w.org\/{rel}","templated":true}]}}