{"id":171514,"date":"2021-08-27T10:00:01","date_gmt":"2021-08-27T08:00:01","guid":{"rendered":"https:\/\/www.elche.es\/?page_id=171514"},"modified":"2025-05-13T12:18:16","modified_gmt":"2025-05-13T10:18:16","slug":"informacion-institucional-y-organizativa","status":"publish","type":"page","link":"https:\/\/www.elche.es\/va\/transparencia-govern-obert\/informacion-institucional-y-organizativa\/","title":{"rendered":"Informaci\u00f3 institucional i organitzativa"},"content":{"rendered":"<div class=\"wpb-content-wrapper\"><p>[vc_row][vc_column]<div class=\"templatera_shortcode\"><div id=\"bloque_titulo\" data-vc-full-width=\"true\" data-vc-full-width-init=\"false\" class=\"vc_row wpb_row vc_row-fluid slidersecciones vc_custom_1646214364120 vc_row-has-fill\"><div class=\"wpb_column vc_column_container vc_col-sm-12\"><div class=\"vc_column-inner\"><div class=\"wpb_wrapper\"><h2 style=\"color: #ffffff;text-align: center;font-family:Ubuntu;font-weight:700;font-style:normal\" class=\"vc_custom_heading vc_do_custom_heading sombraTitulo cabeceramovil\" ><\/h2><\/div><\/div><\/div><\/div><div class=\"vc_row-full-width vc_clearfix\"><\/div><\/div>[\/vc_column][\/vc_row][vc_row][vc_column]<div class=\"templatera_shortcode\"><div id=\"bloque_menu_enlaces\" data-vc-full-width=\"true\" data-vc-full-width-init=\"false\" data-vc-stretch-content=\"true\" class=\"vc_row wpb_row vc_row-fluid bloque_menu_paginas bloquemnuestop vc_custom_1620974689153 vc_row-has-fill vc_row-no-padding\"><div class=\"wpb_column vc_column_container vc_col-sm-12\"><div class=\"vc_column-inner\"><div class=\"wpb_wrapper\">\r\n        \r\n        <a class=\"menuVC\"  href=\"https:\/\/www.elche.es\/va\/transparencia-govern-obert\/informacion-institucional-y-organizativa\/\"> <span> Instituci\u00f3 <\/span><\/a>\r\n        \r\n        <a class=\"menuVC\"  href=\"https:\/\/www.elche.es\/va\/transparencia-govern-obert\/informacio-de-rellevancia-juridica\/\"> <span> Rellev\u00e0ncia Jur\u00eddica <\/span><\/a>\r\n        \r\n        <a class=\"menuVC\"  href=\"https:\/\/www.elche.es\/va\/transparencia-govern-obert\/informacio-economica-i-pressupostaria\/\"> <span> Transpar\u00e8ncia Econ\u00f2mico - Pressupost\u00e0ria <\/span><\/a>\r\n        \r\n        <a class=\"menuVC\"  href=\"https:\/\/www.elche.es\/va\/transparencia-govern-obert\/urbanisme-obres-publiques-i-medi-ambient\/\"> <span> Urbanisme, obres p\u00fabliques i medi ambient <\/span><\/a>\r\n        \r\n        <a class=\"menuVC\"  href=\"https:\/\/www.elche.es\/va\/transparencia-govern-obert\/relaciones-con-los-ciudadanos-y-la-sociedad\/\"> <span> Ciutadania <\/span><\/a>\r\n        \r\n        <a class=\"menuVC\"  href=\"https:\/\/www.elche.es\/va\/transparencia-govern-obert\/dret-dacces-a-la-informacio\/\"> <span> Informaci\u00f3 <\/span><\/a><\/div><\/div><\/div><\/div><div class=\"vc_row-full-width vc_clearfix\"><\/div>\r\n<\/div>[\/vc_column][\/vc_row][vc_row full_width=&#8221;stretch_row&#8221; css=&#8221;.vc_custom_1475486881904{background-color: #dddde0 !important;}&#8221;][vc_column offset=&#8221;vc_hidden-sm vc_hidden-xs&#8221;][vc_column_text]<nav aria-label=\"breadcrumbs\">\n            <div class=\"breadcrumb-container theme1\">\n                <ol>\n                                    <\/ol>\n            <\/div>\n        <\/nav>    <script type=\"application\/ld+json\">\n        {\n            \"@context\": \"http:\/\/schema.org\",\n            \"@type\": \"BreadcrumbList\",\n            \"itemListElement\": [\n                            ]\n        }\n    <\/script>\n    <style type=\"text\/css\">\n        .breadcrumb-container {\n            font-size: 13px;\n        }\n\n        .breadcrumb-container ul {\n            margin: 0;\n            padding: 0;\n        }\n\n        .breadcrumb-container li {\n            box-sizing: unset;\n            display: inline-block;\n            margin: 0;\n            padding: 0;\n        }\n\n        .breadcrumb-container li a {\n            box-sizing: unset;\n            padding: 0 10px;\n        }\n\n        .breadcrumb-container {\n            font-size: 3 !important;\n                    }\n\n        .breadcrumb-container li a {\n            color: #0a0a0a !important;\n            font-size: 3 !important;\n            line-height: 3 !important;\n                    }\n\n        .breadcrumb-container li .separator {\n            font-size: 3 !important;\n                    }\n\n        .breadcrumb-container li:last-child .separator {\n            display: none;\n        }\n    <\/style>\n    <style type=\"text\/css\">\n        .breadcrumb-container.theme1 li {\n            margin: 0;\n            padding: 0;\n        }\n        .breadcrumb-container.theme1 a {\n            background: ;\n            display: inline-block;\n            margin: 0 5px;\n            padding: 5px 10px;\n            text-decoration: none;\n        }\n    <\/style>\n        <style type=\"text\/css\">\n            <\/style>\n    <script>\n            <\/script>\n[\/vc_column_text][\/vc_column][\/vc_row][vc_row][vc_column]<h1 class=\"sc_title sc_title_regular transparenciastitulos \">Informaci\u00f3 institucional i organitzativa<\/h1>[\/vc_column][\/vc_row][vc_row el_class=&#8221;cuadrostandar&#8221;][vc_column width=&#8221;1\/6&#8243;][vc_icon icon_fontawesome=&#8221;fas fa-fax&#8221; color=&#8221;grey&#8221; size=&#8221;xl&#8221; align=&#8221;center&#8221; el_class=&#8221;iconoshorizontal&#8221;][\/vc_column][vc_column width=&#8221;5\/6&#8243;][vc_column_text el_class=&#8221;seccioneslist&#8221;]<h4 class=\"sc_title sc_title_regular subtitulosapartados \">C\u00e0rrecs, personal i retribucions<\/h4><ul class=\"lecciones\"><li class=\"page_item page-item-178446\"><a href=\"https:\/\/www.elche.es\/va\/transparencia-govern-obert\/informacion-institucional-y-organizativa\/carrecs-personal-i-retribucions\/sueldos-publicos\/\">Retribucions dels membres de la corporaci\u00f3 municipal<\/a><\/li>\n<li class=\"page_item page-item-195363\"><a href=\"https:\/\/www.elche.es\/va\/transparencia-govern-obert\/informacion-institucional-y-organizativa\/carrecs-personal-i-retribucions\/corporacio-municipal\/\">Corporaci\u00f3 Municipal<\/a><\/li>\n<li class=\"page_item page-item-195358\"><a href=\"https:\/\/www.elche.es\/va\/transparencia-govern-obert\/informacion-institucional-y-organizativa\/carrecs-personal-i-retribucions\/agenda-institucional\/\">Agenda institucional<\/a><\/li>\n<li class=\"page_item page-item-195355\"><a href=\"https:\/\/www.elche.es\/va\/transparencia-govern-obert\/informacion-institucional-y-organizativa\/carrecs-personal-i-retribucions\/despeses-de-viatges\/\">Despeses de viatges<\/a><\/li>\n<li class=\"page_item page-item-195352\"><a href=\"https:\/\/www.elche.es\/va\/transparencia-govern-obert\/informacion-institucional-y-organizativa\/carrecs-personal-i-retribucions\/relacio-de-llocs-de-treball-rpt-o-plantilles-de-personal\/\">Relaci\u00f3 de llocs de treball (RPT) \\ Plantilles de personal \\ Retribucions del personal<\/a><\/li>\n<li class=\"page_item page-item-217631\"><a href=\"https:\/\/www.elche.es\/va\/transparencia-govern-obert\/informacion-institucional-y-organizativa\/carrecs-personal-i-retribucions\/convocatories-ocupacio-publica\/\">Convocat\u00f2ries ocupaci\u00f3 p\u00fablica<\/a><\/li>\n<li class=\"page_item page-item-217639\"><a href=\"https:\/\/www.elche.es\/va\/transparencia-govern-obert\/informacion-institucional-y-organizativa\/carrecs-personal-i-retribucions\/compatibilitats-de-personal\/\">Compatibilitats de personal<\/a><\/li>\n<li class=\"page_item page-item-195346\"><a href=\"https:\/\/www.elche.es\/va\/transparencia-govern-obert\/informacion-institucional-y-organizativa\/carrecs-personal-i-retribucions\/societats-municipals\/\">Societats municipals<\/a><\/li>\n<li class=\"page_item page-item-195343\"><a href=\"https:\/\/www.elche.es\/va\/transparencia-govern-obert\/informacion-institucional-y-organizativa\/carrecs-personal-i-retribucions\/declaracions-dactivitats-i-bens\/\">Declaracions d&#8217;activitats i b\u00e9ns<\/a><\/li>\n<li class=\"page_item page-item-195339\"><a href=\"https:\/\/www.elche.es\/va\/transparencia-govern-obert\/informacion-institucional-y-organizativa\/carrecs-personal-i-retribucions\/registre-dobsequis\/\">Registre d&#8217;obsequis<\/a><\/li>\n<li class=\"page_item page-item-186623\"><a href=\"https:\/\/www.elche.es\/va\/transparencia-govern-obert\/informacion-institucional-y-organizativa\/carrecs-personal-i-retribucions\/assessors\/\">Assessors<\/a><\/li>\n<li class=\"page_item page-item-247851\"><a href=\"https:\/\/www.elche.es\/va\/transparencia-govern-obert\/informacion-institucional-y-organizativa\/carrecs-personal-i-retribucions\/rendicio-comptes-mandat\/\">Rendici\u00f3 comptes mandat<\/a><\/li>\n<\/ul>[\/vc_column_text][\/vc_column][\/vc_row][vc_row el_class=&#8221;cuadrostandar&#8221;][vc_column width=&#8221;1\/6&#8243;][vc_icon icon_fontawesome=&#8221;fas fa-check&#8221; color=&#8221;grey&#8221; size=&#8221;xl&#8221; align=&#8221;center&#8221; css=&#8221;&#8221; el_class=&#8221;iconoshorizontal&#8221;][\/vc_column][vc_column width=&#8221;5\/6&#8243;][vc_column_text css=&#8221;&#8221; el_class=&#8221;seccioneslist&#8221;]<h4 class=\"sc_title sc_title_regular subtitulosapartados \">Bon Govern i mesures Antifrau<\/h4><ul class=\"lecciones\"><li class=\"page_item page-item-335976\"><a href=\"https:\/\/www.elche.es\/va\/transparencia-govern-obert\/informacion-institucional-y-organizativa\/bon-govern-i-mesures-antifrau\/codi-de-bon-govern\/\">Codi de Bon Govern<\/a><\/li>\n<li class=\"page_item page-item-335978\"><a href=\"https:\/\/www.elche.es\/va\/transparencia-govern-obert\/informacion-institucional-y-organizativa\/bon-govern-i-mesures-antifrau\/bustia-de-denuncies-de-lagencia-de-prevencio-i-lluita-contra-el-frau-i-la-corrupcio-de-la-comunitat-valenciana-avaf\/\">B\u00fastia de Den\u00fancies de l\u2019Ag\u00e8ncia de Prevenci\u00f3 i Lluita contra el Frau i la Corrupci\u00f3 de la Comunitat Valenciana (AVAF)<\/a><\/li>\n<li class=\"page_item page-item-335984\"><a href=\"https:\/\/www.elche.es\/va\/transparencia-govern-obert\/informacion-institucional-y-organizativa\/bon-govern-i-mesures-antifrau\/mesures-antifrau-fons-europeus\/\">Mesures antifrau. Fons Europeus<\/a><\/li>\n<\/ul>[\/vc_column_text][\/vc_column][\/vc_row][vc_row el_class=&#8221;cuadrostandar&#8221;][vc_column width=&#8221;1\/6&#8243;][vc_icon icon_fontawesome=&#8221;fas fa-landmark&#8221; color=&#8221;grey&#8221; size=&#8221;xl&#8221; align=&#8221;center&#8221; el_class=&#8221;iconoshorizontal&#8221;][\/vc_column][vc_column width=&#8221;5\/6&#8243;][vc_column_text el_class=&#8221;seccioneslist&#8221;]<h4 class=\"sc_title sc_title_regular subtitulosapartados \">Planificaci\u00f3, organitzaci\u00f3 i patrimoni de l'Ajuntament<\/h4><ul class=\"lecciones\"><li class=\"page_item page-item-195331\"><a href=\"https:\/\/www.elche.es\/va\/transparencia-govern-obert\/informacion-institucional-y-organizativa\/planificacio-organitzacio-i-patrimoni-de-lajuntament\/plans-i-programes-generals-i-sectorials\/\">Plans i programes generals i sectorials<\/a><\/li>\n<li class=\"page_item page-item-322971\"><a href=\"https:\/\/www.elche.es\/va\/transparencia-govern-obert\/informacion-institucional-y-organizativa\/planificacio-organitzacio-i-patrimoni-de-lajuntament\/organitzacio-municipal\/\">Organitzaci\u00f3 municipal<\/a><\/li>\n<li class=\"page_item page-item-195326\"><a href=\"https:\/\/www.elche.es\/va\/transparencia-govern-obert\/informacion-institucional-y-organizativa\/planificacio-organitzacio-i-patrimoni-de-lajuntament\/organigrama-de-lajuntament\/\">Organigrama de l&#8217;Ajuntament<\/a><\/li>\n<li class=\"page_item page-item-195322\"><a href=\"https:\/\/www.elche.es\/va\/transparencia-govern-obert\/informacion-institucional-y-organizativa\/planificacio-organitzacio-i-patrimoni-de-lajuntament\/gestio-conservacio-i-eliminacio-de-documents\/\">Gesti\u00f3, conservaci\u00f3 i eliminaci\u00f3 de documents<\/a><\/li>\n<li class=\"page_item page-item-300770\"><a href=\"https:\/\/www.elche.es\/va\/transparencia-govern-obert\/informacion-institucional-y-organizativa\/planificacio-organitzacio-i-patrimoni-de-lajuntament\/pla-de-mandat-acord-de-govern\/\">Pla de mandat. Acord de Govern<\/a><\/li>\n<li class=\"page_item page-item-182342\"><a href=\"https:\/\/www.elche.es\/va\/transparencia-govern-obert\/informacion-institucional-y-organizativa\/planificacio-organitzacio-i-patrimoni-de-lajuntament\/vehicles-oficials-adscrits-a-lajuntament\/\">Vehicles oficials adscrits a l&#8217;Ajuntament<\/a><\/li>\n<li class=\"page_item page-item-195316\"><a href=\"https:\/\/www.elche.es\/va\/transparencia-govern-obert\/informacion-institucional-y-organizativa\/planificacio-organitzacio-i-patrimoni-de-lajuntament\/inventari-de-bens-i-drets-de-lajuntament\/\">Inventari de B\u00e9ns i Drets de l&#8217;Ajuntament<\/a><\/li>\n<\/ul>[\/vc_column_text][\/vc_column][\/vc_row][vc_row][vc_column]<div class=\"templatera_shortcode\"><div class=\"vc_row wpb_row vc_row-fluid vc_custom_1620975349725 vc_row-has-fill\"><div class=\"wpb_column vc_column_container vc_col-sm-12\"><div class=\"vc_column-inner\"><div class=\"wpb_wrapper\"><\/div><\/div><\/div><\/div><div class=\"vc_row wpb_row vc_row-fluid vc_custom_1620989684688\"><div class=\"wpb_column vc_column_container vc_col-sm-4\"><div class=\"vc_column-inner\"><div class=\"wpb_wrapper\"><div id='modulo_datos_contacto'> <p class='titulo_datos_contacto'>Dades de contacte <\/p> <hr><p class=\"contactoArea\"> <i class=\"fa fa-map-marker\" aria-hidden=\"true\"><\/i>Plaza de Men\u00e9ndez y Pelayo, 2 - 1\u00ba<\/p><p class=\"contactoArea\"><i class=\"fa fa-phone\" aria-hidden=\"true\"><\/i>966 65 82 81<\/p><p class=\"contactoArea\"><i class=\"fa fa-envelope\" aria-hidden=\"true\"><\/i><a href=\"mailto:transparencia@elche.es\"> transparencia@elche.es<\/a><\/p><div id='contacto-rrss'><\/div><\/div><\/div><\/div><\/div><div class=\"wpb_column vc_column_container vc_col-sm-4\"><div class=\"vc_column-inner\"><div class=\"wpb_wrapper\">\n\t<div class=\"wpb_text_column wpb_content_element\" >\n\t\t<div class=\"wpb_wrapper\">\n\t\t\t<p><strong>Accessos R\u00e0pids<\/strong><\/p>\n\n\t\t<\/div>\n\t<\/div>\n\n\t<div class=\"wpb_text_column wpb_content_element vc_custom_1651744872235\" >\n\t\t<div class=\"wpb_wrapper\">\n\t\t\t<ul>\n<li><a href=\"https:\/\/www.elche.es\/va\/site-map-transparencia\/\">SiteMap Transpar\u00e8ncia<\/a><\/li>\n<li><a href=\"https:\/\/www.elche.es\/va\/oficina-municipal-datencio-ciutadana-omac\/directori-de-serveis-municipals\/\">Directori de serveis municipals<\/a><\/li>\n<li><a href=\"https:\/\/sede.elche.es\/sta\/CarpetaPublic\/doEvent?APP_CODE=STA&amp;PAGE_CODE=CATALOGO&amp;lang=CA\">Cat\u00e0leg dels procediments administratius<\/a><\/li>\n<\/ul>\n\n\t\t<\/div>\n\t<\/div>\n<\/div><\/div><\/div><div class=\"buscador_transparencia wpb_column vc_column_container vc_col-sm-4\"><div class=\"vc_column-inner\"><div class=\"wpb_wrapper\">\n\t<div class=\"wpb_text_column wpb_content_element\" >\n\t\t<div class=\"wpb_wrapper\">\n\t\t\t<p><strong>Cercador<\/strong><\/p>\n\n\t\t<\/div>\n\t<\/div>\n\n\t<div class=\"wpb_raw_code wpb_raw_html wpb_content_element vc_custom_1646054603614\" >\n\t\t<div class=\"wpb_wrapper\">\n\t\t\t\n\t\t\t\t<form action=\"\" method=\"post\" class=\"searchandfilter\">\n\t\t\t\t\t<div><input type=\"hidden\" name=\"ofpost_types[]\" value=\"pages\" \/><input type=\"hidden\" name=\"ofpost_types[]\" value=\"transparencia\" \/><ul><li><input type=\"text\" name=\"ofsearch\" placeholder=\"Search &hellip;\" value=\"\"><\/li><li><input type=\"hidden\" name=\"ofsubmitted\" value=\"1\"><input type=\"submit\" value=\"Submit\"><\/li><\/ul><\/div><\/form>\n\t\t<\/div>\n\t<\/div>\n<\/div><\/div><\/div><\/div><\/div>[\/vc_column][\/vc_row]<\/p>\n<\/div>","protected":false},"excerpt":{"rendered":"Instituci\u00f3 Rellev\u00e0ncia Jur\u00eddica Transpar\u00e8ncia Econ\u00f2mico - Pressupost\u00e0ria Urbanisme, obres p\u00fabliques i medi ambient Ciutadania Informaci\u00f3 Informaci\u00f3 institucional i organitzativa C\u00e0rrecs, personal i retribucionsRetribucions dels membres de la corporaci\u00f3 municipal Corporaci\u00f3 [...]","protected":false},"author":144,"featured_media":0,"parent":171500,"menu_order":0,"comment_status":"closed","ping_status":"closed","template":"","meta":{"footnotes":""},"class_list":["post-171514","page","type-page","status-publish","hentry"],"_links":{"self":[{"href":"https:\/\/www.elche.es\/va\/wp-json\/wp\/v2\/pages\/171514","targetHints":{"allow":["GET"]}}],"collection":[{"href":"https:\/\/www.elche.es\/va\/wp-json\/wp\/v2\/pages"}],"about":[{"href":"https:\/\/www.elche.es\/va\/wp-json\/wp\/v2\/types\/page"}],"author":[{"embeddable":true,"href":"https:\/\/www.elche.es\/va\/wp-json\/wp\/v2\/users\/144"}],"replies":[{"embeddable":true,"href":"https:\/\/www.elche.es\/va\/wp-json\/wp\/v2\/comments?post=171514"}],"version-history":[{"count":3,"href":"https:\/\/www.elche.es\/va\/wp-json\/wp\/v2\/pages\/171514\/revisions"}],"predecessor-version":[{"id":335989,"href":"https:\/\/www.elche.es\/va\/wp-json\/wp\/v2\/pages\/171514\/revisions\/335989"}],"up":[{"embeddable":true,"href":"https:\/\/www.elche.es\/va\/wp-json\/wp\/v2\/pages\/171500"}],"wp:attachment":[{"href":"https:\/\/www.elche.es\/va\/wp-json\/wp\/v2\/media?parent=171514"}],"curies":[{"name":"wp","href":"https:\/\/api.w.org\/{rel}","templated":true}]}}