{"id":171620,"date":"2021-08-27T10:02:22","date_gmt":"2021-08-27T08:02:22","guid":{"rendered":"https:\/\/www.elche.es\/?page_id=171620"},"modified":"2023-11-09T20:48:49","modified_gmt":"2023-11-09T18:48:49","slug":"informacio-economica-i-pressupostaria","status":"publish","type":"page","link":"https:\/\/www.elche.es\/va\/transparencia-govern-obert\/informacio-economica-i-pressupostaria\/","title":{"rendered":"Informaci\u00f3 econ\u00f2mica i pressupost\u00e0ria"},"content":{"rendered":"<div class=\"wpb-content-wrapper\"><p>[vc_row][vc_column]<div class=\"templatera_shortcode\"><div id=\"bloque_titulo\" data-vc-full-width=\"true\" data-vc-full-width-init=\"false\" class=\"vc_row wpb_row vc_row-fluid slidersecciones vc_custom_1646214364120 vc_row-has-fill\"><div class=\"wpb_column vc_column_container vc_col-sm-12\"><div class=\"vc_column-inner\"><div class=\"wpb_wrapper\"><h2 style=\"color: #ffffff;text-align: center;font-family:Ubuntu;font-weight:700;font-style:normal\" class=\"vc_custom_heading vc_do_custom_heading sombraTitulo cabeceramovil\" ><\/h2><\/div><\/div><\/div><\/div><div class=\"vc_row-full-width vc_clearfix\"><\/div><\/div>[\/vc_column][\/vc_row][vc_row][vc_column]<div class=\"templatera_shortcode\"><div id=\"bloque_menu_enlaces\" data-vc-full-width=\"true\" data-vc-full-width-init=\"false\" data-vc-stretch-content=\"true\" class=\"vc_row wpb_row vc_row-fluid bloque_menu_paginas bloquemnuestop vc_custom_1620974689153 vc_row-has-fill vc_row-no-padding\"><div class=\"wpb_column vc_column_container vc_col-sm-12\"><div class=\"vc_column-inner\"><div class=\"wpb_wrapper\">\r\n        \r\n        <a class=\"menuVC\"  href=\"https:\/\/www.elche.es\/va\/transparencia-govern-obert\/informacion-institucional-y-organizativa\/\"> <span> Instituci\u00f3 <\/span><\/a>\r\n        \r\n        <a class=\"menuVC\"  href=\"https:\/\/www.elche.es\/va\/transparencia-govern-obert\/informacio-de-rellevancia-juridica\/\"> <span> Rellev\u00e0ncia Jur\u00eddica <\/span><\/a>\r\n        \r\n        <a class=\"menuVC\"  href=\"https:\/\/www.elche.es\/va\/transparencia-govern-obert\/informacio-economica-i-pressupostaria\/\"> <span> Transpar\u00e8ncia Econ\u00f2mico - Pressupost\u00e0ria <\/span><\/a>\r\n        \r\n        <a class=\"menuVC\"  href=\"https:\/\/www.elche.es\/va\/transparencia-govern-obert\/urbanisme-obres-publiques-i-medi-ambient\/\"> <span> Urbanisme, obres p\u00fabliques i medi ambient <\/span><\/a>\r\n        \r\n        <a class=\"menuVC\"  href=\"https:\/\/www.elche.es\/va\/transparencia-govern-obert\/relaciones-con-los-ciudadanos-y-la-sociedad\/\"> <span> Ciutadania <\/span><\/a>\r\n        \r\n        <a class=\"menuVC\"  href=\"https:\/\/www.elche.es\/va\/transparencia-govern-obert\/dret-dacces-a-la-informacio\/\"> <span> Informaci\u00f3 <\/span><\/a><\/div><\/div><\/div><\/div><div class=\"vc_row-full-width vc_clearfix\"><\/div>\r\n<\/div>[\/vc_column][\/vc_row][vc_row full_width=&#8221;stretch_row&#8221; css=&#8221;.vc_custom_1475486881904{background-color: #dddde0 !important;}&#8221;][vc_column offset=&#8221;vc_hidden-sm vc_hidden-xs&#8221;][vc_column_text]<nav aria-label=\"breadcrumbs\">\n            <div class=\"breadcrumb-container theme1\">\n                <ol>\n                                    <\/ol>\n            <\/div>\n        <\/nav>    <script type=\"application\/ld+json\">\n        {\n            \"@context\": \"http:\/\/schema.org\",\n            \"@type\": \"BreadcrumbList\",\n            \"itemListElement\": [\n                            ]\n        }\n    <\/script>\n    <style type=\"text\/css\">\n        .breadcrumb-container {\n            font-size: 13px;\n        }\n\n        .breadcrumb-container ul {\n            margin: 0;\n            padding: 0;\n        }\n\n        .breadcrumb-container li {\n            box-sizing: unset;\n            display: inline-block;\n            margin: 0;\n            padding: 0;\n        }\n\n        .breadcrumb-container li a {\n            box-sizing: unset;\n            padding: 0 10px;\n        }\n\n        .breadcrumb-container {\n            font-size: 3 !important;\n                    }\n\n        .breadcrumb-container li a {\n            color: #0a0a0a !important;\n            font-size: 3 !important;\n            line-height: 3 !important;\n                    }\n\n        .breadcrumb-container li .separator {\n            font-size: 3 !important;\n                    }\n\n        .breadcrumb-container li:last-child .separator {\n            display: none;\n        }\n    <\/style>\n    <style type=\"text\/css\">\n        .breadcrumb-container.theme1 li {\n            margin: 0;\n            padding: 0;\n        }\n        .breadcrumb-container.theme1 a {\n            background: ;\n            display: inline-block;\n            margin: 0 5px;\n            padding: 5px 10px;\n            text-decoration: none;\n        }\n    <\/style>\n        <style type=\"text\/css\">\n            <\/style>\n    <script>\n            <\/script>\n[\/vc_column_text][\/vc_column][\/vc_row][vc_row][vc_column]<h1 class=\"sc_title sc_title_regular transparenciastitulos \">Informaci\u00f3 econ\u00f2mica i pressupost\u00e0ria<\/h1>[\/vc_column][\/vc_row][vc_row el_class=&#8221;cuadrostandar&#8221;][vc_column width=&#8221;1\/6&#8243;][vc_icon icon_fontawesome=&#8221;fas fa-euro-sign&#8221; color=&#8221;grey&#8221; size=&#8221;xl&#8221; align=&#8221;center&#8221; el_class=&#8221;iconoshorizontal&#8221;][\/vc_column][vc_column width=&#8221;5\/6&#8243;][vc_column_text el_class=&#8221;seccioneslist&#8221;]<h4 class=\"sc_title sc_title_regular subtitulosapartados \">Informaci\u00f3 comptable i pressupost\u00e0ria, Transpar\u00e8ncia en els ingressos i despeses municipals<\/h4><ul class=\"lecciones\"><li class=\"page_item page-item-195203\"><a href=\"https:\/\/www.elche.es\/va\/transparencia-govern-obert\/informacio-economica-i-pressupostaria\/informacio-comptable-i-pressupostaria-transparencia-en-els-ingressos-i-despeses-municipals\/pressupostos-i-informacio-pressupostaria-compte-general-i-informes-dexecucio-pressupostaria\/\">Pressupostos i informaci\u00f3 pressupost\u00e0ria, compte general i informes d&#8217;execuci\u00f3 pressupost\u00e0ria<\/a><\/li>\n<li class=\"page_item page-item-195199\"><a href=\"https:\/\/www.elche.es\/va\/transparencia-govern-obert\/informacio-economica-i-pressupostaria\/informacio-comptable-i-pressupostaria-transparencia-en-els-ingressos-i-despeses-municipals\/pressupostos-dels-organs-descentralitzats-ens-instrumentals-i-societats-municipals\/\">Pressupostos dels \u00f2rgans descentralitzats, ens instrumentals i societats municipals<\/a><\/li>\n<li class=\"page_item page-item-195195\"><a href=\"https:\/\/www.elche.es\/va\/transparencia-govern-obert\/informacio-economica-i-pressupostaria\/informacio-comptable-i-pressupostaria-transparencia-en-els-ingressos-i-despeses-municipals\/indicadors-economicofinancers-municipals\/\">Indicadors economicofinancers municipals<\/a><\/li>\n<li class=\"page_item page-item-195190\"><a href=\"https:\/\/www.elche.es\/va\/transparencia-govern-obert\/informacio-economica-i-pressupostaria\/informacio-comptable-i-pressupostaria-transparencia-en-els-ingressos-i-despeses-municipals\/rendicio-de-comptes-de-lajuntament-en-la-plataforma-del-tribunal-de-comptes\/\">Rendici\u00f3 de comptes de l&#8217;Ajuntament en la plataforma del Tribunal de Comptes<\/a><\/li>\n<li class=\"page_item page-item-195187\"><a href=\"https:\/\/www.elche.es\/va\/transparencia-govern-obert\/informacio-economica-i-pressupostaria\/informacio-comptable-i-pressupostaria-transparencia-en-els-ingressos-i-despeses-municipals\/periode-mitja-de-pagament-a-proveidors-dacord-amb-la-normativa-destabilitat-pressupostaria\/\">Per\u00edode mitj\u00e0 de pagament a prove\u00efdors d&#8217;acord amb la normativa d&#8217;estabilitat pressupost\u00e0ria<\/a><\/li>\n<li class=\"page_item page-item-195184\"><a href=\"https:\/\/www.elche.es\/va\/transparencia-govern-obert\/informacio-economica-i-pressupostaria\/informacio-comptable-i-pressupostaria-transparencia-en-els-ingressos-i-despeses-municipals\/import-del-deute-public\/\">Import del deute p\u00fablic<\/a><\/li>\n<li class=\"page_item page-item-195180\"><a href=\"https:\/\/www.elche.es\/va\/transparencia-govern-obert\/informacio-economica-i-pressupostaria\/informacio-comptable-i-pressupostaria-transparencia-en-els-ingressos-i-despeses-municipals\/informes-dauditoria-de-comptes-i-els-de-fiscalitzacio-per-part-dels-organs-de-control-extern-cambra-o-tribunal-de-comptes-de-lajuntament-i-de-les-entitats-del-sector-public-municipal\/\">Informes d&#8217;auditoria de comptes i els de fiscalitzaci\u00f3 per part dels \u00f2rgans de control extern (Cambra o Tribunal de Comptes), de l&#8217;Ajuntament i de les entitats del sector p\u00fablic municipal<\/a><\/li>\n<li class=\"page_item page-item-238765\"><a href=\"https:\/\/www.elche.es\/va\/transparencia-govern-obert\/informacio-economica-i-pressupostaria\/informacio-comptable-i-pressupostaria-transparencia-en-els-ingressos-i-despeses-municipals\/ordenances-fiscals\/\">Ordenances fiscals<\/a><\/li>\n<li class=\"page_item page-item-202804\"><a href=\"https:\/\/www.elche.es\/va\/transparencia-govern-obert\/informacio-economica-i-pressupostaria\/informacio-comptable-i-pressupostaria-transparencia-en-els-ingressos-i-despeses-municipals\/publicitat-institucional\/\">Publicitat institucional<\/a><\/li>\n<li class=\"page_item page-item-247679\"><a href=\"https:\/\/www.elche.es\/va\/transparencia-govern-obert\/informacio-economica-i-pressupostaria\/informacio-comptable-i-pressupostaria-transparencia-en-els-ingressos-i-despeses-municipals\/informes-dexecucio-trimestrals\/\">Informes d&#8217;execuci\u00f3 trimestrals<\/a><\/li>\n<\/ul>[\/vc_column_text][\/vc_column][\/vc_row][vc_row el_class=&#8221;cuadrostandar&#8221;][vc_column width=&#8221;1\/6&#8243;][vc_icon icon_fontawesome=&#8221;far fa-clipboard&#8221; color=&#8221;grey&#8221; size=&#8221;xl&#8221; align=&#8221;center&#8221; el_class=&#8221;iconoshorizontal&#8221;][\/vc_column][vc_column width=&#8221;5\/6&#8243;][vc_column_text el_class=&#8221;seccioneslist&#8221;]<h4 class=\"sc_title sc_title_regular subtitulosapartados \">Contractacions<\/h4><ul class=\"lecciones\"><li class=\"page_item page-item-178476\"><a href=\"https:\/\/www.elche.es\/va\/transparencia-govern-obert\/informacio-economica-i-pressupostaria\/contractacions\/modificacions-dels-contractes\/\">Modificacions dels contractes<\/a><\/li>\n<li class=\"page_item page-item-195174\"><a href=\"https:\/\/www.elche.es\/va\/transparencia-govern-obert\/informacio-economica-i-pressupostaria\/contractacions\/contractes-menors-disponibles-en-la-pestanya-documents\/\">Contractes menors (disponibles en la pestanya Documents)<\/a><\/li>\n<li class=\"page_item page-item-195170\"><a href=\"https:\/\/www.elche.es\/va\/transparencia-govern-obert\/informacio-economica-i-pressupostaria\/contractacions\/mesa-de-contractacio\/\">Mesa de contractaci\u00f3<\/a><\/li>\n<li class=\"page_item page-item-195163\"><a href=\"https:\/\/www.elche.es\/va\/transparencia-govern-obert\/informacio-economica-i-pressupostaria\/contractacions\/actes-de-les-meses-de-contractacio\/\">Actes de les meses de contractaci\u00f3<\/a><\/li>\n<li class=\"page_item page-item-195159\"><a href=\"https:\/\/www.elche.es\/va\/transparencia-govern-obert\/informacio-economica-i-pressupostaria\/contractacions\/contractes-formalitzats-per-lajuntament-plataforma-de-contractacio-del-sector-public\/\">Contractes formalitzats per l&#8217;Ajuntament. Plataforma de Contractaci\u00f3 del Sector P\u00fablic<\/a><\/li>\n<\/ul>[\/vc_column_text][vc_column_text css=&#8221;.vc_custom_1651484984290{padding-left: 40px !important;}&#8221;]<span style=\"font-size: 10pt;\">Les actes de les meses de contractaci\u00f3 poden consultar-se en cadascun dels expedients publicats en la plataforma de contractaci\u00f3 de l&#8217;Estat.<\/span>[\/vc_column_text][\/vc_column][\/vc_row][vc_row el_class=&#8221;cuadrostandar&#8221;][vc_column width=&#8221;1\/6&#8243;][vc_icon icon_fontawesome=&#8221;fas fa-book&#8221; color=&#8221;grey&#8221; size=&#8221;xl&#8221; align=&#8221;center&#8221; el_class=&#8221;iconoshorizontal&#8221;][\/vc_column][vc_column width=&#8221;5\/6&#8243;][vc_column_text el_class=&#8221;seccioneslist&#8221;]<h4 class=\"sc_title sc_title_regular subtitulosapartados \">Convenis, enc\u00e0rrecs i subvencions<\/h4><ul class=\"lecciones\"><li class=\"page_item page-item-181867\"><a href=\"https:\/\/www.elche.es\/va\/transparencia-govern-obert\/informacio-economica-i-pressupostaria\/convenis-encarrecs-i-subvencions\/subvencions-i-ajudes-publiques\/\">Subvencions i ajudes p\u00fabliques<\/a><\/li>\n<li class=\"page_item page-item-194929\"><a href=\"https:\/\/www.elche.es\/va\/transparencia-govern-obert\/informacio-economica-i-pressupostaria\/convenis-encarrecs-i-subvencions\/convenis-subscrits-per-lajuntament-i-encarrecs-de-gestio\/\">Convenis subscrits per l&#8217;Ajuntament i enc\u00e0rrecs de gesti\u00f3<\/a><\/li>\n<\/ul>[\/vc_column_text][\/vc_column][\/vc_row][vc_row el_class=&#8221;cuadrostandar&#8221;][vc_column width=&#8221;1\/6&#8243;][vc_icon icon_fontawesome=&#8221;fas fa-compress-arrows-alt&#8221; color=&#8221;grey&#8221; size=&#8221;xl&#8221; align=&#8221;center&#8221; el_class=&#8221;iconoshorizontal&#8221;][\/vc_column][vc_column width=&#8221;5\/6&#8243;][vc_column_text el_class=&#8221;seccioneslist&#8221;]<h4 class=\"sc_title sc_title_regular subtitulosapartados \">Subministradors i costos de serveis<\/h4><ul class=\"lecciones\"><li class=\"page_item page-item-194916\"><a href=\"https:\/\/www.elche.es\/va\/transparencia-govern-obert\/informacio-economica-i-pressupostaria\/subministradors-i-costos-de-serveis\/operacions-amb-els-proveidors\/\">Operacions amb els prove\u00efdors<\/a><\/li>\n<li class=\"page_item page-item-194912\"><a href=\"https:\/\/www.elche.es\/va\/transparencia-govern-obert\/informacio-economica-i-pressupostaria\/subministradors-i-costos-de-serveis\/serveis-prestats-per-lajuntament\/\">Serveis prestats per l&#8217;Ajuntament<\/a><\/li>\n<\/ul>[\/vc_column_text][\/vc_column][\/vc_row][vc_row][vc_column]<div class=\"templatera_shortcode\"><div class=\"vc_row wpb_row vc_row-fluid vc_custom_1620975349725 vc_row-has-fill\"><div class=\"wpb_column vc_column_container vc_col-sm-12\"><div class=\"vc_column-inner\"><div class=\"wpb_wrapper\"><\/div><\/div><\/div><\/div><div class=\"vc_row wpb_row vc_row-fluid vc_custom_1620989684688\"><div class=\"wpb_column vc_column_container vc_col-sm-4\"><div class=\"vc_column-inner\"><div class=\"wpb_wrapper\"><div id='modulo_datos_contacto'> <p class='titulo_datos_contacto'>Dades de contacte <\/p> <hr><p class=\"contactoArea\"> <i class=\"fa fa-map-marker\" aria-hidden=\"true\"><\/i>Plaza de Men\u00e9ndez y Pelayo, 2 - 1\u00ba<\/p><p class=\"contactoArea\"><i class=\"fa fa-phone\" aria-hidden=\"true\"><\/i>966 65 82 81<\/p><p class=\"contactoArea\"><i class=\"fa fa-envelope\" aria-hidden=\"true\"><\/i><a href=\"mailto:transparencia@elche.es\"> transparencia@elche.es<\/a><\/p><div id='contacto-rrss'><\/div><\/div><\/div><\/div><\/div><div class=\"wpb_column vc_column_container vc_col-sm-4\"><div class=\"vc_column-inner\"><div class=\"wpb_wrapper\">\n\t<div class=\"wpb_text_column wpb_content_element\" >\n\t\t<div class=\"wpb_wrapper\">\n\t\t\t<p><strong>Accessos R\u00e0pids<\/strong><\/p>\n\n\t\t<\/div>\n\t<\/div>\n\n\t<div class=\"wpb_text_column wpb_content_element vc_custom_1651744872235\" >\n\t\t<div class=\"wpb_wrapper\">\n\t\t\t<ul>\n<li><a href=\"https:\/\/www.elche.es\/va\/site-map-transparencia\/\">SiteMap Transpar\u00e8ncia<\/a><\/li>\n<li><a href=\"https:\/\/www.elche.es\/va\/oficina-municipal-datencio-ciutadana-omac\/directori-de-serveis-municipals\/\">Directori de serveis municipals<\/a><\/li>\n<li><a href=\"https:\/\/sede.elche.es\/sta\/CarpetaPublic\/doEvent?APP_CODE=STA&amp;PAGE_CODE=CATALOGO&amp;lang=CA\">Cat\u00e0leg dels procediments administratius<\/a><\/li>\n<\/ul>\n\n\t\t<\/div>\n\t<\/div>\n<\/div><\/div><\/div><div class=\"buscador_transparencia wpb_column vc_column_container vc_col-sm-4\"><div class=\"vc_column-inner\"><div class=\"wpb_wrapper\">\n\t<div class=\"wpb_text_column wpb_content_element\" >\n\t\t<div class=\"wpb_wrapper\">\n\t\t\t<p><strong>Cercador<\/strong><\/p>\n\n\t\t<\/div>\n\t<\/div>\n\n\t<div class=\"wpb_raw_code wpb_raw_html wpb_content_element vc_custom_1646054603614\" >\n\t\t<div class=\"wpb_wrapper\">\n\t\t\t\n\t\t\t\t<form action=\"\" method=\"post\" class=\"searchandfilter\">\n\t\t\t\t\t<div><input type=\"hidden\" name=\"ofpost_types[]\" value=\"pages\" \/><input type=\"hidden\" name=\"ofpost_types[]\" value=\"transparencia\" \/><ul><li><input type=\"text\" name=\"ofsearch\" placeholder=\"Search &hellip;\" value=\"\"><\/li><li><input type=\"hidden\" name=\"ofsubmitted\" value=\"1\"><input type=\"submit\" value=\"Submit\"><\/li><\/ul><\/div><\/form>\n\t\t<\/div>\n\t<\/div>\n<\/div><\/div><\/div><\/div><\/div>[\/vc_column][\/vc_row]<\/p>\n<\/div>","protected":false},"excerpt":{"rendered":"Instituci\u00f3 Rellev\u00e0ncia Jur\u00eddica Transpar\u00e8ncia Econ\u00f2mico - Pressupost\u00e0ria Urbanisme, obres p\u00fabliques i medi ambient Ciutadania Informaci\u00f3 Informaci\u00f3 econ\u00f2mica i pressupost\u00e0ria Informaci\u00f3 comptable i pressupost\u00e0ria, Transpar\u00e8ncia en els ingressos i despeses municipalsPressupostos [...]","protected":false},"author":131,"featured_media":0,"parent":171500,"menu_order":0,"comment_status":"closed","ping_status":"closed","template":"","meta":{"footnotes":""},"class_list":["post-171620","page","type-page","status-publish","hentry"],"_links":{"self":[{"href":"https:\/\/www.elche.es\/va\/wp-json\/wp\/v2\/pages\/171620","targetHints":{"allow":["GET"]}}],"collection":[{"href":"https:\/\/www.elche.es\/va\/wp-json\/wp\/v2\/pages"}],"about":[{"href":"https:\/\/www.elche.es\/va\/wp-json\/wp\/v2\/types\/page"}],"author":[{"embeddable":true,"href":"https:\/\/www.elche.es\/va\/wp-json\/wp\/v2\/users\/131"}],"replies":[{"embeddable":true,"href":"https:\/\/www.elche.es\/va\/wp-json\/wp\/v2\/comments?post=171620"}],"version-history":[{"count":2,"href":"https:\/\/www.elche.es\/va\/wp-json\/wp\/v2\/pages\/171620\/revisions"}],"predecessor-version":[{"id":266377,"href":"https:\/\/www.elche.es\/va\/wp-json\/wp\/v2\/pages\/171620\/revisions\/266377"}],"up":[{"embeddable":true,"href":"https:\/\/www.elche.es\/va\/wp-json\/wp\/v2\/pages\/171500"}],"wp:attachment":[{"href":"https:\/\/www.elche.es\/va\/wp-json\/wp\/v2\/media?parent=171620"}],"curies":[{"name":"wp","href":"https:\/\/api.w.org\/{rel}","templated":true}]}}