{"id":173964,"date":"2021-11-26T13:08:14","date_gmt":"2021-11-26T12:08:14","guid":{"rendered":"https:\/\/www.elche.es\/?page_id=173964"},"modified":"2026-02-17T10:14:10","modified_gmt":"2026-02-17T08:14:10","slug":"agenda-desdeveniments-elx","status":"publish","type":"page","link":"https:\/\/www.elche.es\/va\/agenda-desdeveniments-elx\/","title":{"rendered":"Agenda d&#8217;esdeveniments &#8211; Elx"},"content":{"rendered":"<div class=\"wpb-content-wrapper\"><p>[vc_row full_width=&#8221;stretch_row&#8221; css=&#8221;.vc_custom_1613552212861{background-image: url(https:\/\/www.elche.es\/wp-content\/uploads\/2016\/09\/baner-eventos.jpg?id=7235) !important;background-position: center !important;background-repeat: no-repeat !important;background-size: cover !important;}&#8221; el_class=&#8221;slidersecciones&#8221;][vc_column][vc_custom_heading text=&#8221;Agenda de eventos&#8221; font_container=&#8221;tag:h2|text_align:center|color:%23ffffff&#8221; google_fonts=&#8221;font_family:Ubuntu%3A300%2C300italic%2Cregular%2Citalic%2C500%2C500italic%2C700%2C700italic|font_style:700%20bold%20regular%3A700%3Anormal&#8221; el_class=&#8221;sombraTitulo cabeceramovil&#8221;][\/vc_column][\/vc_row][vc_row][vc_column][\/vc_column][\/vc_row][vc_row css=&#8221;.vc_custom_1632998662335{margin-top: 60px !important;}&#8221;][vc_column width=&#8221;2\/3&#8243;][vc_raw_html el_class=&#8221;oculto&#8221;]JTVCTUVDX3NlYXJjaF9iYXIlNUQ=[\/vc_raw_html][vc_column_text css=&#8221;&#8221;]<\/p>\n<p data-start=\"847\" data-end=\"981\"><strong data-start=\"847\" data-end=\"913\">L&#8217;agenda cultural d&#8217;Elx es consulta ara en <span style=\"text-decoration: underline;\"><a href=\"https:\/\/elxcultura.es\/\">elxcultura.es<\/a><\/span><\/strong>, el portal que reunix tota la programaci\u00f3 cultural del municipi.<\/p>\n<p data-start=\"988\" data-end=\"1174\">En este web trobar\u00e0s informaci\u00f3 actualitzada sobre concerts, teatre, exposicions, cinema i activitats per a tots els p\u00fablics, amb detall de dates, espais i venda d&#8217;entrades.<\/p>\n<p data-start=\"1181\" data-end=\"1276\">Per a con\u00e9ixer l&#8217;agenda completa i no perdre&#8217;t cap esdeveniment cultural, visita <span style=\"text-decoration: underline;\"><a href=\"https:\/\/elxcultura.es\/\"><strong data-start=\"1258\" data-end=\"1275\">elxcultura.es<\/strong><\/a><\/span>.<\/p>\n<p>[\/vc_column_text][\/vc_column][vc_column width=&#8221;1\/3&#8243; css=&#8221;.vc_custom_1637934750139{padding-left: 45px !important;}&#8221; el_class=&#8221;eventoslateral&#8221;][vc_widget_sidebar sidebar_id=&#8221;sidebar_main&#8221; el_class=&#8221;sidebar5&#8243;][\/vc_column][\/vc_row]<\/p>\n<\/div>","protected":false},"excerpt":{"rendered":"Agenda de eventos [MEC_search_bar] L'agenda cultural d'Elx es consulta ara en elxcultura.es, el portal que reunix tota la programaci\u00f3 cultural del municipi. En este web trobar\u00e0s informaci\u00f3 actualitzada sobre concerts, [...]","protected":false},"author":144,"featured_media":0,"parent":0,"menu_order":0,"comment_status":"closed","ping_status":"closed","template":"","meta":{"footnotes":""},"class_list":["post-173964","page","type-page","status-publish","hentry"],"_links":{"self":[{"href":"https:\/\/www.elche.es\/va\/wp-json\/wp\/v2\/pages\/173964","targetHints":{"allow":["GET"]}}],"collection":[{"href":"https:\/\/www.elche.es\/va\/wp-json\/wp\/v2\/pages"}],"about":[{"href":"https:\/\/www.elche.es\/va\/wp-json\/wp\/v2\/types\/page"}],"author":[{"embeddable":true,"href":"https:\/\/www.elche.es\/va\/wp-json\/wp\/v2\/users\/144"}],"replies":[{"embeddable":true,"href":"https:\/\/www.elche.es\/va\/wp-json\/wp\/v2\/comments?post=173964"}],"version-history":[{"count":2,"href":"https:\/\/www.elche.es\/va\/wp-json\/wp\/v2\/pages\/173964\/revisions"}],"predecessor-version":[{"id":352371,"href":"https:\/\/www.elche.es\/va\/wp-json\/wp\/v2\/pages\/173964\/revisions\/352371"}],"wp:attachment":[{"href":"https:\/\/www.elche.es\/va\/wp-json\/wp\/v2\/media?parent=173964"}],"curies":[{"name":"wp","href":"https:\/\/api.w.org\/{rel}","templated":true}]}}