{"id":177528,"date":"2021-12-22T10:02:51","date_gmt":"2021-12-22T09:02:51","guid":{"rendered":"https:\/\/www.elche.es\/cerimonies-civils\/acolliments\/"},"modified":"2022-02-25T12:54:21","modified_gmt":"2022-02-25T11:54:21","slug":"acolliments","status":"publish","type":"page","link":"https:\/\/www.elche.es\/va\/cerimonies-civils\/acolliments\/","title":{"rendered":"Acolliments"},"content":{"rendered":"<div class=\"wpb-content-wrapper\"><p>[vc_row full_width=&#8221;stretch_row&#8221; css=&#8221;.vc_custom_1639488403327{background-image: url(https:\/\/www.elche.es\/wp-content\/uploads\/2021\/12\/acogimientos.jpg?id=176432) !important;background-position: center !important;background-repeat: no-repeat !important;background-size: cover !important;}&#8221; el_class=&#8221;slidersecciones&#8221;][vc_column][vc_custom_heading text=&#8221;ACOLLIMENTS&#8221; font_container=&#8221;tag:h2|text_align:center|color:%23ffffff&#8221; google_fonts=&#8221;font_family:Ubuntu%3A300%2C300italic%2Cregular%2Citalic%2C500%2C500italic%2C700%2C700italic|font_style:700%20bold%20regular%3A700%3Anormal&#8221; el_class=&#8221;sombraTitulo cabeceramovil&#8221;][\/vc_column][\/vc_row][vc_row content_placement=&#8221;middle&#8221;][vc_column]<div class=\"templatera_shortcode\"><div id=\"bloque_menu_enlaces\" data-vc-full-width=\"true\" data-vc-full-width-init=\"false\" data-vc-stretch-content=\"true\" class=\"vc_row wpb_row vc_row-fluid bloque_menu_paginas bloquemnuestop abajoslider vc_custom_1631786392630 vc_row-has-fill vc_row-no-padding\"><div class=\"wpb_column vc_column_container vc_col-sm-12\"><div class=\"vc_column-inner\"><div class=\"wpb_wrapper\">\r\n        \r\n        <a class=\"menuVC\"  href=\"https:\/\/www.elche.es\/va\/tramits-de-les-cerimonies-civils\/\"> <span> Tr\u00e1mits <\/span><\/a>\r\n        \r\n        <a class=\"menuVC\"  href=\"https:\/\/www.elche.es\/va\/prereservas-cerimonies-civils\/\"> <span> Prereserva <\/span><\/a>\r\n        \r\n        <a class=\"menuVC\"  href=\"https:\/\/www.elche.es\/va\/normes-generals-cerimonies-civils\/\"> <span> Normes generals <\/span><\/a>\r\n        \r\n        <a class=\"menuVC\"  href=\"https:\/\/www.elche.es\/va\/cerimonies-civils-matrimonis-i-acolliments\/\"> <span> Cerim\u00f2nies <\/span><\/a><\/div><\/div><\/div><\/div><div class=\"vc_row-full-width vc_clearfix\"><\/div><\/div>[\/vc_column][\/vc_row][vc_row full_width=&#8221;stretch_row&#8221; css=&#8221;.vc_custom_1611056997271{background-color: #dddcdf !important;}&#8221;][vc_column offset=&#8221;vc_hidden-xs&#8221;][vc_column_text]<nav aria-label=\"breadcrumbs\">\n            <div class=\"breadcrumb-container theme1\">\n                <ol>\n                                    <\/ol>\n            <\/div>\n        <\/nav>    <script type=\"application\/ld+json\">\n        {\n            \"@context\": \"http:\/\/schema.org\",\n            \"@type\": \"BreadcrumbList\",\n            \"itemListElement\": [\n                            ]\n        }\n    <\/script>\n    <style type=\"text\/css\">\n        .breadcrumb-container {\n            font-size: 13px;\n        }\n\n        .breadcrumb-container ul {\n            margin: 0;\n            padding: 0;\n        }\n\n        .breadcrumb-container li {\n            box-sizing: unset;\n            display: inline-block;\n            margin: 0;\n            padding: 0;\n        }\n\n        .breadcrumb-container li a {\n            box-sizing: unset;\n            padding: 0 10px;\n        }\n\n        .breadcrumb-container {\n            font-size: 3 !important;\n                    }\n\n        .breadcrumb-container li a {\n            color: #0a0a0a !important;\n            font-size: 3 !important;\n            line-height: 3 !important;\n                    }\n\n        .breadcrumb-container li .separator {\n            font-size: 3 !important;\n                    }\n\n        .breadcrumb-container li:last-child .separator {\n            display: none;\n        }\n    <\/style>\n    <style type=\"text\/css\">\n        .breadcrumb-container.theme1 li {\n            margin: 0;\n            padding: 0;\n        }\n        .breadcrumb-container.theme1 a {\n            background: ;\n            display: inline-block;\n            margin: 0 5px;\n            padding: 5px 10px;\n            text-decoration: none;\n        }\n    <\/style>\n        <style type=\"text\/css\">\n            <\/style>\n    <script>\n            <\/script>\n[\/vc_column_text][\/vc_column][\/vc_row][vc_row full_width=&#8221;stretch_row_content_no_spaces&#8221; content_placement=&#8221;middle&#8221; css=&#8221;.vc_custom_1611043207973{padding-top: 60px !important;background-color: #ffffff !important;}&#8221;][vc_column]<h4 class=\"sc_title sc_title_regular sc_align_center margin_top_null\" style=\"text-align:center;\">Benvinguda a la ciutadania o l&#8217;acolliment civil<\/h4>[\/vc_column][\/vc_row][vc_row content_placement=&#8221;middle&#8221; css=&#8221;.vc_custom_1639942651982{padding-top: 60px !important;background-color: #ffffff !important;}&#8221;][vc_column width=&#8221;1\/2&#8243;][vc_single_image image=&#8221;177533&#8243; img_size=&#8221;full&#8221;][\/vc_column][vc_column width=&#8221;1\/2&#8243;][vc_column_text]Aquesta cerim\u00f2nia consisteix en l&#8217;exterioritzaci\u00f3 p\u00fablica en forma d&#8217;acte solemne, de la benvinguda a la comunitat d&#8217;un nou ve\u00ed d&#8217;Elx, amb plenitud de drets i amb les correlatives obligacions amb la comunitat.<\/p>\n<p>En la benvinguda ciutadana els pares o els tutors legals fan p\u00fablic el seu comprom\u00eds d&#8217;educar-lo en els valors c\u00edvics.<\/p>\n<p>L&#8217;acte el presideix l&#8217;alcalde o el\/la regidor\/a delegat\/a en qui delegue i t\u00e9 lloc al Sal\u00f3 de Plens del consistori, excepte que, excepcionalment, es dispose una altra depend\u00e8ncia municipal.<\/p>\n<p>Els pares o els tutors del menor que desitgen donar la benvinguda ciutadana als seus fills hauran d&#8217;efectuar una prereserva de la data desitjada a trav\u00e9s del: <strong>Tel\u00e8fon: \u00a0<a href=\"http:\/\/tel:966%2065%2080%2030\/\">966 658 030<\/a><\/strong>.<\/p>\n<p>Al final de la celebraci\u00f3, es far\u00e0 lliurament als progenitors de la Carta Municipal de Ciutadania d&#8217;Elx, que ser\u00e0 signada per ells i per l&#8217;alcalde o pel regidor\/a delegat\/a, com a prova de comprom\u00eds del seu compliment.<\/p>\n<p>L&#8217;acolliment ciutad\u00e0 s&#8217;oferir\u00e0 a xiquets i a xiquetes en <strong>els seus primers dotze mesos de vida<\/strong>, que es troben empadronats a Elx, o el pare, la mare del qual o tots dos ho desitgen.<\/p>\n<p>Els actes de benvinguda <strong>no tindran valor civil ni administratiu<\/strong>, <strong>sin\u00f3 \u00fanicament social<\/strong> i d&#8217;afirmaci\u00f3 del comprom\u00eds dels progenitors amb <strong>els valors, els drets i les llibertats inherents a la dignitat humana<\/strong>.[\/vc_column_text][\/vc_column][\/vc_row][vc_row css=&#8221;.vc_custom_1639497824013{margin-top: 60px !important;}&#8221;][vc_column width=&#8221;1\/3&#8243;]<a href=\"https:\/\/www.elche.es\/va\/cerimonies-civils\/tramits-de-les-cerimonies-civils\/#acogimientos\" class=\"sc_button sc_button_square sc_button_style_filled style_original sc_button_size_small\" style=\"width:100%;\">TR\u00c0MITS<\/a>[\/vc_column][vc_column width=&#8221;1\/3&#8243;]<a href=\"https:\/\/www.elche.es\/va\/cerimonies-civils\/normes-generals-cerimonies-civils\/\" class=\"sc_button sc_button_square sc_button_style_filled style_original sc_button_size_small\" style=\"width:100%;\">NORMES GENERALS<\/a>[\/vc_column][vc_column width=&#8221;1\/3&#8243;]<a href=\"https:\/\/www.elche.es\/va\/cerimonies-civils\/cerimonies-civils-matrimonis-i-acolliments\/#acogimientos\" class=\"sc_button sc_button_square sc_button_style_filled style_original sc_button_size_small\" style=\"width:100%;\">CERIM\u00d2NIA<\/a>[\/vc_column][\/vc_row][vc_row css=&#8221;.vc_custom_1611136988447{padding-top: 80px !important;background-color: #ffffff !important;}&#8221;][vc_column width=&#8221;1\/4&#8243;]<div id='modulo_datos_contacto'> <p class='titulo_datos_contacto'>Dades de contacte <\/p> <hr><p class=\"contactoArea\"> <i class=\"fa fa-map-marker\" aria-hidden=\"true\"><\/i>Plac\u0327a de Baix, 1 | 03202<\/p><p class=\"contactoArea\"><i class=\"fa fa-phone\" aria-hidden=\"true\"><\/i>Tel. 966 658 030<\/p><p class=\"contactoArea\"><i class=\"fa fa-envelope\" aria-hidden=\"true\"><\/i><a href=\"mailto:ceremonias@elche.es\"> ceremonias@elche.es<\/a><\/p><div id='contacto-rrss'><\/div><\/div>[\/vc_column][vc_column width=&#8221;3\/4&#8243;][sbs_wpb_openstreetmap map_style=&#8221;openstreetmap_de&#8221; zoom=&#8221;17&#8243; ctrl_mouse_zoom=&#8221;true&#8221; latitude=&#8221;38.26547&#8243; longitude=&#8221;-0.69909&#8243;][sbs_wpb_marker marker_source=&#8221;coordinates&#8221; marker_color=&#8221;red&#8221; marker_latitude=&#8221;38.26547&#8243; marker_longitude=&#8221;-0.69909&#8243;][\/sbs_wpb_marker][\/sbs_wpb_openstreetmap][\/vc_column][\/vc_row]<\/p>\n<\/div>","protected":false},"excerpt":{"rendered":"ACOLLIMENTS Tr\u00e1mits Prereserva Normes generals Cerim\u00f2nies Benvinguda a la ciutadania o l'acolliment civil Aquesta cerim\u00f2nia consisteix en l'exterioritzaci\u00f3 p\u00fablica en forma d'acte solemne, de la benvinguda a la comunitat d'un [...]","protected":false},"author":139,"featured_media":0,"parent":140166,"menu_order":0,"comment_status":"closed","ping_status":"closed","template":"","meta":{"footnotes":""},"class_list":["post-177528","page","type-page","status-publish","hentry"],"_links":{"self":[{"href":"https:\/\/www.elche.es\/va\/wp-json\/wp\/v2\/pages\/177528","targetHints":{"allow":["GET"]}}],"collection":[{"href":"https:\/\/www.elche.es\/va\/wp-json\/wp\/v2\/pages"}],"about":[{"href":"https:\/\/www.elche.es\/va\/wp-json\/wp\/v2\/types\/page"}],"author":[{"embeddable":true,"href":"https:\/\/www.elche.es\/va\/wp-json\/wp\/v2\/users\/139"}],"replies":[{"embeddable":true,"href":"https:\/\/www.elche.es\/va\/wp-json\/wp\/v2\/comments?post=177528"}],"version-history":[{"count":0,"href":"https:\/\/www.elche.es\/va\/wp-json\/wp\/v2\/pages\/177528\/revisions"}],"up":[{"embeddable":true,"href":"https:\/\/www.elche.es\/va\/wp-json\/wp\/v2\/pages\/140166"}],"wp:attachment":[{"href":"https:\/\/www.elche.es\/va\/wp-json\/wp\/v2\/media?parent=177528"}],"curies":[{"name":"wp","href":"https:\/\/api.w.org\/{rel}","templated":true}]}}