{"id":178442,"date":"2022-01-04T14:47:25","date_gmt":"2022-01-04T13:47:25","guid":{"rendered":"https:\/\/www.elche.es\/?page_id=178442"},"modified":"2024-11-11T13:14:34","modified_gmt":"2024-11-11T11:14:34","slug":"viajes-gastos-por-desplazamiento-y-manutencion","status":"publish","type":"page","link":"https:\/\/www.elche.es\/va\/ajuntament-delx\/viajes-gastos-por-desplazamiento-y-manutencion\/","title":{"rendered":"Viatges. Despeses per despla\u00e7ament i manutenci\u00f3"},"content":{"rendered":"<div class=\"wpb-content-wrapper\"><p>[vc_row][vc_column]<div class=\"templatera_shortcode\"><div data-vc-full-width=\"true\" data-vc-full-width-init=\"false\" class=\"vc_row wpb_row vc_row-fluid slidersecciones vc_custom_1611649768217 vc_row-has-fill\"><div class=\"wpb_column vc_column_container vc_col-sm-12\"><div class=\"vc_column-inner\"><div class=\"wpb_wrapper\"><h2 style=\"color: #ffffff;text-align: center;font-family:Ubuntu;font-weight:700;font-style:normal\" class=\"vc_custom_heading vc_do_custom_heading sombraTitulo cabeceramovil\" >AJUNTAMENT D'ELX<\/h2><\/div><\/div><\/div><\/div><div class=\"vc_row-full-width vc_clearfix\"><\/div><\/div>[\/vc_column][\/vc_row][vc_row][vc_column]<div class=\"templatera_shortcode\"><div id=\"bloque_menu_enlaces\" data-vc-full-width=\"true\" data-vc-full-width-init=\"false\" data-vc-stretch-content=\"true\" class=\"vc_row wpb_row vc_row-fluid bloquemnuestop vc_custom_1629977340156 vc_row-has-fill vc_row-no-padding\"><div class=\"wpb_column vc_column_container vc_col-sm-12\"><div class=\"vc_column-inner\"><div class=\"wpb_wrapper\">\r\n        \r\n        <a class=\"menuVC\"  href=\"https:\/\/www.elche.es\/va\/ajuntament-delx\/organizacio-municipal\/\"> <span> Organitzaci\u00f3 <\/span><\/a>\r\n        \r\n        <a class=\"menuVC\"  href=\"https:\/\/www.elche.es\/va\/ajuntament-delx\/corporacio-municipal\/\"> <span> Corporaci\u00f3 <\/span><\/a>\r\n        \r\n        <a class=\"menuVC\"  href=\"https:\/\/www.elche.es\/va\/ajuntament-delx\/composicio-del-govern-municipal\/\"> <span> El Ple <\/span><\/a>\r\n        \r\n        <a class=\"menuVC\"  href=\"https:\/\/www.elche.es\/va\/ajuntament-delx\/grups-politics\/\"> <span> Grups pol\u00edtics <\/span><\/a>\r\n        \r\n        <a class=\"menuVC\"  href=\"https:\/\/www.elche.es\/va\/ajuntament-delx\/societats-municipals\/\"> <span> Societats municipals <\/span><\/a>\r\n        \r\n        <a class=\"menuVC\"  href=\"https:\/\/www.elche.es\/va\/ajuntament-delx\/plans-i-programes\/\"> <span> Plans i programes <\/span><\/a>\r\n        \r\n        <a class=\"menuVC\"  href=\"https:\/\/www.elche.es\/va\/ajuntament-delx\/informacion-sobre-actuaciones-de-los-miembros-de-la-oposicion-relacionadas-con-el-control-de-gobierno\/\"> <span> Control de govern <\/span><\/a>\r\n        \r\n        <a class=\"menuVC\"  href=\"https:\/\/www.elche.es\/va\/ajuntament-delx\/resolucions-judicials\/\"> <span> Resolucions judicials <\/span><\/a>\r\n        \r\n        <a class=\"menuVC\"  href=\"https:\/\/www.elche.es\/va\/agenda-institucional\/\"> <span> Agenda institucional <\/span><\/a><\/div><\/div><\/div><\/div><div class=\"vc_row-full-width vc_clearfix\"><\/div>\r\n<\/div>[\/vc_column][\/vc_row][vc_row full_width=&#8221;stretch_row&#8221; css=&#8221;.vc_custom_1475488224066{background-color: #dddde0 !important;}&#8221;][vc_column offset=&#8221;vc_hidden-sm vc_hidden-xs&#8221;][vc_column_text]<nav aria-label=\"breadcrumbs\">\n            <div class=\"breadcrumb-container theme1\">\n                <ol>\n                                    <\/ol>\n            <\/div>\n        <\/nav>    <script type=\"application\/ld+json\">\n        {\n            \"@context\": \"http:\/\/schema.org\",\n            \"@type\": \"BreadcrumbList\",\n            \"itemListElement\": [\n                            ]\n        }\n    <\/script>\n    <style type=\"text\/css\">\n        .breadcrumb-container {\n            font-size: 13px;\n        }\n\n        .breadcrumb-container ul {\n            margin: 0;\n            padding: 0;\n        }\n\n        .breadcrumb-container li {\n            box-sizing: unset;\n            display: inline-block;\n            margin: 0;\n            padding: 0;\n        }\n\n        .breadcrumb-container li a {\n            box-sizing: unset;\n            padding: 0 10px;\n        }\n\n        .breadcrumb-container {\n            font-size: 3 !important;\n                    }\n\n        .breadcrumb-container li a {\n            color: #0a0a0a !important;\n            font-size: 3 !important;\n            line-height: 3 !important;\n                    }\n\n        .breadcrumb-container li .separator {\n            font-size: 3 !important;\n                    }\n\n        .breadcrumb-container li:last-child .separator {\n            display: none;\n        }\n    <\/style>\n    <style type=\"text\/css\">\n        .breadcrumb-container.theme1 li {\n            margin: 0;\n            padding: 0;\n        }\n        .breadcrumb-container.theme1 a {\n            background: ;\n            display: inline-block;\n            margin: 0 5px;\n            padding: 5px 10px;\n            text-decoration: none;\n        }\n    <\/style>\n        <style type=\"text\/css\">\n            <\/style>\n    <script>\n            <\/script>\n[\/vc_column_text][\/vc_column][\/vc_row][vc_row][vc_column]<h3 class=\"sc_title sc_title_regular transparenciastitulos \">Viatges. Despeses per despla\u00e7ament i manutenci\u00f3<\/h3>[vc_column_text]<\/p>\n<h5><strong>Corporaci\u00f3 municipal<\/strong><\/h5>\n<hr \/>\n<h5><\/h5>\n<p>[\/vc_column_text][\/vc_column][\/vc_row][vc_row][vc_column][vc_raw_html]JTNDc2NyaXB0JTIwaWQlM0QlMjJpbmZvZ3JhbV8wX2NjNDgyNDc5LWZkNjMtNDE0Zi1iMjM4LTNkYzQ1MjViODE0ZiUyMiUyMHRpdGxlJTNEJTIyVklBSkVTJTIwWSUyMERFU1BMQVpBTUlFTlRPUyUyMiUyMHNyYyUzRCUyMmh0dHBzJTNBJTJGJTJGZS5pbmZvZ3JhbS5jb20lMkZqcyUyRmRpc3QlMkZlbWJlZC5qcyUzRjgzOCUyMiUyMHR5cGUlM0QlMjJ0ZXh0JTJGamF2YXNjcmlwdCUyMiUzRSUzQyUyRnNjcmlwdCUzRSUzQ2RpdiUyMHN0eWxlJTNEJTIycGFkZGluZyUzQThweCUyMDAlM0Jmb250LWZhbWlseSUzQUFyaWFsJTIxaW1wb3J0YW50JTNCZm9udC1zaXplJTNBMTNweCUyMWltcG9ydGFudCUzQmxpbmUtaGVpZ2h0JTNBMTVweCUyMWltcG9ydGFudCUzQnRleHQtYWxpZ24lM0FjZW50ZXIlM0Jib3JkZXItdG9wJTNBMXB4JTIwc29saWQlMjAlMjNkYWRhZGElM0JtYXJnaW4lM0EwJTIwMzBweCUyMiUzRSUzQ2ElMjBocmVmJTNEJTIyaHR0cHMlM0ElMkYlMkZpbmZvZ3JhbS5jb20lMkZjYzQ4MjQ3OS1mZDYzLTQxNGYtYjIzOC0zZGM0NTI1YjgxNGYlMjIlMjBzdHlsZSUzRCUyMmNvbG9yJTNBJTIzOTg5ODk4JTIxaW1wb3J0YW50JTNCdGV4dC1kZWNvcmF0aW9uJTNBbm9uZSUyMWltcG9ydGFudCUzQiUyMiUyMHRhcmdldCUzRCUyMl9ibGFuayUyMiUzRVZJQUpFUyUyMFklMjBERVNQTEFaQU1JRU5UT1MlM0MlMkZhJTNFJTNDYnIlM0UlM0NhJTIwaHJlZiUzRCUyMmh0dHBzJTNBJTJGJTJGaW5mb2dyYW0uY29tJTIyJTIwc3R5bGUlM0QlMjJjb2xvciUzQSUyMzk4OTg5OCUyMWltcG9ydGFudCUzQnRleHQtZGVjb3JhdGlvbiUzQW5vbmUlMjFpbXBvcnRhbnQlM0IlMjIlMjB0YXJnZXQlM0QlMjJfYmxhbmslMjIlMjByZWwlM0QlMjJub2ZvbGxvdyUyMiUzRUluZm9ncmFtJTNDJTJGYSUzRSUzQyUyRmRpdiUzRQ==[\/vc_raw_html][\/vc_column][\/vc_row][vc_row el_class=&#8221;oculto&#8221;][vc_column][vc_raw_html]JTNDJTIxLS0lMjBQbGFjZSUyMHRoaXMlMjB0YWclMjB3aGVyZSUyMHlvdSUyMHdhbnQlMjB0aGUlMjBBd2Vzb21lJTIwVGFibGUlMjBXaWRnZXQlMjB0byUyMHJlbmRlciUyMC0tJTNFJTBBJTNDZGl2JTIwZGF0YS10eXBlJTNEJTIyQXdlc29tZVRhYmxlVmlldyUyMiUyMGRhdGEtZmlsdGVycyUzRCUyMiUyMiUyMGRhdGEtdmlld0lEJTNEJTIyLU1DZnF2eDd3ZFVwdE8yR0hXTkQlMjIlM0UlM0MlMkZkaXYlM0UlMEElM0MlMjEtLSUyMFBsYWNlJTIwdGhpcyUyMHRhZyUyMGluJTIweW91ciUyMGhlYWQlMjBvciUyMGp1c3QlMjBiZWZvcmUlMjB5b3VyJTIwY2xvc2UlMjBib2R5JTIwdGFnLiUyMC0tJTNFJTBBJTNDc2NyaXB0JTIwc3JjJTNEJTIyaHR0cHMlM0ElMkYlMkZhd2Vzb21lLXRhYmxlLmNvbSUyRkF3ZXNvbWVUYWJsZUluY2x1ZGUuanMlMjIlM0UlM0MlMkZzY3JpcHQlM0U=[\/vc_raw_html][\/vc_column][\/vc_row]<\/p>\n<\/div>","protected":false},"excerpt":{"rendered":"AJUNTAMENT D'ELX Organitzaci\u00f3 Corporaci\u00f3 El Ple Grups pol\u00edtics Societats municipals Plans i programes Control de govern Resolucions judicials Agenda institucional Viatges. Despeses per despla\u00e7ament i manutenci\u00f3 Corporaci\u00f3 municipal VIAJES Y [...]","protected":false},"author":144,"featured_media":0,"parent":6804,"menu_order":0,"comment_status":"closed","ping_status":"closed","template":"","meta":{"footnotes":""},"class_list":["post-178442","page","type-page","status-publish","hentry"],"_links":{"self":[{"href":"https:\/\/www.elche.es\/va\/wp-json\/wp\/v2\/pages\/178442","targetHints":{"allow":["GET"]}}],"collection":[{"href":"https:\/\/www.elche.es\/va\/wp-json\/wp\/v2\/pages"}],"about":[{"href":"https:\/\/www.elche.es\/va\/wp-json\/wp\/v2\/types\/page"}],"author":[{"embeddable":true,"href":"https:\/\/www.elche.es\/va\/wp-json\/wp\/v2\/users\/144"}],"replies":[{"embeddable":true,"href":"https:\/\/www.elche.es\/va\/wp-json\/wp\/v2\/comments?post=178442"}],"version-history":[{"count":4,"href":"https:\/\/www.elche.es\/va\/wp-json\/wp\/v2\/pages\/178442\/revisions"}],"predecessor-version":[{"id":316433,"href":"https:\/\/www.elche.es\/va\/wp-json\/wp\/v2\/pages\/178442\/revisions\/316433"}],"up":[{"embeddable":true,"href":"https:\/\/www.elche.es\/va\/wp-json\/wp\/v2\/pages\/6804"}],"wp:attachment":[{"href":"https:\/\/www.elche.es\/va\/wp-json\/wp\/v2\/media?parent=178442"}],"curies":[{"name":"wp","href":"https:\/\/api.w.org\/{rel}","templated":true}]}}