{"id":178446,"date":"2022-03-02T10:00:52","date_gmt":"2022-03-02T08:00:52","guid":{"rendered":"https:\/\/www.elche.es\/?page_id=178446"},"modified":"2025-07-02T14:30:18","modified_gmt":"2025-07-02T12:30:18","slug":"sueldos-publicos","status":"publish","type":"page","link":"https:\/\/www.elche.es\/va\/transparencia-govern-obert\/informacion-institucional-y-organizativa\/carrecs-personal-i-retribucions\/sueldos-publicos\/","title":{"rendered":"Retribucions dels membres de la corporaci\u00f3 municipal"},"content":{"rendered":"<div class=\"wpb-content-wrapper\"><p>[vc_row][vc_column][\/vc_column][\/vc_row][vc_row][vc_column][\/vc_column][\/vc_row][vc_row full_width=&#8221;stretch_row&#8221; css=&#8221;.vc_custom_1475486881904{background-color: #dddde0 !important;}&#8221;][vc_column offset=&#8221;vc_hidden-sm vc_hidden-xs&#8221;][vc_column_text]<nav aria-label=\"breadcrumbs\">\n            <div class=\"breadcrumb-container theme1\">\n                <ol>\n                                    <\/ol>\n            <\/div>\n        <\/nav>    <script type=\"application\/ld+json\">\n        {\n            \"@context\": \"http:\/\/schema.org\",\n            \"@type\": \"BreadcrumbList\",\n            \"itemListElement\": [\n                            ]\n        }\n    <\/script>\n    <style type=\"text\/css\">\n        .breadcrumb-container {\n            font-size: 13px;\n        }\n\n        .breadcrumb-container ul {\n            margin: 0;\n            padding: 0;\n        }\n\n        .breadcrumb-container li {\n            box-sizing: unset;\n            display: inline-block;\n            margin: 0;\n            padding: 0;\n        }\n\n        .breadcrumb-container li a {\n            box-sizing: unset;\n            padding: 0 10px;\n        }\n\n        .breadcrumb-container {\n            font-size: 3 !important;\n                    }\n\n        .breadcrumb-container li a {\n            color: #0a0a0a !important;\n            font-size: 3 !important;\n            line-height: 3 !important;\n                    }\n\n        .breadcrumb-container li .separator {\n            font-size: 3 !important;\n                    }\n\n        .breadcrumb-container li:last-child .separator {\n            display: none;\n        }\n    <\/style>\n    <style type=\"text\/css\">\n        .breadcrumb-container.theme1 li {\n            margin: 0;\n            padding: 0;\n        }\n        .breadcrumb-container.theme1 a {\n            background: ;\n            display: inline-block;\n            margin: 0 5px;\n            padding: 5px 10px;\n            text-decoration: none;\n        }\n    <\/style>\n        <style type=\"text\/css\">\n            <\/style>\n    <script>\n            <\/script>\n[\/vc_column_text][\/vc_column][\/vc_row][vc_row css=&#8221;.vc_custom_1687274088658{margin-top: 30px !important;}&#8221;][vc_column][\/vc_column][\/vc_row][vc_row][vc_column]<h1 class=\"sc_title sc_title_regular transparenciastitulos margin_bottom_null\">Sous P\u00fablics<\/h1>[vc_column_text css=&#8221;.vc_custom_1697458299741{margin-top: 0px !important;margin-bottom: 30px !important;padding-top: 0px !important;}&#8221; el_class=&#8221;oculto&#8221;]<em><strong>Pagaments mensuals bruts de l&#8217;exercici corrent.<\/strong><\/em>[\/vc_column_text]\r\n        <p>\r\n        <span class=\"enlaces-titulo\"> Retribucions i indemnitzacions dels regidors <\/span> <span><a class=\"enlaces-link\" target='_blank'href=\"https:\/\/www.elche.es\/wp-content\/uploads\/2023\/07\/Certificado_acuerdo-Retribuciones-concejales.pdf \">Veure enlla\u00e7<\/a><\/span>\r\n        <br>\r\n        <span class=\"enlaces-descripcion\"><\/span>\r\n        <\/p>\r\n        <hr class=\"enlaces-separador\">\r\n        \r\n        <p>\r\n        <span class=\"enlaces-titulo\"> R\u00e8gim de dedicaci\u00f3 dels regidors <\/span> <span><a class=\"enlaces-link\" target='_blank'href=\"https:\/\/www.elche.es\/wp-content\/uploads\/2023\/06\/Resolucion-regimen-dedicacion-concejales.pdf \">Veure enlla\u00e7<\/a><\/span>\r\n        <br>\r\n        <span class=\"enlaces-descripcion\"><\/span>\r\n        <\/p>\r\n        <hr class=\"enlaces-separador\">\r\n        [vc_column_text]<\/p>\n<hr \/>\n<p>[\/vc_column_text][vc_empty_space][\/vc_column][\/vc_row][vc_row el_class=&#8221;margenbajo60&#8243;][vc_column width=&#8221;1\/6&#8243;][vc_single_image image=&#8221;158615&#8243; img_size=&#8221;&#8221;][\/vc_column][vc_column width=&#8221;5\/6&#8243;]<div class=\"sc_toggles toggles \"><div class=\"sc_toggles_item odd first\"><h5 class=\"sc_toggles_title\"><span class=\"sc_toggles_icon sc_toggles_icon_closed icon-plus\"><\/span><span class=\"sc_toggles_icon sc_toggles_icon_opened icon-minus\"><\/span>Pablo Ruz Villanueva<\/h5><div class=\"sc_toggles_content\">\n\t<div class=\"wpb_text_column wpb_content_element &#8221;bloquetoggle&#8221;\" >\n\t\t<div class=\"wpb_wrapper\">\n\t\t\t<p><strong>Alcalde<\/strong><\/p>\n<p>Dedicaci\u00f3 exclusiva (Anual): 65.221,52 \u20ac<\/p>\n\n\t\t<\/div>\n\t<\/div>\n<\/div><\/div><div class=\"sc_toggles_item even\"><h5 class=\"sc_toggles_title\"><span class=\"sc_toggles_icon sc_toggles_icon_closed icon-plus\"><\/span><span class=\"sc_toggles_icon sc_toggles_icon_opened icon-minus\"><\/span>Francisco Jos\u00e9 Soler Obrero<\/h5><div class=\"sc_toggles_content\">\n\t<div class=\"wpb_text_column wpb_content_element &#8221;bloquetoggle&#8221;\" >\n\t\t<div class=\"wpb_wrapper\">\n\t\t\t<p>Vicealcalde i Regidor d&#8217;Estrat\u00e8gia Municipal<br \/>\nPrimer Tinent d&#8217;Alcalde<\/p>\n<p>Dedicaci\u00f3 exclusiva (Anual): 50.143,52 \u20ac<\/p>\n\n\t\t<\/div>\n\t<\/div>\n<\/div><\/div><div class=\"sc_toggles_item odd\"><h5 class=\"sc_toggles_title\"><span class=\"sc_toggles_icon sc_toggles_icon_closed icon-plus\"><\/span><span class=\"sc_toggles_icon sc_toggles_icon_opened icon-minus\"><\/span>Inmaculada Mora Madrid<\/h5><div class=\"sc_toggles_content\">\n\t<div class=\"wpb_text_column wpb_content_element &#8221;bloquetoggle&#8221;\" >\n\t\t<div class=\"wpb_wrapper\">\n\t\t\t<p><strong>Regidora de Festejos i Sanitat<br \/>\nQuarta Tinenta d&#8217;Alcalde<\/strong><\/p>\n<p>Dedicaci\u00f3 exclusiva (Anual): 53.927,96 \u20ac<\/p>\n\n\t\t<\/div>\n\t<\/div>\n<\/div><\/div><div class=\"sc_toggles_item even\"><h5 class=\"sc_toggles_title\"><span class=\"sc_toggles_icon sc_toggles_icon_closed icon-plus\"><\/span><span class=\"sc_toggles_icon sc_toggles_icon_opened icon-minus\"><\/span>Jos\u00e9 Claudio Guilabert G\u00f3mez<\/h5><div class=\"sc_toggles_content\">\n\t<div class=\"wpb_text_column wpb_content_element &#8221;bloquetoggle&#8221;\" >\n\t\t<div class=\"wpb_wrapper\">\n\t\t\t<p><strong>Regidor de Servicis i Espais p\u00fablics, Innovaci\u00f3, Contratactaci\u00f3 i Fons Europeus<\/strong><br \/>\n<strong>Segon Tinent d&#8217;Alcalde<\/strong><\/p>\n<p>Dedicaci\u00f3 exclusiva (Anual): 52.792,76 \u20ac<\/p>\n\n\t\t<\/div>\n\t<\/div>\n<\/div><\/div><div class=\"sc_toggles_item odd\"><h5 class=\"sc_toggles_title\"><span class=\"sc_toggles_icon sc_toggles_icon_closed icon-plus\"><\/span><span class=\"sc_toggles_icon sc_toggles_icon_opened icon-minus\"><\/span>Celia Lastra D\u00edaz<\/h5><div class=\"sc_toggles_content\">\n\t<div class=\"wpb_text_column wpb_content_element &#8221;bloquetoggle&#8221;\" >\n\t\t<div class=\"wpb_wrapper\">\n\t\t\t<p><strong>Regidora d&#8217;Acci\u00f3 Social <\/strong><br \/>\n<strong>Setena Tinenta d&#8217;Alcalde<\/strong><\/p>\n<p>Dedicaci\u00f3 exclusiva (Anual): 50.143,52 \u20ac<\/p>\n\n\t\t<\/div>\n\t<\/div>\n<\/div><\/div><div class=\"sc_toggles_item even\"><h5 class=\"sc_toggles_title\"><span class=\"sc_toggles_icon sc_toggles_icon_closed icon-plus\"><\/span><span class=\"sc_toggles_icon sc_toggles_icon_opened icon-minus\"><\/span>Juan de Dios Navarro Caballero<\/h5><div class=\"sc_toggles_content\">\n\t<div class=\"wpb_text_column wpb_content_element &#8221;bloquetoggle&#8221;\" >\n\t\t<div class=\"wpb_wrapper\">\n\t\t\t<p><strong>Regidor de Relacions Institucionals, Recurs Humans i Aig\u00fces<br \/>\nCinqu\u00e9 Tinent d&#8217;Alcalde<br \/>\n<\/strong>Sense dedicaci\u00f3. Retribuci\u00f3 anual per tinen\u00e7a d&#8217;Alcadia 14.581,56 \u20ac i dietes per assist\u00e8ncia a Comissions (94,61\u20ac), Plens (299,82 \u20ac) i Junta de Govern (302,74 \u20ac)<\/p>\n\n\t\t<\/div>\n\t<\/div>\n<\/div><\/div><div class=\"sc_toggles_item odd\"><h5 class=\"sc_toggles_title\"><span class=\"sc_toggles_icon sc_toggles_icon_closed icon-plus\"><\/span><span class=\"sc_toggles_icon sc_toggles_icon_opened icon-minus\"><\/span>Irene Ruiz Nortes<\/h5><div class=\"sc_toggles_content\">\n\t<div class=\"wpb_text_column wpb_content_element &#8221;bloquetoggle&#8221;\" >\n\t\t<div class=\"wpb_wrapper\">\n\t\t\t<p><strong>Regidora de Turisme i Cultura<\/strong><\/p>\n<p>Dedicaci\u00f3 exclusiva (Anual): 45.997,00 \u20ac<\/p>\n\n\t\t<\/div>\n\t<\/div>\n<\/div><\/div><div class=\"sc_toggles_item even\"><h5 class=\"sc_toggles_title\"><span class=\"sc_toggles_icon sc_toggles_icon_closed icon-plus\"><\/span><span class=\"sc_toggles_icon sc_toggles_icon_opened icon-minus\"><\/span>M\u00aa Dolores Serna Serrano<\/h5><div class=\"sc_toggles_content\">\n\t<div class=\"wpb_text_column wpb_content_element &#8221;bloquetoggle&#8221;\" >\n\t\t<div class=\"wpb_wrapper\">\n\t\t\t<p><strong>Regidora de Transpar\u00e8ncia, Participaci\u00f3, Districtes, Biblioteques, Mercats i Mercats ambulants<\/strong><br \/>\n<strong>Huitena Tinenta d&#8217;Alcalde<\/strong><\/p>\n<p>Dedicaci\u00f3 exclusiva (Anual): 50.143,52 \u20ac<\/p>\n\n\t\t<\/div>\n\t<\/div>\n<\/div><\/div><div class=\"sc_toggles_item odd\"><h5 class=\"sc_toggles_title\"><span class=\"sc_toggles_icon sc_toggles_icon_closed icon-plus\"><\/span><span class=\"sc_toggles_icon sc_toggles_icon_opened icon-minus\"><\/span>Mar\u00eda Bonmat\u00ed Amor\u00f3s<\/h5><div class=\"sc_toggles_content\">\n\t<div class=\"wpb_text_column wpb_content_element &#8221;bloquetoggle&#8221;\" >\n\t\t<div class=\"wpb_wrapper\">\n\t\t\t<p><strong>Regidora d&#8217;Educaci\u00f3, Joventut i Discapacitat<\/strong><br \/>\n<strong>Novena Tinenta d&#8217;Alcalde<\/strong><\/p>\n<p>Dedicaci\u00f3 exclusiva (Anual): 50.143,52 \u20ac<\/p>\n\n\t\t<\/div>\n\t<\/div>\n<\/div><\/div><div class=\"sc_toggles_item even\"><h5 class=\"sc_toggles_title\"><span class=\"sc_toggles_icon sc_toggles_icon_closed icon-plus\"><\/span><span class=\"sc_toggles_icon sc_toggles_icon_opened icon-minus\"><\/span>Caridad Mart\u00ednez Hern\u00e1ndez<\/h5><div class=\"sc_toggles_content\">\n\t<div class=\"wpb_text_column wpb_content_element &#8221;bloquetoggle&#8221;\" >\n\t\t<div class=\"wpb_wrapper\">\n\t\t\t<p><strong>Regidora Dona, Comer\u00e7, Hosteleria i d&#8217;Obertures<\/strong><br \/>\nDedicaci\u00f3 exclusiva (Anual) 45.997,00 \u20ac<strong><br \/>\n<\/strong><\/p>\n\n\t\t<\/div>\n\t<\/div>\n<\/div><\/div><div class=\"sc_toggles_item odd\"><h5 class=\"sc_toggles_title\"><span class=\"sc_toggles_icon sc_toggles_icon_closed icon-plus\"><\/span><span class=\"sc_toggles_icon sc_toggles_icon_opened icon-minus\"><\/span>Jos\u00e9 Antonio Rom\u00e1n Benticuaga<\/h5><div class=\"sc_toggles_content\">\n\t<div class=\"wpb_text_column wpb_content_element &#8221;bloquetoggle&#8221;\" >\n\t\t<div class=\"wpb_wrapper\">\n\t\t\t<p><strong>Regidor d&#8217;Esports i Medi Ambient<\/strong><br \/>\nDedicaci\u00f3 parcial 75% (Anual) 34.497,75 \u20ac<strong><br \/>\n<\/strong><\/p>\n\n\t\t<\/div>\n\t<\/div>\n<\/div><\/div><\/div>[\/vc_column][\/vc_row][vc_row el_class=&#8221;margenbajo60&#8243;][vc_column width=&#8221;1\/6&#8243;][vc_single_image image=&#8221;158662&#8243; img_size=&#8221;&#8221;][\/vc_column][vc_column width=&#8221;5\/6&#8243;]<div class=\"sc_toggles toggles \"><div class=\"sc_toggles_item odd first\"><h5 class=\"sc_toggles_title\"><span class=\"sc_toggles_icon sc_toggles_icon_closed icon-plus\"><\/span><span class=\"sc_toggles_icon sc_toggles_icon_opened icon-minus\"><\/span>Aurora Rodil Mart\u00ednez<\/h5><div class=\"sc_toggles_content\">\n\t<div class=\"wpb_text_column wpb_content_element &#8221;bloquetoggle&#8221;\" >\n\t\t<div class=\"wpb_wrapper\">\n\t\t\t<p><strong>Regidora de Fam\u00edlia i Majors<\/strong><br \/>\n<strong>Tercera Tinenta d&#8217;Alcalde<\/strong><\/p>\n<p>Dedicaci\u00f3 75% (Anual): 41.392,08 \u20ac<\/p>\n\n\t\t<\/div>\n\t<\/div>\n<\/div><\/div><div class=\"sc_toggles_item even\"><h5 class=\"sc_toggles_title\"><span class=\"sc_toggles_icon sc_toggles_icon_closed icon-plus\"><\/span><span class=\"sc_toggles_icon sc_toggles_icon_opened icon-minus\"><\/span>Samuel Ruiz Tena<\/h5><div class=\"sc_toggles_content\">\n\t<div class=\"wpb_text_column wpb_content_element &#8221;bloquetoggle&#8221;\" >\n\t\t<div class=\"wpb_wrapper\">\n\t\t\t<p><strong>Regidor de Promoci\u00f3 Econ\u00f2mica, Formaci\u00f3 i Ocupaci\u00f3<\/strong><br \/>\n<strong>Sis\u00e9 Tinent d&#8217;Alcalde<\/strong><\/p>\n<p>Dedicaci\u00f3 exclusiva (Anual): 52.792,76 \u20ac<\/p>\n\n\t\t<\/div>\n\t<\/div>\n<\/div><\/div><div class=\"sc_toggles_item odd\"><h5 class=\"sc_toggles_title\"><span class=\"sc_toggles_icon sc_toggles_icon_closed icon-plus\"><\/span><span class=\"sc_toggles_icon sc_toggles_icon_opened icon-minus\"><\/span>Pedro Jos\u00e9 S\u00e1ez S\u00e1nchez<\/h5><div class=\"sc_toggles_content\" style=\"````\">\n\t<div class=\"wpb_text_column wpb_content_element &#8221;bloquetoggle&#8221;\" >\n\t\t<div class=\"wpb_wrapper\">\n\t\t\t<p><strong>Regidor de Pedanies, Camp d&#8217;Elx i Vertebraci\u00f3 Territorial<\/strong><\/p>\n<span class=\"veosueldo veosueldo_es\">Dedicaci\u00f3n 100% (Anual):  \u20ac<\/span> \r\n<span class=\"veosueldo veosueldo_va\">Dedicaci\u00f3 100% (Anual):   \u20ac<\/span>\n\n\t\t<\/div>\n\t<\/div>\n<\/div><\/div><\/div>[\/vc_column][\/vc_row][vc_row el_class=&#8221;margenbajo60&#8243;][vc_column width=&#8221;1\/6&#8243;][vc_single_image image=&#8221;158603&#8243; img_size=&#8221;&#8221;][\/vc_column][vc_column width=&#8221;5\/6&#8243;]<div class=\"sc_toggles toggles \"><div class=\"sc_toggles_item odd first\"><h5 class=\"sc_toggles_title\"><span class=\"sc_toggles_icon sc_toggles_icon_closed icon-plus\"><\/span><span class=\"sc_toggles_icon sc_toggles_icon_opened icon-minus\"><\/span>Carlos Gonz\u00e1lez Serna<\/h5><div class=\"sc_toggles_content\">\n\t<div class=\"wpb_text_column wpb_content_element &#8221;bloquetoggle&#8221;\" >\n\t\t<div class=\"wpb_wrapper\">\n\t\t\t<p><strong>Regidor<\/strong><\/p>\n<p>Dedicaci\u00f3 parcial (75%): 34.497,75 \u20ac<\/p>\n\n\t\t<\/div>\n\t<\/div>\n<\/div><\/div><div class=\"sc_toggles_item even\"><h5 class=\"sc_toggles_title\"><span class=\"sc_toggles_icon sc_toggles_icon_closed icon-plus\"><\/span><span class=\"sc_toggles_icon sc_toggles_icon_opened icon-minus\"><\/span>Mar\u00eda Jos\u00e9 Mart\u00ednez Guti\u00e9rrez<\/h5><div class=\"sc_toggles_content\">\n\t<div class=\"wpb_text_column wpb_content_element &#8221;bloquetoggle&#8221;\" >\n\t\t<div class=\"wpb_wrapper\">\n\t\t\t<p><strong>Regidora<\/strong><\/p>\n<p>Dedicaci\u00f3 exclusiva (Anual): 45.997,00 \u20ac<\/p>\n\n\t\t<\/div>\n\t<\/div>\n<\/div><\/div><div class=\"sc_toggles_item odd\"><h5 class=\"sc_toggles_title\"><span class=\"sc_toggles_icon sc_toggles_icon_closed icon-plus\"><\/span><span class=\"sc_toggles_icon sc_toggles_icon_opened icon-minus\"><\/span>H\u00e9ctor D\u00edez P\u00e9rez<\/h5><div class=\"sc_toggles_content\">\n\t<div class=\"wpb_text_column wpb_content_element &#8221;bloquetoggle&#8221;\" >\n\t\t<div class=\"wpb_wrapper\">\n\t\t\t<p><strong>Regidor<\/strong><\/p>\n<p>Dedicaci\u00f3 exclusiva (Anual): 49.781,44 \u20ac<\/p>\n\n\t\t<\/div>\n\t<\/div>\n<\/div><\/div><div class=\"sc_toggles_item even\"><h5 class=\"sc_toggles_title\"><span class=\"sc_toggles_icon sc_toggles_icon_closed icon-plus\"><\/span><span class=\"sc_toggles_icon sc_toggles_icon_opened icon-minus\"><\/span>Patricia Maci\u00e1 Mateu<\/h5><div class=\"sc_toggles_content\">\n\t<div class=\"wpb_text_column wpb_content_element &#8221;bloquetoggle&#8221;\" >\n\t\t<div class=\"wpb_wrapper\">\n\t\t\t<p><strong>Regidora<\/strong><\/p>\n<p>Dedicaci\u00f3 exclusiva (Anual): 45.997,00 \u20ac<\/p>\n\n\t\t<\/div>\n\t<\/div>\n<\/div><\/div><div class=\"sc_toggles_item odd\"><h5 class=\"sc_toggles_title\"><span class=\"sc_toggles_icon sc_toggles_icon_closed icon-plus\"><\/span><span class=\"sc_toggles_icon sc_toggles_icon_opened icon-minus\"><\/span>Mariano Valera Pastor<\/h5><div class=\"sc_toggles_content\">\n\t<div class=\"wpb_text_column wpb_content_element &#8221;bloquetoggle&#8221;\" >\n\t\t<div class=\"wpb_wrapper\">\n\t\t\t<p><strong>Regidor<\/strong><\/p>\n<p>Dedicaci\u00f3 exclusiva (Anual): 48.646,24 \u20ac<\/p>\n\n\t\t<\/div>\n\t<\/div>\n<\/div><\/div><div class=\"sc_toggles_item even\"><h5 class=\"sc_toggles_title\"><span class=\"sc_toggles_icon sc_toggles_icon_closed icon-plus\"><\/span><span class=\"sc_toggles_icon sc_toggles_icon_opened icon-minus\"><\/span>Maria Dolores Galiana P\u00e9rez<\/h5><div class=\"sc_toggles_content\">\n\t<div class=\"wpb_text_column wpb_content_element &#8221;bloquetoggle&#8221;\" >\n\t\t<div class=\"wpb_wrapper\">\n\t\t\t<p><strong>Regidora<\/strong><\/p>\n<p>Dedicaci\u00f3 50% (Anual): 22.998,50 \u20ac<\/p>\n\n\t\t<\/div>\n\t<\/div>\n<\/div><\/div><div class=\"sc_toggles_item odd\"><h5 class=\"sc_toggles_title\"><span class=\"sc_toggles_icon sc_toggles_icon_closed icon-plus\"><\/span><span class=\"sc_toggles_icon sc_toggles_icon_opened icon-minus\"><\/span>Francisco Rubio Delgado<\/h5><div class=\"sc_toggles_content\">\n\t<div class=\"wpb_text_column wpb_content_element &#8221;bloquetoggle&#8221;\" >\n\t\t<div class=\"wpb_wrapper\">\n\t\t\t<p><strong>Regidor<\/strong><\/p>\n<p>Sense dedicaci\u00f3, nom\u00e9s cobra les dietes per assist\u00e8ncia a Plens i Comissions (94,61 \u20ac per Comissi\u00f3. 302.,74 \u20ac per sessi\u00f3 de Ple)<\/p>\n\n\t\t<\/div>\n\t<\/div>\n<\/div><\/div><div class=\"sc_toggles_item even\"><h5 class=\"sc_toggles_title\"><span class=\"sc_toggles_icon sc_toggles_icon_closed icon-plus\"><\/span><span class=\"sc_toggles_icon sc_toggles_icon_opened icon-minus\"><\/span>Ana M\u00aa Arabid Mayorga<\/h5><div class=\"sc_toggles_content\">\n\t<div class=\"wpb_text_column wpb_content_element &#8221;bloquetoggle&#8221;\" >\n\t\t<div class=\"wpb_wrapper\">\n\t\t\t<p><strong>Regidora<br \/>\n<\/strong><\/p>\n<p>Dedicaci\u00f3 50% (Anual): 22.998,50 \u20ac<\/p>\n\n\t\t<\/div>\n\t<\/div>\n<\/div><\/div><div class=\"sc_toggles_item odd\"><h5 class=\"sc_toggles_title\"><span class=\"sc_toggles_icon sc_toggles_icon_closed icon-plus\"><\/span><span class=\"sc_toggles_icon sc_toggles_icon_opened icon-minus\"><\/span>Vicente Alberola Gonz\u00e1lvez<\/h5><div class=\"sc_toggles_content\">\n\t<div class=\"wpb_text_column wpb_content_element &#8221;bloquetoggle&#8221;\" >\n\t\t<div class=\"wpb_wrapper\">\n\t\t\t<p><strong>Regidor<\/strong><\/p>\n<p>Dedicaci\u00f3 exclusiva (Anual): 45.997,00 \u20ac<\/p>\n\n\t\t<\/div>\n\t<\/div>\n<\/div><\/div><div class=\"sc_toggles_item even\"><h5 class=\"sc_toggles_title\"><span class=\"sc_toggles_icon sc_toggles_icon_closed icon-plus\"><\/span><span class=\"sc_toggles_icon sc_toggles_icon_opened icon-minus\"><\/span>Gema Fos M\u00ednguez<\/h5><div class=\"sc_toggles_content\">\n\t<div class=\"wpb_text_column wpb_content_element &#8221;bloquetoggle&#8221;\" >\n\t\t<div class=\"wpb_wrapper\">\n\t\t\t<p><strong>Regidora<\/strong><\/p>\n<p>Sense dedicaci\u00f3, nom\u00e9s cobra les dietes per assist\u00e8ncia a Plens i Comissions (94,61 \u20ac per Comissi\u00f3. 302,74 \u20ac per sessi\u00f3 de Ple)<\/p>\n\n\t\t<\/div>\n\t<\/div>\n<\/div><\/div><div class=\"sc_toggles_item odd\"><h5 class=\"sc_toggles_title\"><span class=\"sc_toggles_icon sc_toggles_icon_closed icon-plus\"><\/span><span class=\"sc_toggles_icon sc_toggles_icon_opened icon-minus\"><\/span>Iv\u00e1n G\u00f3mez Pe\u00f1alver<\/h5><div class=\"sc_toggles_content\">\n\t<div class=\"wpb_text_column wpb_content_element &#8221;bloquetoggle&#8221;\" >\n\t\t<div class=\"wpb_wrapper\">\n\t\t\t<p><strong>Regidor<\/strong><\/p>\n<p>Sense dedicaci\u00f3, nom\u00e9s cobra les dietes per assist\u00e8ncia a Plens i Comissions (94,61 \u20ac per Comissi\u00f3. 302,74 \u20ac per sessi\u00f3 de Ple)<\/p>\n\n\t\t<\/div>\n\t<\/div>\n<\/div><\/div><div class=\"sc_toggles_item even\"><h5 class=\"sc_toggles_title\"><span class=\"sc_toggles_icon sc_toggles_icon_closed icon-plus\"><\/span><span class=\"sc_toggles_icon sc_toggles_icon_opened icon-minus\"><\/span>Saray Huertas S\u00e1nchez<\/h5><div class=\"sc_toggles_content\">\n\t<div class=\"wpb_text_column wpb_content_element &#8221;bloquetoggle&#8221;\" >\n\t\t<div class=\"wpb_wrapper\">\n\t\t\t<p><strong>Regidora<\/strong><\/p>\n<p>Sense dedicaci\u00f3, nom\u00e9s cobra les dietes per assist\u00e8ncia a Plens i Comissions (94,61 \u20ac per Comissi\u00f3. 302,74 \u20ac per sessi\u00f3 de Ple)<\/p>\n\n\t\t<\/div>\n\t<\/div>\n<\/div><\/div><\/div>[\/vc_column][\/vc_row][vc_row el_class=&#8221;margenbajo60&#8243;][vc_column width=&#8221;1\/6&#8243;][vc_single_image image=&#8221;158659&#8243; img_size=&#8221;&#8221;][\/vc_column][vc_column width=&#8221;5\/6&#8243;]<div class=\"sc_toggles toggles \"><div class=\"sc_toggles_item odd first\"><h5 class=\"sc_toggles_title\"><span class=\"sc_toggles_icon sc_toggles_icon_closed icon-plus\"><\/span><span class=\"sc_toggles_icon sc_toggles_icon_opened icon-minus\"><\/span>Esther D\u00edez Valero<\/h5><div class=\"sc_toggles_content\">\n\t<div class=\"wpb_text_column wpb_content_element &#8221;bloquetoggle&#8221;\" >\n\t\t<div class=\"wpb_wrapper\">\n\t\t\t<p><strong>Regidora<\/strong><\/p>\n<p>Dedicaci\u00f3 exclusiva (Anual): 49.781,44 \u20ac<\/p>\n\n\t\t<\/div>\n\t<\/div>\n<\/div><\/div><\/div>[\/vc_column][\/vc_row][vc_row][vc_column][vc_empty_space height=&#8221;62px&#8221;][\/vc_column][\/vc_row]<\/p>\n<\/div>","protected":false},"excerpt":{"rendered":"Sous P\u00fablics Pagaments mensuals bruts de l'exercici corrent. Retribucions i indemnitzacions dels regidors Veure enlla\u00e7 R\u00e8gim de dedicaci\u00f3 dels regidors Veure enlla\u00e7 Pablo Ruz Villanueva Alcalde Dedicaci\u00f3 exclusiva (Anual): 65.221,52 [...]","protected":false},"author":144,"featured_media":0,"parent":195336,"menu_order":8,"comment_status":"closed","ping_status":"closed","template":"","meta":{"footnotes":""},"class_list":["post-178446","page","type-page","status-publish","hentry"],"_links":{"self":[{"href":"https:\/\/www.elche.es\/va\/wp-json\/wp\/v2\/pages\/178446","targetHints":{"allow":["GET"]}}],"collection":[{"href":"https:\/\/www.elche.es\/va\/wp-json\/wp\/v2\/pages"}],"about":[{"href":"https:\/\/www.elche.es\/va\/wp-json\/wp\/v2\/types\/page"}],"author":[{"embeddable":true,"href":"https:\/\/www.elche.es\/va\/wp-json\/wp\/v2\/users\/144"}],"replies":[{"embeddable":true,"href":"https:\/\/www.elche.es\/va\/wp-json\/wp\/v2\/comments?post=178446"}],"version-history":[{"count":5,"href":"https:\/\/www.elche.es\/va\/wp-json\/wp\/v2\/pages\/178446\/revisions"}],"predecessor-version":[{"id":340147,"href":"https:\/\/www.elche.es\/va\/wp-json\/wp\/v2\/pages\/178446\/revisions\/340147"}],"up":[{"embeddable":true,"href":"https:\/\/www.elche.es\/va\/wp-json\/wp\/v2\/pages\/195336"}],"wp:attachment":[{"href":"https:\/\/www.elche.es\/va\/wp-json\/wp\/v2\/media?parent=178446"}],"curies":[{"name":"wp","href":"https:\/\/api.w.org\/{rel}","templated":true}]}}