{"id":178482,"date":"2022-01-05T09:13:38","date_gmt":"2022-01-05T08:13:38","guid":{"rendered":"https:\/\/www.elche.es\/?page_id=178482"},"modified":"2022-11-21T10:45:59","modified_gmt":"2022-11-21T09:45:59","slug":"modificacions-aprovades","status":"publish","type":"page","link":"https:\/\/www.elche.es\/va\/urbanisme\/modificacions-aprovades\/","title":{"rendered":"Modificacions aprovades"},"content":{"rendered":"<div class=\"wpb-content-wrapper\"><p>[vc_row full_width=&#8221;stretch_row&#8221; css=&#8221;.vc_custom_1475488090109{background-color: #dddde0 !important;}&#8221;][vc_column][vc_column_text]<nav aria-label=\"breadcrumbs\">\n            <div class=\"breadcrumb-container theme1\">\n                <ol>\n                                    <\/ol>\n            <\/div>\n        <\/nav>    <script type=\"application\/ld+json\">\n        {\n            \"@context\": \"http:\/\/schema.org\",\n            \"@type\": \"BreadcrumbList\",\n            \"itemListElement\": [\n                            ]\n        }\n    <\/script>\n    <style type=\"text\/css\">\n        .breadcrumb-container {\n            font-size: 13px;\n        }\n\n        .breadcrumb-container ul {\n            margin: 0;\n            padding: 0;\n        }\n\n        .breadcrumb-container li {\n            box-sizing: unset;\n            display: inline-block;\n            margin: 0;\n            padding: 0;\n        }\n\n        .breadcrumb-container li a {\n            box-sizing: unset;\n            padding: 0 10px;\n        }\n\n        .breadcrumb-container {\n            font-size: 3 !important;\n                    }\n\n        .breadcrumb-container li a {\n            color: #0a0a0a !important;\n            font-size: 3 !important;\n            line-height: 3 !important;\n                    }\n\n        .breadcrumb-container li .separator {\n            font-size: 3 !important;\n                    }\n\n        .breadcrumb-container li:last-child .separator {\n            display: none;\n        }\n    <\/style>\n    <style type=\"text\/css\">\n        .breadcrumb-container.theme1 li {\n            margin: 0;\n            padding: 0;\n        }\n        .breadcrumb-container.theme1 a {\n            background: ;\n            display: inline-block;\n            margin: 0 5px;\n            padding: 5px 10px;\n            text-decoration: none;\n        }\n    <\/style>\n        <style type=\"text\/css\">\n            <\/style>\n    <script>\n            <\/script>\n[\/vc_column_text][\/vc_column][\/vc_row][vc_row full_width=&#8221;stretch_row&#8221; css=&#8221;.vc_custom_1469624147007{padding-top: 140px !important;padding-bottom: 140px !important;background-image: url(https:\/\/www.elche.es\/wp-content\/uploads\/2016\/07\/palmeral.png?id=1044) !important;}&#8221;][vc_column][vc_row_inner css=&#8221;.vc_custom_1475142298750{padding-right: 30px !important;padding-bottom: 30px !important;padding-left: 30px !important;background-color: #ffffff !important;}&#8221;][vc_column_inner][vc_custom_heading text=&#8221;Documentaci\u00f3 urban\u00edstica en tramitaci\u00f3&#8221; font_container=&#8221;tag:h3|text_align:left&#8221; use_theme_fonts=&#8221;yes&#8221; el_class=&#8221;enlaces-titulo-cabecera&#8221;]\r\n        <p>\r\n        <span class=\"enlaces-titulo\"> ESTUDI DE DETALL DE L'ILLA 3 DEL SECTOR E-21 DEL PLA GENERAL. <\/span> <span><a class=\"enlaces-link\" target='_blank'href=\"https:\/\/www.elche.es\/wp-content\/uploads\/2022\/11\/ED.-E-21.pdf \">Veure enlla\u00e7<\/a><\/span>\r\n        <br>\r\n        <span class=\"enlaces-descripcion\"><\/span>\r\n        <\/p>\r\n        <hr class=\"enlaces-separador\">\r\n        \r\n        <p>\r\n        <span class=\"enlaces-titulo\"> ESTUDI DE DETALL DE L'\u00c0REA DE REPARTIMENT UNIPARCEL\u00b7L\u00c0RIA N\u00fam. 39 DEL PLA GENERAL (NOUS REGS EL PROGR\u00c9S) <\/span> <span><a class=\"enlaces-link\" target='_blank'href=\"https:\/\/www.elche.es\/wp-content\/uploads\/2022\/11\/ED.-AR-39-PG-El-Progreso.pdf \">Veure enlla\u00e7<\/a><\/span>\r\n        <br>\r\n        <span class=\"enlaces-descripcion\"><\/span>\r\n        <\/p>\r\n        <hr class=\"enlaces-separador\">\r\n        \r\n        <p>\r\n        <span class=\"enlaces-titulo\"> MODIFICACI\u00d3 DE L'ESTUDI DE DETALL SOBRE ILLA DELIMITADA PELS CARRERS PASSEIG DEL PROGR\u00c9S, DIEGO POMARES, DELS FOCS I SANT ANTONI DE P\u00c0DUA (ABANS CV-853), SITUADA AL SECTOR HO-2 DE LA FOIA <\/span> <span><a class=\"enlaces-link\" target='_blank'href=\"https:\/\/www.elche.es\/wp-content\/uploads\/2022\/09\/Modificacion-puntual-de-la-ordenacion-estructural-del-Plan-General-para-el-cambio-de-uso-CORREOS.pdf \">Veure enlla\u00e7<\/a><\/span>\r\n        <br>\r\n        <span class=\"enlaces-descripcion\"><\/span>\r\n        <\/p>\r\n        <hr class=\"enlaces-separador\">\r\n        \r\n        <p>\r\n        <span class=\"enlaces-titulo\"> PROJECTE D'URBANITZACI\u00d3 DE L'ILLA COMPRESA ENTRE ELS CARRERS ANTONIO MACHADO, JULIO S\u00c1NCHEZ G\u00d3MEZ, DR. SAPENA I VICENTE ALONSO P\u00c9REZ, DE L'\u00c0REA DE REPARTIMENT 28.3 DEL PLA GENERAL <\/span> <span><a class=\"enlaces-link\" target='_blank'href=\"https:\/\/www.elche.es\/wp-content\/uploads\/2022\/09\/PROYECTO-URBANIZ.-AREA-DE-REPARTO-28.3-1.pdf \">Veure enlla\u00e7<\/a><\/span>\r\n        <br>\r\n        <span class=\"enlaces-descripcion\"><\/span>\r\n        <\/p>\r\n        <hr class=\"enlaces-separador\">\r\n        \r\n        <p>\r\n        <span class=\"enlaces-titulo\"> MODIFICACI\u00d3 PUNTUAL ESTRUCTURAL PER A INCLOURE ELS BANYS \u00c0RABS DE LA VILA MURADA D\u2019ELX I ELS REFUGIS 3B I 3C EN EL CAT\u00c0LEG D'EDIFICIS PROTEGITS. <\/span> <span><a class=\"enlaces-link\" target='_blank'href=\"https:\/\/www.elche.es\/wp-content\/uploads\/2022\/08\/MPE-BANOS-ARABES-y-REFUGIOS-1.pdf \">Veure enlla\u00e7<\/a><\/span>\r\n        <br>\r\n        <span class=\"enlaces-descripcion\"><\/span>\r\n        <\/p>\r\n        <hr class=\"enlaces-separador\">\r\n        \r\n        <p>\r\n        <span class=\"enlaces-titulo\"> MODIFICACI\u00d3 PUNTUAL N\u00fam. 42 DETALLADA DEL PLA GENERAL D'ELX, DE CANVI D'\u00daS DOTACIONAL DE PARCEL\u00b7LA SITUADA AL C\/ CARDENAL CISNEROS, N\u00fam. 1 CANT\u00d3 PASSEIG DE LA JOVENTUT, N\u00fam. 18 (ANTIC EDIFICI DE CORREUS), D'INICIATIVA MUNICIPAL <\/span> <span><a class=\"enlaces-link\" target='_blank'href=\"https:\/\/www.elche.es\/wp-content\/uploads\/2022\/07\/Modificacion-puntual-de-la-ordenacion-estructural-del-Plan-General-para-el-cambio-de-uso-CORREOS.pdf \">Veure enlla\u00e7<\/a><\/span>\r\n        <br>\r\n        <span class=\"enlaces-descripcion\"><\/span>\r\n        <\/p>\r\n        <hr class=\"enlaces-separador\">\r\n        \r\n        <p>\r\n        <span class=\"enlaces-titulo\"> MODIFICACI\u00d3 PUNTUAL N\u00fam. 41 DETALLADA DEL PLA GENERAL D'ELX PER AL REAJUSTAMENT DE L'\u00daS DE DUES PARCEL\u00b7LES AL SECTOR E-5, D'INICIATIVA MUNICIPAL <\/span> <span><a class=\"enlaces-link\" target='_blank'href=\"https:\/\/www.elche.es\/wp-content\/uploads\/2022\/06\/Modificacion-puntual-de-la-ordenacion-estructural-del-Plan-General-para-el-cambio-de-calificacion-de-4-parcelas-1.pdf \">Veure enlla\u00e7<\/a><\/span>\r\n        <br>\r\n        <span class=\"enlaces-descripcion\"><\/span>\r\n        <\/p>\r\n        <hr class=\"enlaces-separador\">\r\n        \r\n        <p>\r\n        <span class=\"enlaces-titulo\"> MODIFICACI\u00d3 PUNTUAL DE L'ORDENACI\u00d3 ESTRUCTURAL DEL PLA GENERAL PER AL CANVI DE QUALIFICACI\u00d3 DE LES PARCEL\u00b7LES DE LES CLARISSES, L'ESCORXADOR, EL MERCAT CENTRAL I EL MERCAT PROVISIONAL. <\/span> <span><a class=\"enlaces-link\" target='_blank'href=\"https:\/\/www.elche.es\/wp-content\/uploads\/2022\/04\/Modificacion-puntual-de-la-ordenacion-estructural-del-Plan-General-para-el-cambio-de-calificacion-de-4-parcelas-1.pdf \">Veure enlla\u00e7<\/a><\/span>\r\n        <br>\r\n        <span class=\"enlaces-descripcion\"><\/span>\r\n        <\/p>\r\n        <hr class=\"enlaces-separador\">\r\n        \r\n        <p>\r\n        <span class=\"enlaces-titulo\"> MODIFICACI\u00d3 PUNTUAL DE L'ORDENACI\u00d3 DEL PLA GENERAL PER A ADAPTACI\u00d3 A LA NORMATIVA DE CARRETERES. S\u00d2LS CONFRONTANTS A LA CIRCUMVAL\u00b7LACI\u00d3 EL-20: SECTOR E-27. <\/span> <span><a class=\"enlaces-link\" target='_blank'href=\"https:\/\/www.elche.es\/wp-content\/uploads\/2022\/03\/Mod.PG-EL-20-E-27-1.pdf \">Veure enlla\u00e7<\/a><\/span>\r\n        <br>\r\n        <span class=\"enlaces-descripcion\"><\/span>\r\n        <\/p>\r\n        <hr class=\"enlaces-separador\">\r\n        \r\n        <p>\r\n        <span class=\"enlaces-titulo\"> MODIFICACI\u00d3 PUNTUAL DE L'ORDENACI\u00d3 DEL PLA GENERAL PER A ADAPTACI\u00d3 A LA NORMATIVA DE CARRETERES. S\u00d2LS CONFRONTANTS A LA CIRCUMVAL\u00b7LACI\u00d3 EL-20: SECTORS E-9 I E-38. <\/span> <span><a class=\"enlaces-link\" target='_blank'href=\"https:\/\/www.elche.es\/wp-content\/uploads\/2022\/03\/Mod.PG-EL-20-E-9-Y-E-38-1.pdf \">Veure enlla\u00e7<\/a><\/span>\r\n        <br>\r\n        <span class=\"enlaces-descripcion\"><\/span>\r\n        <\/p>\r\n        <hr class=\"enlaces-separador\">\r\n        \r\n        <p>\r\n        <span class=\"enlaces-titulo\"> MODIFICACI\u00d3 PUNTUAL DE L'ORDENACI\u00d3 DEL PLA GENERAL PER A ADAPTACI\u00d3 A LA NORMATIVA DE CARRETERES. S\u00d2LS CONFRONTANTS A LA CIRCUMVAL\u00b7LACI\u00d3 EL-20: SECTOR E-37. <\/span> <span><a class=\"enlaces-link\" target='_blank'href=\"https:\/\/www.elche.es\/wp-content\/uploads\/2022\/03\/Mod.PG-EL-20-E-37-1.pdf \">Veure enlla\u00e7<\/a><\/span>\r\n        <br>\r\n        <span class=\"enlaces-descripcion\"><\/span>\r\n        <\/p>\r\n        <hr class=\"enlaces-separador\">\r\n        \r\n        <p>\r\n        <span class=\"enlaces-titulo\"> MODIFICACI\u00d3 PUNTUAL DE L'ORDENACI\u00d3 DEL PLA GENERAL PER A ADAPTACI\u00d3 A LA NORMATIVA DE CARRETERES. S\u00d2LS CONFRONTANTS A LA CIRCUMVAL\u00b7LACI\u00d3 EL-20: SECTOR E-28. <\/span> <span><a class=\"enlaces-link\" target='_blank'href=\"https:\/\/www.elche.es\/wp-content\/uploads\/2022\/03\/Mod.PG-EL-20-E-28-1.pdf \">Veure enlla\u00e7<\/a><\/span>\r\n        <br>\r\n        <span class=\"enlaces-descripcion\"><\/span>\r\n        <\/p>\r\n        <hr class=\"enlaces-separador\">\r\n        \r\n        <p>\r\n        <span class=\"enlaces-titulo\"> MODIFICACI\u00d3 PUNTUAL DE L'ORDENACI\u00d3 DEL PLA GENERAL PER A ADAPTACI\u00d3 A LA NORMATIVA DE CARRETERES. S\u00d2LS CONFRONTANTS A LA CIRCUMVAL\u00b7LACI\u00d3 EL-20: \u00c0REA DE REPARTIMENT 115.1. <\/span> <span><a class=\"enlaces-link\" target='_blank'href=\"https:\/\/www.elche.es\/wp-content\/uploads\/2022\/03\/Mod.PG-EL-20-AR-115.1-1.pdf \">Veure enlla\u00e7<\/a><\/span>\r\n        <br>\r\n        <span class=\"enlaces-descripcion\"><\/span>\r\n        <\/p>\r\n        <hr class=\"enlaces-separador\">\r\n        \r\n        <p>\r\n        <span class=\"enlaces-titulo\"> MODIFICACI\u00d3 DE L'ORDENACI\u00d3 ESTRUCTURAL DEL PLA GENERAL PER A ADAPTACI\u00d3 DE LA ZONA DE LIMITACI\u00d3 DE L'EDIFICABILITAT A LA LLEI 37\/2015 DE CARRETERES EN CIRCUMVAL\u00b7LACI\u00d3 EL-20 D'ELX <\/span> <span><a class=\"enlaces-link\" target='_blank'href=\"https:\/\/www.elche.es\/wp-content\/uploads\/2022\/03\/Mod.PG-Estruc-Consell-EL-20.pdf \">Veure enlla\u00e7<\/a><\/span>\r\n        <br>\r\n        <span class=\"enlaces-descripcion\"><\/span>\r\n        <\/p>\r\n        <hr class=\"enlaces-separador\">\r\n        \r\n        <p>\r\n        <span class=\"enlaces-titulo\"> ESTUDI DE DETALL PER A LA MODIFICACI\u00d3 DE L'ALINEACI\u00d3 DE LA PARCEL\u00b7LA P-3, DE L\u2019ILLA M-2 DE L'AR 28-9 DEL PG ELX <\/span> <span><a class=\"enlaces-link\" target='_blank'href=\"https:\/\/www.elche.es\/wp-content\/uploads\/2022\/03\/Estudio-de-detalle-P3-manzana-2-AR-28.9-del-PG.pdf \">Veure enlla\u00e7<\/a><\/span>\r\n        <br>\r\n        <span class=\"enlaces-descripcion\"><\/span>\r\n        <\/p>\r\n        <hr class=\"enlaces-separador\">\r\n        \r\n        <p>\r\n        <span class=\"enlaces-titulo\"> ESTUDI DE DETALL DE L\u2019ILLA CONFORMADA PELS CARRERS EMPEDRAT, CORREDORA, HOSPITAL I PLA\u00c7A DE LA CONSTITUCI\u00d3 RELATIVA AL CONJUNT DE NOUS REGS EL PROGR\u00c9S DINS DE LA ZONA HOMOG\u00c8NIA D'\u00c0REES DE REPARTIMENT UNIPARCEL\u00b7L\u00c0RIES N. 39 DEL PLA GENERAL. <\/span> <span><a class=\"enlaces-link\" target='_blank'href=\"https:\/\/www.elche.es\/wp-content\/uploads\/2022\/03\/ED.-AR-39-PG-El-Progreso.pdf \">Veure enlla\u00e7<\/a><\/span>\r\n        <br>\r\n        <span class=\"enlaces-descripcion\"><\/span>\r\n        <\/p>\r\n        <hr class=\"enlaces-separador\">\r\n        \r\n        <p>\r\n        <span class=\"enlaces-titulo\"> MODIFICACI\u00d3 PUNTUAL DETALLADA DEL PLA GENERAL RELATIVA A LA FITXA N. 25 (NOUS REGS EL PROGR\u00c9S) DEL CAT\u00c0LEG DEL PLA ESPECIAL D'EDIFICIS I CONJUNTS DEL TERME MUNICIPAL D'ELX, AIX\u00cd COM A L'ARTICLE 45 DE LA NORMATIVA DEL PLA GENERAL. <\/span> <span><a class=\"enlaces-link\" target='_blank'href=\"https:\/\/www.elche.es\/wp-content\/uploads\/2022\/03\/ficha-no-25-Nuevos-Riegos-Progreso-y-art.45-normativa-PG.pdf \">Veure enlla\u00e7<\/a><\/span>\r\n        <br>\r\n        <span class=\"enlaces-descripcion\"><\/span>\r\n        <\/p>\r\n        <hr class=\"enlaces-separador\">\r\n        \r\n        <p>\r\n        <span class=\"enlaces-titulo\"> MODIFICACI\u00d3 PUNTUAL ESTRUCTURAL PER A INCLOURE ELS \u00c0MBITS DEL RECINTE HIST\u00d2RIC I EL RAVAL-SALVADOR COM A \u00c0REES DE VIGIL\u00c0NCIA ARQUEOL\u00d2GICA AL CAT\u00c0LEG DE PROTECCIONS <\/span> <span><a class=\"enlaces-link\" target='_blank'href=\"https:\/\/www.elche.es\/wp-content\/uploads\/2022\/03\/MPE-para-incluir-los-ambitos-del-recinto-historico-y-el-Raval-como-AVAs-1.pdf \">Veure enlla\u00e7<\/a><\/span>\r\n        <br>\r\n        <span class=\"enlaces-descripcion\"><\/span>\r\n        <\/p>\r\n        <hr class=\"enlaces-separador\">\r\n        \r\n        <p>\r\n        <span class=\"enlaces-titulo\"> PLA PARCIAL DEL SECTOR E-45 DEL PG. MODIFICACI\u00d3 PUNTUAL DE L'ORDENACI\u00d3 DETALLADA PG. CANVI D'\u00daS DOTACIONAL. SECTOR E-14 EN LA SEUA CONNEXI\u00d3 AMB EL SECTOR E-45 EN DESENVOLUPAMENT <\/span> <span><a class=\"enlaces-link\" target='_blank'href=\"https:\/\/www.elche.es\/wp-content\/uploads\/2022\/01\/Plan-parcial-del-Sector-E-45-1.pdf \">Veure enlla\u00e7<\/a><\/span>\r\n        <br>\r\n        <span class=\"enlaces-descripcion\"><\/span>\r\n        <\/p>\r\n        <hr class=\"enlaces-separador\">\r\n        \r\n        <p>\r\n        <span class=\"enlaces-titulo\"> PLA PARCIAL DEL SECTOR E-33 PLA GENERAL ELX <\/span> <span><a class=\"enlaces-link\" target='_blank'href=\"https:\/\/www.elche.es\/wp-content\/uploads\/2022\/01\/PLAN-PARCIAL-SECTOR-E-33-1.pdf \">Veure enlla\u00e7<\/a><\/span>\r\n        <br>\r\n        <span class=\"enlaces-descripcion\"><\/span>\r\n        <\/p>\r\n        <hr class=\"enlaces-separador\">\r\n        \r\n        <p>\r\n        <span class=\"enlaces-titulo\"> PLA PARCIAL DEL SECTOR E-32 DEL PLA GENERAL ELX <\/span> <span><a class=\"enlaces-link\" target='_blank'href=\"https:\/\/www.elche.es\/wp-content\/uploads\/2022\/01\/Plan-parcial-Sector-E-32-1.pdf \">Veure enlla\u00e7<\/a><\/span>\r\n        <br>\r\n        <span class=\"enlaces-descripcion\"><\/span>\r\n        <\/p>\r\n        <hr class=\"enlaces-separador\">\r\n        \r\n        <p>\r\n        <span class=\"enlaces-titulo\"> PLA PARCIAL DEL SECTOR E-22 DEL PG <\/span> <span><a class=\"enlaces-link\" target='_blank'href=\"https:\/\/www.elche.es\/wp-content\/uploads\/2022\/01\/Plan-Parcial-Sector-E-22-1.pdf \">Veure enlla\u00e7<\/a><\/span>\r\n        <br>\r\n        <span class=\"enlaces-descripcion\"><\/span>\r\n        <\/p>\r\n        <hr class=\"enlaces-separador\">\r\n        \r\n        <p>\r\n        <span class=\"enlaces-titulo\"> PLA PARCIAL DEL SECTOR E-10 DEL PLA GENERAL ELX <\/span> <span><a class=\"enlaces-link\" target='_blank'href=\"https:\/\/www.elche.es\/wp-content\/uploads\/2022\/01\/Plan-Parcial-del-Sector-E-10-1.pdf \">Veure enlla\u00e7<\/a><\/span>\r\n        <br>\r\n        <span class=\"enlaces-descripcion\"><\/span>\r\n        <\/p>\r\n        <hr class=\"enlaces-separador\">\r\n        \r\n        <p>\r\n        <span class=\"enlaces-titulo\"> ESTUDI DE DETALL DE L\u2019\u00c0REA DE REPARTIMENT 134 DEL PLA GENERAL. <\/span> <span><a class=\"enlaces-link\" target='_blank'href=\"https:\/\/www.elche.es\/wp-content\/uploads\/2022\/01\/Estudio-de-Detalle-del-Area-de-Reparto-134-del-Plan-General-1.pdf \">Veure enlla\u00e7<\/a><\/span>\r\n        <br>\r\n        <span class=\"enlaces-descripcion\"><\/span>\r\n        <\/p>\r\n        <hr class=\"enlaces-separador\">\r\n        [\/vc_column_inner][\/vc_row_inner][\/vc_column][\/vc_row]<\/p>\n<\/div>","protected":false},"excerpt":{"rendered":"<p>[vc_row full_width=&#8221;stretch_row&#8221; css=&#8221;.vc_custom_1475488090109{background-color: #dddde0 !important;}&#8221;][vc_column][vc_column_text][\/vc_column_text][\/vc_column][\/vc_row][vc_row full_width=&#8221;stretch_row&#8221; css=&#8221;.vc_custom_1469624147007{padding-top: 140px !important;padding-bottom: 140px !important;background-image: url(https:\/\/www.elche.es\/wp-content\/uploads\/2016\/07\/palmeral.png?id=1044) !important;}&#8221;][vc_column][vc_row_inner css=&#8221;.vc_custom_1475142298750{padding-right: 30px !important;padding-bottom: 30px !important;padding-left: 30px !important;background-color: #ffffff !important;}&#8221;][vc_column_inner][vc_custom_heading text=&#8221;Documentaci\u00f3 urban\u00edstica en tramitaci\u00f3&#8221; font_container=&#8221;tag:h3|text_align:left&#8221; use_theme_fonts=&#8221;yes&#8221; el_class=&#8221;enlaces-titulo-cabecera&#8221;][\/vc_column_inner][\/vc_row_inner][\/vc_column][\/vc_row]<\/p>\n","protected":false},"author":144,"featured_media":0,"parent":6420,"menu_order":0,"comment_status":"closed","ping_status":"closed","template":"","meta":{"footnotes":""},"class_list":["post-178482","page","type-page","status-publish","hentry"],"_links":{"self":[{"href":"https:\/\/www.elche.es\/va\/wp-json\/wp\/v2\/pages\/178482","targetHints":{"allow":["GET"]}}],"collection":[{"href":"https:\/\/www.elche.es\/va\/wp-json\/wp\/v2\/pages"}],"about":[{"href":"https:\/\/www.elche.es\/va\/wp-json\/wp\/v2\/types\/page"}],"author":[{"embeddable":true,"href":"https:\/\/www.elche.es\/va\/wp-json\/wp\/v2\/users\/144"}],"replies":[{"embeddable":true,"href":"https:\/\/www.elche.es\/va\/wp-json\/wp\/v2\/comments?post=178482"}],"version-history":[{"count":0,"href":"https:\/\/www.elche.es\/va\/wp-json\/wp\/v2\/pages\/178482\/revisions"}],"up":[{"embeddable":true,"href":"https:\/\/www.elche.es\/va\/wp-json\/wp\/v2\/pages\/6420"}],"wp:attachment":[{"href":"https:\/\/www.elche.es\/va\/wp-json\/wp\/v2\/media?parent=178482"}],"curies":[{"name":"wp","href":"https:\/\/api.w.org\/{rel}","templated":true}]}}