{"id":178505,"date":"2022-05-05T10:00:26","date_gmt":"2022-05-05T08:00:26","guid":{"rendered":"https:\/\/www.elche.es\/?page_id=178505"},"modified":"2023-11-10T11:53:54","modified_gmt":"2023-11-10T09:53:54","slug":"visibilitat-canals-i-caracteristiques-de-lacces-a-la-informacion-publica","status":"publish","type":"page","link":"https:\/\/www.elche.es\/va\/transparencia-govern-obert\/dret-dacces-a-la-informacio\/visibilitat-canals-i-caracteristiques-de-lacces-a-la-informacion-publica\/","title":{"rendered":"Sol\u00b7licituds d&#8217;acc\u00e9s a la informaci\u00f3 p\u00fablica per a la ciutadania"},"content":{"rendered":"<div class=\"wpb-content-wrapper\"><p>[vc_row][vc_column]<div class=\"templatera_shortcode\"><div id=\"bloque_titulo\" data-vc-full-width=\"true\" data-vc-full-width-init=\"false\" class=\"vc_row wpb_row vc_row-fluid slidersecciones vc_custom_1646214364120 vc_row-has-fill\"><div class=\"wpb_column vc_column_container vc_col-sm-12\"><div class=\"vc_column-inner\"><div class=\"wpb_wrapper\"><h2 style=\"color: #ffffff;text-align: center;font-family:Ubuntu;font-weight:700;font-style:normal\" class=\"vc_custom_heading vc_do_custom_heading sombraTitulo cabeceramovil\" ><\/h2><\/div><\/div><\/div><\/div><div class=\"vc_row-full-width vc_clearfix\"><\/div><\/div>[\/vc_column][\/vc_row][vc_row][vc_column]<div class=\"templatera_shortcode\"><div id=\"bloque_menu_enlaces\" data-vc-full-width=\"true\" data-vc-full-width-init=\"false\" data-vc-stretch-content=\"true\" class=\"vc_row wpb_row vc_row-fluid bloque_menu_paginas bloquemnuestop vc_custom_1620974689153 vc_row-has-fill vc_row-no-padding\"><div class=\"wpb_column vc_column_container vc_col-sm-12\"><div class=\"vc_column-inner\"><div class=\"wpb_wrapper\">\r\n        \r\n        <a class=\"menuVC\"  href=\"https:\/\/www.elche.es\/va\/transparencia-govern-obert\/informacion-institucional-y-organizativa\/\"> <span> Instituci\u00f3 <\/span><\/a>\r\n        \r\n        <a class=\"menuVC\"  href=\"https:\/\/www.elche.es\/va\/transparencia-govern-obert\/informacio-de-rellevancia-juridica\/\"> <span> Rellev\u00e0ncia Jur\u00eddica <\/span><\/a>\r\n        \r\n        <a class=\"menuVC\"  href=\"https:\/\/www.elche.es\/va\/transparencia-govern-obert\/informacio-economica-i-pressupostaria\/\"> <span> Transpar\u00e8ncia Econ\u00f2mico - Pressupost\u00e0ria <\/span><\/a>\r\n        \r\n        <a class=\"menuVC\"  href=\"https:\/\/www.elche.es\/va\/transparencia-govern-obert\/urbanisme-obres-publiques-i-medi-ambient\/\"> <span> Urbanisme, obres p\u00fabliques i medi ambient <\/span><\/a>\r\n        \r\n        <a class=\"menuVC\"  href=\"https:\/\/www.elche.es\/va\/transparencia-govern-obert\/relaciones-con-los-ciudadanos-y-la-sociedad\/\"> <span> Ciutadania <\/span><\/a>\r\n        \r\n        <a class=\"menuVC\"  href=\"https:\/\/www.elche.es\/va\/transparencia-govern-obert\/dret-dacces-a-la-informacio\/\"> <span> Informaci\u00f3 <\/span><\/a><\/div><\/div><\/div><\/div><div class=\"vc_row-full-width vc_clearfix\"><\/div>\r\n<\/div>[\/vc_column][\/vc_row][vc_row full_width=&#8221;stretch_row&#8221; css=&#8221;.vc_custom_1475486881904{background-color: #dddde0 !important;}&#8221;][vc_column offset=&#8221;vc_hidden-sm vc_hidden-xs&#8221;][vc_column_text]<nav aria-label=\"breadcrumbs\">\n            <div class=\"breadcrumb-container theme1\">\n                <ol>\n                                    <\/ol>\n            <\/div>\n        <\/nav>    <script type=\"application\/ld+json\">\n        {\n            \"@context\": \"http:\/\/schema.org\",\n            \"@type\": \"BreadcrumbList\",\n            \"itemListElement\": [\n                            ]\n        }\n    <\/script>\n    <style type=\"text\/css\">\n        .breadcrumb-container {\n            font-size: 13px;\n        }\n\n        .breadcrumb-container ul {\n            margin: 0;\n            padding: 0;\n        }\n\n        .breadcrumb-container li {\n            box-sizing: unset;\n            display: inline-block;\n            margin: 0;\n            padding: 0;\n        }\n\n        .breadcrumb-container li a {\n            box-sizing: unset;\n            padding: 0 10px;\n        }\n\n        .breadcrumb-container {\n            font-size: 3 !important;\n                    }\n\n        .breadcrumb-container li a {\n            color: #0a0a0a !important;\n            font-size: 3 !important;\n            line-height: 3 !important;\n                    }\n\n        .breadcrumb-container li .separator {\n            font-size: 3 !important;\n                    }\n\n        .breadcrumb-container li:last-child .separator {\n            display: none;\n        }\n    <\/style>\n    <style type=\"text\/css\">\n        .breadcrumb-container.theme1 li {\n            margin: 0;\n            padding: 0;\n        }\n        .breadcrumb-container.theme1 a {\n            background: ;\n            display: inline-block;\n            margin: 0 5px;\n            padding: 5px 10px;\n            text-decoration: none;\n        }\n    <\/style>\n        <style type=\"text\/css\">\n            <\/style>\n    <script>\n            <\/script>\n[\/vc_column_text][\/vc_column][\/vc_row][vc_row][vc_column]<h1 class=\"sc_title sc_title_regular transparenciastitulos \">Dret d&#8217;acc\u00e9s a la informaci\u00f3<\/h1>[\/vc_column][\/vc_row][vc_row el_class=&#8221;cuadrostandar&#8221;][vc_column width=&#8221;1\/6&#8243;][vc_icon icon_fontawesome=&#8221;fas fa-info-circle&#8221; color=&#8221;grey&#8221; size=&#8221;xl&#8221; align=&#8221;center&#8221; el_class=&#8221;iconoshorizontal&#8221;][\/vc_column][vc_column width=&#8221;5\/6&#8243;]<h4 class=\"sc_title sc_title_regular subtitulosapartados \">Sol\u00b7licituds d&#8217;acc\u00e9s a la informaci\u00f3 p\u00fablica per a la ciutadania<\/h4>[vc_column_text]<\/p>\n<div class=\"wpb_text_column wpb_content_element \">\n<div class=\"wpb_wrapper\">\n<p>El dret d&#8217;acc\u00e9s a la informaci\u00f3 p\u00fablica recollit en l&#8217;article 27 de la Llei 1\/2022, de 13 d&#8217;abril, de la Generalitat, de Transpar\u00e8ncia i Bon Govern de la Comunitat Valenciana, estableix que qualsevol ciutad\u00e0 o ciutadana, a t\u00edtol individual o en representaci\u00f3 de qualsevol organitzaci\u00f3 constitu\u00efda legalment, t\u00e9 dret d&#8217;acc\u00e9s a la informaci\u00f3 p\u00fablica, mitjan\u00e7ant sol\u00b7licitud pr\u00e8via i sense m\u00e9s limitacions que les establides en la Llei.<\/p>\n<p>En aquest sentit, el concepte legal d&#8217;<strong>\u00abinformaci\u00f3 p\u00fablica\u00bb<\/strong> ve establit per l&#8217;article 13 LTAIP; sobre la base d&#8217;aquest, i pel que es refereix espec\u00edficament a l&#8217;\u00e0mbit de l&#8217;administraci\u00f3 local, la informaci\u00f3 p\u00fablica local estar\u00e0 constitu\u00efda pels continguts o documents, qualsevol que siga el seu format o suport, que obren en poder de les entitats que integren l&#8217;Administraci\u00f3 Local i que hagen sigut elaborats o adquirits per aquestes en l&#8217;exercici de les seues funcions.<\/p>\n<p>Aquestes sol\u00b7licituds hauran de resoldre&#8217;s i de notificar-se al sol\u00b7licitant i als tercers afectats que l&#8217;hagen sol\u00b7licitat en el termini m\u00e0xim d&#8217;un mes des de la recepci\u00f3 de la sol\u00b7licitud per l&#8217;\u00f2rgan competent per a resoldre.<\/p>\n<\/div>\n<\/div>\n<p>&nbsp;<\/p>\n<div class=\"wpb_wrapper\">\n<p>&nbsp;<\/p>\n<\/div>\n<p>[\/vc_column_text][vc_column_text]<strong>Exercici del dret<\/strong><\/p>\n<p>Per a complir amb les obligacions legals, l&#8217;Ajuntament d\u2019Elx ha habilitat un procediment administratiu amb canals de presentaci\u00f3 de sol\u00b7licituds d&#8217;informaci\u00f3:<\/p>\n<div class=\"wpb_text_column wpb_content_element \">\n<div class=\"wpb_wrapper\">\n<ul>\n<li>Electr\u00f2nica, a trav\u00e9s de <a href=\"https:\/\/sede.elche.es\/sta\/CarpetaPublic\/doEvent?APP_CODE=STA&amp;PAGE_CODE=CATALOGO&amp;DETALLE=6269000000564025399500&amp;lang=CA\" target=\"_blank\" rel=\"noopener noreferrer\">la Seu Electr\u00f2nica<\/a>. Per a la tramitaci\u00f3 electr\u00f2nica d&#8217;aquest dret es requereix identificaci\u00f3 mitjan\u00e7ant un <a href=\"https:\/\/sede.elche.es\/sta\/CarpetaPublic\/doEvent?APP_CODE=STA&amp;PAGE_CODE=PTS2_FIRMASELEC\" target=\"_blank\" rel=\"noopener noreferrer\">certificat electr\u00f2nic<\/a>.<\/li>\n<li>Presencial en qualsevol de les<a href=\"https:\/\/www.elche.es\/va\/oficina-municipal-datencio-ciutadana-omac\/directori-doficines\/\" target=\"_blank\" rel=\"noopener noreferrer\"> Oficines Municipals d&#8217;Atenci\u00f3 Ciutadana<\/a> presentant <a href=\"https:\/\/sede.elche.es\/sta\/docs\/GetDocumentServlet?CUD=13520416707007764621&amp;HASH_CUD=63dc78aee49d0afa9a87320b4bf178e63a04283e&amp;APP_CODE=STA\" target=\"_blank\" rel=\"noopener noreferrer\">l&#8217;impr\u00e9s de sol\u00b7licitud<\/a>.<\/li>\n<\/ul>\n<p>La xarxa de b\u00fasties de\u00a0l&#8217;Ajuntament d\u2019Elx, el correu electr\u00f2nic o les xarxes socials no s\u00f3n canals habilitats per a aquest tr\u00e0mit, per la qual cosa, les sol\u00b7licituds presentades per aquests mitjans, no formaran part de cap procediment administratiu. En aquests casos, s&#8217;informar\u00e0 l&#8217;interessat de les vies adequades per a realitzar la seua tramitaci\u00f3.<\/p>\n<p>Informaci\u00f3 sobre el <a href=\"https:\/\/sede.elche.es\/sta\/CarpetaPublic\/doEvent?APP_CODE=STA&amp;PAGE_CODE=CATALOGO&amp;DETALLE=6269000000564025399500\" target=\"_blank\" rel=\"noopener noreferrer\">tr\u00e0mit de Sol\u00b7licitud de dret d&#8217;acc\u00e9s a la informaci\u00f3 p\u00fablica en poder de l&#8217;Ajuntament d\u2019Elx<\/a><\/p>\n<p><strong>Seguiment de les sol\u00b7licituds<\/strong><\/p>\n<p>Qualsevol persona que haja iniciat una sol\u00b7licitud d&#8217;acc\u00e9s a la informaci\u00f3 i vulga preguntar sobre l&#8217;estat d&#8217;aquesta, pot dirigir-se a la Regidoria de Transpar\u00e8ncia, indicant el n\u00fam. de registre de la sol\u00b7licitud, a trav\u00e9s del correu electr\u00f2nic <span id=\"lmaild\"><a href=\"mailto:transparencia@elche.es\">transparencia@elche.es<\/a> o b\u00e9 al tel\u00e8fon<\/span> 966 658 281.<\/p>\n<\/div>\n<hr \/>\n<p>&nbsp;<\/p>\n<\/div>\n<p>[\/vc_column_text][\/vc_column][\/vc_row][vc_row][vc_column]<div class=\"templatera_shortcode\"><div class=\"vc_row wpb_row vc_row-fluid vc_custom_1620975349725 vc_row-has-fill\"><div class=\"wpb_column vc_column_container vc_col-sm-12\"><div class=\"vc_column-inner\"><div class=\"wpb_wrapper\"><\/div><\/div><\/div><\/div><div class=\"vc_row wpb_row vc_row-fluid vc_custom_1620989684688\"><div class=\"wpb_column vc_column_container vc_col-sm-4\"><div class=\"vc_column-inner\"><div class=\"wpb_wrapper\"><div id='modulo_datos_contacto'> <p class='titulo_datos_contacto'>Dades de contacte <\/p> <hr><p class=\"contactoArea\"> <i class=\"fa fa-map-marker\" aria-hidden=\"true\"><\/i>Plaza de Men\u00e9ndez y Pelayo, 2 - 1\u00ba<\/p><p class=\"contactoArea\"><i class=\"fa fa-phone\" aria-hidden=\"true\"><\/i>966 65 82 81<\/p><p class=\"contactoArea\"><i class=\"fa fa-envelope\" aria-hidden=\"true\"><\/i><a href=\"mailto:transparencia@elche.es\"> transparencia@elche.es<\/a><\/p><div id='contacto-rrss'><\/div><\/div><\/div><\/div><\/div><div class=\"wpb_column vc_column_container vc_col-sm-4\"><div class=\"vc_column-inner\"><div class=\"wpb_wrapper\">\n\t<div class=\"wpb_text_column wpb_content_element\" >\n\t\t<div class=\"wpb_wrapper\">\n\t\t\t<p><strong>Accessos R\u00e0pids<\/strong><\/p>\n\n\t\t<\/div>\n\t<\/div>\n\n\t<div class=\"wpb_text_column wpb_content_element vc_custom_1651744872235\" >\n\t\t<div class=\"wpb_wrapper\">\n\t\t\t<ul>\n<li><a href=\"https:\/\/www.elche.es\/va\/site-map-transparencia\/\">SiteMap Transpar\u00e8ncia<\/a><\/li>\n<li><a href=\"https:\/\/www.elche.es\/va\/oficina-municipal-datencio-ciutadana-omac\/directori-de-serveis-municipals\/\">Directori de serveis municipals<\/a><\/li>\n<li><a href=\"https:\/\/sede.elche.es\/sta\/CarpetaPublic\/doEvent?APP_CODE=STA&amp;PAGE_CODE=CATALOGO&amp;lang=CA\">Cat\u00e0leg dels procediments administratius<\/a><\/li>\n<\/ul>\n\n\t\t<\/div>\n\t<\/div>\n<\/div><\/div><\/div><div class=\"buscador_transparencia wpb_column vc_column_container vc_col-sm-4\"><div class=\"vc_column-inner\"><div class=\"wpb_wrapper\">\n\t<div class=\"wpb_text_column wpb_content_element\" >\n\t\t<div class=\"wpb_wrapper\">\n\t\t\t<p><strong>Cercador<\/strong><\/p>\n\n\t\t<\/div>\n\t<\/div>\n\n\t<div class=\"wpb_raw_code wpb_raw_html wpb_content_element vc_custom_1646054603614\" >\n\t\t<div class=\"wpb_wrapper\">\n\t\t\t\n\t\t\t\t<form action=\"\" method=\"post\" class=\"searchandfilter\">\n\t\t\t\t\t<div><input type=\"hidden\" name=\"ofpost_types[]\" value=\"pages\" \/><input type=\"hidden\" name=\"ofpost_types[]\" value=\"transparencia\" \/><ul><li><input type=\"text\" name=\"ofsearch\" placeholder=\"Search &hellip;\" value=\"\"><\/li><li><input type=\"hidden\" name=\"ofsubmitted\" value=\"1\"><input type=\"submit\" value=\"Submit\"><\/li><\/ul><\/div><\/form>\n\t\t<\/div>\n\t<\/div>\n<\/div><\/div><\/div><\/div><\/div>[\/vc_column][\/vc_row]<\/p>\n<\/div>","protected":false},"excerpt":{"rendered":"Instituci\u00f3 Rellev\u00e0ncia Jur\u00eddica Transpar\u00e8ncia Econ\u00f2mico - Pressupost\u00e0ria Urbanisme, obres p\u00fabliques i medi ambient Ciutadania Informaci\u00f3 Dret d'acc\u00e9s a la informaci\u00f3Sol\u00b7licituds d'acc\u00e9s a la informaci\u00f3 p\u00fablica per a la ciutadania El [...]","protected":false},"author":139,"featured_media":0,"parent":171647,"menu_order":0,"comment_status":"closed","ping_status":"closed","template":"","meta":{"footnotes":""},"class_list":["post-178505","page","type-page","status-publish","hentry"],"_links":{"self":[{"href":"https:\/\/www.elche.es\/va\/wp-json\/wp\/v2\/pages\/178505","targetHints":{"allow":["GET"]}}],"collection":[{"href":"https:\/\/www.elche.es\/va\/wp-json\/wp\/v2\/pages"}],"about":[{"href":"https:\/\/www.elche.es\/va\/wp-json\/wp\/v2\/types\/page"}],"author":[{"embeddable":true,"href":"https:\/\/www.elche.es\/va\/wp-json\/wp\/v2\/users\/139"}],"replies":[{"embeddable":true,"href":"https:\/\/www.elche.es\/va\/wp-json\/wp\/v2\/comments?post=178505"}],"version-history":[{"count":2,"href":"https:\/\/www.elche.es\/va\/wp-json\/wp\/v2\/pages\/178505\/revisions"}],"predecessor-version":[{"id":268325,"href":"https:\/\/www.elche.es\/va\/wp-json\/wp\/v2\/pages\/178505\/revisions\/268325"}],"up":[{"embeddable":true,"href":"https:\/\/www.elche.es\/va\/wp-json\/wp\/v2\/pages\/171647"}],"wp:attachment":[{"href":"https:\/\/www.elche.es\/va\/wp-json\/wp\/v2\/media?parent=178505"}],"curies":[{"name":"wp","href":"https:\/\/api.w.org\/{rel}","templated":true}]}}