{"id":181859,"date":"2022-02-03T14:12:42","date_gmt":"2022-02-03T13:12:42","guid":{"rendered":"https:\/\/www.elche.es\/?page_id=181859"},"modified":"2024-03-20T10:44:26","modified_gmt":"2024-03-20T08:44:26","slug":"accessos-linia-elx-av","status":"publish","type":"page","link":"https:\/\/www.elche.es\/va\/mobilitat\/accessos-linia-elx-av\/","title":{"rendered":"Accessos l\u00ednia Elx AV"},"content":{"rendered":"<div class=\"wpb-content-wrapper\"><p>[vc_row full_width=&#8221;stretch_row&#8221; css=&#8221;.vc_custom_1612954909459{padding-top: 60px !important;padding-right: 40px !important;padding-bottom: 60px !important;padding-left: 40px !important;background-image: url(https:\/\/www.elche.es\/wp-content\/uploads\/2021\/02\/slider-ave.jpg?id=134973) !important;background-position: center !important;background-repeat: no-repeat !important;background-size: cover !important;}&#8221;][vc_column][vc_custom_heading text=&#8221;ACCESSOS L\u00cdNIA ELX AV&#8221; font_container=&#8221;tag:h2|text_align:center|color:%23ffffff&#8221; google_fonts=&#8221;font_family:Ubuntu%3A300%2C300italic%2Cregular%2Citalic%2C500%2C500italic%2C700%2C700italic|font_style:700%20bold%20regular%3A700%3Anormal&#8221; el_class=&#8221;sombraTitulo cabeceramovil&#8221;][\/vc_column][\/vc_row][vc_row full_width=&#8221;stretch_row_content_no_spaces&#8221; content_placement=&#8221;middle&#8221; css=&#8221;.vc_custom_1611055652003{margin-top: -80px !important;padding-top: 30px !important;padding-right: 30px !important;padding-bottom: 30px !important;padding-left: 30px !important;background-color: #00a997 !important;}&#8221; el_id=&#8221;bloque_menu_enlaces&#8221;][vc_column]<div class=\"sc_section menubodas  aligncenter\"><div class=\"sc_section_inner\"><\/div><\/div>[\/vc_column][\/vc_row][vc_row full_width=&#8221;stretch_row_content_no_spaces&#8221; content_placement=&#8221;middle&#8221; css=&#8221;.vc_custom_1611043207973{padding-top: 60px !important;background-color: #ffffff !important;}&#8221;][vc_column]<div class=\"sc_section aligncenter\"><div class=\"sc_section_inner\"><div class=\"sc_content content_wrap\"><div class=\"columns_wrap sc_columns columns_nofluid sc_columns_count_2\"><div class=\"column-1_2 sc_column_item sc_column_item_1 odd first\">[vc_column_text css=&#8221;.vc_custom_1643912962367{margin-bottom: 20px !important;}&#8221;]Des de l&#8217;Ajuntament d&#8217;Elx li oferim informaci\u00f3 de les possibilitats per a l&#8217;acc\u00e9s a la nova Estaci\u00f3 Elx AV.<\/p>\n<p>COORDENADES ESTACI\u00d3 AV ELX: <a class=\"set_position\" href=\"https:\/\/goo.gl\/maps\/hAYMC1gUshfczhMo6\" target=\"_blank\" rel=\"noopener noreferrer\" data-lon=\"-0.76356\" data-zoom=\"18\" data-name=\"38.24719, -0.76356\">38.24719, -0.76356<\/a>[\/vc_column_text]<figure class=\"sc_image  sc_image_shape_square\"><img decoding=\"async\" src=\"https:\/\/www.elche.es\/wp-content\/uploads\/2021\/02\/mapa-ave.jpg\" alt=\"\" \/><\/figure>[vc_column_text css=&#8221;.vc_custom_1643913948757{margin-top: 20px !important;}&#8221;]<\/p>\n<p style=\"text-align: left;\">Pot calcular la ruta des de la seua ubicaci\u00f3 a l&#8217;Estaci\u00f3 AV, en pr\u00e9mer al bot\u00f3 haur\u00e0 d&#8217;acceptar el perm\u00eds d&#8217;ubicaci\u00f3, aquest perm\u00eds nom\u00e9s servir\u00e0 per a un \u00fas, sense perill per a vost\u00e9.<\/p>\n<p>[\/vc_column_text][vc_btn title=&#8221;Des de la seua ubicaci\u00f3&#8221; color=&#8221;vista-blue&#8221; size=&#8221;lg&#8221; align=&#8221;center&#8221; i_icon_fontawesome=&#8221;fas fa-map-marker-alt&#8221; button_block=&#8221;true&#8221; add_icon=&#8221;true&#8221; custom_onclick=&#8221;true&#8221; el_id=&#8221;calcular_ruta&#8221; custom_onclick_code=&#8221;veoruta();&#8221; el_class=&#8221;colorboton&#8221;][vc_column_text css=&#8221;.vc_custom_1664966143357{margin-top: 20px !important;}&#8221;]<\/p>\n<p style=\"text-align: left;\"><strong><br \/>\nQUANT PUC TARDAR DES DE:<\/strong><\/p>\n<p style=\"text-align: left; padding-left: 120px;\">Alacant 23 min.<br \/>\nSanta Pola 22 min.<br \/>\nM\u00farcia 37 min.<br \/>\nTorrevella\u00a033 min.<\/p>\n<p>[\/vc_column_text][vc_empty_space height=&#8221;40px&#8221;][vc_column_text]<\/p>\n<p style=\"text-align: left;\"><strong>El servei<\/strong><br \/>\nEls viatgers dels trens AVE que circulen per la l\u00ednia Madrid-Elx-Oriola disposaran de dues classes. Els viatgers comptaran amb Centres de Servei al Client en els quals disposaran d&#8217;informaci\u00f3, aix\u00ed com dels instruments necessaris per a formalitzar qualsevol mena de suggeriment o reclamaci\u00f3.<\/p>\n<p>[\/vc_column_text][vc_btn title=&#8221;Compra els bitllets en l\u00ednia&#8221; color=&#8221;vista-blue&#8221; align=&#8221;center&#8221; button_block=&#8221;true&#8221; link=&#8221;url:https%3A%2F%2Fwww.renfe.com%2Fes%2Fes%2Fgrupo-renfe%2Fcomunicacion%2Frenfe-al-dia%2Fsala-de-prensa%2Fvalencia%2Fave-madrid-orihuela-comenzara-servicio-comercial-1febrero|target:_blank&#8221; el_class=&#8221;colorboton&#8221; css=&#8221;.vc_custom_1643913752844{margin-top: 30px !important;}&#8221;]<\/div><div class=\"column-1_2 sc_column_item sc_column_item_2 even\">[vc_text_separator title=&#8221;Autob\u00fas Urb\u00e0&#8221; i_icon_fontawesome=&#8221;fas fa-bus&#8221; i_color=&#8221;vista_blue&#8221; add_icon=&#8221;true&#8221;][vc_btn title=&#8221;Horaris i Tarifes&#8221; color=&#8221;vista-blue&#8221; align=&#8221;center&#8221; button_block=&#8221;true&#8221; link=&#8221;url:%20https%3A%2F%2Fwww.auesa.com%2Fes%2Foficina-virtual%2Ftarifas-y-bonos%20_blank|title:Horaris%20i%20tarifes|target:_blank&#8221; el_class=&#8221;colorboton&#8221;][vc_text_separator title=&#8221;Accessos amb cotxe&#8221; i_icon_fontawesome=&#8221;fas fa-car-side&#8221; i_color=&#8221;vista_blue&#8221; add_icon=&#8221;true&#8221;][vc_btn title=&#8221;Per autovia A-7 des d&#8217;Alacant&#8221; color=&#8221;vista-blue&#8221; align=&#8221;center&#8221; button_block=&#8221;true&#8221; link=&#8221;url:https%3A%2F%2Fwww.elche.es%2Fva%2Faccessos-linia-elx-av%2Facces-des-dalacant-linia-av-elx%2F|title:acc%C3%A9s%20l%C3%ADnea%20AV%20Elche%20Alicante&#8221; el_class=&#8221;colorboton&#8221;][vc_btn title=&#8221;Per autovia A-7 des de M\u00farcia&#8221; color=&#8221;vista-blue&#8221; align=&#8221;center&#8221; button_block=&#8221;true&#8221; link=&#8221;url:https%3A%2F%2Fwww.elche.es%2Fva%2Faccessos-linia-elx-av%2Facceso-desde-murcia-linea-av%2F|title:acc%C3%A9s%20l%C3%ADnea%20AV%20Elche%20Murcia&#8221; el_class=&#8221;colorboton&#8221;][vc_text_separator title=&#8221;Rutes calculades dins d&#8217;Elx&#8221; i_icon_fontawesome=&#8221;fas fa-map-marked-alt&#8221; i_color=&#8221;vista_blue&#8221; add_icon=&#8221;true&#8221;][vc_column_text css=&#8221;.vc_custom_1643913498568{padding-bottom: 20px !important;}&#8221;]<\/p>\n<p style=\"text-align: center; font-size: 13px;\">En el mapa pot moure el punt verd per a definir el punt d&#8217;eixida.<\/p>\n<p>[\/vc_column_text][vc_btn title=&#8221;Des de la Glorieta, Elx&#8221; color=&#8221;vista-blue&#8221; align=&#8221;center&#8221; button_block=&#8221;true&#8221; link=&#8221;url:http%3A%2F%2Fmap.project-osrm.org%2F%3Fz%3D14%26center%3D38.260660%252C-0.730076%26loc%3D38.266000%252C-0.696613%26loc%3D38.246893%252C-0.763839%26hl%3Des%26alt%3D0%26srv%3D0|title:Horarios%20y%20tarifas%20l%C3%ADnea%20AV%20Elche|target:_blank&#8221; el_class=&#8221;colorboton&#8221;][vc_text_separator title=&#8221;Rutes calculades exteriors&#8221; i_icon_fontawesome=&#8221;fas fa-map-marked-alt&#8221; i_color=&#8221;vista_blue&#8221; add_icon=&#8221;true&#8221;][vc_column_text css=&#8221;.vc_custom_1643913562390{padding-bottom: 20px !important;}&#8221;]<\/p>\n<p style=\"text-align: center; font-size: 13px;\">En el mapa pot moure el punt verd per a definir el punt d&#8217;eixida.<\/p>\n<p>[\/vc_column_text][vc_btn title=&#8221;SANTA POLA&#8221; color=&#8221;vista-blue&#8221; align=&#8221;center&#8221; button_block=&#8221;true&#8221; link=&#8221;url:http%3A%2F%2Fmap.project-osrm.org%2F%3Fz%3D13%26center%3D38.233393%252C-0.637550%26loc%3D38.196202%252C-0.560120%26loc%3D38.246893%252C-0.763839%26hl%3Des%26alt%3D0%26srv%3D0|title:Horarios%20y%20tarifas%20l%C3%ADnea%20AV%20Elche|target:_blank&#8221; el_class=&#8221;colorboton&#8221;][vc_btn title=&#8221;ALACANT&#8221; color=&#8221;vista-blue&#8221; align=&#8221;center&#8221; button_block=&#8221;true&#8221; link=&#8221;url:http%3A%2F%2Fmap.project-osrm.org%2F%3Fz%3D12%26center%3D38.301658%252C-0.537643%26loc%3D38.343305%252C-0.495179%26loc%3D38.246893%252C-0.763839%26hl%3Des%26alt%3D0%26srv%3D0|title:Horarios%20y%20tarifas%20l%C3%ADnea%20AV%20Elche|target:_blank&#8221; el_class=&#8221;colorboton&#8221;][vc_btn title=&#8221;M\u00daRCIA&#8221; color=&#8221;vista-blue&#8221; align=&#8221;center&#8221; button_block=&#8221;true&#8221; link=&#8221;url:http%3A%2F%2Fmap.project-osrm.org%2F%3Fz%3D11%26center%3D38.090256%252C-0.843201%26loc%3D37.979454%252C-1.137428%26loc%3D38.246893%252C-0.763839%26hl%3Des%26alt%3D0%26srv%3D0|title:Horarios%20y%20tarifas%20l%C3%ADnea%20AV%20Elche|target:_blank&#8221; el_class=&#8221;colorboton&#8221;][vc_btn title=&#8221;TORREVELLA&#8221; color=&#8221;vista-blue&#8221; align=&#8221;center&#8221; button_block=&#8221;true&#8221; link=&#8221;url:http%3A%2F%2Fmap.project-osrm.org%2F%3Fz%3D12%26center%3D38.113220%252C-0.722008%26loc%3D37.983767%252C-0.686109%26loc%3D38.246893%252C-0.763839%26hl%3Des%26alt%3D0%26srv%3D0|title:Horarios%20y%20tarifas%20l%C3%ADnea%20AV%20Elche|target:_blank&#8221; el_class=&#8221;colorboton&#8221;]<\/div><\/div><\/div><\/div><\/div>[\/vc_column][\/vc_row][vc_row full_width=&#8221;stretch_row_content_no_spaces&#8221; css=&#8221;.vc_custom_1615368189821{background-color: #ffffff !important;}&#8221;][vc_column][vc_separator color=&#8221;mulled_wine&#8221;][\/vc_column][\/vc_row][vc_row][vc_column][vc_empty_space][\/vc_column][\/vc_row][vc_row][vc_column][vc_raw_js]JTNDc2NyaXB0JTNFJTBBJTIwZnVuY3Rpb24lMjB2ZW9ydXRhJTI4JTI5JTdCJTBBJTIwJTIwJTIwJTIwJTIwJTIwJTIwJTIwaWYlMjhuYXZpZ2F0b3IuZ2VvbG9jYXRpb24lMjklN0IlMEElMjAlMjAlMjAlMjAlMjAlMjAlMjAlMjAlMjAlMjAlMjAlMjBuYXZpZ2F0b3IuZ2VvbG9jYXRpb24uZ2V0Q3VycmVudFBvc2l0aW9uJTI4ZnVuY3Rpb24lMjhwb3NpdGlvbiUyOSU3QiUwQSUyMCUyMCUyMCUyMCUyMCUyMCUyMCUyMCUyMCUyMCUyMCUyMCUyMCUyMCUyMCUyMHZhciUyMGxhdGl0dWRlJTIwJTNEJTIwcG9zaXRpb24uY29vcmRzLmxhdGl0dWRlJTNCJTBBJTIwJTIwJTIwJTIwJTIwJTIwJTIwJTIwJTIwJTIwJTIwJTIwJTIwJTIwJTIwJTIwdmFyJTIwbG9uZ2l0dWRlJTIwJTNEJTIwcG9zaXRpb24uY29vcmRzLmxvbmdpdHVkZSUzQiUwQXdpbmRvdy5vcGVuJTI4JTIyaHR0cCUzQSUyRiUyRm1hcC5wcm9qZWN0LW9zcm0ub3JnJTJGJTNGeiUzRDEzJTI2Y2VudGVyJTNEMzguMjYwNjYwJTI1MkMtMC43MzAwNzYlMjZsb2MlM0QlMjIlMkJsYXRpdHVkZSUyQiUyMiUyNTJDJTIyJTJCbG9uZ2l0dWRlJTJCJTIyJTI2bG9jJTNEMzguMjQ2ODkzJTI1MkMtMC43NjM4MzklMjZobCUzRGVzJTI2YWx0JTNEMCUyNnNydiUzRDAlMjIlMkMlMjJfYmxhbmslMjIlMjklM0IlMEElMDklMDklMDklMDklMkYlMkZkb2N1bWVudC5sb2NhdGlvbi5ocmVmJTNEJTIyaHR0cCUzQSUyRiUyRm1hcC5wcm9qZWN0LW9zcm0ub3JnJTJGJTNGeiUzRDEzJTI2Y2VudGVyJTNEMzguMjYwNjYwJTI1MkMtMC43MzAwNzYlMjZsb2MlM0QlMjIlMkJsYXRpdHVkZSUyQiUyMiUyNTJDJTIyJTJCbG9uZ2l0dWRlJTJCJTIyJTI2bG9jJTNEMzguMjQ2ODkzJTI1MkMtMC43NjM4MzklMjZobCUzRGVzJTI2YWx0JTNEMCUyNnNydiUzRDAlMjIlM0IlMEElMjAlMjAlMjAlMjAlMjAlMjAlMjAlMjAlMjAlMjAlMjAlMjAlN0QlMjklM0IlMEElMjAlMjAlMjAlMjAlMjAlMjAlMjAlMjAlN0RlbHNlJTBBYWxlcnQlMjglMjJTdSUyMG5hdmVnYWRvciUyMG5vJTIwc29wb3J0YSUyMGVzdGElMjBhY2NpJUMzJUIzbiUyMiUyOSUzQiUwQSUyMCUyMCUyMCUyMCU3RCUzQiUwQSUzQyUyRnNjcmlwdCUzRQ==[\/vc_raw_js][\/vc_column][\/vc_row]<\/p>\n<\/div>","protected":false},"excerpt":{"rendered":"<p>[vc_row full_width=&#8221;stretch_row&#8221; css=&#8221;.vc_custom_1612954909459{padding-top: 60px !important;padding-right: 40px !important;padding-bottom: 60px !important;padding-left: 40px !important;background-image: url(https:\/\/www.elche.es\/wp-content\/uploads\/2021\/02\/slider-ave.jpg?id=134973) !important;background-position: center !important;background-repeat: no-repeat !important;background-size: cover !important;}&#8221;][vc_column][vc_custom_heading text=&#8221;ACCESSOS L\u00cdNIA ELX AV&#8221; font_container=&#8221;tag:h2|text_align:center|color:%23ffffff&#8221; google_fonts=&#8221;font_family:Ubuntu%3A300%2C300italic%2Cregular%2Citalic%2C500%2C500italic%2C700%2C700italic|font_style:700%20bold%20regular%3A700%3Anormal&#8221; el_class=&#8221;sombraTitulo cabeceramovil&#8221;][\/vc_column][\/vc_row][vc_row full_width=&#8221;stretch_row_content_no_spaces&#8221; content_placement=&#8221;middle&#8221; css=&#8221;.vc_custom_1611055652003{margin-top: [&hellip;]<\/p>\n","protected":false},"author":144,"featured_media":0,"parent":6723,"menu_order":0,"comment_status":"closed","ping_status":"closed","template":"","meta":{"footnotes":""},"class_list":["post-181859","page","type-page","status-publish","hentry"],"_links":{"self":[{"href":"https:\/\/www.elche.es\/va\/wp-json\/wp\/v2\/pages\/181859","targetHints":{"allow":["GET"]}}],"collection":[{"href":"https:\/\/www.elche.es\/va\/wp-json\/wp\/v2\/pages"}],"about":[{"href":"https:\/\/www.elche.es\/va\/wp-json\/wp\/v2\/types\/page"}],"author":[{"embeddable":true,"href":"https:\/\/www.elche.es\/va\/wp-json\/wp\/v2\/users\/144"}],"replies":[{"embeddable":true,"href":"https:\/\/www.elche.es\/va\/wp-json\/wp\/v2\/comments?post=181859"}],"version-history":[{"count":2,"href":"https:\/\/www.elche.es\/va\/wp-json\/wp\/v2\/pages\/181859\/revisions"}],"predecessor-version":[{"id":280233,"href":"https:\/\/www.elche.es\/va\/wp-json\/wp\/v2\/pages\/181859\/revisions\/280233"}],"up":[{"embeddable":true,"href":"https:\/\/www.elche.es\/va\/wp-json\/wp\/v2\/pages\/6723"}],"wp:attachment":[{"href":"https:\/\/www.elche.es\/va\/wp-json\/wp\/v2\/media?parent=181859"}],"curies":[{"name":"wp","href":"https:\/\/api.w.org\/{rel}","templated":true}]}}