{"id":182399,"date":"2022-02-08T12:14:02","date_gmt":"2022-02-08T11:14:02","guid":{"rendered":"https:\/\/www.elche.es\/?page_id=182399"},"modified":"2022-02-08T12:16:13","modified_gmt":"2022-02-08T11:16:13","slug":"guia-per-a-acostar-la-sostenibilitat-a-restaurants-i-a-establiments-comercials-delx","status":"publish","type":"page","link":"https:\/\/www.elche.es\/va\/comerc\/guia-per-a-acostar-la-sostenibilitat-a-restaurants-i-a-establiments-comercials-delx\/","title":{"rendered":"Guia per a acostar la sostenibilitat a restaurants i a establiments comercials d\u2019Elx"},"content":{"rendered":"<div class=\"wpb-content-wrapper\"><p>[vc_row][vc_column]<div class=\"templatera_shortcode\"><div data-vc-full-width=\"true\" data-vc-full-width-init=\"false\" class=\"vc_row wpb_row vc_row-fluid slidersecciones vc_custom_1664278174677 vc_row-has-fill\"><div class=\"wpb_column vc_column_container vc_col-sm-12\"><div class=\"vc_column-inner\"><div class=\"wpb_wrapper\"><h2 style=\"color: #ffffff;text-align: center;font-family:Ubuntu;font-weight:700;font-style:normal\" class=\"vc_custom_heading vc_do_custom_heading sombraTitulo cabeceramovil\" >COMER\u00c7<\/h2><\/div><\/div><\/div><\/div><div class=\"vc_row-full-width vc_clearfix\"><\/div><div id=\"bloque_menu_enlaces\" data-vc-full-width=\"true\" data-vc-full-width-init=\"false\" data-vc-stretch-content=\"true\" class=\"vc_row wpb_row vc_row-fluid bloque_menu_paginas abajoslider bloquemnuestop bloquemnuestopbajo oculto vc_custom_1707832233466 vc_row-has-fill vc_row-no-padding\"><div class=\"wpb_column vc_column_container vc_col-sm-12\"><div class=\"vc_column-inner\"><div class=\"wpb_wrapper\">\r\n        \r\n        <a class=\"menuVC\"  href=\"https:\/\/www.elche.es\/va\/comerc\"> <span> Inici <\/span><\/a>\r\n        \r\n        <a class=\"menuVC\"  href=\"https:\/\/www.elche.es\/va\/comerc\/guia-per-a-acostar-la-sostenibilitat-a-restaurants-i-a-establiments-comercials-delx\/\"> <span> Guia per a acostar la sostenibilitat <\/span><\/a>\r\n        \r\n        <a class=\"menuVC\"  href=\"https:\/\/www.elxbonoconsumo.es\/\"> <span> Bons Consum <\/span><\/a><\/div><\/div><\/div><\/div><div class=\"vc_row-full-width vc_clearfix\"><\/div><\/div>[\/vc_column][\/vc_row][vc_row][vc_column][vc_column_text css=&#8221;.vc_custom_1644318651831{margin-bottom: 15px !important;padding-top: 10px !important;}&#8221;]<\/p>\n<h3>Guia per a acostar la sostenibilitat a restaurants i a establiments comercials d\u2019Elx<\/h3>\n<p>[\/vc_column_text][\/vc_column][\/vc_row][vc_row][vc_column width=&#8221;1\/2&#8243;][vc_empty_space height=&#8221;64px&#8221;][vc_column_text css=&#8221;.vc_custom_1644318698655{margin-bottom: 15px !important;}&#8221;]Les Regidories de Comer\u00e7 i Medi Ambient han impulsat una guia per a acostar la sostenibilitat a restaurants i a establiments comercials del municipi. La publicaci\u00f3 \u00e9s un manual pr\u00e0ctic i esquem\u00e0tic de f\u00e0cil consulta que pret\u00e9n ser una eina \u00fatil per a les pimes de la localitat i per aix\u00f2, s\u2019orienta a proposar bones pr\u00e0ctiques que, per la seua simplicitat i baix cost, servisquen per a obtindre resultats r\u00e0pids i una alta rendibilitat, tot aix\u00f2 sense afectar el normal desenvolupament de l\u2019activitat dels negocis.<br aria-hidden=\"true\" \/><br aria-hidden=\"true\" \/>Segons ha explicat el regidor de Comer\u00e7, Felip S\u00e0nchez, \u00abaquesta iniciativa va dirigida tant a empresaris, prove\u00efdors com a clients i t\u00e9 com a objectiu conscienciar i proporcionar informaci\u00f3 perqu\u00e8 aquests locals es convertisquen en negocis sostenibles\u00bb. A m\u00e9s, el regidor ha assenyalat que el disseny de la guia segueix criteris de sostenibilitat des d\u2019una perspectiva econ\u00f2mica, social i mediambiental.[\/vc_column_text][vc_empty_space]<a href=\"https:\/\/www.elche.es\/wp-content\/uploads\/2022\/01\/GuiaComercioElche-PDFdigital-VAL.pdf\" target=\"_blank\" class=\"sc_button sc_button_square sc_button_style_filled style_original sc_button_size_large aligncenter btndentronoticia margin_top_small margin_right_huge margin_bottom_small margin_left_huge\">DESC\u00c0RREGA LA GUIA AC\u00cd<\/a>[\/vc_column][vc_column width=&#8221;1\/2&#8243;][vc_single_image image=&#8221;181939&#8243; img_size=&#8221;full&#8221; onclick=&#8221;custom_link&#8221; img_link_target=&#8221;_blank&#8221; link=&#8221;https:\/\/www.elche.es\/wp-content\/uploads\/2022\/01\/GuiaComercioElche-PDFdigital-VAL.pdf&#8221;][\/vc_column][\/vc_row][vc_column][\/vc_column][vc_column][\/vc_column]<\/p>\n<\/div>","protected":false},"excerpt":{"rendered":"COMER\u00c7 Inici Guia per a acostar la sostenibilitat Bons Consum Guia per a acostar la sostenibilitat a restaurants i a establiments comercials d\u2019Elx Les Regidories de Comer\u00e7 i Medi Ambient [...]","protected":false},"author":144,"featured_media":0,"parent":117757,"menu_order":0,"comment_status":"closed","ping_status":"closed","template":"","meta":{"footnotes":""},"class_list":["post-182399","page","type-page","status-publish","hentry"],"_links":{"self":[{"href":"https:\/\/www.elche.es\/va\/wp-json\/wp\/v2\/pages\/182399","targetHints":{"allow":["GET"]}}],"collection":[{"href":"https:\/\/www.elche.es\/va\/wp-json\/wp\/v2\/pages"}],"about":[{"href":"https:\/\/www.elche.es\/va\/wp-json\/wp\/v2\/types\/page"}],"author":[{"embeddable":true,"href":"https:\/\/www.elche.es\/va\/wp-json\/wp\/v2\/users\/144"}],"replies":[{"embeddable":true,"href":"https:\/\/www.elche.es\/va\/wp-json\/wp\/v2\/comments?post=182399"}],"version-history":[{"count":0,"href":"https:\/\/www.elche.es\/va\/wp-json\/wp\/v2\/pages\/182399\/revisions"}],"up":[{"embeddable":true,"href":"https:\/\/www.elche.es\/va\/wp-json\/wp\/v2\/pages\/117757"}],"wp:attachment":[{"href":"https:\/\/www.elche.es\/va\/wp-json\/wp\/v2\/media?parent=182399"}],"curies":[{"name":"wp","href":"https:\/\/api.w.org\/{rel}","templated":true}]}}