{"id":183293,"date":"2022-02-11T13:19:02","date_gmt":"2022-02-11T12:19:02","guid":{"rendered":"https:\/\/www.elche.es\/?page_id=183293"},"modified":"2022-06-30T08:37:11","modified_gmt":"2022-06-30T07:37:11","slug":"contratacion-de-publicidad","status":"publish","type":"page","link":"https:\/\/www.elche.es\/va\/comunicacio\/contratacion-de-publicidad\/","title":{"rendered":"Contrataci\u00f3n de publicidad"},"content":{"rendered":"<div class=\"wpb-content-wrapper\"><p>[vc_row][vc_column]<div class=\"templatera_shortcode\"><div id=\"bloque_titulo\" data-vc-full-width=\"true\" data-vc-full-width-init=\"false\" class=\"vc_row wpb_row vc_row-fluid slidersecciones vc_custom_1611737201257 vc_row-has-fill\"><div class=\"wpb_column vc_column_container vc_col-sm-12\"><div class=\"vc_column-inner\"><div class=\"wpb_wrapper\"><h2 style=\"color: #ffffff;text-align: center;font-family:Ubuntu;font-weight:700;font-style:normal\" class=\"vc_custom_heading vc_do_custom_heading sombraTitulo cabeceramovil\" >COMUNICACI\u00d3<\/h2><\/div><\/div><\/div><\/div><div class=\"vc_row-full-width vc_clearfix\"><\/div><div id=\"bloque_menu_enlaces\" data-vc-full-width=\"true\" data-vc-full-width-init=\"false\" data-vc-stretch-content=\"true\" class=\"vc_row wpb_row vc_row-fluid bloquemnuestop vc_custom_1629977340156 vc_row-has-fill vc_row-no-padding\"><div class=\"wpb_column vc_column_container vc_col-sm-12\"><div class=\"vc_column-inner\"><div class=\"wpb_wrapper\">\r\n        \r\n        <a class=\"menuVC\"  href=\"https:\/\/www.elche.es\/va\/comunicacio\/imagen-corporativa\/\"> <span> Imatge corporativa <\/span><\/a>\r\n        \r\n        <a class=\"menuVC\"  href=\"https:\/\/www.elche.es\/va\/comunicacio\/contratacion-de-publicidad\/\"> <span> Contractaci\u00f3 de publicitat <\/span><\/a>\r\n        \r\n        <a class=\"menuVC\"  href=\"https:\/\/www.elche.es\/va\/publicitat-institucional\/\"> <span> Publicitat institucional <\/span><\/a><\/div><\/div><\/div><\/div><div class=\"vc_row-full-width vc_clearfix\"><\/div><\/div>[\/vc_column][\/vc_row][vc_row full_width=&#8221;stretch_row&#8221; css=&#8221;.vc_custom_1475486881904{background-color: #dddde0 !important;}&#8221;][vc_column offset=&#8221;vc_hidden-sm vc_hidden-xs&#8221;][vc_column_text]<nav aria-label=\"breadcrumbs\">\n            <div class=\"breadcrumb-container theme1\">\n                <ol>\n                                    <\/ol>\n            <\/div>\n        <\/nav>    <script type=\"application\/ld+json\">\n        {\n            \"@context\": \"http:\/\/schema.org\",\n            \"@type\": \"BreadcrumbList\",\n            \"itemListElement\": [\n                            ]\n        }\n    <\/script>\n    <style type=\"text\/css\">\n        .breadcrumb-container {\n            font-size: 13px;\n        }\n\n        .breadcrumb-container ul {\n            margin: 0;\n            padding: 0;\n        }\n\n        .breadcrumb-container li {\n            box-sizing: unset;\n            display: inline-block;\n            margin: 0;\n            padding: 0;\n        }\n\n        .breadcrumb-container li a {\n            box-sizing: unset;\n            padding: 0 10px;\n        }\n\n        .breadcrumb-container {\n            font-size: 3 !important;\n                    }\n\n        .breadcrumb-container li a {\n            color: #0a0a0a !important;\n            font-size: 3 !important;\n            line-height: 3 !important;\n                    }\n\n        .breadcrumb-container li .separator {\n            font-size: 3 !important;\n                    }\n\n        .breadcrumb-container li:last-child .separator {\n            display: none;\n        }\n    <\/style>\n    <style type=\"text\/css\">\n        .breadcrumb-container.theme1 li {\n            margin: 0;\n            padding: 0;\n        }\n        .breadcrumb-container.theme1 a {\n            background: ;\n            display: inline-block;\n            margin: 0 5px;\n            padding: 5px 10px;\n            text-decoration: none;\n        }\n    <\/style>\n        <style type=\"text\/css\">\n            <\/style>\n    <script>\n            <\/script>\n[\/vc_column_text][\/vc_column][\/vc_row][vc_row full_width=&#8221;stretch_row&#8221; css=&#8221;.vc_custom_1644579686505{margin-top: 20px !important;}&#8221;][vc_column][vc_column_text css=&#8221;.vc_custom_1644580491785{margin-bottom: 20px !important;}&#8221;]<\/p>\n<h4 class=\"page-header\">Formulario de env\u00edo de presupuestos<br \/>\n<span style=\"color: #999999;\">Formulari d\u2019enviament de pressupostos<\/span><\/h4>\n<p>[\/vc_column_text][vc_raw_html]JTVCY29udGFjdC1mb3JtLTclMjBpZCUzRCUyMjE4MzIzNiUyMiUyMHRpdGxlJTNEJTIyRm9ybXVsYXJpbyUyMGRlJTIwcHJlc3VwdWVzdG9zJTIwcHVibGljaWRhZCUyMiU1RA==[\/vc_raw_html][\/vc_column][\/vc_row][vc_row full_width=&#8221;stretch_row&#8221; css=&#8221;.vc_custom_1644580338471{margin-top: 40px !important;}&#8221;][vc_column][vc_column_text]<\/p>\n<hr \/>\n<p>[\/vc_column_text][vc_column_text]<\/p>\n<h4 class=\"page-header\">Adjudicaci\u00f3n de servicios y suministros del Departamento de Comunicaci\u00f3n<br \/>\n<span style=\"color: #808080;\">Adjudicaci\u00f3 de serveis i subministraments del Departament de Comunicaci\u00f3<\/span><\/h4>\n<p>[\/vc_column_text][vc_raw_html]JTNDZGl2JTIwY2xhc3MlM0QlMjJpbmZvZ3JhbS1lbWJlZCUyMiUyMGRhdGEtaWQlM0QlMjJjb250cmF0b3NfY29tdW5pY2FjaW9uJTIyJTIwZGF0YS10eXBlJTNEJTIyaW50ZXJhY3RpdmUlMjIlMjBkYXRhLXRpdGxlJTNEJTIyQ09OVFJBVE9TJTIwQ09NVU5JQ0FDSU9OJTIyJTNFJTNDJTJGZGl2JTNFJTNDc2NyaXB0JTNFJTIxZnVuY3Rpb24lMjhlJTJDdCUyQ3MlMkNpJTI5JTdCdmFyJTIwbiUzRCUyMkluZm9ncmFtRW1iZWRzJTIyJTJDbyUzRGUuZ2V0RWxlbWVudHNCeVRhZ05hbWUlMjglMjJzY3JpcHQlMjIlMjklMkNkJTNEbyU1QjAlNUQlMkNyJTNEJTJGJTVFaHR0cCUzQSUyRi50ZXN0JTI4ZS5sb2NhdGlvbiUyOSUzRiUyMmh0dHAlM0ElMjIlM0ElMjJodHRwcyUzQSUyMiUzQmlmJTI4JTJGJTVFJTVDJTJGJTdCMiU3RCUyRi50ZXN0JTI4aSUyOSUyNiUyNiUyOGklM0RyJTJCaSUyOSUyQ3dpbmRvdyU1Qm4lNUQlMjYlMjZ3aW5kb3clNUJuJTVELmluaXRpYWxpemVkJTI5d2luZG93JTVCbiU1RC5wcm9jZXNzJTI2JTI2d2luZG93JTVCbiU1RC5wcm9jZXNzJTI4JTI5JTNCZWxzZSUyMGlmJTI4JTIxZS5nZXRFbGVtZW50QnlJZCUyOHMlMjklMjklN0J2YXIlMjBhJTNEZS5jcmVhdGVFbGVtZW50JTI4JTIyc2NyaXB0JTIyJTI5JTNCYS5hc3luYyUzRDElMkNhLmlkJTNEcyUyQ2Euc3JjJTNEaSUyQ2QucGFyZW50Tm9kZS5pbnNlcnRCZWZvcmUlMjhhJTJDZCUyOSU3RCU3RCUyOGRvY3VtZW50JTJDMCUyQyUyMmluZm9ncmFtLWFzeW5jJTIyJTJDJTIyJTJGJTJGZS5pbmZvZ3IuYW0lMkZqcyUyRmRpc3QlMkZlbWJlZC1sb2FkZXItbWluLmpzJTIyJTI5JTNCJTNDJTJGc2NyaXB0JTNFJTNDZGl2JTIwc3R5bGUlM0QlMjJwYWRkaW5nJTNBOHB4JTIwMCUzQmZvbnQtZmFtaWx5JTNBQXJpYWwlMjFpbXBvcnRhbnQlM0Jmb250LXNpemUlM0ExM3B4JTIxaW1wb3J0YW50JTNCbGluZS1oZWlnaHQlM0ExNXB4JTIxaW1wb3J0YW50JTNCdGV4dC1hbGlnbiUzQWNlbnRlciUzQmJvcmRlci10b3AlM0ExcHglMjBzb2xpZCUyMCUyM2RhZGFkYSUzQm1hcmdpbiUzQTAlMjAzMHB4JTIyJTNFJTNDYSUyMGhyZWYlM0QlMjJodHRwcyUzQSUyRiUyRmluZm9nci5hbSUyRmNvbnRyYXRvc19jb211bmljYWNpb24lMjIlMjBzdHlsZSUzRCUyMmNvbG9yJTNBJTIzOTg5ODk4JTIxaW1wb3J0YW50JTNCdGV4dC1kZWNvcmF0aW9uJTNBbm9uZSUyMWltcG9ydGFudCUzQiUyMiUyMHRhcmdldCUzRCUyMl9ibGFuayUyMiUyMHJlbCUzRCUyMm5vZm9sbG93JTIyJTNFQ09OVFJBVE9TJTIwQ09NVU5JQ0FDSU9OJTNDJTJGYSUzRSUzQ2JyJTNFJTNDYSUyMGhyZWYlM0QlMjJodHRwcyUzQSUyRiUyRmluZm9nci5hbSUyRmNyZWF0ZSUyRmxpbmUtY2hhcnQlM0Z1dG1fc291cmNlJTNEZW1iZWRfYm90dG9tJTI2dXRtX21lZGl1bSUzRHNlbyUyNnV0bV9jYW1wYWlnbiUzRGxpbmVfY2hhcnQlMjIlMjBzdHlsZSUzRCUyMmNvbG9yJTNBJTIzOTg5ODk4JTIxaW1wb3J0YW50JTNCdGV4dC1kZWNvcmF0aW9uJTNBbm9uZSUyMWltcG9ydGFudCUzQiUyMiUyMHRhcmdldCUzRCUyMl9ibGFuayUyMiUyMHJlbCUzRCUyMm5vZm9sbG93JTIyJTNFQ3JlYXRlJTIwbGluZSUyMGNoYXJ0cyUzQyUyRmElM0UlM0MlMkZkaXYlM0U=[\/vc_raw_html][\/vc_column][\/vc_row]<\/p>\n<\/div>","protected":false},"excerpt":{"rendered":"COMUNICACI\u00d3 Imatge corporativa Contractaci\u00f3 de publicitat Publicitat institucional Formulario de env\u00edo de presupuestos Formulari d\u2019enviament de pressupostos Nom de l\u2019empresa | Nombre de la empresa * N\u00famero de sol\u00b7licitud | [...]","protected":false},"author":144,"featured_media":0,"parent":7518,"menu_order":0,"comment_status":"closed","ping_status":"closed","template":"","meta":{"footnotes":""},"class_list":["post-183293","page","type-page","status-publish","hentry"],"_links":{"self":[{"href":"https:\/\/www.elche.es\/va\/wp-json\/wp\/v2\/pages\/183293","targetHints":{"allow":["GET"]}}],"collection":[{"href":"https:\/\/www.elche.es\/va\/wp-json\/wp\/v2\/pages"}],"about":[{"href":"https:\/\/www.elche.es\/va\/wp-json\/wp\/v2\/types\/page"}],"author":[{"embeddable":true,"href":"https:\/\/www.elche.es\/va\/wp-json\/wp\/v2\/users\/144"}],"replies":[{"embeddable":true,"href":"https:\/\/www.elche.es\/va\/wp-json\/wp\/v2\/comments?post=183293"}],"version-history":[{"count":0,"href":"https:\/\/www.elche.es\/va\/wp-json\/wp\/v2\/pages\/183293\/revisions"}],"up":[{"embeddable":true,"href":"https:\/\/www.elche.es\/va\/wp-json\/wp\/v2\/pages\/7518"}],"wp:attachment":[{"href":"https:\/\/www.elche.es\/va\/wp-json\/wp\/v2\/media?parent=183293"}],"curies":[{"name":"wp","href":"https:\/\/api.w.org\/{rel}","templated":true}]}}