{"id":183795,"date":"2022-02-16T11:47:05","date_gmt":"2022-02-16T10:47:05","guid":{"rendered":"https:\/\/www.elche.es\/derechos-sociales\/cartera-de-serveis\/serveis-de-promocio-de-lautonomia\/"},"modified":"2022-06-09T08:43:41","modified_gmt":"2022-06-09T07:43:41","slug":"serveis-de-promocio-de-lautonomia","status":"publish","type":"page","link":"https:\/\/www.elche.es\/va\/derechos-sociales\/cartera-de-serveis\/serveis-de-promocio-de-lautonomia\/","title":{"rendered":"SERVEIS DE PROMOCI\u00d3 DE L&#8217;AUTONOMIA"},"content":{"rendered":"<div class=\"wpb-content-wrapper\"><p>[vc_row][vc_column][\/vc_column][\/vc_row][vc_row full_width=&#8221;stretch_row&#8221; css=&#8221;.vc_custom_1527770805749{padding-top: 120px !important;padding-right: 120px !important;padding-bottom: 270px !important;padding-left: 120px !important;background-image: url(https:\/\/www.elche.es\/wp-content\/uploads\/2017\/04\/LOGO_BENESTAR_SOCIAL-copia-1.jpg?id=61173) !important;background-position: center !important;background-repeat: no-repeat !important;background-size: contain !important;}&#8221;][vc_column][vc_custom_heading text=&#8221;Servei de Promoci\u00f3 de l&#8217;Autonomia&#8221; font_container=&#8221;tag:h2|text_align:center|color:%23333333&#8243; google_fonts=&#8221;font_family:Ubuntu%3A300%2C300italic%2Cregular%2Citalic%2C500%2C500italic%2C700%2C700italic|font_style:700%20bold%20regular%3A700%3Anormal&#8221; css=&#8221;.vc_custom_1615988372565{padding-top: 80px !important;background-color: rgba(201,201,201,0.24) !important;*background-color: rgb(201,201,201) !important;}&#8221; el_class=&#8221;sombraTitulo&#8221;][\/vc_column][\/vc_row][vc_row full_width=&#8221;stretch_row_content_no_spaces&#8221; css=&#8221;.vc_custom_1475765564344{margin-top: -130px !important;padding-top: 30px !important;padding-right: 30px !important;padding-bottom: 30px !important;padding-left: 30px !important;background-color: rgba(0,169,151,0.8) !important;*background-color: rgb(0,169,151) !important;}&#8221; el_id=&#8221;bloque_menu_enlaces&#8221;][vc_column]<div id=\"sc_section_203427563\" class=\"sc_section margin_right_large margin_left_large aligncenter\"><div class=\"sc_section_inner\"><div id=\"sc_section_203427563_scroll\" class=\"sc_scroll sc_scroll_horizontal swiper-slider-container scroll-container\" style=\"\"><div class=\"sc_scroll_wrapper swiper-wrapper\"><div class=\"sc_scroll_slide swiper-slide\">\r\n        \r\n        <a class=\"menuVC\"  href=\"https:\/\/www.elche.es\/va\/derechos-sociales\/cartera-de-serveis\/serveis-de-promocio-de-lautonomia\/reconocimiento-de-situacion-de-dependencia\/\"> <span> Depend\u00e8ncia <\/span><\/a>\r\n        \r\n        <a class=\"menuVC\"  href=\"https:\/\/www.elche.es\/va\/derechos-sociales\/cartera-de-serveis\/serveis-de-promocio-de-lautonomia\/servei-ajuda-domicili-municipal\/\"> <span> Serveis d'Ajuda a Domicili Municipal (SAD) <\/span><\/a>\r\n        \r\n        <a class=\"menuVC\"  href=\"https:\/\/www.elche.es\/va\/derechos-sociales\/cartera-de-serveis\/serveis-de-promocio-de-lautonomia\/programa-menjar-a-casa\/\"> <span> Menjar a Casa <\/span><\/a>\r\n        \r\n        <a class=\"menuVC\"  href=\"https:\/\/www.elche.es\/va\/derechos-sociales\/cartera-de-serveis\/serveis-de-promocio-de-lautonomia\/servei-de-teleassistencia\/\"> <span> Teleassist\u00e8ncia <\/span><\/a>\r\n        \r\n        <a class=\"menuVC\"  href=\"https:\/\/www.elche.es\/va\/derechos-sociales\/cartera-de-serveis\/serveis-de-promocio-de-lautonomia\/tramits\/\"> <span> Prestacions Econ\u00f2miques <\/span><\/a><\/div><\/div><div id=\"sc_section_203427563_scroll_bar\" class=\"sc_scroll_bar sc_scroll_bar_horizontal sc_section_203427563_scroll_bar\"><\/div><\/div><\/div><\/div>[\/vc_column][\/vc_row][vc_row full_width=&#8221;stretch_row&#8221; css=&#8221;.vc_custom_1475484188729{background-color: #dddde0 !important;}&#8221;][vc_column][vc_column_text]<nav aria-label=\"breadcrumbs\">\n            <div class=\"breadcrumb-container theme1\">\n                <ol>\n                                    <\/ol>\n            <\/div>\n        <\/nav>    <script type=\"application\/ld+json\">\n        {\n            \"@context\": \"http:\/\/schema.org\",\n            \"@type\": \"BreadcrumbList\",\n            \"itemListElement\": [\n                            ]\n        }\n    <\/script>\n    <style type=\"text\/css\">\n        .breadcrumb-container {\n            font-size: 13px;\n        }\n\n        .breadcrumb-container ul {\n            margin: 0;\n            padding: 0;\n        }\n\n        .breadcrumb-container li {\n            box-sizing: unset;\n            display: inline-block;\n            margin: 0;\n            padding: 0;\n        }\n\n        .breadcrumb-container li a {\n            box-sizing: unset;\n            padding: 0 10px;\n        }\n\n        .breadcrumb-container {\n            font-size: 3 !important;\n                    }\n\n        .breadcrumb-container li a {\n            color: #0a0a0a !important;\n            font-size: 3 !important;\n            line-height: 3 !important;\n                    }\n\n        .breadcrumb-container li .separator {\n            font-size: 3 !important;\n                    }\n\n        .breadcrumb-container li:last-child .separator {\n            display: none;\n        }\n    <\/style>\n    <style type=\"text\/css\">\n        .breadcrumb-container.theme1 li {\n            margin: 0;\n            padding: 0;\n        }\n        .breadcrumb-container.theme1 a {\n            background: ;\n            display: inline-block;\n            margin: 0 5px;\n            padding: 5px 10px;\n            text-decoration: none;\n        }\n    <\/style>\n        <style type=\"text\/css\">\n            <\/style>\n    <script>\n            <\/script>\n[\/vc_column_text][\/vc_column][\/vc_row]<div class=\"sc_content content_wrap\"><div class=\"columns_wrap sc_columns columns_nofluid sc_columns_count_2\"><div class=\"column-1_2 sc_column_item sc_column_item_1 odd first\"><h3 class=\"sc_title sc_title_regular\">SERVEI DE PROMOCI\u00d3 DE L&#8217;AUTONOMIA<\/h3>[vc_column_text]Els serveis de promoci\u00f3 de l&#8217;autonomia desenvolupen la prevenci\u00f3, el diagn\u00f2stic i la intervenci\u00f3 en situacions de diversitat funcional o discapacitat, depend\u00e8ncia o vulnerabilitat i fomenten les relacions convivencials durant tot el cicle vital de les persones.[\/vc_column_text][vc_empty_space height=&#8221;50px&#8221;]<\/div><div class=\"column-1_2 sc_column_item sc_column_item_2 even\">[vc_empty_space height=&#8221;128px&#8221;][vc_column_text]\t\t\t\n\t\t\t\n\t\t\t\n\t\t\n<link rel=\"stylesheet\" href=\"https:\/\/unpkg.com\/leaflet@1.0.2\/dist\/leaflet.css\" \/>\n<script src=\"https:\/\/unpkg.com\/leaflet@1.0.2\/dist\/leaflet.js\"><\/script>\n<script src=\"https:\/\/unpkg.com\/leaflet-routing-machine@latest\/dist\/leaflet-routing-machine.js\"><\/script>\n<link rel=\"stylesheet\" href=\"https:\/\/unpkg.com\/leaflet-routing-machine@latest\/dist\/leaflet-routing-machine.css\" \/> \n\t <link rel=\"stylesheet\" href=\"https:\/\/unpkg.com\/leaflet-gesture-handling\/dist\/leaflet-gesture-handling.min.css\" type=\"text\/css\">\n\t <script src=\"https:\/\/unpkg.com\/leaflet-gesture-handling\"><\/script>\n<script src=\"https:\/\/unpkg.com\/leaflet.fullscreen@latest\/Control.FullScreen.js\"><\/script>\n\n\n<style>\n\t .fullscreen-icon { background-image: url(https:\/\/www.elche.es\/wp-content\/uploads\/2021\/02\/icon-fullscreen.png); }\n\t\t.leaflet-retina .fullscreen-icon { background-image: url(https:\/\/www.elche.es\/wp-content\/uploads\/2021\/02\/icon-fullscreen-2x.png); background-size: 26px 26px; }\n\t\t\/* one selector per rule as explained here : http:\/\/www.sitepoint.com\/html5-full-screen-api\/ *\/\n\t\t.leaflet-container:-webkit-full-screen { width: 100% !important; height: 100% !important; z-index: 99999; }\n\t\t.leaflet-container:-ms-fullscreen { width: 100% !important; height: 100% !important; z-index: 99999; }\n\t\t.leaflet-container:full-screen { width: 100% !important; height: 100% !important; z-index: 99999; }\n\t\t.leaflet-container:fullscreen { width: 100% !important; height: 100% !important; z-index: 99999; }\n\t\t.leaflet-pseudo-fullscreen { position: fixed !important; width: 100% !important; height: 100% !important; top: 0px !important; left: 0px !important; z-index: 99999; }\n  #map { \n \n  height:100vh; }\n  .leaflet-right {\n   \n    display: none !important;\n}\n  \n.map-scroll:before {\ncontent: 'Use ctrl + scroll para hacer zoom';\nposition: absolute;\ntop: 50%;\nleft: 50%;\nz-index: 999;\nfont-size: 34px;\ncolor:black !important;\nfont-weight: bold;\n }\n .map-scroll:after {\nposition: absolute;\nleft: 0;\nright: 0;\nbottom: 0;\ntop: 0;\ncontent: '';\nbackground: #00000061;\nz-index: 999;\n}<\/style>\n\n<div id=\"map\" class=\"stellar-places-map-canvas\" style=\"width: 100%; height: 400px;\"><\/div>\n\n  \n  \n  \n  \n  \n  \n  \n  \n  \n  \n  \n  \n  \n  \n  \n  \n  \n  \n  \n  \n  \n  \n  \n  \n  \n  \n  \n  \n  \n  \n  \n  \n\t\t\n\t\t\n\t\t<script>\n\n\nvar markers = [\n  [\"SIOA Poeta Miguel Hern\u00e1ndez\", 38.263405, -0.706766],[\"SIOA L&#8217;Altet\", 38.2729132, -0.5397490000000289],[\"SIOA La Marina\", 38.1446297, -0.6460732000000462],[\"Centre Social El Pla \u2013 Sector V\", 38.25287755505803, -0.7037417814248372],[\"Centre C\u00edvic Salvador Allende\", 38.25725030206677, -0.706619580718347],[\"Centre C\u00edvic Francesc Cant\u00f3\", 38.2708884078456, -0.7109603860145319],[\"Centre Social Matola\", 38.23318288936341, -0.7547147121160205],[\"Centre C\u00edvic Jubalcoi &#8211; Salades\", 38.2859043, -0.6438066000000617],[\"Centre C\u00edvic el Derramador\", 38.19517203719998, -0.7123462232788143],[\"Centre C\u00edvic La Penya de les \u00c1guiles\", 38.2619793, -0.7416527999999971],[\"Centre Social el Pla de Sant Josep\", 38.25905210000001, -0.7018709000000172],[\"Centre Social Balsares\", 38.2446958, -0.5653829999999971],[\"Centre Social 1\u00ba de Maig\", 38.27434415457459, -0.7099880502623819],[\"Centre social Altabix-Universidad\", 38.2794762, -0.6710686000000123],[\"Centre social Victoria Kent\", 38.27651136078091, -0.7129292663318589],[\"Centre social Sant Antoni\", 38.2679194, -0.6749741999999515],[\"Centre social Salvador Allende\", 38.2572032, -0.7066244999999753],[\"Centre social Mar\u00eda Teresa Sempere\", 38.2702328, -0.7133518000000549],[\"Centre social Poeta Miguel Hern\u00e1ndez\", 38.2634271, -0.7068518999999469],[\"Centre social Pla\u00e7a Barcelona\", 38.271926369499866, -0.7059076603960527],[\"Centre social Mar\u00eda del Carmen Mart\u00ednez Romero\", 38.2614599, -0.6789596999999503],[\"Centre social La Baia\", 38.22017630000001, -0.6448086999999987],[\"Centre social La Marina\", 38.14481992089884, -0.6464012882698673],[\"Centre social La Foia\", 38.2111142, -0.684332100000006],[\"Centre social Francesc Cant\u00f3\", 38.2705156, -0.7106231999999864],[\"Centre social El Raval\", 38.26052169004344, -0.6984918760164469],[\"Centre social El Pla &#8211; Sector V\", 38.25278, -0.7041699999999764],[\"Centre social L&#8217; Altet\", 38.27297444148169, -0.5408874889863335],[\"Centre social de Vallverda\", 38.234084647575465, -0.5925316478258871],[\"Centre Social de Torrellano\", 38.29487777494137, -0.5874644741694138],[\"Centre social de Perleta\", 38.250966087798055, -0.63375630754235],[\"Centre-Socio Cultural Manuel Canales Espinosa\", 38.272533795458024, -0.685246089117759]];\nvar zoom =10;\nvar map = L.map('map',{gestureHandling:true,fullscreenControl: true}).setView([38.268, -0.6664], zoom);\n\t\t\tmap.scrollWheelZoom.disable();\n\t\n\tL.tileLayer('https:\/\/{s}.tile.osm.org\/{z}\/{x}\/{y}.png', {\n\tattribution: '&copy; <a href=\"https:\/\/osm.org\/copyright\">OpenStreetMap<\/a> contributors'\n}).addTo(map);\n\t\t\t\nvar control = L.Routing.control({\n    routeWhileDragging: false,\n    reverseWaypoints: false,\n    showAlternatives: false,\n\tdraggableWaypoints:false,\n\t\/\/gestureHandling: true,\n\taddWaypoints:false,\n    lineOptions: {\n      styles: [{color: 'black', opacity:0.7, weight: 4}]\n    }\n   \n}).addTo(map);\n\t\t\t\n\t\t\tL.Routing.errorControl(control).addTo(map);\n\nL.Routing.Formatter = L.Class.extend({\n\toptions: {\n\t\tlanguage: 'sp'\n\t\t\n\t}\n});\n\t \/\/ detect fullscreen toggling\n\t\tmap.on('enterFullscreen', function(){\n\t\t\tif(window.console) window.console.log('enterFullscreen');\n\t\t});\n\t\tmap.on('exitFullscreen', function(){\n\t\t\tif(window.console) window.console.log('exitFullscreen');\n\t\t});\n\nfor (var i = 0; i < markers.length; i++) {\n  marker = new L.marker([markers[i][1],markers[i][2]])\n    .bindPopup(markers[i][0])\n    .addTo(map);\n};\n\n<\/script>\n\t\t\n\t\t\n\t\t\n\n\n<!-- -LOCATIONES-\n-->\n\t\t\n\t\t[\/vc_column_text]<\/div><\/div><div class=\"columns_wrap sc_columns columns_nofluid sc_columns_count_1\"><div class=\"column-1_1 sc_column_item sc_column_item_1 odd first\" style=\"text-align:center;\">[vc_empty_space][vc_icon icon_fontawesome=&#8221;fa fa-map-o&#8221; color=&#8221;black&#8221; size=&#8221;xl&#8221; align=&#8221;center&#8221; link=&#8221;url:http%3A%2F%2Ftramitarahora.ajuntamentdelx.es%2FSOCIOEDUCATIVA%2FBIENESTARSOCIAL%2FBuscadorCS%2F001_ppuntosres.aspx%3Flang%3D1|title:Localice%20su%20Centro%20Social||&#8221;][vc_custom_heading text=&#8221;Localitze el seu Centre Social&#8221; font_container=&#8221;tag:h5|text_align:center|color:%23000000|line_height:100%25&#8243; use_theme_fonts=&#8221;yes&#8221; link=&#8221;url:http%3A%2F%2Ftramitarahora.ajuntamentdelx.es%2FSOCIOEDUCATIVA%2FBIENESTARSOCIAL%2FBuscadorCS%2F001_ppuntosres.aspx%3Flang%3D1|title:Localitze%20el%20seu%20Centre%20Social|&#8221;][vc_empty_space height=&#8221;50px&#8221;][vc_empty_space height=&#8221;50px&#8221;][vc_empty_space height=&#8221;50px&#8221;][vc_empty_space height=&#8221;50px&#8221;]<\/div><\/div><\/div>\n<\/div>","protected":false},"excerpt":{"rendered":"<p>[vc_row][vc_column][\/vc_column][\/vc_row][vc_row full_width=&#8221;stretch_row&#8221; css=&#8221;.vc_custom_1527770805749{padding-top: 120px !important;padding-right: 120px !important;padding-bottom: 270px !important;padding-left: 120px !important;background-image: url(https:\/\/www.elche.es\/wp-content\/uploads\/2017\/04\/LOGO_BENESTAR_SOCIAL-copia-1.jpg?id=61173) !important;background-position: center !important;background-repeat: no-repeat !important;background-size: contain !important;}&#8221;][vc_column][vc_custom_heading text=&#8221;Servei de Promoci\u00f3 de l&#8217;Autonomia&#8221; font_container=&#8221;tag:h2|text_align:center|color:%23333333&#8243; google_fonts=&#8221;font_family:Ubuntu%3A300%2C300italic%2Cregular%2Citalic%2C500%2C500italic%2C700%2C700italic|font_style:700%20bold%20regular%3A700%3Anormal&#8221; css=&#8221;.vc_custom_1615988372565{padding-top: 80px !important;background-color: rgba(201,201,201,0.24) [&hellip;]<\/p>\n","protected":false},"author":131,"featured_media":0,"parent":18625,"menu_order":0,"comment_status":"closed","ping_status":"closed","template":"","meta":{"footnotes":""},"class_list":["post-183795","page","type-page","status-publish","hentry"],"_links":{"self":[{"href":"https:\/\/www.elche.es\/va\/wp-json\/wp\/v2\/pages\/183795","targetHints":{"allow":["GET"]}}],"collection":[{"href":"https:\/\/www.elche.es\/va\/wp-json\/wp\/v2\/pages"}],"about":[{"href":"https:\/\/www.elche.es\/va\/wp-json\/wp\/v2\/types\/page"}],"author":[{"embeddable":true,"href":"https:\/\/www.elche.es\/va\/wp-json\/wp\/v2\/users\/131"}],"replies":[{"embeddable":true,"href":"https:\/\/www.elche.es\/va\/wp-json\/wp\/v2\/comments?post=183795"}],"version-history":[{"count":0,"href":"https:\/\/www.elche.es\/va\/wp-json\/wp\/v2\/pages\/183795\/revisions"}],"up":[{"embeddable":true,"href":"https:\/\/www.elche.es\/va\/wp-json\/wp\/v2\/pages\/18625"}],"wp:attachment":[{"href":"https:\/\/www.elche.es\/va\/wp-json\/wp\/v2\/media?parent=183795"}],"curies":[{"name":"wp","href":"https:\/\/api.w.org\/{rel}","templated":true}]}}