{"id":184138,"date":"2022-02-17T13:18:40","date_gmt":"2022-02-17T12:18:40","guid":{"rendered":"https:\/\/www.elche.es\/?page_id=184138"},"modified":"2024-03-18T14:55:08","modified_gmt":"2024-03-18T12:55:08","slug":"declaracio-daccessibilitat","status":"publish","type":"page","link":"https:\/\/www.elche.es\/va\/declaracio-daccessibilitat\/","title":{"rendered":"Declaraci\u00f3 d&#8217;accessibilitat"},"content":{"rendered":"<div class=\"wpb-content-wrapper\"><p>[vc_row][vc_column][vc_column_text css=&#8221;.vc_custom_1710766421361{margin-top: 30px !important;margin-bottom: 30px !important;}&#8221;]<\/p>\n<div id=\"page-wrapper\">\n<div id=\"container\" class=\"container\">\n<div id=\"contentwrapper\" class=\"\">\n<div id=\"content\" class=\"withsidebar span8\">\n<div id=\"content-inner\">\n<div id=\"content-zone\">\n<div class=\"contentbody\">\n<div id=\"page-wrapper\">\n<div id=\"container\" class=\"container\">\n<div id=\"contentwrapper\" class=\"\">\n<p><strong>Declaraci\u00f3 d&#8217;accessibilitat<br \/>\n<\/strong>L&#8217;Ajuntament d&#8217;Elx s&#8217;ha comprom\u00e9s a fer accessible el seu lloc web de conformitat amb el <a href=\"https:\/\/www.boe.es\/diario_boe\/txt.php?id=BOE-A-2018-12699\">Reial Decret 1112\/2018, de 7 de setembre, sobre accesibilitat dels llocs web i aplicacions per a dispositius m\u00f2bils del sector p\u00fablic<\/a>, pel qual es transposa la\u00a0<a href=\"https:\/\/www.boe.es\/buscar\/doc.php?id=DOUE-L-2016-82305\">Directiva (UE) 2016\/2102<\/a>\u00a0del Parlament Europeu i del Consell, de 26 d&#8217;octubre de 2016.<\/p>\n<p>La present declaraci\u00f3 d&#8217;accessibilitat s&#8217;aplica al lloc web\u00a0<a href=\"https:\/\/www.elche.es\/\">https:\/\/www.elche.es\/<\/a>, excloent-hi els continguts incrustats provinents d&#8217;altres dominis.<\/p>\n<p><strong>Situaci\u00f3 de compliment<\/strong><br \/>\nAquest lloc web \u00e9s parcialment conforme amb el Reial decret 1112\/2018 a causa de la falta de conformitat dels aspectes que s&#8217;indiquen a continuaci\u00f3.<\/p>\n<p><strong>Contingut no accessible<\/strong><br \/>\nEl contingut que s&#8217;arreplega a continuaci\u00f3 no \u00e9s accessible pel seg\u00fcent:<\/p>\n<ol>\n<li><strong>Falta de conformitat amb el Reial Decret 1112\/2018<\/strong><\/li>\n<\/ol>\n<ul>\n<li>Existeixen logotips i imatges amb text alternatiu incorrecte o conf\u00fas i imatges complexes sense descripci\u00f3 textual [requisit n\u00famero 9.1.1.1 Contingut no textual, d&#8217;UNE-EN 301549:2022].<\/li>\n<li>Existeixen llistes creades de manera incorrecta (sense etiqueta de llista), taules amb cel\u00b7les etiquetades incorrectament i etiquetes invisibles en elements de formularis [requisit n\u00famero 9.1.3.1 Informaci\u00f3 i relacions, d&#8217;UNE-EN 301549:2022].<\/li>\n<li>Existeixen taules no adaptades a grand\u00e0ries de pantalla xicotetes i camps de formulari que no es visualitzen correctament en grand\u00e0ries de pantalla xicotetes [requisit n\u00famero 9.1.4.10 Reajustament de text, d&#8217;UNE-EN 301549:2022].<\/li>\n<li>Existeix text que en canviar els espais i altures de l\u00ednia no es visualitza correctament [requisit n\u00famero 9.1.4.12 Espaiat de text, d&#8217;UNE-EN 301549:2022].<\/li>\n<li>Existeixen elements que no s\u00f3n accessibles per teclat, com per exemple enlla\u00e7os a xarxes socials, l&#8217;editor de textos per a comentaris, elements per a ordenar resultats de cerca, la paginaci\u00f3 dels resultats de cerca o les fletxes de calendari [requisit n\u00famero 9.2.1.1 Teclat, d&#8217;UNE-EN 301549:2022].<\/li>\n<li>Hi ha elements que no reben el focus i per tant no es pot interactuar amb ells mitjan\u00e7ant el teclat, per exemple [requisit n\u00famero 9.2.4.3 Orde del focus, d&#8217;UNE-EN 301549:2022].<\/li>\n<li>Hi ha enlla\u00e7os en els quals no s&#8217;identifica correctament la seua funci\u00f3 (tenen una descripci\u00f3 inadequada, un text massa gen\u00e8ric, un t\u00edtol inadequat&#8230;) [requisit n\u00famero 9.2.4.4 Prop\u00f2sit dels enlla\u00e7os, d&#8217;UNE-EN 301549:2022].<\/li>\n<li>Hi ha encap\u00e7alats amb text repetit i\/o poc descriptiu [requisit n\u00famero 9.2.4.6 Encap\u00e7alats i etiquetes, d&#8217;UNE-EN 301549:2022].<\/li>\n<li>Existeixen imatges, infografies, textos d&#8217;enlla\u00e7os o botons, textos de titulars i contingut que no estan tradu\u00efts a altres idiomes [requisit n\u00famero 9.3.1.2 Idioma de les parts, d&#8217;UNE-EN 301549:2022].<\/li>\n<li>En alguna p\u00e0gina s&#8217;est\u00e0 usant la mateixa icona per a diferents prop\u00f2sits, la qual cosa genera confusi\u00f3 [requisit n\u00famero 9.3.2.4 Identificaci\u00f3 coherent, d&#8217;UNE-EN 301549:2022].<\/li>\n<li>Existeixen missatges d&#8217;error poc descriptius, o missatges d&#8217;error que no estan agrupats en un \u00fanic missatge aix\u00ed com falta de suggeriments en formulari per a emplenar els camps correctament [requisit n\u00famero 9.3.3.1 Identificaci\u00f3 d&#8217;errors, d&#8217;UNE-EN 301549:2022].<\/li>\n<li>Existeixen formularis amb camps obligatoris on no s&#8217;informa l&#8217;usuari d&#8217;aquest fet, aix\u00ed com camps on falta un exemple textual del format del camp (com per exemple el DNI) [requisit n\u00famero 9.3.3.2 Etiquetes i instruccions, d&#8217;UNE-EN 301549:2022].<\/li>\n<li>Existeixen camps de formularis on s&#8217;informa de l&#8217;error quan s&#8217;introdueix un valor incorrecte per\u00f2 no s&#8217;informa d&#8217;un suggeriment per a la seua correcci\u00f3 [requisit n\u00famero 9.3.3.3 Suggeriments davant errors, d&#8217;UNE-EN 301549:2022].<\/li>\n<li>Existeixen p\u00e0gines amb errors de sintaxi i, per tant, algun producte de suport pot no interpretar correctament el contingut\u00a0 (ID de p\u00e0gina duplicats, etiquetes sense tancar, construcci\u00f3 incorrecta d&#8217;etiquetes&#8230;)\u00a0 [requisit n\u00famero 9.4.1.1 Processament, d&#8217;UNE-EN 301549:2022].<\/li>\n<li>Existeixen p\u00e0gines en les quals els productes de suport no podran obtindre informaci\u00f3, interactuar i estar al corrent de l&#8217;estat dels controls d&#8217;interf\u00edcie d&#8217;usuari, com per exemple, missatges d&#8217;ajuda, missatges d&#8217;estat de resultat d&#8217;accions, atributs d&#8217;enlla\u00e7os, imatge d&#8217;idioma de p\u00e0gina&#8230; que no podran ser llegits per lectors de pantalla en el moment en qu\u00e8 apareixen [requisit n\u00famero 9.4.1.2 Nom, funci\u00f3, valor d&#8217;UNE-EN 301549:2022].<\/li>\n<li>Podrien existir fallades puntuals d&#8217;edici\u00f3 en alguna p\u00e0gina web.<\/li>\n<\/ul>\n<ol>\n<li><strong>C\u00e0rrega desproporcionada<\/strong><\/li>\n<\/ol>\n<p>No aplica.<\/p>\n<ol>\n<li><strong>El contingut no entra dins de l&#8217;\u00e0mbit de la legislaci\u00f3 aplicable<\/strong><\/li>\n<\/ol>\n<ul>\n<li>Poden existir arxius d&#8217;ofim\u00e0tica en PDF i altres formats publicats abans del 20 de setembre de 2018 que no complisquen \u00edntegrament tots els requisits d&#8217;accessibilitat. Encara que s&#8217;ha procurat que la majoria d&#8217;aquests s\u00ed que els complisquen.<\/li>\n<li>Pot haver-hi continguts de tercers que no estiguen desenvolupats per aquest Ajuntament ni estan sota el nostre control, com per exemple, arxius ofim\u00e0tics.<\/li>\n<\/ul>\n<p><strong>Preparaci\u00f3 de la present declaraci\u00f3 d&#8217;accessibilitat<\/strong><br \/>\nLa present declaraci\u00f3 va ser preparada el 27 de febrer de 2024.<br \/>\nEl m\u00e8tode emprat per a preparar la declaraci\u00f3 ha sigut una autoavaluaci\u00f3 duta a terme pel mateix Ajuntament.<\/p>\n<p><strong>Observacions i dades de contacte<\/strong><br \/>\nPot realitzar comunicacions sobre requisits d&#8217;accessibilitat (article 10.2.a) del RD 1112\/2018) com, per exemple:<\/p>\n<ul>\n<li>Informar sobre qualsevol possible incompliment per part d&#8217;aquest lloc web.<\/li>\n<li>Transmetre altres dificultats d&#8217;acc\u00e9s al contingut.<\/li>\n<li>Formular qualsevol altra consulta o suggeriment de millora relativa a l&#8217;accessibilitat del lloc web mitjan\u00e7ant el tel\u00e8fon 966 65 80 00.<\/li>\n<\/ul>\n<p><strong>Pot presentar:<\/strong><\/p>\n<ul>\n<li>Una queixa relativa al compliment dels requisits del RD 1112\/2018<\/li>\n<li>Una sol\u00b7licitud d&#8217;Informaci\u00f3 accessible relativa a:\n<ul>\n<li>Continguts que estan exclosos de l&#8217;\u00e0mbit d&#8217;aplicaci\u00f3 del RD 1112\/2018 segons el que s&#8217;estableix per l&#8217;article 3, apartat 4.<\/li>\n<li>Continguts que estan exempts del compliment dels requisits d&#8217;accessibilitat per imposar una c\u00e0rrega desproporcionada.<\/li>\n<\/ul>\n<\/li>\n<\/ul>\n<p>En la Sol\u00b7licitud d&#8217;informaci\u00f3 accessible, s&#8217;ha de concretar, amb tota claredat, els fets, raons i petici\u00f3 que permeten constatar que es tracta d&#8217;una sol\u00b7licitud raonable i leg\u00edtima.<\/p>\n<p>Les comunicacions, queixes i sol\u00b7licituds d&#8217;informaci\u00f3 accessible seran rebudes i tractades per la Unitat Responsable d&#8217;Accessibilitat de l&#8217;Ajuntament d&#8217;Elx.<\/p>\n<p><strong>Procediment d&#8217;aplicaci\u00f3<\/strong><br \/>\nSi una vegada realitzada una sol\u00b7licitud d&#8217;informaci\u00f3 accessible o queixa, aquesta haguera sigut desestimada, no s&#8217;estiguera d&#8217;acord amb la decisi\u00f3 adoptada, o la resposta no complira els requisits contemplats en l&#8217;article 12.5, la persona interessada podr\u00e0 iniciar una reclamaci\u00f3. Igualment es podr\u00e0 iniciar una reclamaci\u00f3 en el cas que haja transcorregut el termini de vint dies h\u00e0bils sense haver obtingut resposta.<\/p>\n<p>La reclamaci\u00f3 pot ser presentada trav\u00e9s de la <a href=\"https:\/\/sede.elche.es\/sta\/CarpetaPublic\/doEvent?APP_CODE=STA&amp;PAGE_CODE=CATALOGO&amp;DETALLE=6269000000563998199500\">Inst\u00e0ncia de Sugger\u00e8ncies i Reclamacions<\/a>, aix\u00ed com en la resta d&#8217;opcions arreplegades en la Llei 39\/ 2015, d&#8217;1 d&#8217;octubre, del Procediment Administratiu Com\u00fa de les Administracions P\u00fabliques.<\/p>\n<p>Les reclamacions seran rebudes i tractades per la Unitat Responsable d&#8217;Accessibilitat de l&#8217;Ajuntament d&#8217;Elx.<\/p>\n<p>&nbsp;<\/p>\n<\/div>\n<\/div>\n<\/div>\n<\/div>\n<\/div>\n<\/div>\n<\/div>\n<\/div>\n<\/div>\n<\/div>\n<p>[\/vc_column_text][\/vc_column][\/vc_row]<\/p>\n<\/div>","protected":false},"excerpt":{"rendered":"<p>[vc_row][vc_column][vc_column_text css=&#8221;.vc_custom_1710766421361{margin-top: 30px !important;margin-bottom: 30px !important;}&#8221;] Declaraci\u00f3 d&#8217;accessibilitat L&#8217;Ajuntament d&#8217;Elx s&#8217;ha comprom\u00e9s a fer accessible el seu lloc web de conformitat amb el Reial Decret 1112\/2018, de 7 de setembre, [&hellip;]<\/p>\n","protected":false},"author":144,"featured_media":0,"parent":0,"menu_order":0,"comment_status":"closed","ping_status":"closed","template":"","meta":{"footnotes":""},"class_list":["post-184138","page","type-page","status-publish","hentry"],"_links":{"self":[{"href":"https:\/\/www.elche.es\/va\/wp-json\/wp\/v2\/pages\/184138","targetHints":{"allow":["GET"]}}],"collection":[{"href":"https:\/\/www.elche.es\/va\/wp-json\/wp\/v2\/pages"}],"about":[{"href":"https:\/\/www.elche.es\/va\/wp-json\/wp\/v2\/types\/page"}],"author":[{"embeddable":true,"href":"https:\/\/www.elche.es\/va\/wp-json\/wp\/v2\/users\/144"}],"replies":[{"embeddable":true,"href":"https:\/\/www.elche.es\/va\/wp-json\/wp\/v2\/comments?post=184138"}],"version-history":[{"count":3,"href":"https:\/\/www.elche.es\/va\/wp-json\/wp\/v2\/pages\/184138\/revisions"}],"predecessor-version":[{"id":280151,"href":"https:\/\/www.elche.es\/va\/wp-json\/wp\/v2\/pages\/184138\/revisions\/280151"}],"wp:attachment":[{"href":"https:\/\/www.elche.es\/va\/wp-json\/wp\/v2\/media?parent=184138"}],"curies":[{"name":"wp","href":"https:\/\/api.w.org\/{rel}","templated":true}]}}