{"id":184654,"date":"2022-02-21T10:35:12","date_gmt":"2022-02-21T09:35:12","guid":{"rendered":"https:\/\/www.elche.es\/derechos-sociales\/cartera-de-serveis\/concejalia-de-igualdad\/casa-de-la-dona\/espai-empreses\/campanyes\/"},"modified":"2022-02-21T10:37:15","modified_gmt":"2022-02-21T09:37:15","slug":"campanyes","status":"publish","type":"page","link":"https:\/\/www.elche.es\/va\/derechos-sociales\/cartera-de-serveis\/concejalia-de-igualdad\/casa-de-la-dona\/espai-empreses\/campanyes\/","title":{"rendered":"Campanyes"},"content":{"rendered":"<div class=\"wpb-content-wrapper\"><p>[vc_row full_width=&#8221;stretch_row&#8221; css=&#8221;.vc_custom_1619175343215{background-image: url(https:\/\/www.elche.es\/wp-content\/uploads\/2017\/05\/media-vida-principal.jpg?id=23993) !important;background-position: center !important;background-repeat: no-repeat !important;background-size: cover !important;}&#8221; el_id=&#8221;bloque_titulo&#8221; el_class=&#8221;slidersecciones&#8221;][vc_column][vc_custom_heading text=&#8221;Espai Empreses&#8221; font_container=&#8221;tag:h2|text_align:center|color:%23ffffff&#8221; google_fonts=&#8221;font_family:Ubuntu%3A300%2C300italic%2Cregular%2Citalic%2C500%2C500italic%2C700%2C700italic|font_style:700%20bold%20regular%3A700%3Anormal&#8221; el_class=&#8221;sombraTitulo cabeceramovil&#8221;][\/vc_column][\/vc_row][vc_row][vc_column]<div class=\"templatera_shortcode\"><div id=\"bloque_menu_enlaces\" data-vc-full-width=\"true\" data-vc-full-width-init=\"false\" data-vc-stretch-content=\"true\" class=\"vc_row wpb_row vc_row-fluid bloquemnuestop vc_custom_1621935189952 vc_row-has-fill vc_row-no-padding\"><div class=\"centrado-texto wpb_column vc_column_container vc_col-sm-12\"><div class=\"vc_column-inner\"><div class=\"wpb_wrapper\">\r\n        \r\n        <a class=\"menuVC\"  href=\"https:\/\/www.elche.es\/va\/derechos-sociales\/cartera-de-serveis\/concejalia-de-igualdad\/casa-de-la-dona\/campanyes-casa-de-la-dona\/\"> <span> Campanyes <\/span><\/a>\r\n        \r\n        <a class=\"menuVC\"  href=\"https:\/\/www.elche.es\/va\/derechos-sociales\/cartera-de-serveis\/concejalia-de-igualdad\/casa-de-la-dona\/activitats-i-materials\/\"> <span> Activitats i materials <\/span><\/a>\r\n        \r\n        <a class=\"menuVC\"  href=\"https:\/\/www.elche.es\/va\/derechos-sociales\/cartera-de-serveis\/concejalia-de-igualdad\/casa-de-la-dona\/consejo-municipal-mujer\/\"> <span> Consell Municipal Dona <\/span><\/a>\r\n        \r\n        <a class=\"menuVC\"  href=\"https:\/\/www.elche.es\/va\/derechos-sociales\/cartera-de-serveis\/concejalia-de-igualdad\/casa-de-la-dona\/espai-empreses\/\"> <span> Espai Empreses <\/span><\/a>\r\n        \r\n        <a class=\"menuVC\"  href=\"https:\/\/www.elche.es\/va\/derechos-sociales\/cartera-de-serveis\/concejalia-de-igualdad\/casa-de-la-dona\/plans-municipals\/\"> <span> Plans Municipals <\/span><\/a>\r\n        \r\n        <a class=\"menuVC\"  href=\"https:\/\/www.elche.es\/va\/derechos-sociales\/cartera-de-serveis\/concejalia-de-igualdad\/casa-de-la-dona\/memories\/\"> <span> Mem\u00f2ries <\/span><\/a><\/div><\/div><\/div><\/div><div class=\"vc_row-full-width vc_clearfix\"><\/div><\/div>[\/vc_column][\/vc_row][vc_row full_width=&#8221;stretch_row&#8221; css=&#8221;.vc_custom_1475488224066{background-color: #dddde0 !important;}&#8221;][vc_column][vc_column_text]<nav aria-label=\"breadcrumbs\">\n            <div class=\"breadcrumb-container theme1\">\n                <ol>\n                                    <\/ol>\n            <\/div>\n        <\/nav>    <script type=\"application\/ld+json\">\n        {\n            \"@context\": \"http:\/\/schema.org\",\n            \"@type\": \"BreadcrumbList\",\n            \"itemListElement\": [\n                            ]\n        }\n    <\/script>\n    <style type=\"text\/css\">\n        .breadcrumb-container {\n            font-size: 13px;\n        }\n\n        .breadcrumb-container ul {\n            margin: 0;\n            padding: 0;\n        }\n\n        .breadcrumb-container li {\n            box-sizing: unset;\n            display: inline-block;\n            margin: 0;\n            padding: 0;\n        }\n\n        .breadcrumb-container li a {\n            box-sizing: unset;\n            padding: 0 10px;\n        }\n\n        .breadcrumb-container {\n            font-size: 3 !important;\n                    }\n\n        .breadcrumb-container li a {\n            color: #0a0a0a !important;\n            font-size: 3 !important;\n            line-height: 3 !important;\n                    }\n\n        .breadcrumb-container li .separator {\n            font-size: 3 !important;\n                    }\n\n        .breadcrumb-container li:last-child .separator {\n            display: none;\n        }\n    <\/style>\n    <style type=\"text\/css\">\n        .breadcrumb-container.theme1 li {\n            margin: 0;\n            padding: 0;\n        }\n        .breadcrumb-container.theme1 a {\n            background: ;\n            display: inline-block;\n            margin: 0 5px;\n            padding: 5px 10px;\n            text-decoration: none;\n        }\n    <\/style>\n        <style type=\"text\/css\">\n            <\/style>\n    <script>\n            <\/script>\n[\/vc_column_text][\/vc_column][\/vc_row][vc_row full_width=&#8221;stretch_row&#8221;][vc_column]<div class=\"templatera_shortcode\"><div class=\"vc_row wpb_row vc_row-fluid\"><div class=\"wpb_column vc_column_container vc_col-sm-12\"><div class=\"vc_column-inner\"><div class=\"wpb_wrapper\">\n\t<div class=\"wpb_text_column wpb_content_element vc_custom_1655198597379 tblanco\" >\n\t\t<div class=\"wpb_wrapper\">\n\t\t\t<p style=\"text-align: center;\">Actualment, el contingut d'aquesta p\u00e0gina est\u00e0 en desenvolupament. Disculpeu les mol\u00e8sties.<\/p>\n\n\t\t<\/div>\n\t<\/div>\n<\/div><\/div><\/div><\/div><\/div>[\/vc_column][\/vc_row][vc_row full_width=&#8221;stretch_row&#8221;][vc_column]<h3 class=\"sc_title sc_title_regular sc_align_center margin_top_tiny margin_bottom_tiny\" style=\"text-align:center;\">Campanyes<\/h3>[\/vc_column][\/vc_row][vc_row full_width=&#8221;stretch_row&#8221;][vc_column]<div class=\"templatera_shortcode\"><div class=\"vc_row wpb_row vc_row-fluid vc_custom_1619178001675\"><div class=\"wpb_column vc_column_container vc_col-sm-3\"><div class=\"vc_column-inner\"><div class=\"wpb_wrapper\"><div class=\"vc_btn3-container vc_btn3-center vc_do_btn\" ><a class=\"vc_general vc_btn3 vc_btn3-size-md vc_btn3-shape-rounded vc_btn3-style-modern vc_btn3-block vc_btn3-color-vista-blue\" href=\"https:\/\/www.elche.es\/va\/derechos-sociales\/cartera-de-serveis\/concejalia-de-igualdad\/casa-de-la-dona\/espai-empreses\/segell-empresa-conciliadora\/\" title=\"\">SEGELL EMPRESA CONCILIADORA<\/a><\/div><\/div><\/div><\/div><div class=\"wpb_column vc_column_container vc_col-sm-3\"><div class=\"vc_column-inner\"><div class=\"wpb_wrapper\"><div class=\"vc_btn3-container vc_btn3-center vc_do_btn\" ><a class=\"vc_general vc_btn3 vc_btn3-size-md vc_btn3-shape-rounded vc_btn3-style-modern vc_btn3-block vc_btn3-color-vista-blue\" href=\"https:\/\/www.elche.es\/va\/derechos-sociales\/cartera-de-serveis\/concejalia-de-igualdad\/casa-de-la-dona\/espai-empreses\/campanyes\/\" title=\"\">CAMPANYES<\/a><\/div><\/div><\/div><\/div><div class=\"wpb_column vc_column_container vc_col-sm-3\"><div class=\"vc_column-inner\"><div class=\"wpb_wrapper\"><div class=\"vc_btn3-container vc_btn3-center vc_do_btn\" ><a class=\"vc_general vc_btn3 vc_btn3-size-md vc_btn3-shape-rounded vc_btn3-style-modern vc_btn3-block vc_btn3-color-vista-blue\" href=\"https:\/\/www.elche.es\/va\/derechos-sociales\/cartera-de-serveis\/concejalia-de-igualdad\/casa-de-la-dona\/espai-empreses\/creacio-dempreses\/\" title=\"\">CREACI\u00d3 D'EMPRESES<\/a><\/div><\/div><\/div><\/div><div class=\"wpb_column vc_column_container vc_col-sm-3\"><div class=\"vc_column-inner\"><div class=\"wpb_wrapper\"><div class=\"vc_btn3-container vc_btn3-center vc_do_btn\" ><a class=\"vc_general vc_btn3 vc_btn3-size-md vc_btn3-shape-rounded vc_btn3-style-modern vc_btn3-block vc_btn3-color-vista-blue\" href=\"https:\/\/www.elche.es\/va\/derechos-sociales\/cartera-de-serveis\/concejalia-de-igualdad\/casa-de-la-dona\/espai-empreses\/documentacio-relacionada\/\" title=\"\">DOCUMENTACI\u00d3 RELACIONADA<\/a><\/div><\/div><\/div><\/div><\/div><\/div>[\/vc_column][\/vc_row][vc_row][vc_column][\/vc_column][\/vc_row][vc_row][vc_column]<div class=\"templatera_shortcode\"><div class=\"vc_row wpb_row vc_row-fluid vc_custom_1619168098255\"><div class=\"wpb_column vc_column_container vc_col-sm-6\"><div class=\"vc_column-inner\"><div class=\"wpb_wrapper\"><div id='modulo_datos_contacto'> <p class='titulo_datos_contacto'>Dades de contacte <\/p> <hr><p class=\"contactoArea\"> <i class=\"fa fa-map-marker\" aria-hidden=\"true\"><\/i>Avinguda Jubalcoi, 34. 03202<\/p><p class=\"contactoArea\"><i class=\"fa fa-phone\" aria-hidden=\"true\"><\/i>965441175<\/p><p class=\"contactoArea\"><i class=\"fa fa-envelope\" aria-hidden=\"true\"><\/i><a href=\"mailto:igualdad@elche.es\"> igualdad@elche.es<\/a><\/p><p class=\"contactoArea\"><i class=\"fa fa-globe\" aria-hidden=\"true\"><\/i><a href=\"http:\/\/www.casadeladona.com\"> http:\/\/www.casadeladona.com<\/a><\/p><div id='contacto-rrss'><\/div><\/div><\/div><\/div><\/div><div class=\"wpb_column vc_column_container vc_col-sm-6\"><div class=\"vc_column-inner\"><div class=\"wpb_wrapper\"><div\r\n                id=\"sbs-openstreetmap-block-69e2f62e29b05\" \r\n                class=\"sbs_openstreetmap_module\" \r\n                data-map-style=\"OpenStreetMap.DE\"\r\n                data-map-style-key=\"\"\r\n                data-zoom=\"15\" \r\n                data-ctrl-mouse-zoom=\"true\" \r\n                data-latitude=\"38.279390\" \r\n                data-longitude=\"-0.671220\" \r\n                data-routing=\"false\" \r\n                data-destination-marker=\"0\" \r\n                data-router=\"osrmv1\" \r\n                data-router-key=\"\" \r\n                data-show-attribution=\"true\" \r\n                data-geocoder=\"nominatim\" \r\n                data-geocoder-key=\"\" \r\n                data-center-marker=\"0\"\r\n                data-marker-list='[]'>\r\n                <div class=\"sbs_openstreetmap_container\" style=\"padding-bottom: 50%\"><\/div>\r\n                <div class=\"marker_list\">\r\n                                    <\/div>\r\n            <\/div><\/div><\/div><\/div><\/div><\/div>[\/vc_column][vc_column][\/vc_column][\/vc_row][vc_row el_class=&#8221;ocultar&#8221;][vc_column][sbs_wpb_openstreetmap map_style=&#8221;openstreetmap_de&#8221; ctrl_mouse_zoom=&#8221;&#8221;][\/sbs_wpb_openstreetmap][\/vc_column][\/vc_row]<\/p>\n<\/div>","protected":false},"excerpt":{"rendered":"Espai Empreses Campanyes Activitats i materials Consell Municipal Dona Espai Empreses Plans Municipals Mem\u00f2ries Actualment, el contingut d'aquesta p\u00e0gina est\u00e0 en desenvolupament. Disculpeu les mol\u00e8sties. CampanyesSEGELL EMPRESA CONCILIADORACAMPANYESCREACI\u00d3 D'EMPRESESDOCUMENTACI\u00d3 RELACIONADA [...]","protected":false},"author":1,"featured_media":0,"parent":184403,"menu_order":0,"comment_status":"closed","ping_status":"closed","template":"","meta":{"footnotes":""},"class_list":["post-184654","page","type-page","status-publish","hentry"],"_links":{"self":[{"href":"https:\/\/www.elche.es\/va\/wp-json\/wp\/v2\/pages\/184654","targetHints":{"allow":["GET"]}}],"collection":[{"href":"https:\/\/www.elche.es\/va\/wp-json\/wp\/v2\/pages"}],"about":[{"href":"https:\/\/www.elche.es\/va\/wp-json\/wp\/v2\/types\/page"}],"author":[{"embeddable":true,"href":"https:\/\/www.elche.es\/va\/wp-json\/wp\/v2\/users\/1"}],"replies":[{"embeddable":true,"href":"https:\/\/www.elche.es\/va\/wp-json\/wp\/v2\/comments?post=184654"}],"version-history":[{"count":0,"href":"https:\/\/www.elche.es\/va\/wp-json\/wp\/v2\/pages\/184654\/revisions"}],"up":[{"embeddable":true,"href":"https:\/\/www.elche.es\/va\/wp-json\/wp\/v2\/pages\/184403"}],"wp:attachment":[{"href":"https:\/\/www.elche.es\/va\/wp-json\/wp\/v2\/media?parent=184654"}],"curies":[{"name":"wp","href":"https:\/\/api.w.org\/{rel}","templated":true}]}}