{"id":184728,"date":"2022-02-21T11:55:51","date_gmt":"2022-02-21T10:55:51","guid":{"rendered":"https:\/\/www.elche.es\/derechos-sociales\/serveis-dacolliment-i-datencio-davant-situacions-de-necessitat-social\/"},"modified":"2022-02-21T11:55:52","modified_gmt":"2022-02-21T10:55:52","slug":"serveis-dacolliment-i-datencio-davant-situacions-de-necessitat-social","status":"publish","type":"page","link":"https:\/\/www.elche.es\/va\/derechos-sociales\/serveis-dacolliment-i-datencio-davant-situacions-de-necessitat-social\/","title":{"rendered":"SERVEIS D&#8217;ACOLLIMENT I D&#8217;ATENCI\u00d3 DAVANT SITUACIONS DE NECESSITAT SOCIAL"},"content":{"rendered":"<div class=\"wpb-content-wrapper\"><p>&nbsp;[vc_row][vc_column][\/vc_column][\/vc_row][vc_row full_width=&#8221;stretch_row&#8221; css=&#8221;.vc_custom_1527770805749{padding-top: 120px !important;padding-right: 120px !important;padding-bottom: 270px !important;padding-left: 120px !important;background-image: url(https:\/\/www.elche.es\/wp-content\/uploads\/2017\/04\/LOGO_BENESTAR_SOCIAL-copia-1.jpg?id=61173) !important;background-position: center !important;background-repeat: no-repeat !important;background-size: contain !important;}&#8221;][vc_column][vc_custom_heading text=&#8221;SERVEIS D&#8217;ACOLLIMENT I D&#8217;ATENCI\u00d3 DAVANT SITUACIONS DE NECESSITAT SOCIAL&#8221; font_container=&#8221;tag:h2|text_align:center|color:%23333333&#8243; google_fonts=&#8221;font_family:Ubuntu%3A300%2C300italic%2Cregular%2Citalic%2C500%2C500italic%2C700%2C700italic|font_style:700%20bold%20regular%3A700%3Anormal&#8221; css=&#8221;.vc_custom_1615880873940{padding-top: 80px !important;background-color: rgba(201,201,201,0.24) !important;*background-color: rgb(201,201,201) !important;}&#8221; el_class=&#8221;sombraTitulo&#8221;][\/vc_column][\/vc_row][vc_row full_width=&#8221;stretch_row_content_no_spaces&#8221; css=&#8221;.vc_custom_1475765564344{margin-top: -130px !important;padding-top: 30px !important;padding-right: 30px !important;padding-bottom: 30px !important;padding-left: 30px !important;background-color: rgba(0,169,151,0.8) !important;*background-color: rgb(0,169,151) !important;}&#8221; el_id=&#8221;bloque_menu_enlaces&#8221;][vc_column]<div id=\"sc_section_1521820971\" class=\"sc_section margin_right_large margin_left_large aligncenter\"><div class=\"sc_section_inner\"><div id=\"sc_section_1521820971_scroll\" class=\"sc_scroll sc_scroll_horizontal swiper-slider-container scroll-container\" style=\"\"><div class=\"sc_scroll_wrapper swiper-wrapper\"><div class=\"sc_scroll_slide swiper-slide\">\r\n        \r\n        <a class=\"menuVC\"  href=\"https:\/\/www.elche.es\/derechos-sociales\/cartera-de-servicios\/programa-informacion\/\"> <span> Servei d'Informaci\u00f3, Orientaci\u00f3 i Assessorament (SIOA) <\/span><\/a>\r\n        \r\n        <a class=\"menuVC\"  href=\"https:\/\/www.elche.es\/derechos-sociales\/cartera-de-servicios\/dependencia\/tramites\/servicio-ayuda-domicilio-municipal\/\"> <span> Serveis d'Ajuda a Domicili Municipal (SAD) <\/span><\/a>\r\n        \r\n        <a class=\"menuVC\"  href=\"https:\/\/www.elche.es\/derechos-sociales\/cartera-de-servicios\/dependencia\/tramites\/programa-menjar-a-casa\/\"> <span> Menjar a Casa <\/span><\/a>\r\n        \r\n        <a class=\"menuVC\"  href=\"https:\/\/www.elche.es\/derechos-sociales\/cartera-de-servicios\/dependencia\/tramites\/servicio-de-teleasistencia\/\"> <span> Teleassist\u00e8ncia <\/span><\/a>\r\n        \r\n        <a class=\"menuVC\"  href=\"https:\/\/www.elche.es\/derechos-sociales\/cartera-de-servicios\/dependencia\/tramites\/prestaciones-economicas\/\"> <span> Prestacions Econ\u00f2miques Eliminaci\u00f3 de Barreres Arquitect\u00f2niques <\/span><\/a>\r\n        \r\n        <a class=\"menuVC\"  href=\"https:\/\/www.elche.es\/derechos-sociales\/cartera-de-servicios\/dependencia\/tramites\/ayudas-para-el-desarrollo-personal-de-personas-mayores\/\"> <span> Prestacions Econ\u00f2miques Desenvolupament de l'Autonomia Personal <\/span><\/a><\/div><\/div><div id=\"sc_section_1521820971_scroll_bar\" class=\"sc_scroll_bar sc_scroll_bar_horizontal sc_section_1521820971_scroll_bar\"><\/div><\/div><\/div><\/div>[\/vc_column][\/vc_row][vc_row full_width=&#8221;stretch_row&#8221; css=&#8221;.vc_custom_1475484188729{background-color: #dddde0 !important;}&#8221;][vc_column][vc_column_text]<nav aria-label=\"breadcrumbs\">\n            <div class=\"breadcrumb-container theme1\">\n                <ol>\n                                    <\/ol>\n            <\/div>\n        <\/nav>    <script type=\"application\/ld+json\">\n        {\n            \"@context\": \"http:\/\/schema.org\",\n            \"@type\": \"BreadcrumbList\",\n            \"itemListElement\": [\n                            ]\n        }\n    <\/script>\n    <style type=\"text\/css\">\n        .breadcrumb-container {\n            font-size: 13px;\n        }\n\n        .breadcrumb-container ul {\n            margin: 0;\n            padding: 0;\n        }\n\n        .breadcrumb-container li {\n            box-sizing: unset;\n            display: inline-block;\n            margin: 0;\n            padding: 0;\n        }\n\n        .breadcrumb-container li a {\n            box-sizing: unset;\n            padding: 0 10px;\n        }\n\n        .breadcrumb-container {\n            font-size: 3 !important;\n                    }\n\n        .breadcrumb-container li a {\n            color: #0a0a0a !important;\n            font-size: 3 !important;\n            line-height: 3 !important;\n                    }\n\n        .breadcrumb-container li .separator {\n            font-size: 3 !important;\n                    }\n\n        .breadcrumb-container li:last-child .separator {\n            display: none;\n        }\n    <\/style>\n    <style type=\"text\/css\">\n        .breadcrumb-container.theme1 li {\n            margin: 0;\n            padding: 0;\n        }\n        .breadcrumb-container.theme1 a {\n            background: ;\n            display: inline-block;\n            margin: 0 5px;\n            padding: 5px 10px;\n            text-decoration: none;\n        }\n    <\/style>\n        <style type=\"text\/css\">\n            <\/style>\n    <script>\n            <\/script>\n[\/vc_column_text][\/vc_column][\/vc_row]<div class=\"sc_content content_wrap\"><div class=\"columns_wrap sc_columns columns_nofluid sc_columns_count_2\"><div class=\"column-1_2 sc_column_item sc_column_item_1 odd first\"><h3 class=\"sc_title sc_title_regular\">SERVEIS DE PROMOCI\u00d3 DE L&#8217;AUTONOMIA<\/h3>[vc_column_text]Els serveis de promoci\u00f3 de l&#8217;autonomia desenvolupen la prevenci\u00f3, el diagn\u00f2stic i la intervenci\u00f3 en situacions de diversitat funcional o de discapacitat, depend\u00e8ncia o vulnerabilitat, mitjan\u00e7ant el foment de les relacions convivencials durant tot el cicle vital de les persones.<\/p>\n<p>Estan dirigits a tota aquella poblaci\u00f3 que requerisca orientaci\u00f3, assessorament i\/o suport per a la gesti\u00f3 de recursos encaminats a oferir resoluci\u00f3 davant problem\u00e0tiques derivades de l&#8217;atenci\u00f3 a persones majors, persones amb diversitat funcional i\/o malaltia mental, tant als mateixos interessats com als seus familiars.<\/p>\n<p>Tamb\u00e9 s&#8217;inclouen aquelles que, en aquest col\u00b7lectiu, es puguen trobar en situaci\u00f3 de risc o en situacions susceptibles d&#8217;incapacitaci\u00f3 personal i que precisen un suport educatiu i\/o supervisi\u00f3 continuada per a poder mantindre els m\u00ednims de Benestar Social que aconseguisquen evitar la deterioraci\u00f3 de la seua situaci\u00f3 i el risc d&#8217;una major marginalitzaci\u00f3.[\/vc_column_text][vc_empty_space height=&#8221;50px&#8221;]<\/div><div class=\"column-1_2 sc_column_item sc_column_item_2 even\">[vc_empty_space height=&#8221;128px&#8221;][vc_column_text]<div id=\"map184728\" class=\"stellar-places-map-canvas sbs_openstreetmap_module\" data-style=\"openstreetmap_de\" data-zoom=\"15\" data-zoomable=\"true\" data-latitude=\"\" data-longitude=\"\" data-show-attribution=\"true\" data-marker-source=\"coordinates\" data-marker-address=\"\" data-marker-latitude=\"\" data-marker-longitude=\"\" data-marker-center=\"true\" data-marker-icon=\"\" data-marker-color=\"red\" data-marker-text=\"\"><div class=\"sbs_openstreetmap_container leaflet-container leaflet-touch leaflet-fade-anim leaflet-touch-zoom\" style=\"padding-bottom: 50%; position: relative; outline: currentcolor none medium;\" tabindex=\"0\" data-gesture-handling-touch-content=\"Para mover el mapa, utiliza dos dedos\" data-gesture-handling-scroll-content=\"Mant\u00e9n pulsada la tecla Ctrl mientras te desplazas para acercar o alejar el mapa\"><\/div><\/div>\n\n\n\n\n<!-- -LOCATIONES-\n-->\n\t\t\n\t\t[\/vc_column_text]<\/div><\/div><div class=\"columns_wrap sc_columns columns_nofluid sc_columns_count_1\"><div class=\"column-1_1 sc_column_item sc_column_item_1 odd first\" style=\"text-align:center;\">[vc_empty_space][vc_icon icon_fontawesome=&#8221;fa fa-map-o&#8221; color=&#8221;black&#8221; size=&#8221;xl&#8221; align=&#8221;center&#8221; link=&#8221;url:http%3A%2F%2Ftramitarahora.ajuntamentdelx.es%2FSOCIOEDUCATIVA%2FBIENESTARSOCIAL%2FBuscadorCS%2F001_ppuntosres.aspx%3Flang%3D1|title:Localice%20su%20Centro%20Social||&#8221;][vc_custom_heading text=&#8221;Localitze el seu Centre Social&#8221; font_container=&#8221;tag:h5|text_align:center|color:%23000000|line_height:100%25&#8243; use_theme_fonts=&#8221;yes&#8221; link=&#8221;url:http%3A%2F%2Ftramitarahora.ajuntamentdelx.es%2FSOCIOEDUCATIVA%2FBIENESTARSOCIAL%2FBuscadorCS%2F001_ppuntosres.aspx%3Flang%3D1|title:Localitze%20el%20seu%20Centre%20Social|&#8221;][vc_empty_space height=&#8221;50px&#8221;][vc_empty_space height=&#8221;50px&#8221;][vc_empty_space height=&#8221;50px&#8221;][vc_empty_space height=&#8221;50px&#8221;]<\/div><\/div><\/div>[vc_row][vc_column]\r\n        <p>\r\n        <span class=\"enlaces-titulo\"> TR\u00c0MITS <\/span> <span><a class=\"enlaces-link\" href=\"https:\/\/www.elche.es\/derechos-sociales\/cartera-de-servicios\/dependencia\/? \">Veure enlla\u00e7<\/a><\/span>\r\n        <br>\r\n        <span class=\"enlaces-descripcion\"><\/span>\r\n        <\/p>\r\n        <hr class=\"enlaces-separador\">\r\n        [\/vc_column][\/vc_row]&nbsp;<\/p>\n<\/div>","protected":false},"excerpt":{"rendered":"<p>&nbsp;[vc_row][vc_column][\/vc_column][\/vc_row][vc_row full_width=&#8221;stretch_row&#8221; css=&#8221;.vc_custom_1527770805749{padding-top: 120px !important;padding-right: 120px !important;padding-bottom: 270px !important;padding-left: 120px !important;background-image: url(https:\/\/www.elche.es\/wp-content\/uploads\/2017\/04\/LOGO_BENESTAR_SOCIAL-copia-1.jpg?id=61173) !important;background-position: center !important;background-repeat: no-repeat !important;background-size: contain !important;}&#8221;][vc_column][vc_custom_heading text=&#8221;SERVEIS D&#8217;ACOLLIMENT I D&#8217;ATENCI\u00d3 DAVANT SITUACIONS DE NECESSITAT SOCIAL&#8221; font_container=&#8221;tag:h2|text_align:center|color:%23333333&#8243; google_fonts=&#8221;font_family:Ubuntu%3A300%2C300italic%2Cregular%2Citalic%2C500%2C500italic%2C700%2C700italic|font_style:700%20bold%20regular%3A700%3Anormal&#8221; [&hellip;]<\/p>\n","protected":false},"author":131,"featured_media":0,"parent":27955,"menu_order":0,"comment_status":"closed","ping_status":"closed","template":"","meta":{"footnotes":""},"class_list":["post-184728","page","type-page","status-publish","hentry"],"_links":{"self":[{"href":"https:\/\/www.elche.es\/va\/wp-json\/wp\/v2\/pages\/184728","targetHints":{"allow":["GET"]}}],"collection":[{"href":"https:\/\/www.elche.es\/va\/wp-json\/wp\/v2\/pages"}],"about":[{"href":"https:\/\/www.elche.es\/va\/wp-json\/wp\/v2\/types\/page"}],"author":[{"embeddable":true,"href":"https:\/\/www.elche.es\/va\/wp-json\/wp\/v2\/users\/131"}],"replies":[{"embeddable":true,"href":"https:\/\/www.elche.es\/va\/wp-json\/wp\/v2\/comments?post=184728"}],"version-history":[{"count":0,"href":"https:\/\/www.elche.es\/va\/wp-json\/wp\/v2\/pages\/184728\/revisions"}],"up":[{"embeddable":true,"href":"https:\/\/www.elche.es\/va\/wp-json\/wp\/v2\/pages\/27955"}],"wp:attachment":[{"href":"https:\/\/www.elche.es\/va\/wp-json\/wp\/v2\/media?parent=184728"}],"curies":[{"name":"wp","href":"https:\/\/api.w.org\/{rel}","templated":true}]}}