{"id":184767,"date":"2022-02-21T13:16:22","date_gmt":"2022-02-21T12:16:22","guid":{"rendered":"https:\/\/www.elche.es\/derechos-sociales\/serveis-dacolliment-i-datencio-davant-situacions-de-necessitat-social\/prestacions-economiques-individualitzades\/"},"modified":"2022-02-21T13:17:46","modified_gmt":"2022-02-21T12:17:46","slug":"prestacions-economiques-individualitzades","status":"publish","type":"page","link":"https:\/\/www.elche.es\/va\/derechos-sociales\/cartera-de-serveis\/servei-dacolliment-i-atencio-davant-situacions-de-necessitat-social\/prestacions-economiques-individualitzades\/","title":{"rendered":"Prestacions Econ\u00f2miques Individualitzades"},"content":{"rendered":"<div class=\"wpb-content-wrapper\"><p>[vc_row full_width=&#8221;stretch_row&#8221; css=&#8221;.vc_custom_1475484188729{background-color: #dddde0 !important;}&#8221;][vc_column][vc_column_text]<nav aria-label=\"breadcrumbs\">\n            <div class=\"breadcrumb-container theme1\">\n                <ol>\n                                    <\/ol>\n            <\/div>\n        <\/nav>    <script type=\"application\/ld+json\">\n        {\n            \"@context\": \"http:\/\/schema.org\",\n            \"@type\": \"BreadcrumbList\",\n            \"itemListElement\": [\n                            ]\n        }\n    <\/script>\n    <style type=\"text\/css\">\n        .breadcrumb-container {\n            font-size: 13px;\n        }\n\n        .breadcrumb-container ul {\n            margin: 0;\n            padding: 0;\n        }\n\n        .breadcrumb-container li {\n            box-sizing: unset;\n            display: inline-block;\n            margin: 0;\n            padding: 0;\n        }\n\n        .breadcrumb-container li a {\n            box-sizing: unset;\n            padding: 0 10px;\n        }\n\n        .breadcrumb-container {\n            font-size: 3 !important;\n                    }\n\n        .breadcrumb-container li a {\n            color: #0a0a0a !important;\n            font-size: 3 !important;\n            line-height: 3 !important;\n                    }\n\n        .breadcrumb-container li .separator {\n            font-size: 3 !important;\n                    }\n\n        .breadcrumb-container li:last-child .separator {\n            display: none;\n        }\n    <\/style>\n    <style type=\"text\/css\">\n        .breadcrumb-container.theme1 li {\n            margin: 0;\n            padding: 0;\n        }\n        .breadcrumb-container.theme1 a {\n            background: ;\n            display: inline-block;\n            margin: 0 5px;\n            padding: 5px 10px;\n            text-decoration: none;\n        }\n    <\/style>\n        <style type=\"text\/css\">\n            <\/style>\n    <script>\n            <\/script>\n[\/vc_column_text][\/vc_column][\/vc_row][vc_row full_width=&#8221;stretch_row&#8221; css=&#8221;.vc_custom_1475764105820{background-color: #ffffff !important;}&#8221;][vc_column]<h3 class=\"sc_title sc_title_regular margin_top_small\" style=\"margin-top: 4.05em;margin-bottom: 1.35em;\"><strong>Prestacions Econ\u00f2miques Individualitzades<\/strong><\/h3>[vc_column_text]Les prestacions econ\u00f2miques individualitzades s\u00f3n un dret subjectiu en els termes establits en l&#8217;article 32 de la Llei 3\/2019, de 18 de febrer, de serveis socials inclusius de la Comunitat Valenciana, que es concreta a trav\u00e9s d&#8217;actuacions de car\u00e0cter professional i econ\u00f2mic dirigides a persones individuals o a unitats de conviv\u00e8ncia, amb la finalitat de remeiar una situaci\u00f3 greument deteriorada, d&#8217;urgent necessitat o amb greus problemes espec\u00edfics que afecten la seua autonomia personal, social i econ\u00f2mica, i que no puguen resoldre&#8217;s amb mitjans propis.<\/p>\n<p>La finalitat que es pret\u00e9n \u00e9s satisfer les necessitats b\u00e0siques i millorar les condicions de qualitat de vida de totes aquelles persones que complisquen els requisits espec\u00edficament regulats per a l&#8217;acc\u00e9s a aquesta prestaci\u00f3.[\/vc_column_text][vc_empty_space][vc_empty_space][vc_column_text]<strong>SOL\u00b7LICITUD<\/strong><\/p>\n<p>La sol\u00b7licitud es pot realitzar de manera presencial al centre social corresponent, sol\u00b7licitant cita pr\u00e8via amb la persona T\u00e8cnica d&#8217;Integraci\u00f3 Social (TIS) o <a href=\"https:\/\/sede.elche.es\/sta\/CarpetaPublic\/doEvent?APP_CODE=STA&amp;PAGE_CODE=CATALOGO&amp;DETALLE=6269000000615983107922\">telem\u00e1ticament<\/a> en seu electr\u00f2nica de l&#8217;Ajuntament.[\/vc_column_text][vc_empty_space][vc_empty_space][\/vc_column][\/vc_row]<\/p>\n<\/div>","protected":false},"excerpt":{"rendered":"<p>[vc_row full_width=&#8221;stretch_row&#8221; css=&#8221;.vc_custom_1475484188729{background-color: #dddde0 !important;}&#8221;][vc_column][vc_column_text][\/vc_column_text][\/vc_column][\/vc_row][vc_row full_width=&#8221;stretch_row&#8221; css=&#8221;.vc_custom_1475764105820{background-color: #ffffff !important;}&#8221;][vc_column][vc_column_text]Les prestacions econ\u00f2miques individualitzades s\u00f3n un dret subjectiu en els termes establits en l&#8217;article 32 de la Llei 3\/2019, de 18 de [&hellip;]<\/p>\n","protected":false},"author":131,"featured_media":0,"parent":183786,"menu_order":0,"comment_status":"closed","ping_status":"closed","template":"","meta":{"footnotes":""},"class_list":["post-184767","page","type-page","status-publish","hentry"],"_links":{"self":[{"href":"https:\/\/www.elche.es\/va\/wp-json\/wp\/v2\/pages\/184767","targetHints":{"allow":["GET"]}}],"collection":[{"href":"https:\/\/www.elche.es\/va\/wp-json\/wp\/v2\/pages"}],"about":[{"href":"https:\/\/www.elche.es\/va\/wp-json\/wp\/v2\/types\/page"}],"author":[{"embeddable":true,"href":"https:\/\/www.elche.es\/va\/wp-json\/wp\/v2\/users\/131"}],"replies":[{"embeddable":true,"href":"https:\/\/www.elche.es\/va\/wp-json\/wp\/v2\/comments?post=184767"}],"version-history":[{"count":0,"href":"https:\/\/www.elche.es\/va\/wp-json\/wp\/v2\/pages\/184767\/revisions"}],"up":[{"embeddable":true,"href":"https:\/\/www.elche.es\/va\/wp-json\/wp\/v2\/pages\/183786"}],"wp:attachment":[{"href":"https:\/\/www.elche.es\/va\/wp-json\/wp\/v2\/media?parent=184767"}],"curies":[{"name":"wp","href":"https:\/\/api.w.org\/{rel}","templated":true}]}}