{"id":184771,"date":"2022-02-21T13:20:48","date_gmt":"2022-02-21T12:20:48","guid":{"rendered":"https:\/\/www.elche.es\/derechos-sociales\/serveis-dacolliment-i-datencio-davant-situacions-de-necessitat-social\/servei-de-menjador-social\/"},"modified":"2022-02-21T13:21:49","modified_gmt":"2022-02-21T12:21:49","slug":"servei-de-menjador-social","status":"publish","type":"page","link":"https:\/\/www.elche.es\/va\/derechos-sociales\/cartera-de-serveis\/servei-dacolliment-i-atencio-davant-situacions-de-necessitat-social\/servei-de-menjador-social\/","title":{"rendered":"SERVEI DE MENJADOR SOCIAL"},"content":{"rendered":"<div class=\"wpb-content-wrapper\"><p>[vc_row full_width=&#8221;stretch_row&#8221; css=&#8221;.vc_custom_1475487896980{background-color: #dddde0 !important;}&#8221;][vc_column][vc_column_text]<nav aria-label=\"breadcrumbs\">\n            <div class=\"breadcrumb-container theme1\">\n                <ol>\n                                    <\/ol>\n            <\/div>\n        <\/nav>    <script type=\"application\/ld+json\">\n        {\n            \"@context\": \"http:\/\/schema.org\",\n            \"@type\": \"BreadcrumbList\",\n            \"itemListElement\": [\n                            ]\n        }\n    <\/script>\n    <style type=\"text\/css\">\n        .breadcrumb-container {\n            font-size: 13px;\n        }\n\n        .breadcrumb-container ul {\n            margin: 0;\n            padding: 0;\n        }\n\n        .breadcrumb-container li {\n            box-sizing: unset;\n            display: inline-block;\n            margin: 0;\n            padding: 0;\n        }\n\n        .breadcrumb-container li a {\n            box-sizing: unset;\n            padding: 0 10px;\n        }\n\n        .breadcrumb-container {\n            font-size: 3 !important;\n                    }\n\n        .breadcrumb-container li a {\n            color: #0a0a0a !important;\n            font-size: 3 !important;\n            line-height: 3 !important;\n                    }\n\n        .breadcrumb-container li .separator {\n            font-size: 3 !important;\n                    }\n\n        .breadcrumb-container li:last-child .separator {\n            display: none;\n        }\n    <\/style>\n    <style type=\"text\/css\">\n        .breadcrumb-container.theme1 li {\n            margin: 0;\n            padding: 0;\n        }\n        .breadcrumb-container.theme1 a {\n            background: ;\n            display: inline-block;\n            margin: 0 5px;\n            padding: 5px 10px;\n            text-decoration: none;\n        }\n    <\/style>\n        <style type=\"text\/css\">\n            <\/style>\n    <script>\n            <\/script>\n[\/vc_column_text][\/vc_column][\/vc_row][vc_row][vc_column]<h3 class=\"sc_title sc_title_regular margin_top_tiny margin_bottom_null\">Servei de Menjador Social<\/h3>[\/vc_column][\/vc_row][vc_row css=&#8221;.vc_custom_1475850882313{margin-top: 40px !important;margin-bottom: 40px !important;background-color: #ffffff !important;}&#8221;][vc_column width=&#8221;1\/4&#8243; css=&#8221;.vc_custom_1475847889991{padding-left: 0px !important;}&#8221;][vc_single_image image=&#8221;20430&#8243;][\/vc_column][vc_column width=&#8221;3\/4&#8243;][vc_empty_space][vc_column_text css=&#8221;.vc_custom_1620908041966{padding-bottom: 30px !important;}&#8221;]El menjador social \u00e9s un establiment que ofereix alimentaci\u00f3 a persones en situaci\u00f3 de necessitat.<\/p>\n<p><strong>Qui el pot sol\u00b7licitar?<\/strong><\/p>\n<p>Aquelles persones que es troben en una situaci\u00f3 de vulnerabilitat o en risc d&#8217;exclusi\u00f3<\/p>\n<p><strong>On acudir? <\/strong><\/p>\n<p>Directament a les instal\u00b7lacions del Menjador Social.<\/p>\n<p>Tamb\u00e9 pot acudir al seu centre sociocultural, en el cas de persones empadronades a Elx.<\/p>\n<p><strong>Horari de Menjars:<\/strong><br \/>\nDe 12.30 a 13.30 hores[\/vc_column_text]<div id='modulo_datos_contacto'> <p class='titulo_datos_contacto'>Dades de contacte <\/p> <hr><p class=\"contactoArea\"> <i class=\"fa fa-map-marker\" aria-hidden=\"true\"><\/i>C\/ Mangraner s\/n<\/p><p class=\"contactoArea\"><i class=\"fa fa-phone\" aria-hidden=\"true\"><\/i>965420457<\/p><div id='contacto-rrss'><\/div><\/div>[vc_empty_space][\/vc_column][\/vc_row][vc_row][vc_column]<div class=\"columns_wrap sc_columns columns_nofluid sc_columns_count_1\"><div class=\"column-1_1 sc_column_item sc_column_item_1 odd first\" style=\"text-align:center;\">[vc_icon icon_fontawesome=&#8221;fa fa-map-o&#8221; color=&#8221;black&#8221; size=&#8221;xl&#8221; align=&#8221;center&#8221; link=&#8221;url:http%3A%2F%2Ftramitarahora.ajuntamentdelx.es%2FSOCIOEDUCATIVA%2FBIENESTARSOCIAL%2FBuscadorCS%2F001_ppuntosres.aspx%3Flang%3D1|title:Localice%20su%20Centro%20Social||&#8221;][vc_custom_heading text=&#8221;Localitze el seu Centre Social&#8221; font_container=&#8221;tag:h5|text_align:center|color:%230a0a0a|line_height:100%25&#8243; use_theme_fonts=&#8221;yes&#8221; link=&#8221;url:http%3A%2F%2Ftramitarahora.ajuntamentdelx.es%2FSOCIOEDUCATIVA%2FBIENESTARSOCIAL%2FBuscadorCS%2F001_ppuntosres.aspx%3Flang%3D1|title:Localitze%20el%20seu%20Centre%20Social|&#8221;][vc_empty_space]<\/div><\/div>[\/vc_column][\/vc_row]<\/p>\n<\/div>","protected":false},"excerpt":{"rendered":"<p>[vc_row full_width=&#8221;stretch_row&#8221; css=&#8221;.vc_custom_1475487896980{background-color: #dddde0 !important;}&#8221;][vc_column][vc_column_text][\/vc_column_text][\/vc_column][\/vc_row][vc_row][vc_column][\/vc_column][\/vc_row][vc_row css=&#8221;.vc_custom_1475850882313{margin-top: 40px !important;margin-bottom: 40px !important;background-color: #ffffff !important;}&#8221;][vc_column width=&#8221;1\/4&#8243; css=&#8221;.vc_custom_1475847889991{padding-left: 0px !important;}&#8221;][vc_single_image image=&#8221;20430&#8243;][\/vc_column][vc_column width=&#8221;3\/4&#8243;][vc_empty_space][vc_column_text css=&#8221;.vc_custom_1620908041966{padding-bottom: 30px !important;}&#8221;]El menjador social \u00e9s un establiment que ofereix alimentaci\u00f3 a [&hellip;]<\/p>\n","protected":false},"author":131,"featured_media":0,"parent":183786,"menu_order":0,"comment_status":"closed","ping_status":"closed","template":"","meta":{"footnotes":""},"class_list":["post-184771","page","type-page","status-publish","hentry"],"_links":{"self":[{"href":"https:\/\/www.elche.es\/va\/wp-json\/wp\/v2\/pages\/184771","targetHints":{"allow":["GET"]}}],"collection":[{"href":"https:\/\/www.elche.es\/va\/wp-json\/wp\/v2\/pages"}],"about":[{"href":"https:\/\/www.elche.es\/va\/wp-json\/wp\/v2\/types\/page"}],"author":[{"embeddable":true,"href":"https:\/\/www.elche.es\/va\/wp-json\/wp\/v2\/users\/131"}],"replies":[{"embeddable":true,"href":"https:\/\/www.elche.es\/va\/wp-json\/wp\/v2\/comments?post=184771"}],"version-history":[{"count":0,"href":"https:\/\/www.elche.es\/va\/wp-json\/wp\/v2\/pages\/184771\/revisions"}],"up":[{"embeddable":true,"href":"https:\/\/www.elche.es\/va\/wp-json\/wp\/v2\/pages\/183786"}],"wp:attachment":[{"href":"https:\/\/www.elche.es\/va\/wp-json\/wp\/v2\/media?parent=184771"}],"curies":[{"name":"wp","href":"https:\/\/api.w.org\/{rel}","templated":true}]}}