{"id":184775,"date":"2022-02-21T13:25:15","date_gmt":"2022-02-21T12:25:15","guid":{"rendered":"https:\/\/www.elche.es\/derechos-sociales\/serveis-dinfancia-i-adolescencia\/mesures-judicials\/"},"modified":"2025-02-27T09:33:55","modified_gmt":"2025-02-27T07:33:55","slug":"mesures-judicials","status":"publish","type":"page","link":"https:\/\/www.elche.es\/va\/derechos-sociales\/cartera-de-serveis\/serveis-dinfancia-i-adolescencia\/mesures-judicials\/","title":{"rendered":"Mesures Judicials"},"content":{"rendered":"<div class=\"wpb-content-wrapper\"><p>[vc_row full_width=&#8221;stretch_row&#8221; css=&#8221;.vc_custom_1475487896980{background-color: #dddde0 !important;}&#8221;][vc_column][vc_column_text]<nav aria-label=\"breadcrumbs\">\n            <div class=\"breadcrumb-container theme1\">\n                <ol>\n                                    <\/ol>\n            <\/div>\n        <\/nav>    <script type=\"application\/ld+json\">\n        {\n            \"@context\": \"http:\/\/schema.org\",\n            \"@type\": \"BreadcrumbList\",\n            \"itemListElement\": [\n                            ]\n        }\n    <\/script>\n    <style type=\"text\/css\">\n        .breadcrumb-container {\n            font-size: 13px;\n        }\n\n        .breadcrumb-container ul {\n            margin: 0;\n            padding: 0;\n        }\n\n        .breadcrumb-container li {\n            box-sizing: unset;\n            display: inline-block;\n            margin: 0;\n            padding: 0;\n        }\n\n        .breadcrumb-container li a {\n            box-sizing: unset;\n            padding: 0 10px;\n        }\n\n        .breadcrumb-container {\n            font-size: 3 !important;\n                    }\n\n        .breadcrumb-container li a {\n            color: #0a0a0a !important;\n            font-size: 3 !important;\n            line-height: 3 !important;\n                    }\n\n        .breadcrumb-container li .separator {\n            font-size: 3 !important;\n                    }\n\n        .breadcrumb-container li:last-child .separator {\n            display: none;\n        }\n    <\/style>\n    <style type=\"text\/css\">\n        .breadcrumb-container.theme1 li {\n            margin: 0;\n            padding: 0;\n        }\n        .breadcrumb-container.theme1 a {\n            background: ;\n            display: inline-block;\n            margin: 0 5px;\n            padding: 5px 10px;\n            text-decoration: none;\n        }\n    <\/style>\n        <style type=\"text\/css\">\n            <\/style>\n    <script>\n            <\/script>\n[\/vc_column_text][\/vc_column][\/vc_row][vc_row][vc_column]<h3 class=\"sc_title sc_title_regular margin_top_tiny margin_bottom_null\">Mesures Judicials<\/h3>[\/vc_column][\/vc_row][vc_row css=&#8221;.vc_custom_1475850882313{margin-top: 40px !important;margin-bottom: 40px !important;background-color: #ffffff !important;}&#8221;][vc_column width=&#8221;1\/4&#8243; css=&#8221;.vc_custom_1475847889991{padding-left: 0px !important;}&#8221;][vc_single_image image=&#8221;312769&#8243; img_size=&#8221;full&#8221; css=&#8221;.vc_custom_1740641547335{padding-left: 0px !important;}&#8221;][\/vc_column][vc_column width=&#8221;3\/4&#8243;][vc_empty_space][vc_column_text css=&#8221;.vc_custom_1632915678856{padding-bottom: 30px !important;}&#8221;]<\/p>\n<div class=\"contentDescription\">\n<div class=\"contentDescription\">\n<div class=\"contentDescription\">\n<p>L&#8217;Ajuntament d&#8217;Elx \u00e9s l&#8217;encarregat d&#8217;implementar i de desenvolupar les mesures judicials de menors al medi obert.<\/p>\n<p>Aquest servei p\u00fablic ve emanat de la Llei org\u00e0nica 5\/2000, de 12 de gener Reguladora de la Responsabilitat penal dels Menors.<\/p>\n<p>Per a atendre els menors s&#8217;estableixen una s\u00e8rie de mesures que tenen un doble objectiu: la inserci\u00f3 del menor i la labor educativa enfocada tant en el pla familiar, com en l&#8217;escolar, el laboral i el social.<\/p>\n<p>Per a aix\u00f2 es disposa d&#8217;eines que la mateixa legislaci\u00f3 aporta en forma de diferents tipus de mesures com s\u00f3n la Llibertat Vigilada, la Prestaci\u00f3 en Benefici a la Comunitat, i la Tasca Socioeducativa. La imposici\u00f3 de l&#8217;una o l&#8217;altra mesura varia segons\u00a0 \u00a0la gravetat de la infracci\u00f3.<\/p>\n<p>Per aix\u00f2, des de l&#8217;Ajuntament s&#8217;implementen diferents tipus de recursos, com ara tallers d&#8217;habilitats socials, instal\u00b7lacions per a desenvolupar la Prestaci\u00f3 en Benefici a la Comunitat, seguiments professionals, assessoraments professionals i seguiments escolars, etc. \u00a0Per a aquesta finalitat s&#8217;elabora un Programa Individualitzat d&#8217;Execuci\u00f3 de la Mesura.<\/p>\n<p>L&#8217;acompanyament en el proc\u00e9s \u00e9s permanent per part dels t\u00e8cnics encarregats de la mesura, que de manera individual realitzen avaluacions peri\u00f2diques i informen tant la Conselleria d&#8217;Igualtat i Pol\u00edtiques Inclusives com els jutjats de menors.<\/p>\n<p>L&#8217;Equip de Mesures Judicials est\u00e0 format per 3 educadors socials i 1 treballador social.<\/p>\n<\/div>\n<div class=\"contentbody\">\n<p>&nbsp;<\/p>\n<\/div>\n<\/div>\n<\/div>\n<p>[\/vc_column_text]<div id='modulo_datos_contacto'> <p class='titulo_datos_contacto'>Dades de contacte <\/p> <hr><p class=\"contactoArea\"> <i class=\"fa fa-map-marker\" aria-hidden=\"true\"><\/i>Centre Social Palmerars C\/ Abogados de Atocha, 39, Elx, Alacant \u00b7 03203<\/p><p class=\"contactoArea\"><i class=\"fa fa-phone\" aria-hidden=\"true\"><\/i>966659229<\/p><div id='contacto-rrss'><\/div><\/div>[vc_empty_space][\/vc_column][\/vc_row]<\/p>\n<\/div>","protected":false},"excerpt":{"rendered":"<p>[vc_row full_width=&#8221;stretch_row&#8221; css=&#8221;.vc_custom_1475487896980{background-color: #dddde0 !important;}&#8221;][vc_column][vc_column_text][\/vc_column_text][\/vc_column][\/vc_row][vc_row][vc_column][\/vc_column][\/vc_row][vc_row css=&#8221;.vc_custom_1475850882313{margin-top: 40px !important;margin-bottom: 40px !important;background-color: #ffffff !important;}&#8221;][vc_column width=&#8221;1\/4&#8243; css=&#8221;.vc_custom_1475847889991{padding-left: 0px !important;}&#8221;][vc_single_image image=&#8221;312769&#8243; img_size=&#8221;full&#8221; css=&#8221;.vc_custom_1740641547335{padding-left: 0px !important;}&#8221;][\/vc_column][vc_column width=&#8221;3\/4&#8243;][vc_empty_space][vc_column_text css=&#8221;.vc_custom_1632915678856{padding-bottom: 30px !important;}&#8221;] L&#8217;Ajuntament d&#8217;Elx \u00e9s l&#8217;encarregat d&#8217;implementar [&hellip;]<\/p>\n","protected":false},"author":131,"featured_media":0,"parent":183897,"menu_order":0,"comment_status":"closed","ping_status":"closed","template":"","meta":{"footnotes":""},"class_list":["post-184775","page","type-page","status-publish","hentry"],"_links":{"self":[{"href":"https:\/\/www.elche.es\/va\/wp-json\/wp\/v2\/pages\/184775","targetHints":{"allow":["GET"]}}],"collection":[{"href":"https:\/\/www.elche.es\/va\/wp-json\/wp\/v2\/pages"}],"about":[{"href":"https:\/\/www.elche.es\/va\/wp-json\/wp\/v2\/types\/page"}],"author":[{"embeddable":true,"href":"https:\/\/www.elche.es\/va\/wp-json\/wp\/v2\/users\/131"}],"replies":[{"embeddable":true,"href":"https:\/\/www.elche.es\/va\/wp-json\/wp\/v2\/comments?post=184775"}],"version-history":[{"count":2,"href":"https:\/\/www.elche.es\/va\/wp-json\/wp\/v2\/pages\/184775\/revisions"}],"predecessor-version":[{"id":327428,"href":"https:\/\/www.elche.es\/va\/wp-json\/wp\/v2\/pages\/184775\/revisions\/327428"}],"up":[{"embeddable":true,"href":"https:\/\/www.elche.es\/va\/wp-json\/wp\/v2\/pages\/183897"}],"wp:attachment":[{"href":"https:\/\/www.elche.es\/va\/wp-json\/wp\/v2\/media?parent=184775"}],"curies":[{"name":"wp","href":"https:\/\/api.w.org\/{rel}","templated":true}]}}